{"id":295659,"date":"2025-06-22T00:45:53","date_gmt":"2025-06-21T23:45:53","guid":{"rendered":"https:\/\/ecosupplements.be\/product\/swanson-witamina-e-naturalna-200iu-250kaps\/"},"modified":"2025-08-27T18:20:37","modified_gmt":"2025-08-27T17:20:37","slug":"swanson-witamina-e-naturalna-200iu-250kaps","status":"publish","type":"product","link":"https:\/\/ecosupplements.be\/fr\/produit\/swanson-witamina-e-naturalna-200iu-250kaps\/","title":{"rendered":"SWANSON Vitamine E Naturelle 200UI 250 capsules"},"content":{"rendered":"<h2>SWANSON Witamina E Naturalna 200IU 250kaps<\/h2>\n<p>D\u00e9couvrez le choix naturel pour votre quotidien avec SWANSON Witamina E Naturalna 200IU. Ce produit de haute qualit\u00e9 est con\u00e7u pour ceux qui appr\u00e9cient les ingr\u00e9dients purs et d&#8217;origine naturelle dans leur routine quotidienne.<\/p>\n<p><strong>Ingr\u00e9dients principaux :<\/strong> Chaque capsule contient de la vitamine E d&#8217;origine naturelle, extraite avec soin pour garantir une grande puret\u00e9 et une int\u00e9grit\u00e9 optimale du composant.<\/p>\n<p><strong>Contenu et emballage :<\/strong> Ce produit est pr\u00e9sent\u00e9 dans un emballage pratique contenant 250 capsules, facile \u00e0 utiliser au quotidien.<\/p>\n<p><strong>Utilisation :<\/strong> Pour une utilisation r\u00e9guli\u00e8re, il est recommand\u00e9 de suivre la dose journali\u00e8re indiqu\u00e9e sur l&#8217;emballage.Les capsules sont con\u00e7ues pour \u00eatre faciles \u00e0 avaler, int\u00e9grant ainsi sans effort dans votre routine quotidienne.<\/p>\n<p>Ce compl\u00e9ment alimentaire s&#8217;int\u00e8gre parfaitement dans un mode de vie \u00e9quilibr\u00e9 et actif, offrant une solution simple et pratique pour tous les jours. Un choix parfait pour ceux qui recherchent des produits fiables sans compromis sur la qualit\u00e9.<\/p>\n","protected":false},"excerpt":{"rendered":"<p>SWANSON Witamina E Naturalna 200IU 250kaps D\u00e9couvrez le choix naturel pour votre quotidien avec SWANSON Witamina E Naturalna 200IU. Ce produit de haute qualit\u00e9 est con\u00e7u pour ceux qui appr\u00e9cient les ingr\u00e9dients purs et d&#8217;origine naturelle dans leur routine quotidienne. Ingr\u00e9dients principaux : Chaque capsule contient de la vitamine E d&#8217;origine naturelle, extraite avec soin [&#8230;]\n","protected":false},"featured_media":270742,"comment_status":"closed","ping_status":"open","template":"","meta":[],"product_brand":[4761],"product_cat":[5052,5053],"product_tag":[],"class_list":{"0":"post-295659","1":"product","2":"type-product","3":"status-publish","4":"has-post-thumbnail","6":"product_brand-swanson-2","7":"product_cat-sante-et-bien-etre","8":"product_cat-vitamines-et-mineraux","10":"first","11":"instock","12":"taxable","13":"shipping-taxable","14":"purchasable","15":"product-type-simple"},"yoast_head":"<!-- This site is optimized with the Yoast SEO Premium plugin v27.3 (Yoast SEO v27.3) - https:\/\/yoast.com\/product\/yoast-seo-premium-wordpress\/ -->\n<title>SWANSON Vitamine E Naturelle 200UI 250 capsules - ECO Supplements<\/title>\n<meta name=\"description\" content=\"Wij hebben een ruime keuze aan producten van SWANSON Vitamine E Naturelle 200UI 250 capsules . Winkel bij Eco Supplements altijd gratis verzending boven 100\u20ac\" \/>\n<meta name=\"robots\" content=\"index, follow, max-snippet:-1, max-image-preview:large, max-video-preview:-1\" \/>\n<link rel=\"canonical\" href=\"https:\/\/ecosupplements.be\/fr\/produit\/swanson-witamina-e-naturalna-200iu-250kaps\/\" \/>\n<meta property=\"og:locale\" content=\"fr_FR\" \/>\n<meta property=\"og:type\" content=\"article\" \/>\n<meta property=\"og:title\" content=\"SWANSON Vitamine E Naturelle 200UI 250 capsules\" \/>\n<meta property=\"og:description\" content=\"Wij hebben een ruime keuze aan producten van SWANSON Vitamine E Naturelle 200UI 250 capsules . Winkel bij Eco Supplements altijd gratis verzending boven 100\u20ac\" \/>\n<meta property=\"og:url\" content=\"https:\/\/ecosupplements.be\/fr\/produit\/swanson-witamina-e-naturalna-200iu-250kaps\/\" \/>\n<meta property=\"og:site_name\" content=\"ECO Supplements\" \/>\n<meta property=\"article:modified_time\" content=\"2025-08-27T17:20:37+00:00\" \/>\n<meta property=\"og:image\" content=\"https:\/\/ecosupplements.be\/wp-content\/uploads\/2025\/08\/1939_2049zdjid_1.jpg\" \/>\n\t<meta property=\"og:image:width\" content=\"1200\" \/>\n\t<meta property=\"og:image:height\" content=\"1200\" \/>\n\t<meta property=\"og:image:type\" content=\"image\/jpeg\" \/>\n<meta name=\"twitter:card\" content=\"summary_large_image\" \/>\n<meta name=\"twitter:label1\" content=\"Prix\" \/>\n\t<meta name=\"twitter:data1\" content=\"18.66&nbsp;&euro;\" \/>\n\t<meta name=\"twitter:label2\" content=\"Disponibilit\u00e9\" \/>\n\t<meta name=\"twitter:data2\" content=\"En stock\" \/>\n<script type=\"application\/ld+json\" class=\"yoast-schema-graph\">{\"@context\":\"https:\\\/\\\/schema.org\",\"@graph\":[{\"@type\":[\"WebPage\",\"ItemPage\"],\"@id\":\"https:\\\/\\\/ecosupplements.be\\\/fr\\\/produit\\\/swanson-witamina-e-naturalna-200iu-250kaps\\\/\",\"url\":\"https:\\\/\\\/ecosupplements.be\\\/fr\\\/produit\\\/swanson-witamina-e-naturalna-200iu-250kaps\\\/\",\"name\":\"SWANSON Vitamine E Naturelle 200UI 250 capsules - ECO Supplements\",\"isPartOf\":{\"@id\":\"https:\\\/\\\/ecosupplements.be\\\/fr\\\/#website\"},\"primaryImageOfPage\":{\"@id\":\"https:\\\/\\\/ecosupplements.be\\\/fr\\\/produit\\\/swanson-witamina-e-naturalna-200iu-250kaps\\\/#primaryimage\"},\"image\":{\"@id\":\"https:\\\/\\\/ecosupplements.be\\\/fr\\\/produit\\\/swanson-witamina-e-naturalna-200iu-250kaps\\\/#primaryimage\"},\"thumbnailUrl\":\"https:\\\/\\\/ecosupplements.be\\\/wp-content\\\/uploads\\\/2025\\\/08\\\/1939_2049zdjid_1.jpg\",\"datePublished\":\"2025-06-21T23:45:53+00:00\",\"dateModified\":\"2025-08-27T17:20:37+00:00\",\"description\":\"Wij hebben een ruime keuze aan producten van SWANSON Vitamine E Naturelle 200UI 250 capsules . Winkel bij Eco Supplements altijd gratis verzending boven 100\u20ac\",\"breadcrumb\":{\"@id\":\"https:\\\/\\\/ecosupplements.be\\\/fr\\\/produit\\\/swanson-witamina-e-naturalna-200iu-250kaps\\\/#breadcrumb\"},\"inLanguage\":\"fr-FR\",\"potentialAction\":[{\"@type\":\"ReadAction\",\"target\":[\"https:\\\/\\\/ecosupplements.be\\\/fr\\\/produit\\\/swanson-witamina-e-naturalna-200iu-250kaps\\\/\"]}]},{\"@type\":\"ImageObject\",\"inLanguage\":\"fr-FR\",\"@id\":\"https:\\\/\\\/ecosupplements.be\\\/fr\\\/produit\\\/swanson-witamina-e-naturalna-200iu-250kaps\\\/#primaryimage\",\"url\":\"https:\\\/\\\/ecosupplements.be\\\/wp-content\\\/uploads\\\/2025\\\/08\\\/1939_2049zdjid_1.jpg\",\"contentUrl\":\"https:\\\/\\\/ecosupplements.be\\\/wp-content\\\/uploads\\\/2025\\\/08\\\/1939_2049zdjid_1.jpg\",\"width\":1200,\"height\":1200},{\"@type\":\"BreadcrumbList\",\"@id\":\"https:\\\/\\\/ecosupplements.be\\\/fr\\\/produit\\\/swanson-witamina-e-naturalna-200iu-250kaps\\\/#breadcrumb\",\"itemListElement\":[{\"@type\":\"ListItem\",\"position\":1,\"name\":\"Home\",\"item\":\"https:\\\/\\\/ecosupplements.be\\\/fr\\\/\"},{\"@type\":\"ListItem\",\"position\":2,\"name\":\"Boutique\",\"item\":\"https:\\\/\\\/ecosupplements.be\\\/fr\\\/boutique\\\/\"},{\"@type\":\"ListItem\",\"position\":3,\"name\":\"SWANSON Vitamine E Naturelle 200UI 250 capsules\"}]},{\"@type\":\"WebSite\",\"@id\":\"https:\\\/\\\/ecosupplements.be\\\/fr\\\/#website\",\"url\":\"https:\\\/\\\/ecosupplements.be\\\/fr\\\/\",\"name\":\"ECO Supplements\",\"description\":\"Eco Supplements - Gezonde supplementen\",\"publisher\":{\"@id\":\"https:\\\/\\\/ecosupplements.be\\\/fr\\\/#organization\"},\"potentialAction\":[{\"@type\":\"SearchAction\",\"target\":{\"@type\":\"EntryPoint\",\"urlTemplate\":\"https:\\\/\\\/ecosupplements.be\\\/fr\\\/?s={search_term_string}\"},\"query-input\":{\"@type\":\"PropertyValueSpecification\",\"valueRequired\":true,\"valueName\":\"search_term_string\"}}],\"inLanguage\":\"fr-FR\"},{\"@type\":\"Organization\",\"@id\":\"https:\\\/\\\/ecosupplements.be\\\/fr\\\/#organization\",\"name\":\"Eco Supplements\",\"url\":\"https:\\\/\\\/ecosupplements.be\\\/fr\\\/\",\"logo\":{\"@type\":\"ImageObject\",\"inLanguage\":\"fr-FR\",\"@id\":\"https:\\\/\\\/ecosupplements.be\\\/fr\\\/#\\\/schema\\\/logo\\\/image\\\/\",\"url\":\"https:\\\/\\\/ecosupplements.be\\\/wp-content\\\/uploads\\\/2022\\\/06\\\/ecosupplement-family.png\",\"contentUrl\":\"https:\\\/\\\/ecosupplements.be\\\/wp-content\\\/uploads\\\/2022\\\/06\\\/ecosupplement-family.png\",\"width\":593,\"height\":374,\"caption\":\"Eco Supplements\"},\"image\":{\"@id\":\"https:\\\/\\\/ecosupplements.be\\\/fr\\\/#\\\/schema\\\/logo\\\/image\\\/\"}}]}<\/script>\n<meta property=\"product:brand\" content=\"Swanson\" \/>\n<meta property=\"product:price:amount\" content=\"18.66\" \/>\n<meta property=\"product:price:currency\" content=\"EUR\" \/>\n<meta property=\"og:availability\" content=\"instock\" \/>\n<meta property=\"product:availability\" content=\"instock\" \/>\n<meta property=\"product:retailer_item_id\" content=\"087614011370\" \/>\n<meta property=\"product:condition\" content=\"new\" \/>\n<!-- \/ Yoast SEO Premium plugin. -->","yoast_head_json":{"title":"SWANSON Vitamine E Naturelle 200UI 250 capsules - ECO Supplements","description":"Wij hebben een ruime keuze aan producten van SWANSON Vitamine E Naturelle 200UI 250 capsules . Winkel bij Eco Supplements altijd gratis verzending boven 100\u20ac","robots":{"index":"index","follow":"follow","max-snippet":"max-snippet:-1","max-image-preview":"max-image-preview:large","max-video-preview":"max-video-preview:-1"},"canonical":"https:\/\/ecosupplements.be\/fr\/produit\/swanson-witamina-e-naturalna-200iu-250kaps\/","og_locale":"fr_FR","og_type":"article","og_title":"SWANSON Vitamine E Naturelle 200UI 250 capsules","og_description":"Wij hebben een ruime keuze aan producten van SWANSON Vitamine E Naturelle 200UI 250 capsules . Winkel bij Eco Supplements altijd gratis verzending boven 100\u20ac","og_url":"https:\/\/ecosupplements.be\/fr\/produit\/swanson-witamina-e-naturalna-200iu-250kaps\/","og_site_name":"ECO Supplements","article_modified_time":"2025-08-27T17:20:37+00:00","og_image":[{"width":1200,"height":1200,"url":"https:\/\/ecosupplements.be\/wp-content\/uploads\/2025\/08\/1939_2049zdjid_1.jpg","type":"image\/jpeg"}],"twitter_card":"summary_large_image","twitter_misc":{"Prix":"18.66&nbsp;&euro;","Disponibilit\u00e9":"En stock"},"schema":{"@context":"https:\/\/schema.org","@graph":[{"@type":["WebPage","ItemPage"],"@id":"https:\/\/ecosupplements.be\/fr\/produit\/swanson-witamina-e-naturalna-200iu-250kaps\/","url":"https:\/\/ecosupplements.be\/fr\/produit\/swanson-witamina-e-naturalna-200iu-250kaps\/","name":"SWANSON Vitamine E Naturelle 200UI 250 capsules - ECO Supplements","isPartOf":{"@id":"https:\/\/ecosupplements.be\/fr\/#website"},"primaryImageOfPage":{"@id":"https:\/\/ecosupplements.be\/fr\/produit\/swanson-witamina-e-naturalna-200iu-250kaps\/#primaryimage"},"image":{"@id":"https:\/\/ecosupplements.be\/fr\/produit\/swanson-witamina-e-naturalna-200iu-250kaps\/#primaryimage"},"thumbnailUrl":"https:\/\/ecosupplements.be\/wp-content\/uploads\/2025\/08\/1939_2049zdjid_1.jpg","datePublished":"2025-06-21T23:45:53+00:00","dateModified":"2025-08-27T17:20:37+00:00","description":"Wij hebben een ruime keuze aan producten van SWANSON Vitamine E Naturelle 200UI 250 capsules . Winkel bij Eco Supplements altijd gratis verzending boven 100\u20ac","breadcrumb":{"@id":"https:\/\/ecosupplements.be\/fr\/produit\/swanson-witamina-e-naturalna-200iu-250kaps\/#breadcrumb"},"inLanguage":"fr-FR","potentialAction":[{"@type":"ReadAction","target":["https:\/\/ecosupplements.be\/fr\/produit\/swanson-witamina-e-naturalna-200iu-250kaps\/"]}]},{"@type":"ImageObject","inLanguage":"fr-FR","@id":"https:\/\/ecosupplements.be\/fr\/produit\/swanson-witamina-e-naturalna-200iu-250kaps\/#primaryimage","url":"https:\/\/ecosupplements.be\/wp-content\/uploads\/2025\/08\/1939_2049zdjid_1.jpg","contentUrl":"https:\/\/ecosupplements.be\/wp-content\/uploads\/2025\/08\/1939_2049zdjid_1.jpg","width":1200,"height":1200},{"@type":"BreadcrumbList","@id":"https:\/\/ecosupplements.be\/fr\/produit\/swanson-witamina-e-naturalna-200iu-250kaps\/#breadcrumb","itemListElement":[{"@type":"ListItem","position":1,"name":"Home","item":"https:\/\/ecosupplements.be\/fr\/"},{"@type":"ListItem","position":2,"name":"Boutique","item":"https:\/\/ecosupplements.be\/fr\/boutique\/"},{"@type":"ListItem","position":3,"name":"SWANSON Vitamine E Naturelle 200UI 250 capsules"}]},{"@type":"WebSite","@id":"https:\/\/ecosupplements.be\/fr\/#website","url":"https:\/\/ecosupplements.be\/fr\/","name":"ECO Supplements","description":"Eco Supplements - Gezonde supplementen","publisher":{"@id":"https:\/\/ecosupplements.be\/fr\/#organization"},"potentialAction":[{"@type":"SearchAction","target":{"@type":"EntryPoint","urlTemplate":"https:\/\/ecosupplements.be\/fr\/?s={search_term_string}"},"query-input":{"@type":"PropertyValueSpecification","valueRequired":true,"valueName":"search_term_string"}}],"inLanguage":"fr-FR"},{"@type":"Organization","@id":"https:\/\/ecosupplements.be\/fr\/#organization","name":"Eco Supplements","url":"https:\/\/ecosupplements.be\/fr\/","logo":{"@type":"ImageObject","inLanguage":"fr-FR","@id":"https:\/\/ecosupplements.be\/fr\/#\/schema\/logo\/image\/","url":"https:\/\/ecosupplements.be\/wp-content\/uploads\/2022\/06\/ecosupplement-family.png","contentUrl":"https:\/\/ecosupplements.be\/wp-content\/uploads\/2022\/06\/ecosupplement-family.png","width":593,"height":374,"caption":"Eco Supplements"},"image":{"@id":"https:\/\/ecosupplements.be\/fr\/#\/schema\/logo\/image\/"}}]},"product_brand":"Swanson","product_price_amount":"18.66","product_price_currency":"EUR","og_availability":"instock","product_availability":"instock","product_retailer_item_id":"087614011370","product_condition":"new"},"_links":{"self":[{"href":"https:\/\/ecosupplements.be\/fr\/wp-json\/wp\/v2\/product\/295659","targetHints":{"allow":["GET"]}}],"collection":[{"href":"https:\/\/ecosupplements.be\/fr\/wp-json\/wp\/v2\/product"}],"about":[{"href":"https:\/\/ecosupplements.be\/fr\/wp-json\/wp\/v2\/types\/product"}],"replies":[{"embeddable":true,"href":"https:\/\/ecosupplements.be\/fr\/wp-json\/wp\/v2\/comments?post=295659"}],"wp:featuredmedia":[{"embeddable":true,"href":"https:\/\/ecosupplements.be\/fr\/wp-json\/wp\/v2\/media\/270742"}],"wp:attachment":[{"href":"https:\/\/ecosupplements.be\/fr\/wp-json\/wp\/v2\/media?parent=295659"}],"wp:term":[{"taxonomy":"product_brand","embeddable":true,"href":"https:\/\/ecosupplements.be\/fr\/wp-json\/wp\/v2\/product_brand?post=295659"},{"taxonomy":"product_cat","embeddable":true,"href":"https:\/\/ecosupplements.be\/fr\/wp-json\/wp\/v2\/product_cat?post=295659"},{"taxonomy":"product_tag","embeddable":true,"href":"https:\/\/ecosupplements.be\/fr\/wp-json\/wp\/v2\/product_tag?post=295659"}],"curies":[{"name":"wp","href":"https:\/\/api.w.org\/{rel}","templated":true}]}}