{"id":295834,"date":"2025-04-23T12:00:12","date_gmt":"2025-04-23T11:00:12","guid":{"rendered":"https:\/\/ecosupplements.be\/product\/natural-factors-ashwagandha-600-mg-stress-relax-30-capsules\/"},"modified":"2025-08-27T18:23:21","modified_gmt":"2025-08-27T17:23:21","slug":"natural-factors-ashwagandha-600-mg-stress-relax-30-capsules","status":"publish","type":"product","link":"https:\/\/ecosupplements.be\/fr\/produit\/natural-factors-ashwagandha-600-mg-stress-relax-30-capsules\/","title":{"rendered":"Facteurs naturels Ashwagandha 600 mg, Relaxant du stress (30 capsules)"},"content":{"rendered":"<h2>Natural Factors Ashwagandha 600 mg, Stress-Relax (30 Capsules)<\/h2>\n<p>D\u00e9couvrez les capsules Natural Factors Ashwagandha 600 mg, un choix parfait pour ceux qui appr\u00e9cient les ingr\u00e9dients naturels dans un mode de vie sain. Chaque capsule contient 600 mg d&#8217;extrait d&#8217;Ashwagandha, une plante reconnue pour sa grande puret\u00e9 et son origine naturelle.<\/p>\n<p>Ce produit est conditionn\u00e9 en bo\u00eete de 30 capsules,offrant une utilisation pratique et facile au quotidien. L&#8217;Ashwagandha utilis\u00e9 dans ces capsules est soigneusement s\u00e9lectionn\u00e9 pour assurer une qualit\u00e9 optimale sans ajout de composants artificiels.<\/p>\n<p>Utilisation recommand\u00e9e : Suivre la posologie indiqu\u00e9e sur l&#8217;emballage ou consulter un professionnel pour une utilisation adapt\u00e9e \u00e0 votre routine quotidienne.<\/p>\n<p>Les capsules Natural Factors Ashwagandha sont con\u00e7ues pour s&#8217;int\u00e9grer facilement \u00e0 votre quotidien, gr\u00e2ce \u00e0 leur format pratique qui peut \u00eatre emport\u00e9 partout. Un compl\u00e9ment simple pour un usage quotidien qui s&#8217;aligne avec un style de vie actif et \u00e9quilibr\u00e9.<\/p>\n<p>Optez pour Natural Factors Ashwagandha 600 mg si vous recherchez un produit de haute qualit\u00e9 avec des ingr\u00e9dients issus de sources naturelles.<\/p>\n","protected":false},"excerpt":{"rendered":"<p>Natural Factors Ashwagandha 600 mg, Stress-Relax (30 Capsules) D\u00e9couvrez les capsules Natural Factors Ashwagandha 600 mg, un choix parfait pour ceux qui appr\u00e9cient les ingr\u00e9dients naturels dans un mode de vie sain. Chaque capsule contient 600 mg d&#8217;extrait d&#8217;Ashwagandha, une plante reconnue pour sa grande puret\u00e9 et son origine naturelle. Ce produit est conditionn\u00e9 en [&#8230;]\n","protected":false},"featured_media":269764,"comment_status":"closed","ping_status":"open","template":"","meta":[],"product_brand":[5312],"product_cat":[],"product_tag":[],"class_list":{"0":"post-295834","1":"product","2":"type-product","3":"status-publish","4":"has-post-thumbnail","6":"product_brand-natural-factors-2","8":"first","9":"instock","10":"taxable","11":"shipping-taxable","12":"purchasable","13":"product-type-simple"},"yoast_head":"<!-- This site is optimized with the Yoast SEO Premium plugin v27.3 (Yoast SEO v27.3) - https:\/\/yoast.com\/product\/yoast-seo-premium-wordpress\/ -->\n<title>Facteurs naturels Ashwagandha 600 mg, Relaxant du stress (30 capsules) - ECO Supplements<\/title>\n<meta name=\"description\" content=\"Wij hebben een ruime keuze aan producten van Facteurs naturels Ashwagandha 600 mg, Relaxant du stress (30 capsules) . Winkel bij Eco Supplements altijd gratis verzending boven 100\u20ac\" \/>\n<meta name=\"robots\" content=\"index, follow, max-snippet:-1, max-image-preview:large, max-video-preview:-1\" \/>\n<link rel=\"canonical\" href=\"https:\/\/ecosupplements.be\/fr\/produit\/natural-factors-ashwagandha-600-mg-stress-relax-30-capsules\/\" \/>\n<meta property=\"og:locale\" content=\"fr_FR\" \/>\n<meta property=\"og:type\" content=\"article\" \/>\n<meta property=\"og:title\" content=\"Facteurs naturels Ashwagandha 600 mg, Relaxant du stress (30 capsules)\" \/>\n<meta property=\"og:description\" content=\"Wij hebben een ruime keuze aan producten van Facteurs naturels Ashwagandha 600 mg, Relaxant du stress (30 capsules) . Winkel bij Eco Supplements altijd gratis verzending boven 100\u20ac\" \/>\n<meta property=\"og:url\" content=\"https:\/\/ecosupplements.be\/fr\/produit\/natural-factors-ashwagandha-600-mg-stress-relax-30-capsules\/\" \/>\n<meta property=\"og:site_name\" content=\"ECO Supplements\" \/>\n<meta property=\"article:modified_time\" content=\"2025-08-27T17:23:21+00:00\" \/>\n<meta property=\"og:image\" content=\"https:\/\/ecosupplements.be\/wp-content\/uploads\/2025\/08\/Natural-Factors-Natural-Factors-Ashwagandha-600-mg-Stress-Relax-30-Capsules.webp\" \/>\n\t<meta property=\"og:image:width\" content=\"1000\" \/>\n\t<meta property=\"og:image:height\" content=\"1000\" \/>\n\t<meta property=\"og:image:type\" content=\"image\/webp\" \/>\n<meta name=\"twitter:card\" content=\"summary_large_image\" \/>\n<meta name=\"twitter:label1\" content=\"Prix\" \/>\n\t<meta name=\"twitter:data1\" content=\"14.09&nbsp;&euro;\" \/>\n\t<meta name=\"twitter:label2\" content=\"Disponibilit\u00e9\" \/>\n\t<meta name=\"twitter:data2\" content=\"En stock\" \/>\n<script type=\"application\/ld+json\" class=\"yoast-schema-graph\">{\"@context\":\"https:\\\/\\\/schema.org\",\"@graph\":[{\"@type\":[\"WebPage\",\"ItemPage\"],\"@id\":\"https:\\\/\\\/ecosupplements.be\\\/fr\\\/produit\\\/natural-factors-ashwagandha-600-mg-stress-relax-30-capsules\\\/\",\"url\":\"https:\\\/\\\/ecosupplements.be\\\/fr\\\/produit\\\/natural-factors-ashwagandha-600-mg-stress-relax-30-capsules\\\/\",\"name\":\"Facteurs naturels Ashwagandha 600 mg, Relaxant du stress (30 capsules) - ECO Supplements\",\"isPartOf\":{\"@id\":\"https:\\\/\\\/ecosupplements.be\\\/fr\\\/#website\"},\"primaryImageOfPage\":{\"@id\":\"https:\\\/\\\/ecosupplements.be\\\/fr\\\/produit\\\/natural-factors-ashwagandha-600-mg-stress-relax-30-capsules\\\/#primaryimage\"},\"image\":{\"@id\":\"https:\\\/\\\/ecosupplements.be\\\/fr\\\/produit\\\/natural-factors-ashwagandha-600-mg-stress-relax-30-capsules\\\/#primaryimage\"},\"thumbnailUrl\":\"https:\\\/\\\/ecosupplements.be\\\/wp-content\\\/uploads\\\/2025\\\/08\\\/Natural-Factors-Ashwagandha-600-mg-Stress-Relax-30-Capsules.webp\",\"datePublished\":\"2025-04-23T11:00:12+00:00\",\"dateModified\":\"2025-08-27T17:23:21+00:00\",\"description\":\"Wij hebben een ruime keuze aan producten van Facteurs naturels Ashwagandha 600 mg, Relaxant du stress (30 capsules) . Winkel bij Eco Supplements altijd gratis verzending boven 100\u20ac\",\"breadcrumb\":{\"@id\":\"https:\\\/\\\/ecosupplements.be\\\/fr\\\/produit\\\/natural-factors-ashwagandha-600-mg-stress-relax-30-capsules\\\/#breadcrumb\"},\"inLanguage\":\"fr-FR\",\"potentialAction\":[{\"@type\":\"ReadAction\",\"target\":[\"https:\\\/\\\/ecosupplements.be\\\/fr\\\/produit\\\/natural-factors-ashwagandha-600-mg-stress-relax-30-capsules\\\/\"]}]},{\"@type\":\"ImageObject\",\"inLanguage\":\"fr-FR\",\"@id\":\"https:\\\/\\\/ecosupplements.be\\\/fr\\\/produit\\\/natural-factors-ashwagandha-600-mg-stress-relax-30-capsules\\\/#primaryimage\",\"url\":\"https:\\\/\\\/ecosupplements.be\\\/wp-content\\\/uploads\\\/2025\\\/08\\\/Natural-Factors-Ashwagandha-600-mg-Stress-Relax-30-Capsules.webp\",\"contentUrl\":\"https:\\\/\\\/ecosupplements.be\\\/wp-content\\\/uploads\\\/2025\\\/08\\\/Natural-Factors-Ashwagandha-600-mg-Stress-Relax-30-Capsules.webp\",\"width\":1000,\"height\":1000},{\"@type\":\"BreadcrumbList\",\"@id\":\"https:\\\/\\\/ecosupplements.be\\\/fr\\\/produit\\\/natural-factors-ashwagandha-600-mg-stress-relax-30-capsules\\\/#breadcrumb\",\"itemListElement\":[{\"@type\":\"ListItem\",\"position\":1,\"name\":\"Home\",\"item\":\"https:\\\/\\\/ecosupplements.be\\\/fr\\\/\"},{\"@type\":\"ListItem\",\"position\":2,\"name\":\"Boutique\",\"item\":\"https:\\\/\\\/ecosupplements.be\\\/fr\\\/boutique\\\/\"},{\"@type\":\"ListItem\",\"position\":3,\"name\":\"Facteurs naturels Ashwagandha 600 mg, Relaxant du stress (30 capsules)\"}]},{\"@type\":\"WebSite\",\"@id\":\"https:\\\/\\\/ecosupplements.be\\\/fr\\\/#website\",\"url\":\"https:\\\/\\\/ecosupplements.be\\\/fr\\\/\",\"name\":\"ECO Supplements\",\"description\":\"Eco Supplements - Gezonde supplementen\",\"publisher\":{\"@id\":\"https:\\\/\\\/ecosupplements.be\\\/fr\\\/#organization\"},\"potentialAction\":[{\"@type\":\"SearchAction\",\"target\":{\"@type\":\"EntryPoint\",\"urlTemplate\":\"https:\\\/\\\/ecosupplements.be\\\/fr\\\/?s={search_term_string}\"},\"query-input\":{\"@type\":\"PropertyValueSpecification\",\"valueRequired\":true,\"valueName\":\"search_term_string\"}}],\"inLanguage\":\"fr-FR\"},{\"@type\":\"Organization\",\"@id\":\"https:\\\/\\\/ecosupplements.be\\\/fr\\\/#organization\",\"name\":\"Eco Supplements\",\"url\":\"https:\\\/\\\/ecosupplements.be\\\/fr\\\/\",\"logo\":{\"@type\":\"ImageObject\",\"inLanguage\":\"fr-FR\",\"@id\":\"https:\\\/\\\/ecosupplements.be\\\/fr\\\/#\\\/schema\\\/logo\\\/image\\\/\",\"url\":\"https:\\\/\\\/ecosupplements.be\\\/wp-content\\\/uploads\\\/2022\\\/06\\\/ecosupplement-family.png\",\"contentUrl\":\"https:\\\/\\\/ecosupplements.be\\\/wp-content\\\/uploads\\\/2022\\\/06\\\/ecosupplement-family.png\",\"width\":593,\"height\":374,\"caption\":\"Eco Supplements\"},\"image\":{\"@id\":\"https:\\\/\\\/ecosupplements.be\\\/fr\\\/#\\\/schema\\\/logo\\\/image\\\/\"}}]}<\/script>\n<meta property=\"product:brand\" content=\"Natural Factors\" \/>\n<meta property=\"product:price:amount\" content=\"14.09\" \/>\n<meta property=\"product:price:currency\" content=\"EUR\" \/>\n<meta property=\"og:availability\" content=\"instock\" \/>\n<meta property=\"product:availability\" content=\"instock\" \/>\n<meta property=\"product:retailer_item_id\" content=\"627765028621\" \/>\n<meta property=\"product:condition\" content=\"new\" \/>\n<!-- \/ Yoast SEO Premium plugin. -->","yoast_head_json":{"title":"Facteurs naturels Ashwagandha 600 mg, Relaxant du stress (30 capsules) - ECO Supplements","description":"Wij hebben een ruime keuze aan producten van Facteurs naturels Ashwagandha 600 mg, Relaxant du stress (30 capsules) . Winkel bij Eco Supplements altijd gratis verzending boven 100\u20ac","robots":{"index":"index","follow":"follow","max-snippet":"max-snippet:-1","max-image-preview":"max-image-preview:large","max-video-preview":"max-video-preview:-1"},"canonical":"https:\/\/ecosupplements.be\/fr\/produit\/natural-factors-ashwagandha-600-mg-stress-relax-30-capsules\/","og_locale":"fr_FR","og_type":"article","og_title":"Facteurs naturels Ashwagandha 600 mg, Relaxant du stress (30 capsules)","og_description":"Wij hebben een ruime keuze aan producten van Facteurs naturels Ashwagandha 600 mg, Relaxant du stress (30 capsules) . Winkel bij Eco Supplements altijd gratis verzending boven 100\u20ac","og_url":"https:\/\/ecosupplements.be\/fr\/produit\/natural-factors-ashwagandha-600-mg-stress-relax-30-capsules\/","og_site_name":"ECO Supplements","article_modified_time":"2025-08-27T17:23:21+00:00","og_image":[{"width":1000,"height":1000,"url":"https:\/\/ecosupplements.be\/wp-content\/uploads\/2025\/08\/Natural-Factors-Natural-Factors-Ashwagandha-600-mg-Stress-Relax-30-Capsules.webp","type":"image\/webp"}],"twitter_card":"summary_large_image","twitter_misc":{"Prix":"14.09&nbsp;&euro;","Disponibilit\u00e9":"En stock"},"schema":{"@context":"https:\/\/schema.org","@graph":[{"@type":["WebPage","ItemPage"],"@id":"https:\/\/ecosupplements.be\/fr\/produit\/natural-factors-ashwagandha-600-mg-stress-relax-30-capsules\/","url":"https:\/\/ecosupplements.be\/fr\/produit\/natural-factors-ashwagandha-600-mg-stress-relax-30-capsules\/","name":"Facteurs naturels Ashwagandha 600 mg, Relaxant du stress (30 capsules) - ECO Supplements","isPartOf":{"@id":"https:\/\/ecosupplements.be\/fr\/#website"},"primaryImageOfPage":{"@id":"https:\/\/ecosupplements.be\/fr\/produit\/natural-factors-ashwagandha-600-mg-stress-relax-30-capsules\/#primaryimage"},"image":{"@id":"https:\/\/ecosupplements.be\/fr\/produit\/natural-factors-ashwagandha-600-mg-stress-relax-30-capsules\/#primaryimage"},"thumbnailUrl":"https:\/\/ecosupplements.be\/wp-content\/uploads\/2025\/08\/Natural-Factors-Ashwagandha-600-mg-Stress-Relax-30-Capsules.webp","datePublished":"2025-04-23T11:00:12+00:00","dateModified":"2025-08-27T17:23:21+00:00","description":"Wij hebben een ruime keuze aan producten van Facteurs naturels Ashwagandha 600 mg, Relaxant du stress (30 capsules) . Winkel bij Eco Supplements altijd gratis verzending boven 100\u20ac","breadcrumb":{"@id":"https:\/\/ecosupplements.be\/fr\/produit\/natural-factors-ashwagandha-600-mg-stress-relax-30-capsules\/#breadcrumb"},"inLanguage":"fr-FR","potentialAction":[{"@type":"ReadAction","target":["https:\/\/ecosupplements.be\/fr\/produit\/natural-factors-ashwagandha-600-mg-stress-relax-30-capsules\/"]}]},{"@type":"ImageObject","inLanguage":"fr-FR","@id":"https:\/\/ecosupplements.be\/fr\/produit\/natural-factors-ashwagandha-600-mg-stress-relax-30-capsules\/#primaryimage","url":"https:\/\/ecosupplements.be\/wp-content\/uploads\/2025\/08\/Natural-Factors-Ashwagandha-600-mg-Stress-Relax-30-Capsules.webp","contentUrl":"https:\/\/ecosupplements.be\/wp-content\/uploads\/2025\/08\/Natural-Factors-Ashwagandha-600-mg-Stress-Relax-30-Capsules.webp","width":1000,"height":1000},{"@type":"BreadcrumbList","@id":"https:\/\/ecosupplements.be\/fr\/produit\/natural-factors-ashwagandha-600-mg-stress-relax-30-capsules\/#breadcrumb","itemListElement":[{"@type":"ListItem","position":1,"name":"Home","item":"https:\/\/ecosupplements.be\/fr\/"},{"@type":"ListItem","position":2,"name":"Boutique","item":"https:\/\/ecosupplements.be\/fr\/boutique\/"},{"@type":"ListItem","position":3,"name":"Facteurs naturels Ashwagandha 600 mg, Relaxant du stress (30 capsules)"}]},{"@type":"WebSite","@id":"https:\/\/ecosupplements.be\/fr\/#website","url":"https:\/\/ecosupplements.be\/fr\/","name":"ECO Supplements","description":"Eco Supplements - Gezonde supplementen","publisher":{"@id":"https:\/\/ecosupplements.be\/fr\/#organization"},"potentialAction":[{"@type":"SearchAction","target":{"@type":"EntryPoint","urlTemplate":"https:\/\/ecosupplements.be\/fr\/?s={search_term_string}"},"query-input":{"@type":"PropertyValueSpecification","valueRequired":true,"valueName":"search_term_string"}}],"inLanguage":"fr-FR"},{"@type":"Organization","@id":"https:\/\/ecosupplements.be\/fr\/#organization","name":"Eco Supplements","url":"https:\/\/ecosupplements.be\/fr\/","logo":{"@type":"ImageObject","inLanguage":"fr-FR","@id":"https:\/\/ecosupplements.be\/fr\/#\/schema\/logo\/image\/","url":"https:\/\/ecosupplements.be\/wp-content\/uploads\/2022\/06\/ecosupplement-family.png","contentUrl":"https:\/\/ecosupplements.be\/wp-content\/uploads\/2022\/06\/ecosupplement-family.png","width":593,"height":374,"caption":"Eco Supplements"},"image":{"@id":"https:\/\/ecosupplements.be\/fr\/#\/schema\/logo\/image\/"}}]},"product_brand":"Natural Factors","product_price_amount":"14.09","product_price_currency":"EUR","og_availability":"instock","product_availability":"instock","product_retailer_item_id":"627765028621","product_condition":"new"},"_links":{"self":[{"href":"https:\/\/ecosupplements.be\/fr\/wp-json\/wp\/v2\/product\/295834","targetHints":{"allow":["GET"]}}],"collection":[{"href":"https:\/\/ecosupplements.be\/fr\/wp-json\/wp\/v2\/product"}],"about":[{"href":"https:\/\/ecosupplements.be\/fr\/wp-json\/wp\/v2\/types\/product"}],"replies":[{"embeddable":true,"href":"https:\/\/ecosupplements.be\/fr\/wp-json\/wp\/v2\/comments?post=295834"}],"wp:featuredmedia":[{"embeddable":true,"href":"https:\/\/ecosupplements.be\/fr\/wp-json\/wp\/v2\/media\/269764"}],"wp:attachment":[{"href":"https:\/\/ecosupplements.be\/fr\/wp-json\/wp\/v2\/media?parent=295834"}],"wp:term":[{"taxonomy":"product_brand","embeddable":true,"href":"https:\/\/ecosupplements.be\/fr\/wp-json\/wp\/v2\/product_brand?post=295834"},{"taxonomy":"product_cat","embeddable":true,"href":"https:\/\/ecosupplements.be\/fr\/wp-json\/wp\/v2\/product_cat?post=295834"},{"taxonomy":"product_tag","embeddable":true,"href":"https:\/\/ecosupplements.be\/fr\/wp-json\/wp\/v2\/product_tag?post=295834"}],"curies":[{"name":"wp","href":"https:\/\/api.w.org\/{rel}","templated":true}]}}