{"id":295861,"date":"2025-04-23T12:02:37","date_gmt":"2025-04-23T11:02:37","guid":{"rendered":"https:\/\/ecosupplements.be\/product\/natural-factors-biocoenzymated-pyridoxal-5-phosphate-b6-50-mg-30-veggie-capsules\/"},"modified":"2025-08-27T18:23:44","modified_gmt":"2025-08-27T17:23:44","slug":"natural-factors-biocoenzymated-pyridoxal-5-phosphate-b6-50-mg-30-veggie-capsules","status":"publish","type":"product","link":"https:\/\/ecosupplements.be\/fr\/produit\/natural-factors-biocoenzymated-pyridoxal-5-phosphate-b6-50-mg-30-veggie-capsules\/","title":{"rendered":"Facteurs naturels BioCoenzym\u00e9 B6 Pyridoxal 5-Phosphate 50 mg (30 capsules v\u00e9g\u00e9tales)"},"content":{"rendered":"<h2>Natural Factors BioCoenzymated Pyridoxal 5-Phosphate B6 50 MG (30 Veggie Capsules)<\/h2>\n<p>D\u00e9couvrez les capsules v\u00e9g\u00e9tales Natural factors BioCoenzymated Pyridoxal 5-Phosphate B6, con\u00e7ues avec soin pour s&#8217;int\u00e9grer harmonieusement \u00e0 votre quotidien. Chaque capsule contient 50 mg de Pyridoxal 5-phosphate,une forme de qualit\u00e9 sup\u00e9rieure et d&#8217;origine naturelle.<\/p>\n<p>Ce produit est pr\u00e9sent\u00e9 dans un emballage pratique contenant 30 capsules v\u00e9g\u00e9tales faciles \u00e0 consommer. La simplicit\u00e9 d&#8217;utilisation est au c\u0153ur de la conception de ce produit, offrant une approche sans complication pour ceux qui appr\u00e9cient les ingr\u00e9dients naturels.<\/p>\n<p>Les capsules sont fabriqu\u00e9es sans recours \u00e0 des additifs artificiels, mettant en avant l&#8217;engagement de Natural Factors envers la puret\u00e9 et l&#8217;authenticit\u00e9. Le format des capsules est id\u00e9al pour \u00eatre int\u00e9gr\u00e9 facilement dans votre routine quotidienne.<\/p>\n<p>Optez pour Natural Factors BioCoenzymated Pyridoxal 5-Phosphate B6 si vous cherchez un produit simple et naturel qui s&#8217;accorde avec un mode de vie actif et \u00e9quilibr\u00e9.<\/p>\n","protected":false},"excerpt":{"rendered":"<p>Natural Factors BioCoenzymated Pyridoxal 5-Phosphate B6 50 MG (30 Veggie Capsules) D\u00e9couvrez les capsules v\u00e9g\u00e9tales Natural factors BioCoenzymated Pyridoxal 5-Phosphate B6, con\u00e7ues avec soin pour s&#8217;int\u00e9grer harmonieusement \u00e0 votre quotidien. Chaque capsule contient 50 mg de Pyridoxal 5-phosphate,une forme de qualit\u00e9 sup\u00e9rieure et d&#8217;origine naturelle. Ce produit est pr\u00e9sent\u00e9 dans un emballage pratique contenant 30 [&#8230;]\n","protected":false},"featured_media":269791,"comment_status":"closed","ping_status":"open","template":"","meta":[],"product_brand":[5312],"product_cat":[],"product_tag":[],"class_list":{"0":"post-295861","1":"product","2":"type-product","3":"status-publish","4":"has-post-thumbnail","6":"product_brand-natural-factors-2","8":"first","9":"instock","10":"taxable","11":"shipping-taxable","12":"purchasable","13":"product-type-simple"},"yoast_head":"<!-- This site is optimized with the Yoast SEO Premium plugin v27.5 (Yoast SEO v27.5) - https:\/\/yoast.com\/product\/yoast-seo-premium-wordpress\/ -->\n<title>Facteurs naturels BioCoenzym\u00e9 B6 Pyridoxal 5-Phosphate 50 mg (30 capsules v\u00e9g\u00e9tales) - ECO Supplements<\/title>\n<meta name=\"description\" content=\"Wij hebben een ruime keuze aan producten van Facteurs naturels BioCoenzym\u00e9 B6 Pyridoxal 5-Phosphate 50 mg (30 capsules v\u00e9g\u00e9tales) . Winkel bij Eco Supplements altijd gratis verzending boven 100\u20ac\" \/>\n<meta name=\"robots\" content=\"index, follow, max-snippet:-1, max-image-preview:large, max-video-preview:-1\" \/>\n<link rel=\"canonical\" href=\"https:\/\/ecosupplements.be\/fr\/produit\/natural-factors-biocoenzymated-pyridoxal-5-phosphate-b6-50-mg-30-veggie-capsules\/\" \/>\n<meta property=\"og:locale\" content=\"fr_FR\" \/>\n<meta property=\"og:type\" content=\"article\" \/>\n<meta property=\"og:title\" content=\"Facteurs naturels BioCoenzym\u00e9 B6 Pyridoxal 5-Phosphate 50 mg (30 capsules v\u00e9g\u00e9tales)\" \/>\n<meta property=\"og:description\" content=\"Wij hebben een ruime keuze aan producten van Facteurs naturels BioCoenzym\u00e9 B6 Pyridoxal 5-Phosphate 50 mg (30 capsules v\u00e9g\u00e9tales) . Winkel bij Eco Supplements altijd gratis verzending boven 100\u20ac\" \/>\n<meta property=\"og:url\" content=\"https:\/\/ecosupplements.be\/fr\/produit\/natural-factors-biocoenzymated-pyridoxal-5-phosphate-b6-50-mg-30-veggie-capsules\/\" \/>\n<meta property=\"og:site_name\" content=\"ECO Supplements\" \/>\n<meta property=\"article:modified_time\" content=\"2025-08-27T17:23:44+00:00\" \/>\n<meta property=\"og:image\" content=\"https:\/\/ecosupplements.be\/wp-content\/uploads\/2025\/08\/Natural-Factors-Natural-Factors-BioCoenzymated-Pyridoxal-5-Phosphate-B6-50-MG-30-Veggie-Capsules.webp\" \/>\n\t<meta property=\"og:image:width\" content=\"1000\" \/>\n\t<meta property=\"og:image:height\" content=\"1000\" \/>\n\t<meta property=\"og:image:type\" content=\"image\/webp\" \/>\n<meta name=\"twitter:card\" content=\"summary_large_image\" \/>\n<meta name=\"twitter:label1\" content=\"Prix\" \/>\n\t<meta name=\"twitter:data1\" content=\"9.28&nbsp;&euro;\" \/>\n\t<meta name=\"twitter:label2\" content=\"Disponibilit\u00e9\" \/>\n\t<meta name=\"twitter:data2\" content=\"En stock\" \/>\n<script type=\"application\/ld+json\" class=\"yoast-schema-graph\">{\"@context\":\"https:\\\/\\\/schema.org\",\"@graph\":[{\"@type\":[\"WebPage\",\"ItemPage\"],\"@id\":\"https:\\\/\\\/ecosupplements.be\\\/fr\\\/produit\\\/natural-factors-biocoenzymated-pyridoxal-5-phosphate-b6-50-mg-30-veggie-capsules\\\/\",\"url\":\"https:\\\/\\\/ecosupplements.be\\\/fr\\\/produit\\\/natural-factors-biocoenzymated-pyridoxal-5-phosphate-b6-50-mg-30-veggie-capsules\\\/\",\"name\":\"Facteurs naturels BioCoenzym\u00e9 B6 Pyridoxal 5-Phosphate 50 mg (30 capsules v\u00e9g\u00e9tales) - ECO Supplements\",\"isPartOf\":{\"@id\":\"https:\\\/\\\/ecosupplements.be\\\/fr\\\/#website\"},\"primaryImageOfPage\":{\"@id\":\"https:\\\/\\\/ecosupplements.be\\\/fr\\\/produit\\\/natural-factors-biocoenzymated-pyridoxal-5-phosphate-b6-50-mg-30-veggie-capsules\\\/#primaryimage\"},\"image\":{\"@id\":\"https:\\\/\\\/ecosupplements.be\\\/fr\\\/produit\\\/natural-factors-biocoenzymated-pyridoxal-5-phosphate-b6-50-mg-30-veggie-capsules\\\/#primaryimage\"},\"thumbnailUrl\":\"https:\\\/\\\/ecosupplements.be\\\/wp-content\\\/uploads\\\/2025\\\/08\\\/Natural-Factors-BioCoenzymated-Pyridoxal-5-Phosphate-B6-50-MG-30-Veggie-Capsules.webp\",\"datePublished\":\"2025-04-23T11:02:37+00:00\",\"dateModified\":\"2025-08-27T17:23:44+00:00\",\"description\":\"Wij hebben een ruime keuze aan producten van Facteurs naturels BioCoenzym\u00e9 B6 Pyridoxal 5-Phosphate 50 mg (30 capsules v\u00e9g\u00e9tales) . Winkel bij Eco Supplements altijd gratis verzending boven 100\u20ac\",\"breadcrumb\":{\"@id\":\"https:\\\/\\\/ecosupplements.be\\\/fr\\\/produit\\\/natural-factors-biocoenzymated-pyridoxal-5-phosphate-b6-50-mg-30-veggie-capsules\\\/#breadcrumb\"},\"inLanguage\":\"fr-FR\",\"potentialAction\":[{\"@type\":\"ReadAction\",\"target\":[\"https:\\\/\\\/ecosupplements.be\\\/fr\\\/produit\\\/natural-factors-biocoenzymated-pyridoxal-5-phosphate-b6-50-mg-30-veggie-capsules\\\/\"]}]},{\"@type\":\"ImageObject\",\"inLanguage\":\"fr-FR\",\"@id\":\"https:\\\/\\\/ecosupplements.be\\\/fr\\\/produit\\\/natural-factors-biocoenzymated-pyridoxal-5-phosphate-b6-50-mg-30-veggie-capsules\\\/#primaryimage\",\"url\":\"https:\\\/\\\/ecosupplements.be\\\/wp-content\\\/uploads\\\/2025\\\/08\\\/Natural-Factors-BioCoenzymated-Pyridoxal-5-Phosphate-B6-50-MG-30-Veggie-Capsules.webp\",\"contentUrl\":\"https:\\\/\\\/ecosupplements.be\\\/wp-content\\\/uploads\\\/2025\\\/08\\\/Natural-Factors-BioCoenzymated-Pyridoxal-5-Phosphate-B6-50-MG-30-Veggie-Capsules.webp\",\"width\":1000,\"height\":1000},{\"@type\":\"BreadcrumbList\",\"@id\":\"https:\\\/\\\/ecosupplements.be\\\/fr\\\/produit\\\/natural-factors-biocoenzymated-pyridoxal-5-phosphate-b6-50-mg-30-veggie-capsules\\\/#breadcrumb\",\"itemListElement\":[{\"@type\":\"ListItem\",\"position\":1,\"name\":\"Home\",\"item\":\"https:\\\/\\\/ecosupplements.be\\\/fr\\\/\"},{\"@type\":\"ListItem\",\"position\":2,\"name\":\"Boutique\",\"item\":\"https:\\\/\\\/ecosupplements.be\\\/fr\\\/boutique\\\/\"},{\"@type\":\"ListItem\",\"position\":3,\"name\":\"Facteurs naturels BioCoenzym\u00e9 B6 Pyridoxal 5-Phosphate 50 mg (30 capsules v\u00e9g\u00e9tales)\"}]},{\"@type\":\"WebSite\",\"@id\":\"https:\\\/\\\/ecosupplements.be\\\/fr\\\/#website\",\"url\":\"https:\\\/\\\/ecosupplements.be\\\/fr\\\/\",\"name\":\"ECO Supplements\",\"description\":\"Eco Supplements - Gezonde supplementen\",\"publisher\":{\"@id\":\"https:\\\/\\\/ecosupplements.be\\\/fr\\\/#organization\"},\"potentialAction\":[{\"@type\":\"SearchAction\",\"target\":{\"@type\":\"EntryPoint\",\"urlTemplate\":\"https:\\\/\\\/ecosupplements.be\\\/fr\\\/?s={search_term_string}\"},\"query-input\":{\"@type\":\"PropertyValueSpecification\",\"valueRequired\":true,\"valueName\":\"search_term_string\"}}],\"inLanguage\":\"fr-FR\"},{\"@type\":\"Organization\",\"@id\":\"https:\\\/\\\/ecosupplements.be\\\/fr\\\/#organization\",\"name\":\"Eco Supplements\",\"url\":\"https:\\\/\\\/ecosupplements.be\\\/fr\\\/\",\"logo\":{\"@type\":\"ImageObject\",\"inLanguage\":\"fr-FR\",\"@id\":\"https:\\\/\\\/ecosupplements.be\\\/fr\\\/#\\\/schema\\\/logo\\\/image\\\/\",\"url\":\"https:\\\/\\\/ecosupplements.be\\\/wp-content\\\/uploads\\\/2022\\\/06\\\/ecosupplement-family.png\",\"contentUrl\":\"https:\\\/\\\/ecosupplements.be\\\/wp-content\\\/uploads\\\/2022\\\/06\\\/ecosupplement-family.png\",\"width\":593,\"height\":374,\"caption\":\"Eco Supplements\"},\"image\":{\"@id\":\"https:\\\/\\\/ecosupplements.be\\\/fr\\\/#\\\/schema\\\/logo\\\/image\\\/\"}}]}<\/script>\n<meta property=\"product:brand\" content=\"Natural Factors\" \/>\n<meta property=\"product:price:amount\" content=\"9.28\" \/>\n<meta property=\"product:price:currency\" content=\"EUR\" \/>\n<meta property=\"og:availability\" content=\"instock\" \/>\n<meta property=\"product:availability\" content=\"instock\" \/>\n<meta property=\"product:retailer_item_id\" content=\"068958012520\" \/>\n<meta property=\"product:condition\" content=\"new\" \/>\n<!-- \/ Yoast SEO Premium plugin. -->","yoast_head_json":{"title":"Facteurs naturels BioCoenzym\u00e9 B6 Pyridoxal 5-Phosphate 50 mg (30 capsules v\u00e9g\u00e9tales) - ECO Supplements","description":"Wij hebben een ruime keuze aan producten van Facteurs naturels BioCoenzym\u00e9 B6 Pyridoxal 5-Phosphate 50 mg (30 capsules v\u00e9g\u00e9tales) . Winkel bij Eco Supplements altijd gratis verzending boven 100\u20ac","robots":{"index":"index","follow":"follow","max-snippet":"max-snippet:-1","max-image-preview":"max-image-preview:large","max-video-preview":"max-video-preview:-1"},"canonical":"https:\/\/ecosupplements.be\/fr\/produit\/natural-factors-biocoenzymated-pyridoxal-5-phosphate-b6-50-mg-30-veggie-capsules\/","og_locale":"fr_FR","og_type":"article","og_title":"Facteurs naturels BioCoenzym\u00e9 B6 Pyridoxal 5-Phosphate 50 mg (30 capsules v\u00e9g\u00e9tales)","og_description":"Wij hebben een ruime keuze aan producten van Facteurs naturels BioCoenzym\u00e9 B6 Pyridoxal 5-Phosphate 50 mg (30 capsules v\u00e9g\u00e9tales) . Winkel bij Eco Supplements altijd gratis verzending boven 100\u20ac","og_url":"https:\/\/ecosupplements.be\/fr\/produit\/natural-factors-biocoenzymated-pyridoxal-5-phosphate-b6-50-mg-30-veggie-capsules\/","og_site_name":"ECO Supplements","article_modified_time":"2025-08-27T17:23:44+00:00","og_image":[{"width":1000,"height":1000,"url":"https:\/\/ecosupplements.be\/wp-content\/uploads\/2025\/08\/Natural-Factors-Natural-Factors-BioCoenzymated-Pyridoxal-5-Phosphate-B6-50-MG-30-Veggie-Capsules.webp","type":"image\/webp"}],"twitter_card":"summary_large_image","twitter_misc":{"Prix":"9.28&nbsp;&euro;","Disponibilit\u00e9":"En stock"},"schema":{"@context":"https:\/\/schema.org","@graph":[{"@type":["WebPage","ItemPage"],"@id":"https:\/\/ecosupplements.be\/fr\/produit\/natural-factors-biocoenzymated-pyridoxal-5-phosphate-b6-50-mg-30-veggie-capsules\/","url":"https:\/\/ecosupplements.be\/fr\/produit\/natural-factors-biocoenzymated-pyridoxal-5-phosphate-b6-50-mg-30-veggie-capsules\/","name":"Facteurs naturels BioCoenzym\u00e9 B6 Pyridoxal 5-Phosphate 50 mg (30 capsules v\u00e9g\u00e9tales) - ECO Supplements","isPartOf":{"@id":"https:\/\/ecosupplements.be\/fr\/#website"},"primaryImageOfPage":{"@id":"https:\/\/ecosupplements.be\/fr\/produit\/natural-factors-biocoenzymated-pyridoxal-5-phosphate-b6-50-mg-30-veggie-capsules\/#primaryimage"},"image":{"@id":"https:\/\/ecosupplements.be\/fr\/produit\/natural-factors-biocoenzymated-pyridoxal-5-phosphate-b6-50-mg-30-veggie-capsules\/#primaryimage"},"thumbnailUrl":"https:\/\/ecosupplements.be\/wp-content\/uploads\/2025\/08\/Natural-Factors-BioCoenzymated-Pyridoxal-5-Phosphate-B6-50-MG-30-Veggie-Capsules.webp","datePublished":"2025-04-23T11:02:37+00:00","dateModified":"2025-08-27T17:23:44+00:00","description":"Wij hebben een ruime keuze aan producten van Facteurs naturels BioCoenzym\u00e9 B6 Pyridoxal 5-Phosphate 50 mg (30 capsules v\u00e9g\u00e9tales) . Winkel bij Eco Supplements altijd gratis verzending boven 100\u20ac","breadcrumb":{"@id":"https:\/\/ecosupplements.be\/fr\/produit\/natural-factors-biocoenzymated-pyridoxal-5-phosphate-b6-50-mg-30-veggie-capsules\/#breadcrumb"},"inLanguage":"fr-FR","potentialAction":[{"@type":"ReadAction","target":["https:\/\/ecosupplements.be\/fr\/produit\/natural-factors-biocoenzymated-pyridoxal-5-phosphate-b6-50-mg-30-veggie-capsules\/"]}]},{"@type":"ImageObject","inLanguage":"fr-FR","@id":"https:\/\/ecosupplements.be\/fr\/produit\/natural-factors-biocoenzymated-pyridoxal-5-phosphate-b6-50-mg-30-veggie-capsules\/#primaryimage","url":"https:\/\/ecosupplements.be\/wp-content\/uploads\/2025\/08\/Natural-Factors-BioCoenzymated-Pyridoxal-5-Phosphate-B6-50-MG-30-Veggie-Capsules.webp","contentUrl":"https:\/\/ecosupplements.be\/wp-content\/uploads\/2025\/08\/Natural-Factors-BioCoenzymated-Pyridoxal-5-Phosphate-B6-50-MG-30-Veggie-Capsules.webp","width":1000,"height":1000},{"@type":"BreadcrumbList","@id":"https:\/\/ecosupplements.be\/fr\/produit\/natural-factors-biocoenzymated-pyridoxal-5-phosphate-b6-50-mg-30-veggie-capsules\/#breadcrumb","itemListElement":[{"@type":"ListItem","position":1,"name":"Home","item":"https:\/\/ecosupplements.be\/fr\/"},{"@type":"ListItem","position":2,"name":"Boutique","item":"https:\/\/ecosupplements.be\/fr\/boutique\/"},{"@type":"ListItem","position":3,"name":"Facteurs naturels BioCoenzym\u00e9 B6 Pyridoxal 5-Phosphate 50 mg (30 capsules v\u00e9g\u00e9tales)"}]},{"@type":"WebSite","@id":"https:\/\/ecosupplements.be\/fr\/#website","url":"https:\/\/ecosupplements.be\/fr\/","name":"ECO Supplements","description":"Eco Supplements - Gezonde supplementen","publisher":{"@id":"https:\/\/ecosupplements.be\/fr\/#organization"},"potentialAction":[{"@type":"SearchAction","target":{"@type":"EntryPoint","urlTemplate":"https:\/\/ecosupplements.be\/fr\/?s={search_term_string}"},"query-input":{"@type":"PropertyValueSpecification","valueRequired":true,"valueName":"search_term_string"}}],"inLanguage":"fr-FR"},{"@type":"Organization","@id":"https:\/\/ecosupplements.be\/fr\/#organization","name":"Eco Supplements","url":"https:\/\/ecosupplements.be\/fr\/","logo":{"@type":"ImageObject","inLanguage":"fr-FR","@id":"https:\/\/ecosupplements.be\/fr\/#\/schema\/logo\/image\/","url":"https:\/\/ecosupplements.be\/wp-content\/uploads\/2022\/06\/ecosupplement-family.png","contentUrl":"https:\/\/ecosupplements.be\/wp-content\/uploads\/2022\/06\/ecosupplement-family.png","width":593,"height":374,"caption":"Eco Supplements"},"image":{"@id":"https:\/\/ecosupplements.be\/fr\/#\/schema\/logo\/image\/"}}]},"product_brand":"Natural Factors","product_price_amount":"9.28","product_price_currency":"EUR","og_availability":"instock","product_availability":"instock","product_retailer_item_id":"068958012520","product_condition":"new"},"_links":{"self":[{"href":"https:\/\/ecosupplements.be\/fr\/wp-json\/wp\/v2\/product\/295861","targetHints":{"allow":["GET"]}}],"collection":[{"href":"https:\/\/ecosupplements.be\/fr\/wp-json\/wp\/v2\/product"}],"about":[{"href":"https:\/\/ecosupplements.be\/fr\/wp-json\/wp\/v2\/types\/product"}],"replies":[{"embeddable":true,"href":"https:\/\/ecosupplements.be\/fr\/wp-json\/wp\/v2\/comments?post=295861"}],"wp:featuredmedia":[{"embeddable":true,"href":"https:\/\/ecosupplements.be\/fr\/wp-json\/wp\/v2\/media\/269791"}],"wp:attachment":[{"href":"https:\/\/ecosupplements.be\/fr\/wp-json\/wp\/v2\/media?parent=295861"}],"wp:term":[{"taxonomy":"product_brand","embeddable":true,"href":"https:\/\/ecosupplements.be\/fr\/wp-json\/wp\/v2\/product_brand?post=295861"},{"taxonomy":"product_cat","embeddable":true,"href":"https:\/\/ecosupplements.be\/fr\/wp-json\/wp\/v2\/product_cat?post=295861"},{"taxonomy":"product_tag","embeddable":true,"href":"https:\/\/ecosupplements.be\/fr\/wp-json\/wp\/v2\/product_tag?post=295861"}],"curies":[{"name":"wp","href":"https:\/\/api.w.org\/{rel}","templated":true}]}}