{"id":295909,"date":"2025-04-23T12:07:14","date_gmt":"2025-04-23T11:07:14","guid":{"rendered":"https:\/\/ecosupplements.be\/product\/natural-factors-magnesium-bisglycinate-100-plus-l-theanine-250-mg-90-capsules\/"},"modified":"2025-08-27T18:24:29","modified_gmt":"2025-08-27T17:24:29","slug":"natural-factors-magnesium-bisglycinate-100-plus-l-theanine-250-mg-90-capsules","status":"publish","type":"product","link":"https:\/\/ecosupplements.be\/fr\/produit\/natural-factors-magnesium-bisglycinate-100-plus-l-theanine-250-mg-90-capsules\/","title":{"rendered":"Facteurs naturels Magn\u00e9sium Bisglycinate 100 plus L-Th\u00e9anine 250 mg (90 capsules)"},"content":{"rendered":"<h2>Natural Factors magnesium Bisglycinate 100 plus L-Theanine 250 mg (90 Capsules)<\/h2>\n<p>D\u00e9couvrez le choix naturel pour votre quotidien avec les capsules de Magn\u00e9sium Bisglycinate et L-Theanine de Natural Factors. Ce produit est con\u00e7u pour s&#8217;int\u00e9grer harmonieusement \u00e0 un mode de vie actif, mettant en avant des ingr\u00e9dients d&#8217;origine naturelle.<\/p>\n<h3>Composition<\/h3>\n<p>ce compl\u00e9ment alimentaire combine le magn\u00e9sium bisglycinate, reconnu pour sa grande puret\u00e9, et la L-Theanine. Ces composants sont s\u00e9lectionn\u00e9s avec soin pour leur qualit\u00e9 sup\u00e9rieure.<\/p>\n<h3>Contenu et Emballage<\/h3>\n<p>Chaque flacon contient 90 capsules faciles \u00e0 consommer, con\u00e7ues pour une utilisation r\u00e9guli\u00e8re.<\/p>\n<h3>Utilisation<\/h3>\n<p>Pour une int\u00e9gration simple dans votre routine quotidienne, il est recommand\u00e9 de suivre la dose indiqu\u00e9e sur l&#8217;emballage ou conseill\u00e9e par un professionnel.<\/p>\n<h3>Caract\u00e9ristiques Pratiques<\/h3>\n<p>Ces capsules sont formul\u00e9es sans ar\u00f4mes artificiels, colorants ou conservateurs, offrant ainsi une exp\u00e9rience pure et naturelle. Leur format capsule rend ce produit facile \u00e0 emporter avec vous tout au long de la journ\u00e9e.<\/p>\n<p><strong>Natural Factors<\/strong>, engag\u00e9 dans l&#8217;offre de produits respectueux et de haute qualit\u00e9, vous propose ici un choix parfait pour ceux qui appr\u00e9cient les ingr\u00e9dients naturels dans un mode de vie sain.<\/p>\n","protected":false},"excerpt":{"rendered":"<p>Natural Factors magnesium Bisglycinate 100 plus L-Theanine 250 mg (90 Capsules) D\u00e9couvrez le choix naturel pour votre quotidien avec les capsules de Magn\u00e9sium Bisglycinate et L-Theanine de Natural Factors. Ce produit est con\u00e7u pour s&#8217;int\u00e9grer harmonieusement \u00e0 un mode de vie actif, mettant en avant des ingr\u00e9dients d&#8217;origine naturelle. Composition ce compl\u00e9ment alimentaire combine le [&#8230;]\n","protected":false},"featured_media":269839,"comment_status":"closed","ping_status":"open","template":"","meta":[],"product_brand":[5312],"product_cat":[],"product_tag":[],"class_list":{"0":"post-295909","1":"product","2":"type-product","3":"status-publish","4":"has-post-thumbnail","6":"product_brand-natural-factors-2","8":"first","9":"instock","10":"taxable","11":"shipping-taxable","12":"purchasable","13":"product-type-simple"},"yoast_head":"<!-- This site is optimized with the Yoast SEO Premium plugin v27.3 (Yoast SEO v27.3) - https:\/\/yoast.com\/product\/yoast-seo-premium-wordpress\/ -->\n<title>Facteurs naturels Magn\u00e9sium Bisglycinate 100 plus L-Th\u00e9anine 250 mg (90 capsules) - ECO Supplements<\/title>\n<meta name=\"description\" content=\"Wij hebben een ruime keuze aan producten van Facteurs naturels Magn\u00e9sium Bisglycinate 100 plus L-Th\u00e9anine 250 mg (90 capsules) . Winkel bij Eco Supplements altijd gratis verzending boven 100\u20ac\" \/>\n<meta name=\"robots\" content=\"index, follow, max-snippet:-1, max-image-preview:large, max-video-preview:-1\" \/>\n<link rel=\"canonical\" href=\"https:\/\/ecosupplements.be\/fr\/produit\/natural-factors-magnesium-bisglycinate-100-plus-l-theanine-250-mg-90-capsules\/\" \/>\n<meta property=\"og:locale\" content=\"fr_FR\" \/>\n<meta property=\"og:type\" content=\"article\" \/>\n<meta property=\"og:title\" content=\"Facteurs naturels Magn\u00e9sium Bisglycinate 100 plus L-Th\u00e9anine 250 mg (90 capsules)\" \/>\n<meta property=\"og:description\" content=\"Wij hebben een ruime keuze aan producten van Facteurs naturels Magn\u00e9sium Bisglycinate 100 plus L-Th\u00e9anine 250 mg (90 capsules) . Winkel bij Eco Supplements altijd gratis verzending boven 100\u20ac\" \/>\n<meta property=\"og:url\" content=\"https:\/\/ecosupplements.be\/fr\/produit\/natural-factors-magnesium-bisglycinate-100-plus-l-theanine-250-mg-90-capsules\/\" \/>\n<meta property=\"og:site_name\" content=\"ECO Supplements\" \/>\n<meta property=\"article:modified_time\" content=\"2025-08-27T17:24:29+00:00\" \/>\n<meta property=\"og:image\" content=\"https:\/\/ecosupplements.be\/wp-content\/uploads\/2025\/08\/Natural-Factors-Natural-Factors-Magnesium-Bisglycinate-100-plus-L-Theanine-250-mg-90-Capsules.webp\" \/>\n\t<meta property=\"og:image:width\" content=\"1000\" \/>\n\t<meta property=\"og:image:height\" content=\"1000\" \/>\n\t<meta property=\"og:image:type\" content=\"image\/webp\" \/>\n<meta name=\"twitter:card\" content=\"summary_large_image\" \/>\n<meta name=\"twitter:label1\" content=\"Prix\" \/>\n\t<meta name=\"twitter:data1\" content=\"17.35&nbsp;&euro;\" \/>\n\t<meta name=\"twitter:label2\" content=\"Disponibilit\u00e9\" \/>\n\t<meta name=\"twitter:data2\" content=\"En stock\" \/>\n<script type=\"application\/ld+json\" class=\"yoast-schema-graph\">{\"@context\":\"https:\\\/\\\/schema.org\",\"@graph\":[{\"@type\":[\"WebPage\",\"ItemPage\"],\"@id\":\"https:\\\/\\\/ecosupplements.be\\\/fr\\\/produit\\\/natural-factors-magnesium-bisglycinate-100-plus-l-theanine-250-mg-90-capsules\\\/\",\"url\":\"https:\\\/\\\/ecosupplements.be\\\/fr\\\/produit\\\/natural-factors-magnesium-bisglycinate-100-plus-l-theanine-250-mg-90-capsules\\\/\",\"name\":\"Facteurs naturels Magn\u00e9sium Bisglycinate 100 plus L-Th\u00e9anine 250 mg (90 capsules) - ECO Supplements\",\"isPartOf\":{\"@id\":\"https:\\\/\\\/ecosupplements.be\\\/fr\\\/#website\"},\"primaryImageOfPage\":{\"@id\":\"https:\\\/\\\/ecosupplements.be\\\/fr\\\/produit\\\/natural-factors-magnesium-bisglycinate-100-plus-l-theanine-250-mg-90-capsules\\\/#primaryimage\"},\"image\":{\"@id\":\"https:\\\/\\\/ecosupplements.be\\\/fr\\\/produit\\\/natural-factors-magnesium-bisglycinate-100-plus-l-theanine-250-mg-90-capsules\\\/#primaryimage\"},\"thumbnailUrl\":\"https:\\\/\\\/ecosupplements.be\\\/wp-content\\\/uploads\\\/2025\\\/08\\\/Natural-Factors-Magnesium-Bisglycinate-100-plus-L-Theanine-250-mg-90-Capsules.webp\",\"datePublished\":\"2025-04-23T11:07:14+00:00\",\"dateModified\":\"2025-08-27T17:24:29+00:00\",\"description\":\"Wij hebben een ruime keuze aan producten van Facteurs naturels Magn\u00e9sium Bisglycinate 100 plus L-Th\u00e9anine 250 mg (90 capsules) . Winkel bij Eco Supplements altijd gratis verzending boven 100\u20ac\",\"breadcrumb\":{\"@id\":\"https:\\\/\\\/ecosupplements.be\\\/fr\\\/produit\\\/natural-factors-magnesium-bisglycinate-100-plus-l-theanine-250-mg-90-capsules\\\/#breadcrumb\"},\"inLanguage\":\"fr-FR\",\"potentialAction\":[{\"@type\":\"ReadAction\",\"target\":[\"https:\\\/\\\/ecosupplements.be\\\/fr\\\/produit\\\/natural-factors-magnesium-bisglycinate-100-plus-l-theanine-250-mg-90-capsules\\\/\"]}]},{\"@type\":\"ImageObject\",\"inLanguage\":\"fr-FR\",\"@id\":\"https:\\\/\\\/ecosupplements.be\\\/fr\\\/produit\\\/natural-factors-magnesium-bisglycinate-100-plus-l-theanine-250-mg-90-capsules\\\/#primaryimage\",\"url\":\"https:\\\/\\\/ecosupplements.be\\\/wp-content\\\/uploads\\\/2025\\\/08\\\/Natural-Factors-Magnesium-Bisglycinate-100-plus-L-Theanine-250-mg-90-Capsules.webp\",\"contentUrl\":\"https:\\\/\\\/ecosupplements.be\\\/wp-content\\\/uploads\\\/2025\\\/08\\\/Natural-Factors-Magnesium-Bisglycinate-100-plus-L-Theanine-250-mg-90-Capsules.webp\",\"width\":1000,\"height\":1000},{\"@type\":\"BreadcrumbList\",\"@id\":\"https:\\\/\\\/ecosupplements.be\\\/fr\\\/produit\\\/natural-factors-magnesium-bisglycinate-100-plus-l-theanine-250-mg-90-capsules\\\/#breadcrumb\",\"itemListElement\":[{\"@type\":\"ListItem\",\"position\":1,\"name\":\"Home\",\"item\":\"https:\\\/\\\/ecosupplements.be\\\/fr\\\/\"},{\"@type\":\"ListItem\",\"position\":2,\"name\":\"Boutique\",\"item\":\"https:\\\/\\\/ecosupplements.be\\\/fr\\\/boutique\\\/\"},{\"@type\":\"ListItem\",\"position\":3,\"name\":\"Facteurs naturels Magn\u00e9sium Bisglycinate 100 plus L-Th\u00e9anine 250 mg (90 capsules)\"}]},{\"@type\":\"WebSite\",\"@id\":\"https:\\\/\\\/ecosupplements.be\\\/fr\\\/#website\",\"url\":\"https:\\\/\\\/ecosupplements.be\\\/fr\\\/\",\"name\":\"ECO Supplements\",\"description\":\"Eco Supplements - Gezonde supplementen\",\"publisher\":{\"@id\":\"https:\\\/\\\/ecosupplements.be\\\/fr\\\/#organization\"},\"potentialAction\":[{\"@type\":\"SearchAction\",\"target\":{\"@type\":\"EntryPoint\",\"urlTemplate\":\"https:\\\/\\\/ecosupplements.be\\\/fr\\\/?s={search_term_string}\"},\"query-input\":{\"@type\":\"PropertyValueSpecification\",\"valueRequired\":true,\"valueName\":\"search_term_string\"}}],\"inLanguage\":\"fr-FR\"},{\"@type\":\"Organization\",\"@id\":\"https:\\\/\\\/ecosupplements.be\\\/fr\\\/#organization\",\"name\":\"Eco Supplements\",\"url\":\"https:\\\/\\\/ecosupplements.be\\\/fr\\\/\",\"logo\":{\"@type\":\"ImageObject\",\"inLanguage\":\"fr-FR\",\"@id\":\"https:\\\/\\\/ecosupplements.be\\\/fr\\\/#\\\/schema\\\/logo\\\/image\\\/\",\"url\":\"https:\\\/\\\/ecosupplements.be\\\/wp-content\\\/uploads\\\/2022\\\/06\\\/ecosupplement-family.png\",\"contentUrl\":\"https:\\\/\\\/ecosupplements.be\\\/wp-content\\\/uploads\\\/2022\\\/06\\\/ecosupplement-family.png\",\"width\":593,\"height\":374,\"caption\":\"Eco Supplements\"},\"image\":{\"@id\":\"https:\\\/\\\/ecosupplements.be\\\/fr\\\/#\\\/schema\\\/logo\\\/image\\\/\"}}]}<\/script>\n<meta property=\"product:brand\" content=\"Natural Factors\" \/>\n<meta property=\"product:price:amount\" content=\"17.35\" \/>\n<meta property=\"product:price:currency\" content=\"EUR\" \/>\n<meta property=\"og:availability\" content=\"instock\" \/>\n<meta property=\"product:availability\" content=\"instock\" \/>\n<meta property=\"product:retailer_item_id\" content=\"627765028683\" \/>\n<meta property=\"product:condition\" content=\"new\" \/>\n<!-- \/ Yoast SEO Premium plugin. -->","yoast_head_json":{"title":"Facteurs naturels Magn\u00e9sium Bisglycinate 100 plus L-Th\u00e9anine 250 mg (90 capsules) - ECO Supplements","description":"Wij hebben een ruime keuze aan producten van Facteurs naturels Magn\u00e9sium Bisglycinate 100 plus L-Th\u00e9anine 250 mg (90 capsules) . Winkel bij Eco Supplements altijd gratis verzending boven 100\u20ac","robots":{"index":"index","follow":"follow","max-snippet":"max-snippet:-1","max-image-preview":"max-image-preview:large","max-video-preview":"max-video-preview:-1"},"canonical":"https:\/\/ecosupplements.be\/fr\/produit\/natural-factors-magnesium-bisglycinate-100-plus-l-theanine-250-mg-90-capsules\/","og_locale":"fr_FR","og_type":"article","og_title":"Facteurs naturels Magn\u00e9sium Bisglycinate 100 plus L-Th\u00e9anine 250 mg (90 capsules)","og_description":"Wij hebben een ruime keuze aan producten van Facteurs naturels Magn\u00e9sium Bisglycinate 100 plus L-Th\u00e9anine 250 mg (90 capsules) . Winkel bij Eco Supplements altijd gratis verzending boven 100\u20ac","og_url":"https:\/\/ecosupplements.be\/fr\/produit\/natural-factors-magnesium-bisglycinate-100-plus-l-theanine-250-mg-90-capsules\/","og_site_name":"ECO Supplements","article_modified_time":"2025-08-27T17:24:29+00:00","og_image":[{"width":1000,"height":1000,"url":"https:\/\/ecosupplements.be\/wp-content\/uploads\/2025\/08\/Natural-Factors-Natural-Factors-Magnesium-Bisglycinate-100-plus-L-Theanine-250-mg-90-Capsules.webp","type":"image\/webp"}],"twitter_card":"summary_large_image","twitter_misc":{"Prix":"17.35&nbsp;&euro;","Disponibilit\u00e9":"En stock"},"schema":{"@context":"https:\/\/schema.org","@graph":[{"@type":["WebPage","ItemPage"],"@id":"https:\/\/ecosupplements.be\/fr\/produit\/natural-factors-magnesium-bisglycinate-100-plus-l-theanine-250-mg-90-capsules\/","url":"https:\/\/ecosupplements.be\/fr\/produit\/natural-factors-magnesium-bisglycinate-100-plus-l-theanine-250-mg-90-capsules\/","name":"Facteurs naturels Magn\u00e9sium Bisglycinate 100 plus L-Th\u00e9anine 250 mg (90 capsules) - ECO Supplements","isPartOf":{"@id":"https:\/\/ecosupplements.be\/fr\/#website"},"primaryImageOfPage":{"@id":"https:\/\/ecosupplements.be\/fr\/produit\/natural-factors-magnesium-bisglycinate-100-plus-l-theanine-250-mg-90-capsules\/#primaryimage"},"image":{"@id":"https:\/\/ecosupplements.be\/fr\/produit\/natural-factors-magnesium-bisglycinate-100-plus-l-theanine-250-mg-90-capsules\/#primaryimage"},"thumbnailUrl":"https:\/\/ecosupplements.be\/wp-content\/uploads\/2025\/08\/Natural-Factors-Magnesium-Bisglycinate-100-plus-L-Theanine-250-mg-90-Capsules.webp","datePublished":"2025-04-23T11:07:14+00:00","dateModified":"2025-08-27T17:24:29+00:00","description":"Wij hebben een ruime keuze aan producten van Facteurs naturels Magn\u00e9sium Bisglycinate 100 plus L-Th\u00e9anine 250 mg (90 capsules) . Winkel bij Eco Supplements altijd gratis verzending boven 100\u20ac","breadcrumb":{"@id":"https:\/\/ecosupplements.be\/fr\/produit\/natural-factors-magnesium-bisglycinate-100-plus-l-theanine-250-mg-90-capsules\/#breadcrumb"},"inLanguage":"fr-FR","potentialAction":[{"@type":"ReadAction","target":["https:\/\/ecosupplements.be\/fr\/produit\/natural-factors-magnesium-bisglycinate-100-plus-l-theanine-250-mg-90-capsules\/"]}]},{"@type":"ImageObject","inLanguage":"fr-FR","@id":"https:\/\/ecosupplements.be\/fr\/produit\/natural-factors-magnesium-bisglycinate-100-plus-l-theanine-250-mg-90-capsules\/#primaryimage","url":"https:\/\/ecosupplements.be\/wp-content\/uploads\/2025\/08\/Natural-Factors-Magnesium-Bisglycinate-100-plus-L-Theanine-250-mg-90-Capsules.webp","contentUrl":"https:\/\/ecosupplements.be\/wp-content\/uploads\/2025\/08\/Natural-Factors-Magnesium-Bisglycinate-100-plus-L-Theanine-250-mg-90-Capsules.webp","width":1000,"height":1000},{"@type":"BreadcrumbList","@id":"https:\/\/ecosupplements.be\/fr\/produit\/natural-factors-magnesium-bisglycinate-100-plus-l-theanine-250-mg-90-capsules\/#breadcrumb","itemListElement":[{"@type":"ListItem","position":1,"name":"Home","item":"https:\/\/ecosupplements.be\/fr\/"},{"@type":"ListItem","position":2,"name":"Boutique","item":"https:\/\/ecosupplements.be\/fr\/boutique\/"},{"@type":"ListItem","position":3,"name":"Facteurs naturels Magn\u00e9sium Bisglycinate 100 plus L-Th\u00e9anine 250 mg (90 capsules)"}]},{"@type":"WebSite","@id":"https:\/\/ecosupplements.be\/fr\/#website","url":"https:\/\/ecosupplements.be\/fr\/","name":"ECO Supplements","description":"Eco Supplements - Gezonde supplementen","publisher":{"@id":"https:\/\/ecosupplements.be\/fr\/#organization"},"potentialAction":[{"@type":"SearchAction","target":{"@type":"EntryPoint","urlTemplate":"https:\/\/ecosupplements.be\/fr\/?s={search_term_string}"},"query-input":{"@type":"PropertyValueSpecification","valueRequired":true,"valueName":"search_term_string"}}],"inLanguage":"fr-FR"},{"@type":"Organization","@id":"https:\/\/ecosupplements.be\/fr\/#organization","name":"Eco Supplements","url":"https:\/\/ecosupplements.be\/fr\/","logo":{"@type":"ImageObject","inLanguage":"fr-FR","@id":"https:\/\/ecosupplements.be\/fr\/#\/schema\/logo\/image\/","url":"https:\/\/ecosupplements.be\/wp-content\/uploads\/2022\/06\/ecosupplement-family.png","contentUrl":"https:\/\/ecosupplements.be\/wp-content\/uploads\/2022\/06\/ecosupplement-family.png","width":593,"height":374,"caption":"Eco Supplements"},"image":{"@id":"https:\/\/ecosupplements.be\/fr\/#\/schema\/logo\/image\/"}}]},"product_brand":"Natural Factors","product_price_amount":"17.35","product_price_currency":"EUR","og_availability":"instock","product_availability":"instock","product_retailer_item_id":"627765028683","product_condition":"new"},"_links":{"self":[{"href":"https:\/\/ecosupplements.be\/fr\/wp-json\/wp\/v2\/product\/295909","targetHints":{"allow":["GET"]}}],"collection":[{"href":"https:\/\/ecosupplements.be\/fr\/wp-json\/wp\/v2\/product"}],"about":[{"href":"https:\/\/ecosupplements.be\/fr\/wp-json\/wp\/v2\/types\/product"}],"replies":[{"embeddable":true,"href":"https:\/\/ecosupplements.be\/fr\/wp-json\/wp\/v2\/comments?post=295909"}],"wp:featuredmedia":[{"embeddable":true,"href":"https:\/\/ecosupplements.be\/fr\/wp-json\/wp\/v2\/media\/269839"}],"wp:attachment":[{"href":"https:\/\/ecosupplements.be\/fr\/wp-json\/wp\/v2\/media?parent=295909"}],"wp:term":[{"taxonomy":"product_brand","embeddable":true,"href":"https:\/\/ecosupplements.be\/fr\/wp-json\/wp\/v2\/product_brand?post=295909"},{"taxonomy":"product_cat","embeddable":true,"href":"https:\/\/ecosupplements.be\/fr\/wp-json\/wp\/v2\/product_cat?post=295909"},{"taxonomy":"product_tag","embeddable":true,"href":"https:\/\/ecosupplements.be\/fr\/wp-json\/wp\/v2\/product_tag?post=295909"}],"curies":[{"name":"wp","href":"https:\/\/api.w.org\/{rel}","templated":true}]}}