{"id":295918,"date":"2025-04-23T12:08:24","date_gmt":"2025-04-23T11:08:24","guid":{"rendered":"https:\/\/ecosupplements.be\/product\/natural-factors-melatonin-5-mg-180-tablets-peppermint\/"},"modified":"2025-08-27T18:24:38","modified_gmt":"2025-08-27T17:24:38","slug":"natural-factors-melatonin-5-mg-180-tablets-peppermint","status":"publish","type":"product","link":"https:\/\/ecosupplements.be\/fr\/produit\/natural-factors-melatonin-5-mg-180-tablets-peppermint\/","title":{"rendered":"Facteurs naturels M\u00e9latonine 5 mg (180 comprim\u00e9s, menthe poivr\u00e9e)"},"content":{"rendered":"<h2>Natural Factors Melatonin 5 mg (180 Tablets, Peppermint)<\/h2>\n<p>D\u00e9couvrez les comprim\u00e9s de m\u00e9lisse \u00e0 la menthe poivr\u00e9e de Natural Factors, un choix parfait pour ceux qui appr\u00e9cient les ingr\u00e9dients naturels dans un mode de vie sain. Chaque tablette est formul\u00e9e avec soin pour garantir une grande puret\u00e9 et une origine naturelle des composants.<\/p>\n<h3>Caract\u00e9ristiques du produit :<\/h3>\n<ul>\n<li><strong>Nom du produit :<\/strong> Natural Factors Melatonin 5 mg<\/li>\n<li><strong>Marque :<\/strong> Natural Factors<\/li>\n<li><strong>Ingr\u00e9dients principaux :<\/strong> M\u00e9lisse \u00e0 base de sources naturelles<\/li>\n<li><strong>Contenu et emballage :<\/strong> Bo\u00eete contenant 180 comprim\u00e9s au go\u00fbt rafra\u00eechissant de menthe poivr\u00e9e.<\/li>\n<li><strong>Utilisation :<\/strong> Suivre les indications sur l&#8217;emballage pour le dosage quotidien recommand\u00e9.<\/li>\n<\/ul>\n<p>Ces comprim\u00e9s sont con\u00e7us pour \u00eatre int\u00e9gr\u00e9s facilement dans votre routine quotidienne gr\u00e2ce \u00e0 leur format pratique et leur agr\u00e9able saveur de menthe. Un compl\u00e9ment simple pour un usage quotidien qui s&#8217;inscrit dans une d\u00e9marche respectueuse des choix naturels.<\/p>\n<p>Faites le choix d&#8217;un produit \u00e9labor\u00e9 avec attention,id\u00e9al pour ceux qui recherchent qualit\u00e9 et naturalit\u00e9 sans compromis.<\/p>\n","protected":false},"excerpt":{"rendered":"<p>Natural Factors Melatonin 5 mg (180 Tablets, Peppermint) D\u00e9couvrez les comprim\u00e9s de m\u00e9lisse \u00e0 la menthe poivr\u00e9e de Natural Factors, un choix parfait pour ceux qui appr\u00e9cient les ingr\u00e9dients naturels dans un mode de vie sain. Chaque tablette est formul\u00e9e avec soin pour garantir une grande puret\u00e9 et une origine naturelle des composants. Caract\u00e9ristiques du [&#8230;]\n","protected":false},"featured_media":269848,"comment_status":"closed","ping_status":"closed","template":"","meta":[],"product_brand":[5312],"product_cat":[],"product_tag":[],"class_list":{"0":"post-295918","1":"product","2":"type-product","3":"status-publish","4":"has-post-thumbnail","6":"product_brand-natural-factors-2","8":"first","9":"instock","10":"taxable","11":"shipping-taxable","12":"purchasable","13":"product-type-simple"},"yoast_head":"<!-- This site is optimized with the Yoast SEO Premium plugin v27.5 (Yoast SEO v27.5) - https:\/\/yoast.com\/product\/yoast-seo-premium-wordpress\/ -->\n<title>Facteurs naturels M\u00e9latonine 5 mg (180 comprim\u00e9s, menthe poivr\u00e9e) - ECO Supplements<\/title>\n<meta name=\"description\" content=\"Wij hebben een ruime keuze aan producten van Facteurs naturels M\u00e9latonine 5 mg (180 comprim\u00e9s, menthe poivr\u00e9e) . Winkel bij Eco Supplements altijd gratis verzending boven 100\u20ac\" \/>\n<meta name=\"robots\" content=\"index, follow, max-snippet:-1, max-image-preview:large, max-video-preview:-1\" \/>\n<link rel=\"canonical\" href=\"https:\/\/ecosupplements.be\/fr\/produit\/natural-factors-melatonin-5-mg-180-tablets-peppermint\/\" \/>\n<meta property=\"og:locale\" content=\"fr_FR\" \/>\n<meta property=\"og:type\" content=\"article\" \/>\n<meta property=\"og:title\" content=\"Facteurs naturels M\u00e9latonine 5 mg (180 comprim\u00e9s, menthe poivr\u00e9e)\" \/>\n<meta property=\"og:description\" content=\"Wij hebben een ruime keuze aan producten van Facteurs naturels M\u00e9latonine 5 mg (180 comprim\u00e9s, menthe poivr\u00e9e) . Winkel bij Eco Supplements altijd gratis verzending boven 100\u20ac\" \/>\n<meta property=\"og:url\" content=\"https:\/\/ecosupplements.be\/fr\/produit\/natural-factors-melatonin-5-mg-180-tablets-peppermint\/\" \/>\n<meta property=\"og:site_name\" content=\"ECO Supplements\" \/>\n<meta property=\"article:modified_time\" content=\"2025-08-27T17:24:38+00:00\" \/>\n<meta property=\"og:image\" content=\"https:\/\/ecosupplements.be\/wp-content\/uploads\/2025\/08\/Natural-Factors-Melatonin-5-mg-180-Tablets-Peppermint.webp\" \/>\n\t<meta property=\"og:image:width\" content=\"1000\" \/>\n\t<meta property=\"og:image:height\" content=\"1000\" \/>\n\t<meta property=\"og:image:type\" content=\"image\/webp\" \/>\n<meta name=\"twitter:card\" content=\"summary_large_image\" \/>\n<meta name=\"twitter:label1\" content=\"Prix\" \/>\n\t<meta name=\"twitter:data1\" content=\"6.95&nbsp;&euro;\" \/>\n\t<meta name=\"twitter:label2\" content=\"Disponibilit\u00e9\" \/>\n\t<meta name=\"twitter:data2\" content=\"En stock\" \/>\n<script type=\"application\/ld+json\" class=\"yoast-schema-graph\">{\"@context\":\"https:\\\/\\\/schema.org\",\"@graph\":[{\"@type\":[\"WebPage\",\"ItemPage\"],\"@id\":\"https:\\\/\\\/ecosupplements.be\\\/fr\\\/produit\\\/natural-factors-melatonin-5-mg-180-tablets-peppermint\\\/\",\"url\":\"https:\\\/\\\/ecosupplements.be\\\/fr\\\/produit\\\/natural-factors-melatonin-5-mg-180-tablets-peppermint\\\/\",\"name\":\"Facteurs naturels M\u00e9latonine 5 mg (180 comprim\u00e9s, menthe poivr\u00e9e) - ECO Supplements\",\"isPartOf\":{\"@id\":\"https:\\\/\\\/ecosupplements.be\\\/fr\\\/#website\"},\"primaryImageOfPage\":{\"@id\":\"https:\\\/\\\/ecosupplements.be\\\/fr\\\/produit\\\/natural-factors-melatonin-5-mg-180-tablets-peppermint\\\/#primaryimage\"},\"image\":{\"@id\":\"https:\\\/\\\/ecosupplements.be\\\/fr\\\/produit\\\/natural-factors-melatonin-5-mg-180-tablets-peppermint\\\/#primaryimage\"},\"thumbnailUrl\":\"https:\\\/\\\/ecosupplements.be\\\/wp-content\\\/uploads\\\/2025\\\/08\\\/Natural-Factors-Melatonin-5-mg-180-Tablets-Peppermint.webp\",\"datePublished\":\"2025-04-23T11:08:24+00:00\",\"dateModified\":\"2025-08-27T17:24:38+00:00\",\"description\":\"Wij hebben een ruime keuze aan producten van Facteurs naturels M\u00e9latonine 5 mg (180 comprim\u00e9s, menthe poivr\u00e9e) . Winkel bij Eco Supplements altijd gratis verzending boven 100\u20ac\",\"breadcrumb\":{\"@id\":\"https:\\\/\\\/ecosupplements.be\\\/fr\\\/produit\\\/natural-factors-melatonin-5-mg-180-tablets-peppermint\\\/#breadcrumb\"},\"inLanguage\":\"fr-FR\",\"potentialAction\":[{\"@type\":\"ReadAction\",\"target\":[\"https:\\\/\\\/ecosupplements.be\\\/fr\\\/produit\\\/natural-factors-melatonin-5-mg-180-tablets-peppermint\\\/\"]}]},{\"@type\":\"ImageObject\",\"inLanguage\":\"fr-FR\",\"@id\":\"https:\\\/\\\/ecosupplements.be\\\/fr\\\/produit\\\/natural-factors-melatonin-5-mg-180-tablets-peppermint\\\/#primaryimage\",\"url\":\"https:\\\/\\\/ecosupplements.be\\\/wp-content\\\/uploads\\\/2025\\\/08\\\/Natural-Factors-Melatonin-5-mg-180-Tablets-Peppermint.webp\",\"contentUrl\":\"https:\\\/\\\/ecosupplements.be\\\/wp-content\\\/uploads\\\/2025\\\/08\\\/Natural-Factors-Melatonin-5-mg-180-Tablets-Peppermint.webp\",\"width\":1000,\"height\":1000},{\"@type\":\"BreadcrumbList\",\"@id\":\"https:\\\/\\\/ecosupplements.be\\\/fr\\\/produit\\\/natural-factors-melatonin-5-mg-180-tablets-peppermint\\\/#breadcrumb\",\"itemListElement\":[{\"@type\":\"ListItem\",\"position\":1,\"name\":\"Home\",\"item\":\"https:\\\/\\\/ecosupplements.be\\\/fr\\\/\"},{\"@type\":\"ListItem\",\"position\":2,\"name\":\"Boutique\",\"item\":\"https:\\\/\\\/ecosupplements.be\\\/fr\\\/boutique\\\/\"},{\"@type\":\"ListItem\",\"position\":3,\"name\":\"Facteurs naturels M\u00e9latonine 5 mg (180 comprim\u00e9s, menthe poivr\u00e9e)\"}]},{\"@type\":\"WebSite\",\"@id\":\"https:\\\/\\\/ecosupplements.be\\\/fr\\\/#website\",\"url\":\"https:\\\/\\\/ecosupplements.be\\\/fr\\\/\",\"name\":\"ECO Supplements\",\"description\":\"Eco Supplements - Gezonde supplementen\",\"publisher\":{\"@id\":\"https:\\\/\\\/ecosupplements.be\\\/fr\\\/#organization\"},\"potentialAction\":[{\"@type\":\"SearchAction\",\"target\":{\"@type\":\"EntryPoint\",\"urlTemplate\":\"https:\\\/\\\/ecosupplements.be\\\/fr\\\/?s={search_term_string}\"},\"query-input\":{\"@type\":\"PropertyValueSpecification\",\"valueRequired\":true,\"valueName\":\"search_term_string\"}}],\"inLanguage\":\"fr-FR\"},{\"@type\":\"Organization\",\"@id\":\"https:\\\/\\\/ecosupplements.be\\\/fr\\\/#organization\",\"name\":\"Eco Supplements\",\"url\":\"https:\\\/\\\/ecosupplements.be\\\/fr\\\/\",\"logo\":{\"@type\":\"ImageObject\",\"inLanguage\":\"fr-FR\",\"@id\":\"https:\\\/\\\/ecosupplements.be\\\/fr\\\/#\\\/schema\\\/logo\\\/image\\\/\",\"url\":\"https:\\\/\\\/ecosupplements.be\\\/wp-content\\\/uploads\\\/2022\\\/06\\\/ecosupplement-family.png\",\"contentUrl\":\"https:\\\/\\\/ecosupplements.be\\\/wp-content\\\/uploads\\\/2022\\\/06\\\/ecosupplement-family.png\",\"width\":593,\"height\":374,\"caption\":\"Eco Supplements\"},\"image\":{\"@id\":\"https:\\\/\\\/ecosupplements.be\\\/fr\\\/#\\\/schema\\\/logo\\\/image\\\/\"}}]}<\/script>\n<meta property=\"product:brand\" content=\"Natural Factors\" \/>\n<meta property=\"product:price:amount\" content=\"6.95\" \/>\n<meta property=\"product:price:currency\" content=\"EUR\" \/>\n<meta property=\"og:availability\" content=\"instock\" \/>\n<meta property=\"product:availability\" content=\"instock\" \/>\n<meta property=\"product:retailer_item_id\" content=\"627765027181\" \/>\n<meta property=\"product:condition\" content=\"new\" \/>\n<!-- \/ Yoast SEO Premium plugin. -->","yoast_head_json":{"title":"Facteurs naturels M\u00e9latonine 5 mg (180 comprim\u00e9s, menthe poivr\u00e9e) - ECO Supplements","description":"Wij hebben een ruime keuze aan producten van Facteurs naturels M\u00e9latonine 5 mg (180 comprim\u00e9s, menthe poivr\u00e9e) . Winkel bij Eco Supplements altijd gratis verzending boven 100\u20ac","robots":{"index":"index","follow":"follow","max-snippet":"max-snippet:-1","max-image-preview":"max-image-preview:large","max-video-preview":"max-video-preview:-1"},"canonical":"https:\/\/ecosupplements.be\/fr\/produit\/natural-factors-melatonin-5-mg-180-tablets-peppermint\/","og_locale":"fr_FR","og_type":"article","og_title":"Facteurs naturels M\u00e9latonine 5 mg (180 comprim\u00e9s, menthe poivr\u00e9e)","og_description":"Wij hebben een ruime keuze aan producten van Facteurs naturels M\u00e9latonine 5 mg (180 comprim\u00e9s, menthe poivr\u00e9e) . Winkel bij Eco Supplements altijd gratis verzending boven 100\u20ac","og_url":"https:\/\/ecosupplements.be\/fr\/produit\/natural-factors-melatonin-5-mg-180-tablets-peppermint\/","og_site_name":"ECO Supplements","article_modified_time":"2025-08-27T17:24:38+00:00","og_image":[{"width":1000,"height":1000,"url":"https:\/\/ecosupplements.be\/wp-content\/uploads\/2025\/08\/Natural-Factors-Melatonin-5-mg-180-Tablets-Peppermint.webp","type":"image\/webp"}],"twitter_card":"summary_large_image","twitter_misc":{"Prix":"6.95&nbsp;&euro;","Disponibilit\u00e9":"En stock"},"schema":{"@context":"https:\/\/schema.org","@graph":[{"@type":["WebPage","ItemPage"],"@id":"https:\/\/ecosupplements.be\/fr\/produit\/natural-factors-melatonin-5-mg-180-tablets-peppermint\/","url":"https:\/\/ecosupplements.be\/fr\/produit\/natural-factors-melatonin-5-mg-180-tablets-peppermint\/","name":"Facteurs naturels M\u00e9latonine 5 mg (180 comprim\u00e9s, menthe poivr\u00e9e) - ECO Supplements","isPartOf":{"@id":"https:\/\/ecosupplements.be\/fr\/#website"},"primaryImageOfPage":{"@id":"https:\/\/ecosupplements.be\/fr\/produit\/natural-factors-melatonin-5-mg-180-tablets-peppermint\/#primaryimage"},"image":{"@id":"https:\/\/ecosupplements.be\/fr\/produit\/natural-factors-melatonin-5-mg-180-tablets-peppermint\/#primaryimage"},"thumbnailUrl":"https:\/\/ecosupplements.be\/wp-content\/uploads\/2025\/08\/Natural-Factors-Melatonin-5-mg-180-Tablets-Peppermint.webp","datePublished":"2025-04-23T11:08:24+00:00","dateModified":"2025-08-27T17:24:38+00:00","description":"Wij hebben een ruime keuze aan producten van Facteurs naturels M\u00e9latonine 5 mg (180 comprim\u00e9s, menthe poivr\u00e9e) . Winkel bij Eco Supplements altijd gratis verzending boven 100\u20ac","breadcrumb":{"@id":"https:\/\/ecosupplements.be\/fr\/produit\/natural-factors-melatonin-5-mg-180-tablets-peppermint\/#breadcrumb"},"inLanguage":"fr-FR","potentialAction":[{"@type":"ReadAction","target":["https:\/\/ecosupplements.be\/fr\/produit\/natural-factors-melatonin-5-mg-180-tablets-peppermint\/"]}]},{"@type":"ImageObject","inLanguage":"fr-FR","@id":"https:\/\/ecosupplements.be\/fr\/produit\/natural-factors-melatonin-5-mg-180-tablets-peppermint\/#primaryimage","url":"https:\/\/ecosupplements.be\/wp-content\/uploads\/2025\/08\/Natural-Factors-Melatonin-5-mg-180-Tablets-Peppermint.webp","contentUrl":"https:\/\/ecosupplements.be\/wp-content\/uploads\/2025\/08\/Natural-Factors-Melatonin-5-mg-180-Tablets-Peppermint.webp","width":1000,"height":1000},{"@type":"BreadcrumbList","@id":"https:\/\/ecosupplements.be\/fr\/produit\/natural-factors-melatonin-5-mg-180-tablets-peppermint\/#breadcrumb","itemListElement":[{"@type":"ListItem","position":1,"name":"Home","item":"https:\/\/ecosupplements.be\/fr\/"},{"@type":"ListItem","position":2,"name":"Boutique","item":"https:\/\/ecosupplements.be\/fr\/boutique\/"},{"@type":"ListItem","position":3,"name":"Facteurs naturels M\u00e9latonine 5 mg (180 comprim\u00e9s, menthe poivr\u00e9e)"}]},{"@type":"WebSite","@id":"https:\/\/ecosupplements.be\/fr\/#website","url":"https:\/\/ecosupplements.be\/fr\/","name":"ECO Supplements","description":"Eco Supplements - Gezonde supplementen","publisher":{"@id":"https:\/\/ecosupplements.be\/fr\/#organization"},"potentialAction":[{"@type":"SearchAction","target":{"@type":"EntryPoint","urlTemplate":"https:\/\/ecosupplements.be\/fr\/?s={search_term_string}"},"query-input":{"@type":"PropertyValueSpecification","valueRequired":true,"valueName":"search_term_string"}}],"inLanguage":"fr-FR"},{"@type":"Organization","@id":"https:\/\/ecosupplements.be\/fr\/#organization","name":"Eco Supplements","url":"https:\/\/ecosupplements.be\/fr\/","logo":{"@type":"ImageObject","inLanguage":"fr-FR","@id":"https:\/\/ecosupplements.be\/fr\/#\/schema\/logo\/image\/","url":"https:\/\/ecosupplements.be\/wp-content\/uploads\/2022\/06\/ecosupplement-family.png","contentUrl":"https:\/\/ecosupplements.be\/wp-content\/uploads\/2022\/06\/ecosupplement-family.png","width":593,"height":374,"caption":"Eco Supplements"},"image":{"@id":"https:\/\/ecosupplements.be\/fr\/#\/schema\/logo\/image\/"}}]},"product_brand":"Natural Factors","product_price_amount":"6.95","product_price_currency":"EUR","og_availability":"instock","product_availability":"instock","product_retailer_item_id":"627765027181","product_condition":"new"},"_links":{"self":[{"href":"https:\/\/ecosupplements.be\/fr\/wp-json\/wp\/v2\/product\/295918","targetHints":{"allow":["GET"]}}],"collection":[{"href":"https:\/\/ecosupplements.be\/fr\/wp-json\/wp\/v2\/product"}],"about":[{"href":"https:\/\/ecosupplements.be\/fr\/wp-json\/wp\/v2\/types\/product"}],"replies":[{"embeddable":true,"href":"https:\/\/ecosupplements.be\/fr\/wp-json\/wp\/v2\/comments?post=295918"}],"wp:featuredmedia":[{"embeddable":true,"href":"https:\/\/ecosupplements.be\/fr\/wp-json\/wp\/v2\/media\/269848"}],"wp:attachment":[{"href":"https:\/\/ecosupplements.be\/fr\/wp-json\/wp\/v2\/media?parent=295918"}],"wp:term":[{"taxonomy":"product_brand","embeddable":true,"href":"https:\/\/ecosupplements.be\/fr\/wp-json\/wp\/v2\/product_brand?post=295918"},{"taxonomy":"product_cat","embeddable":true,"href":"https:\/\/ecosupplements.be\/fr\/wp-json\/wp\/v2\/product_cat?post=295918"},{"taxonomy":"product_tag","embeddable":true,"href":"https:\/\/ecosupplements.be\/fr\/wp-json\/wp\/v2\/product_tag?post=295918"}],"curies":[{"name":"wp","href":"https:\/\/api.w.org\/{rel}","templated":true}]}}