{"id":295930,"date":"2025-04-23T12:40:22","date_gmt":"2025-04-23T11:40:22","guid":{"rendered":"https:\/\/ecosupplements.be\/product\/double-wood-supplements-acetyl-l-carnitine-150-capsules\/"},"modified":"2025-08-27T18:24:51","modified_gmt":"2025-08-27T17:24:51","slug":"double-wood-supplements-acetyl-l-carnitine-150-capsules","status":"publish","type":"product","link":"https:\/\/ecosupplements.be\/fr\/produit\/double-wood-supplements-acetyl-l-carnitine-150-capsules\/","title":{"rendered":"Compl\u00e9ments alimentaires Double Wood Ac\u00e9tyl L-Carnitine (150 capsules)"},"content":{"rendered":"<h2>Double wood Supplements Acetyl L-Carnitine (150 Capsules)<\/h2>\n<p>D\u00e9couvrez les capsules d&#8217;Acetyl L-Carnitine de Double Wood Supplements, con\u00e7ues pour s&#8217;int\u00e9grer harmonieusement \u00e0 votre quotidien. Chaque flacon contient 150 capsules,fabriqu\u00e9es avec des ingr\u00e9dients de haute qualit\u00e9 et d&#8217;origine naturelle.<\/p>\n<p>Ce produit est un choix parfait pour ceux qui appr\u00e9cient les composants naturels dans un mode de vie actif. Les capsules sont faciles \u00e0 utiliser et peuvent \u00eatre int\u00e9gr\u00e9es simplement dans votre routine quotidienne.<\/p>\n<p><strong>Ingr\u00e9dients principaux :<\/strong> Chaque capsule est formul\u00e9e avec soin, utilisant des ingr\u00e9dients purs pour assurer une exp\u00e9rience de qualit\u00e9 sup\u00e9rieure sans compromis sur le go\u00fbt ou la texture.<\/p>\n<p><strong>Contenu et emballage :<\/strong> Le produit est pr\u00e9sent\u00e9 dans un emballage pratique,contenant 150 capsules faciles \u00e0 consommer.<\/p>\n<p><strong>Utilisation :<\/strong> Pour une utilisation optimale, suivre les instructions sur l&#8217;emballage ou consulter les recommandations g\u00e9n\u00e9rales d&#8217;utilisation quotidienne.<\/p>\n<p>Ces capsules sont un excellent ajout \u00e0 votre routine, vous permettant de profiter d&#8217;un produit de qualit\u00e9 au quotidien. Elles s&#8217;int\u00e8grent facilement sans perturber votre emploi du temps charg\u00e9 gr\u00e2ce \u00e0 leur format pratique.<\/p>\n","protected":false},"excerpt":{"rendered":"<p>Double wood Supplements Acetyl L-Carnitine (150 Capsules) D\u00e9couvrez les capsules d&#8217;Acetyl L-Carnitine de Double Wood Supplements, con\u00e7ues pour s&#8217;int\u00e9grer harmonieusement \u00e0 votre quotidien. Chaque flacon contient 150 capsules,fabriqu\u00e9es avec des ingr\u00e9dients de haute qualit\u00e9 et d&#8217;origine naturelle. Ce produit est un choix parfait pour ceux qui appr\u00e9cient les composants naturels dans un mode de vie [&#8230;]\n","protected":false},"featured_media":269860,"comment_status":"closed","ping_status":"open","template":"","meta":[],"product_brand":[5328],"product_cat":[5052],"product_tag":[],"class_list":{"0":"post-295930","1":"product","2":"type-product","3":"status-publish","4":"has-post-thumbnail","6":"product_brand-double-wood-supplements-2","7":"product_cat-sante-et-bien-etre","9":"first","10":"instock","11":"taxable","12":"shipping-taxable","13":"purchasable","14":"product-type-simple"},"yoast_head":"<!-- This site is optimized with the Yoast SEO Premium plugin v27.3 (Yoast SEO v27.3) - https:\/\/yoast.com\/product\/yoast-seo-premium-wordpress\/ -->\n<title>Compl\u00e9ments alimentaires Double Wood Ac\u00e9tyl L-Carnitine (150 capsules) - ECO Supplements<\/title>\n<meta name=\"description\" content=\"Wij hebben een ruime keuze aan producten van Compl\u00e9ments alimentaires Double Wood Ac\u00e9tyl L-Carnitine (150 capsules) . Winkel bij Eco Supplements altijd gratis verzending boven 100\u20ac\" \/>\n<meta name=\"robots\" content=\"index, follow, max-snippet:-1, max-image-preview:large, max-video-preview:-1\" \/>\n<link rel=\"canonical\" href=\"https:\/\/ecosupplements.be\/fr\/produit\/double-wood-supplements-acetyl-l-carnitine-150-capsules\/\" \/>\n<meta property=\"og:locale\" content=\"fr_FR\" \/>\n<meta property=\"og:type\" content=\"article\" \/>\n<meta property=\"og:title\" content=\"Compl\u00e9ments alimentaires Double Wood Ac\u00e9tyl L-Carnitine (150 capsules)\" \/>\n<meta property=\"og:description\" content=\"Wij hebben een ruime keuze aan producten van Compl\u00e9ments alimentaires Double Wood Ac\u00e9tyl L-Carnitine (150 capsules) . Winkel bij Eco Supplements altijd gratis verzending boven 100\u20ac\" \/>\n<meta property=\"og:url\" content=\"https:\/\/ecosupplements.be\/fr\/produit\/double-wood-supplements-acetyl-l-carnitine-150-capsules\/\" \/>\n<meta property=\"og:site_name\" content=\"ECO Supplements\" \/>\n<meta property=\"article:modified_time\" content=\"2025-08-27T17:24:51+00:00\" \/>\n<meta property=\"og:image\" content=\"https:\/\/ecosupplements.be\/wp-content\/uploads\/2025\/08\/Double-Wood-Supplements-Double-Wood-Supplements-Acetyl-L-Carnitine-150-Capsules.webp\" \/>\n\t<meta property=\"og:image:width\" content=\"1000\" \/>\n\t<meta property=\"og:image:height\" content=\"1000\" \/>\n\t<meta property=\"og:image:type\" content=\"image\/webp\" \/>\n<meta name=\"twitter:card\" content=\"summary_large_image\" \/>\n<meta name=\"twitter:label1\" content=\"Prix\" \/>\n\t<meta name=\"twitter:data1\" content=\"29.86&nbsp;&euro;\" \/>\n\t<meta name=\"twitter:label2\" content=\"Disponibilit\u00e9\" \/>\n\t<meta name=\"twitter:data2\" content=\"En stock\" \/>\n<script type=\"application\/ld+json\" class=\"yoast-schema-graph\">{\"@context\":\"https:\\\/\\\/schema.org\",\"@graph\":[{\"@type\":[\"WebPage\",\"ItemPage\"],\"@id\":\"https:\\\/\\\/ecosupplements.be\\\/fr\\\/produit\\\/double-wood-supplements-acetyl-l-carnitine-150-capsules\\\/\",\"url\":\"https:\\\/\\\/ecosupplements.be\\\/fr\\\/produit\\\/double-wood-supplements-acetyl-l-carnitine-150-capsules\\\/\",\"name\":\"Compl\u00e9ments alimentaires Double Wood Ac\u00e9tyl L-Carnitine (150 capsules) - ECO Supplements\",\"isPartOf\":{\"@id\":\"https:\\\/\\\/ecosupplements.be\\\/fr\\\/#website\"},\"primaryImageOfPage\":{\"@id\":\"https:\\\/\\\/ecosupplements.be\\\/fr\\\/produit\\\/double-wood-supplements-acetyl-l-carnitine-150-capsules\\\/#primaryimage\"},\"image\":{\"@id\":\"https:\\\/\\\/ecosupplements.be\\\/fr\\\/produit\\\/double-wood-supplements-acetyl-l-carnitine-150-capsules\\\/#primaryimage\"},\"thumbnailUrl\":\"https:\\\/\\\/ecosupplements.be\\\/wp-content\\\/uploads\\\/2025\\\/08\\\/Double-Wood-Supplements-Acetyl-L-Carnitine-150-Capsules-1.webp\",\"datePublished\":\"2025-04-23T11:40:22+00:00\",\"dateModified\":\"2025-08-27T17:24:51+00:00\",\"description\":\"Wij hebben een ruime keuze aan producten van Compl\u00e9ments alimentaires Double Wood Ac\u00e9tyl L-Carnitine (150 capsules) . Winkel bij Eco Supplements altijd gratis verzending boven 100\u20ac\",\"breadcrumb\":{\"@id\":\"https:\\\/\\\/ecosupplements.be\\\/fr\\\/produit\\\/double-wood-supplements-acetyl-l-carnitine-150-capsules\\\/#breadcrumb\"},\"inLanguage\":\"fr-FR\",\"potentialAction\":[{\"@type\":\"ReadAction\",\"target\":[\"https:\\\/\\\/ecosupplements.be\\\/fr\\\/produit\\\/double-wood-supplements-acetyl-l-carnitine-150-capsules\\\/\"]}]},{\"@type\":\"ImageObject\",\"inLanguage\":\"fr-FR\",\"@id\":\"https:\\\/\\\/ecosupplements.be\\\/fr\\\/produit\\\/double-wood-supplements-acetyl-l-carnitine-150-capsules\\\/#primaryimage\",\"url\":\"https:\\\/\\\/ecosupplements.be\\\/wp-content\\\/uploads\\\/2025\\\/08\\\/Double-Wood-Supplements-Acetyl-L-Carnitine-150-Capsules-1.webp\",\"contentUrl\":\"https:\\\/\\\/ecosupplements.be\\\/wp-content\\\/uploads\\\/2025\\\/08\\\/Double-Wood-Supplements-Acetyl-L-Carnitine-150-Capsules-1.webp\",\"width\":1000,\"height\":1000},{\"@type\":\"BreadcrumbList\",\"@id\":\"https:\\\/\\\/ecosupplements.be\\\/fr\\\/produit\\\/double-wood-supplements-acetyl-l-carnitine-150-capsules\\\/#breadcrumb\",\"itemListElement\":[{\"@type\":\"ListItem\",\"position\":1,\"name\":\"Home\",\"item\":\"https:\\\/\\\/ecosupplements.be\\\/fr\\\/\"},{\"@type\":\"ListItem\",\"position\":2,\"name\":\"Boutique\",\"item\":\"https:\\\/\\\/ecosupplements.be\\\/fr\\\/boutique\\\/\"},{\"@type\":\"ListItem\",\"position\":3,\"name\":\"Compl\u00e9ments alimentaires Double Wood Ac\u00e9tyl L-Carnitine (150 capsules)\"}]},{\"@type\":\"WebSite\",\"@id\":\"https:\\\/\\\/ecosupplements.be\\\/fr\\\/#website\",\"url\":\"https:\\\/\\\/ecosupplements.be\\\/fr\\\/\",\"name\":\"ECO Supplements\",\"description\":\"Eco Supplements - Gezonde supplementen\",\"publisher\":{\"@id\":\"https:\\\/\\\/ecosupplements.be\\\/fr\\\/#organization\"},\"potentialAction\":[{\"@type\":\"SearchAction\",\"target\":{\"@type\":\"EntryPoint\",\"urlTemplate\":\"https:\\\/\\\/ecosupplements.be\\\/fr\\\/?s={search_term_string}\"},\"query-input\":{\"@type\":\"PropertyValueSpecification\",\"valueRequired\":true,\"valueName\":\"search_term_string\"}}],\"inLanguage\":\"fr-FR\"},{\"@type\":\"Organization\",\"@id\":\"https:\\\/\\\/ecosupplements.be\\\/fr\\\/#organization\",\"name\":\"Eco Supplements\",\"url\":\"https:\\\/\\\/ecosupplements.be\\\/fr\\\/\",\"logo\":{\"@type\":\"ImageObject\",\"inLanguage\":\"fr-FR\",\"@id\":\"https:\\\/\\\/ecosupplements.be\\\/fr\\\/#\\\/schema\\\/logo\\\/image\\\/\",\"url\":\"https:\\\/\\\/ecosupplements.be\\\/wp-content\\\/uploads\\\/2022\\\/06\\\/ecosupplement-family.png\",\"contentUrl\":\"https:\\\/\\\/ecosupplements.be\\\/wp-content\\\/uploads\\\/2022\\\/06\\\/ecosupplement-family.png\",\"width\":593,\"height\":374,\"caption\":\"Eco Supplements\"},\"image\":{\"@id\":\"https:\\\/\\\/ecosupplements.be\\\/fr\\\/#\\\/schema\\\/logo\\\/image\\\/\"}}]}<\/script>\n<meta property=\"product:brand\" content=\"Double Wood Supplements\" \/>\n<meta property=\"product:price:amount\" content=\"29.86\" \/>\n<meta property=\"product:price:currency\" content=\"EUR\" \/>\n<meta property=\"og:availability\" content=\"instock\" \/>\n<meta property=\"product:availability\" content=\"instock\" \/>\n<meta property=\"product:retailer_item_id\" content=\"X002CJ59OP\" \/>\n<meta property=\"product:condition\" content=\"new\" \/>\n<!-- \/ Yoast SEO Premium plugin. -->","yoast_head_json":{"title":"Compl\u00e9ments alimentaires Double Wood Ac\u00e9tyl L-Carnitine (150 capsules) - ECO Supplements","description":"Wij hebben een ruime keuze aan producten van Compl\u00e9ments alimentaires Double Wood Ac\u00e9tyl L-Carnitine (150 capsules) . Winkel bij Eco Supplements altijd gratis verzending boven 100\u20ac","robots":{"index":"index","follow":"follow","max-snippet":"max-snippet:-1","max-image-preview":"max-image-preview:large","max-video-preview":"max-video-preview:-1"},"canonical":"https:\/\/ecosupplements.be\/fr\/produit\/double-wood-supplements-acetyl-l-carnitine-150-capsules\/","og_locale":"fr_FR","og_type":"article","og_title":"Compl\u00e9ments alimentaires Double Wood Ac\u00e9tyl L-Carnitine (150 capsules)","og_description":"Wij hebben een ruime keuze aan producten van Compl\u00e9ments alimentaires Double Wood Ac\u00e9tyl L-Carnitine (150 capsules) . Winkel bij Eco Supplements altijd gratis verzending boven 100\u20ac","og_url":"https:\/\/ecosupplements.be\/fr\/produit\/double-wood-supplements-acetyl-l-carnitine-150-capsules\/","og_site_name":"ECO Supplements","article_modified_time":"2025-08-27T17:24:51+00:00","og_image":[{"width":1000,"height":1000,"url":"https:\/\/ecosupplements.be\/wp-content\/uploads\/2025\/08\/Double-Wood-Supplements-Double-Wood-Supplements-Acetyl-L-Carnitine-150-Capsules.webp","type":"image\/webp"}],"twitter_card":"summary_large_image","twitter_misc":{"Prix":"29.86&nbsp;&euro;","Disponibilit\u00e9":"En stock"},"schema":{"@context":"https:\/\/schema.org","@graph":[{"@type":["WebPage","ItemPage"],"@id":"https:\/\/ecosupplements.be\/fr\/produit\/double-wood-supplements-acetyl-l-carnitine-150-capsules\/","url":"https:\/\/ecosupplements.be\/fr\/produit\/double-wood-supplements-acetyl-l-carnitine-150-capsules\/","name":"Compl\u00e9ments alimentaires Double Wood Ac\u00e9tyl L-Carnitine (150 capsules) - ECO Supplements","isPartOf":{"@id":"https:\/\/ecosupplements.be\/fr\/#website"},"primaryImageOfPage":{"@id":"https:\/\/ecosupplements.be\/fr\/produit\/double-wood-supplements-acetyl-l-carnitine-150-capsules\/#primaryimage"},"image":{"@id":"https:\/\/ecosupplements.be\/fr\/produit\/double-wood-supplements-acetyl-l-carnitine-150-capsules\/#primaryimage"},"thumbnailUrl":"https:\/\/ecosupplements.be\/wp-content\/uploads\/2025\/08\/Double-Wood-Supplements-Acetyl-L-Carnitine-150-Capsules-1.webp","datePublished":"2025-04-23T11:40:22+00:00","dateModified":"2025-08-27T17:24:51+00:00","description":"Wij hebben een ruime keuze aan producten van Compl\u00e9ments alimentaires Double Wood Ac\u00e9tyl L-Carnitine (150 capsules) . Winkel bij Eco Supplements altijd gratis verzending boven 100\u20ac","breadcrumb":{"@id":"https:\/\/ecosupplements.be\/fr\/produit\/double-wood-supplements-acetyl-l-carnitine-150-capsules\/#breadcrumb"},"inLanguage":"fr-FR","potentialAction":[{"@type":"ReadAction","target":["https:\/\/ecosupplements.be\/fr\/produit\/double-wood-supplements-acetyl-l-carnitine-150-capsules\/"]}]},{"@type":"ImageObject","inLanguage":"fr-FR","@id":"https:\/\/ecosupplements.be\/fr\/produit\/double-wood-supplements-acetyl-l-carnitine-150-capsules\/#primaryimage","url":"https:\/\/ecosupplements.be\/wp-content\/uploads\/2025\/08\/Double-Wood-Supplements-Acetyl-L-Carnitine-150-Capsules-1.webp","contentUrl":"https:\/\/ecosupplements.be\/wp-content\/uploads\/2025\/08\/Double-Wood-Supplements-Acetyl-L-Carnitine-150-Capsules-1.webp","width":1000,"height":1000},{"@type":"BreadcrumbList","@id":"https:\/\/ecosupplements.be\/fr\/produit\/double-wood-supplements-acetyl-l-carnitine-150-capsules\/#breadcrumb","itemListElement":[{"@type":"ListItem","position":1,"name":"Home","item":"https:\/\/ecosupplements.be\/fr\/"},{"@type":"ListItem","position":2,"name":"Boutique","item":"https:\/\/ecosupplements.be\/fr\/boutique\/"},{"@type":"ListItem","position":3,"name":"Compl\u00e9ments alimentaires Double Wood Ac\u00e9tyl L-Carnitine (150 capsules)"}]},{"@type":"WebSite","@id":"https:\/\/ecosupplements.be\/fr\/#website","url":"https:\/\/ecosupplements.be\/fr\/","name":"ECO Supplements","description":"Eco Supplements - Gezonde supplementen","publisher":{"@id":"https:\/\/ecosupplements.be\/fr\/#organization"},"potentialAction":[{"@type":"SearchAction","target":{"@type":"EntryPoint","urlTemplate":"https:\/\/ecosupplements.be\/fr\/?s={search_term_string}"},"query-input":{"@type":"PropertyValueSpecification","valueRequired":true,"valueName":"search_term_string"}}],"inLanguage":"fr-FR"},{"@type":"Organization","@id":"https:\/\/ecosupplements.be\/fr\/#organization","name":"Eco Supplements","url":"https:\/\/ecosupplements.be\/fr\/","logo":{"@type":"ImageObject","inLanguage":"fr-FR","@id":"https:\/\/ecosupplements.be\/fr\/#\/schema\/logo\/image\/","url":"https:\/\/ecosupplements.be\/wp-content\/uploads\/2022\/06\/ecosupplement-family.png","contentUrl":"https:\/\/ecosupplements.be\/wp-content\/uploads\/2022\/06\/ecosupplement-family.png","width":593,"height":374,"caption":"Eco Supplements"},"image":{"@id":"https:\/\/ecosupplements.be\/fr\/#\/schema\/logo\/image\/"}}]},"product_brand":"Double Wood Supplements","product_price_amount":"29.86","product_price_currency":"EUR","og_availability":"instock","product_availability":"instock","product_retailer_item_id":"X002CJ59OP","product_condition":"new"},"_links":{"self":[{"href":"https:\/\/ecosupplements.be\/fr\/wp-json\/wp\/v2\/product\/295930","targetHints":{"allow":["GET"]}}],"collection":[{"href":"https:\/\/ecosupplements.be\/fr\/wp-json\/wp\/v2\/product"}],"about":[{"href":"https:\/\/ecosupplements.be\/fr\/wp-json\/wp\/v2\/types\/product"}],"replies":[{"embeddable":true,"href":"https:\/\/ecosupplements.be\/fr\/wp-json\/wp\/v2\/comments?post=295930"}],"wp:featuredmedia":[{"embeddable":true,"href":"https:\/\/ecosupplements.be\/fr\/wp-json\/wp\/v2\/media\/269860"}],"wp:attachment":[{"href":"https:\/\/ecosupplements.be\/fr\/wp-json\/wp\/v2\/media?parent=295930"}],"wp:term":[{"taxonomy":"product_brand","embeddable":true,"href":"https:\/\/ecosupplements.be\/fr\/wp-json\/wp\/v2\/product_brand?post=295930"},{"taxonomy":"product_cat","embeddable":true,"href":"https:\/\/ecosupplements.be\/fr\/wp-json\/wp\/v2\/product_cat?post=295930"},{"taxonomy":"product_tag","embeddable":true,"href":"https:\/\/ecosupplements.be\/fr\/wp-json\/wp\/v2\/product_tag?post=295930"}],"curies":[{"name":"wp","href":"https:\/\/api.w.org\/{rel}","templated":true}]}}