{"id":295987,"date":"2025-04-23T12:46:32","date_gmt":"2025-04-23T11:46:32","guid":{"rendered":"https:\/\/ecosupplements.be\/product\/double-wood-supplements-irish-sea-moss-180-capsules\/"},"modified":"2025-08-27T18:25:42","modified_gmt":"2025-08-27T17:25:42","slug":"double-wood-supplements-irish-sea-moss-180-capsules","status":"publish","type":"product","link":"https:\/\/ecosupplements.be\/fr\/produit\/double-wood-supplements-irish-sea-moss-180-capsules\/","title":{"rendered":"Compl\u00e9ments alimentaires Double Wood \u00e0 base de mousse de mer irlandaise (180 capsules)"},"content":{"rendered":"<h2>Double Wood Supplements Irish Sea Moss (180 capsules)<\/h2>\n<p>D\u00e9couvrez les capsules de Mousse de Mer Irlandaise de Double Wood Supplements, un choix parfait pour ceux qui appr\u00e9cient les ingr\u00e9dients naturels dans un mode de vie sain.Chaque capsule est formul\u00e9e avec soin pour int\u00e9grer la qualit\u00e9 et la puret\u00e9 des \u00e9l\u00e9ments naturels.<\/p>\n<p>Ce produit est con\u00e7u \u00e0 partir d&#8217;ingr\u00e9dients d&#8217;origine naturelle,assurant une grande qualit\u00e9 sans ajout superflu. La mousse de mer irlandaise, connue pour sa texture unique, est encapsul\u00e9e dans un format pratique qui facilite son utilisation quotidienne.<\/p>\n<p><strong>Contenu et emballage :<\/strong> le produit est pr\u00e9sent\u00e9 en flacon contenant 180 capsules faciles \u00e0 consommer.<\/p>\n<p><strong>Utilisation :<\/strong> Pour une incorporation simple dans votre routine quotidienne,il est recommand\u00e9 de suivre les instructions sur l&#8217;emballage concernant la dose journali\u00e8re.<\/p>\n<p>Ces capsules sont un excellent compl\u00e9ment \u00e0 votre quotidien, vous permettant d&#8217;int\u00e9grer facilement des \u00e9l\u00e9ments issus de la nature dans votre alimentation sans pr\u00e9occupations suppl\u00e9mentaires. Elles sont id\u00e9ales pour toute personne cherchant \u00e0 maintenir un style de vie \u00e9quilibr\u00e9 avec des produits pratiques et bien con\u00e7us.<\/p>\n","protected":false},"excerpt":{"rendered":"<p>Double Wood Supplements Irish Sea Moss (180 capsules) D\u00e9couvrez les capsules de Mousse de Mer Irlandaise de Double Wood Supplements, un choix parfait pour ceux qui appr\u00e9cient les ingr\u00e9dients naturels dans un mode de vie sain.Chaque capsule est formul\u00e9e avec soin pour int\u00e9grer la qualit\u00e9 et la puret\u00e9 des \u00e9l\u00e9ments naturels. Ce produit est con\u00e7u [&#8230;]\n","protected":false},"featured_media":269917,"comment_status":"closed","ping_status":"open","template":"","meta":[],"product_brand":[5328],"product_cat":[5052],"product_tag":[],"class_list":{"0":"post-295987","1":"product","2":"type-product","3":"status-publish","4":"has-post-thumbnail","6":"product_brand-double-wood-supplements-2","7":"product_cat-sante-et-bien-etre","9":"first","10":"instock","11":"sale","12":"taxable","13":"shipping-taxable","14":"purchasable","15":"product-type-simple"},"yoast_head":"<!-- This site is optimized with the Yoast SEO Premium plugin v27.3 (Yoast SEO v27.3) - https:\/\/yoast.com\/product\/yoast-seo-premium-wordpress\/ -->\n<title>Compl\u00e9ments alimentaires Double Wood \u00e0 base de mousse de mer irlandaise (180 capsules) - ECO Supplements<\/title>\n<meta name=\"description\" content=\"Wij hebben een ruime keuze aan producten van Compl\u00e9ments alimentaires Double Wood \u00e0 base de mousse de mer irlandaise (180 capsules) . Winkel bij Eco Supplements altijd gratis verzending boven 100\u20ac\" \/>\n<meta name=\"robots\" content=\"index, follow, max-snippet:-1, max-image-preview:large, max-video-preview:-1\" \/>\n<link rel=\"canonical\" href=\"https:\/\/ecosupplements.be\/fr\/produit\/double-wood-supplements-irish-sea-moss-180-capsules\/\" \/>\n<meta property=\"og:locale\" content=\"fr_FR\" \/>\n<meta property=\"og:type\" content=\"article\" \/>\n<meta property=\"og:title\" content=\"Compl\u00e9ments alimentaires Double Wood \u00e0 base de mousse de mer irlandaise (180 capsules)\" \/>\n<meta property=\"og:description\" content=\"Wij hebben een ruime keuze aan producten van Compl\u00e9ments alimentaires Double Wood \u00e0 base de mousse de mer irlandaise (180 capsules) . Winkel bij Eco Supplements altijd gratis verzending boven 100\u20ac\" \/>\n<meta property=\"og:url\" content=\"https:\/\/ecosupplements.be\/fr\/produit\/double-wood-supplements-irish-sea-moss-180-capsules\/\" \/>\n<meta property=\"og:site_name\" content=\"ECO Supplements\" \/>\n<meta property=\"article:modified_time\" content=\"2025-08-27T17:25:42+00:00\" \/>\n<meta property=\"og:image\" content=\"https:\/\/ecosupplements.be\/wp-content\/uploads\/2025\/08\/Double-Wood-Supplements-Double-Wood-Supplements-Irish-Sea-Moss-180-Capsules.webp\" \/>\n\t<meta property=\"og:image:width\" content=\"1000\" \/>\n\t<meta property=\"og:image:height\" content=\"1000\" \/>\n\t<meta property=\"og:image:type\" content=\"image\/webp\" \/>\n<meta name=\"twitter:card\" content=\"summary_large_image\" \/>\n<meta name=\"twitter:label1\" content=\"Prix\" \/>\n\t<meta name=\"twitter:data1\" content=\"25.97&nbsp;&euro;\" \/>\n\t<meta name=\"twitter:label2\" content=\"Disponibilit\u00e9\" \/>\n\t<meta name=\"twitter:data2\" content=\"En stock\" \/>\n<script type=\"application\/ld+json\" class=\"yoast-schema-graph\">{\"@context\":\"https:\\\/\\\/schema.org\",\"@graph\":[{\"@type\":[\"WebPage\",\"ItemPage\"],\"@id\":\"https:\\\/\\\/ecosupplements.be\\\/fr\\\/produit\\\/double-wood-supplements-irish-sea-moss-180-capsules\\\/\",\"url\":\"https:\\\/\\\/ecosupplements.be\\\/fr\\\/produit\\\/double-wood-supplements-irish-sea-moss-180-capsules\\\/\",\"name\":\"Compl\u00e9ments alimentaires Double Wood \u00e0 base de mousse de mer irlandaise (180 capsules) - ECO Supplements\",\"isPartOf\":{\"@id\":\"https:\\\/\\\/ecosupplements.be\\\/fr\\\/#website\"},\"primaryImageOfPage\":{\"@id\":\"https:\\\/\\\/ecosupplements.be\\\/fr\\\/produit\\\/double-wood-supplements-irish-sea-moss-180-capsules\\\/#primaryimage\"},\"image\":{\"@id\":\"https:\\\/\\\/ecosupplements.be\\\/fr\\\/produit\\\/double-wood-supplements-irish-sea-moss-180-capsules\\\/#primaryimage\"},\"thumbnailUrl\":\"https:\\\/\\\/ecosupplements.be\\\/wp-content\\\/uploads\\\/2025\\\/08\\\/Double-Wood-Supplements-Irish-Sea-Moss-180-Capsules-1.webp\",\"datePublished\":\"2025-04-23T11:46:32+00:00\",\"dateModified\":\"2025-08-27T17:25:42+00:00\",\"description\":\"Wij hebben een ruime keuze aan producten van Compl\u00e9ments alimentaires Double Wood \u00e0 base de mousse de mer irlandaise (180 capsules) . Winkel bij Eco Supplements altijd gratis verzending boven 100\u20ac\",\"breadcrumb\":{\"@id\":\"https:\\\/\\\/ecosupplements.be\\\/fr\\\/produit\\\/double-wood-supplements-irish-sea-moss-180-capsules\\\/#breadcrumb\"},\"inLanguage\":\"fr-FR\",\"potentialAction\":[{\"@type\":\"ReadAction\",\"target\":[\"https:\\\/\\\/ecosupplements.be\\\/fr\\\/produit\\\/double-wood-supplements-irish-sea-moss-180-capsules\\\/\"]}]},{\"@type\":\"ImageObject\",\"inLanguage\":\"fr-FR\",\"@id\":\"https:\\\/\\\/ecosupplements.be\\\/fr\\\/produit\\\/double-wood-supplements-irish-sea-moss-180-capsules\\\/#primaryimage\",\"url\":\"https:\\\/\\\/ecosupplements.be\\\/wp-content\\\/uploads\\\/2025\\\/08\\\/Double-Wood-Supplements-Irish-Sea-Moss-180-Capsules-1.webp\",\"contentUrl\":\"https:\\\/\\\/ecosupplements.be\\\/wp-content\\\/uploads\\\/2025\\\/08\\\/Double-Wood-Supplements-Irish-Sea-Moss-180-Capsules-1.webp\",\"width\":1000,\"height\":1000},{\"@type\":\"BreadcrumbList\",\"@id\":\"https:\\\/\\\/ecosupplements.be\\\/fr\\\/produit\\\/double-wood-supplements-irish-sea-moss-180-capsules\\\/#breadcrumb\",\"itemListElement\":[{\"@type\":\"ListItem\",\"position\":1,\"name\":\"Home\",\"item\":\"https:\\\/\\\/ecosupplements.be\\\/fr\\\/\"},{\"@type\":\"ListItem\",\"position\":2,\"name\":\"Boutique\",\"item\":\"https:\\\/\\\/ecosupplements.be\\\/fr\\\/boutique\\\/\"},{\"@type\":\"ListItem\",\"position\":3,\"name\":\"Compl\u00e9ments alimentaires Double Wood \u00e0 base de mousse de mer irlandaise (180 capsules)\"}]},{\"@type\":\"WebSite\",\"@id\":\"https:\\\/\\\/ecosupplements.be\\\/fr\\\/#website\",\"url\":\"https:\\\/\\\/ecosupplements.be\\\/fr\\\/\",\"name\":\"ECO Supplements\",\"description\":\"Eco Supplements - Gezonde supplementen\",\"publisher\":{\"@id\":\"https:\\\/\\\/ecosupplements.be\\\/fr\\\/#organization\"},\"potentialAction\":[{\"@type\":\"SearchAction\",\"target\":{\"@type\":\"EntryPoint\",\"urlTemplate\":\"https:\\\/\\\/ecosupplements.be\\\/fr\\\/?s={search_term_string}\"},\"query-input\":{\"@type\":\"PropertyValueSpecification\",\"valueRequired\":true,\"valueName\":\"search_term_string\"}}],\"inLanguage\":\"fr-FR\"},{\"@type\":\"Organization\",\"@id\":\"https:\\\/\\\/ecosupplements.be\\\/fr\\\/#organization\",\"name\":\"Eco Supplements\",\"url\":\"https:\\\/\\\/ecosupplements.be\\\/fr\\\/\",\"logo\":{\"@type\":\"ImageObject\",\"inLanguage\":\"fr-FR\",\"@id\":\"https:\\\/\\\/ecosupplements.be\\\/fr\\\/#\\\/schema\\\/logo\\\/image\\\/\",\"url\":\"https:\\\/\\\/ecosupplements.be\\\/wp-content\\\/uploads\\\/2022\\\/06\\\/ecosupplement-family.png\",\"contentUrl\":\"https:\\\/\\\/ecosupplements.be\\\/wp-content\\\/uploads\\\/2022\\\/06\\\/ecosupplement-family.png\",\"width\":593,\"height\":374,\"caption\":\"Eco Supplements\"},\"image\":{\"@id\":\"https:\\\/\\\/ecosupplements.be\\\/fr\\\/#\\\/schema\\\/logo\\\/image\\\/\"}}]}<\/script>\n<meta property=\"product:brand\" content=\"Double Wood Supplements\" \/>\n<meta property=\"product:price:amount\" content=\"25.97\" \/>\n<meta property=\"product:price:currency\" content=\"EUR\" \/>\n<meta property=\"og:availability\" content=\"instock\" \/>\n<meta property=\"product:availability\" content=\"instock\" \/>\n<meta property=\"product:retailer_item_id\" content=\"X002QZW83P\" \/>\n<meta property=\"product:condition\" content=\"new\" \/>\n<!-- \/ Yoast SEO Premium plugin. -->","yoast_head_json":{"title":"Compl\u00e9ments alimentaires Double Wood \u00e0 base de mousse de mer irlandaise (180 capsules) - ECO Supplements","description":"Wij hebben een ruime keuze aan producten van Compl\u00e9ments alimentaires Double Wood \u00e0 base de mousse de mer irlandaise (180 capsules) . Winkel bij Eco Supplements altijd gratis verzending boven 100\u20ac","robots":{"index":"index","follow":"follow","max-snippet":"max-snippet:-1","max-image-preview":"max-image-preview:large","max-video-preview":"max-video-preview:-1"},"canonical":"https:\/\/ecosupplements.be\/fr\/produit\/double-wood-supplements-irish-sea-moss-180-capsules\/","og_locale":"fr_FR","og_type":"article","og_title":"Compl\u00e9ments alimentaires Double Wood \u00e0 base de mousse de mer irlandaise (180 capsules)","og_description":"Wij hebben een ruime keuze aan producten van Compl\u00e9ments alimentaires Double Wood \u00e0 base de mousse de mer irlandaise (180 capsules) . Winkel bij Eco Supplements altijd gratis verzending boven 100\u20ac","og_url":"https:\/\/ecosupplements.be\/fr\/produit\/double-wood-supplements-irish-sea-moss-180-capsules\/","og_site_name":"ECO Supplements","article_modified_time":"2025-08-27T17:25:42+00:00","og_image":[{"width":1000,"height":1000,"url":"https:\/\/ecosupplements.be\/wp-content\/uploads\/2025\/08\/Double-Wood-Supplements-Double-Wood-Supplements-Irish-Sea-Moss-180-Capsules.webp","type":"image\/webp"}],"twitter_card":"summary_large_image","twitter_misc":{"Prix":"25.97&nbsp;&euro;","Disponibilit\u00e9":"En stock"},"schema":{"@context":"https:\/\/schema.org","@graph":[{"@type":["WebPage","ItemPage"],"@id":"https:\/\/ecosupplements.be\/fr\/produit\/double-wood-supplements-irish-sea-moss-180-capsules\/","url":"https:\/\/ecosupplements.be\/fr\/produit\/double-wood-supplements-irish-sea-moss-180-capsules\/","name":"Compl\u00e9ments alimentaires Double Wood \u00e0 base de mousse de mer irlandaise (180 capsules) - ECO Supplements","isPartOf":{"@id":"https:\/\/ecosupplements.be\/fr\/#website"},"primaryImageOfPage":{"@id":"https:\/\/ecosupplements.be\/fr\/produit\/double-wood-supplements-irish-sea-moss-180-capsules\/#primaryimage"},"image":{"@id":"https:\/\/ecosupplements.be\/fr\/produit\/double-wood-supplements-irish-sea-moss-180-capsules\/#primaryimage"},"thumbnailUrl":"https:\/\/ecosupplements.be\/wp-content\/uploads\/2025\/08\/Double-Wood-Supplements-Irish-Sea-Moss-180-Capsules-1.webp","datePublished":"2025-04-23T11:46:32+00:00","dateModified":"2025-08-27T17:25:42+00:00","description":"Wij hebben een ruime keuze aan producten van Compl\u00e9ments alimentaires Double Wood \u00e0 base de mousse de mer irlandaise (180 capsules) . Winkel bij Eco Supplements altijd gratis verzending boven 100\u20ac","breadcrumb":{"@id":"https:\/\/ecosupplements.be\/fr\/produit\/double-wood-supplements-irish-sea-moss-180-capsules\/#breadcrumb"},"inLanguage":"fr-FR","potentialAction":[{"@type":"ReadAction","target":["https:\/\/ecosupplements.be\/fr\/produit\/double-wood-supplements-irish-sea-moss-180-capsules\/"]}]},{"@type":"ImageObject","inLanguage":"fr-FR","@id":"https:\/\/ecosupplements.be\/fr\/produit\/double-wood-supplements-irish-sea-moss-180-capsules\/#primaryimage","url":"https:\/\/ecosupplements.be\/wp-content\/uploads\/2025\/08\/Double-Wood-Supplements-Irish-Sea-Moss-180-Capsules-1.webp","contentUrl":"https:\/\/ecosupplements.be\/wp-content\/uploads\/2025\/08\/Double-Wood-Supplements-Irish-Sea-Moss-180-Capsules-1.webp","width":1000,"height":1000},{"@type":"BreadcrumbList","@id":"https:\/\/ecosupplements.be\/fr\/produit\/double-wood-supplements-irish-sea-moss-180-capsules\/#breadcrumb","itemListElement":[{"@type":"ListItem","position":1,"name":"Home","item":"https:\/\/ecosupplements.be\/fr\/"},{"@type":"ListItem","position":2,"name":"Boutique","item":"https:\/\/ecosupplements.be\/fr\/boutique\/"},{"@type":"ListItem","position":3,"name":"Compl\u00e9ments alimentaires Double Wood \u00e0 base de mousse de mer irlandaise (180 capsules)"}]},{"@type":"WebSite","@id":"https:\/\/ecosupplements.be\/fr\/#website","url":"https:\/\/ecosupplements.be\/fr\/","name":"ECO Supplements","description":"Eco Supplements - Gezonde supplementen","publisher":{"@id":"https:\/\/ecosupplements.be\/fr\/#organization"},"potentialAction":[{"@type":"SearchAction","target":{"@type":"EntryPoint","urlTemplate":"https:\/\/ecosupplements.be\/fr\/?s={search_term_string}"},"query-input":{"@type":"PropertyValueSpecification","valueRequired":true,"valueName":"search_term_string"}}],"inLanguage":"fr-FR"},{"@type":"Organization","@id":"https:\/\/ecosupplements.be\/fr\/#organization","name":"Eco Supplements","url":"https:\/\/ecosupplements.be\/fr\/","logo":{"@type":"ImageObject","inLanguage":"fr-FR","@id":"https:\/\/ecosupplements.be\/fr\/#\/schema\/logo\/image\/","url":"https:\/\/ecosupplements.be\/wp-content\/uploads\/2022\/06\/ecosupplement-family.png","contentUrl":"https:\/\/ecosupplements.be\/wp-content\/uploads\/2022\/06\/ecosupplement-family.png","width":593,"height":374,"caption":"Eco Supplements"},"image":{"@id":"https:\/\/ecosupplements.be\/fr\/#\/schema\/logo\/image\/"}}]},"product_brand":"Double Wood Supplements","product_price_amount":"25.97","product_price_currency":"EUR","og_availability":"instock","product_availability":"instock","product_retailer_item_id":"X002QZW83P","product_condition":"new"},"_links":{"self":[{"href":"https:\/\/ecosupplements.be\/fr\/wp-json\/wp\/v2\/product\/295987","targetHints":{"allow":["GET"]}}],"collection":[{"href":"https:\/\/ecosupplements.be\/fr\/wp-json\/wp\/v2\/product"}],"about":[{"href":"https:\/\/ecosupplements.be\/fr\/wp-json\/wp\/v2\/types\/product"}],"replies":[{"embeddable":true,"href":"https:\/\/ecosupplements.be\/fr\/wp-json\/wp\/v2\/comments?post=295987"}],"wp:featuredmedia":[{"embeddable":true,"href":"https:\/\/ecosupplements.be\/fr\/wp-json\/wp\/v2\/media\/269917"}],"wp:attachment":[{"href":"https:\/\/ecosupplements.be\/fr\/wp-json\/wp\/v2\/media?parent=295987"}],"wp:term":[{"taxonomy":"product_brand","embeddable":true,"href":"https:\/\/ecosupplements.be\/fr\/wp-json\/wp\/v2\/product_brand?post=295987"},{"taxonomy":"product_cat","embeddable":true,"href":"https:\/\/ecosupplements.be\/fr\/wp-json\/wp\/v2\/product_cat?post=295987"},{"taxonomy":"product_tag","embeddable":true,"href":"https:\/\/ecosupplements.be\/fr\/wp-json\/wp\/v2\/product_tag?post=295987"}],"curies":[{"name":"wp","href":"https:\/\/api.w.org\/{rel}","templated":true}]}}