{"id":295996,"date":"2025-04-23T12:47:41","date_gmt":"2025-04-23T11:47:41","guid":{"rendered":"https:\/\/ecosupplements.be\/product\/double-wood-supplements-lions-mane-mushroom-120-capsules\/"},"modified":"2025-08-27T18:25:49","modified_gmt":"2025-08-27T17:25:49","slug":"double-wood-supplements-lions-mane-mushroom-120-capsules","status":"publish","type":"product","link":"https:\/\/ecosupplements.be\/fr\/produit\/double-wood-supplements-lions-mane-mushroom-120-capsules\/","title":{"rendered":"Suppl\u00e9ments Double Wood Champignon Lion&#8217;s Mane (120 capsules)"},"content":{"rendered":"<h2>Double Wood Supplements Lion&#8217;s Mane Mushroom (120 Capsules)<\/h2>\n<p>D\u00e9couvrez les capsules de Lion&#8217;s Mane Mushroom de Double Wood Supplements, un choix parfait pour ceux qui appr\u00e9cient les ingr\u00e9dients naturels dans un mode de vie sain. chaque capsule contient un extrait pur et naturel de champignon Lion&#8217;s Mane, connu pour sa qualit\u00e9 sup\u00e9rieure.<\/p>\n<p>Ce produit est pr\u00e9sent\u00e9 dans un emballage pratique contenant 120 capsules,facilitant son int\u00e9gration \u00e0 votre routine quotidienne. Les ingr\u00e9dients d&#8217;origine naturelle assurent une approche respectueuse et authentique.<\/p>\n<p><strong>Ingr\u00e9dients principaux :<\/strong> Extrait pur de champignon Lion&#8217;s Mane.<\/p>\n<p><strong>Utilisation :<\/strong> Consommez selon les indications sur l&#8217;emballage ou suivant les recommandations d&#8217;un professionnel pour une utilisation optimale au quotidien.<\/p>\n<p>Ces capsules sont con\u00e7ues sans ajout inutile,mettant en avant la puret\u00e9 du champignon Lion&#8217;s Mane. Elles s&#8217;int\u00e8grent ais\u00e9ment \u00e0 votre quotidien, vous offrant une solution simple et naturelle sans pr\u00e9tentions m\u00e9dicales.<\/p>\n<p>Avec Double Wood Supplements,optez pour un produit de haute qualit\u00e9 qui s&#8217;aligne avec un mode de vie actif et \u00e9quilibr\u00e9.<\/p>\n","protected":false},"excerpt":{"rendered":"<p>Double Wood Supplements Lion&#8217;s Mane Mushroom (120 Capsules) D\u00e9couvrez les capsules de Lion&#8217;s Mane Mushroom de Double Wood Supplements, un choix parfait pour ceux qui appr\u00e9cient les ingr\u00e9dients naturels dans un mode de vie sain. chaque capsule contient un extrait pur et naturel de champignon Lion&#8217;s Mane, connu pour sa qualit\u00e9 sup\u00e9rieure. Ce produit est [&#8230;]\n","protected":false},"featured_media":269929,"comment_status":"closed","ping_status":"open","template":"","meta":[],"product_brand":[5328],"product_cat":[5052],"product_tag":[],"class_list":{"0":"post-295996","1":"product","2":"type-product","3":"status-publish","4":"has-post-thumbnail","6":"product_brand-double-wood-supplements-2","7":"product_cat-sante-et-bien-etre","9":"first","10":"instock","11":"taxable","12":"shipping-taxable","13":"purchasable","14":"product-type-simple"},"yoast_head":"<!-- This site is optimized with the Yoast SEO Premium plugin v27.3 (Yoast SEO v27.3) - https:\/\/yoast.com\/product\/yoast-seo-premium-wordpress\/ -->\n<title>Suppl\u00e9ments Double Wood Champignon Lion&#039;s Mane (120 capsules) - ECO Supplements<\/title>\n<meta name=\"description\" content=\"Wij hebben een ruime keuze aan producten van Suppl\u00e9ments Double Wood Champignon Lion&#039;s Mane (120 capsules) . Winkel bij Eco Supplements altijd gratis verzending boven 100\u20ac\" \/>\n<meta name=\"robots\" content=\"index, follow, max-snippet:-1, max-image-preview:large, max-video-preview:-1\" \/>\n<link rel=\"canonical\" href=\"https:\/\/ecosupplements.be\/fr\/produit\/double-wood-supplements-lions-mane-mushroom-120-capsules\/\" \/>\n<meta property=\"og:locale\" content=\"fr_FR\" \/>\n<meta property=\"og:type\" content=\"article\" \/>\n<meta property=\"og:title\" content=\"Suppl\u00e9ments Double Wood Champignon Lion&#039;s Mane (120 capsules)\" \/>\n<meta property=\"og:description\" content=\"Wij hebben een ruime keuze aan producten van Suppl\u00e9ments Double Wood Champignon Lion&#039;s Mane (120 capsules) . Winkel bij Eco Supplements altijd gratis verzending boven 100\u20ac\" \/>\n<meta property=\"og:url\" content=\"https:\/\/ecosupplements.be\/fr\/produit\/double-wood-supplements-lions-mane-mushroom-120-capsules\/\" \/>\n<meta property=\"og:site_name\" content=\"ECO Supplements\" \/>\n<meta property=\"article:modified_time\" content=\"2025-08-27T17:25:49+00:00\" \/>\n<meta property=\"og:image\" content=\"https:\/\/ecosupplements.be\/wp-content\/uploads\/2025\/08\/Double-Wood-Supplements-Double-Wood-Supplements-Lions-Mane-Mushroom-120-Capsules.webp\" \/>\n\t<meta property=\"og:image:width\" content=\"1000\" \/>\n\t<meta property=\"og:image:height\" content=\"1000\" \/>\n\t<meta property=\"og:image:type\" content=\"image\/webp\" \/>\n<meta name=\"twitter:card\" content=\"summary_large_image\" \/>\n<meta name=\"twitter:label1\" content=\"Prix\" \/>\n\t<meta name=\"twitter:data1\" content=\"24.51&nbsp;&euro;\" \/>\n\t<meta name=\"twitter:label2\" content=\"Disponibilit\u00e9\" \/>\n\t<meta name=\"twitter:data2\" content=\"En stock\" \/>\n<script type=\"application\/ld+json\" class=\"yoast-schema-graph\">{\"@context\":\"https:\\\/\\\/schema.org\",\"@graph\":[{\"@type\":[\"WebPage\",\"ItemPage\"],\"@id\":\"https:\\\/\\\/ecosupplements.be\\\/fr\\\/produit\\\/double-wood-supplements-lions-mane-mushroom-120-capsules\\\/\",\"url\":\"https:\\\/\\\/ecosupplements.be\\\/fr\\\/produit\\\/double-wood-supplements-lions-mane-mushroom-120-capsules\\\/\",\"name\":\"Suppl\u00e9ments Double Wood Champignon Lion's Mane (120 capsules) - ECO Supplements\",\"isPartOf\":{\"@id\":\"https:\\\/\\\/ecosupplements.be\\\/fr\\\/#website\"},\"primaryImageOfPage\":{\"@id\":\"https:\\\/\\\/ecosupplements.be\\\/fr\\\/produit\\\/double-wood-supplements-lions-mane-mushroom-120-capsules\\\/#primaryimage\"},\"image\":{\"@id\":\"https:\\\/\\\/ecosupplements.be\\\/fr\\\/produit\\\/double-wood-supplements-lions-mane-mushroom-120-capsules\\\/#primaryimage\"},\"thumbnailUrl\":\"https:\\\/\\\/ecosupplements.be\\\/wp-content\\\/uploads\\\/2025\\\/08\\\/Double-Wood-Supplements-Lions-Mane-Mushroom-120-Capsules-1.webp\",\"datePublished\":\"2025-04-23T11:47:41+00:00\",\"dateModified\":\"2025-08-27T17:25:49+00:00\",\"description\":\"Wij hebben een ruime keuze aan producten van Suppl\u00e9ments Double Wood Champignon Lion's Mane (120 capsules) . Winkel bij Eco Supplements altijd gratis verzending boven 100\u20ac\",\"breadcrumb\":{\"@id\":\"https:\\\/\\\/ecosupplements.be\\\/fr\\\/produit\\\/double-wood-supplements-lions-mane-mushroom-120-capsules\\\/#breadcrumb\"},\"inLanguage\":\"fr-FR\",\"potentialAction\":[{\"@type\":\"ReadAction\",\"target\":[\"https:\\\/\\\/ecosupplements.be\\\/fr\\\/produit\\\/double-wood-supplements-lions-mane-mushroom-120-capsules\\\/\"]}]},{\"@type\":\"ImageObject\",\"inLanguage\":\"fr-FR\",\"@id\":\"https:\\\/\\\/ecosupplements.be\\\/fr\\\/produit\\\/double-wood-supplements-lions-mane-mushroom-120-capsules\\\/#primaryimage\",\"url\":\"https:\\\/\\\/ecosupplements.be\\\/wp-content\\\/uploads\\\/2025\\\/08\\\/Double-Wood-Supplements-Lions-Mane-Mushroom-120-Capsules-1.webp\",\"contentUrl\":\"https:\\\/\\\/ecosupplements.be\\\/wp-content\\\/uploads\\\/2025\\\/08\\\/Double-Wood-Supplements-Lions-Mane-Mushroom-120-Capsules-1.webp\",\"width\":1000,\"height\":1000},{\"@type\":\"BreadcrumbList\",\"@id\":\"https:\\\/\\\/ecosupplements.be\\\/fr\\\/produit\\\/double-wood-supplements-lions-mane-mushroom-120-capsules\\\/#breadcrumb\",\"itemListElement\":[{\"@type\":\"ListItem\",\"position\":1,\"name\":\"Home\",\"item\":\"https:\\\/\\\/ecosupplements.be\\\/fr\\\/\"},{\"@type\":\"ListItem\",\"position\":2,\"name\":\"Boutique\",\"item\":\"https:\\\/\\\/ecosupplements.be\\\/fr\\\/boutique\\\/\"},{\"@type\":\"ListItem\",\"position\":3,\"name\":\"Suppl\u00e9ments Double Wood Champignon Lion&#8217;s Mane (120 capsules)\"}]},{\"@type\":\"WebSite\",\"@id\":\"https:\\\/\\\/ecosupplements.be\\\/fr\\\/#website\",\"url\":\"https:\\\/\\\/ecosupplements.be\\\/fr\\\/\",\"name\":\"ECO Supplements\",\"description\":\"Eco Supplements - Gezonde supplementen\",\"publisher\":{\"@id\":\"https:\\\/\\\/ecosupplements.be\\\/fr\\\/#organization\"},\"potentialAction\":[{\"@type\":\"SearchAction\",\"target\":{\"@type\":\"EntryPoint\",\"urlTemplate\":\"https:\\\/\\\/ecosupplements.be\\\/fr\\\/?s={search_term_string}\"},\"query-input\":{\"@type\":\"PropertyValueSpecification\",\"valueRequired\":true,\"valueName\":\"search_term_string\"}}],\"inLanguage\":\"fr-FR\"},{\"@type\":\"Organization\",\"@id\":\"https:\\\/\\\/ecosupplements.be\\\/fr\\\/#organization\",\"name\":\"Eco Supplements\",\"url\":\"https:\\\/\\\/ecosupplements.be\\\/fr\\\/\",\"logo\":{\"@type\":\"ImageObject\",\"inLanguage\":\"fr-FR\",\"@id\":\"https:\\\/\\\/ecosupplements.be\\\/fr\\\/#\\\/schema\\\/logo\\\/image\\\/\",\"url\":\"https:\\\/\\\/ecosupplements.be\\\/wp-content\\\/uploads\\\/2022\\\/06\\\/ecosupplement-family.png\",\"contentUrl\":\"https:\\\/\\\/ecosupplements.be\\\/wp-content\\\/uploads\\\/2022\\\/06\\\/ecosupplement-family.png\",\"width\":593,\"height\":374,\"caption\":\"Eco Supplements\"},\"image\":{\"@id\":\"https:\\\/\\\/ecosupplements.be\\\/fr\\\/#\\\/schema\\\/logo\\\/image\\\/\"}}]}<\/script>\n<meta property=\"product:brand\" content=\"Double Wood Supplements\" \/>\n<meta property=\"product:price:amount\" content=\"24.51\" \/>\n<meta property=\"product:price:currency\" content=\"EUR\" \/>\n<meta property=\"og:availability\" content=\"instock\" \/>\n<meta property=\"product:availability\" content=\"instock\" \/>\n<meta property=\"product:retailer_item_id\" content=\"X002353QLB\" \/>\n<meta property=\"product:condition\" content=\"new\" \/>\n<!-- \/ Yoast SEO Premium plugin. -->","yoast_head_json":{"title":"Suppl\u00e9ments Double Wood Champignon Lion's Mane (120 capsules) - ECO Supplements","description":"Wij hebben een ruime keuze aan producten van Suppl\u00e9ments Double Wood Champignon Lion's Mane (120 capsules) . Winkel bij Eco Supplements altijd gratis verzending boven 100\u20ac","robots":{"index":"index","follow":"follow","max-snippet":"max-snippet:-1","max-image-preview":"max-image-preview:large","max-video-preview":"max-video-preview:-1"},"canonical":"https:\/\/ecosupplements.be\/fr\/produit\/double-wood-supplements-lions-mane-mushroom-120-capsules\/","og_locale":"fr_FR","og_type":"article","og_title":"Suppl\u00e9ments Double Wood Champignon Lion's Mane (120 capsules)","og_description":"Wij hebben een ruime keuze aan producten van Suppl\u00e9ments Double Wood Champignon Lion's Mane (120 capsules) . Winkel bij Eco Supplements altijd gratis verzending boven 100\u20ac","og_url":"https:\/\/ecosupplements.be\/fr\/produit\/double-wood-supplements-lions-mane-mushroom-120-capsules\/","og_site_name":"ECO Supplements","article_modified_time":"2025-08-27T17:25:49+00:00","og_image":[{"width":1000,"height":1000,"url":"https:\/\/ecosupplements.be\/wp-content\/uploads\/2025\/08\/Double-Wood-Supplements-Double-Wood-Supplements-Lions-Mane-Mushroom-120-Capsules.webp","type":"image\/webp"}],"twitter_card":"summary_large_image","twitter_misc":{"Prix":"24.51&nbsp;&euro;","Disponibilit\u00e9":"En stock"},"schema":{"@context":"https:\/\/schema.org","@graph":[{"@type":["WebPage","ItemPage"],"@id":"https:\/\/ecosupplements.be\/fr\/produit\/double-wood-supplements-lions-mane-mushroom-120-capsules\/","url":"https:\/\/ecosupplements.be\/fr\/produit\/double-wood-supplements-lions-mane-mushroom-120-capsules\/","name":"Suppl\u00e9ments Double Wood Champignon Lion's Mane (120 capsules) - ECO Supplements","isPartOf":{"@id":"https:\/\/ecosupplements.be\/fr\/#website"},"primaryImageOfPage":{"@id":"https:\/\/ecosupplements.be\/fr\/produit\/double-wood-supplements-lions-mane-mushroom-120-capsules\/#primaryimage"},"image":{"@id":"https:\/\/ecosupplements.be\/fr\/produit\/double-wood-supplements-lions-mane-mushroom-120-capsules\/#primaryimage"},"thumbnailUrl":"https:\/\/ecosupplements.be\/wp-content\/uploads\/2025\/08\/Double-Wood-Supplements-Lions-Mane-Mushroom-120-Capsules-1.webp","datePublished":"2025-04-23T11:47:41+00:00","dateModified":"2025-08-27T17:25:49+00:00","description":"Wij hebben een ruime keuze aan producten van Suppl\u00e9ments Double Wood Champignon Lion's Mane (120 capsules) . Winkel bij Eco Supplements altijd gratis verzending boven 100\u20ac","breadcrumb":{"@id":"https:\/\/ecosupplements.be\/fr\/produit\/double-wood-supplements-lions-mane-mushroom-120-capsules\/#breadcrumb"},"inLanguage":"fr-FR","potentialAction":[{"@type":"ReadAction","target":["https:\/\/ecosupplements.be\/fr\/produit\/double-wood-supplements-lions-mane-mushroom-120-capsules\/"]}]},{"@type":"ImageObject","inLanguage":"fr-FR","@id":"https:\/\/ecosupplements.be\/fr\/produit\/double-wood-supplements-lions-mane-mushroom-120-capsules\/#primaryimage","url":"https:\/\/ecosupplements.be\/wp-content\/uploads\/2025\/08\/Double-Wood-Supplements-Lions-Mane-Mushroom-120-Capsules-1.webp","contentUrl":"https:\/\/ecosupplements.be\/wp-content\/uploads\/2025\/08\/Double-Wood-Supplements-Lions-Mane-Mushroom-120-Capsules-1.webp","width":1000,"height":1000},{"@type":"BreadcrumbList","@id":"https:\/\/ecosupplements.be\/fr\/produit\/double-wood-supplements-lions-mane-mushroom-120-capsules\/#breadcrumb","itemListElement":[{"@type":"ListItem","position":1,"name":"Home","item":"https:\/\/ecosupplements.be\/fr\/"},{"@type":"ListItem","position":2,"name":"Boutique","item":"https:\/\/ecosupplements.be\/fr\/boutique\/"},{"@type":"ListItem","position":3,"name":"Suppl\u00e9ments Double Wood Champignon Lion&#8217;s Mane (120 capsules)"}]},{"@type":"WebSite","@id":"https:\/\/ecosupplements.be\/fr\/#website","url":"https:\/\/ecosupplements.be\/fr\/","name":"ECO Supplements","description":"Eco Supplements - Gezonde supplementen","publisher":{"@id":"https:\/\/ecosupplements.be\/fr\/#organization"},"potentialAction":[{"@type":"SearchAction","target":{"@type":"EntryPoint","urlTemplate":"https:\/\/ecosupplements.be\/fr\/?s={search_term_string}"},"query-input":{"@type":"PropertyValueSpecification","valueRequired":true,"valueName":"search_term_string"}}],"inLanguage":"fr-FR"},{"@type":"Organization","@id":"https:\/\/ecosupplements.be\/fr\/#organization","name":"Eco Supplements","url":"https:\/\/ecosupplements.be\/fr\/","logo":{"@type":"ImageObject","inLanguage":"fr-FR","@id":"https:\/\/ecosupplements.be\/fr\/#\/schema\/logo\/image\/","url":"https:\/\/ecosupplements.be\/wp-content\/uploads\/2022\/06\/ecosupplement-family.png","contentUrl":"https:\/\/ecosupplements.be\/wp-content\/uploads\/2022\/06\/ecosupplement-family.png","width":593,"height":374,"caption":"Eco Supplements"},"image":{"@id":"https:\/\/ecosupplements.be\/fr\/#\/schema\/logo\/image\/"}}]},"product_brand":"Double Wood Supplements","product_price_amount":"24.51","product_price_currency":"EUR","og_availability":"instock","product_availability":"instock","product_retailer_item_id":"X002353QLB","product_condition":"new"},"_links":{"self":[{"href":"https:\/\/ecosupplements.be\/fr\/wp-json\/wp\/v2\/product\/295996","targetHints":{"allow":["GET"]}}],"collection":[{"href":"https:\/\/ecosupplements.be\/fr\/wp-json\/wp\/v2\/product"}],"about":[{"href":"https:\/\/ecosupplements.be\/fr\/wp-json\/wp\/v2\/types\/product"}],"replies":[{"embeddable":true,"href":"https:\/\/ecosupplements.be\/fr\/wp-json\/wp\/v2\/comments?post=295996"}],"wp:featuredmedia":[{"embeddable":true,"href":"https:\/\/ecosupplements.be\/fr\/wp-json\/wp\/v2\/media\/269929"}],"wp:attachment":[{"href":"https:\/\/ecosupplements.be\/fr\/wp-json\/wp\/v2\/media?parent=295996"}],"wp:term":[{"taxonomy":"product_brand","embeddable":true,"href":"https:\/\/ecosupplements.be\/fr\/wp-json\/wp\/v2\/product_brand?post=295996"},{"taxonomy":"product_cat","embeddable":true,"href":"https:\/\/ecosupplements.be\/fr\/wp-json\/wp\/v2\/product_cat?post=295996"},{"taxonomy":"product_tag","embeddable":true,"href":"https:\/\/ecosupplements.be\/fr\/wp-json\/wp\/v2\/product_tag?post=295996"}],"curies":[{"name":"wp","href":"https:\/\/api.w.org\/{rel}","templated":true}]}}