{"id":296083,"date":"2025-04-23T12:56:27","date_gmt":"2025-04-23T11:56:27","guid":{"rendered":"https:\/\/ecosupplements.be\/product\/nutricost-betaine-anhydrous-tmg-capsules-120-capsules\/"},"modified":"2025-08-27T18:27:00","modified_gmt":"2025-08-27T17:27:00","slug":"nutricost-betaine-anhydrous-tmg-capsules-120-capsules","status":"publish","type":"product","link":"https:\/\/ecosupplements.be\/fr\/produit\/nutricost-betaine-anhydrous-tmg-capsules-120-capsules\/","title":{"rendered":"Capsules de B\u00e9ta\u00efne Anhydre Nutricost (TMG) (120 capsules)"},"content":{"rendered":"<h2>Nutricost Betaine Anhydrous (TMG) Capsules (120 Capsules)<\/h2>\n<p>D\u00e9couvrez les capsules de B\u00e9ta\u00efne Anhydre (TMG) de Nutricost, con\u00e7ues pour s&#8217;int\u00e9grer harmonieusement \u00e0 votre quotidien. Chaque flacon contient 120 capsules, offrant une solution pratique et facile \u00e0 utiliser.<\/p>\n<p>Ce produit est \u00e9labor\u00e9 avec des ingr\u00e9dients d&#8217;origine naturelle, garantissant une grande puret\u00e9. La b\u00e9ta\u00efne anhydre est appr\u00e9ci\u00e9e pour sa qualit\u00e9 et son origine contr\u00f4l\u00e9e.<\/p>\n<p>Les capsules Nutricost Betaine Anhydrous sont un choix id\u00e9al pour ceux qui recherchent des composants naturels dans leur routine quotidienne. Elles se marient parfaitement avec un style de vie actif et \u00e9quilibr\u00e9.<\/p>\n<p><strong>Utilisation :<\/strong> Suivez les instructions sur l&#8217;emballage pour la dose journali\u00e8re recommand\u00e9e.<\/p>\n<p>Ces capsules sont non seulement faciles \u00e0 emporter gr\u00e2ce \u00e0 leur format pratique mais aussi simples \u00e0 int\u00e9grer dans votre emploi du temps charg\u00e9. Un choix parfait pour maintenir une approche naturelle au sein de votre rythme de vie.<\/p>\n","protected":false},"excerpt":{"rendered":"<p>Nutricost Betaine Anhydrous (TMG) Capsules (120 Capsules) D\u00e9couvrez les capsules de B\u00e9ta\u00efne Anhydre (TMG) de Nutricost, con\u00e7ues pour s&#8217;int\u00e9grer harmonieusement \u00e0 votre quotidien. Chaque flacon contient 120 capsules, offrant une solution pratique et facile \u00e0 utiliser. Ce produit est \u00e9labor\u00e9 avec des ingr\u00e9dients d&#8217;origine naturelle, garantissant une grande puret\u00e9. La b\u00e9ta\u00efne anhydre est appr\u00e9ci\u00e9e pour [&#8230;]\n","protected":false},"featured_media":270016,"comment_status":"closed","ping_status":"open","template":"","meta":[],"product_brand":[5305],"product_cat":[],"product_tag":[],"class_list":{"0":"post-296083","1":"product","2":"type-product","3":"status-publish","4":"has-post-thumbnail","6":"product_brand-nutricost-2","8":"first","9":"instock","10":"taxable","11":"shipping-taxable","12":"purchasable","13":"product-type-simple"},"yoast_head":"<!-- This site is optimized with the Yoast SEO Premium plugin v27.3 (Yoast SEO v27.3) - https:\/\/yoast.com\/product\/yoast-seo-premium-wordpress\/ -->\n<title>Capsules de B\u00e9ta\u00efne Anhydre Nutricost (TMG) (120 capsules) - ECO Supplements<\/title>\n<meta name=\"description\" content=\"Wij hebben een ruime keuze aan producten van Capsules de B\u00e9ta\u00efne Anhydre Nutricost (TMG) (120 capsules) . Winkel bij Eco Supplements altijd gratis verzending boven 100\u20ac\" \/>\n<meta name=\"robots\" content=\"index, follow, max-snippet:-1, max-image-preview:large, max-video-preview:-1\" \/>\n<link rel=\"canonical\" href=\"https:\/\/ecosupplements.be\/fr\/produit\/nutricost-betaine-anhydrous-tmg-capsules-120-capsules\/\" \/>\n<meta property=\"og:locale\" content=\"fr_FR\" \/>\n<meta property=\"og:type\" content=\"article\" \/>\n<meta property=\"og:title\" content=\"Capsules de B\u00e9ta\u00efne Anhydre Nutricost (TMG) (120 capsules)\" \/>\n<meta property=\"og:description\" content=\"Wij hebben een ruime keuze aan producten van Capsules de B\u00e9ta\u00efne Anhydre Nutricost (TMG) (120 capsules) . Winkel bij Eco Supplements altijd gratis verzending boven 100\u20ac\" \/>\n<meta property=\"og:url\" content=\"https:\/\/ecosupplements.be\/fr\/produit\/nutricost-betaine-anhydrous-tmg-capsules-120-capsules\/\" \/>\n<meta property=\"og:site_name\" content=\"ECO Supplements\" \/>\n<meta property=\"article:modified_time\" content=\"2025-08-27T17:27:00+00:00\" \/>\n<meta property=\"og:image\" content=\"https:\/\/ecosupplements.be\/wp-content\/uploads\/2025\/08\/Nutricost-Nutricost-Betaine-Anhydrous-TMG-Capsules-120-Capsules.webp\" \/>\n\t<meta property=\"og:image:width\" content=\"1000\" \/>\n\t<meta property=\"og:image:height\" content=\"1000\" \/>\n\t<meta property=\"og:image:type\" content=\"image\/webp\" \/>\n<meta name=\"twitter:card\" content=\"summary_large_image\" \/>\n<meta name=\"twitter:label1\" content=\"Prix\" \/>\n\t<meta name=\"twitter:data1\" content=\"14.27&nbsp;&euro;\" \/>\n\t<meta name=\"twitter:label2\" content=\"Disponibilit\u00e9\" \/>\n\t<meta name=\"twitter:data2\" content=\"En stock\" \/>\n<script type=\"application\/ld+json\" class=\"yoast-schema-graph\">{\"@context\":\"https:\\\/\\\/schema.org\",\"@graph\":[{\"@type\":[\"WebPage\",\"ItemPage\"],\"@id\":\"https:\\\/\\\/ecosupplements.be\\\/fr\\\/produit\\\/nutricost-betaine-anhydrous-tmg-capsules-120-capsules\\\/\",\"url\":\"https:\\\/\\\/ecosupplements.be\\\/fr\\\/produit\\\/nutricost-betaine-anhydrous-tmg-capsules-120-capsules\\\/\",\"name\":\"Capsules de B\u00e9ta\u00efne Anhydre Nutricost (TMG) (120 capsules) - ECO Supplements\",\"isPartOf\":{\"@id\":\"https:\\\/\\\/ecosupplements.be\\\/fr\\\/#website\"},\"primaryImageOfPage\":{\"@id\":\"https:\\\/\\\/ecosupplements.be\\\/fr\\\/produit\\\/nutricost-betaine-anhydrous-tmg-capsules-120-capsules\\\/#primaryimage\"},\"image\":{\"@id\":\"https:\\\/\\\/ecosupplements.be\\\/fr\\\/produit\\\/nutricost-betaine-anhydrous-tmg-capsules-120-capsules\\\/#primaryimage\"},\"thumbnailUrl\":\"https:\\\/\\\/ecosupplements.be\\\/wp-content\\\/uploads\\\/2025\\\/08\\\/Nutricost-Betaine-Anhydrous-TMG-Capsules-120-Capsules.webp\",\"datePublished\":\"2025-04-23T11:56:27+00:00\",\"dateModified\":\"2025-08-27T17:27:00+00:00\",\"description\":\"Wij hebben een ruime keuze aan producten van Capsules de B\u00e9ta\u00efne Anhydre Nutricost (TMG) (120 capsules) . Winkel bij Eco Supplements altijd gratis verzending boven 100\u20ac\",\"breadcrumb\":{\"@id\":\"https:\\\/\\\/ecosupplements.be\\\/fr\\\/produit\\\/nutricost-betaine-anhydrous-tmg-capsules-120-capsules\\\/#breadcrumb\"},\"inLanguage\":\"fr-FR\",\"potentialAction\":[{\"@type\":\"ReadAction\",\"target\":[\"https:\\\/\\\/ecosupplements.be\\\/fr\\\/produit\\\/nutricost-betaine-anhydrous-tmg-capsules-120-capsules\\\/\"]}]},{\"@type\":\"ImageObject\",\"inLanguage\":\"fr-FR\",\"@id\":\"https:\\\/\\\/ecosupplements.be\\\/fr\\\/produit\\\/nutricost-betaine-anhydrous-tmg-capsules-120-capsules\\\/#primaryimage\",\"url\":\"https:\\\/\\\/ecosupplements.be\\\/wp-content\\\/uploads\\\/2025\\\/08\\\/Nutricost-Betaine-Anhydrous-TMG-Capsules-120-Capsules.webp\",\"contentUrl\":\"https:\\\/\\\/ecosupplements.be\\\/wp-content\\\/uploads\\\/2025\\\/08\\\/Nutricost-Betaine-Anhydrous-TMG-Capsules-120-Capsules.webp\",\"width\":1000,\"height\":1000},{\"@type\":\"BreadcrumbList\",\"@id\":\"https:\\\/\\\/ecosupplements.be\\\/fr\\\/produit\\\/nutricost-betaine-anhydrous-tmg-capsules-120-capsules\\\/#breadcrumb\",\"itemListElement\":[{\"@type\":\"ListItem\",\"position\":1,\"name\":\"Home\",\"item\":\"https:\\\/\\\/ecosupplements.be\\\/fr\\\/\"},{\"@type\":\"ListItem\",\"position\":2,\"name\":\"Boutique\",\"item\":\"https:\\\/\\\/ecosupplements.be\\\/fr\\\/boutique\\\/\"},{\"@type\":\"ListItem\",\"position\":3,\"name\":\"Capsules de B\u00e9ta\u00efne Anhydre Nutricost (TMG) (120 capsules)\"}]},{\"@type\":\"WebSite\",\"@id\":\"https:\\\/\\\/ecosupplements.be\\\/fr\\\/#website\",\"url\":\"https:\\\/\\\/ecosupplements.be\\\/fr\\\/\",\"name\":\"ECO Supplements\",\"description\":\"Eco Supplements - Gezonde supplementen\",\"publisher\":{\"@id\":\"https:\\\/\\\/ecosupplements.be\\\/fr\\\/#organization\"},\"potentialAction\":[{\"@type\":\"SearchAction\",\"target\":{\"@type\":\"EntryPoint\",\"urlTemplate\":\"https:\\\/\\\/ecosupplements.be\\\/fr\\\/?s={search_term_string}\"},\"query-input\":{\"@type\":\"PropertyValueSpecification\",\"valueRequired\":true,\"valueName\":\"search_term_string\"}}],\"inLanguage\":\"fr-FR\"},{\"@type\":\"Organization\",\"@id\":\"https:\\\/\\\/ecosupplements.be\\\/fr\\\/#organization\",\"name\":\"Eco Supplements\",\"url\":\"https:\\\/\\\/ecosupplements.be\\\/fr\\\/\",\"logo\":{\"@type\":\"ImageObject\",\"inLanguage\":\"fr-FR\",\"@id\":\"https:\\\/\\\/ecosupplements.be\\\/fr\\\/#\\\/schema\\\/logo\\\/image\\\/\",\"url\":\"https:\\\/\\\/ecosupplements.be\\\/wp-content\\\/uploads\\\/2022\\\/06\\\/ecosupplement-family.png\",\"contentUrl\":\"https:\\\/\\\/ecosupplements.be\\\/wp-content\\\/uploads\\\/2022\\\/06\\\/ecosupplement-family.png\",\"width\":593,\"height\":374,\"caption\":\"Eco Supplements\"},\"image\":{\"@id\":\"https:\\\/\\\/ecosupplements.be\\\/fr\\\/#\\\/schema\\\/logo\\\/image\\\/\"}}]}<\/script>\n<meta property=\"product:brand\" content=\"Nutricost\" \/>\n<meta property=\"product:price:amount\" content=\"14.27\" \/>\n<meta property=\"product:price:currency\" content=\"EUR\" \/>\n<meta property=\"og:availability\" content=\"instock\" \/>\n<meta property=\"product:availability\" content=\"instock\" \/>\n<meta property=\"product:retailer_item_id\" content=\"810139572503\" \/>\n<meta property=\"product:condition\" content=\"new\" \/>\n<!-- \/ Yoast SEO Premium plugin. -->","yoast_head_json":{"title":"Capsules de B\u00e9ta\u00efne Anhydre Nutricost (TMG) (120 capsules) - ECO Supplements","description":"Wij hebben een ruime keuze aan producten van Capsules de B\u00e9ta\u00efne Anhydre Nutricost (TMG) (120 capsules) . Winkel bij Eco Supplements altijd gratis verzending boven 100\u20ac","robots":{"index":"index","follow":"follow","max-snippet":"max-snippet:-1","max-image-preview":"max-image-preview:large","max-video-preview":"max-video-preview:-1"},"canonical":"https:\/\/ecosupplements.be\/fr\/produit\/nutricost-betaine-anhydrous-tmg-capsules-120-capsules\/","og_locale":"fr_FR","og_type":"article","og_title":"Capsules de B\u00e9ta\u00efne Anhydre Nutricost (TMG) (120 capsules)","og_description":"Wij hebben een ruime keuze aan producten van Capsules de B\u00e9ta\u00efne Anhydre Nutricost (TMG) (120 capsules) . Winkel bij Eco Supplements altijd gratis verzending boven 100\u20ac","og_url":"https:\/\/ecosupplements.be\/fr\/produit\/nutricost-betaine-anhydrous-tmg-capsules-120-capsules\/","og_site_name":"ECO Supplements","article_modified_time":"2025-08-27T17:27:00+00:00","og_image":[{"width":1000,"height":1000,"url":"https:\/\/ecosupplements.be\/wp-content\/uploads\/2025\/08\/Nutricost-Nutricost-Betaine-Anhydrous-TMG-Capsules-120-Capsules.webp","type":"image\/webp"}],"twitter_card":"summary_large_image","twitter_misc":{"Prix":"14.27&nbsp;&euro;","Disponibilit\u00e9":"En stock"},"schema":{"@context":"https:\/\/schema.org","@graph":[{"@type":["WebPage","ItemPage"],"@id":"https:\/\/ecosupplements.be\/fr\/produit\/nutricost-betaine-anhydrous-tmg-capsules-120-capsules\/","url":"https:\/\/ecosupplements.be\/fr\/produit\/nutricost-betaine-anhydrous-tmg-capsules-120-capsules\/","name":"Capsules de B\u00e9ta\u00efne Anhydre Nutricost (TMG) (120 capsules) - ECO Supplements","isPartOf":{"@id":"https:\/\/ecosupplements.be\/fr\/#website"},"primaryImageOfPage":{"@id":"https:\/\/ecosupplements.be\/fr\/produit\/nutricost-betaine-anhydrous-tmg-capsules-120-capsules\/#primaryimage"},"image":{"@id":"https:\/\/ecosupplements.be\/fr\/produit\/nutricost-betaine-anhydrous-tmg-capsules-120-capsules\/#primaryimage"},"thumbnailUrl":"https:\/\/ecosupplements.be\/wp-content\/uploads\/2025\/08\/Nutricost-Betaine-Anhydrous-TMG-Capsules-120-Capsules.webp","datePublished":"2025-04-23T11:56:27+00:00","dateModified":"2025-08-27T17:27:00+00:00","description":"Wij hebben een ruime keuze aan producten van Capsules de B\u00e9ta\u00efne Anhydre Nutricost (TMG) (120 capsules) . Winkel bij Eco Supplements altijd gratis verzending boven 100\u20ac","breadcrumb":{"@id":"https:\/\/ecosupplements.be\/fr\/produit\/nutricost-betaine-anhydrous-tmg-capsules-120-capsules\/#breadcrumb"},"inLanguage":"fr-FR","potentialAction":[{"@type":"ReadAction","target":["https:\/\/ecosupplements.be\/fr\/produit\/nutricost-betaine-anhydrous-tmg-capsules-120-capsules\/"]}]},{"@type":"ImageObject","inLanguage":"fr-FR","@id":"https:\/\/ecosupplements.be\/fr\/produit\/nutricost-betaine-anhydrous-tmg-capsules-120-capsules\/#primaryimage","url":"https:\/\/ecosupplements.be\/wp-content\/uploads\/2025\/08\/Nutricost-Betaine-Anhydrous-TMG-Capsules-120-Capsules.webp","contentUrl":"https:\/\/ecosupplements.be\/wp-content\/uploads\/2025\/08\/Nutricost-Betaine-Anhydrous-TMG-Capsules-120-Capsules.webp","width":1000,"height":1000},{"@type":"BreadcrumbList","@id":"https:\/\/ecosupplements.be\/fr\/produit\/nutricost-betaine-anhydrous-tmg-capsules-120-capsules\/#breadcrumb","itemListElement":[{"@type":"ListItem","position":1,"name":"Home","item":"https:\/\/ecosupplements.be\/fr\/"},{"@type":"ListItem","position":2,"name":"Boutique","item":"https:\/\/ecosupplements.be\/fr\/boutique\/"},{"@type":"ListItem","position":3,"name":"Capsules de B\u00e9ta\u00efne Anhydre Nutricost (TMG) (120 capsules)"}]},{"@type":"WebSite","@id":"https:\/\/ecosupplements.be\/fr\/#website","url":"https:\/\/ecosupplements.be\/fr\/","name":"ECO Supplements","description":"Eco Supplements - Gezonde supplementen","publisher":{"@id":"https:\/\/ecosupplements.be\/fr\/#organization"},"potentialAction":[{"@type":"SearchAction","target":{"@type":"EntryPoint","urlTemplate":"https:\/\/ecosupplements.be\/fr\/?s={search_term_string}"},"query-input":{"@type":"PropertyValueSpecification","valueRequired":true,"valueName":"search_term_string"}}],"inLanguage":"fr-FR"},{"@type":"Organization","@id":"https:\/\/ecosupplements.be\/fr\/#organization","name":"Eco Supplements","url":"https:\/\/ecosupplements.be\/fr\/","logo":{"@type":"ImageObject","inLanguage":"fr-FR","@id":"https:\/\/ecosupplements.be\/fr\/#\/schema\/logo\/image\/","url":"https:\/\/ecosupplements.be\/wp-content\/uploads\/2022\/06\/ecosupplement-family.png","contentUrl":"https:\/\/ecosupplements.be\/wp-content\/uploads\/2022\/06\/ecosupplement-family.png","width":593,"height":374,"caption":"Eco Supplements"},"image":{"@id":"https:\/\/ecosupplements.be\/fr\/#\/schema\/logo\/image\/"}}]},"product_brand":"Nutricost","product_price_amount":"14.27","product_price_currency":"EUR","og_availability":"instock","product_availability":"instock","product_retailer_item_id":"810139572503","product_condition":"new"},"_links":{"self":[{"href":"https:\/\/ecosupplements.be\/fr\/wp-json\/wp\/v2\/product\/296083","targetHints":{"allow":["GET"]}}],"collection":[{"href":"https:\/\/ecosupplements.be\/fr\/wp-json\/wp\/v2\/product"}],"about":[{"href":"https:\/\/ecosupplements.be\/fr\/wp-json\/wp\/v2\/types\/product"}],"replies":[{"embeddable":true,"href":"https:\/\/ecosupplements.be\/fr\/wp-json\/wp\/v2\/comments?post=296083"}],"wp:featuredmedia":[{"embeddable":true,"href":"https:\/\/ecosupplements.be\/fr\/wp-json\/wp\/v2\/media\/270016"}],"wp:attachment":[{"href":"https:\/\/ecosupplements.be\/fr\/wp-json\/wp\/v2\/media?parent=296083"}],"wp:term":[{"taxonomy":"product_brand","embeddable":true,"href":"https:\/\/ecosupplements.be\/fr\/wp-json\/wp\/v2\/product_brand?post=296083"},{"taxonomy":"product_cat","embeddable":true,"href":"https:\/\/ecosupplements.be\/fr\/wp-json\/wp\/v2\/product_cat?post=296083"},{"taxonomy":"product_tag","embeddable":true,"href":"https:\/\/ecosupplements.be\/fr\/wp-json\/wp\/v2\/product_tag?post=296083"}],"curies":[{"name":"wp","href":"https:\/\/api.w.org\/{rel}","templated":true}]}}