{"id":296149,"date":"2025-04-23T13:04:58","date_gmt":"2025-04-23T12:04:58","guid":{"rendered":"https:\/\/ecosupplements.be\/product\/astaxanthin-forte-90-caps\/"},"modified":"2025-08-27T18:27:55","modified_gmt":"2025-08-27T17:27:55","slug":"astaxanthin-forte-90-caps","status":"publish","type":"product","link":"https:\/\/ecosupplements.be\/fr\/produit\/astaxanthin-forte-90-caps\/","title":{"rendered":"Astaxanthine Forte &#8211; 90 capsules"},"content":{"rendered":"<h2>Astaxanthin Forte &#8211; 90 capsules<\/h2>\n<p>D\u00e9couvrez Astaxanthin Forte, un produit \u00e9labor\u00e9 avec attention par OstroVit en Pologne. Ce compl\u00e9ment se pr\u00e9sente sous forme de capsules faciles \u00e0 int\u00e9grer dans votre quotidien.<\/p>\n<h3>Composition naturelle<\/h3>\n<p>Ces capsules sont compos\u00e9es d&#8217;ingr\u00e9dients d&#8217;origine naturelle, choisis pour leur haute puret\u00e9.Profitez d&#8217;un produit de qualit\u00e9 sup\u00e9rieure qui s&#8217;int\u00e8gre ais\u00e9ment \u00e0 votre routine quotidienne.<\/p>\n<h3>Contenu et emballage<\/h3>\n<p>Le produit est conditionn\u00e9 en paquet de 90 capsules, con\u00e7u pour \u00eatre pratique et facile \u00e0 transporter o\u00f9 que vous alliez.<\/p>\n<h3>Utilisation recommand\u00e9e<\/h3>\n<p>Pour une utilisation optimale, il est conseill\u00e9 de suivre les instructions fournies sur l&#8217;emballage concernant la dose journali\u00e8re recommand\u00e9e.<\/p>\n<h3>Caract\u00e9ristiques pratiques<\/h3>\n<p>Astaxanthin Forte est id\u00e9al pour ceux qui recherchent un compl\u00e9ment simple et pratique. Son format en capsule facilite son incorporation dans votre routine sans effort.<\/p>\n<p>Ce produit repr\u00e9sente un choix id\u00e9al pour ceux qui valorisent les ingr\u00e9dients naturels dans un cadre de vie actif et \u00e9quilibr\u00e9.<\/p>\n","protected":false},"excerpt":{"rendered":"<p>Astaxanthin Forte &#8211; 90 capsules D\u00e9couvrez Astaxanthin Forte, un produit \u00e9labor\u00e9 avec attention par OstroVit en Pologne. Ce compl\u00e9ment se pr\u00e9sente sous forme de capsules faciles \u00e0 int\u00e9grer dans votre quotidien. Composition naturelle Ces capsules sont compos\u00e9es d&#8217;ingr\u00e9dients d&#8217;origine naturelle, choisis pour leur haute puret\u00e9.Profitez d&#8217;un produit de qualit\u00e9 sup\u00e9rieure qui s&#8217;int\u00e8gre ais\u00e9ment \u00e0 votre [&#8230;]\n","protected":false},"featured_media":270082,"comment_status":"closed","ping_status":"open","template":"","meta":[],"product_brand":[5326],"product_cat":[5053],"product_tag":[],"class_list":{"0":"post-296149","1":"product","2":"type-product","3":"status-publish","4":"has-post-thumbnail","6":"product_brand-ostrovit-2","7":"product_cat-vitamines-et-mineraux","9":"first","10":"instock","11":"taxable","12":"shipping-taxable","13":"purchasable","14":"product-type-simple"},"yoast_head":"<!-- This site is optimized with the Yoast SEO Premium plugin v27.5 (Yoast SEO v27.5) - https:\/\/yoast.com\/product\/yoast-seo-premium-wordpress\/ -->\n<title>Astaxanthine Forte - 90 capsules - ECO Supplements<\/title>\n<meta name=\"description\" content=\"Wij hebben een ruime keuze aan producten van Astaxanthine Forte - 90 capsules . Winkel bij Eco Supplements altijd gratis verzending boven 100\u20ac\" \/>\n<meta name=\"robots\" content=\"index, follow, max-snippet:-1, max-image-preview:large, max-video-preview:-1\" \/>\n<link rel=\"canonical\" href=\"https:\/\/ecosupplements.be\/fr\/produit\/astaxanthin-forte-90-caps\/\" \/>\n<meta property=\"og:locale\" content=\"fr_FR\" \/>\n<meta property=\"og:type\" content=\"article\" \/>\n<meta property=\"og:title\" content=\"Astaxanthine Forte - 90 capsules\" \/>\n<meta property=\"og:description\" content=\"Wij hebben een ruime keuze aan producten van Astaxanthine Forte - 90 capsules . Winkel bij Eco Supplements altijd gratis verzending boven 100\u20ac\" \/>\n<meta property=\"og:url\" content=\"https:\/\/ecosupplements.be\/fr\/produit\/astaxanthin-forte-90-caps\/\" \/>\n<meta property=\"og:site_name\" content=\"ECO Supplements\" \/>\n<meta property=\"article:modified_time\" content=\"2025-08-27T17:27:55+00:00\" \/>\n<meta property=\"og:image\" content=\"https:\/\/ecosupplements.be\/wp-content\/uploads\/2025\/08\/Ostrovit-Astaxanthin-Forte-90-caps.jpg\" \/>\n\t<meta property=\"og:image:width\" content=\"388\" \/>\n\t<meta property=\"og:image:height\" content=\"571\" \/>\n\t<meta property=\"og:image:type\" content=\"image\/jpeg\" \/>\n<meta name=\"twitter:card\" content=\"summary_large_image\" \/>\n<meta name=\"twitter:label1\" content=\"Prix\" \/>\n\t<meta name=\"twitter:data1\" content=\"16.38&nbsp;&euro;\" \/>\n\t<meta name=\"twitter:label2\" content=\"Disponibilit\u00e9\" \/>\n\t<meta name=\"twitter:data2\" content=\"En stock\" \/>\n<script type=\"application\/ld+json\" class=\"yoast-schema-graph\">{\"@context\":\"https:\\\/\\\/schema.org\",\"@graph\":[{\"@type\":[\"WebPage\",\"ItemPage\"],\"@id\":\"https:\\\/\\\/ecosupplements.be\\\/fr\\\/produit\\\/astaxanthin-forte-90-caps\\\/\",\"url\":\"https:\\\/\\\/ecosupplements.be\\\/fr\\\/produit\\\/astaxanthin-forte-90-caps\\\/\",\"name\":\"Astaxanthine Forte - 90 capsules - ECO Supplements\",\"isPartOf\":{\"@id\":\"https:\\\/\\\/ecosupplements.be\\\/fr\\\/#website\"},\"primaryImageOfPage\":{\"@id\":\"https:\\\/\\\/ecosupplements.be\\\/fr\\\/produit\\\/astaxanthin-forte-90-caps\\\/#primaryimage\"},\"image\":{\"@id\":\"https:\\\/\\\/ecosupplements.be\\\/fr\\\/produit\\\/astaxanthin-forte-90-caps\\\/#primaryimage\"},\"thumbnailUrl\":\"https:\\\/\\\/ecosupplements.be\\\/wp-content\\\/uploads\\\/2025\\\/08\\\/OstroVit-httpswww.powerbody.commediacatalogproductimimage_2025-02-10_67aa087c52314.jpg\",\"datePublished\":\"2025-04-23T12:04:58+00:00\",\"dateModified\":\"2025-08-27T17:27:55+00:00\",\"description\":\"Wij hebben een ruime keuze aan producten van Astaxanthine Forte - 90 capsules . Winkel bij Eco Supplements altijd gratis verzending boven 100\u20ac\",\"breadcrumb\":{\"@id\":\"https:\\\/\\\/ecosupplements.be\\\/fr\\\/produit\\\/astaxanthin-forte-90-caps\\\/#breadcrumb\"},\"inLanguage\":\"fr-FR\",\"potentialAction\":[{\"@type\":\"ReadAction\",\"target\":[\"https:\\\/\\\/ecosupplements.be\\\/fr\\\/produit\\\/astaxanthin-forte-90-caps\\\/\"]}]},{\"@type\":\"ImageObject\",\"inLanguage\":\"fr-FR\",\"@id\":\"https:\\\/\\\/ecosupplements.be\\\/fr\\\/produit\\\/astaxanthin-forte-90-caps\\\/#primaryimage\",\"url\":\"https:\\\/\\\/ecosupplements.be\\\/wp-content\\\/uploads\\\/2025\\\/08\\\/OstroVit-httpswww.powerbody.commediacatalogproductimimage_2025-02-10_67aa087c52314.jpg\",\"contentUrl\":\"https:\\\/\\\/ecosupplements.be\\\/wp-content\\\/uploads\\\/2025\\\/08\\\/OstroVit-httpswww.powerbody.commediacatalogproductimimage_2025-02-10_67aa087c52314.jpg\",\"width\":388,\"height\":571},{\"@type\":\"BreadcrumbList\",\"@id\":\"https:\\\/\\\/ecosupplements.be\\\/fr\\\/produit\\\/astaxanthin-forte-90-caps\\\/#breadcrumb\",\"itemListElement\":[{\"@type\":\"ListItem\",\"position\":1,\"name\":\"Home\",\"item\":\"https:\\\/\\\/ecosupplements.be\\\/fr\\\/\"},{\"@type\":\"ListItem\",\"position\":2,\"name\":\"Boutique\",\"item\":\"https:\\\/\\\/ecosupplements.be\\\/fr\\\/boutique\\\/\"},{\"@type\":\"ListItem\",\"position\":3,\"name\":\"Astaxanthine Forte &#8211; 90 capsules\"}]},{\"@type\":\"WebSite\",\"@id\":\"https:\\\/\\\/ecosupplements.be\\\/fr\\\/#website\",\"url\":\"https:\\\/\\\/ecosupplements.be\\\/fr\\\/\",\"name\":\"ECO Supplements\",\"description\":\"Eco Supplements - Gezonde supplementen\",\"publisher\":{\"@id\":\"https:\\\/\\\/ecosupplements.be\\\/fr\\\/#organization\"},\"potentialAction\":[{\"@type\":\"SearchAction\",\"target\":{\"@type\":\"EntryPoint\",\"urlTemplate\":\"https:\\\/\\\/ecosupplements.be\\\/fr\\\/?s={search_term_string}\"},\"query-input\":{\"@type\":\"PropertyValueSpecification\",\"valueRequired\":true,\"valueName\":\"search_term_string\"}}],\"inLanguage\":\"fr-FR\"},{\"@type\":\"Organization\",\"@id\":\"https:\\\/\\\/ecosupplements.be\\\/fr\\\/#organization\",\"name\":\"Eco Supplements\",\"url\":\"https:\\\/\\\/ecosupplements.be\\\/fr\\\/\",\"logo\":{\"@type\":\"ImageObject\",\"inLanguage\":\"fr-FR\",\"@id\":\"https:\\\/\\\/ecosupplements.be\\\/fr\\\/#\\\/schema\\\/logo\\\/image\\\/\",\"url\":\"https:\\\/\\\/ecosupplements.be\\\/wp-content\\\/uploads\\\/2022\\\/06\\\/ecosupplement-family.png\",\"contentUrl\":\"https:\\\/\\\/ecosupplements.be\\\/wp-content\\\/uploads\\\/2022\\\/06\\\/ecosupplement-family.png\",\"width\":593,\"height\":374,\"caption\":\"Eco Supplements\"},\"image\":{\"@id\":\"https:\\\/\\\/ecosupplements.be\\\/fr\\\/#\\\/schema\\\/logo\\\/image\\\/\"}}]}<\/script>\n<meta property=\"product:brand\" content=\"Ostrovit\" \/>\n<meta property=\"product:price:amount\" content=\"16.38\" \/>\n<meta property=\"product:price:currency\" content=\"EUR\" \/>\n<meta property=\"og:availability\" content=\"instock\" \/>\n<meta property=\"product:availability\" content=\"instock\" \/>\n<meta property=\"product:retailer_item_id\" content=\"5903246225709\" \/>\n<meta property=\"product:condition\" content=\"new\" \/>\n<!-- \/ Yoast SEO Premium plugin. -->","yoast_head_json":{"title":"Astaxanthine Forte - 90 capsules - ECO Supplements","description":"Wij hebben een ruime keuze aan producten van Astaxanthine Forte - 90 capsules . Winkel bij Eco Supplements altijd gratis verzending boven 100\u20ac","robots":{"index":"index","follow":"follow","max-snippet":"max-snippet:-1","max-image-preview":"max-image-preview:large","max-video-preview":"max-video-preview:-1"},"canonical":"https:\/\/ecosupplements.be\/fr\/produit\/astaxanthin-forte-90-caps\/","og_locale":"fr_FR","og_type":"article","og_title":"Astaxanthine Forte - 90 capsules","og_description":"Wij hebben een ruime keuze aan producten van Astaxanthine Forte - 90 capsules . Winkel bij Eco Supplements altijd gratis verzending boven 100\u20ac","og_url":"https:\/\/ecosupplements.be\/fr\/produit\/astaxanthin-forte-90-caps\/","og_site_name":"ECO Supplements","article_modified_time":"2025-08-27T17:27:55+00:00","og_image":[{"width":388,"height":571,"url":"https:\/\/ecosupplements.be\/wp-content\/uploads\/2025\/08\/Ostrovit-Astaxanthin-Forte-90-caps.jpg","type":"image\/jpeg"}],"twitter_card":"summary_large_image","twitter_misc":{"Prix":"16.38&nbsp;&euro;","Disponibilit\u00e9":"En stock"},"schema":{"@context":"https:\/\/schema.org","@graph":[{"@type":["WebPage","ItemPage"],"@id":"https:\/\/ecosupplements.be\/fr\/produit\/astaxanthin-forte-90-caps\/","url":"https:\/\/ecosupplements.be\/fr\/produit\/astaxanthin-forte-90-caps\/","name":"Astaxanthine Forte - 90 capsules - ECO Supplements","isPartOf":{"@id":"https:\/\/ecosupplements.be\/fr\/#website"},"primaryImageOfPage":{"@id":"https:\/\/ecosupplements.be\/fr\/produit\/astaxanthin-forte-90-caps\/#primaryimage"},"image":{"@id":"https:\/\/ecosupplements.be\/fr\/produit\/astaxanthin-forte-90-caps\/#primaryimage"},"thumbnailUrl":"https:\/\/ecosupplements.be\/wp-content\/uploads\/2025\/08\/OstroVit-httpswww.powerbody.commediacatalogproductimimage_2025-02-10_67aa087c52314.jpg","datePublished":"2025-04-23T12:04:58+00:00","dateModified":"2025-08-27T17:27:55+00:00","description":"Wij hebben een ruime keuze aan producten van Astaxanthine Forte - 90 capsules . Winkel bij Eco Supplements altijd gratis verzending boven 100\u20ac","breadcrumb":{"@id":"https:\/\/ecosupplements.be\/fr\/produit\/astaxanthin-forte-90-caps\/#breadcrumb"},"inLanguage":"fr-FR","potentialAction":[{"@type":"ReadAction","target":["https:\/\/ecosupplements.be\/fr\/produit\/astaxanthin-forte-90-caps\/"]}]},{"@type":"ImageObject","inLanguage":"fr-FR","@id":"https:\/\/ecosupplements.be\/fr\/produit\/astaxanthin-forte-90-caps\/#primaryimage","url":"https:\/\/ecosupplements.be\/wp-content\/uploads\/2025\/08\/OstroVit-httpswww.powerbody.commediacatalogproductimimage_2025-02-10_67aa087c52314.jpg","contentUrl":"https:\/\/ecosupplements.be\/wp-content\/uploads\/2025\/08\/OstroVit-httpswww.powerbody.commediacatalogproductimimage_2025-02-10_67aa087c52314.jpg","width":388,"height":571},{"@type":"BreadcrumbList","@id":"https:\/\/ecosupplements.be\/fr\/produit\/astaxanthin-forte-90-caps\/#breadcrumb","itemListElement":[{"@type":"ListItem","position":1,"name":"Home","item":"https:\/\/ecosupplements.be\/fr\/"},{"@type":"ListItem","position":2,"name":"Boutique","item":"https:\/\/ecosupplements.be\/fr\/boutique\/"},{"@type":"ListItem","position":3,"name":"Astaxanthine Forte &#8211; 90 capsules"}]},{"@type":"WebSite","@id":"https:\/\/ecosupplements.be\/fr\/#website","url":"https:\/\/ecosupplements.be\/fr\/","name":"ECO Supplements","description":"Eco Supplements - Gezonde supplementen","publisher":{"@id":"https:\/\/ecosupplements.be\/fr\/#organization"},"potentialAction":[{"@type":"SearchAction","target":{"@type":"EntryPoint","urlTemplate":"https:\/\/ecosupplements.be\/fr\/?s={search_term_string}"},"query-input":{"@type":"PropertyValueSpecification","valueRequired":true,"valueName":"search_term_string"}}],"inLanguage":"fr-FR"},{"@type":"Organization","@id":"https:\/\/ecosupplements.be\/fr\/#organization","name":"Eco Supplements","url":"https:\/\/ecosupplements.be\/fr\/","logo":{"@type":"ImageObject","inLanguage":"fr-FR","@id":"https:\/\/ecosupplements.be\/fr\/#\/schema\/logo\/image\/","url":"https:\/\/ecosupplements.be\/wp-content\/uploads\/2022\/06\/ecosupplement-family.png","contentUrl":"https:\/\/ecosupplements.be\/wp-content\/uploads\/2022\/06\/ecosupplement-family.png","width":593,"height":374,"caption":"Eco Supplements"},"image":{"@id":"https:\/\/ecosupplements.be\/fr\/#\/schema\/logo\/image\/"}}]},"product_brand":"Ostrovit","product_price_amount":"16.38","product_price_currency":"EUR","og_availability":"instock","product_availability":"instock","product_retailer_item_id":"5903246225709","product_condition":"new"},"_links":{"self":[{"href":"https:\/\/ecosupplements.be\/fr\/wp-json\/wp\/v2\/product\/296149","targetHints":{"allow":["GET"]}}],"collection":[{"href":"https:\/\/ecosupplements.be\/fr\/wp-json\/wp\/v2\/product"}],"about":[{"href":"https:\/\/ecosupplements.be\/fr\/wp-json\/wp\/v2\/types\/product"}],"replies":[{"embeddable":true,"href":"https:\/\/ecosupplements.be\/fr\/wp-json\/wp\/v2\/comments?post=296149"}],"wp:featuredmedia":[{"embeddable":true,"href":"https:\/\/ecosupplements.be\/fr\/wp-json\/wp\/v2\/media\/270082"}],"wp:attachment":[{"href":"https:\/\/ecosupplements.be\/fr\/wp-json\/wp\/v2\/media?parent=296149"}],"wp:term":[{"taxonomy":"product_brand","embeddable":true,"href":"https:\/\/ecosupplements.be\/fr\/wp-json\/wp\/v2\/product_brand?post=296149"},{"taxonomy":"product_cat","embeddable":true,"href":"https:\/\/ecosupplements.be\/fr\/wp-json\/wp\/v2\/product_cat?post=296149"},{"taxonomy":"product_tag","embeddable":true,"href":"https:\/\/ecosupplements.be\/fr\/wp-json\/wp\/v2\/product_tag?post=296149"}],"curies":[{"name":"wp","href":"https:\/\/api.w.org\/{rel}","templated":true}]}}