{"id":296242,"date":"2025-04-23T13:14:32","date_gmt":"2025-04-23T12:14:32","guid":{"rendered":"https:\/\/ecosupplements.be\/product\/creatine-monohydrate-orange-500g\/"},"modified":"2025-08-27T18:29:29","modified_gmt":"2025-08-27T17:29:29","slug":"creatine-monohydrate-orange-500g","status":"publish","type":"product","link":"https:\/\/ecosupplements.be\/fr\/produit\/creatine-monohydrate-orange-500g\/","title":{"rendered":"Cr\u00e9atine monohydrate, saveur orange &#8211; 500g"},"content":{"rendered":"<h2>Creatine Monohydrate, Orange &#8211; 500g<\/h2>\n<p>D\u00e9couvrez le <strong>Creatine Monohydrate, Orange<\/strong>, un produit \u00e9labour\u00e9 avec attention pour ceux qui valorisent la qualit\u00e9 et la simplicit\u00e9. Fabriqu\u00e9 en pologne, ce compl\u00e9ment se pr\u00e9sente sous forme de poudre dans un emballage de 500g, con\u00e7u pour \u00eatre \u00e0 la fois pratique et efficace.<\/p>\n<p>La formule contient du monohydrate de cr\u00e9atine \u00e0 99.9% de puret\u00e9, enrichie d&#8217;un ar\u00f4me naturel d&#8217;orange qui offre une touche rafra\u00eechissante et agr\u00e9able au palais. Cette composition \u00e9pur\u00e9e garantit une exp\u00e9rience sans additifs inutiles, soulignant l&#8217;engagement vers des ingr\u00e9dients purs et naturels.<\/p>\n<p><strong>Utilisation recommand\u00e9e :<\/strong> Incorporez une mesure du produit dans votre boisson favorite chaque jour ou suivez les instructions fournies sur l&#8217;emballage.La poudre est facilement soluble, permettant une pr\u00e9paration rapide et sans complication.<\/p>\n<p>Optez pour le <em>Creatine Monohydrate, Orange<\/em> si vous cherchez un produit quotidien pratique qui respecte votre choix d&#8217;un mode de vie actif tout en mettant en avant des ingr\u00e9dients de premi\u00e8re qualit\u00e9.<\/p>\n","protected":false},"excerpt":{"rendered":"<p>Creatine Monohydrate, Orange &#8211; 500g D\u00e9couvrez le Creatine Monohydrate, Orange, un produit \u00e9labour\u00e9 avec attention pour ceux qui valorisent la qualit\u00e9 et la simplicit\u00e9. Fabriqu\u00e9 en pologne, ce compl\u00e9ment se pr\u00e9sente sous forme de poudre dans un emballage de 500g, con\u00e7u pour \u00eatre \u00e0 la fois pratique et efficace. La formule contient du monohydrate de [&#8230;]\n","protected":false},"featured_media":270175,"comment_status":"closed","ping_status":"open","template":"","meta":[],"product_brand":[5326],"product_cat":[5053],"product_tag":[],"class_list":{"0":"post-296242","1":"product","2":"type-product","3":"status-publish","4":"has-post-thumbnail","6":"product_brand-ostrovit-2","7":"product_cat-vitamines-et-mineraux","9":"first","10":"instock","11":"taxable","12":"shipping-taxable","13":"purchasable","14":"product-type-simple"},"yoast_head":"<!-- This site is optimized with the Yoast SEO Premium plugin v27.3 (Yoast SEO v27.3) - https:\/\/yoast.com\/product\/yoast-seo-premium-wordpress\/ -->\n<title>Cr\u00e9atine monohydrate, saveur orange - 500g - ECO Supplements<\/title>\n<meta name=\"description\" content=\"Wij hebben een ruime keuze aan producten van Cr\u00e9atine monohydrate, saveur orange - 500g . Winkel bij Eco Supplements altijd gratis verzending boven 100\u20ac\" \/>\n<meta name=\"robots\" content=\"index, follow, max-snippet:-1, max-image-preview:large, max-video-preview:-1\" \/>\n<link rel=\"canonical\" href=\"https:\/\/ecosupplements.be\/fr\/produit\/creatine-monohydrate-orange-500g\/\" \/>\n<meta property=\"og:locale\" content=\"fr_FR\" \/>\n<meta property=\"og:type\" content=\"article\" \/>\n<meta property=\"og:title\" content=\"Cr\u00e9atine monohydrate, saveur orange - 500g\" \/>\n<meta property=\"og:description\" content=\"Wij hebben een ruime keuze aan producten van Cr\u00e9atine monohydrate, saveur orange - 500g . Winkel bij Eco Supplements altijd gratis verzending boven 100\u20ac\" \/>\n<meta property=\"og:url\" content=\"https:\/\/ecosupplements.be\/fr\/produit\/creatine-monohydrate-orange-500g\/\" \/>\n<meta property=\"og:site_name\" content=\"ECO Supplements\" \/>\n<meta property=\"article:modified_time\" content=\"2025-08-27T17:29:29+00:00\" \/>\n<meta property=\"og:image\" content=\"https:\/\/ecosupplements.be\/wp-content\/uploads\/2025\/08\/Ostrovit-Creatine-Monohydrate-Orange-500g.jpg\" \/>\n\t<meta property=\"og:image:width\" content=\"727\" \/>\n\t<meta property=\"og:image:height\" content=\"853\" \/>\n\t<meta property=\"og:image:type\" content=\"image\/jpeg\" \/>\n<meta name=\"twitter:card\" content=\"summary_large_image\" \/>\n<meta name=\"twitter:label1\" content=\"Prix\" \/>\n\t<meta name=\"twitter:data1\" content=\"9.85&nbsp;&euro;\" \/>\n\t<meta name=\"twitter:label2\" content=\"Disponibilit\u00e9\" \/>\n\t<meta name=\"twitter:data2\" content=\"En stock\" \/>\n<script type=\"application\/ld+json\" class=\"yoast-schema-graph\">{\"@context\":\"https:\\\/\\\/schema.org\",\"@graph\":[{\"@type\":[\"WebPage\",\"ItemPage\"],\"@id\":\"https:\\\/\\\/ecosupplements.be\\\/fr\\\/produit\\\/creatine-monohydrate-orange-500g\\\/\",\"url\":\"https:\\\/\\\/ecosupplements.be\\\/fr\\\/produit\\\/creatine-monohydrate-orange-500g\\\/\",\"name\":\"Cr\u00e9atine monohydrate, saveur orange - 500g - ECO Supplements\",\"isPartOf\":{\"@id\":\"https:\\\/\\\/ecosupplements.be\\\/fr\\\/#website\"},\"primaryImageOfPage\":{\"@id\":\"https:\\\/\\\/ecosupplements.be\\\/fr\\\/produit\\\/creatine-monohydrate-orange-500g\\\/#primaryimage\"},\"image\":{\"@id\":\"https:\\\/\\\/ecosupplements.be\\\/fr\\\/produit\\\/creatine-monohydrate-orange-500g\\\/#primaryimage\"},\"thumbnailUrl\":\"https:\\\/\\\/ecosupplements.be\\\/wp-content\\\/uploads\\\/2025\\\/08\\\/OstroVit-httpswww.powerbody.commediacatalogproductimimage_2025-03-31_67ea77b3dda0e.jpg\",\"datePublished\":\"2025-04-23T12:14:32+00:00\",\"dateModified\":\"2025-08-27T17:29:29+00:00\",\"description\":\"Wij hebben een ruime keuze aan producten van Cr\u00e9atine monohydrate, saveur orange - 500g . Winkel bij Eco Supplements altijd gratis verzending boven 100\u20ac\",\"breadcrumb\":{\"@id\":\"https:\\\/\\\/ecosupplements.be\\\/fr\\\/produit\\\/creatine-monohydrate-orange-500g\\\/#breadcrumb\"},\"inLanguage\":\"fr-FR\",\"potentialAction\":[{\"@type\":\"ReadAction\",\"target\":[\"https:\\\/\\\/ecosupplements.be\\\/fr\\\/produit\\\/creatine-monohydrate-orange-500g\\\/\"]}]},{\"@type\":\"ImageObject\",\"inLanguage\":\"fr-FR\",\"@id\":\"https:\\\/\\\/ecosupplements.be\\\/fr\\\/produit\\\/creatine-monohydrate-orange-500g\\\/#primaryimage\",\"url\":\"https:\\\/\\\/ecosupplements.be\\\/wp-content\\\/uploads\\\/2025\\\/08\\\/OstroVit-httpswww.powerbody.commediacatalogproductimimage_2025-03-31_67ea77b3dda0e.jpg\",\"contentUrl\":\"https:\\\/\\\/ecosupplements.be\\\/wp-content\\\/uploads\\\/2025\\\/08\\\/OstroVit-httpswww.powerbody.commediacatalogproductimimage_2025-03-31_67ea77b3dda0e.jpg\",\"width\":727,\"height\":853},{\"@type\":\"BreadcrumbList\",\"@id\":\"https:\\\/\\\/ecosupplements.be\\\/fr\\\/produit\\\/creatine-monohydrate-orange-500g\\\/#breadcrumb\",\"itemListElement\":[{\"@type\":\"ListItem\",\"position\":1,\"name\":\"Home\",\"item\":\"https:\\\/\\\/ecosupplements.be\\\/fr\\\/\"},{\"@type\":\"ListItem\",\"position\":2,\"name\":\"Boutique\",\"item\":\"https:\\\/\\\/ecosupplements.be\\\/fr\\\/boutique\\\/\"},{\"@type\":\"ListItem\",\"position\":3,\"name\":\"Cr\u00e9atine monohydrate, saveur orange &#8211; 500g\"}]},{\"@type\":\"WebSite\",\"@id\":\"https:\\\/\\\/ecosupplements.be\\\/fr\\\/#website\",\"url\":\"https:\\\/\\\/ecosupplements.be\\\/fr\\\/\",\"name\":\"ECO Supplements\",\"description\":\"Eco Supplements - Gezonde supplementen\",\"publisher\":{\"@id\":\"https:\\\/\\\/ecosupplements.be\\\/fr\\\/#organization\"},\"potentialAction\":[{\"@type\":\"SearchAction\",\"target\":{\"@type\":\"EntryPoint\",\"urlTemplate\":\"https:\\\/\\\/ecosupplements.be\\\/fr\\\/?s={search_term_string}\"},\"query-input\":{\"@type\":\"PropertyValueSpecification\",\"valueRequired\":true,\"valueName\":\"search_term_string\"}}],\"inLanguage\":\"fr-FR\"},{\"@type\":\"Organization\",\"@id\":\"https:\\\/\\\/ecosupplements.be\\\/fr\\\/#organization\",\"name\":\"Eco Supplements\",\"url\":\"https:\\\/\\\/ecosupplements.be\\\/fr\\\/\",\"logo\":{\"@type\":\"ImageObject\",\"inLanguage\":\"fr-FR\",\"@id\":\"https:\\\/\\\/ecosupplements.be\\\/fr\\\/#\\\/schema\\\/logo\\\/image\\\/\",\"url\":\"https:\\\/\\\/ecosupplements.be\\\/wp-content\\\/uploads\\\/2022\\\/06\\\/ecosupplement-family.png\",\"contentUrl\":\"https:\\\/\\\/ecosupplements.be\\\/wp-content\\\/uploads\\\/2022\\\/06\\\/ecosupplement-family.png\",\"width\":593,\"height\":374,\"caption\":\"Eco Supplements\"},\"image\":{\"@id\":\"https:\\\/\\\/ecosupplements.be\\\/fr\\\/#\\\/schema\\\/logo\\\/image\\\/\"}}]}<\/script>\n<meta property=\"product:brand\" content=\"Ostrovit\" \/>\n<meta property=\"product:price:amount\" content=\"9.85\" \/>\n<meta property=\"product:price:currency\" content=\"EUR\" \/>\n<meta property=\"og:availability\" content=\"instock\" \/>\n<meta property=\"product:availability\" content=\"instock\" \/>\n<meta property=\"product:retailer_item_id\" content=\"5902232611601\" \/>\n<meta property=\"product:condition\" content=\"new\" \/>\n<!-- \/ Yoast SEO Premium plugin. -->","yoast_head_json":{"title":"Cr\u00e9atine monohydrate, saveur orange - 500g - ECO Supplements","description":"Wij hebben een ruime keuze aan producten van Cr\u00e9atine monohydrate, saveur orange - 500g . Winkel bij Eco Supplements altijd gratis verzending boven 100\u20ac","robots":{"index":"index","follow":"follow","max-snippet":"max-snippet:-1","max-image-preview":"max-image-preview:large","max-video-preview":"max-video-preview:-1"},"canonical":"https:\/\/ecosupplements.be\/fr\/produit\/creatine-monohydrate-orange-500g\/","og_locale":"fr_FR","og_type":"article","og_title":"Cr\u00e9atine monohydrate, saveur orange - 500g","og_description":"Wij hebben een ruime keuze aan producten van Cr\u00e9atine monohydrate, saveur orange - 500g . Winkel bij Eco Supplements altijd gratis verzending boven 100\u20ac","og_url":"https:\/\/ecosupplements.be\/fr\/produit\/creatine-monohydrate-orange-500g\/","og_site_name":"ECO Supplements","article_modified_time":"2025-08-27T17:29:29+00:00","og_image":[{"width":727,"height":853,"url":"https:\/\/ecosupplements.be\/wp-content\/uploads\/2025\/08\/Ostrovit-Creatine-Monohydrate-Orange-500g.jpg","type":"image\/jpeg"}],"twitter_card":"summary_large_image","twitter_misc":{"Prix":"9.85&nbsp;&euro;","Disponibilit\u00e9":"En stock"},"schema":{"@context":"https:\/\/schema.org","@graph":[{"@type":["WebPage","ItemPage"],"@id":"https:\/\/ecosupplements.be\/fr\/produit\/creatine-monohydrate-orange-500g\/","url":"https:\/\/ecosupplements.be\/fr\/produit\/creatine-monohydrate-orange-500g\/","name":"Cr\u00e9atine monohydrate, saveur orange - 500g - ECO Supplements","isPartOf":{"@id":"https:\/\/ecosupplements.be\/fr\/#website"},"primaryImageOfPage":{"@id":"https:\/\/ecosupplements.be\/fr\/produit\/creatine-monohydrate-orange-500g\/#primaryimage"},"image":{"@id":"https:\/\/ecosupplements.be\/fr\/produit\/creatine-monohydrate-orange-500g\/#primaryimage"},"thumbnailUrl":"https:\/\/ecosupplements.be\/wp-content\/uploads\/2025\/08\/OstroVit-httpswww.powerbody.commediacatalogproductimimage_2025-03-31_67ea77b3dda0e.jpg","datePublished":"2025-04-23T12:14:32+00:00","dateModified":"2025-08-27T17:29:29+00:00","description":"Wij hebben een ruime keuze aan producten van Cr\u00e9atine monohydrate, saveur orange - 500g . Winkel bij Eco Supplements altijd gratis verzending boven 100\u20ac","breadcrumb":{"@id":"https:\/\/ecosupplements.be\/fr\/produit\/creatine-monohydrate-orange-500g\/#breadcrumb"},"inLanguage":"fr-FR","potentialAction":[{"@type":"ReadAction","target":["https:\/\/ecosupplements.be\/fr\/produit\/creatine-monohydrate-orange-500g\/"]}]},{"@type":"ImageObject","inLanguage":"fr-FR","@id":"https:\/\/ecosupplements.be\/fr\/produit\/creatine-monohydrate-orange-500g\/#primaryimage","url":"https:\/\/ecosupplements.be\/wp-content\/uploads\/2025\/08\/OstroVit-httpswww.powerbody.commediacatalogproductimimage_2025-03-31_67ea77b3dda0e.jpg","contentUrl":"https:\/\/ecosupplements.be\/wp-content\/uploads\/2025\/08\/OstroVit-httpswww.powerbody.commediacatalogproductimimage_2025-03-31_67ea77b3dda0e.jpg","width":727,"height":853},{"@type":"BreadcrumbList","@id":"https:\/\/ecosupplements.be\/fr\/produit\/creatine-monohydrate-orange-500g\/#breadcrumb","itemListElement":[{"@type":"ListItem","position":1,"name":"Home","item":"https:\/\/ecosupplements.be\/fr\/"},{"@type":"ListItem","position":2,"name":"Boutique","item":"https:\/\/ecosupplements.be\/fr\/boutique\/"},{"@type":"ListItem","position":3,"name":"Cr\u00e9atine monohydrate, saveur orange &#8211; 500g"}]},{"@type":"WebSite","@id":"https:\/\/ecosupplements.be\/fr\/#website","url":"https:\/\/ecosupplements.be\/fr\/","name":"ECO Supplements","description":"Eco Supplements - Gezonde supplementen","publisher":{"@id":"https:\/\/ecosupplements.be\/fr\/#organization"},"potentialAction":[{"@type":"SearchAction","target":{"@type":"EntryPoint","urlTemplate":"https:\/\/ecosupplements.be\/fr\/?s={search_term_string}"},"query-input":{"@type":"PropertyValueSpecification","valueRequired":true,"valueName":"search_term_string"}}],"inLanguage":"fr-FR"},{"@type":"Organization","@id":"https:\/\/ecosupplements.be\/fr\/#organization","name":"Eco Supplements","url":"https:\/\/ecosupplements.be\/fr\/","logo":{"@type":"ImageObject","inLanguage":"fr-FR","@id":"https:\/\/ecosupplements.be\/fr\/#\/schema\/logo\/image\/","url":"https:\/\/ecosupplements.be\/wp-content\/uploads\/2022\/06\/ecosupplement-family.png","contentUrl":"https:\/\/ecosupplements.be\/wp-content\/uploads\/2022\/06\/ecosupplement-family.png","width":593,"height":374,"caption":"Eco Supplements"},"image":{"@id":"https:\/\/ecosupplements.be\/fr\/#\/schema\/logo\/image\/"}}]},"product_brand":"Ostrovit","product_price_amount":"9.85","product_price_currency":"EUR","og_availability":"instock","product_availability":"instock","product_retailer_item_id":"5902232611601","product_condition":"new"},"_links":{"self":[{"href":"https:\/\/ecosupplements.be\/fr\/wp-json\/wp\/v2\/product\/296242","targetHints":{"allow":["GET"]}}],"collection":[{"href":"https:\/\/ecosupplements.be\/fr\/wp-json\/wp\/v2\/product"}],"about":[{"href":"https:\/\/ecosupplements.be\/fr\/wp-json\/wp\/v2\/types\/product"}],"replies":[{"embeddable":true,"href":"https:\/\/ecosupplements.be\/fr\/wp-json\/wp\/v2\/comments?post=296242"}],"wp:featuredmedia":[{"embeddable":true,"href":"https:\/\/ecosupplements.be\/fr\/wp-json\/wp\/v2\/media\/270175"}],"wp:attachment":[{"href":"https:\/\/ecosupplements.be\/fr\/wp-json\/wp\/v2\/media?parent=296242"}],"wp:term":[{"taxonomy":"product_brand","embeddable":true,"href":"https:\/\/ecosupplements.be\/fr\/wp-json\/wp\/v2\/product_brand?post=296242"},{"taxonomy":"product_cat","embeddable":true,"href":"https:\/\/ecosupplements.be\/fr\/wp-json\/wp\/v2\/product_cat?post=296242"},{"taxonomy":"product_tag","embeddable":true,"href":"https:\/\/ecosupplements.be\/fr\/wp-json\/wp\/v2\/product_tag?post=296242"}],"curies":[{"name":"wp","href":"https:\/\/api.w.org\/{rel}","templated":true}]}}