{"id":296260,"date":"2025-04-23T13:17:11","date_gmt":"2025-04-23T12:17:11","guid":{"rendered":"https:\/\/ecosupplements.be\/product\/lions-mane-60-vcaps\/"},"modified":"2025-08-27T18:29:44","modified_gmt":"2025-08-27T17:29:44","slug":"lions-mane-60-vcaps","status":"publish","type":"product","link":"https:\/\/ecosupplements.be\/fr\/produit\/lions-mane-60-vcaps\/","title":{"rendered":"G\u00e9lules v\u00e9g\u00e9tales de Pom-pom de lion &#8211; 60 unit\u00e9s"},"content":{"rendered":"<h2>Lion&#8217;s Mane &#8211; 60 vcaps<\/h2>\n<p>D\u00e9couvrez Lion&#8217;s Mane &#8211; 60 vcaps d&#8217;OstroVit, un choix parfait pour ceux qui appr\u00e9cient les ingr\u00e9dients naturels dans leur quotidien. Ce produit est \u00e9labor\u00e9 \u00e0 partir d&#8217;extraits purs et naturels, garantissant une qualit\u00e9 sup\u00e9rieure.<\/p>\n<p><strong>Origine:<\/strong> Fabriqu\u00e9 en pologne, ce compl\u00e9ment utilise des techniques de production respectueuses pour pr\u00e9server la puret\u00e9 et l&#8217;int\u00e9grit\u00e9 des ingr\u00e9dients naturels.<\/p>\n<p><strong>Ingr\u00e9dients principaux:<\/strong> Chaque capsule contient un extrait de Lion&#8217;s Mane (Crini\u00e8re de lion),connu pour sa texture fine et son origine naturelle.<\/p>\n<p><strong>Contenu et emballage:<\/strong> Le produit est pr\u00e9sent\u00e9 dans un emballage pratique contenant 60 capsules v\u00e9g\u00e9tariennes faciles \u00e0 consommer.<\/p>\n<p><strong>Utilisation:<\/strong> Pour une utilisation optimale, suivre la dose journali\u00e8re recommand\u00e9e indiqu\u00e9e sur l&#8217;emballage. Ces capsules sont con\u00e7ues pour \u00eatre int\u00e9gr\u00e9es facilement \u00e0 votre routine quotidienne sans modifier vos habitudes alimentaires habituelles.<\/p>\n<p>ce compl\u00e9ment est un excellent ajout \u00e0 votre style de vie actif, offrant une solution pratique et quotidienne sans pr\u00e9tentions m\u00e9dicales ou th\u00e9rapeutiques. Un choix id\u00e9al pour maintenir la qualit\u00e9 au c\u0153ur de votre alimentation avec facilit\u00e9 et simplicit\u00e9.<\/p>\n","protected":false},"excerpt":{"rendered":"<p>Lion&#8217;s Mane &#8211; 60 vcaps D\u00e9couvrez Lion&#8217;s Mane &#8211; 60 vcaps d&#8217;OstroVit, un choix parfait pour ceux qui appr\u00e9cient les ingr\u00e9dients naturels dans leur quotidien. Ce produit est \u00e9labor\u00e9 \u00e0 partir d&#8217;extraits purs et naturels, garantissant une qualit\u00e9 sup\u00e9rieure. Origine: Fabriqu\u00e9 en pologne, ce compl\u00e9ment utilise des techniques de production respectueuses pour pr\u00e9server la puret\u00e9 [&#8230;]\n","protected":false},"featured_media":270193,"comment_status":"closed","ping_status":"open","template":"","meta":[],"product_brand":[5326],"product_cat":[5053],"product_tag":[],"class_list":{"0":"post-296260","1":"product","2":"type-product","3":"status-publish","4":"has-post-thumbnail","6":"product_brand-ostrovit-2","7":"product_cat-vitamines-et-mineraux","9":"first","10":"instock","11":"taxable","12":"shipping-taxable","13":"purchasable","14":"product-type-simple"},"yoast_head":"<!-- This site is optimized with the Yoast SEO Premium plugin v27.5 (Yoast SEO v27.5) - https:\/\/yoast.com\/product\/yoast-seo-premium-wordpress\/ -->\n<title>G\u00e9lules v\u00e9g\u00e9tales de Pom-pom de lion - 60 unit\u00e9s - ECO Supplements<\/title>\n<meta name=\"description\" content=\"Wij hebben een ruime keuze aan producten van G\u00e9lules v\u00e9g\u00e9tales de Pom-pom de lion - 60 unit\u00e9s . Winkel bij Eco Supplements altijd gratis verzending boven 100\u20ac\" \/>\n<meta name=\"robots\" content=\"index, follow, max-snippet:-1, max-image-preview:large, max-video-preview:-1\" \/>\n<link rel=\"canonical\" href=\"https:\/\/ecosupplements.be\/fr\/produit\/lions-mane-60-vcaps\/\" \/>\n<meta property=\"og:locale\" content=\"fr_FR\" \/>\n<meta property=\"og:type\" content=\"article\" \/>\n<meta property=\"og:title\" content=\"G\u00e9lules v\u00e9g\u00e9tales de Pom-pom de lion - 60 unit\u00e9s\" \/>\n<meta property=\"og:description\" content=\"Wij hebben een ruime keuze aan producten van G\u00e9lules v\u00e9g\u00e9tales de Pom-pom de lion - 60 unit\u00e9s . Winkel bij Eco Supplements altijd gratis verzending boven 100\u20ac\" \/>\n<meta property=\"og:url\" content=\"https:\/\/ecosupplements.be\/fr\/produit\/lions-mane-60-vcaps\/\" \/>\n<meta property=\"og:site_name\" content=\"ECO Supplements\" \/>\n<meta property=\"article:modified_time\" content=\"2025-08-27T17:29:44+00:00\" \/>\n<meta property=\"og:image\" content=\"https:\/\/ecosupplements.be\/wp-content\/uploads\/2025\/08\/Ostrovit-Lions-Mane-60-vcaps.jpg\" \/>\n\t<meta property=\"og:image:width\" content=\"672\" \/>\n\t<meta property=\"og:image:height\" content=\"846\" \/>\n\t<meta property=\"og:image:type\" content=\"image\/jpeg\" \/>\n<meta name=\"twitter:card\" content=\"summary_large_image\" \/>\n<meta name=\"twitter:label1\" content=\"Prix\" \/>\n\t<meta name=\"twitter:data1\" content=\"6.25&nbsp;&euro;\" \/>\n\t<meta name=\"twitter:label2\" content=\"Disponibilit\u00e9\" \/>\n\t<meta name=\"twitter:data2\" content=\"En stock\" \/>\n<script type=\"application\/ld+json\" class=\"yoast-schema-graph\">{\"@context\":\"https:\\\/\\\/schema.org\",\"@graph\":[{\"@type\":[\"WebPage\",\"ItemPage\"],\"@id\":\"https:\\\/\\\/ecosupplements.be\\\/fr\\\/produit\\\/lions-mane-60-vcaps\\\/\",\"url\":\"https:\\\/\\\/ecosupplements.be\\\/fr\\\/produit\\\/lions-mane-60-vcaps\\\/\",\"name\":\"G\u00e9lules v\u00e9g\u00e9tales de Pom-pom de lion - 60 unit\u00e9s - ECO Supplements\",\"isPartOf\":{\"@id\":\"https:\\\/\\\/ecosupplements.be\\\/fr\\\/#website\"},\"primaryImageOfPage\":{\"@id\":\"https:\\\/\\\/ecosupplements.be\\\/fr\\\/produit\\\/lions-mane-60-vcaps\\\/#primaryimage\"},\"image\":{\"@id\":\"https:\\\/\\\/ecosupplements.be\\\/fr\\\/produit\\\/lions-mane-60-vcaps\\\/#primaryimage\"},\"thumbnailUrl\":\"https:\\\/\\\/ecosupplements.be\\\/wp-content\\\/uploads\\\/2025\\\/08\\\/OstroVit-httpswww.powerbody.commediacatalogproductimimage_2025-02-12_67ac8913768dd.jpg\",\"datePublished\":\"2025-04-23T12:17:11+00:00\",\"dateModified\":\"2025-08-27T17:29:44+00:00\",\"description\":\"Wij hebben een ruime keuze aan producten van G\u00e9lules v\u00e9g\u00e9tales de Pom-pom de lion - 60 unit\u00e9s . Winkel bij Eco Supplements altijd gratis verzending boven 100\u20ac\",\"breadcrumb\":{\"@id\":\"https:\\\/\\\/ecosupplements.be\\\/fr\\\/produit\\\/lions-mane-60-vcaps\\\/#breadcrumb\"},\"inLanguage\":\"fr-FR\",\"potentialAction\":[{\"@type\":\"ReadAction\",\"target\":[\"https:\\\/\\\/ecosupplements.be\\\/fr\\\/produit\\\/lions-mane-60-vcaps\\\/\"]}]},{\"@type\":\"ImageObject\",\"inLanguage\":\"fr-FR\",\"@id\":\"https:\\\/\\\/ecosupplements.be\\\/fr\\\/produit\\\/lions-mane-60-vcaps\\\/#primaryimage\",\"url\":\"https:\\\/\\\/ecosupplements.be\\\/wp-content\\\/uploads\\\/2025\\\/08\\\/OstroVit-httpswww.powerbody.commediacatalogproductimimage_2025-02-12_67ac8913768dd.jpg\",\"contentUrl\":\"https:\\\/\\\/ecosupplements.be\\\/wp-content\\\/uploads\\\/2025\\\/08\\\/OstroVit-httpswww.powerbody.commediacatalogproductimimage_2025-02-12_67ac8913768dd.jpg\",\"width\":672,\"height\":846},{\"@type\":\"BreadcrumbList\",\"@id\":\"https:\\\/\\\/ecosupplements.be\\\/fr\\\/produit\\\/lions-mane-60-vcaps\\\/#breadcrumb\",\"itemListElement\":[{\"@type\":\"ListItem\",\"position\":1,\"name\":\"Home\",\"item\":\"https:\\\/\\\/ecosupplements.be\\\/fr\\\/\"},{\"@type\":\"ListItem\",\"position\":2,\"name\":\"Boutique\",\"item\":\"https:\\\/\\\/ecosupplements.be\\\/fr\\\/boutique\\\/\"},{\"@type\":\"ListItem\",\"position\":3,\"name\":\"G\u00e9lules v\u00e9g\u00e9tales de Pom-pom de lion &#8211; 60 unit\u00e9s\"}]},{\"@type\":\"WebSite\",\"@id\":\"https:\\\/\\\/ecosupplements.be\\\/fr\\\/#website\",\"url\":\"https:\\\/\\\/ecosupplements.be\\\/fr\\\/\",\"name\":\"ECO Supplements\",\"description\":\"Eco Supplements - Gezonde supplementen\",\"publisher\":{\"@id\":\"https:\\\/\\\/ecosupplements.be\\\/fr\\\/#organization\"},\"potentialAction\":[{\"@type\":\"SearchAction\",\"target\":{\"@type\":\"EntryPoint\",\"urlTemplate\":\"https:\\\/\\\/ecosupplements.be\\\/fr\\\/?s={search_term_string}\"},\"query-input\":{\"@type\":\"PropertyValueSpecification\",\"valueRequired\":true,\"valueName\":\"search_term_string\"}}],\"inLanguage\":\"fr-FR\"},{\"@type\":\"Organization\",\"@id\":\"https:\\\/\\\/ecosupplements.be\\\/fr\\\/#organization\",\"name\":\"Eco Supplements\",\"url\":\"https:\\\/\\\/ecosupplements.be\\\/fr\\\/\",\"logo\":{\"@type\":\"ImageObject\",\"inLanguage\":\"fr-FR\",\"@id\":\"https:\\\/\\\/ecosupplements.be\\\/fr\\\/#\\\/schema\\\/logo\\\/image\\\/\",\"url\":\"https:\\\/\\\/ecosupplements.be\\\/wp-content\\\/uploads\\\/2022\\\/06\\\/ecosupplement-family.png\",\"contentUrl\":\"https:\\\/\\\/ecosupplements.be\\\/wp-content\\\/uploads\\\/2022\\\/06\\\/ecosupplement-family.png\",\"width\":593,\"height\":374,\"caption\":\"Eco Supplements\"},\"image\":{\"@id\":\"https:\\\/\\\/ecosupplements.be\\\/fr\\\/#\\\/schema\\\/logo\\\/image\\\/\"}}]}<\/script>\n<meta property=\"product:brand\" content=\"Ostrovit\" \/>\n<meta property=\"product:price:amount\" content=\"6.25\" \/>\n<meta property=\"product:price:currency\" content=\"EUR\" \/>\n<meta property=\"og:availability\" content=\"instock\" \/>\n<meta property=\"product:availability\" content=\"instock\" \/>\n<meta property=\"product:retailer_item_id\" content=\"5903933902012\" \/>\n<meta property=\"product:condition\" content=\"new\" \/>\n<!-- \/ Yoast SEO Premium plugin. -->","yoast_head_json":{"title":"G\u00e9lules v\u00e9g\u00e9tales de Pom-pom de lion - 60 unit\u00e9s - ECO Supplements","description":"Wij hebben een ruime keuze aan producten van G\u00e9lules v\u00e9g\u00e9tales de Pom-pom de lion - 60 unit\u00e9s . Winkel bij Eco Supplements altijd gratis verzending boven 100\u20ac","robots":{"index":"index","follow":"follow","max-snippet":"max-snippet:-1","max-image-preview":"max-image-preview:large","max-video-preview":"max-video-preview:-1"},"canonical":"https:\/\/ecosupplements.be\/fr\/produit\/lions-mane-60-vcaps\/","og_locale":"fr_FR","og_type":"article","og_title":"G\u00e9lules v\u00e9g\u00e9tales de Pom-pom de lion - 60 unit\u00e9s","og_description":"Wij hebben een ruime keuze aan producten van G\u00e9lules v\u00e9g\u00e9tales de Pom-pom de lion - 60 unit\u00e9s . Winkel bij Eco Supplements altijd gratis verzending boven 100\u20ac","og_url":"https:\/\/ecosupplements.be\/fr\/produit\/lions-mane-60-vcaps\/","og_site_name":"ECO Supplements","article_modified_time":"2025-08-27T17:29:44+00:00","og_image":[{"width":672,"height":846,"url":"https:\/\/ecosupplements.be\/wp-content\/uploads\/2025\/08\/Ostrovit-Lions-Mane-60-vcaps.jpg","type":"image\/jpeg"}],"twitter_card":"summary_large_image","twitter_misc":{"Prix":"6.25&nbsp;&euro;","Disponibilit\u00e9":"En stock"},"schema":{"@context":"https:\/\/schema.org","@graph":[{"@type":["WebPage","ItemPage"],"@id":"https:\/\/ecosupplements.be\/fr\/produit\/lions-mane-60-vcaps\/","url":"https:\/\/ecosupplements.be\/fr\/produit\/lions-mane-60-vcaps\/","name":"G\u00e9lules v\u00e9g\u00e9tales de Pom-pom de lion - 60 unit\u00e9s - ECO Supplements","isPartOf":{"@id":"https:\/\/ecosupplements.be\/fr\/#website"},"primaryImageOfPage":{"@id":"https:\/\/ecosupplements.be\/fr\/produit\/lions-mane-60-vcaps\/#primaryimage"},"image":{"@id":"https:\/\/ecosupplements.be\/fr\/produit\/lions-mane-60-vcaps\/#primaryimage"},"thumbnailUrl":"https:\/\/ecosupplements.be\/wp-content\/uploads\/2025\/08\/OstroVit-httpswww.powerbody.commediacatalogproductimimage_2025-02-12_67ac8913768dd.jpg","datePublished":"2025-04-23T12:17:11+00:00","dateModified":"2025-08-27T17:29:44+00:00","description":"Wij hebben een ruime keuze aan producten van G\u00e9lules v\u00e9g\u00e9tales de Pom-pom de lion - 60 unit\u00e9s . Winkel bij Eco Supplements altijd gratis verzending boven 100\u20ac","breadcrumb":{"@id":"https:\/\/ecosupplements.be\/fr\/produit\/lions-mane-60-vcaps\/#breadcrumb"},"inLanguage":"fr-FR","potentialAction":[{"@type":"ReadAction","target":["https:\/\/ecosupplements.be\/fr\/produit\/lions-mane-60-vcaps\/"]}]},{"@type":"ImageObject","inLanguage":"fr-FR","@id":"https:\/\/ecosupplements.be\/fr\/produit\/lions-mane-60-vcaps\/#primaryimage","url":"https:\/\/ecosupplements.be\/wp-content\/uploads\/2025\/08\/OstroVit-httpswww.powerbody.commediacatalogproductimimage_2025-02-12_67ac8913768dd.jpg","contentUrl":"https:\/\/ecosupplements.be\/wp-content\/uploads\/2025\/08\/OstroVit-httpswww.powerbody.commediacatalogproductimimage_2025-02-12_67ac8913768dd.jpg","width":672,"height":846},{"@type":"BreadcrumbList","@id":"https:\/\/ecosupplements.be\/fr\/produit\/lions-mane-60-vcaps\/#breadcrumb","itemListElement":[{"@type":"ListItem","position":1,"name":"Home","item":"https:\/\/ecosupplements.be\/fr\/"},{"@type":"ListItem","position":2,"name":"Boutique","item":"https:\/\/ecosupplements.be\/fr\/boutique\/"},{"@type":"ListItem","position":3,"name":"G\u00e9lules v\u00e9g\u00e9tales de Pom-pom de lion &#8211; 60 unit\u00e9s"}]},{"@type":"WebSite","@id":"https:\/\/ecosupplements.be\/fr\/#website","url":"https:\/\/ecosupplements.be\/fr\/","name":"ECO Supplements","description":"Eco Supplements - Gezonde supplementen","publisher":{"@id":"https:\/\/ecosupplements.be\/fr\/#organization"},"potentialAction":[{"@type":"SearchAction","target":{"@type":"EntryPoint","urlTemplate":"https:\/\/ecosupplements.be\/fr\/?s={search_term_string}"},"query-input":{"@type":"PropertyValueSpecification","valueRequired":true,"valueName":"search_term_string"}}],"inLanguage":"fr-FR"},{"@type":"Organization","@id":"https:\/\/ecosupplements.be\/fr\/#organization","name":"Eco Supplements","url":"https:\/\/ecosupplements.be\/fr\/","logo":{"@type":"ImageObject","inLanguage":"fr-FR","@id":"https:\/\/ecosupplements.be\/fr\/#\/schema\/logo\/image\/","url":"https:\/\/ecosupplements.be\/wp-content\/uploads\/2022\/06\/ecosupplement-family.png","contentUrl":"https:\/\/ecosupplements.be\/wp-content\/uploads\/2022\/06\/ecosupplement-family.png","width":593,"height":374,"caption":"Eco Supplements"},"image":{"@id":"https:\/\/ecosupplements.be\/fr\/#\/schema\/logo\/image\/"}}]},"product_brand":"Ostrovit","product_price_amount":"6.25","product_price_currency":"EUR","og_availability":"instock","product_availability":"instock","product_retailer_item_id":"5903933902012","product_condition":"new"},"_links":{"self":[{"href":"https:\/\/ecosupplements.be\/fr\/wp-json\/wp\/v2\/product\/296260","targetHints":{"allow":["GET"]}}],"collection":[{"href":"https:\/\/ecosupplements.be\/fr\/wp-json\/wp\/v2\/product"}],"about":[{"href":"https:\/\/ecosupplements.be\/fr\/wp-json\/wp\/v2\/types\/product"}],"replies":[{"embeddable":true,"href":"https:\/\/ecosupplements.be\/fr\/wp-json\/wp\/v2\/comments?post=296260"}],"wp:featuredmedia":[{"embeddable":true,"href":"https:\/\/ecosupplements.be\/fr\/wp-json\/wp\/v2\/media\/270193"}],"wp:attachment":[{"href":"https:\/\/ecosupplements.be\/fr\/wp-json\/wp\/v2\/media?parent=296260"}],"wp:term":[{"taxonomy":"product_brand","embeddable":true,"href":"https:\/\/ecosupplements.be\/fr\/wp-json\/wp\/v2\/product_brand?post=296260"},{"taxonomy":"product_cat","embeddable":true,"href":"https:\/\/ecosupplements.be\/fr\/wp-json\/wp\/v2\/product_cat?post=296260"},{"taxonomy":"product_tag","embeddable":true,"href":"https:\/\/ecosupplements.be\/fr\/wp-json\/wp\/v2\/product_tag?post=296260"}],"curies":[{"name":"wp","href":"https:\/\/api.w.org\/{rel}","templated":true}]}}