{"id":296293,"date":"2025-04-23T13:21:20","date_gmt":"2025-04-23T12:21:20","guid":{"rendered":"https:\/\/ecosupplements.be\/product\/vitaminerals-sport-60-caps\/"},"modified":"2025-08-27T18:30:15","modified_gmt":"2025-08-27T17:30:15","slug":"vitaminerals-sport-60-caps","status":"publish","type":"product","link":"https:\/\/ecosupplements.be\/fr\/produit\/vitaminerals-sport-60-caps\/","title":{"rendered":"VITAMINES et MIN\u00c9RAUX Sport &#8211; 60 g\u00e9lules"},"content":{"rendered":"<h2>VITA&amp;MINERALS Sport &#8211; 60 g\u00e9lules<\/h2>\n<p>D\u00e9couvrez VITA&amp;MINERALS Sport,un choix parfait pour ceux qui appr\u00e9cient les ingr\u00e9dients naturels dans un mode de vie sain. Ce produit est con\u00e7u pour \u00eatre une partie simple et pratique de votre quotidien.<\/p>\n<p><strong>Ingr\u00e9dients principaux :<\/strong> Profitez d&#8217;une composition riche en vitamines et min\u00e9raux,tous issus de sources naturelles. Chaque g\u00e9lule contient une s\u00e9lection rigoureuse d&#8217;extraits de plantes et de composants naturels, garantissant une grande puret\u00e9 et qualit\u00e9.<\/p>\n<p><strong>Origine :<\/strong> Fabriqu\u00e9 en France, ce produit est le r\u00e9sultat d&#8217;un processus minutieux visant \u00e0 maintenir l&#8217;int\u00e9grit\u00e9 des ingr\u00e9dients naturels.<\/p>\n<p><strong>Contenu et emballage :<\/strong> Le produit est pr\u00e9sent\u00e9 dans un emballage contenant 60 g\u00e9lules faciles \u00e0 utiliser.<\/p>\n<p><strong>Utilisation :<\/strong> Pour une utilisation optimale, suivre la dose journali\u00e8re recommand\u00e9e indiqu\u00e9e sur l&#8217;emballage.<\/p>\n<p>Ce compl\u00e9ment alimentaire se distingue par sa facilit\u00e9 d&#8217;utilisation quotidienne. Il s&#8217;int\u00e8gre ais\u00e9ment \u00e0 votre routine sans pr\u00e9tendre \u00e0 des effets m\u00e9dicaux ou th\u00e9rapeutiques. Un choix naturel pour accompagner votre style de vie actif!<\/p>\n","protected":false},"excerpt":{"rendered":"<p>VITA&amp;MINERALS Sport &#8211; 60 g\u00e9lules D\u00e9couvrez VITA&amp;MINERALS Sport,un choix parfait pour ceux qui appr\u00e9cient les ingr\u00e9dients naturels dans un mode de vie sain. Ce produit est con\u00e7u pour \u00eatre une partie simple et pratique de votre quotidien. Ingr\u00e9dients principaux : Profitez d&#8217;une composition riche en vitamines et min\u00e9raux,tous issus de sources naturelles. Chaque g\u00e9lule contient [&#8230;]\n","protected":false},"featured_media":270226,"comment_status":"closed","ping_status":"open","template":"","meta":[],"product_brand":[5326],"product_cat":[5053],"product_tag":[],"class_list":{"0":"post-296293","1":"product","2":"type-product","3":"status-publish","4":"has-post-thumbnail","6":"product_brand-ostrovit-2","7":"product_cat-vitamines-et-mineraux","9":"first","10":"instock","11":"taxable","12":"shipping-taxable","13":"purchasable","14":"product-type-simple"},"yoast_head":"<!-- This site is optimized with the Yoast SEO Premium plugin v27.3 (Yoast SEO v27.3) - https:\/\/yoast.com\/product\/yoast-seo-premium-wordpress\/ -->\n<title>VITAMINES et MIN\u00c9RAUX Sport - 60 g\u00e9lules - ECO Supplements<\/title>\n<meta name=\"description\" content=\"Wij hebben een ruime keuze aan producten van VITAMINES et MIN\u00c9RAUX Sport - 60 g\u00e9lules . Winkel bij Eco Supplements altijd gratis verzending boven 100\u20ac\" \/>\n<meta name=\"robots\" content=\"index, follow, max-snippet:-1, max-image-preview:large, max-video-preview:-1\" \/>\n<link rel=\"canonical\" href=\"https:\/\/ecosupplements.be\/fr\/produit\/vitaminerals-sport-60-caps\/\" \/>\n<meta property=\"og:locale\" content=\"fr_FR\" \/>\n<meta property=\"og:type\" content=\"article\" \/>\n<meta property=\"og:title\" content=\"VITAMINES et MIN\u00c9RAUX Sport - 60 g\u00e9lules\" \/>\n<meta property=\"og:description\" content=\"Wij hebben een ruime keuze aan producten van VITAMINES et MIN\u00c9RAUX Sport - 60 g\u00e9lules . Winkel bij Eco Supplements altijd gratis verzending boven 100\u20ac\" \/>\n<meta property=\"og:url\" content=\"https:\/\/ecosupplements.be\/fr\/produit\/vitaminerals-sport-60-caps\/\" \/>\n<meta property=\"og:site_name\" content=\"ECO Supplements\" \/>\n<meta property=\"article:modified_time\" content=\"2025-08-27T17:30:15+00:00\" \/>\n<meta property=\"og:image\" content=\"https:\/\/ecosupplements.be\/wp-content\/uploads\/2025\/08\/Ostrovit-VITAMINERALS-Sport-60-caps.jpg\" \/>\n\t<meta property=\"og:image:width\" content=\"1012\" \/>\n\t<meta property=\"og:image:height\" content=\"745\" \/>\n\t<meta property=\"og:image:type\" content=\"image\/jpeg\" \/>\n<meta name=\"twitter:card\" content=\"summary_large_image\" \/>\n<meta name=\"twitter:label1\" content=\"Prix\" \/>\n\t<meta name=\"twitter:data1\" content=\"5.85&nbsp;&euro;\" \/>\n\t<meta name=\"twitter:label2\" content=\"Disponibilit\u00e9\" \/>\n\t<meta name=\"twitter:data2\" content=\"En stock\" \/>\n<script type=\"application\/ld+json\" class=\"yoast-schema-graph\">{\"@context\":\"https:\\\/\\\/schema.org\",\"@graph\":[{\"@type\":[\"WebPage\",\"ItemPage\"],\"@id\":\"https:\\\/\\\/ecosupplements.be\\\/fr\\\/produit\\\/vitaminerals-sport-60-caps\\\/\",\"url\":\"https:\\\/\\\/ecosupplements.be\\\/fr\\\/produit\\\/vitaminerals-sport-60-caps\\\/\",\"name\":\"VITAMINES et MIN\u00c9RAUX Sport - 60 g\u00e9lules - ECO Supplements\",\"isPartOf\":{\"@id\":\"https:\\\/\\\/ecosupplements.be\\\/fr\\\/#website\"},\"primaryImageOfPage\":{\"@id\":\"https:\\\/\\\/ecosupplements.be\\\/fr\\\/produit\\\/vitaminerals-sport-60-caps\\\/#primaryimage\"},\"image\":{\"@id\":\"https:\\\/\\\/ecosupplements.be\\\/fr\\\/produit\\\/vitaminerals-sport-60-caps\\\/#primaryimage\"},\"thumbnailUrl\":\"https:\\\/\\\/ecosupplements.be\\\/wp-content\\\/uploads\\\/2025\\\/08\\\/OstroVit-httpswww.powerbody.commediacatalogproductimimage_2025-02-17_67b2cf7d7744f.jpg\",\"datePublished\":\"2025-04-23T12:21:20+00:00\",\"dateModified\":\"2025-08-27T17:30:15+00:00\",\"description\":\"Wij hebben een ruime keuze aan producten van VITAMINES et MIN\u00c9RAUX Sport - 60 g\u00e9lules . Winkel bij Eco Supplements altijd gratis verzending boven 100\u20ac\",\"breadcrumb\":{\"@id\":\"https:\\\/\\\/ecosupplements.be\\\/fr\\\/produit\\\/vitaminerals-sport-60-caps\\\/#breadcrumb\"},\"inLanguage\":\"fr-FR\",\"potentialAction\":[{\"@type\":\"ReadAction\",\"target\":[\"https:\\\/\\\/ecosupplements.be\\\/fr\\\/produit\\\/vitaminerals-sport-60-caps\\\/\"]}]},{\"@type\":\"ImageObject\",\"inLanguage\":\"fr-FR\",\"@id\":\"https:\\\/\\\/ecosupplements.be\\\/fr\\\/produit\\\/vitaminerals-sport-60-caps\\\/#primaryimage\",\"url\":\"https:\\\/\\\/ecosupplements.be\\\/wp-content\\\/uploads\\\/2025\\\/08\\\/OstroVit-httpswww.powerbody.commediacatalogproductimimage_2025-02-17_67b2cf7d7744f.jpg\",\"contentUrl\":\"https:\\\/\\\/ecosupplements.be\\\/wp-content\\\/uploads\\\/2025\\\/08\\\/OstroVit-httpswww.powerbody.commediacatalogproductimimage_2025-02-17_67b2cf7d7744f.jpg\",\"width\":1012,\"height\":745},{\"@type\":\"BreadcrumbList\",\"@id\":\"https:\\\/\\\/ecosupplements.be\\\/fr\\\/produit\\\/vitaminerals-sport-60-caps\\\/#breadcrumb\",\"itemListElement\":[{\"@type\":\"ListItem\",\"position\":1,\"name\":\"Home\",\"item\":\"https:\\\/\\\/ecosupplements.be\\\/fr\\\/\"},{\"@type\":\"ListItem\",\"position\":2,\"name\":\"Boutique\",\"item\":\"https:\\\/\\\/ecosupplements.be\\\/fr\\\/boutique\\\/\"},{\"@type\":\"ListItem\",\"position\":3,\"name\":\"VITAMINES et MIN\u00c9RAUX Sport &#8211; 60 g\u00e9lules\"}]},{\"@type\":\"WebSite\",\"@id\":\"https:\\\/\\\/ecosupplements.be\\\/fr\\\/#website\",\"url\":\"https:\\\/\\\/ecosupplements.be\\\/fr\\\/\",\"name\":\"ECO Supplements\",\"description\":\"Eco Supplements - Gezonde supplementen\",\"publisher\":{\"@id\":\"https:\\\/\\\/ecosupplements.be\\\/fr\\\/#organization\"},\"potentialAction\":[{\"@type\":\"SearchAction\",\"target\":{\"@type\":\"EntryPoint\",\"urlTemplate\":\"https:\\\/\\\/ecosupplements.be\\\/fr\\\/?s={search_term_string}\"},\"query-input\":{\"@type\":\"PropertyValueSpecification\",\"valueRequired\":true,\"valueName\":\"search_term_string\"}}],\"inLanguage\":\"fr-FR\"},{\"@type\":\"Organization\",\"@id\":\"https:\\\/\\\/ecosupplements.be\\\/fr\\\/#organization\",\"name\":\"Eco Supplements\",\"url\":\"https:\\\/\\\/ecosupplements.be\\\/fr\\\/\",\"logo\":{\"@type\":\"ImageObject\",\"inLanguage\":\"fr-FR\",\"@id\":\"https:\\\/\\\/ecosupplements.be\\\/fr\\\/#\\\/schema\\\/logo\\\/image\\\/\",\"url\":\"https:\\\/\\\/ecosupplements.be\\\/wp-content\\\/uploads\\\/2022\\\/06\\\/ecosupplement-family.png\",\"contentUrl\":\"https:\\\/\\\/ecosupplements.be\\\/wp-content\\\/uploads\\\/2022\\\/06\\\/ecosupplement-family.png\",\"width\":593,\"height\":374,\"caption\":\"Eco Supplements\"},\"image\":{\"@id\":\"https:\\\/\\\/ecosupplements.be\\\/fr\\\/#\\\/schema\\\/logo\\\/image\\\/\"}}]}<\/script>\n<meta property=\"product:brand\" content=\"Ostrovit\" \/>\n<meta property=\"product:price:amount\" content=\"5.85\" \/>\n<meta property=\"product:price:currency\" content=\"EUR\" \/>\n<meta property=\"og:availability\" content=\"instock\" \/>\n<meta property=\"product:availability\" content=\"instock\" \/>\n<meta property=\"product:retailer_item_id\" content=\"5903246228212\" \/>\n<meta property=\"product:condition\" content=\"new\" \/>\n<!-- \/ Yoast SEO Premium plugin. -->","yoast_head_json":{"title":"VITAMINES et MIN\u00c9RAUX Sport - 60 g\u00e9lules - ECO Supplements","description":"Wij hebben een ruime keuze aan producten van VITAMINES et MIN\u00c9RAUX Sport - 60 g\u00e9lules . Winkel bij Eco Supplements altijd gratis verzending boven 100\u20ac","robots":{"index":"index","follow":"follow","max-snippet":"max-snippet:-1","max-image-preview":"max-image-preview:large","max-video-preview":"max-video-preview:-1"},"canonical":"https:\/\/ecosupplements.be\/fr\/produit\/vitaminerals-sport-60-caps\/","og_locale":"fr_FR","og_type":"article","og_title":"VITAMINES et MIN\u00c9RAUX Sport - 60 g\u00e9lules","og_description":"Wij hebben een ruime keuze aan producten van VITAMINES et MIN\u00c9RAUX Sport - 60 g\u00e9lules . Winkel bij Eco Supplements altijd gratis verzending boven 100\u20ac","og_url":"https:\/\/ecosupplements.be\/fr\/produit\/vitaminerals-sport-60-caps\/","og_site_name":"ECO Supplements","article_modified_time":"2025-08-27T17:30:15+00:00","og_image":[{"width":1012,"height":745,"url":"https:\/\/ecosupplements.be\/wp-content\/uploads\/2025\/08\/Ostrovit-VITAMINERALS-Sport-60-caps.jpg","type":"image\/jpeg"}],"twitter_card":"summary_large_image","twitter_misc":{"Prix":"5.85&nbsp;&euro;","Disponibilit\u00e9":"En stock"},"schema":{"@context":"https:\/\/schema.org","@graph":[{"@type":["WebPage","ItemPage"],"@id":"https:\/\/ecosupplements.be\/fr\/produit\/vitaminerals-sport-60-caps\/","url":"https:\/\/ecosupplements.be\/fr\/produit\/vitaminerals-sport-60-caps\/","name":"VITAMINES et MIN\u00c9RAUX Sport - 60 g\u00e9lules - ECO Supplements","isPartOf":{"@id":"https:\/\/ecosupplements.be\/fr\/#website"},"primaryImageOfPage":{"@id":"https:\/\/ecosupplements.be\/fr\/produit\/vitaminerals-sport-60-caps\/#primaryimage"},"image":{"@id":"https:\/\/ecosupplements.be\/fr\/produit\/vitaminerals-sport-60-caps\/#primaryimage"},"thumbnailUrl":"https:\/\/ecosupplements.be\/wp-content\/uploads\/2025\/08\/OstroVit-httpswww.powerbody.commediacatalogproductimimage_2025-02-17_67b2cf7d7744f.jpg","datePublished":"2025-04-23T12:21:20+00:00","dateModified":"2025-08-27T17:30:15+00:00","description":"Wij hebben een ruime keuze aan producten van VITAMINES et MIN\u00c9RAUX Sport - 60 g\u00e9lules . Winkel bij Eco Supplements altijd gratis verzending boven 100\u20ac","breadcrumb":{"@id":"https:\/\/ecosupplements.be\/fr\/produit\/vitaminerals-sport-60-caps\/#breadcrumb"},"inLanguage":"fr-FR","potentialAction":[{"@type":"ReadAction","target":["https:\/\/ecosupplements.be\/fr\/produit\/vitaminerals-sport-60-caps\/"]}]},{"@type":"ImageObject","inLanguage":"fr-FR","@id":"https:\/\/ecosupplements.be\/fr\/produit\/vitaminerals-sport-60-caps\/#primaryimage","url":"https:\/\/ecosupplements.be\/wp-content\/uploads\/2025\/08\/OstroVit-httpswww.powerbody.commediacatalogproductimimage_2025-02-17_67b2cf7d7744f.jpg","contentUrl":"https:\/\/ecosupplements.be\/wp-content\/uploads\/2025\/08\/OstroVit-httpswww.powerbody.commediacatalogproductimimage_2025-02-17_67b2cf7d7744f.jpg","width":1012,"height":745},{"@type":"BreadcrumbList","@id":"https:\/\/ecosupplements.be\/fr\/produit\/vitaminerals-sport-60-caps\/#breadcrumb","itemListElement":[{"@type":"ListItem","position":1,"name":"Home","item":"https:\/\/ecosupplements.be\/fr\/"},{"@type":"ListItem","position":2,"name":"Boutique","item":"https:\/\/ecosupplements.be\/fr\/boutique\/"},{"@type":"ListItem","position":3,"name":"VITAMINES et MIN\u00c9RAUX Sport &#8211; 60 g\u00e9lules"}]},{"@type":"WebSite","@id":"https:\/\/ecosupplements.be\/fr\/#website","url":"https:\/\/ecosupplements.be\/fr\/","name":"ECO Supplements","description":"Eco Supplements - Gezonde supplementen","publisher":{"@id":"https:\/\/ecosupplements.be\/fr\/#organization"},"potentialAction":[{"@type":"SearchAction","target":{"@type":"EntryPoint","urlTemplate":"https:\/\/ecosupplements.be\/fr\/?s={search_term_string}"},"query-input":{"@type":"PropertyValueSpecification","valueRequired":true,"valueName":"search_term_string"}}],"inLanguage":"fr-FR"},{"@type":"Organization","@id":"https:\/\/ecosupplements.be\/fr\/#organization","name":"Eco Supplements","url":"https:\/\/ecosupplements.be\/fr\/","logo":{"@type":"ImageObject","inLanguage":"fr-FR","@id":"https:\/\/ecosupplements.be\/fr\/#\/schema\/logo\/image\/","url":"https:\/\/ecosupplements.be\/wp-content\/uploads\/2022\/06\/ecosupplement-family.png","contentUrl":"https:\/\/ecosupplements.be\/wp-content\/uploads\/2022\/06\/ecosupplement-family.png","width":593,"height":374,"caption":"Eco Supplements"},"image":{"@id":"https:\/\/ecosupplements.be\/fr\/#\/schema\/logo\/image\/"}}]},"product_brand":"Ostrovit","product_price_amount":"5.85","product_price_currency":"EUR","og_availability":"instock","product_availability":"instock","product_retailer_item_id":"5903246228212","product_condition":"new"},"_links":{"self":[{"href":"https:\/\/ecosupplements.be\/fr\/wp-json\/wp\/v2\/product\/296293","targetHints":{"allow":["GET"]}}],"collection":[{"href":"https:\/\/ecosupplements.be\/fr\/wp-json\/wp\/v2\/product"}],"about":[{"href":"https:\/\/ecosupplements.be\/fr\/wp-json\/wp\/v2\/types\/product"}],"replies":[{"embeddable":true,"href":"https:\/\/ecosupplements.be\/fr\/wp-json\/wp\/v2\/comments?post=296293"}],"wp:featuredmedia":[{"embeddable":true,"href":"https:\/\/ecosupplements.be\/fr\/wp-json\/wp\/v2\/media\/270226"}],"wp:attachment":[{"href":"https:\/\/ecosupplements.be\/fr\/wp-json\/wp\/v2\/media?parent=296293"}],"wp:term":[{"taxonomy":"product_brand","embeddable":true,"href":"https:\/\/ecosupplements.be\/fr\/wp-json\/wp\/v2\/product_brand?post=296293"},{"taxonomy":"product_cat","embeddable":true,"href":"https:\/\/ecosupplements.be\/fr\/wp-json\/wp\/v2\/product_cat?post=296293"},{"taxonomy":"product_tag","embeddable":true,"href":"https:\/\/ecosupplements.be\/fr\/wp-json\/wp\/v2\/product_tag?post=296293"}],"curies":[{"name":"wp","href":"https:\/\/api.w.org\/{rel}","templated":true}]}}