{"id":297190,"date":"2025-06-23T14:00:32","date_gmt":"2025-06-23T13:00:32","guid":{"rendered":"https:\/\/ecosupplements.be\/product\/natures-way-cordyceps-60-capsules\/"},"modified":"2025-08-28T01:45:49","modified_gmt":"2025-08-28T00:45:49","slug":"natures-way-cordyceps-60-capsules","status":"publish","type":"product","link":"https:\/\/ecosupplements.be\/fr\/produit\/natures-way-cordyceps-60-capsules\/","title":{"rendered":"Cordyceps de la Voie Naturelle (60 capsules)"},"content":{"rendered":"<h2>Natures Way Cordyceps (60 Capsules)<\/h2>\n<p>D\u00e9couvrez les capsules de cordyceps de natures Way, un choix parfait pour ceux qui appr\u00e9cient les ingr\u00e9dients naturels dans leur quotidien.chaque capsule contient un extrait pur et naturel de cordyceps, reconnu pour sa qualit\u00e9 sup\u00e9rieure.<\/p>\n<p>Ce produit est con\u00e7u avec soin pour s&#8217;int\u00e9grer harmonieusement \u00e0 votre routine journali\u00e8re. les capsules sont faciles \u00e0 consommer et sont pr\u00e9sent\u00e9es dans un emballage pratique, id\u00e9al pour les personnes actives cherchant une solution simple et naturelle.<\/p>\n<ul>\n<li><strong>Ingr\u00e9dients principaux :<\/strong> Extrait pur de cordyceps<\/li>\n<li><strong>Contenu et emballage :<\/strong> Bo\u00eete contenant 60 capsules<\/li>\n<li><strong>Utilisation :<\/strong> Prendre une capsule par jour avec un verre d&#8217;eau<\/li>\n<\/ul>\n<p>Ces capsules sont fabriqu\u00e9es sans l&#8217;utilisation d&#8217;additifs artificiels, mettant en avant l&#8217;engagement de Natures Way envers la qualit\u00e9 et la naturalit\u00e9. Un compl\u00e9ment simple pour un usage quotidien qui s&#8217;aligne avec un mode de vie \u00e9quilibr\u00e9.<\/p>\n<p>Avec Natures Way Cordyceps, optez pour une approche respectueuse du bien-\u00eatre quotidien gr\u00e2ce \u00e0 des composants purs issus de la nature.<\/p>\n","protected":false},"excerpt":{"rendered":"<p>Natures Way Cordyceps (60 Capsules) D\u00e9couvrez les capsules de cordyceps de natures Way, un choix parfait pour ceux qui appr\u00e9cient les ingr\u00e9dients naturels dans leur quotidien.chaque capsule contient un extrait pur et naturel de cordyceps, reconnu pour sa qualit\u00e9 sup\u00e9rieure. Ce produit est con\u00e7u avec soin pour s&#8217;int\u00e9grer harmonieusement \u00e0 votre routine journali\u00e8re. les capsules [&#8230;]\n","protected":false},"featured_media":297191,"comment_status":"closed","ping_status":"open","template":"","meta":[],"product_brand":[5306],"product_cat":[5052],"product_tag":[],"class_list":{"0":"post-297190","1":"product","2":"type-product","3":"status-publish","4":"has-post-thumbnail","6":"product_brand-natures-way-2","7":"product_cat-sante-et-bien-etre","9":"first","10":"instock","11":"taxable","12":"shipping-taxable","13":"purchasable","14":"product-type-simple"},"yoast_head":"<!-- This site is optimized with the Yoast SEO Premium plugin v27.3 (Yoast SEO v27.3) - https:\/\/yoast.com\/product\/yoast-seo-premium-wordpress\/ -->\n<title>Cordyceps de la Voie Naturelle (60 capsules) - ECO Supplements<\/title>\n<meta name=\"description\" content=\"Wij hebben een ruime keuze aan producten van Cordyceps de la Voie Naturelle (60 capsules) . Winkel bij Eco Supplements altijd gratis verzending boven 100\u20ac\" \/>\n<meta name=\"robots\" content=\"index, follow, max-snippet:-1, max-image-preview:large, max-video-preview:-1\" \/>\n<link rel=\"canonical\" href=\"https:\/\/ecosupplements.be\/fr\/produit\/natures-way-cordyceps-60-capsules\/\" \/>\n<meta property=\"og:locale\" content=\"fr_FR\" \/>\n<meta property=\"og:type\" content=\"article\" \/>\n<meta property=\"og:title\" content=\"Cordyceps de la Voie Naturelle (60 capsules)\" \/>\n<meta property=\"og:description\" content=\"Wij hebben een ruime keuze aan producten van Cordyceps de la Voie Naturelle (60 capsules) . Winkel bij Eco Supplements altijd gratis verzending boven 100\u20ac\" \/>\n<meta property=\"og:url\" content=\"https:\/\/ecosupplements.be\/fr\/produit\/natures-way-cordyceps-60-capsules\/\" \/>\n<meta property=\"og:site_name\" content=\"ECO Supplements\" \/>\n<meta property=\"article:modified_time\" content=\"2025-08-28T00:45:49+00:00\" \/>\n<meta property=\"og:image\" content=\"https:\/\/ecosupplements.be\/wp-content\/uploads\/2025\/08\/Natures-Way-Natures-Way-Cordyceps-60-Capsules.webp\" \/>\n\t<meta property=\"og:image:width\" content=\"1000\" \/>\n\t<meta property=\"og:image:height\" content=\"1000\" \/>\n\t<meta property=\"og:image:type\" content=\"image\/webp\" \/>\n<meta name=\"twitter:card\" content=\"summary_large_image\" \/>\n<meta name=\"twitter:label1\" content=\"Prix\" \/>\n\t<meta name=\"twitter:data1\" content=\"29.50&nbsp;&euro;\" \/>\n\t<meta name=\"twitter:label2\" content=\"Disponibilit\u00e9\" \/>\n\t<meta name=\"twitter:data2\" content=\"En stock\" \/>\n<script type=\"application\/ld+json\" class=\"yoast-schema-graph\">{\"@context\":\"https:\\\/\\\/schema.org\",\"@graph\":[{\"@type\":[\"WebPage\",\"ItemPage\"],\"@id\":\"https:\\\/\\\/ecosupplements.be\\\/fr\\\/produit\\\/natures-way-cordyceps-60-capsules\\\/\",\"url\":\"https:\\\/\\\/ecosupplements.be\\\/fr\\\/produit\\\/natures-way-cordyceps-60-capsules\\\/\",\"name\":\"Cordyceps de la Voie Naturelle (60 capsules) - ECO Supplements\",\"isPartOf\":{\"@id\":\"https:\\\/\\\/ecosupplements.be\\\/fr\\\/#website\"},\"primaryImageOfPage\":{\"@id\":\"https:\\\/\\\/ecosupplements.be\\\/fr\\\/produit\\\/natures-way-cordyceps-60-capsules\\\/#primaryimage\"},\"image\":{\"@id\":\"https:\\\/\\\/ecosupplements.be\\\/fr\\\/produit\\\/natures-way-cordyceps-60-capsules\\\/#primaryimage\"},\"thumbnailUrl\":\"https:\\\/\\\/ecosupplements.be\\\/wp-content\\\/uploads\\\/2025\\\/08\\\/Natures-Way-Natures-Way-Cordyceps-60-Capsules.webp\",\"datePublished\":\"2025-06-23T13:00:32+00:00\",\"dateModified\":\"2025-08-28T00:45:49+00:00\",\"description\":\"Wij hebben een ruime keuze aan producten van Cordyceps de la Voie Naturelle (60 capsules) . Winkel bij Eco Supplements altijd gratis verzending boven 100\u20ac\",\"breadcrumb\":{\"@id\":\"https:\\\/\\\/ecosupplements.be\\\/fr\\\/produit\\\/natures-way-cordyceps-60-capsules\\\/#breadcrumb\"},\"inLanguage\":\"fr-FR\",\"potentialAction\":[{\"@type\":\"ReadAction\",\"target\":[\"https:\\\/\\\/ecosupplements.be\\\/fr\\\/produit\\\/natures-way-cordyceps-60-capsules\\\/\"]}]},{\"@type\":\"ImageObject\",\"inLanguage\":\"fr-FR\",\"@id\":\"https:\\\/\\\/ecosupplements.be\\\/fr\\\/produit\\\/natures-way-cordyceps-60-capsules\\\/#primaryimage\",\"url\":\"https:\\\/\\\/ecosupplements.be\\\/wp-content\\\/uploads\\\/2025\\\/08\\\/Natures-Way-Natures-Way-Cordyceps-60-Capsules.webp\",\"contentUrl\":\"https:\\\/\\\/ecosupplements.be\\\/wp-content\\\/uploads\\\/2025\\\/08\\\/Natures-Way-Natures-Way-Cordyceps-60-Capsules.webp\",\"width\":1000,\"height\":1000},{\"@type\":\"BreadcrumbList\",\"@id\":\"https:\\\/\\\/ecosupplements.be\\\/fr\\\/produit\\\/natures-way-cordyceps-60-capsules\\\/#breadcrumb\",\"itemListElement\":[{\"@type\":\"ListItem\",\"position\":1,\"name\":\"Home\",\"item\":\"https:\\\/\\\/ecosupplements.be\\\/fr\\\/\"},{\"@type\":\"ListItem\",\"position\":2,\"name\":\"Boutique\",\"item\":\"https:\\\/\\\/ecosupplements.be\\\/fr\\\/boutique\\\/\"},{\"@type\":\"ListItem\",\"position\":3,\"name\":\"Cordyceps de la Voie Naturelle (60 capsules)\"}]},{\"@type\":\"WebSite\",\"@id\":\"https:\\\/\\\/ecosupplements.be\\\/fr\\\/#website\",\"url\":\"https:\\\/\\\/ecosupplements.be\\\/fr\\\/\",\"name\":\"ECO Supplements\",\"description\":\"Eco Supplements - Gezonde supplementen\",\"publisher\":{\"@id\":\"https:\\\/\\\/ecosupplements.be\\\/fr\\\/#organization\"},\"potentialAction\":[{\"@type\":\"SearchAction\",\"target\":{\"@type\":\"EntryPoint\",\"urlTemplate\":\"https:\\\/\\\/ecosupplements.be\\\/fr\\\/?s={search_term_string}\"},\"query-input\":{\"@type\":\"PropertyValueSpecification\",\"valueRequired\":true,\"valueName\":\"search_term_string\"}}],\"inLanguage\":\"fr-FR\"},{\"@type\":\"Organization\",\"@id\":\"https:\\\/\\\/ecosupplements.be\\\/fr\\\/#organization\",\"name\":\"Eco Supplements\",\"url\":\"https:\\\/\\\/ecosupplements.be\\\/fr\\\/\",\"logo\":{\"@type\":\"ImageObject\",\"inLanguage\":\"fr-FR\",\"@id\":\"https:\\\/\\\/ecosupplements.be\\\/fr\\\/#\\\/schema\\\/logo\\\/image\\\/\",\"url\":\"https:\\\/\\\/ecosupplements.be\\\/wp-content\\\/uploads\\\/2022\\\/06\\\/ecosupplement-family.png\",\"contentUrl\":\"https:\\\/\\\/ecosupplements.be\\\/wp-content\\\/uploads\\\/2022\\\/06\\\/ecosupplement-family.png\",\"width\":593,\"height\":374,\"caption\":\"Eco Supplements\"},\"image\":{\"@id\":\"https:\\\/\\\/ecosupplements.be\\\/fr\\\/#\\\/schema\\\/logo\\\/image\\\/\"}}]}<\/script>\n<meta property=\"product:brand\" content=\"Natures Way\" \/>\n<meta property=\"product:price:amount\" content=\"29.50\" \/>\n<meta property=\"product:price:currency\" content=\"EUR\" \/>\n<meta property=\"og:availability\" content=\"instock\" \/>\n<meta property=\"product:availability\" content=\"instock\" \/>\n<meta property=\"product:retailer_item_id\" content=\"033674153840\" \/>\n<meta property=\"product:condition\" content=\"new\" \/>\n<!-- \/ Yoast SEO Premium plugin. -->","yoast_head_json":{"title":"Cordyceps de la Voie Naturelle (60 capsules) - ECO Supplements","description":"Wij hebben een ruime keuze aan producten van Cordyceps de la Voie Naturelle (60 capsules) . Winkel bij Eco Supplements altijd gratis verzending boven 100\u20ac","robots":{"index":"index","follow":"follow","max-snippet":"max-snippet:-1","max-image-preview":"max-image-preview:large","max-video-preview":"max-video-preview:-1"},"canonical":"https:\/\/ecosupplements.be\/fr\/produit\/natures-way-cordyceps-60-capsules\/","og_locale":"fr_FR","og_type":"article","og_title":"Cordyceps de la Voie Naturelle (60 capsules)","og_description":"Wij hebben een ruime keuze aan producten van Cordyceps de la Voie Naturelle (60 capsules) . Winkel bij Eco Supplements altijd gratis verzending boven 100\u20ac","og_url":"https:\/\/ecosupplements.be\/fr\/produit\/natures-way-cordyceps-60-capsules\/","og_site_name":"ECO Supplements","article_modified_time":"2025-08-28T00:45:49+00:00","og_image":[{"width":1000,"height":1000,"url":"https:\/\/ecosupplements.be\/wp-content\/uploads\/2025\/08\/Natures-Way-Natures-Way-Cordyceps-60-Capsules.webp","type":"image\/webp"}],"twitter_card":"summary_large_image","twitter_misc":{"Prix":"29.50&nbsp;&euro;","Disponibilit\u00e9":"En stock"},"schema":{"@context":"https:\/\/schema.org","@graph":[{"@type":["WebPage","ItemPage"],"@id":"https:\/\/ecosupplements.be\/fr\/produit\/natures-way-cordyceps-60-capsules\/","url":"https:\/\/ecosupplements.be\/fr\/produit\/natures-way-cordyceps-60-capsules\/","name":"Cordyceps de la Voie Naturelle (60 capsules) - ECO Supplements","isPartOf":{"@id":"https:\/\/ecosupplements.be\/fr\/#website"},"primaryImageOfPage":{"@id":"https:\/\/ecosupplements.be\/fr\/produit\/natures-way-cordyceps-60-capsules\/#primaryimage"},"image":{"@id":"https:\/\/ecosupplements.be\/fr\/produit\/natures-way-cordyceps-60-capsules\/#primaryimage"},"thumbnailUrl":"https:\/\/ecosupplements.be\/wp-content\/uploads\/2025\/08\/Natures-Way-Natures-Way-Cordyceps-60-Capsules.webp","datePublished":"2025-06-23T13:00:32+00:00","dateModified":"2025-08-28T00:45:49+00:00","description":"Wij hebben een ruime keuze aan producten van Cordyceps de la Voie Naturelle (60 capsules) . Winkel bij Eco Supplements altijd gratis verzending boven 100\u20ac","breadcrumb":{"@id":"https:\/\/ecosupplements.be\/fr\/produit\/natures-way-cordyceps-60-capsules\/#breadcrumb"},"inLanguage":"fr-FR","potentialAction":[{"@type":"ReadAction","target":["https:\/\/ecosupplements.be\/fr\/produit\/natures-way-cordyceps-60-capsules\/"]}]},{"@type":"ImageObject","inLanguage":"fr-FR","@id":"https:\/\/ecosupplements.be\/fr\/produit\/natures-way-cordyceps-60-capsules\/#primaryimage","url":"https:\/\/ecosupplements.be\/wp-content\/uploads\/2025\/08\/Natures-Way-Natures-Way-Cordyceps-60-Capsules.webp","contentUrl":"https:\/\/ecosupplements.be\/wp-content\/uploads\/2025\/08\/Natures-Way-Natures-Way-Cordyceps-60-Capsules.webp","width":1000,"height":1000},{"@type":"BreadcrumbList","@id":"https:\/\/ecosupplements.be\/fr\/produit\/natures-way-cordyceps-60-capsules\/#breadcrumb","itemListElement":[{"@type":"ListItem","position":1,"name":"Home","item":"https:\/\/ecosupplements.be\/fr\/"},{"@type":"ListItem","position":2,"name":"Boutique","item":"https:\/\/ecosupplements.be\/fr\/boutique\/"},{"@type":"ListItem","position":3,"name":"Cordyceps de la Voie Naturelle (60 capsules)"}]},{"@type":"WebSite","@id":"https:\/\/ecosupplements.be\/fr\/#website","url":"https:\/\/ecosupplements.be\/fr\/","name":"ECO Supplements","description":"Eco Supplements - Gezonde supplementen","publisher":{"@id":"https:\/\/ecosupplements.be\/fr\/#organization"},"potentialAction":[{"@type":"SearchAction","target":{"@type":"EntryPoint","urlTemplate":"https:\/\/ecosupplements.be\/fr\/?s={search_term_string}"},"query-input":{"@type":"PropertyValueSpecification","valueRequired":true,"valueName":"search_term_string"}}],"inLanguage":"fr-FR"},{"@type":"Organization","@id":"https:\/\/ecosupplements.be\/fr\/#organization","name":"Eco Supplements","url":"https:\/\/ecosupplements.be\/fr\/","logo":{"@type":"ImageObject","inLanguage":"fr-FR","@id":"https:\/\/ecosupplements.be\/fr\/#\/schema\/logo\/image\/","url":"https:\/\/ecosupplements.be\/wp-content\/uploads\/2022\/06\/ecosupplement-family.png","contentUrl":"https:\/\/ecosupplements.be\/wp-content\/uploads\/2022\/06\/ecosupplement-family.png","width":593,"height":374,"caption":"Eco Supplements"},"image":{"@id":"https:\/\/ecosupplements.be\/fr\/#\/schema\/logo\/image\/"}}]},"product_brand":"Natures Way","product_price_amount":"29.50","product_price_currency":"EUR","og_availability":"instock","product_availability":"instock","product_retailer_item_id":"033674153840","product_condition":"new"},"_links":{"self":[{"href":"https:\/\/ecosupplements.be\/fr\/wp-json\/wp\/v2\/product\/297190","targetHints":{"allow":["GET"]}}],"collection":[{"href":"https:\/\/ecosupplements.be\/fr\/wp-json\/wp\/v2\/product"}],"about":[{"href":"https:\/\/ecosupplements.be\/fr\/wp-json\/wp\/v2\/types\/product"}],"replies":[{"embeddable":true,"href":"https:\/\/ecosupplements.be\/fr\/wp-json\/wp\/v2\/comments?post=297190"}],"wp:featuredmedia":[{"embeddable":true,"href":"https:\/\/ecosupplements.be\/fr\/wp-json\/wp\/v2\/media\/297191"}],"wp:attachment":[{"href":"https:\/\/ecosupplements.be\/fr\/wp-json\/wp\/v2\/media?parent=297190"}],"wp:term":[{"taxonomy":"product_brand","embeddable":true,"href":"https:\/\/ecosupplements.be\/fr\/wp-json\/wp\/v2\/product_brand?post=297190"},{"taxonomy":"product_cat","embeddable":true,"href":"https:\/\/ecosupplements.be\/fr\/wp-json\/wp\/v2\/product_cat?post=297190"},{"taxonomy":"product_tag","embeddable":true,"href":"https:\/\/ecosupplements.be\/fr\/wp-json\/wp\/v2\/product_tag?post=297190"}],"curies":[{"name":"wp","href":"https:\/\/api.w.org\/{rel}","templated":true}]}}