{"id":297285,"date":"2025-06-23T15:45:14","date_gmt":"2025-06-23T14:45:14","guid":{"rendered":"https:\/\/ecosupplements.be\/product\/creatine-monohydrate-watermelon-1000g\/"},"modified":"2025-08-28T01:47:08","modified_gmt":"2025-08-28T00:47:08","slug":"creatine-monohydrate-watermelon-1000g","status":"publish","type":"product","link":"https:\/\/ecosupplements.be\/fr\/produit\/creatine-monohydrate-watermelon-1000g\/","title":{"rendered":"Cr\u00e9atine monohydrate, past\u00e8que &#8211; 1000g"},"content":{"rendered":"<h2>Creatine Monohydrate, Watermelon &#8211; 1000g<\/h2>\n<p>D\u00e9couvrez le <strong>Creatine Monohydrate, Watermelon<\/strong> de la marque OstroVit, un produit con\u00e7u avec soin en Pologne.Ce compl\u00e9ment se pr\u00e9sente sous forme de poudre et est conditionn\u00e9 dans un emballage pratique de 1000g.<\/p>\n<p>La cr\u00e9atine monohydrate est reconnue pour sa grande puret\u00e9 et son origine naturelle. Elle est ici agr\u00e9ment\u00e9e d&#8217;un d\u00e9licieux ar\u00f4me naturel de past\u00e8que qui rend son utilisation quotidienne plus agr\u00e9able.<\/p>\n<p><strong>Ingr\u00e9dients principaux :<\/strong> Cr\u00e9atine monohydrate, ar\u00f4me naturel de past\u00e8que.<\/p>\n<p><strong>Utilisation :<\/strong> Ajoutez une mesure du produit \u00e0 votre boisson pr\u00e9f\u00e9r\u00e9e une fois par jour ou selon les recommandations d&#8217;un professionnel.<\/p>\n<p>Ce produit est un choix parfait pour ceux qui appr\u00e9cient les ingr\u00e9dients naturels dans un mode de vie actif. Il s&#8217;int\u00e8gre facilement \u00e0 votre routine quotidienne gr\u00e2ce \u00e0 son format pratique et son go\u00fbt rafra\u00eechissant.<\/p>\n","protected":false},"excerpt":{"rendered":"<p>Creatine Monohydrate, Watermelon &#8211; 1000g D\u00e9couvrez le Creatine Monohydrate, Watermelon de la marque OstroVit, un produit con\u00e7u avec soin en Pologne.Ce compl\u00e9ment se pr\u00e9sente sous forme de poudre et est conditionn\u00e9 dans un emballage pratique de 1000g. La cr\u00e9atine monohydrate est reconnue pour sa grande puret\u00e9 et son origine naturelle. Elle est ici agr\u00e9ment\u00e9e d&#8217;un [&#8230;]\n","protected":false},"featured_media":0,"comment_status":"closed","ping_status":"open","template":"","meta":[],"product_brand":[5326],"product_cat":[5052],"product_tag":[],"class_list":{"0":"post-297285","1":"product","2":"type-product","3":"status-publish","5":"product_brand-ostrovit-2","6":"product_cat-sante-et-bien-etre","8":"first","9":"instock","10":"taxable","11":"shipping-taxable","12":"purchasable","13":"product-type-simple"},"yoast_head":"<!-- This site is optimized with the Yoast SEO Premium plugin v27.3 (Yoast SEO v27.3) - https:\/\/yoast.com\/product\/yoast-seo-premium-wordpress\/ -->\n<title>Cr\u00e9atine monohydrate, past\u00e8que - 1000g - ECO Supplements<\/title>\n<meta name=\"description\" content=\"Wij hebben een ruime keuze aan producten van Cr\u00e9atine monohydrate, past\u00e8que - 1000g . Winkel bij Eco Supplements altijd gratis verzending boven 100\u20ac\" \/>\n<meta name=\"robots\" content=\"index, follow, max-snippet:-1, max-image-preview:large, max-video-preview:-1\" \/>\n<link rel=\"canonical\" href=\"https:\/\/ecosupplements.be\/fr\/produit\/creatine-monohydrate-watermelon-1000g\/\" \/>\n<meta property=\"og:locale\" content=\"fr_FR\" \/>\n<meta property=\"og:type\" content=\"article\" \/>\n<meta property=\"og:title\" content=\"Cr\u00e9atine monohydrate, past\u00e8que - 1000g\" \/>\n<meta property=\"og:description\" content=\"Wij hebben een ruime keuze aan producten van Cr\u00e9atine monohydrate, past\u00e8que - 1000g . Winkel bij Eco Supplements altijd gratis verzending boven 100\u20ac\" \/>\n<meta property=\"og:url\" content=\"https:\/\/ecosupplements.be\/fr\/produit\/creatine-monohydrate-watermelon-1000g\/\" \/>\n<meta property=\"og:site_name\" content=\"ECO Supplements\" \/>\n<meta property=\"article:modified_time\" content=\"2025-08-28T00:47:08+00:00\" \/>\n<meta property=\"og:image\" content=\"https:\/\/ecosupplements.be\/wp-content\/uploads\/2022\/06\/ecosupplement-family.png\" \/>\n\t<meta property=\"og:image:width\" content=\"593\" \/>\n\t<meta property=\"og:image:height\" content=\"374\" \/>\n\t<meta property=\"og:image:type\" content=\"image\/png\" \/>\n<meta name=\"twitter:card\" content=\"summary_large_image\" \/>\n<meta name=\"twitter:label1\" content=\"Prix\" \/>\n\t<meta name=\"twitter:data1\" content=\"21.23&nbsp;&euro;\" \/>\n\t<meta name=\"twitter:label2\" content=\"Disponibilit\u00e9\" \/>\n\t<meta name=\"twitter:data2\" content=\"En stock\" \/>\n<script type=\"application\/ld+json\" class=\"yoast-schema-graph\">{\"@context\":\"https:\\\/\\\/schema.org\",\"@graph\":[{\"@type\":[\"WebPage\",\"ItemPage\"],\"@id\":\"https:\\\/\\\/ecosupplements.be\\\/fr\\\/produit\\\/creatine-monohydrate-watermelon-1000g\\\/\",\"url\":\"https:\\\/\\\/ecosupplements.be\\\/fr\\\/produit\\\/creatine-monohydrate-watermelon-1000g\\\/\",\"name\":\"Cr\u00e9atine monohydrate, past\u00e8que - 1000g - ECO Supplements\",\"isPartOf\":{\"@id\":\"https:\\\/\\\/ecosupplements.be\\\/fr\\\/#website\"},\"datePublished\":\"2025-06-23T14:45:14+00:00\",\"dateModified\":\"2025-08-28T00:47:08+00:00\",\"description\":\"Wij hebben een ruime keuze aan producten van Cr\u00e9atine monohydrate, past\u00e8que - 1000g . Winkel bij Eco Supplements altijd gratis verzending boven 100\u20ac\",\"breadcrumb\":{\"@id\":\"https:\\\/\\\/ecosupplements.be\\\/fr\\\/produit\\\/creatine-monohydrate-watermelon-1000g\\\/#breadcrumb\"},\"inLanguage\":\"fr-FR\",\"potentialAction\":[{\"@type\":\"ReadAction\",\"target\":[\"https:\\\/\\\/ecosupplements.be\\\/fr\\\/produit\\\/creatine-monohydrate-watermelon-1000g\\\/\"]}]},{\"@type\":\"BreadcrumbList\",\"@id\":\"https:\\\/\\\/ecosupplements.be\\\/fr\\\/produit\\\/creatine-monohydrate-watermelon-1000g\\\/#breadcrumb\",\"itemListElement\":[{\"@type\":\"ListItem\",\"position\":1,\"name\":\"Home\",\"item\":\"https:\\\/\\\/ecosupplements.be\\\/fr\\\/\"},{\"@type\":\"ListItem\",\"position\":2,\"name\":\"Boutique\",\"item\":\"https:\\\/\\\/ecosupplements.be\\\/fr\\\/boutique\\\/\"},{\"@type\":\"ListItem\",\"position\":3,\"name\":\"Cr\u00e9atine monohydrate, past\u00e8que &#8211; 1000g\"}]},{\"@type\":\"WebSite\",\"@id\":\"https:\\\/\\\/ecosupplements.be\\\/fr\\\/#website\",\"url\":\"https:\\\/\\\/ecosupplements.be\\\/fr\\\/\",\"name\":\"ECO Supplements\",\"description\":\"Eco Supplements - Gezonde supplementen\",\"publisher\":{\"@id\":\"https:\\\/\\\/ecosupplements.be\\\/fr\\\/#organization\"},\"potentialAction\":[{\"@type\":\"SearchAction\",\"target\":{\"@type\":\"EntryPoint\",\"urlTemplate\":\"https:\\\/\\\/ecosupplements.be\\\/fr\\\/?s={search_term_string}\"},\"query-input\":{\"@type\":\"PropertyValueSpecification\",\"valueRequired\":true,\"valueName\":\"search_term_string\"}}],\"inLanguage\":\"fr-FR\"},{\"@type\":\"Organization\",\"@id\":\"https:\\\/\\\/ecosupplements.be\\\/fr\\\/#organization\",\"name\":\"Eco Supplements\",\"url\":\"https:\\\/\\\/ecosupplements.be\\\/fr\\\/\",\"logo\":{\"@type\":\"ImageObject\",\"inLanguage\":\"fr-FR\",\"@id\":\"https:\\\/\\\/ecosupplements.be\\\/fr\\\/#\\\/schema\\\/logo\\\/image\\\/\",\"url\":\"https:\\\/\\\/ecosupplements.be\\\/wp-content\\\/uploads\\\/2022\\\/06\\\/ecosupplement-family.png\",\"contentUrl\":\"https:\\\/\\\/ecosupplements.be\\\/wp-content\\\/uploads\\\/2022\\\/06\\\/ecosupplement-family.png\",\"width\":593,\"height\":374,\"caption\":\"Eco Supplements\"},\"image\":{\"@id\":\"https:\\\/\\\/ecosupplements.be\\\/fr\\\/#\\\/schema\\\/logo\\\/image\\\/\"}}]}<\/script>\n<meta property=\"product:brand\" content=\"Ostrovit\" \/>\n<meta property=\"product:price:amount\" content=\"21.23\" \/>\n<meta property=\"product:price:currency\" content=\"EUR\" \/>\n<meta property=\"og:availability\" content=\"instock\" \/>\n<meta property=\"product:availability\" content=\"instock\" \/>\n<meta property=\"product:retailer_item_id\" content=\"5903933917894\" \/>\n<meta property=\"product:condition\" content=\"new\" \/>\n<!-- \/ Yoast SEO Premium plugin. -->","yoast_head_json":{"title":"Cr\u00e9atine monohydrate, past\u00e8que - 1000g - ECO Supplements","description":"Wij hebben een ruime keuze aan producten van Cr\u00e9atine monohydrate, past\u00e8que - 1000g . Winkel bij Eco Supplements altijd gratis verzending boven 100\u20ac","robots":{"index":"index","follow":"follow","max-snippet":"max-snippet:-1","max-image-preview":"max-image-preview:large","max-video-preview":"max-video-preview:-1"},"canonical":"https:\/\/ecosupplements.be\/fr\/produit\/creatine-monohydrate-watermelon-1000g\/","og_locale":"fr_FR","og_type":"article","og_title":"Cr\u00e9atine monohydrate, past\u00e8que - 1000g","og_description":"Wij hebben een ruime keuze aan producten van Cr\u00e9atine monohydrate, past\u00e8que - 1000g . Winkel bij Eco Supplements altijd gratis verzending boven 100\u20ac","og_url":"https:\/\/ecosupplements.be\/fr\/produit\/creatine-monohydrate-watermelon-1000g\/","og_site_name":"ECO Supplements","article_modified_time":"2025-08-28T00:47:08+00:00","og_image":[{"width":593,"height":374,"url":"https:\/\/ecosupplements.be\/wp-content\/uploads\/2022\/06\/ecosupplement-family.png","type":"image\/png"}],"twitter_card":"summary_large_image","twitter_misc":{"Prix":"21.23&nbsp;&euro;","Disponibilit\u00e9":"En stock"},"schema":{"@context":"https:\/\/schema.org","@graph":[{"@type":["WebPage","ItemPage"],"@id":"https:\/\/ecosupplements.be\/fr\/produit\/creatine-monohydrate-watermelon-1000g\/","url":"https:\/\/ecosupplements.be\/fr\/produit\/creatine-monohydrate-watermelon-1000g\/","name":"Cr\u00e9atine monohydrate, past\u00e8que - 1000g - ECO Supplements","isPartOf":{"@id":"https:\/\/ecosupplements.be\/fr\/#website"},"datePublished":"2025-06-23T14:45:14+00:00","dateModified":"2025-08-28T00:47:08+00:00","description":"Wij hebben een ruime keuze aan producten van Cr\u00e9atine monohydrate, past\u00e8que - 1000g . Winkel bij Eco Supplements altijd gratis verzending boven 100\u20ac","breadcrumb":{"@id":"https:\/\/ecosupplements.be\/fr\/produit\/creatine-monohydrate-watermelon-1000g\/#breadcrumb"},"inLanguage":"fr-FR","potentialAction":[{"@type":"ReadAction","target":["https:\/\/ecosupplements.be\/fr\/produit\/creatine-monohydrate-watermelon-1000g\/"]}]},{"@type":"BreadcrumbList","@id":"https:\/\/ecosupplements.be\/fr\/produit\/creatine-monohydrate-watermelon-1000g\/#breadcrumb","itemListElement":[{"@type":"ListItem","position":1,"name":"Home","item":"https:\/\/ecosupplements.be\/fr\/"},{"@type":"ListItem","position":2,"name":"Boutique","item":"https:\/\/ecosupplements.be\/fr\/boutique\/"},{"@type":"ListItem","position":3,"name":"Cr\u00e9atine monohydrate, past\u00e8que &#8211; 1000g"}]},{"@type":"WebSite","@id":"https:\/\/ecosupplements.be\/fr\/#website","url":"https:\/\/ecosupplements.be\/fr\/","name":"ECO Supplements","description":"Eco Supplements - Gezonde supplementen","publisher":{"@id":"https:\/\/ecosupplements.be\/fr\/#organization"},"potentialAction":[{"@type":"SearchAction","target":{"@type":"EntryPoint","urlTemplate":"https:\/\/ecosupplements.be\/fr\/?s={search_term_string}"},"query-input":{"@type":"PropertyValueSpecification","valueRequired":true,"valueName":"search_term_string"}}],"inLanguage":"fr-FR"},{"@type":"Organization","@id":"https:\/\/ecosupplements.be\/fr\/#organization","name":"Eco Supplements","url":"https:\/\/ecosupplements.be\/fr\/","logo":{"@type":"ImageObject","inLanguage":"fr-FR","@id":"https:\/\/ecosupplements.be\/fr\/#\/schema\/logo\/image\/","url":"https:\/\/ecosupplements.be\/wp-content\/uploads\/2022\/06\/ecosupplement-family.png","contentUrl":"https:\/\/ecosupplements.be\/wp-content\/uploads\/2022\/06\/ecosupplement-family.png","width":593,"height":374,"caption":"Eco Supplements"},"image":{"@id":"https:\/\/ecosupplements.be\/fr\/#\/schema\/logo\/image\/"}}]},"product_brand":"Ostrovit","product_price_amount":"21.23","product_price_currency":"EUR","og_availability":"instock","product_availability":"instock","product_retailer_item_id":"5903933917894","product_condition":"new"},"_links":{"self":[{"href":"https:\/\/ecosupplements.be\/fr\/wp-json\/wp\/v2\/product\/297285","targetHints":{"allow":["GET"]}}],"collection":[{"href":"https:\/\/ecosupplements.be\/fr\/wp-json\/wp\/v2\/product"}],"about":[{"href":"https:\/\/ecosupplements.be\/fr\/wp-json\/wp\/v2\/types\/product"}],"replies":[{"embeddable":true,"href":"https:\/\/ecosupplements.be\/fr\/wp-json\/wp\/v2\/comments?post=297285"}],"wp:attachment":[{"href":"https:\/\/ecosupplements.be\/fr\/wp-json\/wp\/v2\/media?parent=297285"}],"wp:term":[{"taxonomy":"product_brand","embeddable":true,"href":"https:\/\/ecosupplements.be\/fr\/wp-json\/wp\/v2\/product_brand?post=297285"},{"taxonomy":"product_cat","embeddable":true,"href":"https:\/\/ecosupplements.be\/fr\/wp-json\/wp\/v2\/product_cat?post=297285"},{"taxonomy":"product_tag","embeddable":true,"href":"https:\/\/ecosupplements.be\/fr\/wp-json\/wp\/v2\/product_tag?post=297285"}],"curies":[{"name":"wp","href":"https:\/\/api.w.org\/{rel}","templated":true}]}}