{"id":297367,"date":"2025-06-23T17:15:12","date_gmt":"2025-06-23T16:15:12","guid":{"rendered":"https:\/\/ecosupplements.be\/product\/natures-aid-hair-skin-and-nails-formula-30-tablets\/"},"modified":"2025-08-28T01:48:11","modified_gmt":"2025-08-28T00:48:11","slug":"natures-aid-hair-skin-and-nails-formula-30-tablets","status":"publish","type":"product","link":"https:\/\/ecosupplements.be\/fr\/produit\/natures-aid-hair-skin-and-nails-formula-30-tablets\/","title":{"rendered":"Formule pour Cheveux, Peau et Ongles Natures Aid (30 comprim\u00e9s)"},"content":{"rendered":"<h2>Natures Aid hair, Skin and Nails formula (30 Tablets)<\/h2>\n<p>D\u00e9couvrez la formule de Natures Aid, con\u00e7ue avec soin pour s&#8217;int\u00e9grer harmonieusement \u00e0 votre quotidien. Ce produit se pr\u00e9sente sous forme de tablettes faciles \u00e0 consommer, conditionn\u00e9es dans un emballage pratique contenant 30 unit\u00e9s.<\/p>\n<p>Cette formule est \u00e9labor\u00e9e \u00e0 partir d&#8217;ingr\u00e9dients d&#8217;origine naturelle, s\u00e9lectionn\u00e9s pour leur haute qualit\u00e9. Profitez d&#8217;un choix parfait pour ceux qui appr\u00e9cient les composants naturels dans leur routine quotidienne.<\/p>\n<p>Utilisation recommand\u00e9e : Suivre la dose journali\u00e8re indiqu\u00e9e sur l&#8217;emballage pour une int\u00e9gration optimale \u00e0 votre routine quotidienne.<\/p>\n<p>Un compl\u00e9ment simple et pratique pour un usage quotidien, Natures Aid Hair, Skin and Nails formula est le choix id\u00e9al pour enrichir votre style de vie actif sans pr\u00e9tentions m\u00e9dicales ou th\u00e9rapeutiques.<\/p>\n","protected":false},"excerpt":{"rendered":"<p>Natures Aid hair, Skin and Nails formula (30 Tablets) D\u00e9couvrez la formule de Natures Aid, con\u00e7ue avec soin pour s&#8217;int\u00e9grer harmonieusement \u00e0 votre quotidien. Ce produit se pr\u00e9sente sous forme de tablettes faciles \u00e0 consommer, conditionn\u00e9es dans un emballage pratique contenant 30 unit\u00e9s. Cette formule est \u00e9labor\u00e9e \u00e0 partir d&#8217;ingr\u00e9dients d&#8217;origine naturelle, s\u00e9lectionn\u00e9s pour leur [&#8230;]\n","protected":false},"featured_media":271103,"comment_status":"closed","ping_status":"open","template":"","meta":[],"product_brand":[5332],"product_cat":[5052],"product_tag":[],"class_list":{"0":"post-297367","1":"product","2":"type-product","3":"status-publish","4":"has-post-thumbnail","6":"product_brand-natures-aid-2","7":"product_cat-sante-et-bien-etre","9":"first","10":"instock","11":"taxable","12":"shipping-taxable","13":"purchasable","14":"product-type-simple"},"yoast_head":"<!-- This site is optimized with the Yoast SEO Premium plugin v27.3 (Yoast SEO v27.3) - https:\/\/yoast.com\/product\/yoast-seo-premium-wordpress\/ -->\n<title>Formule pour Cheveux, Peau et Ongles Natures Aid (30 comprim\u00e9s) - ECO Supplements<\/title>\n<meta name=\"description\" content=\"Wij hebben een ruime keuze aan producten van Formule pour Cheveux, Peau et Ongles Natures Aid (30 comprim\u00e9s) . Winkel bij Eco Supplements altijd gratis verzending boven 100\u20ac\" \/>\n<meta name=\"robots\" content=\"index, follow, max-snippet:-1, max-image-preview:large, max-video-preview:-1\" \/>\n<link rel=\"canonical\" href=\"https:\/\/ecosupplements.be\/fr\/produit\/natures-aid-hair-skin-and-nails-formula-30-tablets\/\" \/>\n<meta property=\"og:locale\" content=\"fr_FR\" \/>\n<meta property=\"og:type\" content=\"article\" \/>\n<meta property=\"og:title\" content=\"Formule pour Cheveux, Peau et Ongles Natures Aid (30 comprim\u00e9s)\" \/>\n<meta property=\"og:description\" content=\"Wij hebben een ruime keuze aan producten van Formule pour Cheveux, Peau et Ongles Natures Aid (30 comprim\u00e9s) . Winkel bij Eco Supplements altijd gratis verzending boven 100\u20ac\" \/>\n<meta property=\"og:url\" content=\"https:\/\/ecosupplements.be\/fr\/produit\/natures-aid-hair-skin-and-nails-formula-30-tablets\/\" \/>\n<meta property=\"og:site_name\" content=\"ECO Supplements\" \/>\n<meta property=\"article:modified_time\" content=\"2025-08-28T00:48:11+00:00\" \/>\n<meta property=\"og:image\" content=\"https:\/\/ecosupplements.be\/wp-content\/uploads\/2025\/08\/Natures-Aid-Natures-Aid-Hair-Skin-and-Nails-Formula-30-Tablets.webp\" \/>\n\t<meta property=\"og:image:width\" content=\"1000\" \/>\n\t<meta property=\"og:image:height\" content=\"1000\" \/>\n\t<meta property=\"og:image:type\" content=\"image\/webp\" \/>\n<meta name=\"twitter:card\" content=\"summary_large_image\" \/>\n<meta name=\"twitter:label1\" content=\"Prix\" \/>\n\t<meta name=\"twitter:data1\" content=\"7.71&nbsp;&euro;\" \/>\n\t<meta name=\"twitter:label2\" content=\"Disponibilit\u00e9\" \/>\n\t<meta name=\"twitter:data2\" content=\"En stock\" \/>\n<script type=\"application\/ld+json\" class=\"yoast-schema-graph\">{\"@context\":\"https:\\\/\\\/schema.org\",\"@graph\":[{\"@type\":[\"WebPage\",\"ItemPage\"],\"@id\":\"https:\\\/\\\/ecosupplements.be\\\/fr\\\/produit\\\/natures-aid-hair-skin-and-nails-formula-30-tablets\\\/\",\"url\":\"https:\\\/\\\/ecosupplements.be\\\/fr\\\/produit\\\/natures-aid-hair-skin-and-nails-formula-30-tablets\\\/\",\"name\":\"Formule pour Cheveux, Peau et Ongles Natures Aid (30 comprim\u00e9s) - ECO Supplements\",\"isPartOf\":{\"@id\":\"https:\\\/\\\/ecosupplements.be\\\/fr\\\/#website\"},\"primaryImageOfPage\":{\"@id\":\"https:\\\/\\\/ecosupplements.be\\\/fr\\\/produit\\\/natures-aid-hair-skin-and-nails-formula-30-tablets\\\/#primaryimage\"},\"image\":{\"@id\":\"https:\\\/\\\/ecosupplements.be\\\/fr\\\/produit\\\/natures-aid-hair-skin-and-nails-formula-30-tablets\\\/#primaryimage\"},\"thumbnailUrl\":\"https:\\\/\\\/ecosupplements.be\\\/wp-content\\\/uploads\\\/2025\\\/08\\\/Hair-Skin-Nails-Formula_SUPP.webp\",\"datePublished\":\"2025-06-23T16:15:12+00:00\",\"dateModified\":\"2025-08-28T00:48:11+00:00\",\"description\":\"Wij hebben een ruime keuze aan producten van Formule pour Cheveux, Peau et Ongles Natures Aid (30 comprim\u00e9s) . Winkel bij Eco Supplements altijd gratis verzending boven 100\u20ac\",\"breadcrumb\":{\"@id\":\"https:\\\/\\\/ecosupplements.be\\\/fr\\\/produit\\\/natures-aid-hair-skin-and-nails-formula-30-tablets\\\/#breadcrumb\"},\"inLanguage\":\"fr-FR\",\"potentialAction\":[{\"@type\":\"ReadAction\",\"target\":[\"https:\\\/\\\/ecosupplements.be\\\/fr\\\/produit\\\/natures-aid-hair-skin-and-nails-formula-30-tablets\\\/\"]}]},{\"@type\":\"ImageObject\",\"inLanguage\":\"fr-FR\",\"@id\":\"https:\\\/\\\/ecosupplements.be\\\/fr\\\/produit\\\/natures-aid-hair-skin-and-nails-formula-30-tablets\\\/#primaryimage\",\"url\":\"https:\\\/\\\/ecosupplements.be\\\/wp-content\\\/uploads\\\/2025\\\/08\\\/Hair-Skin-Nails-Formula_SUPP.webp\",\"contentUrl\":\"https:\\\/\\\/ecosupplements.be\\\/wp-content\\\/uploads\\\/2025\\\/08\\\/Hair-Skin-Nails-Formula_SUPP.webp\",\"width\":1000,\"height\":1000},{\"@type\":\"BreadcrumbList\",\"@id\":\"https:\\\/\\\/ecosupplements.be\\\/fr\\\/produit\\\/natures-aid-hair-skin-and-nails-formula-30-tablets\\\/#breadcrumb\",\"itemListElement\":[{\"@type\":\"ListItem\",\"position\":1,\"name\":\"Home\",\"item\":\"https:\\\/\\\/ecosupplements.be\\\/fr\\\/\"},{\"@type\":\"ListItem\",\"position\":2,\"name\":\"Boutique\",\"item\":\"https:\\\/\\\/ecosupplements.be\\\/fr\\\/boutique\\\/\"},{\"@type\":\"ListItem\",\"position\":3,\"name\":\"Formule pour Cheveux, Peau et Ongles Natures Aid (30 comprim\u00e9s)\"}]},{\"@type\":\"WebSite\",\"@id\":\"https:\\\/\\\/ecosupplements.be\\\/fr\\\/#website\",\"url\":\"https:\\\/\\\/ecosupplements.be\\\/fr\\\/\",\"name\":\"ECO Supplements\",\"description\":\"Eco Supplements - Gezonde supplementen\",\"publisher\":{\"@id\":\"https:\\\/\\\/ecosupplements.be\\\/fr\\\/#organization\"},\"potentialAction\":[{\"@type\":\"SearchAction\",\"target\":{\"@type\":\"EntryPoint\",\"urlTemplate\":\"https:\\\/\\\/ecosupplements.be\\\/fr\\\/?s={search_term_string}\"},\"query-input\":{\"@type\":\"PropertyValueSpecification\",\"valueRequired\":true,\"valueName\":\"search_term_string\"}}],\"inLanguage\":\"fr-FR\"},{\"@type\":\"Organization\",\"@id\":\"https:\\\/\\\/ecosupplements.be\\\/fr\\\/#organization\",\"name\":\"Eco Supplements\",\"url\":\"https:\\\/\\\/ecosupplements.be\\\/fr\\\/\",\"logo\":{\"@type\":\"ImageObject\",\"inLanguage\":\"fr-FR\",\"@id\":\"https:\\\/\\\/ecosupplements.be\\\/fr\\\/#\\\/schema\\\/logo\\\/image\\\/\",\"url\":\"https:\\\/\\\/ecosupplements.be\\\/wp-content\\\/uploads\\\/2022\\\/06\\\/ecosupplement-family.png\",\"contentUrl\":\"https:\\\/\\\/ecosupplements.be\\\/wp-content\\\/uploads\\\/2022\\\/06\\\/ecosupplement-family.png\",\"width\":593,\"height\":374,\"caption\":\"Eco Supplements\"},\"image\":{\"@id\":\"https:\\\/\\\/ecosupplements.be\\\/fr\\\/#\\\/schema\\\/logo\\\/image\\\/\"}}]}<\/script>\n<meta property=\"product:brand\" content=\"Natures Aid\" \/>\n<meta property=\"product:price:amount\" content=\"7.71\" \/>\n<meta property=\"product:price:currency\" content=\"EUR\" \/>\n<meta property=\"og:availability\" content=\"instock\" \/>\n<meta property=\"product:availability\" content=\"instock\" \/>\n<meta property=\"product:retailer_item_id\" content=\"5023652214033\" \/>\n<meta property=\"product:condition\" content=\"new\" \/>\n<!-- \/ Yoast SEO Premium plugin. -->","yoast_head_json":{"title":"Formule pour Cheveux, Peau et Ongles Natures Aid (30 comprim\u00e9s) - ECO Supplements","description":"Wij hebben een ruime keuze aan producten van Formule pour Cheveux, Peau et Ongles Natures Aid (30 comprim\u00e9s) . Winkel bij Eco Supplements altijd gratis verzending boven 100\u20ac","robots":{"index":"index","follow":"follow","max-snippet":"max-snippet:-1","max-image-preview":"max-image-preview:large","max-video-preview":"max-video-preview:-1"},"canonical":"https:\/\/ecosupplements.be\/fr\/produit\/natures-aid-hair-skin-and-nails-formula-30-tablets\/","og_locale":"fr_FR","og_type":"article","og_title":"Formule pour Cheveux, Peau et Ongles Natures Aid (30 comprim\u00e9s)","og_description":"Wij hebben een ruime keuze aan producten van Formule pour Cheveux, Peau et Ongles Natures Aid (30 comprim\u00e9s) . Winkel bij Eco Supplements altijd gratis verzending boven 100\u20ac","og_url":"https:\/\/ecosupplements.be\/fr\/produit\/natures-aid-hair-skin-and-nails-formula-30-tablets\/","og_site_name":"ECO Supplements","article_modified_time":"2025-08-28T00:48:11+00:00","og_image":[{"width":1000,"height":1000,"url":"https:\/\/ecosupplements.be\/wp-content\/uploads\/2025\/08\/Natures-Aid-Natures-Aid-Hair-Skin-and-Nails-Formula-30-Tablets.webp","type":"image\/webp"}],"twitter_card":"summary_large_image","twitter_misc":{"Prix":"7.71&nbsp;&euro;","Disponibilit\u00e9":"En stock"},"schema":{"@context":"https:\/\/schema.org","@graph":[{"@type":["WebPage","ItemPage"],"@id":"https:\/\/ecosupplements.be\/fr\/produit\/natures-aid-hair-skin-and-nails-formula-30-tablets\/","url":"https:\/\/ecosupplements.be\/fr\/produit\/natures-aid-hair-skin-and-nails-formula-30-tablets\/","name":"Formule pour Cheveux, Peau et Ongles Natures Aid (30 comprim\u00e9s) - ECO Supplements","isPartOf":{"@id":"https:\/\/ecosupplements.be\/fr\/#website"},"primaryImageOfPage":{"@id":"https:\/\/ecosupplements.be\/fr\/produit\/natures-aid-hair-skin-and-nails-formula-30-tablets\/#primaryimage"},"image":{"@id":"https:\/\/ecosupplements.be\/fr\/produit\/natures-aid-hair-skin-and-nails-formula-30-tablets\/#primaryimage"},"thumbnailUrl":"https:\/\/ecosupplements.be\/wp-content\/uploads\/2025\/08\/Hair-Skin-Nails-Formula_SUPP.webp","datePublished":"2025-06-23T16:15:12+00:00","dateModified":"2025-08-28T00:48:11+00:00","description":"Wij hebben een ruime keuze aan producten van Formule pour Cheveux, Peau et Ongles Natures Aid (30 comprim\u00e9s) . Winkel bij Eco Supplements altijd gratis verzending boven 100\u20ac","breadcrumb":{"@id":"https:\/\/ecosupplements.be\/fr\/produit\/natures-aid-hair-skin-and-nails-formula-30-tablets\/#breadcrumb"},"inLanguage":"fr-FR","potentialAction":[{"@type":"ReadAction","target":["https:\/\/ecosupplements.be\/fr\/produit\/natures-aid-hair-skin-and-nails-formula-30-tablets\/"]}]},{"@type":"ImageObject","inLanguage":"fr-FR","@id":"https:\/\/ecosupplements.be\/fr\/produit\/natures-aid-hair-skin-and-nails-formula-30-tablets\/#primaryimage","url":"https:\/\/ecosupplements.be\/wp-content\/uploads\/2025\/08\/Hair-Skin-Nails-Formula_SUPP.webp","contentUrl":"https:\/\/ecosupplements.be\/wp-content\/uploads\/2025\/08\/Hair-Skin-Nails-Formula_SUPP.webp","width":1000,"height":1000},{"@type":"BreadcrumbList","@id":"https:\/\/ecosupplements.be\/fr\/produit\/natures-aid-hair-skin-and-nails-formula-30-tablets\/#breadcrumb","itemListElement":[{"@type":"ListItem","position":1,"name":"Home","item":"https:\/\/ecosupplements.be\/fr\/"},{"@type":"ListItem","position":2,"name":"Boutique","item":"https:\/\/ecosupplements.be\/fr\/boutique\/"},{"@type":"ListItem","position":3,"name":"Formule pour Cheveux, Peau et Ongles Natures Aid (30 comprim\u00e9s)"}]},{"@type":"WebSite","@id":"https:\/\/ecosupplements.be\/fr\/#website","url":"https:\/\/ecosupplements.be\/fr\/","name":"ECO Supplements","description":"Eco Supplements - Gezonde supplementen","publisher":{"@id":"https:\/\/ecosupplements.be\/fr\/#organization"},"potentialAction":[{"@type":"SearchAction","target":{"@type":"EntryPoint","urlTemplate":"https:\/\/ecosupplements.be\/fr\/?s={search_term_string}"},"query-input":{"@type":"PropertyValueSpecification","valueRequired":true,"valueName":"search_term_string"}}],"inLanguage":"fr-FR"},{"@type":"Organization","@id":"https:\/\/ecosupplements.be\/fr\/#organization","name":"Eco Supplements","url":"https:\/\/ecosupplements.be\/fr\/","logo":{"@type":"ImageObject","inLanguage":"fr-FR","@id":"https:\/\/ecosupplements.be\/fr\/#\/schema\/logo\/image\/","url":"https:\/\/ecosupplements.be\/wp-content\/uploads\/2022\/06\/ecosupplement-family.png","contentUrl":"https:\/\/ecosupplements.be\/wp-content\/uploads\/2022\/06\/ecosupplement-family.png","width":593,"height":374,"caption":"Eco Supplements"},"image":{"@id":"https:\/\/ecosupplements.be\/fr\/#\/schema\/logo\/image\/"}}]},"product_brand":"Natures Aid","product_price_amount":"7.71","product_price_currency":"EUR","og_availability":"instock","product_availability":"instock","product_retailer_item_id":"5023652214033","product_condition":"new"},"_links":{"self":[{"href":"https:\/\/ecosupplements.be\/fr\/wp-json\/wp\/v2\/product\/297367","targetHints":{"allow":["GET"]}}],"collection":[{"href":"https:\/\/ecosupplements.be\/fr\/wp-json\/wp\/v2\/product"}],"about":[{"href":"https:\/\/ecosupplements.be\/fr\/wp-json\/wp\/v2\/types\/product"}],"replies":[{"embeddable":true,"href":"https:\/\/ecosupplements.be\/fr\/wp-json\/wp\/v2\/comments?post=297367"}],"wp:featuredmedia":[{"embeddable":true,"href":"https:\/\/ecosupplements.be\/fr\/wp-json\/wp\/v2\/media\/271103"}],"wp:attachment":[{"href":"https:\/\/ecosupplements.be\/fr\/wp-json\/wp\/v2\/media?parent=297367"}],"wp:term":[{"taxonomy":"product_brand","embeddable":true,"href":"https:\/\/ecosupplements.be\/fr\/wp-json\/wp\/v2\/product_brand?post=297367"},{"taxonomy":"product_cat","embeddable":true,"href":"https:\/\/ecosupplements.be\/fr\/wp-json\/wp\/v2\/product_cat?post=297367"},{"taxonomy":"product_tag","embeddable":true,"href":"https:\/\/ecosupplements.be\/fr\/wp-json\/wp\/v2\/product_tag?post=297367"}],"curies":[{"name":"wp","href":"https:\/\/api.w.org\/{rel}","templated":true}]}}