{"id":297473,"date":"2025-06-25T13:15:47","date_gmt":"2025-06-25T12:15:47","guid":{"rendered":"https:\/\/ecosupplements.be\/product\/natures-aid-zinc-picolinate-15-mg-30-tablets\/"},"modified":"2025-08-28T01:49:32","modified_gmt":"2025-08-28T00:49:32","slug":"natures-aid-zinc-picolinate-15-mg-30-tablets","status":"publish","type":"product","link":"https:\/\/ecosupplements.be\/fr\/produit\/natures-aid-zinc-picolinate-15-mg-30-tablets\/","title":{"rendered":"Comprim\u00e9s de Zinc Picolinate 15 mg Natures Aid (30 comprim\u00e9s)"},"content":{"rendered":"<h2>Natures Aid Zinc Picolinate 15 mg (30 Comprim\u00e9s)<\/h2>\n<p>D\u00e9couvrez les comprim\u00e9s de Zinc Picolinate de Natures Aid,con\u00e7us avec une approche respectueuse pour ceux qui privil\u00e9gient les produits de haute qualit\u00e9 dans leur quotidien. Chaque comprim\u00e9 contient 15 mg de zinc picolinate, un choix parfait pour int\u00e9grer facilement \u00e0 votre routine quotidienne.<\/p>\n<p>Ce produit est \u00e9labour\u00e9 \u00e0 partir d&#8217;ingr\u00e9dients d&#8217;origine naturelle, assurant une grande puret\u00e9 et qualit\u00e9. Les comprim\u00e9s sont conditionn\u00e9s dans un emballage pratique contenant 30 unit\u00e9s,id\u00e9al pour un mois d&#8217;utilisation r\u00e9guli\u00e8re.<\/p>\n<p>Le format compact et la conception soign\u00e9e des comprim\u00e9s facilitent leur utilisation au quotidien. Ce produit est un excellent choix pour ceux qui appr\u00e9cient les composants naturels et recherchent une option simple et pratique.<\/p>\n<p>Int\u00e9grez les comprim\u00e9s de Zinc Picolinate \u00e0 votre routine pour compl\u00e9menter votre style de vie actif et \u00e9quilibr\u00e9, sans pr\u00e9tentions li\u00e9es \u00e0 la sant\u00e9 ou au bien-\u00eatre sp\u00e9cifique.<\/p>\n","protected":false},"excerpt":{"rendered":"<p>Natures Aid Zinc Picolinate 15 mg (30 Comprim\u00e9s) D\u00e9couvrez les comprim\u00e9s de Zinc Picolinate de Natures Aid,con\u00e7us avec une approche respectueuse pour ceux qui privil\u00e9gient les produits de haute qualit\u00e9 dans leur quotidien. Chaque comprim\u00e9 contient 15 mg de zinc picolinate, un choix parfait pour int\u00e9grer facilement \u00e0 votre routine quotidienne. Ce produit est \u00e9labour\u00e9 [&#8230;]\n","protected":false},"featured_media":272603,"comment_status":"closed","ping_status":"open","template":"","meta":[],"product_brand":[5332],"product_cat":[5052],"product_tag":[],"class_list":{"0":"post-297473","1":"product","2":"type-product","3":"status-publish","4":"has-post-thumbnail","6":"product_brand-natures-aid-2","7":"product_cat-sante-et-bien-etre","9":"first","10":"outofstock","11":"taxable","12":"shipping-taxable","13":"purchasable","14":"product-type-simple"},"yoast_head":"<!-- This site is optimized with the Yoast SEO Premium plugin v27.3 (Yoast SEO v27.3) - https:\/\/yoast.com\/product\/yoast-seo-premium-wordpress\/ -->\n<title>Comprim\u00e9s de Zinc Picolinate 15 mg Natures Aid (30 comprim\u00e9s) - ECO Supplements<\/title>\n<meta name=\"description\" content=\"Wij hebben een ruime keuze aan producten van Comprim\u00e9s de Zinc Picolinate 15 mg Natures Aid (30 comprim\u00e9s) . Winkel bij Eco Supplements altijd gratis verzending boven 100\u20ac\" \/>\n<meta name=\"robots\" content=\"index, follow, max-snippet:-1, max-image-preview:large, max-video-preview:-1\" \/>\n<link rel=\"canonical\" href=\"https:\/\/ecosupplements.be\/fr\/produit\/natures-aid-zinc-picolinate-15-mg-30-tablets\/\" \/>\n<meta property=\"og:locale\" content=\"fr_FR\" \/>\n<meta property=\"og:type\" content=\"article\" \/>\n<meta property=\"og:title\" content=\"Comprim\u00e9s de Zinc Picolinate 15 mg Natures Aid (30 comprim\u00e9s)\" \/>\n<meta property=\"og:description\" content=\"Wij hebben een ruime keuze aan producten van Comprim\u00e9s de Zinc Picolinate 15 mg Natures Aid (30 comprim\u00e9s) . Winkel bij Eco Supplements altijd gratis verzending boven 100\u20ac\" \/>\n<meta property=\"og:url\" content=\"https:\/\/ecosupplements.be\/fr\/produit\/natures-aid-zinc-picolinate-15-mg-30-tablets\/\" \/>\n<meta property=\"og:site_name\" content=\"ECO Supplements\" \/>\n<meta property=\"article:modified_time\" content=\"2025-08-28T00:49:32+00:00\" \/>\n<meta property=\"og:image\" content=\"https:\/\/ecosupplements.be\/wp-content\/uploads\/2025\/08\/Zinc-Picolinate-Elemental-15mg_SUPP.webp\" \/>\n\t<meta property=\"og:image:width\" content=\"1000\" \/>\n\t<meta property=\"og:image:height\" content=\"1000\" \/>\n\t<meta property=\"og:image:type\" content=\"image\/webp\" \/>\n<meta name=\"twitter:card\" content=\"summary_large_image\" \/>\n<meta name=\"twitter:label1\" content=\"Prix\" \/>\n\t<meta name=\"twitter:data1\" content=\"4.56&nbsp;&euro;\" \/>\n\t<meta name=\"twitter:label2\" content=\"Disponibilit\u00e9\" \/>\n\t<meta name=\"twitter:data2\" content=\"Rupture de stock\" \/>\n<script type=\"application\/ld+json\" class=\"yoast-schema-graph\">{\"@context\":\"https:\\\/\\\/schema.org\",\"@graph\":[{\"@type\":[\"WebPage\",\"ItemPage\"],\"@id\":\"https:\\\/\\\/ecosupplements.be\\\/fr\\\/produit\\\/natures-aid-zinc-picolinate-15-mg-30-tablets\\\/\",\"url\":\"https:\\\/\\\/ecosupplements.be\\\/fr\\\/produit\\\/natures-aid-zinc-picolinate-15-mg-30-tablets\\\/\",\"name\":\"Comprim\u00e9s de Zinc Picolinate 15 mg Natures Aid (30 comprim\u00e9s) - ECO Supplements\",\"isPartOf\":{\"@id\":\"https:\\\/\\\/ecosupplements.be\\\/fr\\\/#website\"},\"primaryImageOfPage\":{\"@id\":\"https:\\\/\\\/ecosupplements.be\\\/fr\\\/produit\\\/natures-aid-zinc-picolinate-15-mg-30-tablets\\\/#primaryimage\"},\"image\":{\"@id\":\"https:\\\/\\\/ecosupplements.be\\\/fr\\\/produit\\\/natures-aid-zinc-picolinate-15-mg-30-tablets\\\/#primaryimage\"},\"thumbnailUrl\":\"https:\\\/\\\/ecosupplements.be\\\/wp-content\\\/uploads\\\/2025\\\/08\\\/Zinc-Picolinate-Elemental-15mg_SUPP.webp\",\"datePublished\":\"2025-06-25T12:15:47+00:00\",\"dateModified\":\"2025-08-28T00:49:32+00:00\",\"description\":\"Wij hebben een ruime keuze aan producten van Comprim\u00e9s de Zinc Picolinate 15 mg Natures Aid (30 comprim\u00e9s) . Winkel bij Eco Supplements altijd gratis verzending boven 100\u20ac\",\"breadcrumb\":{\"@id\":\"https:\\\/\\\/ecosupplements.be\\\/fr\\\/produit\\\/natures-aid-zinc-picolinate-15-mg-30-tablets\\\/#breadcrumb\"},\"inLanguage\":\"fr-FR\",\"potentialAction\":[{\"@type\":\"ReadAction\",\"target\":[\"https:\\\/\\\/ecosupplements.be\\\/fr\\\/produit\\\/natures-aid-zinc-picolinate-15-mg-30-tablets\\\/\"]}]},{\"@type\":\"ImageObject\",\"inLanguage\":\"fr-FR\",\"@id\":\"https:\\\/\\\/ecosupplements.be\\\/fr\\\/produit\\\/natures-aid-zinc-picolinate-15-mg-30-tablets\\\/#primaryimage\",\"url\":\"https:\\\/\\\/ecosupplements.be\\\/wp-content\\\/uploads\\\/2025\\\/08\\\/Zinc-Picolinate-Elemental-15mg_SUPP.webp\",\"contentUrl\":\"https:\\\/\\\/ecosupplements.be\\\/wp-content\\\/uploads\\\/2025\\\/08\\\/Zinc-Picolinate-Elemental-15mg_SUPP.webp\",\"width\":1000,\"height\":1000},{\"@type\":\"BreadcrumbList\",\"@id\":\"https:\\\/\\\/ecosupplements.be\\\/fr\\\/produit\\\/natures-aid-zinc-picolinate-15-mg-30-tablets\\\/#breadcrumb\",\"itemListElement\":[{\"@type\":\"ListItem\",\"position\":1,\"name\":\"Home\",\"item\":\"https:\\\/\\\/ecosupplements.be\\\/fr\\\/\"},{\"@type\":\"ListItem\",\"position\":2,\"name\":\"Boutique\",\"item\":\"https:\\\/\\\/ecosupplements.be\\\/fr\\\/boutique\\\/\"},{\"@type\":\"ListItem\",\"position\":3,\"name\":\"Comprim\u00e9s de Zinc Picolinate 15 mg Natures Aid (30 comprim\u00e9s)\"}]},{\"@type\":\"WebSite\",\"@id\":\"https:\\\/\\\/ecosupplements.be\\\/fr\\\/#website\",\"url\":\"https:\\\/\\\/ecosupplements.be\\\/fr\\\/\",\"name\":\"ECO Supplements\",\"description\":\"Eco Supplements - Gezonde supplementen\",\"publisher\":{\"@id\":\"https:\\\/\\\/ecosupplements.be\\\/fr\\\/#organization\"},\"potentialAction\":[{\"@type\":\"SearchAction\",\"target\":{\"@type\":\"EntryPoint\",\"urlTemplate\":\"https:\\\/\\\/ecosupplements.be\\\/fr\\\/?s={search_term_string}\"},\"query-input\":{\"@type\":\"PropertyValueSpecification\",\"valueRequired\":true,\"valueName\":\"search_term_string\"}}],\"inLanguage\":\"fr-FR\"},{\"@type\":\"Organization\",\"@id\":\"https:\\\/\\\/ecosupplements.be\\\/fr\\\/#organization\",\"name\":\"Eco Supplements\",\"url\":\"https:\\\/\\\/ecosupplements.be\\\/fr\\\/\",\"logo\":{\"@type\":\"ImageObject\",\"inLanguage\":\"fr-FR\",\"@id\":\"https:\\\/\\\/ecosupplements.be\\\/fr\\\/#\\\/schema\\\/logo\\\/image\\\/\",\"url\":\"https:\\\/\\\/ecosupplements.be\\\/wp-content\\\/uploads\\\/2022\\\/06\\\/ecosupplement-family.png\",\"contentUrl\":\"https:\\\/\\\/ecosupplements.be\\\/wp-content\\\/uploads\\\/2022\\\/06\\\/ecosupplement-family.png\",\"width\":593,\"height\":374,\"caption\":\"Eco Supplements\"},\"image\":{\"@id\":\"https:\\\/\\\/ecosupplements.be\\\/fr\\\/#\\\/schema\\\/logo\\\/image\\\/\"}}]}<\/script>\n<meta property=\"product:brand\" content=\"Natures Aid\" \/>\n<meta property=\"product:price:amount\" content=\"4.56\" \/>\n<meta property=\"product:price:currency\" content=\"EUR\" \/>\n<meta property=\"og:availability\" content=\"out of stock\" \/>\n<meta property=\"product:availability\" content=\"out of stock\" \/>\n<meta property=\"product:retailer_item_id\" content=\"5023652760301\" \/>\n<meta property=\"product:condition\" content=\"new\" \/>\n<!-- \/ Yoast SEO Premium plugin. -->","yoast_head_json":{"title":"Comprim\u00e9s de Zinc Picolinate 15 mg Natures Aid (30 comprim\u00e9s) - ECO Supplements","description":"Wij hebben een ruime keuze aan producten van Comprim\u00e9s de Zinc Picolinate 15 mg Natures Aid (30 comprim\u00e9s) . Winkel bij Eco Supplements altijd gratis verzending boven 100\u20ac","robots":{"index":"index","follow":"follow","max-snippet":"max-snippet:-1","max-image-preview":"max-image-preview:large","max-video-preview":"max-video-preview:-1"},"canonical":"https:\/\/ecosupplements.be\/fr\/produit\/natures-aid-zinc-picolinate-15-mg-30-tablets\/","og_locale":"fr_FR","og_type":"article","og_title":"Comprim\u00e9s de Zinc Picolinate 15 mg Natures Aid (30 comprim\u00e9s)","og_description":"Wij hebben een ruime keuze aan producten van Comprim\u00e9s de Zinc Picolinate 15 mg Natures Aid (30 comprim\u00e9s) . Winkel bij Eco Supplements altijd gratis verzending boven 100\u20ac","og_url":"https:\/\/ecosupplements.be\/fr\/produit\/natures-aid-zinc-picolinate-15-mg-30-tablets\/","og_site_name":"ECO Supplements","article_modified_time":"2025-08-28T00:49:32+00:00","og_image":[{"width":1000,"height":1000,"url":"https:\/\/ecosupplements.be\/wp-content\/uploads\/2025\/08\/Zinc-Picolinate-Elemental-15mg_SUPP.webp","type":"image\/webp"}],"twitter_card":"summary_large_image","twitter_misc":{"Prix":"4.56&nbsp;&euro;","Disponibilit\u00e9":"Rupture de stock"},"schema":{"@context":"https:\/\/schema.org","@graph":[{"@type":["WebPage","ItemPage"],"@id":"https:\/\/ecosupplements.be\/fr\/produit\/natures-aid-zinc-picolinate-15-mg-30-tablets\/","url":"https:\/\/ecosupplements.be\/fr\/produit\/natures-aid-zinc-picolinate-15-mg-30-tablets\/","name":"Comprim\u00e9s de Zinc Picolinate 15 mg Natures Aid (30 comprim\u00e9s) - ECO Supplements","isPartOf":{"@id":"https:\/\/ecosupplements.be\/fr\/#website"},"primaryImageOfPage":{"@id":"https:\/\/ecosupplements.be\/fr\/produit\/natures-aid-zinc-picolinate-15-mg-30-tablets\/#primaryimage"},"image":{"@id":"https:\/\/ecosupplements.be\/fr\/produit\/natures-aid-zinc-picolinate-15-mg-30-tablets\/#primaryimage"},"thumbnailUrl":"https:\/\/ecosupplements.be\/wp-content\/uploads\/2025\/08\/Zinc-Picolinate-Elemental-15mg_SUPP.webp","datePublished":"2025-06-25T12:15:47+00:00","dateModified":"2025-08-28T00:49:32+00:00","description":"Wij hebben een ruime keuze aan producten van Comprim\u00e9s de Zinc Picolinate 15 mg Natures Aid (30 comprim\u00e9s) . Winkel bij Eco Supplements altijd gratis verzending boven 100\u20ac","breadcrumb":{"@id":"https:\/\/ecosupplements.be\/fr\/produit\/natures-aid-zinc-picolinate-15-mg-30-tablets\/#breadcrumb"},"inLanguage":"fr-FR","potentialAction":[{"@type":"ReadAction","target":["https:\/\/ecosupplements.be\/fr\/produit\/natures-aid-zinc-picolinate-15-mg-30-tablets\/"]}]},{"@type":"ImageObject","inLanguage":"fr-FR","@id":"https:\/\/ecosupplements.be\/fr\/produit\/natures-aid-zinc-picolinate-15-mg-30-tablets\/#primaryimage","url":"https:\/\/ecosupplements.be\/wp-content\/uploads\/2025\/08\/Zinc-Picolinate-Elemental-15mg_SUPP.webp","contentUrl":"https:\/\/ecosupplements.be\/wp-content\/uploads\/2025\/08\/Zinc-Picolinate-Elemental-15mg_SUPP.webp","width":1000,"height":1000},{"@type":"BreadcrumbList","@id":"https:\/\/ecosupplements.be\/fr\/produit\/natures-aid-zinc-picolinate-15-mg-30-tablets\/#breadcrumb","itemListElement":[{"@type":"ListItem","position":1,"name":"Home","item":"https:\/\/ecosupplements.be\/fr\/"},{"@type":"ListItem","position":2,"name":"Boutique","item":"https:\/\/ecosupplements.be\/fr\/boutique\/"},{"@type":"ListItem","position":3,"name":"Comprim\u00e9s de Zinc Picolinate 15 mg Natures Aid (30 comprim\u00e9s)"}]},{"@type":"WebSite","@id":"https:\/\/ecosupplements.be\/fr\/#website","url":"https:\/\/ecosupplements.be\/fr\/","name":"ECO Supplements","description":"Eco Supplements - Gezonde supplementen","publisher":{"@id":"https:\/\/ecosupplements.be\/fr\/#organization"},"potentialAction":[{"@type":"SearchAction","target":{"@type":"EntryPoint","urlTemplate":"https:\/\/ecosupplements.be\/fr\/?s={search_term_string}"},"query-input":{"@type":"PropertyValueSpecification","valueRequired":true,"valueName":"search_term_string"}}],"inLanguage":"fr-FR"},{"@type":"Organization","@id":"https:\/\/ecosupplements.be\/fr\/#organization","name":"Eco Supplements","url":"https:\/\/ecosupplements.be\/fr\/","logo":{"@type":"ImageObject","inLanguage":"fr-FR","@id":"https:\/\/ecosupplements.be\/fr\/#\/schema\/logo\/image\/","url":"https:\/\/ecosupplements.be\/wp-content\/uploads\/2022\/06\/ecosupplement-family.png","contentUrl":"https:\/\/ecosupplements.be\/wp-content\/uploads\/2022\/06\/ecosupplement-family.png","width":593,"height":374,"caption":"Eco Supplements"},"image":{"@id":"https:\/\/ecosupplements.be\/fr\/#\/schema\/logo\/image\/"}}]},"product_brand":"Natures Aid","product_price_amount":"4.56","product_price_currency":"EUR","og_availability":"out of stock","product_availability":"out of stock","product_retailer_item_id":"5023652760301","product_condition":"new"},"_links":{"self":[{"href":"https:\/\/ecosupplements.be\/fr\/wp-json\/wp\/v2\/product\/297473","targetHints":{"allow":["GET"]}}],"collection":[{"href":"https:\/\/ecosupplements.be\/fr\/wp-json\/wp\/v2\/product"}],"about":[{"href":"https:\/\/ecosupplements.be\/fr\/wp-json\/wp\/v2\/types\/product"}],"replies":[{"embeddable":true,"href":"https:\/\/ecosupplements.be\/fr\/wp-json\/wp\/v2\/comments?post=297473"}],"wp:featuredmedia":[{"embeddable":true,"href":"https:\/\/ecosupplements.be\/fr\/wp-json\/wp\/v2\/media\/272603"}],"wp:attachment":[{"href":"https:\/\/ecosupplements.be\/fr\/wp-json\/wp\/v2\/media?parent=297473"}],"wp:term":[{"taxonomy":"product_brand","embeddable":true,"href":"https:\/\/ecosupplements.be\/fr\/wp-json\/wp\/v2\/product_brand?post=297473"},{"taxonomy":"product_cat","embeddable":true,"href":"https:\/\/ecosupplements.be\/fr\/wp-json\/wp\/v2\/product_cat?post=297473"},{"taxonomy":"product_tag","embeddable":true,"href":"https:\/\/ecosupplements.be\/fr\/wp-json\/wp\/v2\/product_tag?post=297473"}],"curies":[{"name":"wp","href":"https:\/\/api.w.org\/{rel}","templated":true}]}}