{"id":297690,"date":"2025-06-23T21:31:11","date_gmt":"2025-06-23T20:31:11","guid":{"rendered":"https:\/\/ecosupplements.be\/product\/ostrovit-creatine-monohydrate-creapure-250-g-cola-rum\/"},"modified":"2025-08-28T01:52:23","modified_gmt":"2025-08-28T00:52:23","slug":"ostrovit-creatine-monohydrate-creapure-250-g-cola-rum","status":"publish","type":"product","link":"https:\/\/ecosupplements.be\/fr\/produit\/ostrovit-creatine-monohydrate-creapure-250-g-cola-rum\/","title":{"rendered":"Ostrovit Cr\u00e9atine Monohydrate (Creapure\u00ae) (250 g, Cola &amp; Rhum)"},"content":{"rendered":"<h2>Ostrovit Creatine Monohydrate (Creapure\u00ae) &#8211; Cola &amp; Rum, 250 g<\/h2>\n<p>D\u00e9couvrez le <strong>Ostrovit Creatine Monohydrate (Creapure\u00ae)<\/strong> dans une savoureuse version Cola &amp; Rum. Ce produit de 250 g est con\u00e7u pour s&#8217;int\u00e9grer harmonieusement \u00e0 votre quotidien gr\u00e2ce \u00e0 son format pratique et son go\u00fbt agr\u00e9able.<\/p>\n<p>Ce compl\u00e9ment est fabriqu\u00e9 avec de la cr\u00e9atine monohydrate Creapure\u00ae, reconnue pour sa grande puret\u00e9 et son origine naturelle. La qualit\u00e9 sup\u00e9rieure de cette cr\u00e9atine assure une composition claire et sans ajout inutile, ce qui en fait un choix parfait pour ceux qui appr\u00e9cient les ingr\u00e9dients purs dans leur r\u00e9gime quotidien.<\/p>\n<p><strong>Utilisation :<\/strong> Suivez les instructions sur l&#8217;emballage pour la dose journali\u00e8re recommand\u00e9e, facile \u00e0 m\u00e9langer avec votre boisson pr\u00e9f\u00e9r\u00e9e.<\/p>\n<p>Ce produit est id\u00e9al pour ceux qui cherchent un compl\u00e9ment simple et naturel, sans compromis sur le go\u00fbt ni la qualit\u00e9. Int\u00e9grez-le facilement \u00e0 votre routine quotidienne pour accompagner un mode de vie actif.<\/p>\n<p><em>Note : Veuillez consulter l&#8217;emballage du produit pour des informations plus d\u00e9taill\u00e9es sur l&#8217;utilisation et la conservation.<\/em><\/p>\n","protected":false},"excerpt":{"rendered":"<p>Ostrovit Creatine Monohydrate (Creapure\u00ae) &#8211; Cola &amp; Rum, 250 g D\u00e9couvrez le Ostrovit Creatine Monohydrate (Creapure\u00ae) dans une savoureuse version Cola &amp; Rum. Ce produit de 250 g est con\u00e7u pour s&#8217;int\u00e9grer harmonieusement \u00e0 votre quotidien gr\u00e2ce \u00e0 son format pratique et son go\u00fbt agr\u00e9able. Ce compl\u00e9ment est fabriqu\u00e9 avec de la cr\u00e9atine monohydrate Creapure\u00ae, [&#8230;]\n","protected":false},"featured_media":271379,"comment_status":"closed","ping_status":"open","template":"","meta":[],"product_brand":[5326],"product_cat":[5052],"product_tag":[],"class_list":{"0":"post-297690","1":"product","2":"type-product","3":"status-publish","4":"has-post-thumbnail","6":"product_brand-ostrovit-2","7":"product_cat-sante-et-bien-etre","9":"first","10":"instock","11":"taxable","12":"shipping-taxable","13":"purchasable","14":"product-type-simple"},"yoast_head":"<!-- This site is optimized with the Yoast SEO Premium plugin v27.5 (Yoast SEO v27.5) - https:\/\/yoast.com\/product\/yoast-seo-premium-wordpress\/ -->\n<title>Ostrovit Cr\u00e9atine Monohydrate (Creapure\u00ae) (250 g, Cola &amp; Rhum) - ECO Supplements<\/title>\n<meta name=\"description\" content=\"Wij hebben een ruime keuze aan producten van Ostrovit Cr\u00e9atine Monohydrate (Creapure\u00ae) (250 g, Cola &amp; Rhum) . Winkel bij Eco Supplements altijd gratis verzending boven 100\u20ac\" \/>\n<meta name=\"robots\" content=\"index, follow, max-snippet:-1, max-image-preview:large, max-video-preview:-1\" \/>\n<link rel=\"canonical\" href=\"https:\/\/ecosupplements.be\/fr\/produit\/ostrovit-creatine-monohydrate-creapure-250-g-cola-rum\/\" \/>\n<meta property=\"og:locale\" content=\"fr_FR\" \/>\n<meta property=\"og:type\" content=\"article\" \/>\n<meta property=\"og:title\" content=\"Ostrovit Cr\u00e9atine Monohydrate (Creapure\u00ae) (250 g, Cola &amp; Rhum)\" \/>\n<meta property=\"og:description\" content=\"Wij hebben een ruime keuze aan producten van Ostrovit Cr\u00e9atine Monohydrate (Creapure\u00ae) (250 g, Cola &amp; Rhum) . Winkel bij Eco Supplements altijd gratis verzending boven 100\u20ac\" \/>\n<meta property=\"og:url\" content=\"https:\/\/ecosupplements.be\/fr\/produit\/ostrovit-creatine-monohydrate-creapure-250-g-cola-rum\/\" \/>\n<meta property=\"og:site_name\" content=\"ECO Supplements\" \/>\n<meta property=\"article:modified_time\" content=\"2025-08-28T00:52:23+00:00\" \/>\n<meta property=\"og:image\" content=\"https:\/\/ecosupplements.be\/wp-content\/uploads\/2025\/08\/Ostrovit-Ostrovit-Creatine-Monohydrate-Creapure\u00ae-250-g-Cola-Rum.webp\" \/>\n\t<meta property=\"og:image:width\" content=\"1000\" \/>\n\t<meta property=\"og:image:height\" content=\"1000\" \/>\n\t<meta property=\"og:image:type\" content=\"image\/webp\" \/>\n<meta name=\"twitter:card\" content=\"summary_large_image\" \/>\n<meta name=\"twitter:label1\" content=\"Prix\" \/>\n\t<meta name=\"twitter:data1\" content=\"14.99&nbsp;&euro;\" \/>\n\t<meta name=\"twitter:label2\" content=\"Disponibilit\u00e9\" \/>\n\t<meta name=\"twitter:data2\" content=\"En stock\" \/>\n<script type=\"application\/ld+json\" class=\"yoast-schema-graph\">{\"@context\":\"https:\\\/\\\/schema.org\",\"@graph\":[{\"@type\":[\"WebPage\",\"ItemPage\"],\"@id\":\"https:\\\/\\\/ecosupplements.be\\\/fr\\\/produit\\\/ostrovit-creatine-monohydrate-creapure-250-g-cola-rum\\\/\",\"url\":\"https:\\\/\\\/ecosupplements.be\\\/fr\\\/produit\\\/ostrovit-creatine-monohydrate-creapure-250-g-cola-rum\\\/\",\"name\":\"Ostrovit Cr\u00e9atine Monohydrate (Creapure\u00ae) (250 g, Cola &amp; Rhum) - ECO Supplements\",\"isPartOf\":{\"@id\":\"https:\\\/\\\/ecosupplements.be\\\/fr\\\/#website\"},\"primaryImageOfPage\":{\"@id\":\"https:\\\/\\\/ecosupplements.be\\\/fr\\\/produit\\\/ostrovit-creatine-monohydrate-creapure-250-g-cola-rum\\\/#primaryimage\"},\"image\":{\"@id\":\"https:\\\/\\\/ecosupplements.be\\\/fr\\\/produit\\\/ostrovit-creatine-monohydrate-creapure-250-g-cola-rum\\\/#primaryimage\"},\"thumbnailUrl\":\"https:\\\/\\\/ecosupplements.be\\\/wp-content\\\/uploads\\\/2025\\\/08\\\/OstroVit-Creatine-Monohydrate-Creapure-250-g-cola-rum_SUPP.webp\",\"datePublished\":\"2025-06-23T20:31:11+00:00\",\"dateModified\":\"2025-08-28T00:52:23+00:00\",\"description\":\"Wij hebben een ruime keuze aan producten van Ostrovit Cr\u00e9atine Monohydrate (Creapure\u00ae) (250 g, Cola &amp; Rhum) . Winkel bij Eco Supplements altijd gratis verzending boven 100\u20ac\",\"breadcrumb\":{\"@id\":\"https:\\\/\\\/ecosupplements.be\\\/fr\\\/produit\\\/ostrovit-creatine-monohydrate-creapure-250-g-cola-rum\\\/#breadcrumb\"},\"inLanguage\":\"fr-FR\",\"potentialAction\":[{\"@type\":\"ReadAction\",\"target\":[\"https:\\\/\\\/ecosupplements.be\\\/fr\\\/produit\\\/ostrovit-creatine-monohydrate-creapure-250-g-cola-rum\\\/\"]}]},{\"@type\":\"ImageObject\",\"inLanguage\":\"fr-FR\",\"@id\":\"https:\\\/\\\/ecosupplements.be\\\/fr\\\/produit\\\/ostrovit-creatine-monohydrate-creapure-250-g-cola-rum\\\/#primaryimage\",\"url\":\"https:\\\/\\\/ecosupplements.be\\\/wp-content\\\/uploads\\\/2025\\\/08\\\/OstroVit-Creatine-Monohydrate-Creapure-250-g-cola-rum_SUPP.webp\",\"contentUrl\":\"https:\\\/\\\/ecosupplements.be\\\/wp-content\\\/uploads\\\/2025\\\/08\\\/OstroVit-Creatine-Monohydrate-Creapure-250-g-cola-rum_SUPP.webp\",\"width\":1000,\"height\":1000},{\"@type\":\"BreadcrumbList\",\"@id\":\"https:\\\/\\\/ecosupplements.be\\\/fr\\\/produit\\\/ostrovit-creatine-monohydrate-creapure-250-g-cola-rum\\\/#breadcrumb\",\"itemListElement\":[{\"@type\":\"ListItem\",\"position\":1,\"name\":\"Home\",\"item\":\"https:\\\/\\\/ecosupplements.be\\\/fr\\\/\"},{\"@type\":\"ListItem\",\"position\":2,\"name\":\"Boutique\",\"item\":\"https:\\\/\\\/ecosupplements.be\\\/fr\\\/boutique\\\/\"},{\"@type\":\"ListItem\",\"position\":3,\"name\":\"Ostrovit Cr\u00e9atine Monohydrate (Creapure\u00ae) (250 g, Cola &amp; Rhum)\"}]},{\"@type\":\"WebSite\",\"@id\":\"https:\\\/\\\/ecosupplements.be\\\/fr\\\/#website\",\"url\":\"https:\\\/\\\/ecosupplements.be\\\/fr\\\/\",\"name\":\"ECO Supplements\",\"description\":\"Eco Supplements - Gezonde supplementen\",\"publisher\":{\"@id\":\"https:\\\/\\\/ecosupplements.be\\\/fr\\\/#organization\"},\"potentialAction\":[{\"@type\":\"SearchAction\",\"target\":{\"@type\":\"EntryPoint\",\"urlTemplate\":\"https:\\\/\\\/ecosupplements.be\\\/fr\\\/?s={search_term_string}\"},\"query-input\":{\"@type\":\"PropertyValueSpecification\",\"valueRequired\":true,\"valueName\":\"search_term_string\"}}],\"inLanguage\":\"fr-FR\"},{\"@type\":\"Organization\",\"@id\":\"https:\\\/\\\/ecosupplements.be\\\/fr\\\/#organization\",\"name\":\"Eco Supplements\",\"url\":\"https:\\\/\\\/ecosupplements.be\\\/fr\\\/\",\"logo\":{\"@type\":\"ImageObject\",\"inLanguage\":\"fr-FR\",\"@id\":\"https:\\\/\\\/ecosupplements.be\\\/fr\\\/#\\\/schema\\\/logo\\\/image\\\/\",\"url\":\"https:\\\/\\\/ecosupplements.be\\\/wp-content\\\/uploads\\\/2022\\\/06\\\/ecosupplement-family.png\",\"contentUrl\":\"https:\\\/\\\/ecosupplements.be\\\/wp-content\\\/uploads\\\/2022\\\/06\\\/ecosupplement-family.png\",\"width\":593,\"height\":374,\"caption\":\"Eco Supplements\"},\"image\":{\"@id\":\"https:\\\/\\\/ecosupplements.be\\\/fr\\\/#\\\/schema\\\/logo\\\/image\\\/\"}}]}<\/script>\n<meta property=\"product:brand\" content=\"Ostrovit\" \/>\n<meta property=\"product:price:amount\" content=\"14.99\" \/>\n<meta property=\"product:price:currency\" content=\"EUR\" \/>\n<meta property=\"og:availability\" content=\"instock\" \/>\n<meta property=\"product:availability\" content=\"instock\" \/>\n<meta property=\"product:retailer_item_id\" content=\"5903933919799\" \/>\n<meta property=\"product:condition\" content=\"new\" \/>\n<!-- \/ Yoast SEO Premium plugin. -->","yoast_head_json":{"title":"Ostrovit Cr\u00e9atine Monohydrate (Creapure\u00ae) (250 g, Cola &amp; Rhum) - ECO Supplements","description":"Wij hebben een ruime keuze aan producten van Ostrovit Cr\u00e9atine Monohydrate (Creapure\u00ae) (250 g, Cola &amp; Rhum) . Winkel bij Eco Supplements altijd gratis verzending boven 100\u20ac","robots":{"index":"index","follow":"follow","max-snippet":"max-snippet:-1","max-image-preview":"max-image-preview:large","max-video-preview":"max-video-preview:-1"},"canonical":"https:\/\/ecosupplements.be\/fr\/produit\/ostrovit-creatine-monohydrate-creapure-250-g-cola-rum\/","og_locale":"fr_FR","og_type":"article","og_title":"Ostrovit Cr\u00e9atine Monohydrate (Creapure\u00ae) (250 g, Cola &amp; Rhum)","og_description":"Wij hebben een ruime keuze aan producten van Ostrovit Cr\u00e9atine Monohydrate (Creapure\u00ae) (250 g, Cola &amp; Rhum) . Winkel bij Eco Supplements altijd gratis verzending boven 100\u20ac","og_url":"https:\/\/ecosupplements.be\/fr\/produit\/ostrovit-creatine-monohydrate-creapure-250-g-cola-rum\/","og_site_name":"ECO Supplements","article_modified_time":"2025-08-28T00:52:23+00:00","og_image":[{"width":1000,"height":1000,"url":"https:\/\/ecosupplements.be\/wp-content\/uploads\/2025\/08\/Ostrovit-Ostrovit-Creatine-Monohydrate-Creapure\u00ae-250-g-Cola-Rum.webp","type":"image\/webp"}],"twitter_card":"summary_large_image","twitter_misc":{"Prix":"14.99&nbsp;&euro;","Disponibilit\u00e9":"En stock"},"schema":{"@context":"https:\/\/schema.org","@graph":[{"@type":["WebPage","ItemPage"],"@id":"https:\/\/ecosupplements.be\/fr\/produit\/ostrovit-creatine-monohydrate-creapure-250-g-cola-rum\/","url":"https:\/\/ecosupplements.be\/fr\/produit\/ostrovit-creatine-monohydrate-creapure-250-g-cola-rum\/","name":"Ostrovit Cr\u00e9atine Monohydrate (Creapure\u00ae) (250 g, Cola &amp; Rhum) - ECO Supplements","isPartOf":{"@id":"https:\/\/ecosupplements.be\/fr\/#website"},"primaryImageOfPage":{"@id":"https:\/\/ecosupplements.be\/fr\/produit\/ostrovit-creatine-monohydrate-creapure-250-g-cola-rum\/#primaryimage"},"image":{"@id":"https:\/\/ecosupplements.be\/fr\/produit\/ostrovit-creatine-monohydrate-creapure-250-g-cola-rum\/#primaryimage"},"thumbnailUrl":"https:\/\/ecosupplements.be\/wp-content\/uploads\/2025\/08\/OstroVit-Creatine-Monohydrate-Creapure-250-g-cola-rum_SUPP.webp","datePublished":"2025-06-23T20:31:11+00:00","dateModified":"2025-08-28T00:52:23+00:00","description":"Wij hebben een ruime keuze aan producten van Ostrovit Cr\u00e9atine Monohydrate (Creapure\u00ae) (250 g, Cola &amp; Rhum) . Winkel bij Eco Supplements altijd gratis verzending boven 100\u20ac","breadcrumb":{"@id":"https:\/\/ecosupplements.be\/fr\/produit\/ostrovit-creatine-monohydrate-creapure-250-g-cola-rum\/#breadcrumb"},"inLanguage":"fr-FR","potentialAction":[{"@type":"ReadAction","target":["https:\/\/ecosupplements.be\/fr\/produit\/ostrovit-creatine-monohydrate-creapure-250-g-cola-rum\/"]}]},{"@type":"ImageObject","inLanguage":"fr-FR","@id":"https:\/\/ecosupplements.be\/fr\/produit\/ostrovit-creatine-monohydrate-creapure-250-g-cola-rum\/#primaryimage","url":"https:\/\/ecosupplements.be\/wp-content\/uploads\/2025\/08\/OstroVit-Creatine-Monohydrate-Creapure-250-g-cola-rum_SUPP.webp","contentUrl":"https:\/\/ecosupplements.be\/wp-content\/uploads\/2025\/08\/OstroVit-Creatine-Monohydrate-Creapure-250-g-cola-rum_SUPP.webp","width":1000,"height":1000},{"@type":"BreadcrumbList","@id":"https:\/\/ecosupplements.be\/fr\/produit\/ostrovit-creatine-monohydrate-creapure-250-g-cola-rum\/#breadcrumb","itemListElement":[{"@type":"ListItem","position":1,"name":"Home","item":"https:\/\/ecosupplements.be\/fr\/"},{"@type":"ListItem","position":2,"name":"Boutique","item":"https:\/\/ecosupplements.be\/fr\/boutique\/"},{"@type":"ListItem","position":3,"name":"Ostrovit Cr\u00e9atine Monohydrate (Creapure\u00ae) (250 g, Cola &amp; Rhum)"}]},{"@type":"WebSite","@id":"https:\/\/ecosupplements.be\/fr\/#website","url":"https:\/\/ecosupplements.be\/fr\/","name":"ECO Supplements","description":"Eco Supplements - Gezonde supplementen","publisher":{"@id":"https:\/\/ecosupplements.be\/fr\/#organization"},"potentialAction":[{"@type":"SearchAction","target":{"@type":"EntryPoint","urlTemplate":"https:\/\/ecosupplements.be\/fr\/?s={search_term_string}"},"query-input":{"@type":"PropertyValueSpecification","valueRequired":true,"valueName":"search_term_string"}}],"inLanguage":"fr-FR"},{"@type":"Organization","@id":"https:\/\/ecosupplements.be\/fr\/#organization","name":"Eco Supplements","url":"https:\/\/ecosupplements.be\/fr\/","logo":{"@type":"ImageObject","inLanguage":"fr-FR","@id":"https:\/\/ecosupplements.be\/fr\/#\/schema\/logo\/image\/","url":"https:\/\/ecosupplements.be\/wp-content\/uploads\/2022\/06\/ecosupplement-family.png","contentUrl":"https:\/\/ecosupplements.be\/wp-content\/uploads\/2022\/06\/ecosupplement-family.png","width":593,"height":374,"caption":"Eco Supplements"},"image":{"@id":"https:\/\/ecosupplements.be\/fr\/#\/schema\/logo\/image\/"}}]},"product_brand":"Ostrovit","product_price_amount":"14.99","product_price_currency":"EUR","og_availability":"instock","product_availability":"instock","product_retailer_item_id":"5903933919799","product_condition":"new"},"_links":{"self":[{"href":"https:\/\/ecosupplements.be\/fr\/wp-json\/wp\/v2\/product\/297690","targetHints":{"allow":["GET"]}}],"collection":[{"href":"https:\/\/ecosupplements.be\/fr\/wp-json\/wp\/v2\/product"}],"about":[{"href":"https:\/\/ecosupplements.be\/fr\/wp-json\/wp\/v2\/types\/product"}],"replies":[{"embeddable":true,"href":"https:\/\/ecosupplements.be\/fr\/wp-json\/wp\/v2\/comments?post=297690"}],"wp:featuredmedia":[{"embeddable":true,"href":"https:\/\/ecosupplements.be\/fr\/wp-json\/wp\/v2\/media\/271379"}],"wp:attachment":[{"href":"https:\/\/ecosupplements.be\/fr\/wp-json\/wp\/v2\/media?parent=297690"}],"wp:term":[{"taxonomy":"product_brand","embeddable":true,"href":"https:\/\/ecosupplements.be\/fr\/wp-json\/wp\/v2\/product_brand?post=297690"},{"taxonomy":"product_cat","embeddable":true,"href":"https:\/\/ecosupplements.be\/fr\/wp-json\/wp\/v2\/product_cat?post=297690"},{"taxonomy":"product_tag","embeddable":true,"href":"https:\/\/ecosupplements.be\/fr\/wp-json\/wp\/v2\/product_tag?post=297690"}],"curies":[{"name":"wp","href":"https:\/\/api.w.org\/{rel}","templated":true}]}}