{"id":297725,"date":"2025-06-23T22:15:13","date_gmt":"2025-06-23T21:15:13","guid":{"rendered":"https:\/\/ecosupplements.be\/product\/ostrovit-flex-regen-120-tablets\/"},"modified":"2025-08-28T01:52:54","modified_gmt":"2025-08-28T00:52:54","slug":"ostrovit-flex-regen-120-tablets","status":"publish","type":"product","link":"https:\/\/ecosupplements.be\/fr\/produit\/ostrovit-flex-regen-120-tablets\/","title":{"rendered":"Ostrovit Flex R\u00e9g\u00e9n\u00e9ration (120 comprim\u00e9s)"},"content":{"rendered":"<h2>Ostrovit Flex Regen (120 Tablets)<\/h2>\n<p>D\u00e9couvrez Ostrovit Flex Regen, un produit con\u00e7u avec soin pour s&#8217;int\u00e9grer harmonieusement \u00e0 votre quotidien. Chaque bo\u00eete contient 120 comprim\u00e9s faciles \u00e0 utiliser, formul\u00e9s \u00e0 partir d&#8217;ingr\u00e9dients de haute qualit\u00e9 et d&#8217;origine naturelle.<\/p>\n<p>Ce produit est \u00e9labor\u00e9 avec une s\u00e9lection rigoureuse de composants qui respectent les standards \u00e9lev\u00e9s de puret\u00e9. Les ingr\u00e9dients sont choisis pour leur qualit\u00e9 irr\u00e9prochable et leur origine naturelle,offrant ainsi une excellente option pour ceux qui valorisent la naturalit\u00e9 dans leurs choix quotidiens.<\/p>\n<p>Les comprim\u00e9s Ostrovit Flex Regen sont pratiques \u00e0 emporter et simples \u00e0 int\u00e9grer dans votre routine journali\u00e8re. Ils se distinguent par leur texture agr\u00e9able et sont con\u00e7us sans ar\u00f4mes artificiels, mettant en avant le go\u00fbt authentique des composants naturels.<\/p>\n<p>Id\u00e9al pour accompagner un mode de vie actif, Ostrovit Flex Regen se positionne comme un choix judicieux pour tous ceux qui cherchent \u00e0 maintenir une approche \u00e9quilibr\u00e9e au quotidien sans compromettre la qualit\u00e9.<\/p>\n<p><strong>Utilisation :<\/strong> Suivez les instructions sur l&#8217;emballage pour la dose journali\u00e8re recommand\u00e9e.<\/p>\n<p><em>Ostrovit Flex Regen<\/em>, un choix parfaitement adapt\u00e9 aux amateurs de produits pratiques et naturels!<\/p>\n","protected":false},"excerpt":{"rendered":"<p>Ostrovit Flex Regen (120 Tablets) D\u00e9couvrez Ostrovit Flex Regen, un produit con\u00e7u avec soin pour s&#8217;int\u00e9grer harmonieusement \u00e0 votre quotidien. Chaque bo\u00eete contient 120 comprim\u00e9s faciles \u00e0 utiliser, formul\u00e9s \u00e0 partir d&#8217;ingr\u00e9dients de haute qualit\u00e9 et d&#8217;origine naturelle. Ce produit est \u00e9labor\u00e9 avec une s\u00e9lection rigoureuse de composants qui respectent les standards \u00e9lev\u00e9s de puret\u00e9. [&#8230;]\n","protected":false},"featured_media":271406,"comment_status":"closed","ping_status":"open","template":"","meta":[],"product_brand":[5326],"product_cat":[5053],"product_tag":[],"class_list":{"0":"post-297725","1":"product","2":"type-product","3":"status-publish","4":"has-post-thumbnail","6":"product_brand-ostrovit-2","7":"product_cat-vitamines-et-mineraux","9":"first","10":"instock","11":"taxable","12":"shipping-taxable","13":"purchasable","14":"product-type-simple"},"yoast_head":"<!-- This site is optimized with the Yoast SEO Premium plugin v27.5 (Yoast SEO v27.5) - https:\/\/yoast.com\/product\/yoast-seo-premium-wordpress\/ -->\n<title>Ostrovit Flex R\u00e9g\u00e9n\u00e9ration (120 comprim\u00e9s) - ECO Supplements<\/title>\n<meta name=\"description\" content=\"Wij hebben een ruime keuze aan producten van Ostrovit Flex R\u00e9g\u00e9n\u00e9ration (120 comprim\u00e9s) . Winkel bij Eco Supplements altijd gratis verzending boven 100\u20ac\" \/>\n<meta name=\"robots\" content=\"index, follow, max-snippet:-1, max-image-preview:large, max-video-preview:-1\" \/>\n<link rel=\"canonical\" href=\"https:\/\/ecosupplements.be\/fr\/produit\/ostrovit-flex-regen-120-tablets\/\" \/>\n<meta property=\"og:locale\" content=\"fr_FR\" \/>\n<meta property=\"og:type\" content=\"article\" \/>\n<meta property=\"og:title\" content=\"Ostrovit Flex R\u00e9g\u00e9n\u00e9ration (120 comprim\u00e9s)\" \/>\n<meta property=\"og:description\" content=\"Wij hebben een ruime keuze aan producten van Ostrovit Flex R\u00e9g\u00e9n\u00e9ration (120 comprim\u00e9s) . Winkel bij Eco Supplements altijd gratis verzending boven 100\u20ac\" \/>\n<meta property=\"og:url\" content=\"https:\/\/ecosupplements.be\/fr\/produit\/ostrovit-flex-regen-120-tablets\/\" \/>\n<meta property=\"og:site_name\" content=\"ECO Supplements\" \/>\n<meta property=\"article:modified_time\" content=\"2025-08-28T00:52:54+00:00\" \/>\n<meta property=\"og:image\" content=\"https:\/\/ecosupplements.be\/wp-content\/uploads\/2025\/08\/Ostrovit-Ostrovit-Flex-Regen-120-Tablets.webp\" \/>\n\t<meta property=\"og:image:width\" content=\"1000\" \/>\n\t<meta property=\"og:image:height\" content=\"1000\" \/>\n\t<meta property=\"og:image:type\" content=\"image\/webp\" \/>\n<meta name=\"twitter:card\" content=\"summary_large_image\" \/>\n<meta name=\"twitter:label1\" content=\"Prix\" \/>\n\t<meta name=\"twitter:data1\" content=\"8.65&nbsp;&euro;\" \/>\n\t<meta name=\"twitter:label2\" content=\"Disponibilit\u00e9\" \/>\n\t<meta name=\"twitter:data2\" content=\"En stock\" \/>\n<script type=\"application\/ld+json\" class=\"yoast-schema-graph\">{\"@context\":\"https:\\\/\\\/schema.org\",\"@graph\":[{\"@type\":[\"WebPage\",\"ItemPage\"],\"@id\":\"https:\\\/\\\/ecosupplements.be\\\/fr\\\/produit\\\/ostrovit-flex-regen-120-tablets\\\/\",\"url\":\"https:\\\/\\\/ecosupplements.be\\\/fr\\\/produit\\\/ostrovit-flex-regen-120-tablets\\\/\",\"name\":\"Ostrovit Flex R\u00e9g\u00e9n\u00e9ration (120 comprim\u00e9s) - ECO Supplements\",\"isPartOf\":{\"@id\":\"https:\\\/\\\/ecosupplements.be\\\/fr\\\/#website\"},\"primaryImageOfPage\":{\"@id\":\"https:\\\/\\\/ecosupplements.be\\\/fr\\\/produit\\\/ostrovit-flex-regen-120-tablets\\\/#primaryimage\"},\"image\":{\"@id\":\"https:\\\/\\\/ecosupplements.be\\\/fr\\\/produit\\\/ostrovit-flex-regen-120-tablets\\\/#primaryimage\"},\"thumbnailUrl\":\"https:\\\/\\\/ecosupplements.be\\\/wp-content\\\/uploads\\\/2025\\\/08\\\/OstroVit-Flex-Regen-120-tablets_SUPP.webp\",\"datePublished\":\"2025-06-23T21:15:13+00:00\",\"dateModified\":\"2025-08-28T00:52:54+00:00\",\"description\":\"Wij hebben een ruime keuze aan producten van Ostrovit Flex R\u00e9g\u00e9n\u00e9ration (120 comprim\u00e9s) . Winkel bij Eco Supplements altijd gratis verzending boven 100\u20ac\",\"breadcrumb\":{\"@id\":\"https:\\\/\\\/ecosupplements.be\\\/fr\\\/produit\\\/ostrovit-flex-regen-120-tablets\\\/#breadcrumb\"},\"inLanguage\":\"fr-FR\",\"potentialAction\":[{\"@type\":\"ReadAction\",\"target\":[\"https:\\\/\\\/ecosupplements.be\\\/fr\\\/produit\\\/ostrovit-flex-regen-120-tablets\\\/\"]}]},{\"@type\":\"ImageObject\",\"inLanguage\":\"fr-FR\",\"@id\":\"https:\\\/\\\/ecosupplements.be\\\/fr\\\/produit\\\/ostrovit-flex-regen-120-tablets\\\/#primaryimage\",\"url\":\"https:\\\/\\\/ecosupplements.be\\\/wp-content\\\/uploads\\\/2025\\\/08\\\/OstroVit-Flex-Regen-120-tablets_SUPP.webp\",\"contentUrl\":\"https:\\\/\\\/ecosupplements.be\\\/wp-content\\\/uploads\\\/2025\\\/08\\\/OstroVit-Flex-Regen-120-tablets_SUPP.webp\",\"width\":1000,\"height\":1000},{\"@type\":\"BreadcrumbList\",\"@id\":\"https:\\\/\\\/ecosupplements.be\\\/fr\\\/produit\\\/ostrovit-flex-regen-120-tablets\\\/#breadcrumb\",\"itemListElement\":[{\"@type\":\"ListItem\",\"position\":1,\"name\":\"Home\",\"item\":\"https:\\\/\\\/ecosupplements.be\\\/fr\\\/\"},{\"@type\":\"ListItem\",\"position\":2,\"name\":\"Boutique\",\"item\":\"https:\\\/\\\/ecosupplements.be\\\/fr\\\/boutique\\\/\"},{\"@type\":\"ListItem\",\"position\":3,\"name\":\"Ostrovit Flex R\u00e9g\u00e9n\u00e9ration (120 comprim\u00e9s)\"}]},{\"@type\":\"WebSite\",\"@id\":\"https:\\\/\\\/ecosupplements.be\\\/fr\\\/#website\",\"url\":\"https:\\\/\\\/ecosupplements.be\\\/fr\\\/\",\"name\":\"ECO Supplements\",\"description\":\"Eco Supplements - Gezonde supplementen\",\"publisher\":{\"@id\":\"https:\\\/\\\/ecosupplements.be\\\/fr\\\/#organization\"},\"potentialAction\":[{\"@type\":\"SearchAction\",\"target\":{\"@type\":\"EntryPoint\",\"urlTemplate\":\"https:\\\/\\\/ecosupplements.be\\\/fr\\\/?s={search_term_string}\"},\"query-input\":{\"@type\":\"PropertyValueSpecification\",\"valueRequired\":true,\"valueName\":\"search_term_string\"}}],\"inLanguage\":\"fr-FR\"},{\"@type\":\"Organization\",\"@id\":\"https:\\\/\\\/ecosupplements.be\\\/fr\\\/#organization\",\"name\":\"Eco Supplements\",\"url\":\"https:\\\/\\\/ecosupplements.be\\\/fr\\\/\",\"logo\":{\"@type\":\"ImageObject\",\"inLanguage\":\"fr-FR\",\"@id\":\"https:\\\/\\\/ecosupplements.be\\\/fr\\\/#\\\/schema\\\/logo\\\/image\\\/\",\"url\":\"https:\\\/\\\/ecosupplements.be\\\/wp-content\\\/uploads\\\/2022\\\/06\\\/ecosupplement-family.png\",\"contentUrl\":\"https:\\\/\\\/ecosupplements.be\\\/wp-content\\\/uploads\\\/2022\\\/06\\\/ecosupplement-family.png\",\"width\":593,\"height\":374,\"caption\":\"Eco Supplements\"},\"image\":{\"@id\":\"https:\\\/\\\/ecosupplements.be\\\/fr\\\/#\\\/schema\\\/logo\\\/image\\\/\"}}]}<\/script>\n<meta property=\"product:brand\" content=\"Ostrovit\" \/>\n<meta property=\"product:price:amount\" content=\"8.65\" \/>\n<meta property=\"product:price:currency\" content=\"EUR\" \/>\n<meta property=\"og:availability\" content=\"instock\" \/>\n<meta property=\"product:availability\" content=\"instock\" \/>\n<meta property=\"product:retailer_item_id\" content=\"5903933911687\" \/>\n<meta property=\"product:condition\" content=\"new\" \/>\n<!-- \/ Yoast SEO Premium plugin. -->","yoast_head_json":{"title":"Ostrovit Flex R\u00e9g\u00e9n\u00e9ration (120 comprim\u00e9s) - ECO Supplements","description":"Wij hebben een ruime keuze aan producten van Ostrovit Flex R\u00e9g\u00e9n\u00e9ration (120 comprim\u00e9s) . Winkel bij Eco Supplements altijd gratis verzending boven 100\u20ac","robots":{"index":"index","follow":"follow","max-snippet":"max-snippet:-1","max-image-preview":"max-image-preview:large","max-video-preview":"max-video-preview:-1"},"canonical":"https:\/\/ecosupplements.be\/fr\/produit\/ostrovit-flex-regen-120-tablets\/","og_locale":"fr_FR","og_type":"article","og_title":"Ostrovit Flex R\u00e9g\u00e9n\u00e9ration (120 comprim\u00e9s)","og_description":"Wij hebben een ruime keuze aan producten van Ostrovit Flex R\u00e9g\u00e9n\u00e9ration (120 comprim\u00e9s) . Winkel bij Eco Supplements altijd gratis verzending boven 100\u20ac","og_url":"https:\/\/ecosupplements.be\/fr\/produit\/ostrovit-flex-regen-120-tablets\/","og_site_name":"ECO Supplements","article_modified_time":"2025-08-28T00:52:54+00:00","og_image":[{"width":1000,"height":1000,"url":"https:\/\/ecosupplements.be\/wp-content\/uploads\/2025\/08\/Ostrovit-Ostrovit-Flex-Regen-120-Tablets.webp","type":"image\/webp"}],"twitter_card":"summary_large_image","twitter_misc":{"Prix":"8.65&nbsp;&euro;","Disponibilit\u00e9":"En stock"},"schema":{"@context":"https:\/\/schema.org","@graph":[{"@type":["WebPage","ItemPage"],"@id":"https:\/\/ecosupplements.be\/fr\/produit\/ostrovit-flex-regen-120-tablets\/","url":"https:\/\/ecosupplements.be\/fr\/produit\/ostrovit-flex-regen-120-tablets\/","name":"Ostrovit Flex R\u00e9g\u00e9n\u00e9ration (120 comprim\u00e9s) - ECO Supplements","isPartOf":{"@id":"https:\/\/ecosupplements.be\/fr\/#website"},"primaryImageOfPage":{"@id":"https:\/\/ecosupplements.be\/fr\/produit\/ostrovit-flex-regen-120-tablets\/#primaryimage"},"image":{"@id":"https:\/\/ecosupplements.be\/fr\/produit\/ostrovit-flex-regen-120-tablets\/#primaryimage"},"thumbnailUrl":"https:\/\/ecosupplements.be\/wp-content\/uploads\/2025\/08\/OstroVit-Flex-Regen-120-tablets_SUPP.webp","datePublished":"2025-06-23T21:15:13+00:00","dateModified":"2025-08-28T00:52:54+00:00","description":"Wij hebben een ruime keuze aan producten van Ostrovit Flex R\u00e9g\u00e9n\u00e9ration (120 comprim\u00e9s) . Winkel bij Eco Supplements altijd gratis verzending boven 100\u20ac","breadcrumb":{"@id":"https:\/\/ecosupplements.be\/fr\/produit\/ostrovit-flex-regen-120-tablets\/#breadcrumb"},"inLanguage":"fr-FR","potentialAction":[{"@type":"ReadAction","target":["https:\/\/ecosupplements.be\/fr\/produit\/ostrovit-flex-regen-120-tablets\/"]}]},{"@type":"ImageObject","inLanguage":"fr-FR","@id":"https:\/\/ecosupplements.be\/fr\/produit\/ostrovit-flex-regen-120-tablets\/#primaryimage","url":"https:\/\/ecosupplements.be\/wp-content\/uploads\/2025\/08\/OstroVit-Flex-Regen-120-tablets_SUPP.webp","contentUrl":"https:\/\/ecosupplements.be\/wp-content\/uploads\/2025\/08\/OstroVit-Flex-Regen-120-tablets_SUPP.webp","width":1000,"height":1000},{"@type":"BreadcrumbList","@id":"https:\/\/ecosupplements.be\/fr\/produit\/ostrovit-flex-regen-120-tablets\/#breadcrumb","itemListElement":[{"@type":"ListItem","position":1,"name":"Home","item":"https:\/\/ecosupplements.be\/fr\/"},{"@type":"ListItem","position":2,"name":"Boutique","item":"https:\/\/ecosupplements.be\/fr\/boutique\/"},{"@type":"ListItem","position":3,"name":"Ostrovit Flex R\u00e9g\u00e9n\u00e9ration (120 comprim\u00e9s)"}]},{"@type":"WebSite","@id":"https:\/\/ecosupplements.be\/fr\/#website","url":"https:\/\/ecosupplements.be\/fr\/","name":"ECO Supplements","description":"Eco Supplements - Gezonde supplementen","publisher":{"@id":"https:\/\/ecosupplements.be\/fr\/#organization"},"potentialAction":[{"@type":"SearchAction","target":{"@type":"EntryPoint","urlTemplate":"https:\/\/ecosupplements.be\/fr\/?s={search_term_string}"},"query-input":{"@type":"PropertyValueSpecification","valueRequired":true,"valueName":"search_term_string"}}],"inLanguage":"fr-FR"},{"@type":"Organization","@id":"https:\/\/ecosupplements.be\/fr\/#organization","name":"Eco Supplements","url":"https:\/\/ecosupplements.be\/fr\/","logo":{"@type":"ImageObject","inLanguage":"fr-FR","@id":"https:\/\/ecosupplements.be\/fr\/#\/schema\/logo\/image\/","url":"https:\/\/ecosupplements.be\/wp-content\/uploads\/2022\/06\/ecosupplement-family.png","contentUrl":"https:\/\/ecosupplements.be\/wp-content\/uploads\/2022\/06\/ecosupplement-family.png","width":593,"height":374,"caption":"Eco Supplements"},"image":{"@id":"https:\/\/ecosupplements.be\/fr\/#\/schema\/logo\/image\/"}}]},"product_brand":"Ostrovit","product_price_amount":"8.65","product_price_currency":"EUR","og_availability":"instock","product_availability":"instock","product_retailer_item_id":"5903933911687","product_condition":"new"},"_links":{"self":[{"href":"https:\/\/ecosupplements.be\/fr\/wp-json\/wp\/v2\/product\/297725","targetHints":{"allow":["GET"]}}],"collection":[{"href":"https:\/\/ecosupplements.be\/fr\/wp-json\/wp\/v2\/product"}],"about":[{"href":"https:\/\/ecosupplements.be\/fr\/wp-json\/wp\/v2\/types\/product"}],"replies":[{"embeddable":true,"href":"https:\/\/ecosupplements.be\/fr\/wp-json\/wp\/v2\/comments?post=297725"}],"wp:featuredmedia":[{"embeddable":true,"href":"https:\/\/ecosupplements.be\/fr\/wp-json\/wp\/v2\/media\/271406"}],"wp:attachment":[{"href":"https:\/\/ecosupplements.be\/fr\/wp-json\/wp\/v2\/media?parent=297725"}],"wp:term":[{"taxonomy":"product_brand","embeddable":true,"href":"https:\/\/ecosupplements.be\/fr\/wp-json\/wp\/v2\/product_brand?post=297725"},{"taxonomy":"product_cat","embeddable":true,"href":"https:\/\/ecosupplements.be\/fr\/wp-json\/wp\/v2\/product_cat?post=297725"},{"taxonomy":"product_tag","embeddable":true,"href":"https:\/\/ecosupplements.be\/fr\/wp-json\/wp\/v2\/product_tag?post=297725"}],"curies":[{"name":"wp","href":"https:\/\/api.w.org\/{rel}","templated":true}]}}