{"id":298020,"date":"2025-06-24T01:31:08","date_gmt":"2025-06-24T00:31:08","guid":{"rendered":"https:\/\/ecosupplements.be\/product\/ostrovit-training-bands-4-pcs-bag-1-pc\/"},"modified":"2025-08-28T01:57:04","modified_gmt":"2025-08-28T00:57:04","slug":"ostrovit-training-bands-4-pcs-bag-1-pc","status":"publish","type":"product","link":"https:\/\/ecosupplements.be\/fr\/produit\/ostrovit-training-bands-4-pcs-bag-1-pc\/","title":{"rendered":"Bandes d&#8217;entra\u00eenement Ostrovit 4 pi\u00e8ces + sac (1 pi\u00e8ce)"},"content":{"rendered":"<h2>Ostrovit training Bands 4 pcs + bag (1 pc)<\/h2>\n<p>D\u00e9couvrez les bandes d&#8217;entra\u00eenement Ostrovit,un choix parfait pour ceux qui appr\u00e9cient des accessoires de qualit\u00e9 dans leur routine quotidienne. Ce set comprend quatre bandes d&#8217;entra\u00eenement accompagn\u00e9es d&#8217;un sac pratique pour un transport et un rangement ais\u00e9s.<\/p>\n<h3>Caract\u00e9ristiques du produit :<\/h3>\n<ul>\n<li><strong>Marque :<\/strong> Ostrovit<\/li>\n<li><strong>Contenu :<\/strong> 4 bandes d&#8217;entra\u00eenement, 1 sac de transport<\/li>\n<\/ul>\n<p>Ces bandes sont con\u00e7ues pour \u00eatre int\u00e9gr\u00e9es facilement dans divers types d&#8217;activit\u00e9s, offrant une solution simple et pratique pour accompagner votre quotidien actif.leur conception robuste garantit une durabilit\u00e9 accrue, tandis que le sac inclus assure une grande facilit\u00e9 de transport.<\/p>\n<p>L&#8217;utilisation des bandes Ostrovit est intuitive, ce qui les rend id\u00e9ales pour tous, que vous soyez d\u00e9butant ou habitu\u00e9 \u00e0 ce type d&#8217;\u00e9quipement. Elles sont \u00e9galement fabriqu\u00e9es avec des mat\u00e9riaux de haute qualit\u00e9, assurant \u00e0 la fois confort et efficacit\u00e9 lors de leur utilisation.<\/p>\n<p>Avec les bandes d&#8217;entra\u00eenement Ostrovit, optez pour un choix naturel et pratique qui s&#8217;int\u00e8gre harmonieusement dans votre style de vie actif sans compromettre la qualit\u00e9.<\/p>\n","protected":false},"excerpt":{"rendered":"<p>Ostrovit training Bands 4 pcs + bag (1 pc) D\u00e9couvrez les bandes d&#8217;entra\u00eenement Ostrovit,un choix parfait pour ceux qui appr\u00e9cient des accessoires de qualit\u00e9 dans leur routine quotidienne. Ce set comprend quatre bandes d&#8217;entra\u00eenement accompagn\u00e9es d&#8217;un sac pratique pour un transport et un rangement ais\u00e9s. Caract\u00e9ristiques du produit : Marque : Ostrovit Contenu : 4 [&#8230;]\n","protected":false},"featured_media":271667,"comment_status":"closed","ping_status":"open","template":"","meta":[],"product_brand":[5326],"product_cat":[5052],"product_tag":[],"class_list":{"0":"post-298020","1":"product","2":"type-product","3":"status-publish","4":"has-post-thumbnail","6":"product_brand-ostrovit-2","7":"product_cat-sante-et-bien-etre","9":"first","10":"instock","11":"taxable","12":"shipping-taxable","13":"purchasable","14":"product-type-simple"},"yoast_head":"<!-- This site is optimized with the Yoast SEO Premium plugin v27.3 (Yoast SEO v27.3) - https:\/\/yoast.com\/product\/yoast-seo-premium-wordpress\/ -->\n<title>Bandes d&#039;entra\u00eenement Ostrovit 4 pi\u00e8ces + sac (1 pi\u00e8ce) - ECO Supplements<\/title>\n<meta name=\"description\" content=\"Wij hebben een ruime keuze aan producten van Bandes d&#039;entra\u00eenement Ostrovit 4 pi\u00e8ces + sac (1 pi\u00e8ce) . Winkel bij Eco Supplements altijd gratis verzending boven 100\u20ac\" \/>\n<meta name=\"robots\" content=\"index, follow, max-snippet:-1, max-image-preview:large, max-video-preview:-1\" \/>\n<link rel=\"canonical\" href=\"https:\/\/ecosupplements.be\/fr\/produit\/ostrovit-training-bands-4-pcs-bag-1-pc\/\" \/>\n<meta property=\"og:locale\" content=\"fr_FR\" \/>\n<meta property=\"og:type\" content=\"article\" \/>\n<meta property=\"og:title\" content=\"Bandes d&#039;entra\u00eenement Ostrovit 4 pi\u00e8ces + sac (1 pi\u00e8ce)\" \/>\n<meta property=\"og:description\" content=\"Wij hebben een ruime keuze aan producten van Bandes d&#039;entra\u00eenement Ostrovit 4 pi\u00e8ces + sac (1 pi\u00e8ce) . Winkel bij Eco Supplements altijd gratis verzending boven 100\u20ac\" \/>\n<meta property=\"og:url\" content=\"https:\/\/ecosupplements.be\/fr\/produit\/ostrovit-training-bands-4-pcs-bag-1-pc\/\" \/>\n<meta property=\"og:site_name\" content=\"ECO Supplements\" \/>\n<meta property=\"article:modified_time\" content=\"2025-08-28T00:57:04+00:00\" \/>\n<meta property=\"og:image\" content=\"https:\/\/ecosupplements.be\/wp-content\/uploads\/2025\/08\/Ostrovit-Ostrovit-Training-Bands-4-pcs-bag-1-pc.webp\" \/>\n\t<meta property=\"og:image:width\" content=\"1000\" \/>\n\t<meta property=\"og:image:height\" content=\"1000\" \/>\n\t<meta property=\"og:image:type\" content=\"image\/webp\" \/>\n<meta name=\"twitter:card\" content=\"summary_large_image\" \/>\n<meta name=\"twitter:label1\" content=\"Prix\" \/>\n\t<meta name=\"twitter:data1\" content=\"3.98&nbsp;&euro;\" \/>\n\t<meta name=\"twitter:label2\" content=\"Disponibilit\u00e9\" \/>\n\t<meta name=\"twitter:data2\" content=\"En stock\" \/>\n<script type=\"application\/ld+json\" class=\"yoast-schema-graph\">{\"@context\":\"https:\\\/\\\/schema.org\",\"@graph\":[{\"@type\":[\"WebPage\",\"ItemPage\"],\"@id\":\"https:\\\/\\\/ecosupplements.be\\\/fr\\\/produit\\\/ostrovit-training-bands-4-pcs-bag-1-pc\\\/\",\"url\":\"https:\\\/\\\/ecosupplements.be\\\/fr\\\/produit\\\/ostrovit-training-bands-4-pcs-bag-1-pc\\\/\",\"name\":\"Bandes d'entra\u00eenement Ostrovit 4 pi\u00e8ces + sac (1 pi\u00e8ce) - ECO Supplements\",\"isPartOf\":{\"@id\":\"https:\\\/\\\/ecosupplements.be\\\/fr\\\/#website\"},\"primaryImageOfPage\":{\"@id\":\"https:\\\/\\\/ecosupplements.be\\\/fr\\\/produit\\\/ostrovit-training-bands-4-pcs-bag-1-pc\\\/#primaryimage\"},\"image\":{\"@id\":\"https:\\\/\\\/ecosupplements.be\\\/fr\\\/produit\\\/ostrovit-training-bands-4-pcs-bag-1-pc\\\/#primaryimage\"},\"thumbnailUrl\":\"https:\\\/\\\/ecosupplements.be\\\/wp-content\\\/uploads\\\/2025\\\/08\\\/Training-Bands-4pcs-and-Bag_2.webp\",\"datePublished\":\"2025-06-24T00:31:08+00:00\",\"dateModified\":\"2025-08-28T00:57:04+00:00\",\"description\":\"Wij hebben een ruime keuze aan producten van Bandes d'entra\u00eenement Ostrovit 4 pi\u00e8ces + sac (1 pi\u00e8ce) . Winkel bij Eco Supplements altijd gratis verzending boven 100\u20ac\",\"breadcrumb\":{\"@id\":\"https:\\\/\\\/ecosupplements.be\\\/fr\\\/produit\\\/ostrovit-training-bands-4-pcs-bag-1-pc\\\/#breadcrumb\"},\"inLanguage\":\"fr-FR\",\"potentialAction\":[{\"@type\":\"ReadAction\",\"target\":[\"https:\\\/\\\/ecosupplements.be\\\/fr\\\/produit\\\/ostrovit-training-bands-4-pcs-bag-1-pc\\\/\"]}]},{\"@type\":\"ImageObject\",\"inLanguage\":\"fr-FR\",\"@id\":\"https:\\\/\\\/ecosupplements.be\\\/fr\\\/produit\\\/ostrovit-training-bands-4-pcs-bag-1-pc\\\/#primaryimage\",\"url\":\"https:\\\/\\\/ecosupplements.be\\\/wp-content\\\/uploads\\\/2025\\\/08\\\/Training-Bands-4pcs-and-Bag_2.webp\",\"contentUrl\":\"https:\\\/\\\/ecosupplements.be\\\/wp-content\\\/uploads\\\/2025\\\/08\\\/Training-Bands-4pcs-and-Bag_2.webp\",\"width\":1000,\"height\":1000},{\"@type\":\"BreadcrumbList\",\"@id\":\"https:\\\/\\\/ecosupplements.be\\\/fr\\\/produit\\\/ostrovit-training-bands-4-pcs-bag-1-pc\\\/#breadcrumb\",\"itemListElement\":[{\"@type\":\"ListItem\",\"position\":1,\"name\":\"Home\",\"item\":\"https:\\\/\\\/ecosupplements.be\\\/fr\\\/\"},{\"@type\":\"ListItem\",\"position\":2,\"name\":\"Boutique\",\"item\":\"https:\\\/\\\/ecosupplements.be\\\/fr\\\/boutique\\\/\"},{\"@type\":\"ListItem\",\"position\":3,\"name\":\"Bandes d&#8217;entra\u00eenement Ostrovit 4 pi\u00e8ces + sac (1 pi\u00e8ce)\"}]},{\"@type\":\"WebSite\",\"@id\":\"https:\\\/\\\/ecosupplements.be\\\/fr\\\/#website\",\"url\":\"https:\\\/\\\/ecosupplements.be\\\/fr\\\/\",\"name\":\"ECO Supplements\",\"description\":\"Eco Supplements - Gezonde supplementen\",\"publisher\":{\"@id\":\"https:\\\/\\\/ecosupplements.be\\\/fr\\\/#organization\"},\"potentialAction\":[{\"@type\":\"SearchAction\",\"target\":{\"@type\":\"EntryPoint\",\"urlTemplate\":\"https:\\\/\\\/ecosupplements.be\\\/fr\\\/?s={search_term_string}\"},\"query-input\":{\"@type\":\"PropertyValueSpecification\",\"valueRequired\":true,\"valueName\":\"search_term_string\"}}],\"inLanguage\":\"fr-FR\"},{\"@type\":\"Organization\",\"@id\":\"https:\\\/\\\/ecosupplements.be\\\/fr\\\/#organization\",\"name\":\"Eco Supplements\",\"url\":\"https:\\\/\\\/ecosupplements.be\\\/fr\\\/\",\"logo\":{\"@type\":\"ImageObject\",\"inLanguage\":\"fr-FR\",\"@id\":\"https:\\\/\\\/ecosupplements.be\\\/fr\\\/#\\\/schema\\\/logo\\\/image\\\/\",\"url\":\"https:\\\/\\\/ecosupplements.be\\\/wp-content\\\/uploads\\\/2022\\\/06\\\/ecosupplement-family.png\",\"contentUrl\":\"https:\\\/\\\/ecosupplements.be\\\/wp-content\\\/uploads\\\/2022\\\/06\\\/ecosupplement-family.png\",\"width\":593,\"height\":374,\"caption\":\"Eco Supplements\"},\"image\":{\"@id\":\"https:\\\/\\\/ecosupplements.be\\\/fr\\\/#\\\/schema\\\/logo\\\/image\\\/\"}}]}<\/script>\n<meta property=\"product:brand\" content=\"Ostrovit\" \/>\n<meta property=\"product:price:amount\" content=\"3.98\" \/>\n<meta property=\"product:price:currency\" content=\"EUR\" \/>\n<meta property=\"og:availability\" content=\"instock\" \/>\n<meta property=\"product:availability\" content=\"instock\" \/>\n<meta property=\"product:retailer_item_id\" content=\"5903933903736\" \/>\n<meta property=\"product:condition\" content=\"new\" \/>\n<!-- \/ Yoast SEO Premium plugin. -->","yoast_head_json":{"title":"Bandes d'entra\u00eenement Ostrovit 4 pi\u00e8ces + sac (1 pi\u00e8ce) - ECO Supplements","description":"Wij hebben een ruime keuze aan producten van Bandes d'entra\u00eenement Ostrovit 4 pi\u00e8ces + sac (1 pi\u00e8ce) . Winkel bij Eco Supplements altijd gratis verzending boven 100\u20ac","robots":{"index":"index","follow":"follow","max-snippet":"max-snippet:-1","max-image-preview":"max-image-preview:large","max-video-preview":"max-video-preview:-1"},"canonical":"https:\/\/ecosupplements.be\/fr\/produit\/ostrovit-training-bands-4-pcs-bag-1-pc\/","og_locale":"fr_FR","og_type":"article","og_title":"Bandes d'entra\u00eenement Ostrovit 4 pi\u00e8ces + sac (1 pi\u00e8ce)","og_description":"Wij hebben een ruime keuze aan producten van Bandes d'entra\u00eenement Ostrovit 4 pi\u00e8ces + sac (1 pi\u00e8ce) . Winkel bij Eco Supplements altijd gratis verzending boven 100\u20ac","og_url":"https:\/\/ecosupplements.be\/fr\/produit\/ostrovit-training-bands-4-pcs-bag-1-pc\/","og_site_name":"ECO Supplements","article_modified_time":"2025-08-28T00:57:04+00:00","og_image":[{"width":1000,"height":1000,"url":"https:\/\/ecosupplements.be\/wp-content\/uploads\/2025\/08\/Ostrovit-Ostrovit-Training-Bands-4-pcs-bag-1-pc.webp","type":"image\/webp"}],"twitter_card":"summary_large_image","twitter_misc":{"Prix":"3.98&nbsp;&euro;","Disponibilit\u00e9":"En stock"},"schema":{"@context":"https:\/\/schema.org","@graph":[{"@type":["WebPage","ItemPage"],"@id":"https:\/\/ecosupplements.be\/fr\/produit\/ostrovit-training-bands-4-pcs-bag-1-pc\/","url":"https:\/\/ecosupplements.be\/fr\/produit\/ostrovit-training-bands-4-pcs-bag-1-pc\/","name":"Bandes d'entra\u00eenement Ostrovit 4 pi\u00e8ces + sac (1 pi\u00e8ce) - ECO Supplements","isPartOf":{"@id":"https:\/\/ecosupplements.be\/fr\/#website"},"primaryImageOfPage":{"@id":"https:\/\/ecosupplements.be\/fr\/produit\/ostrovit-training-bands-4-pcs-bag-1-pc\/#primaryimage"},"image":{"@id":"https:\/\/ecosupplements.be\/fr\/produit\/ostrovit-training-bands-4-pcs-bag-1-pc\/#primaryimage"},"thumbnailUrl":"https:\/\/ecosupplements.be\/wp-content\/uploads\/2025\/08\/Training-Bands-4pcs-and-Bag_2.webp","datePublished":"2025-06-24T00:31:08+00:00","dateModified":"2025-08-28T00:57:04+00:00","description":"Wij hebben een ruime keuze aan producten van Bandes d'entra\u00eenement Ostrovit 4 pi\u00e8ces + sac (1 pi\u00e8ce) . Winkel bij Eco Supplements altijd gratis verzending boven 100\u20ac","breadcrumb":{"@id":"https:\/\/ecosupplements.be\/fr\/produit\/ostrovit-training-bands-4-pcs-bag-1-pc\/#breadcrumb"},"inLanguage":"fr-FR","potentialAction":[{"@type":"ReadAction","target":["https:\/\/ecosupplements.be\/fr\/produit\/ostrovit-training-bands-4-pcs-bag-1-pc\/"]}]},{"@type":"ImageObject","inLanguage":"fr-FR","@id":"https:\/\/ecosupplements.be\/fr\/produit\/ostrovit-training-bands-4-pcs-bag-1-pc\/#primaryimage","url":"https:\/\/ecosupplements.be\/wp-content\/uploads\/2025\/08\/Training-Bands-4pcs-and-Bag_2.webp","contentUrl":"https:\/\/ecosupplements.be\/wp-content\/uploads\/2025\/08\/Training-Bands-4pcs-and-Bag_2.webp","width":1000,"height":1000},{"@type":"BreadcrumbList","@id":"https:\/\/ecosupplements.be\/fr\/produit\/ostrovit-training-bands-4-pcs-bag-1-pc\/#breadcrumb","itemListElement":[{"@type":"ListItem","position":1,"name":"Home","item":"https:\/\/ecosupplements.be\/fr\/"},{"@type":"ListItem","position":2,"name":"Boutique","item":"https:\/\/ecosupplements.be\/fr\/boutique\/"},{"@type":"ListItem","position":3,"name":"Bandes d&#8217;entra\u00eenement Ostrovit 4 pi\u00e8ces + sac (1 pi\u00e8ce)"}]},{"@type":"WebSite","@id":"https:\/\/ecosupplements.be\/fr\/#website","url":"https:\/\/ecosupplements.be\/fr\/","name":"ECO Supplements","description":"Eco Supplements - Gezonde supplementen","publisher":{"@id":"https:\/\/ecosupplements.be\/fr\/#organization"},"potentialAction":[{"@type":"SearchAction","target":{"@type":"EntryPoint","urlTemplate":"https:\/\/ecosupplements.be\/fr\/?s={search_term_string}"},"query-input":{"@type":"PropertyValueSpecification","valueRequired":true,"valueName":"search_term_string"}}],"inLanguage":"fr-FR"},{"@type":"Organization","@id":"https:\/\/ecosupplements.be\/fr\/#organization","name":"Eco Supplements","url":"https:\/\/ecosupplements.be\/fr\/","logo":{"@type":"ImageObject","inLanguage":"fr-FR","@id":"https:\/\/ecosupplements.be\/fr\/#\/schema\/logo\/image\/","url":"https:\/\/ecosupplements.be\/wp-content\/uploads\/2022\/06\/ecosupplement-family.png","contentUrl":"https:\/\/ecosupplements.be\/wp-content\/uploads\/2022\/06\/ecosupplement-family.png","width":593,"height":374,"caption":"Eco Supplements"},"image":{"@id":"https:\/\/ecosupplements.be\/fr\/#\/schema\/logo\/image\/"}}]},"product_brand":"Ostrovit","product_price_amount":"3.98","product_price_currency":"EUR","og_availability":"instock","product_availability":"instock","product_retailer_item_id":"5903933903736","product_condition":"new"},"_links":{"self":[{"href":"https:\/\/ecosupplements.be\/fr\/wp-json\/wp\/v2\/product\/298020","targetHints":{"allow":["GET"]}}],"collection":[{"href":"https:\/\/ecosupplements.be\/fr\/wp-json\/wp\/v2\/product"}],"about":[{"href":"https:\/\/ecosupplements.be\/fr\/wp-json\/wp\/v2\/types\/product"}],"replies":[{"embeddable":true,"href":"https:\/\/ecosupplements.be\/fr\/wp-json\/wp\/v2\/comments?post=298020"}],"wp:featuredmedia":[{"embeddable":true,"href":"https:\/\/ecosupplements.be\/fr\/wp-json\/wp\/v2\/media\/271667"}],"wp:attachment":[{"href":"https:\/\/ecosupplements.be\/fr\/wp-json\/wp\/v2\/media?parent=298020"}],"wp:term":[{"taxonomy":"product_brand","embeddable":true,"href":"https:\/\/ecosupplements.be\/fr\/wp-json\/wp\/v2\/product_brand?post=298020"},{"taxonomy":"product_cat","embeddable":true,"href":"https:\/\/ecosupplements.be\/fr\/wp-json\/wp\/v2\/product_cat?post=298020"},{"taxonomy":"product_tag","embeddable":true,"href":"https:\/\/ecosupplements.be\/fr\/wp-json\/wp\/v2\/product_tag?post=298020"}],"curies":[{"name":"wp","href":"https:\/\/api.w.org\/{rel}","templated":true}]}}