{"id":298148,"date":"2025-06-24T02:45:13","date_gmt":"2025-06-24T01:45:13","guid":{"rendered":"https:\/\/ecosupplements.be\/product\/usa-medical-chondractiv-type-ii-collagen-90-capsules\/"},"modified":"2025-08-28T01:58:47","modified_gmt":"2025-08-28T00:58:47","slug":"usa-medical-chondractiv-type-ii-collagen-90-capsules","status":"publish","type":"product","link":"https:\/\/ecosupplements.be\/fr\/produit\/usa-medical-chondractiv-type-ii-collagen-90-capsules\/","title":{"rendered":"ChondrActiv\u2122 Collag\u00e8ne de Type II M\u00e9dical des \u00c9tats-Unis (90 Capsules)"},"content":{"rendered":"<h2>USA medical ChondrActiv\u2122 Type II Collagen (90 Capsules)<\/h2>\n<p>D\u00e9couvrez le choix naturel pour votre quotidien avec les capsules de ChondrActiv\u2122 Type II Collagen de USA medical. Ce produit est con\u00e7u pour s&#8217;int\u00e9grer harmonieusement \u00e0 un mode de vie actif, mettant en avant des ingr\u00e9dients d&#8217;origine naturelle.<\/p>\n<p>ces capsules contiennent du collag\u00e8ne de type II, extrait selon des proc\u00e9d\u00e9s qui pr\u00e9servent sa puret\u00e9 et sa qualit\u00e9. Le collag\u00e8ne utilis\u00e9 est choisi pour ses caract\u00e9ristiques exceptionnelles, sans aucune transformation alt\u00e9rant ses propri\u00e9t\u00e9s originelles.<\/p>\n<p><strong>Contenu et emballage :<\/strong> Chaque bo\u00eete contient 90 capsules faciles \u00e0 utiliser, con\u00e7ues pour \u00eatre int\u00e9gr\u00e9es simplement dans votre routine quotidienne.<\/p>\n<p><strong>Ingr\u00e9dients principaux :<\/strong> Collag\u00e8ne de type II. Les composants sont s\u00e9lectionn\u00e9s avec soin pour leur qualit\u00e9 sup\u00e9rieure et leur origine contr\u00f4l\u00e9e.<\/p>\n<p><strong>Utilisation :<\/strong> Pour une utilisation optimale, suivre les indications sur l&#8217;emballage ou consulter les recommandations d&#8217;usage g\u00e9n\u00e9ral.<\/p>\n<p>Ce produit est un excellent choix pour ceux qui appr\u00e9cient les ingr\u00e9dients purs et naturels dans leur r\u00e9gime quotidien. Il se distingue par son format pratique qui facilite son incorporation dans votre routine bien remplie.<\/p>\n","protected":false},"excerpt":{"rendered":"<p>USA medical ChondrActiv\u2122 Type II Collagen (90 Capsules) D\u00e9couvrez le choix naturel pour votre quotidien avec les capsules de ChondrActiv\u2122 Type II Collagen de USA medical. Ce produit est con\u00e7u pour s&#8217;int\u00e9grer harmonieusement \u00e0 un mode de vie actif, mettant en avant des ingr\u00e9dients d&#8217;origine naturelle. ces capsules contiennent du collag\u00e8ne de type II, extrait [&#8230;]\n","protected":false},"featured_media":271772,"comment_status":"closed","ping_status":"open","template":"","meta":[],"product_brand":[5331],"product_cat":[5052],"product_tag":[],"class_list":{"0":"post-298148","1":"product","2":"type-product","3":"status-publish","4":"has-post-thumbnail","6":"product_brand-usa-medical-2","7":"product_cat-sante-et-bien-etre","9":"first","10":"instock","11":"taxable","12":"shipping-taxable","13":"purchasable","14":"product-type-simple"},"yoast_head":"<!-- This site is optimized with the Yoast SEO Premium plugin v27.3 (Yoast SEO v27.3) - https:\/\/yoast.com\/product\/yoast-seo-premium-wordpress\/ -->\n<title>ChondrActiv\u2122 Collag\u00e8ne de Type II M\u00e9dical des \u00c9tats-Unis (90 Capsules) - ECO Supplements<\/title>\n<meta name=\"description\" content=\"Wij hebben een ruime keuze aan producten van ChondrActiv\u2122 Collag\u00e8ne de Type II M\u00e9dical des \u00c9tats-Unis (90 Capsules) . Winkel bij Eco Supplements altijd gratis verzending boven 100\u20ac\" \/>\n<meta name=\"robots\" content=\"index, follow, max-snippet:-1, max-image-preview:large, max-video-preview:-1\" \/>\n<link rel=\"canonical\" href=\"https:\/\/ecosupplements.be\/fr\/produit\/usa-medical-chondractiv-type-ii-collagen-90-capsules\/\" \/>\n<meta property=\"og:locale\" content=\"fr_FR\" \/>\n<meta property=\"og:type\" content=\"article\" \/>\n<meta property=\"og:title\" content=\"ChondrActiv\u2122 Collag\u00e8ne de Type II M\u00e9dical des \u00c9tats-Unis (90 Capsules)\" \/>\n<meta property=\"og:description\" content=\"Wij hebben een ruime keuze aan producten van ChondrActiv\u2122 Collag\u00e8ne de Type II M\u00e9dical des \u00c9tats-Unis (90 Capsules) . Winkel bij Eco Supplements altijd gratis verzending boven 100\u20ac\" \/>\n<meta property=\"og:url\" content=\"https:\/\/ecosupplements.be\/fr\/produit\/usa-medical-chondractiv-type-ii-collagen-90-capsules\/\" \/>\n<meta property=\"og:site_name\" content=\"ECO Supplements\" \/>\n<meta property=\"article:modified_time\" content=\"2025-08-28T00:58:47+00:00\" \/>\n<meta property=\"og:image\" content=\"https:\/\/ecosupplements.be\/wp-content\/uploads\/2025\/08\/USA-medical-USA-medical-ChondrActiv\u2122-Type-II-Collagen-90-Capsules.webp\" \/>\n\t<meta property=\"og:image:width\" content=\"1000\" \/>\n\t<meta property=\"og:image:height\" content=\"1000\" \/>\n\t<meta property=\"og:image:type\" content=\"image\/webp\" \/>\n<meta name=\"twitter:card\" content=\"summary_large_image\" \/>\n<meta name=\"twitter:label1\" content=\"Prix\" \/>\n\t<meta name=\"twitter:data1\" content=\"23.67&nbsp;&euro;\" \/>\n\t<meta name=\"twitter:label2\" content=\"Disponibilit\u00e9\" \/>\n\t<meta name=\"twitter:data2\" content=\"En stock\" \/>\n<script type=\"application\/ld+json\" class=\"yoast-schema-graph\">{\"@context\":\"https:\\\/\\\/schema.org\",\"@graph\":[{\"@type\":[\"WebPage\",\"ItemPage\"],\"@id\":\"https:\\\/\\\/ecosupplements.be\\\/fr\\\/produit\\\/usa-medical-chondractiv-type-ii-collagen-90-capsules\\\/\",\"url\":\"https:\\\/\\\/ecosupplements.be\\\/fr\\\/produit\\\/usa-medical-chondractiv-type-ii-collagen-90-capsules\\\/\",\"name\":\"ChondrActiv\u2122 Collag\u00e8ne de Type II M\u00e9dical des \u00c9tats-Unis (90 Capsules) - ECO Supplements\",\"isPartOf\":{\"@id\":\"https:\\\/\\\/ecosupplements.be\\\/fr\\\/#website\"},\"primaryImageOfPage\":{\"@id\":\"https:\\\/\\\/ecosupplements.be\\\/fr\\\/produit\\\/usa-medical-chondractiv-type-ii-collagen-90-capsules\\\/#primaryimage\"},\"image\":{\"@id\":\"https:\\\/\\\/ecosupplements.be\\\/fr\\\/produit\\\/usa-medical-chondractiv-type-ii-collagen-90-capsules\\\/#primaryimage\"},\"thumbnailUrl\":\"https:\\\/\\\/ecosupplements.be\\\/wp-content\\\/uploads\\\/2025\\\/08\\\/USAMEDICAL-CHONDRACTIV-TYPE-2-COLLAGEN-90db_SUPP.webp\",\"datePublished\":\"2025-06-24T01:45:13+00:00\",\"dateModified\":\"2025-08-28T00:58:47+00:00\",\"description\":\"Wij hebben een ruime keuze aan producten van ChondrActiv\u2122 Collag\u00e8ne de Type II M\u00e9dical des \u00c9tats-Unis (90 Capsules) . Winkel bij Eco Supplements altijd gratis verzending boven 100\u20ac\",\"breadcrumb\":{\"@id\":\"https:\\\/\\\/ecosupplements.be\\\/fr\\\/produit\\\/usa-medical-chondractiv-type-ii-collagen-90-capsules\\\/#breadcrumb\"},\"inLanguage\":\"fr-FR\",\"potentialAction\":[{\"@type\":\"ReadAction\",\"target\":[\"https:\\\/\\\/ecosupplements.be\\\/fr\\\/produit\\\/usa-medical-chondractiv-type-ii-collagen-90-capsules\\\/\"]}]},{\"@type\":\"ImageObject\",\"inLanguage\":\"fr-FR\",\"@id\":\"https:\\\/\\\/ecosupplements.be\\\/fr\\\/produit\\\/usa-medical-chondractiv-type-ii-collagen-90-capsules\\\/#primaryimage\",\"url\":\"https:\\\/\\\/ecosupplements.be\\\/wp-content\\\/uploads\\\/2025\\\/08\\\/USAMEDICAL-CHONDRACTIV-TYPE-2-COLLAGEN-90db_SUPP.webp\",\"contentUrl\":\"https:\\\/\\\/ecosupplements.be\\\/wp-content\\\/uploads\\\/2025\\\/08\\\/USAMEDICAL-CHONDRACTIV-TYPE-2-COLLAGEN-90db_SUPP.webp\",\"width\":1000,\"height\":1000},{\"@type\":\"BreadcrumbList\",\"@id\":\"https:\\\/\\\/ecosupplements.be\\\/fr\\\/produit\\\/usa-medical-chondractiv-type-ii-collagen-90-capsules\\\/#breadcrumb\",\"itemListElement\":[{\"@type\":\"ListItem\",\"position\":1,\"name\":\"Home\",\"item\":\"https:\\\/\\\/ecosupplements.be\\\/fr\\\/\"},{\"@type\":\"ListItem\",\"position\":2,\"name\":\"Boutique\",\"item\":\"https:\\\/\\\/ecosupplements.be\\\/fr\\\/boutique\\\/\"},{\"@type\":\"ListItem\",\"position\":3,\"name\":\"ChondrActiv\u2122 Collag\u00e8ne de Type II M\u00e9dical des \u00c9tats-Unis (90 Capsules)\"}]},{\"@type\":\"WebSite\",\"@id\":\"https:\\\/\\\/ecosupplements.be\\\/fr\\\/#website\",\"url\":\"https:\\\/\\\/ecosupplements.be\\\/fr\\\/\",\"name\":\"ECO Supplements\",\"description\":\"Eco Supplements - Gezonde supplementen\",\"publisher\":{\"@id\":\"https:\\\/\\\/ecosupplements.be\\\/fr\\\/#organization\"},\"potentialAction\":[{\"@type\":\"SearchAction\",\"target\":{\"@type\":\"EntryPoint\",\"urlTemplate\":\"https:\\\/\\\/ecosupplements.be\\\/fr\\\/?s={search_term_string}\"},\"query-input\":{\"@type\":\"PropertyValueSpecification\",\"valueRequired\":true,\"valueName\":\"search_term_string\"}}],\"inLanguage\":\"fr-FR\"},{\"@type\":\"Organization\",\"@id\":\"https:\\\/\\\/ecosupplements.be\\\/fr\\\/#organization\",\"name\":\"Eco Supplements\",\"url\":\"https:\\\/\\\/ecosupplements.be\\\/fr\\\/\",\"logo\":{\"@type\":\"ImageObject\",\"inLanguage\":\"fr-FR\",\"@id\":\"https:\\\/\\\/ecosupplements.be\\\/fr\\\/#\\\/schema\\\/logo\\\/image\\\/\",\"url\":\"https:\\\/\\\/ecosupplements.be\\\/wp-content\\\/uploads\\\/2022\\\/06\\\/ecosupplement-family.png\",\"contentUrl\":\"https:\\\/\\\/ecosupplements.be\\\/wp-content\\\/uploads\\\/2022\\\/06\\\/ecosupplement-family.png\",\"width\":593,\"height\":374,\"caption\":\"Eco Supplements\"},\"image\":{\"@id\":\"https:\\\/\\\/ecosupplements.be\\\/fr\\\/#\\\/schema\\\/logo\\\/image\\\/\"}}]}<\/script>\n<meta property=\"product:brand\" content=\"USA medical\" \/>\n<meta property=\"product:price:amount\" content=\"23.67\" \/>\n<meta property=\"product:price:currency\" content=\"EUR\" \/>\n<meta property=\"og:availability\" content=\"instock\" \/>\n<meta property=\"product:availability\" content=\"instock\" \/>\n<meta property=\"product:retailer_item_id\" content=\"5999860835240\" \/>\n<meta property=\"product:condition\" content=\"new\" \/>\n<!-- \/ Yoast SEO Premium plugin. -->","yoast_head_json":{"title":"ChondrActiv\u2122 Collag\u00e8ne de Type II M\u00e9dical des \u00c9tats-Unis (90 Capsules) - ECO Supplements","description":"Wij hebben een ruime keuze aan producten van ChondrActiv\u2122 Collag\u00e8ne de Type II M\u00e9dical des \u00c9tats-Unis (90 Capsules) . Winkel bij Eco Supplements altijd gratis verzending boven 100\u20ac","robots":{"index":"index","follow":"follow","max-snippet":"max-snippet:-1","max-image-preview":"max-image-preview:large","max-video-preview":"max-video-preview:-1"},"canonical":"https:\/\/ecosupplements.be\/fr\/produit\/usa-medical-chondractiv-type-ii-collagen-90-capsules\/","og_locale":"fr_FR","og_type":"article","og_title":"ChondrActiv\u2122 Collag\u00e8ne de Type II M\u00e9dical des \u00c9tats-Unis (90 Capsules)","og_description":"Wij hebben een ruime keuze aan producten van ChondrActiv\u2122 Collag\u00e8ne de Type II M\u00e9dical des \u00c9tats-Unis (90 Capsules) . Winkel bij Eco Supplements altijd gratis verzending boven 100\u20ac","og_url":"https:\/\/ecosupplements.be\/fr\/produit\/usa-medical-chondractiv-type-ii-collagen-90-capsules\/","og_site_name":"ECO Supplements","article_modified_time":"2025-08-28T00:58:47+00:00","og_image":[{"width":1000,"height":1000,"url":"https:\/\/ecosupplements.be\/wp-content\/uploads\/2025\/08\/USA-medical-USA-medical-ChondrActiv\u2122-Type-II-Collagen-90-Capsules.webp","type":"image\/webp"}],"twitter_card":"summary_large_image","twitter_misc":{"Prix":"23.67&nbsp;&euro;","Disponibilit\u00e9":"En stock"},"schema":{"@context":"https:\/\/schema.org","@graph":[{"@type":["WebPage","ItemPage"],"@id":"https:\/\/ecosupplements.be\/fr\/produit\/usa-medical-chondractiv-type-ii-collagen-90-capsules\/","url":"https:\/\/ecosupplements.be\/fr\/produit\/usa-medical-chondractiv-type-ii-collagen-90-capsules\/","name":"ChondrActiv\u2122 Collag\u00e8ne de Type II M\u00e9dical des \u00c9tats-Unis (90 Capsules) - ECO Supplements","isPartOf":{"@id":"https:\/\/ecosupplements.be\/fr\/#website"},"primaryImageOfPage":{"@id":"https:\/\/ecosupplements.be\/fr\/produit\/usa-medical-chondractiv-type-ii-collagen-90-capsules\/#primaryimage"},"image":{"@id":"https:\/\/ecosupplements.be\/fr\/produit\/usa-medical-chondractiv-type-ii-collagen-90-capsules\/#primaryimage"},"thumbnailUrl":"https:\/\/ecosupplements.be\/wp-content\/uploads\/2025\/08\/USAMEDICAL-CHONDRACTIV-TYPE-2-COLLAGEN-90db_SUPP.webp","datePublished":"2025-06-24T01:45:13+00:00","dateModified":"2025-08-28T00:58:47+00:00","description":"Wij hebben een ruime keuze aan producten van ChondrActiv\u2122 Collag\u00e8ne de Type II M\u00e9dical des \u00c9tats-Unis (90 Capsules) . Winkel bij Eco Supplements altijd gratis verzending boven 100\u20ac","breadcrumb":{"@id":"https:\/\/ecosupplements.be\/fr\/produit\/usa-medical-chondractiv-type-ii-collagen-90-capsules\/#breadcrumb"},"inLanguage":"fr-FR","potentialAction":[{"@type":"ReadAction","target":["https:\/\/ecosupplements.be\/fr\/produit\/usa-medical-chondractiv-type-ii-collagen-90-capsules\/"]}]},{"@type":"ImageObject","inLanguage":"fr-FR","@id":"https:\/\/ecosupplements.be\/fr\/produit\/usa-medical-chondractiv-type-ii-collagen-90-capsules\/#primaryimage","url":"https:\/\/ecosupplements.be\/wp-content\/uploads\/2025\/08\/USAMEDICAL-CHONDRACTIV-TYPE-2-COLLAGEN-90db_SUPP.webp","contentUrl":"https:\/\/ecosupplements.be\/wp-content\/uploads\/2025\/08\/USAMEDICAL-CHONDRACTIV-TYPE-2-COLLAGEN-90db_SUPP.webp","width":1000,"height":1000},{"@type":"BreadcrumbList","@id":"https:\/\/ecosupplements.be\/fr\/produit\/usa-medical-chondractiv-type-ii-collagen-90-capsules\/#breadcrumb","itemListElement":[{"@type":"ListItem","position":1,"name":"Home","item":"https:\/\/ecosupplements.be\/fr\/"},{"@type":"ListItem","position":2,"name":"Boutique","item":"https:\/\/ecosupplements.be\/fr\/boutique\/"},{"@type":"ListItem","position":3,"name":"ChondrActiv\u2122 Collag\u00e8ne de Type II M\u00e9dical des \u00c9tats-Unis (90 Capsules)"}]},{"@type":"WebSite","@id":"https:\/\/ecosupplements.be\/fr\/#website","url":"https:\/\/ecosupplements.be\/fr\/","name":"ECO Supplements","description":"Eco Supplements - Gezonde supplementen","publisher":{"@id":"https:\/\/ecosupplements.be\/fr\/#organization"},"potentialAction":[{"@type":"SearchAction","target":{"@type":"EntryPoint","urlTemplate":"https:\/\/ecosupplements.be\/fr\/?s={search_term_string}"},"query-input":{"@type":"PropertyValueSpecification","valueRequired":true,"valueName":"search_term_string"}}],"inLanguage":"fr-FR"},{"@type":"Organization","@id":"https:\/\/ecosupplements.be\/fr\/#organization","name":"Eco Supplements","url":"https:\/\/ecosupplements.be\/fr\/","logo":{"@type":"ImageObject","inLanguage":"fr-FR","@id":"https:\/\/ecosupplements.be\/fr\/#\/schema\/logo\/image\/","url":"https:\/\/ecosupplements.be\/wp-content\/uploads\/2022\/06\/ecosupplement-family.png","contentUrl":"https:\/\/ecosupplements.be\/wp-content\/uploads\/2022\/06\/ecosupplement-family.png","width":593,"height":374,"caption":"Eco Supplements"},"image":{"@id":"https:\/\/ecosupplements.be\/fr\/#\/schema\/logo\/image\/"}}]},"product_brand":"USA medical","product_price_amount":"23.67","product_price_currency":"EUR","og_availability":"instock","product_availability":"instock","product_retailer_item_id":"5999860835240","product_condition":"new"},"_links":{"self":[{"href":"https:\/\/ecosupplements.be\/fr\/wp-json\/wp\/v2\/product\/298148","targetHints":{"allow":["GET"]}}],"collection":[{"href":"https:\/\/ecosupplements.be\/fr\/wp-json\/wp\/v2\/product"}],"about":[{"href":"https:\/\/ecosupplements.be\/fr\/wp-json\/wp\/v2\/types\/product"}],"replies":[{"embeddable":true,"href":"https:\/\/ecosupplements.be\/fr\/wp-json\/wp\/v2\/comments?post=298148"}],"wp:featuredmedia":[{"embeddable":true,"href":"https:\/\/ecosupplements.be\/fr\/wp-json\/wp\/v2\/media\/271772"}],"wp:attachment":[{"href":"https:\/\/ecosupplements.be\/fr\/wp-json\/wp\/v2\/media?parent=298148"}],"wp:term":[{"taxonomy":"product_brand","embeddable":true,"href":"https:\/\/ecosupplements.be\/fr\/wp-json\/wp\/v2\/product_brand?post=298148"},{"taxonomy":"product_cat","embeddable":true,"href":"https:\/\/ecosupplements.be\/fr\/wp-json\/wp\/v2\/product_cat?post=298148"},{"taxonomy":"product_tag","embeddable":true,"href":"https:\/\/ecosupplements.be\/fr\/wp-json\/wp\/v2\/product_tag?post=298148"}],"curies":[{"name":"wp","href":"https:\/\/api.w.org\/{rel}","templated":true}]}}