{"id":298154,"date":"2025-06-25T18:30:23","date_gmt":"2025-06-25T17:30:23","guid":{"rendered":"https:\/\/ecosupplements.be\/product\/usa-medical-collagen-complex-collagen-capsule-with-5-types-of-collagen-60-capsules\/"},"modified":"2025-08-28T01:58:51","modified_gmt":"2025-08-28T00:58:51","slug":"usa-medical-collagen-complex-collagen-capsule-with-5-types-of-collagen-60-capsules","status":"publish","type":"product","link":"https:\/\/ecosupplements.be\/fr\/produit\/usa-medical-collagen-complex-collagen-capsule-with-5-types-of-collagen-60-capsules\/","title":{"rendered":"Complexe de Collag\u00e8ne M\u00e9dical des \u00c9tats-Unis &#8211; Capsule de Collag\u00e8ne avec 5 Types de Collag\u00e8ne (60 Capsules)"},"content":{"rendered":"<h2>USA medical Collagen Complex &#8211; Capsules de collag\u00e8ne avec 5 Types de Collag\u00e8ne (60 Capsules)<\/h2>\n<p>D\u00e9couvrez les capsules USA medical Collagen Complex, un choix parfait pour ceux qui appr\u00e9cient les ingr\u00e9dients naturels dans leur quotidien. Chaque capsule est formul\u00e9e avec une s\u00e9lection de cinq types diff\u00e9rents de collag\u00e8ne d&#8217;origine naturelle, garantissant une grande puret\u00e9 et qualit\u00e9.<\/p>\n<p>Ce produit est con\u00e7u pour s&#8217;int\u00e9grer facilement \u00e0 votre routine quotidienne gr\u00e2ce \u00e0 son format pratique. Les capsules sont faciles \u00e0 consommer et sont pr\u00e9sent\u00e9es dans un emballage contenant 60 unit\u00e9s, id\u00e9al pour un mois d&#8217;utilisation r\u00e9guli\u00e8re.<\/p>\n<p><strong>Ingr\u00e9dients principaux :<\/strong> Ce complexe comprend uniquement des composants naturels soigneusement s\u00e9lectionn\u00e9s pour leur qualit\u00e9 sup\u00e9rieure.<\/p>\n<p><strong>Utilisation :<\/strong> Pour une utilisation optimale, suivre la dose journali\u00e8re recommand\u00e9e indiqu\u00e9e sur l&#8217;emballage.<\/p>\n<p>Ces capsules sont un excellent choix pour compl\u00e9menter votre mode de vie \u00e9quilibr\u00e9 et actif sans pr\u00e9tendre \u00e0 des effets m\u00e9dicaux ou th\u00e9rapeutiques. Elles se marient bien avec une alimentation vari\u00e9e et \u00e9quilibr\u00e9e ainsi qu&#8217;une routine r\u00e9guli\u00e8re d&#8217;activit\u00e9s physiques.<\/p>\n<p>Avec USA medical Collagen Complex, optez pour la simplicit\u00e9 et la qualit\u00e9 au quotidien!<\/p>\n","protected":false},"excerpt":{"rendered":"<p>USA medical Collagen Complex &#8211; Capsules de collag\u00e8ne avec 5 Types de Collag\u00e8ne (60 Capsules) D\u00e9couvrez les capsules USA medical Collagen Complex, un choix parfait pour ceux qui appr\u00e9cient les ingr\u00e9dients naturels dans leur quotidien. Chaque capsule est formul\u00e9e avec une s\u00e9lection de cinq types diff\u00e9rents de collag\u00e8ne d&#8217;origine naturelle, garantissant une grande puret\u00e9 et [&#8230;]\n","protected":false},"featured_media":272849,"comment_status":"closed","ping_status":"open","template":"","meta":[],"product_brand":[5331],"product_cat":[5052],"product_tag":[],"class_list":{"0":"post-298154","1":"product","2":"type-product","3":"status-publish","4":"has-post-thumbnail","6":"product_brand-usa-medical-2","7":"product_cat-sante-et-bien-etre","9":"first","10":"instock","11":"taxable","12":"shipping-taxable","13":"purchasable","14":"product-type-simple"},"yoast_head":"<!-- This site is optimized with the Yoast SEO Premium plugin v27.3 (Yoast SEO v27.3) - https:\/\/yoast.com\/product\/yoast-seo-premium-wordpress\/ -->\n<title>Complexe de Collag\u00e8ne M\u00e9dical des \u00c9tats-Unis - Capsule de Collag\u00e8ne avec 5 Types de Collag\u00e8ne (60 Capsules) - ECO Supplements<\/title>\n<meta name=\"description\" content=\"Wij hebben een ruime keuze aan producten van Complexe de Collag\u00e8ne M\u00e9dical des \u00c9tats-Unis - Capsule de Collag\u00e8ne avec 5 Types de Collag\u00e8ne (60 Capsules) . Winkel bij Eco Supplements altijd gratis verzending boven 100\u20ac\" \/>\n<meta name=\"robots\" content=\"index, follow, max-snippet:-1, max-image-preview:large, max-video-preview:-1\" \/>\n<link rel=\"canonical\" href=\"https:\/\/ecosupplements.be\/fr\/produit\/usa-medical-collagen-complex-collagen-capsule-with-5-types-of-collagen-60-capsules\/\" \/>\n<meta property=\"og:locale\" content=\"fr_FR\" \/>\n<meta property=\"og:type\" content=\"article\" \/>\n<meta property=\"og:title\" content=\"Complexe de Collag\u00e8ne M\u00e9dical des \u00c9tats-Unis - Capsule de Collag\u00e8ne avec 5 Types de Collag\u00e8ne (60 Capsules)\" \/>\n<meta property=\"og:description\" content=\"Wij hebben een ruime keuze aan producten van Complexe de Collag\u00e8ne M\u00e9dical des \u00c9tats-Unis - Capsule de Collag\u00e8ne avec 5 Types de Collag\u00e8ne (60 Capsules) . Winkel bij Eco Supplements altijd gratis verzending boven 100\u20ac\" \/>\n<meta property=\"og:url\" content=\"https:\/\/ecosupplements.be\/fr\/produit\/usa-medical-collagen-complex-collagen-capsule-with-5-types-of-collagen-60-capsules\/\" \/>\n<meta property=\"og:site_name\" content=\"ECO Supplements\" \/>\n<meta property=\"article:modified_time\" content=\"2025-08-28T00:58:51+00:00\" \/>\n<meta property=\"og:image\" content=\"https:\/\/ecosupplements.be\/wp-content\/uploads\/2025\/08\/USAmedical-Collagen-Complex-kapszula-HIALURONSAVVAL_NEW_60caps_SUPP.webp\" \/>\n\t<meta property=\"og:image:width\" content=\"1000\" \/>\n\t<meta property=\"og:image:height\" content=\"1000\" \/>\n\t<meta property=\"og:image:type\" content=\"image\/webp\" \/>\n<meta name=\"twitter:card\" content=\"summary_large_image\" \/>\n<meta name=\"twitter:label1\" content=\"Prix\" \/>\n\t<meta name=\"twitter:data1\" content=\"11.71&nbsp;&euro;\" \/>\n\t<meta name=\"twitter:label2\" content=\"Disponibilit\u00e9\" \/>\n\t<meta name=\"twitter:data2\" content=\"En stock\" \/>\n<script type=\"application\/ld+json\" class=\"yoast-schema-graph\">{\"@context\":\"https:\\\/\\\/schema.org\",\"@graph\":[{\"@type\":[\"WebPage\",\"ItemPage\"],\"@id\":\"https:\\\/\\\/ecosupplements.be\\\/fr\\\/produit\\\/usa-medical-collagen-complex-collagen-capsule-with-5-types-of-collagen-60-capsules\\\/\",\"url\":\"https:\\\/\\\/ecosupplements.be\\\/fr\\\/produit\\\/usa-medical-collagen-complex-collagen-capsule-with-5-types-of-collagen-60-capsules\\\/\",\"name\":\"Complexe de Collag\u00e8ne M\u00e9dical des \u00c9tats-Unis - Capsule de Collag\u00e8ne avec 5 Types de Collag\u00e8ne (60 Capsules) - ECO Supplements\",\"isPartOf\":{\"@id\":\"https:\\\/\\\/ecosupplements.be\\\/fr\\\/#website\"},\"primaryImageOfPage\":{\"@id\":\"https:\\\/\\\/ecosupplements.be\\\/fr\\\/produit\\\/usa-medical-collagen-complex-collagen-capsule-with-5-types-of-collagen-60-capsules\\\/#primaryimage\"},\"image\":{\"@id\":\"https:\\\/\\\/ecosupplements.be\\\/fr\\\/produit\\\/usa-medical-collagen-complex-collagen-capsule-with-5-types-of-collagen-60-capsules\\\/#primaryimage\"},\"thumbnailUrl\":\"https:\\\/\\\/ecosupplements.be\\\/wp-content\\\/uploads\\\/2025\\\/08\\\/USAmedical-Collagen-Complex-kapszula-HIALURONSAVVAL_NEW_60caps_SUPP.webp\",\"datePublished\":\"2025-06-25T17:30:23+00:00\",\"dateModified\":\"2025-08-28T00:58:51+00:00\",\"description\":\"Wij hebben een ruime keuze aan producten van Complexe de Collag\u00e8ne M\u00e9dical des \u00c9tats-Unis - Capsule de Collag\u00e8ne avec 5 Types de Collag\u00e8ne (60 Capsules) . Winkel bij Eco Supplements altijd gratis verzending boven 100\u20ac\",\"breadcrumb\":{\"@id\":\"https:\\\/\\\/ecosupplements.be\\\/fr\\\/produit\\\/usa-medical-collagen-complex-collagen-capsule-with-5-types-of-collagen-60-capsules\\\/#breadcrumb\"},\"inLanguage\":\"fr-FR\",\"potentialAction\":[{\"@type\":\"ReadAction\",\"target\":[\"https:\\\/\\\/ecosupplements.be\\\/fr\\\/produit\\\/usa-medical-collagen-complex-collagen-capsule-with-5-types-of-collagen-60-capsules\\\/\"]}]},{\"@type\":\"ImageObject\",\"inLanguage\":\"fr-FR\",\"@id\":\"https:\\\/\\\/ecosupplements.be\\\/fr\\\/produit\\\/usa-medical-collagen-complex-collagen-capsule-with-5-types-of-collagen-60-capsules\\\/#primaryimage\",\"url\":\"https:\\\/\\\/ecosupplements.be\\\/wp-content\\\/uploads\\\/2025\\\/08\\\/USAmedical-Collagen-Complex-kapszula-HIALURONSAVVAL_NEW_60caps_SUPP.webp\",\"contentUrl\":\"https:\\\/\\\/ecosupplements.be\\\/wp-content\\\/uploads\\\/2025\\\/08\\\/USAmedical-Collagen-Complex-kapszula-HIALURONSAVVAL_NEW_60caps_SUPP.webp\",\"width\":1000,\"height\":1000},{\"@type\":\"BreadcrumbList\",\"@id\":\"https:\\\/\\\/ecosupplements.be\\\/fr\\\/produit\\\/usa-medical-collagen-complex-collagen-capsule-with-5-types-of-collagen-60-capsules\\\/#breadcrumb\",\"itemListElement\":[{\"@type\":\"ListItem\",\"position\":1,\"name\":\"Home\",\"item\":\"https:\\\/\\\/ecosupplements.be\\\/fr\\\/\"},{\"@type\":\"ListItem\",\"position\":2,\"name\":\"Boutique\",\"item\":\"https:\\\/\\\/ecosupplements.be\\\/fr\\\/boutique\\\/\"},{\"@type\":\"ListItem\",\"position\":3,\"name\":\"Complexe de Collag\u00e8ne M\u00e9dical des \u00c9tats-Unis &#8211; Capsule de Collag\u00e8ne avec 5 Types de Collag\u00e8ne (60 Capsules)\"}]},{\"@type\":\"WebSite\",\"@id\":\"https:\\\/\\\/ecosupplements.be\\\/fr\\\/#website\",\"url\":\"https:\\\/\\\/ecosupplements.be\\\/fr\\\/\",\"name\":\"ECO Supplements\",\"description\":\"Eco Supplements - Gezonde supplementen\",\"publisher\":{\"@id\":\"https:\\\/\\\/ecosupplements.be\\\/fr\\\/#organization\"},\"potentialAction\":[{\"@type\":\"SearchAction\",\"target\":{\"@type\":\"EntryPoint\",\"urlTemplate\":\"https:\\\/\\\/ecosupplements.be\\\/fr\\\/?s={search_term_string}\"},\"query-input\":{\"@type\":\"PropertyValueSpecification\",\"valueRequired\":true,\"valueName\":\"search_term_string\"}}],\"inLanguage\":\"fr-FR\"},{\"@type\":\"Organization\",\"@id\":\"https:\\\/\\\/ecosupplements.be\\\/fr\\\/#organization\",\"name\":\"Eco Supplements\",\"url\":\"https:\\\/\\\/ecosupplements.be\\\/fr\\\/\",\"logo\":{\"@type\":\"ImageObject\",\"inLanguage\":\"fr-FR\",\"@id\":\"https:\\\/\\\/ecosupplements.be\\\/fr\\\/#\\\/schema\\\/logo\\\/image\\\/\",\"url\":\"https:\\\/\\\/ecosupplements.be\\\/wp-content\\\/uploads\\\/2022\\\/06\\\/ecosupplement-family.png\",\"contentUrl\":\"https:\\\/\\\/ecosupplements.be\\\/wp-content\\\/uploads\\\/2022\\\/06\\\/ecosupplement-family.png\",\"width\":593,\"height\":374,\"caption\":\"Eco Supplements\"},\"image\":{\"@id\":\"https:\\\/\\\/ecosupplements.be\\\/fr\\\/#\\\/schema\\\/logo\\\/image\\\/\"}}]}<\/script>\n<meta property=\"product:brand\" content=\"USA medical\" \/>\n<meta property=\"product:price:amount\" content=\"11.71\" \/>\n<meta property=\"product:price:currency\" content=\"EUR\" \/>\n<meta property=\"og:availability\" content=\"instock\" \/>\n<meta property=\"product:availability\" content=\"instock\" \/>\n<meta property=\"product:retailer_item_id\" content=\"5999861931309\" \/>\n<meta property=\"product:condition\" content=\"new\" \/>\n<!-- \/ Yoast SEO Premium plugin. -->","yoast_head_json":{"title":"Complexe de Collag\u00e8ne M\u00e9dical des \u00c9tats-Unis - Capsule de Collag\u00e8ne avec 5 Types de Collag\u00e8ne (60 Capsules) - ECO Supplements","description":"Wij hebben een ruime keuze aan producten van Complexe de Collag\u00e8ne M\u00e9dical des \u00c9tats-Unis - Capsule de Collag\u00e8ne avec 5 Types de Collag\u00e8ne (60 Capsules) . Winkel bij Eco Supplements altijd gratis verzending boven 100\u20ac","robots":{"index":"index","follow":"follow","max-snippet":"max-snippet:-1","max-image-preview":"max-image-preview:large","max-video-preview":"max-video-preview:-1"},"canonical":"https:\/\/ecosupplements.be\/fr\/produit\/usa-medical-collagen-complex-collagen-capsule-with-5-types-of-collagen-60-capsules\/","og_locale":"fr_FR","og_type":"article","og_title":"Complexe de Collag\u00e8ne M\u00e9dical des \u00c9tats-Unis - Capsule de Collag\u00e8ne avec 5 Types de Collag\u00e8ne (60 Capsules)","og_description":"Wij hebben een ruime keuze aan producten van Complexe de Collag\u00e8ne M\u00e9dical des \u00c9tats-Unis - Capsule de Collag\u00e8ne avec 5 Types de Collag\u00e8ne (60 Capsules) . Winkel bij Eco Supplements altijd gratis verzending boven 100\u20ac","og_url":"https:\/\/ecosupplements.be\/fr\/produit\/usa-medical-collagen-complex-collagen-capsule-with-5-types-of-collagen-60-capsules\/","og_site_name":"ECO Supplements","article_modified_time":"2025-08-28T00:58:51+00:00","og_image":[{"width":1000,"height":1000,"url":"https:\/\/ecosupplements.be\/wp-content\/uploads\/2025\/08\/USAmedical-Collagen-Complex-kapszula-HIALURONSAVVAL_NEW_60caps_SUPP.webp","type":"image\/webp"}],"twitter_card":"summary_large_image","twitter_misc":{"Prix":"11.71&nbsp;&euro;","Disponibilit\u00e9":"En stock"},"schema":{"@context":"https:\/\/schema.org","@graph":[{"@type":["WebPage","ItemPage"],"@id":"https:\/\/ecosupplements.be\/fr\/produit\/usa-medical-collagen-complex-collagen-capsule-with-5-types-of-collagen-60-capsules\/","url":"https:\/\/ecosupplements.be\/fr\/produit\/usa-medical-collagen-complex-collagen-capsule-with-5-types-of-collagen-60-capsules\/","name":"Complexe de Collag\u00e8ne M\u00e9dical des \u00c9tats-Unis - Capsule de Collag\u00e8ne avec 5 Types de Collag\u00e8ne (60 Capsules) - ECO Supplements","isPartOf":{"@id":"https:\/\/ecosupplements.be\/fr\/#website"},"primaryImageOfPage":{"@id":"https:\/\/ecosupplements.be\/fr\/produit\/usa-medical-collagen-complex-collagen-capsule-with-5-types-of-collagen-60-capsules\/#primaryimage"},"image":{"@id":"https:\/\/ecosupplements.be\/fr\/produit\/usa-medical-collagen-complex-collagen-capsule-with-5-types-of-collagen-60-capsules\/#primaryimage"},"thumbnailUrl":"https:\/\/ecosupplements.be\/wp-content\/uploads\/2025\/08\/USAmedical-Collagen-Complex-kapszula-HIALURONSAVVAL_NEW_60caps_SUPP.webp","datePublished":"2025-06-25T17:30:23+00:00","dateModified":"2025-08-28T00:58:51+00:00","description":"Wij hebben een ruime keuze aan producten van Complexe de Collag\u00e8ne M\u00e9dical des \u00c9tats-Unis - Capsule de Collag\u00e8ne avec 5 Types de Collag\u00e8ne (60 Capsules) . Winkel bij Eco Supplements altijd gratis verzending boven 100\u20ac","breadcrumb":{"@id":"https:\/\/ecosupplements.be\/fr\/produit\/usa-medical-collagen-complex-collagen-capsule-with-5-types-of-collagen-60-capsules\/#breadcrumb"},"inLanguage":"fr-FR","potentialAction":[{"@type":"ReadAction","target":["https:\/\/ecosupplements.be\/fr\/produit\/usa-medical-collagen-complex-collagen-capsule-with-5-types-of-collagen-60-capsules\/"]}]},{"@type":"ImageObject","inLanguage":"fr-FR","@id":"https:\/\/ecosupplements.be\/fr\/produit\/usa-medical-collagen-complex-collagen-capsule-with-5-types-of-collagen-60-capsules\/#primaryimage","url":"https:\/\/ecosupplements.be\/wp-content\/uploads\/2025\/08\/USAmedical-Collagen-Complex-kapszula-HIALURONSAVVAL_NEW_60caps_SUPP.webp","contentUrl":"https:\/\/ecosupplements.be\/wp-content\/uploads\/2025\/08\/USAmedical-Collagen-Complex-kapszula-HIALURONSAVVAL_NEW_60caps_SUPP.webp","width":1000,"height":1000},{"@type":"BreadcrumbList","@id":"https:\/\/ecosupplements.be\/fr\/produit\/usa-medical-collagen-complex-collagen-capsule-with-5-types-of-collagen-60-capsules\/#breadcrumb","itemListElement":[{"@type":"ListItem","position":1,"name":"Home","item":"https:\/\/ecosupplements.be\/fr\/"},{"@type":"ListItem","position":2,"name":"Boutique","item":"https:\/\/ecosupplements.be\/fr\/boutique\/"},{"@type":"ListItem","position":3,"name":"Complexe de Collag\u00e8ne M\u00e9dical des \u00c9tats-Unis &#8211; Capsule de Collag\u00e8ne avec 5 Types de Collag\u00e8ne (60 Capsules)"}]},{"@type":"WebSite","@id":"https:\/\/ecosupplements.be\/fr\/#website","url":"https:\/\/ecosupplements.be\/fr\/","name":"ECO Supplements","description":"Eco Supplements - Gezonde supplementen","publisher":{"@id":"https:\/\/ecosupplements.be\/fr\/#organization"},"potentialAction":[{"@type":"SearchAction","target":{"@type":"EntryPoint","urlTemplate":"https:\/\/ecosupplements.be\/fr\/?s={search_term_string}"},"query-input":{"@type":"PropertyValueSpecification","valueRequired":true,"valueName":"search_term_string"}}],"inLanguage":"fr-FR"},{"@type":"Organization","@id":"https:\/\/ecosupplements.be\/fr\/#organization","name":"Eco Supplements","url":"https:\/\/ecosupplements.be\/fr\/","logo":{"@type":"ImageObject","inLanguage":"fr-FR","@id":"https:\/\/ecosupplements.be\/fr\/#\/schema\/logo\/image\/","url":"https:\/\/ecosupplements.be\/wp-content\/uploads\/2022\/06\/ecosupplement-family.png","contentUrl":"https:\/\/ecosupplements.be\/wp-content\/uploads\/2022\/06\/ecosupplement-family.png","width":593,"height":374,"caption":"Eco Supplements"},"image":{"@id":"https:\/\/ecosupplements.be\/fr\/#\/schema\/logo\/image\/"}}]},"product_brand":"USA medical","product_price_amount":"11.71","product_price_currency":"EUR","og_availability":"instock","product_availability":"instock","product_retailer_item_id":"5999861931309","product_condition":"new"},"_links":{"self":[{"href":"https:\/\/ecosupplements.be\/fr\/wp-json\/wp\/v2\/product\/298154","targetHints":{"allow":["GET"]}}],"collection":[{"href":"https:\/\/ecosupplements.be\/fr\/wp-json\/wp\/v2\/product"}],"about":[{"href":"https:\/\/ecosupplements.be\/fr\/wp-json\/wp\/v2\/types\/product"}],"replies":[{"embeddable":true,"href":"https:\/\/ecosupplements.be\/fr\/wp-json\/wp\/v2\/comments?post=298154"}],"wp:featuredmedia":[{"embeddable":true,"href":"https:\/\/ecosupplements.be\/fr\/wp-json\/wp\/v2\/media\/272849"}],"wp:attachment":[{"href":"https:\/\/ecosupplements.be\/fr\/wp-json\/wp\/v2\/media?parent=298154"}],"wp:term":[{"taxonomy":"product_brand","embeddable":true,"href":"https:\/\/ecosupplements.be\/fr\/wp-json\/wp\/v2\/product_brand?post=298154"},{"taxonomy":"product_cat","embeddable":true,"href":"https:\/\/ecosupplements.be\/fr\/wp-json\/wp\/v2\/product_cat?post=298154"},{"taxonomy":"product_tag","embeddable":true,"href":"https:\/\/ecosupplements.be\/fr\/wp-json\/wp\/v2\/product_tag?post=298154"}],"curies":[{"name":"wp","href":"https:\/\/api.w.org\/{rel}","templated":true}]}}