{"id":298197,"date":"2025-06-24T03:15:13","date_gmt":"2025-06-24T02:15:13","guid":{"rendered":"https:\/\/ecosupplements.be\/product\/usa-medical-multivitamin-for-women-60-capsules\/"},"modified":"2025-08-28T01:59:26","modified_gmt":"2025-08-28T00:59:26","slug":"usa-medical-multivitamin-for-women-60-capsules","status":"publish","type":"product","link":"https:\/\/ecosupplements.be\/fr\/produit\/usa-medical-multivitamin-for-women-60-capsules\/","title":{"rendered":"Multivitamines m\u00e9dicales pour femmes des \u00c9tats-Unis (60 capsules)"},"content":{"rendered":"<h2>USA medical Multivitamin For Women (60 Capsules)<\/h2>\n<p>D\u00e9couvrez les capsules USA medical Multivitamin For Women, con\u00e7ues pour s&#8217;int\u00e9grer harmonieusement \u00e0 votre quotidien. Chaque capsule est formul\u00e9e avec une s\u00e9lection d&#8217;ingr\u00e9dients d&#8217;origine naturelle, garantissant une haute qualit\u00e9 sans compromis.<\/p>\n<h3>Ingr\u00e9dients principaux<\/h3>\n<p>Ce produit contient un m\u00e9lange \u00e9quilibr\u00e9 de vitamines et de min\u00e9raux essentiels.Les composants sont choisis pour leur puret\u00e9 et leur origine naturelle, offrant ainsi une option fiable pour ceux qui valorisent l&#8217;excellence et la naturalit\u00e9 dans leurs choix de produits.<\/p>\n<h3>Contenu et emballage<\/h3>\n<p>Le flacon contient 60 capsules, con\u00e7u pour \u00eatre pratique et facile \u00e0 utiliser au quotidien.<\/p>\n<h3>Utilisation<\/h3>\n<p>Pour une utilisation optimale, il est recommand\u00e9 de prendre une capsule par jour. Ce dosage simple facilite l&#8217;int\u00e9gration du produit dans votre routine journali\u00e8re sans effort.<\/p>\n<h3>Caract\u00e9ristiques pratiques<\/h3>\n<p>Avec un design \u00e9pur\u00e9 et un format compact,ce flacon est parfait pour \u00eatre emport\u00e9 partout,vous assurant ainsi de ne jamais manquer votre apport quotidien en vitamines essentielles. Les capsules sont faciles \u00e0 avaler et int\u00e9gr\u00e9es dans un programme quotidien sans perturber vos activit\u00e9s habituelles.<\/p>\n<p>Ce produit est un excellent choix pour ceux qui recherchent des ingr\u00e9dients naturels dans le cadre d&#8217;un mode de vie actif et \u00e9quilibr\u00e9. Profitez chaque jour du s\u00e9rieux d&#8217;une formulation soign\u00e9e avec USA medical multivitamin For Women.<\/p>\n","protected":false},"excerpt":{"rendered":"<p>USA medical Multivitamin For Women (60 Capsules) D\u00e9couvrez les capsules USA medical Multivitamin For Women, con\u00e7ues pour s&#8217;int\u00e9grer harmonieusement \u00e0 votre quotidien. Chaque capsule est formul\u00e9e avec une s\u00e9lection d&#8217;ingr\u00e9dients d&#8217;origine naturelle, garantissant une haute qualit\u00e9 sans compromis. Ingr\u00e9dients principaux Ce produit contient un m\u00e9lange \u00e9quilibr\u00e9 de vitamines et de min\u00e9raux essentiels.Les composants sont choisis [&#8230;]\n","protected":false},"featured_media":271814,"comment_status":"closed","ping_status":"open","template":"","meta":[],"product_brand":[5331],"product_cat":[5052],"product_tag":[],"class_list":{"0":"post-298197","1":"product","2":"type-product","3":"status-publish","4":"has-post-thumbnail","6":"product_brand-usa-medical-2","7":"product_cat-sante-et-bien-etre","9":"first","10":"instock","11":"taxable","12":"shipping-taxable","13":"purchasable","14":"product-type-simple"},"yoast_head":"<!-- This site is optimized with the Yoast SEO Premium plugin v27.3 (Yoast SEO v27.3) - https:\/\/yoast.com\/product\/yoast-seo-premium-wordpress\/ -->\n<title>Multivitamines m\u00e9dicales pour femmes des \u00c9tats-Unis (60 capsules) - ECO Supplements<\/title>\n<meta name=\"description\" content=\"Wij hebben een ruime keuze aan producten van Multivitamines m\u00e9dicales pour femmes des \u00c9tats-Unis (60 capsules) . Winkel bij Eco Supplements altijd gratis verzending boven 100\u20ac\" \/>\n<meta name=\"robots\" content=\"index, follow, max-snippet:-1, max-image-preview:large, max-video-preview:-1\" \/>\n<link rel=\"canonical\" href=\"https:\/\/ecosupplements.be\/fr\/produit\/usa-medical-multivitamin-for-women-60-capsules\/\" \/>\n<meta property=\"og:locale\" content=\"fr_FR\" \/>\n<meta property=\"og:type\" content=\"article\" \/>\n<meta property=\"og:title\" content=\"Multivitamines m\u00e9dicales pour femmes des \u00c9tats-Unis (60 capsules)\" \/>\n<meta property=\"og:description\" content=\"Wij hebben een ruime keuze aan producten van Multivitamines m\u00e9dicales pour femmes des \u00c9tats-Unis (60 capsules) . Winkel bij Eco Supplements altijd gratis verzending boven 100\u20ac\" \/>\n<meta property=\"og:url\" content=\"https:\/\/ecosupplements.be\/fr\/produit\/usa-medical-multivitamin-for-women-60-capsules\/\" \/>\n<meta property=\"og:site_name\" content=\"ECO Supplements\" \/>\n<meta property=\"article:modified_time\" content=\"2025-08-28T00:59:26+00:00\" \/>\n<meta property=\"og:image\" content=\"https:\/\/ecosupplements.be\/wp-content\/uploads\/2025\/08\/USA-medical-USA-medical-Multivitamin-For-Women-60-Capsules.webp\" \/>\n\t<meta property=\"og:image:width\" content=\"1000\" \/>\n\t<meta property=\"og:image:height\" content=\"1000\" \/>\n\t<meta property=\"og:image:type\" content=\"image\/webp\" \/>\n<meta name=\"twitter:card\" content=\"summary_large_image\" \/>\n<meta name=\"twitter:label1\" content=\"Prix\" \/>\n\t<meta name=\"twitter:data1\" content=\"11.71&nbsp;&euro;\" \/>\n\t<meta name=\"twitter:label2\" content=\"Disponibilit\u00e9\" \/>\n\t<meta name=\"twitter:data2\" content=\"En stock\" \/>\n<script type=\"application\/ld+json\" class=\"yoast-schema-graph\">{\"@context\":\"https:\\\/\\\/schema.org\",\"@graph\":[{\"@type\":[\"WebPage\",\"ItemPage\"],\"@id\":\"https:\\\/\\\/ecosupplements.be\\\/fr\\\/produit\\\/usa-medical-multivitamin-for-women-60-capsules\\\/\",\"url\":\"https:\\\/\\\/ecosupplements.be\\\/fr\\\/produit\\\/usa-medical-multivitamin-for-women-60-capsules\\\/\",\"name\":\"Multivitamines m\u00e9dicales pour femmes des \u00c9tats-Unis (60 capsules) - ECO Supplements\",\"isPartOf\":{\"@id\":\"https:\\\/\\\/ecosupplements.be\\\/fr\\\/#website\"},\"primaryImageOfPage\":{\"@id\":\"https:\\\/\\\/ecosupplements.be\\\/fr\\\/produit\\\/usa-medical-multivitamin-for-women-60-capsules\\\/#primaryimage\"},\"image\":{\"@id\":\"https:\\\/\\\/ecosupplements.be\\\/fr\\\/produit\\\/usa-medical-multivitamin-for-women-60-capsules\\\/#primaryimage\"},\"thumbnailUrl\":\"https:\\\/\\\/ecosupplements.be\\\/wp-content\\\/uploads\\\/2025\\\/08\\\/USAMEDICAL-MUTIVITAMIN-FOR-WOMEN-60db_SUPP.webp\",\"datePublished\":\"2025-06-24T02:15:13+00:00\",\"dateModified\":\"2025-08-28T00:59:26+00:00\",\"description\":\"Wij hebben een ruime keuze aan producten van Multivitamines m\u00e9dicales pour femmes des \u00c9tats-Unis (60 capsules) . Winkel bij Eco Supplements altijd gratis verzending boven 100\u20ac\",\"breadcrumb\":{\"@id\":\"https:\\\/\\\/ecosupplements.be\\\/fr\\\/produit\\\/usa-medical-multivitamin-for-women-60-capsules\\\/#breadcrumb\"},\"inLanguage\":\"fr-FR\",\"potentialAction\":[{\"@type\":\"ReadAction\",\"target\":[\"https:\\\/\\\/ecosupplements.be\\\/fr\\\/produit\\\/usa-medical-multivitamin-for-women-60-capsules\\\/\"]}]},{\"@type\":\"ImageObject\",\"inLanguage\":\"fr-FR\",\"@id\":\"https:\\\/\\\/ecosupplements.be\\\/fr\\\/produit\\\/usa-medical-multivitamin-for-women-60-capsules\\\/#primaryimage\",\"url\":\"https:\\\/\\\/ecosupplements.be\\\/wp-content\\\/uploads\\\/2025\\\/08\\\/USAMEDICAL-MUTIVITAMIN-FOR-WOMEN-60db_SUPP.webp\",\"contentUrl\":\"https:\\\/\\\/ecosupplements.be\\\/wp-content\\\/uploads\\\/2025\\\/08\\\/USAMEDICAL-MUTIVITAMIN-FOR-WOMEN-60db_SUPP.webp\",\"width\":1000,\"height\":1000},{\"@type\":\"BreadcrumbList\",\"@id\":\"https:\\\/\\\/ecosupplements.be\\\/fr\\\/produit\\\/usa-medical-multivitamin-for-women-60-capsules\\\/#breadcrumb\",\"itemListElement\":[{\"@type\":\"ListItem\",\"position\":1,\"name\":\"Home\",\"item\":\"https:\\\/\\\/ecosupplements.be\\\/fr\\\/\"},{\"@type\":\"ListItem\",\"position\":2,\"name\":\"Boutique\",\"item\":\"https:\\\/\\\/ecosupplements.be\\\/fr\\\/boutique\\\/\"},{\"@type\":\"ListItem\",\"position\":3,\"name\":\"Multivitamines m\u00e9dicales pour femmes des \u00c9tats-Unis (60 capsules)\"}]},{\"@type\":\"WebSite\",\"@id\":\"https:\\\/\\\/ecosupplements.be\\\/fr\\\/#website\",\"url\":\"https:\\\/\\\/ecosupplements.be\\\/fr\\\/\",\"name\":\"ECO Supplements\",\"description\":\"Eco Supplements - Gezonde supplementen\",\"publisher\":{\"@id\":\"https:\\\/\\\/ecosupplements.be\\\/fr\\\/#organization\"},\"potentialAction\":[{\"@type\":\"SearchAction\",\"target\":{\"@type\":\"EntryPoint\",\"urlTemplate\":\"https:\\\/\\\/ecosupplements.be\\\/fr\\\/?s={search_term_string}\"},\"query-input\":{\"@type\":\"PropertyValueSpecification\",\"valueRequired\":true,\"valueName\":\"search_term_string\"}}],\"inLanguage\":\"fr-FR\"},{\"@type\":\"Organization\",\"@id\":\"https:\\\/\\\/ecosupplements.be\\\/fr\\\/#organization\",\"name\":\"Eco Supplements\",\"url\":\"https:\\\/\\\/ecosupplements.be\\\/fr\\\/\",\"logo\":{\"@type\":\"ImageObject\",\"inLanguage\":\"fr-FR\",\"@id\":\"https:\\\/\\\/ecosupplements.be\\\/fr\\\/#\\\/schema\\\/logo\\\/image\\\/\",\"url\":\"https:\\\/\\\/ecosupplements.be\\\/wp-content\\\/uploads\\\/2022\\\/06\\\/ecosupplement-family.png\",\"contentUrl\":\"https:\\\/\\\/ecosupplements.be\\\/wp-content\\\/uploads\\\/2022\\\/06\\\/ecosupplement-family.png\",\"width\":593,\"height\":374,\"caption\":\"Eco Supplements\"},\"image\":{\"@id\":\"https:\\\/\\\/ecosupplements.be\\\/fr\\\/#\\\/schema\\\/logo\\\/image\\\/\"}}]}<\/script>\n<meta property=\"product:brand\" content=\"USA medical\" \/>\n<meta property=\"product:price:amount\" content=\"11.71\" \/>\n<meta property=\"product:price:currency\" content=\"EUR\" \/>\n<meta property=\"og:availability\" content=\"instock\" \/>\n<meta property=\"product:availability\" content=\"instock\" \/>\n<meta property=\"product:retailer_item_id\" content=\"5999860835349\" \/>\n<meta property=\"product:condition\" content=\"new\" \/>\n<!-- \/ Yoast SEO Premium plugin. -->","yoast_head_json":{"title":"Multivitamines m\u00e9dicales pour femmes des \u00c9tats-Unis (60 capsules) - ECO Supplements","description":"Wij hebben een ruime keuze aan producten van Multivitamines m\u00e9dicales pour femmes des \u00c9tats-Unis (60 capsules) . Winkel bij Eco Supplements altijd gratis verzending boven 100\u20ac","robots":{"index":"index","follow":"follow","max-snippet":"max-snippet:-1","max-image-preview":"max-image-preview:large","max-video-preview":"max-video-preview:-1"},"canonical":"https:\/\/ecosupplements.be\/fr\/produit\/usa-medical-multivitamin-for-women-60-capsules\/","og_locale":"fr_FR","og_type":"article","og_title":"Multivitamines m\u00e9dicales pour femmes des \u00c9tats-Unis (60 capsules)","og_description":"Wij hebben een ruime keuze aan producten van Multivitamines m\u00e9dicales pour femmes des \u00c9tats-Unis (60 capsules) . Winkel bij Eco Supplements altijd gratis verzending boven 100\u20ac","og_url":"https:\/\/ecosupplements.be\/fr\/produit\/usa-medical-multivitamin-for-women-60-capsules\/","og_site_name":"ECO Supplements","article_modified_time":"2025-08-28T00:59:26+00:00","og_image":[{"width":1000,"height":1000,"url":"https:\/\/ecosupplements.be\/wp-content\/uploads\/2025\/08\/USA-medical-USA-medical-Multivitamin-For-Women-60-Capsules.webp","type":"image\/webp"}],"twitter_card":"summary_large_image","twitter_misc":{"Prix":"11.71&nbsp;&euro;","Disponibilit\u00e9":"En stock"},"schema":{"@context":"https:\/\/schema.org","@graph":[{"@type":["WebPage","ItemPage"],"@id":"https:\/\/ecosupplements.be\/fr\/produit\/usa-medical-multivitamin-for-women-60-capsules\/","url":"https:\/\/ecosupplements.be\/fr\/produit\/usa-medical-multivitamin-for-women-60-capsules\/","name":"Multivitamines m\u00e9dicales pour femmes des \u00c9tats-Unis (60 capsules) - ECO Supplements","isPartOf":{"@id":"https:\/\/ecosupplements.be\/fr\/#website"},"primaryImageOfPage":{"@id":"https:\/\/ecosupplements.be\/fr\/produit\/usa-medical-multivitamin-for-women-60-capsules\/#primaryimage"},"image":{"@id":"https:\/\/ecosupplements.be\/fr\/produit\/usa-medical-multivitamin-for-women-60-capsules\/#primaryimage"},"thumbnailUrl":"https:\/\/ecosupplements.be\/wp-content\/uploads\/2025\/08\/USAMEDICAL-MUTIVITAMIN-FOR-WOMEN-60db_SUPP.webp","datePublished":"2025-06-24T02:15:13+00:00","dateModified":"2025-08-28T00:59:26+00:00","description":"Wij hebben een ruime keuze aan producten van Multivitamines m\u00e9dicales pour femmes des \u00c9tats-Unis (60 capsules) . Winkel bij Eco Supplements altijd gratis verzending boven 100\u20ac","breadcrumb":{"@id":"https:\/\/ecosupplements.be\/fr\/produit\/usa-medical-multivitamin-for-women-60-capsules\/#breadcrumb"},"inLanguage":"fr-FR","potentialAction":[{"@type":"ReadAction","target":["https:\/\/ecosupplements.be\/fr\/produit\/usa-medical-multivitamin-for-women-60-capsules\/"]}]},{"@type":"ImageObject","inLanguage":"fr-FR","@id":"https:\/\/ecosupplements.be\/fr\/produit\/usa-medical-multivitamin-for-women-60-capsules\/#primaryimage","url":"https:\/\/ecosupplements.be\/wp-content\/uploads\/2025\/08\/USAMEDICAL-MUTIVITAMIN-FOR-WOMEN-60db_SUPP.webp","contentUrl":"https:\/\/ecosupplements.be\/wp-content\/uploads\/2025\/08\/USAMEDICAL-MUTIVITAMIN-FOR-WOMEN-60db_SUPP.webp","width":1000,"height":1000},{"@type":"BreadcrumbList","@id":"https:\/\/ecosupplements.be\/fr\/produit\/usa-medical-multivitamin-for-women-60-capsules\/#breadcrumb","itemListElement":[{"@type":"ListItem","position":1,"name":"Home","item":"https:\/\/ecosupplements.be\/fr\/"},{"@type":"ListItem","position":2,"name":"Boutique","item":"https:\/\/ecosupplements.be\/fr\/boutique\/"},{"@type":"ListItem","position":3,"name":"Multivitamines m\u00e9dicales pour femmes des \u00c9tats-Unis (60 capsules)"}]},{"@type":"WebSite","@id":"https:\/\/ecosupplements.be\/fr\/#website","url":"https:\/\/ecosupplements.be\/fr\/","name":"ECO Supplements","description":"Eco Supplements - Gezonde supplementen","publisher":{"@id":"https:\/\/ecosupplements.be\/fr\/#organization"},"potentialAction":[{"@type":"SearchAction","target":{"@type":"EntryPoint","urlTemplate":"https:\/\/ecosupplements.be\/fr\/?s={search_term_string}"},"query-input":{"@type":"PropertyValueSpecification","valueRequired":true,"valueName":"search_term_string"}}],"inLanguage":"fr-FR"},{"@type":"Organization","@id":"https:\/\/ecosupplements.be\/fr\/#organization","name":"Eco Supplements","url":"https:\/\/ecosupplements.be\/fr\/","logo":{"@type":"ImageObject","inLanguage":"fr-FR","@id":"https:\/\/ecosupplements.be\/fr\/#\/schema\/logo\/image\/","url":"https:\/\/ecosupplements.be\/wp-content\/uploads\/2022\/06\/ecosupplement-family.png","contentUrl":"https:\/\/ecosupplements.be\/wp-content\/uploads\/2022\/06\/ecosupplement-family.png","width":593,"height":374,"caption":"Eco Supplements"},"image":{"@id":"https:\/\/ecosupplements.be\/fr\/#\/schema\/logo\/image\/"}}]},"product_brand":"USA medical","product_price_amount":"11.71","product_price_currency":"EUR","og_availability":"instock","product_availability":"instock","product_retailer_item_id":"5999860835349","product_condition":"new"},"_links":{"self":[{"href":"https:\/\/ecosupplements.be\/fr\/wp-json\/wp\/v2\/product\/298197","targetHints":{"allow":["GET"]}}],"collection":[{"href":"https:\/\/ecosupplements.be\/fr\/wp-json\/wp\/v2\/product"}],"about":[{"href":"https:\/\/ecosupplements.be\/fr\/wp-json\/wp\/v2\/types\/product"}],"replies":[{"embeddable":true,"href":"https:\/\/ecosupplements.be\/fr\/wp-json\/wp\/v2\/comments?post=298197"}],"wp:featuredmedia":[{"embeddable":true,"href":"https:\/\/ecosupplements.be\/fr\/wp-json\/wp\/v2\/media\/271814"}],"wp:attachment":[{"href":"https:\/\/ecosupplements.be\/fr\/wp-json\/wp\/v2\/media?parent=298197"}],"wp:term":[{"taxonomy":"product_brand","embeddable":true,"href":"https:\/\/ecosupplements.be\/fr\/wp-json\/wp\/v2\/product_brand?post=298197"},{"taxonomy":"product_cat","embeddable":true,"href":"https:\/\/ecosupplements.be\/fr\/wp-json\/wp\/v2\/product_cat?post=298197"},{"taxonomy":"product_tag","embeddable":true,"href":"https:\/\/ecosupplements.be\/fr\/wp-json\/wp\/v2\/product_tag?post=298197"}],"curies":[{"name":"wp","href":"https:\/\/api.w.org\/{rel}","templated":true}]}}