{"id":298200,"date":"2025-06-24T03:15:13","date_gmt":"2025-06-24T02:15:13","guid":{"rendered":"https:\/\/ecosupplements.be\/product\/usa-medical-multivitamin-gummies-for-kids-60-gummies-natural-fruit-flavor\/"},"modified":"2025-08-28T01:59:28","modified_gmt":"2025-08-28T00:59:28","slug":"usa-medical-multivitamin-gummies-for-kids-60-gummies-natural-fruit-flavor","status":"publish","type":"product","link":"https:\/\/ecosupplements.be\/fr\/produit\/usa-medical-multivitamin-gummies-for-kids-60-gummies-natural-fruit-flavor\/","title":{"rendered":"Gommes multivitamin\u00e9es pour enfants des \u00c9tats-Unis (60 gommes, saveur naturelle de fruits)"},"content":{"rendered":"<h2>USA medical Multivitamin Gummies For Kids (60 Gummies, Natural Fruit Flavor)<\/h2>\n<p>D\u00e9couvrez les <strong>Multivitamin Gummies For Kids<\/strong> de USA medical, con\u00e7us pour s&#8217;int\u00e9grer harmonieusement dans le quotidien des plus jeunes.Chaque flacon contient <strong>60 gommes<\/strong> au d\u00e9licieux go\u00fbt de fruits naturels, offrant une exp\u00e9rience agr\u00e9able et facile \u00e0 int\u00e9grer \u00e0 la routine quotidienne.<\/p>\n<p>Ces gommes sont fabriqu\u00e9es avec des ingr\u00e9dients d&#8217;<strong>origine naturelle<\/strong>, s\u00e9lectionn\u00e9s pour leur grande puret\u00e9 et qualit\u00e9. Elles sont formul\u00e9es sans colorants ni ar\u00f4mes artificiels, ce qui en fait un choix parfait pour ceux qui appr\u00e9cient les produits respectueux de l&#8217;environnement et proches de la nature.<\/p>\n<p><em>Utilisation :<\/em> Pour une utilisation optimale, il est recommand\u00e9 de suivre les indications sur l&#8217;emballage concernant la dose journali\u00e8re.<\/p>\n<p>Ce produit se pr\u00e9sente sous forme de gommes faciles \u00e0 m\u00e2cher, sp\u00e9cialement con\u00e7ues pour \u00eatre simples \u00e0 utiliser. leur texture moelleuse et leur go\u00fbt fruit\u00e9 en font un choix id\u00e9al pour une incorporation douce dans le quotidien des enfants.<\/p>\n<p>Avec USA medical Multivitamin gummies For Kids, optez pour un produit pratique qui s&#8217;adapte \u00e0 un mode de vie actif et \u00e9quilibr\u00e9 sans promettre d&#8217;effets sur la sant\u00e9 mais en mettant l&#8217;accent sur la qualit\u00e9 et le style de vie.<\/p>\n","protected":false},"excerpt":{"rendered":"<p>USA medical Multivitamin Gummies For Kids (60 Gummies, Natural Fruit Flavor) D\u00e9couvrez les Multivitamin Gummies For Kids de USA medical, con\u00e7us pour s&#8217;int\u00e9grer harmonieusement dans le quotidien des plus jeunes.Chaque flacon contient 60 gommes au d\u00e9licieux go\u00fbt de fruits naturels, offrant une exp\u00e9rience agr\u00e9able et facile \u00e0 int\u00e9grer \u00e0 la routine quotidienne. Ces gommes sont [&#8230;]\n","protected":false},"featured_media":271817,"comment_status":"closed","ping_status":"open","template":"","meta":[],"product_brand":[5331],"product_cat":[5052],"product_tag":[],"class_list":{"0":"post-298200","1":"product","2":"type-product","3":"status-publish","4":"has-post-thumbnail","6":"product_brand-usa-medical-2","7":"product_cat-sante-et-bien-etre","9":"first","10":"instock","11":"taxable","12":"shipping-taxable","13":"purchasable","14":"product-type-simple"},"yoast_head":"<!-- This site is optimized with the Yoast SEO Premium plugin v27.3 (Yoast SEO v27.3) - https:\/\/yoast.com\/product\/yoast-seo-premium-wordpress\/ -->\n<title>Gommes multivitamin\u00e9es pour enfants des \u00c9tats-Unis (60 gommes, saveur naturelle de fruits) - ECO Supplements<\/title>\n<meta name=\"description\" content=\"Wij hebben een ruime keuze aan producten van Gommes multivitamin\u00e9es pour enfants des \u00c9tats-Unis (60 gommes, saveur naturelle de fruits) . Winkel bij Eco Supplements altijd gratis verzending boven 100\u20ac\" \/>\n<meta name=\"robots\" content=\"index, follow, max-snippet:-1, max-image-preview:large, max-video-preview:-1\" \/>\n<link rel=\"canonical\" href=\"https:\/\/ecosupplements.be\/fr\/produit\/usa-medical-multivitamin-gummies-for-kids-60-gummies-natural-fruit-flavor\/\" \/>\n<meta property=\"og:locale\" content=\"fr_FR\" \/>\n<meta property=\"og:type\" content=\"article\" \/>\n<meta property=\"og:title\" content=\"Gommes multivitamin\u00e9es pour enfants des \u00c9tats-Unis (60 gommes, saveur naturelle de fruits)\" \/>\n<meta property=\"og:description\" content=\"Wij hebben een ruime keuze aan producten van Gommes multivitamin\u00e9es pour enfants des \u00c9tats-Unis (60 gommes, saveur naturelle de fruits) . Winkel bij Eco Supplements altijd gratis verzending boven 100\u20ac\" \/>\n<meta property=\"og:url\" content=\"https:\/\/ecosupplements.be\/fr\/produit\/usa-medical-multivitamin-gummies-for-kids-60-gummies-natural-fruit-flavor\/\" \/>\n<meta property=\"og:site_name\" content=\"ECO Supplements\" \/>\n<meta property=\"article:modified_time\" content=\"2025-08-28T00:59:28+00:00\" \/>\n<meta property=\"og:image\" content=\"https:\/\/ecosupplements.be\/wp-content\/uploads\/2025\/08\/USA-medical-USA-medical-Multivitamin-Gummies-For-kids-60-Gummies-Natural-Fruit-Flavor.webp\" \/>\n\t<meta property=\"og:image:width\" content=\"1000\" \/>\n\t<meta property=\"og:image:height\" content=\"1000\" \/>\n\t<meta property=\"og:image:type\" content=\"image\/webp\" \/>\n<meta name=\"twitter:card\" content=\"summary_large_image\" \/>\n<meta name=\"twitter:label1\" content=\"Prix\" \/>\n\t<meta name=\"twitter:data1\" content=\"13.14&nbsp;&euro;\" \/>\n\t<meta name=\"twitter:label2\" content=\"Disponibilit\u00e9\" \/>\n\t<meta name=\"twitter:data2\" content=\"En stock\" \/>\n<script type=\"application\/ld+json\" class=\"yoast-schema-graph\">{\"@context\":\"https:\\\/\\\/schema.org\",\"@graph\":[{\"@type\":[\"WebPage\",\"ItemPage\"],\"@id\":\"https:\\\/\\\/ecosupplements.be\\\/fr\\\/produit\\\/usa-medical-multivitamin-gummies-for-kids-60-gummies-natural-fruit-flavor\\\/\",\"url\":\"https:\\\/\\\/ecosupplements.be\\\/fr\\\/produit\\\/usa-medical-multivitamin-gummies-for-kids-60-gummies-natural-fruit-flavor\\\/\",\"name\":\"Gommes multivitamin\u00e9es pour enfants des \u00c9tats-Unis (60 gommes, saveur naturelle de fruits) - ECO Supplements\",\"isPartOf\":{\"@id\":\"https:\\\/\\\/ecosupplements.be\\\/fr\\\/#website\"},\"primaryImageOfPage\":{\"@id\":\"https:\\\/\\\/ecosupplements.be\\\/fr\\\/produit\\\/usa-medical-multivitamin-gummies-for-kids-60-gummies-natural-fruit-flavor\\\/#primaryimage\"},\"image\":{\"@id\":\"https:\\\/\\\/ecosupplements.be\\\/fr\\\/produit\\\/usa-medical-multivitamin-gummies-for-kids-60-gummies-natural-fruit-flavor\\\/#primaryimage\"},\"thumbnailUrl\":\"https:\\\/\\\/ecosupplements.be\\\/wp-content\\\/uploads\\\/2025\\\/08\\\/Multivitamin-Gummies-For-Kids_60vcaps_SUPP.webp\",\"datePublished\":\"2025-06-24T02:15:13+00:00\",\"dateModified\":\"2025-08-28T00:59:28+00:00\",\"description\":\"Wij hebben een ruime keuze aan producten van Gommes multivitamin\u00e9es pour enfants des \u00c9tats-Unis (60 gommes, saveur naturelle de fruits) . Winkel bij Eco Supplements altijd gratis verzending boven 100\u20ac\",\"breadcrumb\":{\"@id\":\"https:\\\/\\\/ecosupplements.be\\\/fr\\\/produit\\\/usa-medical-multivitamin-gummies-for-kids-60-gummies-natural-fruit-flavor\\\/#breadcrumb\"},\"inLanguage\":\"fr-FR\",\"potentialAction\":[{\"@type\":\"ReadAction\",\"target\":[\"https:\\\/\\\/ecosupplements.be\\\/fr\\\/produit\\\/usa-medical-multivitamin-gummies-for-kids-60-gummies-natural-fruit-flavor\\\/\"]}]},{\"@type\":\"ImageObject\",\"inLanguage\":\"fr-FR\",\"@id\":\"https:\\\/\\\/ecosupplements.be\\\/fr\\\/produit\\\/usa-medical-multivitamin-gummies-for-kids-60-gummies-natural-fruit-flavor\\\/#primaryimage\",\"url\":\"https:\\\/\\\/ecosupplements.be\\\/wp-content\\\/uploads\\\/2025\\\/08\\\/Multivitamin-Gummies-For-Kids_60vcaps_SUPP.webp\",\"contentUrl\":\"https:\\\/\\\/ecosupplements.be\\\/wp-content\\\/uploads\\\/2025\\\/08\\\/Multivitamin-Gummies-For-Kids_60vcaps_SUPP.webp\",\"width\":1000,\"height\":1000},{\"@type\":\"BreadcrumbList\",\"@id\":\"https:\\\/\\\/ecosupplements.be\\\/fr\\\/produit\\\/usa-medical-multivitamin-gummies-for-kids-60-gummies-natural-fruit-flavor\\\/#breadcrumb\",\"itemListElement\":[{\"@type\":\"ListItem\",\"position\":1,\"name\":\"Home\",\"item\":\"https:\\\/\\\/ecosupplements.be\\\/fr\\\/\"},{\"@type\":\"ListItem\",\"position\":2,\"name\":\"Boutique\",\"item\":\"https:\\\/\\\/ecosupplements.be\\\/fr\\\/boutique\\\/\"},{\"@type\":\"ListItem\",\"position\":3,\"name\":\"Gommes multivitamin\u00e9es pour enfants des \u00c9tats-Unis (60 gommes, saveur naturelle de fruits)\"}]},{\"@type\":\"WebSite\",\"@id\":\"https:\\\/\\\/ecosupplements.be\\\/fr\\\/#website\",\"url\":\"https:\\\/\\\/ecosupplements.be\\\/fr\\\/\",\"name\":\"ECO Supplements\",\"description\":\"Eco Supplements - Gezonde supplementen\",\"publisher\":{\"@id\":\"https:\\\/\\\/ecosupplements.be\\\/fr\\\/#organization\"},\"potentialAction\":[{\"@type\":\"SearchAction\",\"target\":{\"@type\":\"EntryPoint\",\"urlTemplate\":\"https:\\\/\\\/ecosupplements.be\\\/fr\\\/?s={search_term_string}\"},\"query-input\":{\"@type\":\"PropertyValueSpecification\",\"valueRequired\":true,\"valueName\":\"search_term_string\"}}],\"inLanguage\":\"fr-FR\"},{\"@type\":\"Organization\",\"@id\":\"https:\\\/\\\/ecosupplements.be\\\/fr\\\/#organization\",\"name\":\"Eco Supplements\",\"url\":\"https:\\\/\\\/ecosupplements.be\\\/fr\\\/\",\"logo\":{\"@type\":\"ImageObject\",\"inLanguage\":\"fr-FR\",\"@id\":\"https:\\\/\\\/ecosupplements.be\\\/fr\\\/#\\\/schema\\\/logo\\\/image\\\/\",\"url\":\"https:\\\/\\\/ecosupplements.be\\\/wp-content\\\/uploads\\\/2022\\\/06\\\/ecosupplement-family.png\",\"contentUrl\":\"https:\\\/\\\/ecosupplements.be\\\/wp-content\\\/uploads\\\/2022\\\/06\\\/ecosupplement-family.png\",\"width\":593,\"height\":374,\"caption\":\"Eco Supplements\"},\"image\":{\"@id\":\"https:\\\/\\\/ecosupplements.be\\\/fr\\\/#\\\/schema\\\/logo\\\/image\\\/\"}}]}<\/script>\n<meta property=\"product:brand\" content=\"USA medical\" \/>\n<meta property=\"product:price:amount\" content=\"13.14\" \/>\n<meta property=\"product:price:currency\" content=\"EUR\" \/>\n<meta property=\"og:availability\" content=\"instock\" \/>\n<meta property=\"product:availability\" content=\"instock\" \/>\n<meta property=\"product:retailer_item_id\" content=\"5999861931538\" \/>\n<meta property=\"product:condition\" content=\"new\" \/>\n<!-- \/ Yoast SEO Premium plugin. -->","yoast_head_json":{"title":"Gommes multivitamin\u00e9es pour enfants des \u00c9tats-Unis (60 gommes, saveur naturelle de fruits) - ECO Supplements","description":"Wij hebben een ruime keuze aan producten van Gommes multivitamin\u00e9es pour enfants des \u00c9tats-Unis (60 gommes, saveur naturelle de fruits) . Winkel bij Eco Supplements altijd gratis verzending boven 100\u20ac","robots":{"index":"index","follow":"follow","max-snippet":"max-snippet:-1","max-image-preview":"max-image-preview:large","max-video-preview":"max-video-preview:-1"},"canonical":"https:\/\/ecosupplements.be\/fr\/produit\/usa-medical-multivitamin-gummies-for-kids-60-gummies-natural-fruit-flavor\/","og_locale":"fr_FR","og_type":"article","og_title":"Gommes multivitamin\u00e9es pour enfants des \u00c9tats-Unis (60 gommes, saveur naturelle de fruits)","og_description":"Wij hebben een ruime keuze aan producten van Gommes multivitamin\u00e9es pour enfants des \u00c9tats-Unis (60 gommes, saveur naturelle de fruits) . Winkel bij Eco Supplements altijd gratis verzending boven 100\u20ac","og_url":"https:\/\/ecosupplements.be\/fr\/produit\/usa-medical-multivitamin-gummies-for-kids-60-gummies-natural-fruit-flavor\/","og_site_name":"ECO Supplements","article_modified_time":"2025-08-28T00:59:28+00:00","og_image":[{"width":1000,"height":1000,"url":"https:\/\/ecosupplements.be\/wp-content\/uploads\/2025\/08\/USA-medical-USA-medical-Multivitamin-Gummies-For-kids-60-Gummies-Natural-Fruit-Flavor.webp","type":"image\/webp"}],"twitter_card":"summary_large_image","twitter_misc":{"Prix":"13.14&nbsp;&euro;","Disponibilit\u00e9":"En stock"},"schema":{"@context":"https:\/\/schema.org","@graph":[{"@type":["WebPage","ItemPage"],"@id":"https:\/\/ecosupplements.be\/fr\/produit\/usa-medical-multivitamin-gummies-for-kids-60-gummies-natural-fruit-flavor\/","url":"https:\/\/ecosupplements.be\/fr\/produit\/usa-medical-multivitamin-gummies-for-kids-60-gummies-natural-fruit-flavor\/","name":"Gommes multivitamin\u00e9es pour enfants des \u00c9tats-Unis (60 gommes, saveur naturelle de fruits) - ECO Supplements","isPartOf":{"@id":"https:\/\/ecosupplements.be\/fr\/#website"},"primaryImageOfPage":{"@id":"https:\/\/ecosupplements.be\/fr\/produit\/usa-medical-multivitamin-gummies-for-kids-60-gummies-natural-fruit-flavor\/#primaryimage"},"image":{"@id":"https:\/\/ecosupplements.be\/fr\/produit\/usa-medical-multivitamin-gummies-for-kids-60-gummies-natural-fruit-flavor\/#primaryimage"},"thumbnailUrl":"https:\/\/ecosupplements.be\/wp-content\/uploads\/2025\/08\/Multivitamin-Gummies-For-Kids_60vcaps_SUPP.webp","datePublished":"2025-06-24T02:15:13+00:00","dateModified":"2025-08-28T00:59:28+00:00","description":"Wij hebben een ruime keuze aan producten van Gommes multivitamin\u00e9es pour enfants des \u00c9tats-Unis (60 gommes, saveur naturelle de fruits) . Winkel bij Eco Supplements altijd gratis verzending boven 100\u20ac","breadcrumb":{"@id":"https:\/\/ecosupplements.be\/fr\/produit\/usa-medical-multivitamin-gummies-for-kids-60-gummies-natural-fruit-flavor\/#breadcrumb"},"inLanguage":"fr-FR","potentialAction":[{"@type":"ReadAction","target":["https:\/\/ecosupplements.be\/fr\/produit\/usa-medical-multivitamin-gummies-for-kids-60-gummies-natural-fruit-flavor\/"]}]},{"@type":"ImageObject","inLanguage":"fr-FR","@id":"https:\/\/ecosupplements.be\/fr\/produit\/usa-medical-multivitamin-gummies-for-kids-60-gummies-natural-fruit-flavor\/#primaryimage","url":"https:\/\/ecosupplements.be\/wp-content\/uploads\/2025\/08\/Multivitamin-Gummies-For-Kids_60vcaps_SUPP.webp","contentUrl":"https:\/\/ecosupplements.be\/wp-content\/uploads\/2025\/08\/Multivitamin-Gummies-For-Kids_60vcaps_SUPP.webp","width":1000,"height":1000},{"@type":"BreadcrumbList","@id":"https:\/\/ecosupplements.be\/fr\/produit\/usa-medical-multivitamin-gummies-for-kids-60-gummies-natural-fruit-flavor\/#breadcrumb","itemListElement":[{"@type":"ListItem","position":1,"name":"Home","item":"https:\/\/ecosupplements.be\/fr\/"},{"@type":"ListItem","position":2,"name":"Boutique","item":"https:\/\/ecosupplements.be\/fr\/boutique\/"},{"@type":"ListItem","position":3,"name":"Gommes multivitamin\u00e9es pour enfants des \u00c9tats-Unis (60 gommes, saveur naturelle de fruits)"}]},{"@type":"WebSite","@id":"https:\/\/ecosupplements.be\/fr\/#website","url":"https:\/\/ecosupplements.be\/fr\/","name":"ECO Supplements","description":"Eco Supplements - Gezonde supplementen","publisher":{"@id":"https:\/\/ecosupplements.be\/fr\/#organization"},"potentialAction":[{"@type":"SearchAction","target":{"@type":"EntryPoint","urlTemplate":"https:\/\/ecosupplements.be\/fr\/?s={search_term_string}"},"query-input":{"@type":"PropertyValueSpecification","valueRequired":true,"valueName":"search_term_string"}}],"inLanguage":"fr-FR"},{"@type":"Organization","@id":"https:\/\/ecosupplements.be\/fr\/#organization","name":"Eco Supplements","url":"https:\/\/ecosupplements.be\/fr\/","logo":{"@type":"ImageObject","inLanguage":"fr-FR","@id":"https:\/\/ecosupplements.be\/fr\/#\/schema\/logo\/image\/","url":"https:\/\/ecosupplements.be\/wp-content\/uploads\/2022\/06\/ecosupplement-family.png","contentUrl":"https:\/\/ecosupplements.be\/wp-content\/uploads\/2022\/06\/ecosupplement-family.png","width":593,"height":374,"caption":"Eco Supplements"},"image":{"@id":"https:\/\/ecosupplements.be\/fr\/#\/schema\/logo\/image\/"}}]},"product_brand":"USA medical","product_price_amount":"13.14","product_price_currency":"EUR","og_availability":"instock","product_availability":"instock","product_retailer_item_id":"5999861931538","product_condition":"new"},"_links":{"self":[{"href":"https:\/\/ecosupplements.be\/fr\/wp-json\/wp\/v2\/product\/298200","targetHints":{"allow":["GET"]}}],"collection":[{"href":"https:\/\/ecosupplements.be\/fr\/wp-json\/wp\/v2\/product"}],"about":[{"href":"https:\/\/ecosupplements.be\/fr\/wp-json\/wp\/v2\/types\/product"}],"replies":[{"embeddable":true,"href":"https:\/\/ecosupplements.be\/fr\/wp-json\/wp\/v2\/comments?post=298200"}],"wp:featuredmedia":[{"embeddable":true,"href":"https:\/\/ecosupplements.be\/fr\/wp-json\/wp\/v2\/media\/271817"}],"wp:attachment":[{"href":"https:\/\/ecosupplements.be\/fr\/wp-json\/wp\/v2\/media?parent=298200"}],"wp:term":[{"taxonomy":"product_brand","embeddable":true,"href":"https:\/\/ecosupplements.be\/fr\/wp-json\/wp\/v2\/product_brand?post=298200"},{"taxonomy":"product_cat","embeddable":true,"href":"https:\/\/ecosupplements.be\/fr\/wp-json\/wp\/v2\/product_cat?post=298200"},{"taxonomy":"product_tag","embeddable":true,"href":"https:\/\/ecosupplements.be\/fr\/wp-json\/wp\/v2\/product_tag?post=298200"}],"curies":[{"name":"wp","href":"https:\/\/api.w.org\/{rel}","templated":true}]}}