{"id":298227,"date":"2025-06-24T03:45:12","date_gmt":"2025-06-24T02:45:12","guid":{"rendered":"https:\/\/ecosupplements.be\/product\/usa-medical-solugel-bovine-collagen-240-g\/"},"modified":"2025-08-28T01:59:47","modified_gmt":"2025-08-28T00:59:47","slug":"usa-medical-solugel-bovine-collagen-240-g","status":"publish","type":"product","link":"https:\/\/ecosupplements.be\/fr\/produit\/usa-medical-solugel-bovine-collagen-240-g\/","title":{"rendered":"Collag\u00e8ne bovin Solugel\u00ae m\u00e9dical des \u00c9tats-Unis (240 g)"},"content":{"rendered":"<h2>USA medical Solugel\u00ae Bovine Collagen (240 g)<\/h2>\n<p>D\u00e9couvrez le Solugel\u00ae Bovine Collagen de USA medical, un choix parfait pour ceux qui appr\u00e9cient les ingr\u00e9dients naturels dans leur quotidien. Ce produit est con\u00e7u \u00e0 partir de collag\u00e8ne bovin, reconnu pour sa grande puret\u00e9 et son origine naturelle.<\/p>\n<p>Ce compl\u00e9ment en poudre se distingue par sa facilit\u00e9 d&#8217;utilisation. Il se m\u00e9lange ais\u00e9ment \u00e0 vos boissons ou pr\u00e9parations culinaires pr\u00e9f\u00e9r\u00e9es, sans alt\u00e9rer leur go\u00fbt ni leur texture. Chaque emballage contient 240 g de produit, id\u00e9al pour une utilisation r\u00e9guli\u00e8re.<\/p>\n<p>Le Solugel\u00ae Bovine Collagen est un excellent choix pour int\u00e9grer \u00e0 votre routine quotidienne, contribuant \u00e0 enrichir vos recettes avec des composants de qualit\u00e9 sup\u00e9rieure.<\/p>\n<p><strong>Ingr\u00e9dients principaux :<\/strong> Collag\u00e8ne bovin purifi\u00e9<\/p>\n<p><strong>contenu et emballage :<\/strong> Un pot contenant 240 g de poudre<\/p>\n<p><strong>Utilisation :<\/strong> Ajoutez la quantit\u00e9 recommand\u00e9e \u00e0 vos boissons ou plats favoris.<\/p>\n<p><strong>Caract\u00e9ristiques pratiques :<\/strong> Se dissout facilement et ne modifie pas le go\u00fbt des aliments.<\/p>\n<p>Avec USA medical Solugel\u00ae Bovine Collagen, optez pour un produit pratique et de haute qualit\u00e9 au quotidien.<\/p>\n","protected":false},"excerpt":{"rendered":"<p>USA medical Solugel\u00ae Bovine Collagen (240 g) D\u00e9couvrez le Solugel\u00ae Bovine Collagen de USA medical, un choix parfait pour ceux qui appr\u00e9cient les ingr\u00e9dients naturels dans leur quotidien. Ce produit est con\u00e7u \u00e0 partir de collag\u00e8ne bovin, reconnu pour sa grande puret\u00e9 et son origine naturelle. Ce compl\u00e9ment en poudre se distingue par sa facilit\u00e9 [&#8230;]\n","protected":false},"featured_media":271841,"comment_status":"closed","ping_status":"open","template":"","meta":[],"product_brand":[5331],"product_cat":[5052],"product_tag":[],"class_list":{"0":"post-298227","1":"product","2":"type-product","3":"status-publish","4":"has-post-thumbnail","6":"product_brand-usa-medical-2","7":"product_cat-sante-et-bien-etre","9":"first","10":"instock","11":"taxable","12":"shipping-taxable","13":"purchasable","14":"product-type-simple"},"yoast_head":"<!-- This site is optimized with the Yoast SEO Premium plugin v27.3 (Yoast SEO v27.3) - https:\/\/yoast.com\/product\/yoast-seo-premium-wordpress\/ -->\n<title>Collag\u00e8ne bovin Solugel\u00ae m\u00e9dical des \u00c9tats-Unis (240 g) - ECO Supplements<\/title>\n<meta name=\"description\" content=\"Wij hebben een ruime keuze aan producten van Collag\u00e8ne bovin Solugel\u00ae m\u00e9dical des \u00c9tats-Unis (240 g) . Winkel bij Eco Supplements altijd gratis verzending boven 100\u20ac\" \/>\n<meta name=\"robots\" content=\"index, follow, max-snippet:-1, max-image-preview:large, max-video-preview:-1\" \/>\n<link rel=\"canonical\" href=\"https:\/\/ecosupplements.be\/fr\/produit\/usa-medical-solugel-bovine-collagen-240-g\/\" \/>\n<meta property=\"og:locale\" content=\"fr_FR\" \/>\n<meta property=\"og:type\" content=\"article\" \/>\n<meta property=\"og:title\" content=\"Collag\u00e8ne bovin Solugel\u00ae m\u00e9dical des \u00c9tats-Unis (240 g)\" \/>\n<meta property=\"og:description\" content=\"Wij hebben een ruime keuze aan producten van Collag\u00e8ne bovin Solugel\u00ae m\u00e9dical des \u00c9tats-Unis (240 g) . Winkel bij Eco Supplements altijd gratis verzending boven 100\u20ac\" \/>\n<meta property=\"og:url\" content=\"https:\/\/ecosupplements.be\/fr\/produit\/usa-medical-solugel-bovine-collagen-240-g\/\" \/>\n<meta property=\"og:site_name\" content=\"ECO Supplements\" \/>\n<meta property=\"article:modified_time\" content=\"2025-08-28T00:59:47+00:00\" \/>\n<meta property=\"og:image\" content=\"https:\/\/ecosupplements.be\/wp-content\/uploads\/2025\/08\/USA-medical-USA-medical-Solugel\u00ae-Bovine-Collagen-240-g.webp\" \/>\n\t<meta property=\"og:image:width\" content=\"1000\" \/>\n\t<meta property=\"og:image:height\" content=\"1000\" \/>\n\t<meta property=\"og:image:type\" content=\"image\/webp\" \/>\n<meta name=\"twitter:card\" content=\"summary_large_image\" \/>\n<meta name=\"twitter:label1\" content=\"Prix\" \/>\n\t<meta name=\"twitter:data1\" content=\"15.58&nbsp;&euro;\" \/>\n\t<meta name=\"twitter:label2\" content=\"Disponibilit\u00e9\" \/>\n\t<meta name=\"twitter:data2\" content=\"En stock\" \/>\n<script type=\"application\/ld+json\" class=\"yoast-schema-graph\">{\"@context\":\"https:\\\/\\\/schema.org\",\"@graph\":[{\"@type\":[\"WebPage\",\"ItemPage\"],\"@id\":\"https:\\\/\\\/ecosupplements.be\\\/fr\\\/produit\\\/usa-medical-solugel-bovine-collagen-240-g\\\/\",\"url\":\"https:\\\/\\\/ecosupplements.be\\\/fr\\\/produit\\\/usa-medical-solugel-bovine-collagen-240-g\\\/\",\"name\":\"Collag\u00e8ne bovin Solugel\u00ae m\u00e9dical des \u00c9tats-Unis (240 g) - ECO Supplements\",\"isPartOf\":{\"@id\":\"https:\\\/\\\/ecosupplements.be\\\/fr\\\/#website\"},\"primaryImageOfPage\":{\"@id\":\"https:\\\/\\\/ecosupplements.be\\\/fr\\\/produit\\\/usa-medical-solugel-bovine-collagen-240-g\\\/#primaryimage\"},\"image\":{\"@id\":\"https:\\\/\\\/ecosupplements.be\\\/fr\\\/produit\\\/usa-medical-solugel-bovine-collagen-240-g\\\/#primaryimage\"},\"thumbnailUrl\":\"https:\\\/\\\/ecosupplements.be\\\/wp-content\\\/uploads\\\/2025\\\/08\\\/USAMEDICAL-SOLUGEL-BOVINE-COLLAGEN-242g_SUPP.webp\",\"datePublished\":\"2025-06-24T02:45:12+00:00\",\"dateModified\":\"2025-08-28T00:59:47+00:00\",\"description\":\"Wij hebben een ruime keuze aan producten van Collag\u00e8ne bovin Solugel\u00ae m\u00e9dical des \u00c9tats-Unis (240 g) . Winkel bij Eco Supplements altijd gratis verzending boven 100\u20ac\",\"breadcrumb\":{\"@id\":\"https:\\\/\\\/ecosupplements.be\\\/fr\\\/produit\\\/usa-medical-solugel-bovine-collagen-240-g\\\/#breadcrumb\"},\"inLanguage\":\"fr-FR\",\"potentialAction\":[{\"@type\":\"ReadAction\",\"target\":[\"https:\\\/\\\/ecosupplements.be\\\/fr\\\/produit\\\/usa-medical-solugel-bovine-collagen-240-g\\\/\"]}]},{\"@type\":\"ImageObject\",\"inLanguage\":\"fr-FR\",\"@id\":\"https:\\\/\\\/ecosupplements.be\\\/fr\\\/produit\\\/usa-medical-solugel-bovine-collagen-240-g\\\/#primaryimage\",\"url\":\"https:\\\/\\\/ecosupplements.be\\\/wp-content\\\/uploads\\\/2025\\\/08\\\/USAMEDICAL-SOLUGEL-BOVINE-COLLAGEN-242g_SUPP.webp\",\"contentUrl\":\"https:\\\/\\\/ecosupplements.be\\\/wp-content\\\/uploads\\\/2025\\\/08\\\/USAMEDICAL-SOLUGEL-BOVINE-COLLAGEN-242g_SUPP.webp\",\"width\":1000,\"height\":1000},{\"@type\":\"BreadcrumbList\",\"@id\":\"https:\\\/\\\/ecosupplements.be\\\/fr\\\/produit\\\/usa-medical-solugel-bovine-collagen-240-g\\\/#breadcrumb\",\"itemListElement\":[{\"@type\":\"ListItem\",\"position\":1,\"name\":\"Home\",\"item\":\"https:\\\/\\\/ecosupplements.be\\\/fr\\\/\"},{\"@type\":\"ListItem\",\"position\":2,\"name\":\"Boutique\",\"item\":\"https:\\\/\\\/ecosupplements.be\\\/fr\\\/boutique\\\/\"},{\"@type\":\"ListItem\",\"position\":3,\"name\":\"Collag\u00e8ne bovin Solugel\u00ae m\u00e9dical des \u00c9tats-Unis (240 g)\"}]},{\"@type\":\"WebSite\",\"@id\":\"https:\\\/\\\/ecosupplements.be\\\/fr\\\/#website\",\"url\":\"https:\\\/\\\/ecosupplements.be\\\/fr\\\/\",\"name\":\"ECO Supplements\",\"description\":\"Eco Supplements - Gezonde supplementen\",\"publisher\":{\"@id\":\"https:\\\/\\\/ecosupplements.be\\\/fr\\\/#organization\"},\"potentialAction\":[{\"@type\":\"SearchAction\",\"target\":{\"@type\":\"EntryPoint\",\"urlTemplate\":\"https:\\\/\\\/ecosupplements.be\\\/fr\\\/?s={search_term_string}\"},\"query-input\":{\"@type\":\"PropertyValueSpecification\",\"valueRequired\":true,\"valueName\":\"search_term_string\"}}],\"inLanguage\":\"fr-FR\"},{\"@type\":\"Organization\",\"@id\":\"https:\\\/\\\/ecosupplements.be\\\/fr\\\/#organization\",\"name\":\"Eco Supplements\",\"url\":\"https:\\\/\\\/ecosupplements.be\\\/fr\\\/\",\"logo\":{\"@type\":\"ImageObject\",\"inLanguage\":\"fr-FR\",\"@id\":\"https:\\\/\\\/ecosupplements.be\\\/fr\\\/#\\\/schema\\\/logo\\\/image\\\/\",\"url\":\"https:\\\/\\\/ecosupplements.be\\\/wp-content\\\/uploads\\\/2022\\\/06\\\/ecosupplement-family.png\",\"contentUrl\":\"https:\\\/\\\/ecosupplements.be\\\/wp-content\\\/uploads\\\/2022\\\/06\\\/ecosupplement-family.png\",\"width\":593,\"height\":374,\"caption\":\"Eco Supplements\"},\"image\":{\"@id\":\"https:\\\/\\\/ecosupplements.be\\\/fr\\\/#\\\/schema\\\/logo\\\/image\\\/\"}}]}<\/script>\n<meta property=\"product:brand\" content=\"USA medical\" \/>\n<meta property=\"product:price:amount\" content=\"15.58\" \/>\n<meta property=\"product:price:currency\" content=\"EUR\" \/>\n<meta property=\"og:availability\" content=\"instock\" \/>\n<meta property=\"product:availability\" content=\"instock\" \/>\n<meta property=\"product:retailer_item_id\" content=\"5999860835202\" \/>\n<meta property=\"product:condition\" content=\"new\" \/>\n<!-- \/ Yoast SEO Premium plugin. -->","yoast_head_json":{"title":"Collag\u00e8ne bovin Solugel\u00ae m\u00e9dical des \u00c9tats-Unis (240 g) - ECO Supplements","description":"Wij hebben een ruime keuze aan producten van Collag\u00e8ne bovin Solugel\u00ae m\u00e9dical des \u00c9tats-Unis (240 g) . Winkel bij Eco Supplements altijd gratis verzending boven 100\u20ac","robots":{"index":"index","follow":"follow","max-snippet":"max-snippet:-1","max-image-preview":"max-image-preview:large","max-video-preview":"max-video-preview:-1"},"canonical":"https:\/\/ecosupplements.be\/fr\/produit\/usa-medical-solugel-bovine-collagen-240-g\/","og_locale":"fr_FR","og_type":"article","og_title":"Collag\u00e8ne bovin Solugel\u00ae m\u00e9dical des \u00c9tats-Unis (240 g)","og_description":"Wij hebben een ruime keuze aan producten van Collag\u00e8ne bovin Solugel\u00ae m\u00e9dical des \u00c9tats-Unis (240 g) . Winkel bij Eco Supplements altijd gratis verzending boven 100\u20ac","og_url":"https:\/\/ecosupplements.be\/fr\/produit\/usa-medical-solugel-bovine-collagen-240-g\/","og_site_name":"ECO Supplements","article_modified_time":"2025-08-28T00:59:47+00:00","og_image":[{"width":1000,"height":1000,"url":"https:\/\/ecosupplements.be\/wp-content\/uploads\/2025\/08\/USA-medical-USA-medical-Solugel\u00ae-Bovine-Collagen-240-g.webp","type":"image\/webp"}],"twitter_card":"summary_large_image","twitter_misc":{"Prix":"15.58&nbsp;&euro;","Disponibilit\u00e9":"En stock"},"schema":{"@context":"https:\/\/schema.org","@graph":[{"@type":["WebPage","ItemPage"],"@id":"https:\/\/ecosupplements.be\/fr\/produit\/usa-medical-solugel-bovine-collagen-240-g\/","url":"https:\/\/ecosupplements.be\/fr\/produit\/usa-medical-solugel-bovine-collagen-240-g\/","name":"Collag\u00e8ne bovin Solugel\u00ae m\u00e9dical des \u00c9tats-Unis (240 g) - ECO Supplements","isPartOf":{"@id":"https:\/\/ecosupplements.be\/fr\/#website"},"primaryImageOfPage":{"@id":"https:\/\/ecosupplements.be\/fr\/produit\/usa-medical-solugel-bovine-collagen-240-g\/#primaryimage"},"image":{"@id":"https:\/\/ecosupplements.be\/fr\/produit\/usa-medical-solugel-bovine-collagen-240-g\/#primaryimage"},"thumbnailUrl":"https:\/\/ecosupplements.be\/wp-content\/uploads\/2025\/08\/USAMEDICAL-SOLUGEL-BOVINE-COLLAGEN-242g_SUPP.webp","datePublished":"2025-06-24T02:45:12+00:00","dateModified":"2025-08-28T00:59:47+00:00","description":"Wij hebben een ruime keuze aan producten van Collag\u00e8ne bovin Solugel\u00ae m\u00e9dical des \u00c9tats-Unis (240 g) . Winkel bij Eco Supplements altijd gratis verzending boven 100\u20ac","breadcrumb":{"@id":"https:\/\/ecosupplements.be\/fr\/produit\/usa-medical-solugel-bovine-collagen-240-g\/#breadcrumb"},"inLanguage":"fr-FR","potentialAction":[{"@type":"ReadAction","target":["https:\/\/ecosupplements.be\/fr\/produit\/usa-medical-solugel-bovine-collagen-240-g\/"]}]},{"@type":"ImageObject","inLanguage":"fr-FR","@id":"https:\/\/ecosupplements.be\/fr\/produit\/usa-medical-solugel-bovine-collagen-240-g\/#primaryimage","url":"https:\/\/ecosupplements.be\/wp-content\/uploads\/2025\/08\/USAMEDICAL-SOLUGEL-BOVINE-COLLAGEN-242g_SUPP.webp","contentUrl":"https:\/\/ecosupplements.be\/wp-content\/uploads\/2025\/08\/USAMEDICAL-SOLUGEL-BOVINE-COLLAGEN-242g_SUPP.webp","width":1000,"height":1000},{"@type":"BreadcrumbList","@id":"https:\/\/ecosupplements.be\/fr\/produit\/usa-medical-solugel-bovine-collagen-240-g\/#breadcrumb","itemListElement":[{"@type":"ListItem","position":1,"name":"Home","item":"https:\/\/ecosupplements.be\/fr\/"},{"@type":"ListItem","position":2,"name":"Boutique","item":"https:\/\/ecosupplements.be\/fr\/boutique\/"},{"@type":"ListItem","position":3,"name":"Collag\u00e8ne bovin Solugel\u00ae m\u00e9dical des \u00c9tats-Unis (240 g)"}]},{"@type":"WebSite","@id":"https:\/\/ecosupplements.be\/fr\/#website","url":"https:\/\/ecosupplements.be\/fr\/","name":"ECO Supplements","description":"Eco Supplements - Gezonde supplementen","publisher":{"@id":"https:\/\/ecosupplements.be\/fr\/#organization"},"potentialAction":[{"@type":"SearchAction","target":{"@type":"EntryPoint","urlTemplate":"https:\/\/ecosupplements.be\/fr\/?s={search_term_string}"},"query-input":{"@type":"PropertyValueSpecification","valueRequired":true,"valueName":"search_term_string"}}],"inLanguage":"fr-FR"},{"@type":"Organization","@id":"https:\/\/ecosupplements.be\/fr\/#organization","name":"Eco Supplements","url":"https:\/\/ecosupplements.be\/fr\/","logo":{"@type":"ImageObject","inLanguage":"fr-FR","@id":"https:\/\/ecosupplements.be\/fr\/#\/schema\/logo\/image\/","url":"https:\/\/ecosupplements.be\/wp-content\/uploads\/2022\/06\/ecosupplement-family.png","contentUrl":"https:\/\/ecosupplements.be\/wp-content\/uploads\/2022\/06\/ecosupplement-family.png","width":593,"height":374,"caption":"Eco Supplements"},"image":{"@id":"https:\/\/ecosupplements.be\/fr\/#\/schema\/logo\/image\/"}}]},"product_brand":"USA medical","product_price_amount":"15.58","product_price_currency":"EUR","og_availability":"instock","product_availability":"instock","product_retailer_item_id":"5999860835202","product_condition":"new"},"_links":{"self":[{"href":"https:\/\/ecosupplements.be\/fr\/wp-json\/wp\/v2\/product\/298227","targetHints":{"allow":["GET"]}}],"collection":[{"href":"https:\/\/ecosupplements.be\/fr\/wp-json\/wp\/v2\/product"}],"about":[{"href":"https:\/\/ecosupplements.be\/fr\/wp-json\/wp\/v2\/types\/product"}],"replies":[{"embeddable":true,"href":"https:\/\/ecosupplements.be\/fr\/wp-json\/wp\/v2\/comments?post=298227"}],"wp:featuredmedia":[{"embeddable":true,"href":"https:\/\/ecosupplements.be\/fr\/wp-json\/wp\/v2\/media\/271841"}],"wp:attachment":[{"href":"https:\/\/ecosupplements.be\/fr\/wp-json\/wp\/v2\/media?parent=298227"}],"wp:term":[{"taxonomy":"product_brand","embeddable":true,"href":"https:\/\/ecosupplements.be\/fr\/wp-json\/wp\/v2\/product_brand?post=298227"},{"taxonomy":"product_cat","embeddable":true,"href":"https:\/\/ecosupplements.be\/fr\/wp-json\/wp\/v2\/product_cat?post=298227"},{"taxonomy":"product_tag","embeddable":true,"href":"https:\/\/ecosupplements.be\/fr\/wp-json\/wp\/v2\/product_tag?post=298227"}],"curies":[{"name":"wp","href":"https:\/\/api.w.org\/{rel}","templated":true}]}}