{"id":298240,"date":"2025-06-24T03:46:01","date_gmt":"2025-06-24T02:46:01","guid":{"rendered":"https:\/\/ecosupplements.be\/product\/usa-medical-vegan-collagen-booster-90-capsules\/"},"modified":"2025-08-28T01:59:57","modified_gmt":"2025-08-28T00:59:57","slug":"usa-medical-vegan-collagen-booster-90-capsules","status":"publish","type":"product","link":"https:\/\/ecosupplements.be\/fr\/produit\/usa-medical-vegan-collagen-booster-90-capsules\/","title":{"rendered":"Booster de collag\u00e8ne v\u00e9g\u00e9talien pour la sant\u00e9 (90 capsules)"},"content":{"rendered":"<h2>USA medical Vegan Collagen Booster (90 Capsules)<\/h2>\n<p>D\u00e9couvrez le <strong>USA medical Vegan Collagen booster<\/strong>, un choix parfait pour ceux qui appr\u00e9cient les ingr\u00e9dients naturels dans un mode de vie sain. Ce produit est con\u00e7u pour s&#8217;int\u00e9grer harmonieusement \u00e0 votre quotidien gr\u00e2ce \u00e0 son format pratique de 90 capsules.<\/p>\n<p>Ce compl\u00e9ment est formul\u00e9 \u00e0 partir d&#8217;ingr\u00e9dients d&#8217;origine naturelle, s\u00e9lectionn\u00e9s pour leur grande puret\u00e9. Chaque capsule contient une composition soigneusement \u00e9labour\u00e9e, sans all\u00e9gations sant\u00e9 sp\u00e9cifiques, mettant en avant la qualit\u00e9 et l&#8217;origine des composants.<\/p>\n<p><strong>Ingr\u00e9dients principaux :<\/strong> Le Vegan Collagen Booster inclut des extraits de plantes et des min\u00e9raux essentiels, tous issus de sources v\u00e9g\u00e9tales et naturelles. Ces ingr\u00e9dients sont choisis pour leur qualit\u00e9 sup\u00e9rieure et leur puret\u00e9.<\/p>\n<p><strong>Utilisation :<\/strong> Pour une int\u00e9gration facile dans votre routine quotidienne, il est recommand\u00e9 de prendre une dose journali\u00e8re selon les indications sur l&#8217;emballage ou les conseils de votre professionnel du bien-\u00eatre.<\/p>\n<p>Ce produit se distingue par sa facilit\u00e9 d&#8217;utilisation et son emballage pratique qui assurent une conservation optimale des capsules. Un compl\u00e9ment simple pour un usage quotidien qui s&#8217;accorde avec un style de vie actif et \u00e9quilibr\u00e9.<\/p>\n<p>Avec le <em>Vegan Collagen Booster<\/em> de USA medical, optez pour un choix naturel sans compromettre sur la qualit\u00e9.<\/p>\n","protected":false},"excerpt":{"rendered":"<p>USA medical Vegan Collagen Booster (90 Capsules) D\u00e9couvrez le USA medical Vegan Collagen booster, un choix parfait pour ceux qui appr\u00e9cient les ingr\u00e9dients naturels dans un mode de vie sain. Ce produit est con\u00e7u pour s&#8217;int\u00e9grer harmonieusement \u00e0 votre quotidien gr\u00e2ce \u00e0 son format pratique de 90 capsules. Ce compl\u00e9ment est formul\u00e9 \u00e0 partir d&#8217;ingr\u00e9dients [&#8230;]\n","protected":false},"featured_media":271853,"comment_status":"closed","ping_status":"open","template":"","meta":[],"product_brand":[5331],"product_cat":[5052],"product_tag":[],"class_list":{"0":"post-298240","1":"product","2":"type-product","3":"status-publish","4":"has-post-thumbnail","6":"product_brand-usa-medical-2","7":"product_cat-sante-et-bien-etre","9":"first","10":"instock","11":"taxable","12":"shipping-taxable","13":"purchasable","14":"product-type-simple"},"yoast_head":"<!-- This site is optimized with the Yoast SEO Premium plugin v27.3 (Yoast SEO v27.3) - https:\/\/yoast.com\/product\/yoast-seo-premium-wordpress\/ -->\n<title>Booster de collag\u00e8ne v\u00e9g\u00e9talien pour la sant\u00e9 (90 capsules) - ECO Supplements<\/title>\n<meta name=\"description\" content=\"Wij hebben een ruime keuze aan producten van Booster de collag\u00e8ne v\u00e9g\u00e9talien pour la sant\u00e9 (90 capsules) . Winkel bij Eco Supplements altijd gratis verzending boven 100\u20ac\" \/>\n<meta name=\"robots\" content=\"index, follow, max-snippet:-1, max-image-preview:large, max-video-preview:-1\" \/>\n<link rel=\"canonical\" href=\"https:\/\/ecosupplements.be\/fr\/produit\/usa-medical-vegan-collagen-booster-90-capsules\/\" \/>\n<meta property=\"og:locale\" content=\"fr_FR\" \/>\n<meta property=\"og:type\" content=\"article\" \/>\n<meta property=\"og:title\" content=\"Booster de collag\u00e8ne v\u00e9g\u00e9talien pour la sant\u00e9 (90 capsules)\" \/>\n<meta property=\"og:description\" content=\"Wij hebben een ruime keuze aan producten van Booster de collag\u00e8ne v\u00e9g\u00e9talien pour la sant\u00e9 (90 capsules) . Winkel bij Eco Supplements altijd gratis verzending boven 100\u20ac\" \/>\n<meta property=\"og:url\" content=\"https:\/\/ecosupplements.be\/fr\/produit\/usa-medical-vegan-collagen-booster-90-capsules\/\" \/>\n<meta property=\"og:site_name\" content=\"ECO Supplements\" \/>\n<meta property=\"article:modified_time\" content=\"2025-08-28T00:59:57+00:00\" \/>\n<meta property=\"og:image\" content=\"https:\/\/ecosupplements.be\/wp-content\/uploads\/2025\/08\/USA-medical-USA-medical-Vegan-Collagen-Booster-90-Capsules.webp\" \/>\n\t<meta property=\"og:image:width\" content=\"1000\" \/>\n\t<meta property=\"og:image:height\" content=\"1000\" \/>\n\t<meta property=\"og:image:type\" content=\"image\/webp\" \/>\n<meta name=\"twitter:card\" content=\"summary_large_image\" \/>\n<meta name=\"twitter:label1\" content=\"Prix\" \/>\n\t<meta name=\"twitter:data1\" content=\"13.14&nbsp;&euro;\" \/>\n\t<meta name=\"twitter:label2\" content=\"Disponibilit\u00e9\" \/>\n\t<meta name=\"twitter:data2\" content=\"En stock\" \/>\n<script type=\"application\/ld+json\" class=\"yoast-schema-graph\">{\"@context\":\"https:\\\/\\\/schema.org\",\"@graph\":[{\"@type\":[\"WebPage\",\"ItemPage\"],\"@id\":\"https:\\\/\\\/ecosupplements.be\\\/fr\\\/produit\\\/usa-medical-vegan-collagen-booster-90-capsules\\\/\",\"url\":\"https:\\\/\\\/ecosupplements.be\\\/fr\\\/produit\\\/usa-medical-vegan-collagen-booster-90-capsules\\\/\",\"name\":\"Booster de collag\u00e8ne v\u00e9g\u00e9talien pour la sant\u00e9 (90 capsules) - ECO Supplements\",\"isPartOf\":{\"@id\":\"https:\\\/\\\/ecosupplements.be\\\/fr\\\/#website\"},\"primaryImageOfPage\":{\"@id\":\"https:\\\/\\\/ecosupplements.be\\\/fr\\\/produit\\\/usa-medical-vegan-collagen-booster-90-capsules\\\/#primaryimage\"},\"image\":{\"@id\":\"https:\\\/\\\/ecosupplements.be\\\/fr\\\/produit\\\/usa-medical-vegan-collagen-booster-90-capsules\\\/#primaryimage\"},\"thumbnailUrl\":\"https:\\\/\\\/ecosupplements.be\\\/wp-content\\\/uploads\\\/2025\\\/08\\\/USAMEDICAL-VEGAN-COLLAGEN-BOOSTER-90_SUPP.webp\",\"datePublished\":\"2025-06-24T02:46:01+00:00\",\"dateModified\":\"2025-08-28T00:59:57+00:00\",\"description\":\"Wij hebben een ruime keuze aan producten van Booster de collag\u00e8ne v\u00e9g\u00e9talien pour la sant\u00e9 (90 capsules) . Winkel bij Eco Supplements altijd gratis verzending boven 100\u20ac\",\"breadcrumb\":{\"@id\":\"https:\\\/\\\/ecosupplements.be\\\/fr\\\/produit\\\/usa-medical-vegan-collagen-booster-90-capsules\\\/#breadcrumb\"},\"inLanguage\":\"fr-FR\",\"potentialAction\":[{\"@type\":\"ReadAction\",\"target\":[\"https:\\\/\\\/ecosupplements.be\\\/fr\\\/produit\\\/usa-medical-vegan-collagen-booster-90-capsules\\\/\"]}]},{\"@type\":\"ImageObject\",\"inLanguage\":\"fr-FR\",\"@id\":\"https:\\\/\\\/ecosupplements.be\\\/fr\\\/produit\\\/usa-medical-vegan-collagen-booster-90-capsules\\\/#primaryimage\",\"url\":\"https:\\\/\\\/ecosupplements.be\\\/wp-content\\\/uploads\\\/2025\\\/08\\\/USAMEDICAL-VEGAN-COLLAGEN-BOOSTER-90_SUPP.webp\",\"contentUrl\":\"https:\\\/\\\/ecosupplements.be\\\/wp-content\\\/uploads\\\/2025\\\/08\\\/USAMEDICAL-VEGAN-COLLAGEN-BOOSTER-90_SUPP.webp\",\"width\":1000,\"height\":1000},{\"@type\":\"BreadcrumbList\",\"@id\":\"https:\\\/\\\/ecosupplements.be\\\/fr\\\/produit\\\/usa-medical-vegan-collagen-booster-90-capsules\\\/#breadcrumb\",\"itemListElement\":[{\"@type\":\"ListItem\",\"position\":1,\"name\":\"Home\",\"item\":\"https:\\\/\\\/ecosupplements.be\\\/fr\\\/\"},{\"@type\":\"ListItem\",\"position\":2,\"name\":\"Boutique\",\"item\":\"https:\\\/\\\/ecosupplements.be\\\/fr\\\/boutique\\\/\"},{\"@type\":\"ListItem\",\"position\":3,\"name\":\"Booster de collag\u00e8ne v\u00e9g\u00e9talien pour la sant\u00e9 (90 capsules)\"}]},{\"@type\":\"WebSite\",\"@id\":\"https:\\\/\\\/ecosupplements.be\\\/fr\\\/#website\",\"url\":\"https:\\\/\\\/ecosupplements.be\\\/fr\\\/\",\"name\":\"ECO Supplements\",\"description\":\"Eco Supplements - Gezonde supplementen\",\"publisher\":{\"@id\":\"https:\\\/\\\/ecosupplements.be\\\/fr\\\/#organization\"},\"potentialAction\":[{\"@type\":\"SearchAction\",\"target\":{\"@type\":\"EntryPoint\",\"urlTemplate\":\"https:\\\/\\\/ecosupplements.be\\\/fr\\\/?s={search_term_string}\"},\"query-input\":{\"@type\":\"PropertyValueSpecification\",\"valueRequired\":true,\"valueName\":\"search_term_string\"}}],\"inLanguage\":\"fr-FR\"},{\"@type\":\"Organization\",\"@id\":\"https:\\\/\\\/ecosupplements.be\\\/fr\\\/#organization\",\"name\":\"Eco Supplements\",\"url\":\"https:\\\/\\\/ecosupplements.be\\\/fr\\\/\",\"logo\":{\"@type\":\"ImageObject\",\"inLanguage\":\"fr-FR\",\"@id\":\"https:\\\/\\\/ecosupplements.be\\\/fr\\\/#\\\/schema\\\/logo\\\/image\\\/\",\"url\":\"https:\\\/\\\/ecosupplements.be\\\/wp-content\\\/uploads\\\/2022\\\/06\\\/ecosupplement-family.png\",\"contentUrl\":\"https:\\\/\\\/ecosupplements.be\\\/wp-content\\\/uploads\\\/2022\\\/06\\\/ecosupplement-family.png\",\"width\":593,\"height\":374,\"caption\":\"Eco Supplements\"},\"image\":{\"@id\":\"https:\\\/\\\/ecosupplements.be\\\/fr\\\/#\\\/schema\\\/logo\\\/image\\\/\"}}]}<\/script>\n<meta property=\"product:brand\" content=\"USA medical\" \/>\n<meta property=\"product:price:amount\" content=\"13.14\" \/>\n<meta property=\"product:price:currency\" content=\"EUR\" \/>\n<meta property=\"og:availability\" content=\"instock\" \/>\n<meta property=\"product:availability\" content=\"instock\" \/>\n<meta property=\"product:retailer_item_id\" content=\"5999860835325\" \/>\n<meta property=\"product:condition\" content=\"new\" \/>\n<!-- \/ Yoast SEO Premium plugin. -->","yoast_head_json":{"title":"Booster de collag\u00e8ne v\u00e9g\u00e9talien pour la sant\u00e9 (90 capsules) - ECO Supplements","description":"Wij hebben een ruime keuze aan producten van Booster de collag\u00e8ne v\u00e9g\u00e9talien pour la sant\u00e9 (90 capsules) . Winkel bij Eco Supplements altijd gratis verzending boven 100\u20ac","robots":{"index":"index","follow":"follow","max-snippet":"max-snippet:-1","max-image-preview":"max-image-preview:large","max-video-preview":"max-video-preview:-1"},"canonical":"https:\/\/ecosupplements.be\/fr\/produit\/usa-medical-vegan-collagen-booster-90-capsules\/","og_locale":"fr_FR","og_type":"article","og_title":"Booster de collag\u00e8ne v\u00e9g\u00e9talien pour la sant\u00e9 (90 capsules)","og_description":"Wij hebben een ruime keuze aan producten van Booster de collag\u00e8ne v\u00e9g\u00e9talien pour la sant\u00e9 (90 capsules) . Winkel bij Eco Supplements altijd gratis verzending boven 100\u20ac","og_url":"https:\/\/ecosupplements.be\/fr\/produit\/usa-medical-vegan-collagen-booster-90-capsules\/","og_site_name":"ECO Supplements","article_modified_time":"2025-08-28T00:59:57+00:00","og_image":[{"width":1000,"height":1000,"url":"https:\/\/ecosupplements.be\/wp-content\/uploads\/2025\/08\/USA-medical-USA-medical-Vegan-Collagen-Booster-90-Capsules.webp","type":"image\/webp"}],"twitter_card":"summary_large_image","twitter_misc":{"Prix":"13.14&nbsp;&euro;","Disponibilit\u00e9":"En stock"},"schema":{"@context":"https:\/\/schema.org","@graph":[{"@type":["WebPage","ItemPage"],"@id":"https:\/\/ecosupplements.be\/fr\/produit\/usa-medical-vegan-collagen-booster-90-capsules\/","url":"https:\/\/ecosupplements.be\/fr\/produit\/usa-medical-vegan-collagen-booster-90-capsules\/","name":"Booster de collag\u00e8ne v\u00e9g\u00e9talien pour la sant\u00e9 (90 capsules) - ECO Supplements","isPartOf":{"@id":"https:\/\/ecosupplements.be\/fr\/#website"},"primaryImageOfPage":{"@id":"https:\/\/ecosupplements.be\/fr\/produit\/usa-medical-vegan-collagen-booster-90-capsules\/#primaryimage"},"image":{"@id":"https:\/\/ecosupplements.be\/fr\/produit\/usa-medical-vegan-collagen-booster-90-capsules\/#primaryimage"},"thumbnailUrl":"https:\/\/ecosupplements.be\/wp-content\/uploads\/2025\/08\/USAMEDICAL-VEGAN-COLLAGEN-BOOSTER-90_SUPP.webp","datePublished":"2025-06-24T02:46:01+00:00","dateModified":"2025-08-28T00:59:57+00:00","description":"Wij hebben een ruime keuze aan producten van Booster de collag\u00e8ne v\u00e9g\u00e9talien pour la sant\u00e9 (90 capsules) . Winkel bij Eco Supplements altijd gratis verzending boven 100\u20ac","breadcrumb":{"@id":"https:\/\/ecosupplements.be\/fr\/produit\/usa-medical-vegan-collagen-booster-90-capsules\/#breadcrumb"},"inLanguage":"fr-FR","potentialAction":[{"@type":"ReadAction","target":["https:\/\/ecosupplements.be\/fr\/produit\/usa-medical-vegan-collagen-booster-90-capsules\/"]}]},{"@type":"ImageObject","inLanguage":"fr-FR","@id":"https:\/\/ecosupplements.be\/fr\/produit\/usa-medical-vegan-collagen-booster-90-capsules\/#primaryimage","url":"https:\/\/ecosupplements.be\/wp-content\/uploads\/2025\/08\/USAMEDICAL-VEGAN-COLLAGEN-BOOSTER-90_SUPP.webp","contentUrl":"https:\/\/ecosupplements.be\/wp-content\/uploads\/2025\/08\/USAMEDICAL-VEGAN-COLLAGEN-BOOSTER-90_SUPP.webp","width":1000,"height":1000},{"@type":"BreadcrumbList","@id":"https:\/\/ecosupplements.be\/fr\/produit\/usa-medical-vegan-collagen-booster-90-capsules\/#breadcrumb","itemListElement":[{"@type":"ListItem","position":1,"name":"Home","item":"https:\/\/ecosupplements.be\/fr\/"},{"@type":"ListItem","position":2,"name":"Boutique","item":"https:\/\/ecosupplements.be\/fr\/boutique\/"},{"@type":"ListItem","position":3,"name":"Booster de collag\u00e8ne v\u00e9g\u00e9talien pour la sant\u00e9 (90 capsules)"}]},{"@type":"WebSite","@id":"https:\/\/ecosupplements.be\/fr\/#website","url":"https:\/\/ecosupplements.be\/fr\/","name":"ECO Supplements","description":"Eco Supplements - Gezonde supplementen","publisher":{"@id":"https:\/\/ecosupplements.be\/fr\/#organization"},"potentialAction":[{"@type":"SearchAction","target":{"@type":"EntryPoint","urlTemplate":"https:\/\/ecosupplements.be\/fr\/?s={search_term_string}"},"query-input":{"@type":"PropertyValueSpecification","valueRequired":true,"valueName":"search_term_string"}}],"inLanguage":"fr-FR"},{"@type":"Organization","@id":"https:\/\/ecosupplements.be\/fr\/#organization","name":"Eco Supplements","url":"https:\/\/ecosupplements.be\/fr\/","logo":{"@type":"ImageObject","inLanguage":"fr-FR","@id":"https:\/\/ecosupplements.be\/fr\/#\/schema\/logo\/image\/","url":"https:\/\/ecosupplements.be\/wp-content\/uploads\/2022\/06\/ecosupplement-family.png","contentUrl":"https:\/\/ecosupplements.be\/wp-content\/uploads\/2022\/06\/ecosupplement-family.png","width":593,"height":374,"caption":"Eco Supplements"},"image":{"@id":"https:\/\/ecosupplements.be\/fr\/#\/schema\/logo\/image\/"}}]},"product_brand":"USA medical","product_price_amount":"13.14","product_price_currency":"EUR","og_availability":"instock","product_availability":"instock","product_retailer_item_id":"5999860835325","product_condition":"new"},"_links":{"self":[{"href":"https:\/\/ecosupplements.be\/fr\/wp-json\/wp\/v2\/product\/298240","targetHints":{"allow":["GET"]}}],"collection":[{"href":"https:\/\/ecosupplements.be\/fr\/wp-json\/wp\/v2\/product"}],"about":[{"href":"https:\/\/ecosupplements.be\/fr\/wp-json\/wp\/v2\/types\/product"}],"replies":[{"embeddable":true,"href":"https:\/\/ecosupplements.be\/fr\/wp-json\/wp\/v2\/comments?post=298240"}],"wp:featuredmedia":[{"embeddable":true,"href":"https:\/\/ecosupplements.be\/fr\/wp-json\/wp\/v2\/media\/271853"}],"wp:attachment":[{"href":"https:\/\/ecosupplements.be\/fr\/wp-json\/wp\/v2\/media?parent=298240"}],"wp:term":[{"taxonomy":"product_brand","embeddable":true,"href":"https:\/\/ecosupplements.be\/fr\/wp-json\/wp\/v2\/product_brand?post=298240"},{"taxonomy":"product_cat","embeddable":true,"href":"https:\/\/ecosupplements.be\/fr\/wp-json\/wp\/v2\/product_cat?post=298240"},{"taxonomy":"product_tag","embeddable":true,"href":"https:\/\/ecosupplements.be\/fr\/wp-json\/wp\/v2\/product_tag?post=298240"}],"curies":[{"name":"wp","href":"https:\/\/api.w.org\/{rel}","templated":true}]}}