{"id":298277,"date":"2025-06-24T06:15:13","date_gmt":"2025-06-24T05:15:13","guid":{"rendered":"https:\/\/ecosupplements.be\/product\/vitabiotics-wellkid-calcium-liquid-150-ml\/"},"modified":"2025-08-28T02:00:31","modified_gmt":"2025-08-28T01:00:31","slug":"vitabiotics-wellkid-calcium-liquid-150-ml","status":"publish","type":"product","link":"https:\/\/ecosupplements.be\/fr\/produit\/vitabiotics-wellkid-calcium-liquid-150-ml\/","title":{"rendered":"Vitabiotics Wellkid Calcium Liquide (150 ml)"},"content":{"rendered":"<h2>Vitabiotics Wellkid Calcium Liquid (150 ml)<\/h2>\n<p>D\u00e9couvrez le <strong>Vitabiotics Wellkid Calcium Liquid<\/strong>, un choix parfait pour ceux qui appr\u00e9cient les ingr\u00e9dients naturels dans un mode de vie sain. Ce produit est con\u00e7u pour \u00eatre int\u00e9gr\u00e9 facilement \u00e0 votre quotidien gr\u00e2ce \u00e0 son format liquide pratique et son go\u00fbt agr\u00e9able.<\/p>\n<h3>Composition<\/h3>\n<p>Ce produit est formul\u00e9 avec des composants de grande puret\u00e9, issus d&#8217;origines naturelles. Il est conditionn\u00e9 dans un flacon de 150 ml, id\u00e9al pour une utilisation r\u00e9guli\u00e8re.<\/p>\n<h3>Utilisation<\/h3>\n<p>Le Vitabiotics Wellkid Calcium Liquid se consomme simplement. Pour une utilisation optimale, suivez les instructions sur l&#8217;emballage ou consultez votre professionnel.<\/p>\n<h3>Caract\u00e9ristiques pratiques<\/h3>\n<p>avec son emballage ergonomique et son go\u00fbt adapt\u00e9, ce produit est non seulement facile \u00e0 utiliser mais aussi agr\u00e9able au quotidien.<\/p>\n<p>Faites le choix d&#8217;un style de vie \u00e9quilibr\u00e9 avec Vitabiotics Wellkid Calcium Liquid, une option simple et naturelle pour tous les jours.<\/p>\n","protected":false},"excerpt":{"rendered":"<p>Vitabiotics Wellkid Calcium Liquid (150 ml) D\u00e9couvrez le Vitabiotics Wellkid Calcium Liquid, un choix parfait pour ceux qui appr\u00e9cient les ingr\u00e9dients naturels dans un mode de vie sain. Ce produit est con\u00e7u pour \u00eatre int\u00e9gr\u00e9 facilement \u00e0 votre quotidien gr\u00e2ce \u00e0 son format liquide pratique et son go\u00fbt agr\u00e9able. Composition Ce produit est formul\u00e9 avec [&#8230;]\n","protected":false},"featured_media":0,"comment_status":"closed","ping_status":"open","template":"","meta":[],"product_brand":[5334],"product_cat":[5052],"product_tag":[],"class_list":{"0":"post-298277","1":"product","2":"type-product","3":"status-publish","5":"product_brand-vitabiotics-2","6":"product_cat-sante-et-bien-etre","8":"first","9":"instock","10":"taxable","11":"shipping-taxable","12":"purchasable","13":"product-type-simple"},"yoast_head":"<!-- This site is optimized with the Yoast SEO Premium plugin v27.3 (Yoast SEO v27.3) - https:\/\/yoast.com\/product\/yoast-seo-premium-wordpress\/ -->\n<title>Vitabiotics Wellkid Calcium Liquide (150 ml) - ECO Supplements<\/title>\n<meta name=\"description\" content=\"Wij hebben een ruime keuze aan producten van Vitabiotics Wellkid Calcium Liquide (150 ml) . Winkel bij Eco Supplements altijd gratis verzending boven 100\u20ac\" \/>\n<meta name=\"robots\" content=\"index, follow, max-snippet:-1, max-image-preview:large, max-video-preview:-1\" \/>\n<link rel=\"canonical\" href=\"https:\/\/ecosupplements.be\/fr\/produit\/vitabiotics-wellkid-calcium-liquid-150-ml\/\" \/>\n<meta property=\"og:locale\" content=\"fr_FR\" \/>\n<meta property=\"og:type\" content=\"article\" \/>\n<meta property=\"og:title\" content=\"Vitabiotics Wellkid Calcium Liquide (150 ml)\" \/>\n<meta property=\"og:description\" content=\"Wij hebben een ruime keuze aan producten van Vitabiotics Wellkid Calcium Liquide (150 ml) . Winkel bij Eco Supplements altijd gratis verzending boven 100\u20ac\" \/>\n<meta property=\"og:url\" content=\"https:\/\/ecosupplements.be\/fr\/produit\/vitabiotics-wellkid-calcium-liquid-150-ml\/\" \/>\n<meta property=\"og:site_name\" content=\"ECO Supplements\" \/>\n<meta property=\"article:modified_time\" content=\"2025-08-28T01:00:31+00:00\" \/>\n<meta property=\"og:image\" content=\"https:\/\/ecosupplements.be\/wp-content\/uploads\/2022\/06\/ecosupplement-family.png\" \/>\n\t<meta property=\"og:image:width\" content=\"593\" \/>\n\t<meta property=\"og:image:height\" content=\"374\" \/>\n\t<meta property=\"og:image:type\" content=\"image\/png\" \/>\n<meta name=\"twitter:card\" content=\"summary_large_image\" \/>\n<meta name=\"twitter:label1\" content=\"Prix\" \/>\n\t<meta name=\"twitter:data1\" content=\"5.93&nbsp;&euro;\" \/>\n\t<meta name=\"twitter:label2\" content=\"Disponibilit\u00e9\" \/>\n\t<meta name=\"twitter:data2\" content=\"En stock\" \/>\n<script type=\"application\/ld+json\" class=\"yoast-schema-graph\">{\"@context\":\"https:\\\/\\\/schema.org\",\"@graph\":[{\"@type\":[\"WebPage\",\"ItemPage\"],\"@id\":\"https:\\\/\\\/ecosupplements.be\\\/fr\\\/produit\\\/vitabiotics-wellkid-calcium-liquid-150-ml\\\/\",\"url\":\"https:\\\/\\\/ecosupplements.be\\\/fr\\\/produit\\\/vitabiotics-wellkid-calcium-liquid-150-ml\\\/\",\"name\":\"Vitabiotics Wellkid Calcium Liquide (150 ml) - ECO Supplements\",\"isPartOf\":{\"@id\":\"https:\\\/\\\/ecosupplements.be\\\/fr\\\/#website\"},\"datePublished\":\"2025-06-24T05:15:13+00:00\",\"dateModified\":\"2025-08-28T01:00:31+00:00\",\"description\":\"Wij hebben een ruime keuze aan producten van Vitabiotics Wellkid Calcium Liquide (150 ml) . Winkel bij Eco Supplements altijd gratis verzending boven 100\u20ac\",\"breadcrumb\":{\"@id\":\"https:\\\/\\\/ecosupplements.be\\\/fr\\\/produit\\\/vitabiotics-wellkid-calcium-liquid-150-ml\\\/#breadcrumb\"},\"inLanguage\":\"fr-FR\",\"potentialAction\":[{\"@type\":\"ReadAction\",\"target\":[\"https:\\\/\\\/ecosupplements.be\\\/fr\\\/produit\\\/vitabiotics-wellkid-calcium-liquid-150-ml\\\/\"]}]},{\"@type\":\"BreadcrumbList\",\"@id\":\"https:\\\/\\\/ecosupplements.be\\\/fr\\\/produit\\\/vitabiotics-wellkid-calcium-liquid-150-ml\\\/#breadcrumb\",\"itemListElement\":[{\"@type\":\"ListItem\",\"position\":1,\"name\":\"Home\",\"item\":\"https:\\\/\\\/ecosupplements.be\\\/fr\\\/\"},{\"@type\":\"ListItem\",\"position\":2,\"name\":\"Boutique\",\"item\":\"https:\\\/\\\/ecosupplements.be\\\/fr\\\/boutique\\\/\"},{\"@type\":\"ListItem\",\"position\":3,\"name\":\"Vitabiotics Wellkid Calcium Liquide (150 ml)\"}]},{\"@type\":\"WebSite\",\"@id\":\"https:\\\/\\\/ecosupplements.be\\\/fr\\\/#website\",\"url\":\"https:\\\/\\\/ecosupplements.be\\\/fr\\\/\",\"name\":\"ECO Supplements\",\"description\":\"Eco Supplements - Gezonde supplementen\",\"publisher\":{\"@id\":\"https:\\\/\\\/ecosupplements.be\\\/fr\\\/#organization\"},\"potentialAction\":[{\"@type\":\"SearchAction\",\"target\":{\"@type\":\"EntryPoint\",\"urlTemplate\":\"https:\\\/\\\/ecosupplements.be\\\/fr\\\/?s={search_term_string}\"},\"query-input\":{\"@type\":\"PropertyValueSpecification\",\"valueRequired\":true,\"valueName\":\"search_term_string\"}}],\"inLanguage\":\"fr-FR\"},{\"@type\":\"Organization\",\"@id\":\"https:\\\/\\\/ecosupplements.be\\\/fr\\\/#organization\",\"name\":\"Eco Supplements\",\"url\":\"https:\\\/\\\/ecosupplements.be\\\/fr\\\/\",\"logo\":{\"@type\":\"ImageObject\",\"inLanguage\":\"fr-FR\",\"@id\":\"https:\\\/\\\/ecosupplements.be\\\/fr\\\/#\\\/schema\\\/logo\\\/image\\\/\",\"url\":\"https:\\\/\\\/ecosupplements.be\\\/wp-content\\\/uploads\\\/2022\\\/06\\\/ecosupplement-family.png\",\"contentUrl\":\"https:\\\/\\\/ecosupplements.be\\\/wp-content\\\/uploads\\\/2022\\\/06\\\/ecosupplement-family.png\",\"width\":593,\"height\":374,\"caption\":\"Eco Supplements\"},\"image\":{\"@id\":\"https:\\\/\\\/ecosupplements.be\\\/fr\\\/#\\\/schema\\\/logo\\\/image\\\/\"}}]}<\/script>\n<meta property=\"product:brand\" content=\"Vitabiotics\" \/>\n<meta property=\"product:price:amount\" content=\"5.93\" \/>\n<meta property=\"product:price:currency\" content=\"EUR\" \/>\n<meta property=\"og:availability\" content=\"instock\" \/>\n<meta property=\"product:availability\" content=\"instock\" \/>\n<meta property=\"product:retailer_item_id\" content=\"5021265246335\" \/>\n<meta property=\"product:condition\" content=\"new\" \/>\n<!-- \/ Yoast SEO Premium plugin. -->","yoast_head_json":{"title":"Vitabiotics Wellkid Calcium Liquide (150 ml) - ECO Supplements","description":"Wij hebben een ruime keuze aan producten van Vitabiotics Wellkid Calcium Liquide (150 ml) . Winkel bij Eco Supplements altijd gratis verzending boven 100\u20ac","robots":{"index":"index","follow":"follow","max-snippet":"max-snippet:-1","max-image-preview":"max-image-preview:large","max-video-preview":"max-video-preview:-1"},"canonical":"https:\/\/ecosupplements.be\/fr\/produit\/vitabiotics-wellkid-calcium-liquid-150-ml\/","og_locale":"fr_FR","og_type":"article","og_title":"Vitabiotics Wellkid Calcium Liquide (150 ml)","og_description":"Wij hebben een ruime keuze aan producten van Vitabiotics Wellkid Calcium Liquide (150 ml) . Winkel bij Eco Supplements altijd gratis verzending boven 100\u20ac","og_url":"https:\/\/ecosupplements.be\/fr\/produit\/vitabiotics-wellkid-calcium-liquid-150-ml\/","og_site_name":"ECO Supplements","article_modified_time":"2025-08-28T01:00:31+00:00","og_image":[{"width":593,"height":374,"url":"https:\/\/ecosupplements.be\/wp-content\/uploads\/2022\/06\/ecosupplement-family.png","type":"image\/png"}],"twitter_card":"summary_large_image","twitter_misc":{"Prix":"5.93&nbsp;&euro;","Disponibilit\u00e9":"En stock"},"schema":{"@context":"https:\/\/schema.org","@graph":[{"@type":["WebPage","ItemPage"],"@id":"https:\/\/ecosupplements.be\/fr\/produit\/vitabiotics-wellkid-calcium-liquid-150-ml\/","url":"https:\/\/ecosupplements.be\/fr\/produit\/vitabiotics-wellkid-calcium-liquid-150-ml\/","name":"Vitabiotics Wellkid Calcium Liquide (150 ml) - ECO Supplements","isPartOf":{"@id":"https:\/\/ecosupplements.be\/fr\/#website"},"datePublished":"2025-06-24T05:15:13+00:00","dateModified":"2025-08-28T01:00:31+00:00","description":"Wij hebben een ruime keuze aan producten van Vitabiotics Wellkid Calcium Liquide (150 ml) . Winkel bij Eco Supplements altijd gratis verzending boven 100\u20ac","breadcrumb":{"@id":"https:\/\/ecosupplements.be\/fr\/produit\/vitabiotics-wellkid-calcium-liquid-150-ml\/#breadcrumb"},"inLanguage":"fr-FR","potentialAction":[{"@type":"ReadAction","target":["https:\/\/ecosupplements.be\/fr\/produit\/vitabiotics-wellkid-calcium-liquid-150-ml\/"]}]},{"@type":"BreadcrumbList","@id":"https:\/\/ecosupplements.be\/fr\/produit\/vitabiotics-wellkid-calcium-liquid-150-ml\/#breadcrumb","itemListElement":[{"@type":"ListItem","position":1,"name":"Home","item":"https:\/\/ecosupplements.be\/fr\/"},{"@type":"ListItem","position":2,"name":"Boutique","item":"https:\/\/ecosupplements.be\/fr\/boutique\/"},{"@type":"ListItem","position":3,"name":"Vitabiotics Wellkid Calcium Liquide (150 ml)"}]},{"@type":"WebSite","@id":"https:\/\/ecosupplements.be\/fr\/#website","url":"https:\/\/ecosupplements.be\/fr\/","name":"ECO Supplements","description":"Eco Supplements - Gezonde supplementen","publisher":{"@id":"https:\/\/ecosupplements.be\/fr\/#organization"},"potentialAction":[{"@type":"SearchAction","target":{"@type":"EntryPoint","urlTemplate":"https:\/\/ecosupplements.be\/fr\/?s={search_term_string}"},"query-input":{"@type":"PropertyValueSpecification","valueRequired":true,"valueName":"search_term_string"}}],"inLanguage":"fr-FR"},{"@type":"Organization","@id":"https:\/\/ecosupplements.be\/fr\/#organization","name":"Eco Supplements","url":"https:\/\/ecosupplements.be\/fr\/","logo":{"@type":"ImageObject","inLanguage":"fr-FR","@id":"https:\/\/ecosupplements.be\/fr\/#\/schema\/logo\/image\/","url":"https:\/\/ecosupplements.be\/wp-content\/uploads\/2022\/06\/ecosupplement-family.png","contentUrl":"https:\/\/ecosupplements.be\/wp-content\/uploads\/2022\/06\/ecosupplement-family.png","width":593,"height":374,"caption":"Eco Supplements"},"image":{"@id":"https:\/\/ecosupplements.be\/fr\/#\/schema\/logo\/image\/"}}]},"product_brand":"Vitabiotics","product_price_amount":"5.93","product_price_currency":"EUR","og_availability":"instock","product_availability":"instock","product_retailer_item_id":"5021265246335","product_condition":"new"},"_links":{"self":[{"href":"https:\/\/ecosupplements.be\/fr\/wp-json\/wp\/v2\/product\/298277","targetHints":{"allow":["GET"]}}],"collection":[{"href":"https:\/\/ecosupplements.be\/fr\/wp-json\/wp\/v2\/product"}],"about":[{"href":"https:\/\/ecosupplements.be\/fr\/wp-json\/wp\/v2\/types\/product"}],"replies":[{"embeddable":true,"href":"https:\/\/ecosupplements.be\/fr\/wp-json\/wp\/v2\/comments?post=298277"}],"wp:attachment":[{"href":"https:\/\/ecosupplements.be\/fr\/wp-json\/wp\/v2\/media?parent=298277"}],"wp:term":[{"taxonomy":"product_brand","embeddable":true,"href":"https:\/\/ecosupplements.be\/fr\/wp-json\/wp\/v2\/product_brand?post=298277"},{"taxonomy":"product_cat","embeddable":true,"href":"https:\/\/ecosupplements.be\/fr\/wp-json\/wp\/v2\/product_cat?post=298277"},{"taxonomy":"product_tag","embeddable":true,"href":"https:\/\/ecosupplements.be\/fr\/wp-json\/wp\/v2\/product_tag?post=298277"}],"curies":[{"name":"wp","href":"https:\/\/api.w.org\/{rel}","templated":true}]}}