{"id":298278,"date":"2025-06-24T04:01:27","date_gmt":"2025-06-24T03:01:27","guid":{"rendered":"https:\/\/ecosupplements.be\/product\/vitabiotics-wellkid-chewable-tablets-30-tablets\/"},"modified":"2025-08-28T02:00:32","modified_gmt":"2025-08-28T01:00:32","slug":"vitabiotics-wellkid-chewable-tablets-30-tablets","status":"publish","type":"product","link":"https:\/\/ecosupplements.be\/fr\/produit\/vitabiotics-wellkid-chewable-tablets-30-tablets\/","title":{"rendered":"Comprim\u00e9s \u00e0 croquer Vitabiotics Wellkid (30 comprim\u00e9s)"},"content":{"rendered":"<h2>Vitabiotics Wellkid Chewable Tablets (30 Tablets)<\/h2>\n<p>D\u00e9couvrez les <strong>Wellkid Chewable Tablets<\/strong> de Vitabiotics,con\u00e7ues pour s&#8217;int\u00e9grer harmonieusement \u00e0 votre quotidien. Ce produit se pr\u00e9sente sous forme de comprim\u00e9s \u00e0 croquer, offrant une exp\u00e9rience agr\u00e9able gr\u00e2ce \u00e0 leur texture et leur go\u00fbt appr\u00e9ci\u00e9.<\/p>\n<p>Ces comprim\u00e9s sont formul\u00e9s avec une s\u00e9lection d&#8217;<strong>ingr\u00e9dients d&#8217;origine naturelle<\/strong>, garantissant un choix de qualit\u00e9 sup\u00e9rieure pour ceux qui valorisent les composants purs et authentiques. Chaque tablette est le r\u00e9sultat d&#8217;une recherche approfondie visant \u00e0 offrir un produit respectueux des normes \u00e9lev\u00e9es.<\/p>\n<p><strong>Contenu et emballage :<\/strong> Chaque bo\u00eete contient 30 comprim\u00e9s \u00e0 croquer,con\u00e7us pour \u00eatre simples et pratiques \u00e0 utiliser au quotidien.<\/p>\n<p><strong>Utilisation :<\/strong> Pour une utilisation optimale, suivre la dose journali\u00e8re recommand\u00e9e indiqu\u00e9e sur l&#8217;emballage.<\/p>\n<p>Ce produit est un excellent choix pour ceux qui cherchent \u00e0 int\u00e9grer des \u00e9l\u00e9ments naturels dans leur routine quotidienne sans compromettre la qualit\u00e9 ou le plaisir.Les <em>Vitabiotics Wellkid Chewable Tablets<\/em> sont id\u00e9ales pour accompagner un mode de vie actif et \u00e9quilibr\u00e9.<\/p>\n","protected":false},"excerpt":{"rendered":"<p>Vitabiotics Wellkid Chewable Tablets (30 Tablets) D\u00e9couvrez les Wellkid Chewable Tablets de Vitabiotics,con\u00e7ues pour s&#8217;int\u00e9grer harmonieusement \u00e0 votre quotidien. Ce produit se pr\u00e9sente sous forme de comprim\u00e9s \u00e0 croquer, offrant une exp\u00e9rience agr\u00e9able gr\u00e2ce \u00e0 leur texture et leur go\u00fbt appr\u00e9ci\u00e9. Ces comprim\u00e9s sont formul\u00e9s avec une s\u00e9lection d&#8217;ingr\u00e9dients d&#8217;origine naturelle, garantissant un choix de [&#8230;]\n","protected":false},"featured_media":271883,"comment_status":"closed","ping_status":"open","template":"","meta":[],"product_brand":[5334],"product_cat":[5052],"product_tag":[],"class_list":{"0":"post-298278","1":"product","2":"type-product","3":"status-publish","4":"has-post-thumbnail","6":"product_brand-vitabiotics-2","7":"product_cat-sante-et-bien-etre","9":"first","10":"instock","11":"taxable","12":"shipping-taxable","13":"purchasable","14":"product-type-simple"},"yoast_head":"<!-- This site is optimized with the Yoast SEO Premium plugin v27.3 (Yoast SEO v27.3) - https:\/\/yoast.com\/product\/yoast-seo-premium-wordpress\/ -->\n<title>Comprim\u00e9s \u00e0 croquer Vitabiotics Wellkid (30 comprim\u00e9s) - ECO Supplements<\/title>\n<meta name=\"description\" content=\"Wij hebben een ruime keuze aan producten van Comprim\u00e9s \u00e0 croquer Vitabiotics Wellkid (30 comprim\u00e9s) . Winkel bij Eco Supplements altijd gratis verzending boven 100\u20ac\" \/>\n<meta name=\"robots\" content=\"index, follow, max-snippet:-1, max-image-preview:large, max-video-preview:-1\" \/>\n<link rel=\"canonical\" href=\"https:\/\/ecosupplements.be\/fr\/produit\/vitabiotics-wellkid-chewable-tablets-30-tablets\/\" \/>\n<meta property=\"og:locale\" content=\"fr_FR\" \/>\n<meta property=\"og:type\" content=\"article\" \/>\n<meta property=\"og:title\" content=\"Comprim\u00e9s \u00e0 croquer Vitabiotics Wellkid (30 comprim\u00e9s)\" \/>\n<meta property=\"og:description\" content=\"Wij hebben een ruime keuze aan producten van Comprim\u00e9s \u00e0 croquer Vitabiotics Wellkid (30 comprim\u00e9s) . Winkel bij Eco Supplements altijd gratis verzending boven 100\u20ac\" \/>\n<meta property=\"og:url\" content=\"https:\/\/ecosupplements.be\/fr\/produit\/vitabiotics-wellkid-chewable-tablets-30-tablets\/\" \/>\n<meta property=\"og:site_name\" content=\"ECO Supplements\" \/>\n<meta property=\"article:modified_time\" content=\"2025-08-28T01:00:32+00:00\" \/>\n<meta property=\"og:image\" content=\"https:\/\/ecosupplements.be\/wp-content\/uploads\/2025\/08\/Vitabiotics-Vitabiotics-Wellkid-Chewable-Tablets-30-Tablets.webp\" \/>\n\t<meta property=\"og:image:width\" content=\"1000\" \/>\n\t<meta property=\"og:image:height\" content=\"1000\" \/>\n\t<meta property=\"og:image:type\" content=\"image\/webp\" \/>\n<meta name=\"twitter:card\" content=\"summary_large_image\" \/>\n<meta name=\"twitter:label1\" content=\"Prix\" \/>\n\t<meta name=\"twitter:data1\" content=\"9.85&nbsp;&euro;\" \/>\n\t<meta name=\"twitter:label2\" content=\"Disponibilit\u00e9\" \/>\n\t<meta name=\"twitter:data2\" content=\"En stock\" \/>\n<script type=\"application\/ld+json\" class=\"yoast-schema-graph\">{\"@context\":\"https:\\\/\\\/schema.org\",\"@graph\":[{\"@type\":[\"WebPage\",\"ItemPage\"],\"@id\":\"https:\\\/\\\/ecosupplements.be\\\/fr\\\/produit\\\/vitabiotics-wellkid-chewable-tablets-30-tablets\\\/\",\"url\":\"https:\\\/\\\/ecosupplements.be\\\/fr\\\/produit\\\/vitabiotics-wellkid-chewable-tablets-30-tablets\\\/\",\"name\":\"Comprim\u00e9s \u00e0 croquer Vitabiotics Wellkid (30 comprim\u00e9s) - ECO Supplements\",\"isPartOf\":{\"@id\":\"https:\\\/\\\/ecosupplements.be\\\/fr\\\/#website\"},\"primaryImageOfPage\":{\"@id\":\"https:\\\/\\\/ecosupplements.be\\\/fr\\\/produit\\\/vitabiotics-wellkid-chewable-tablets-30-tablets\\\/#primaryimage\"},\"image\":{\"@id\":\"https:\\\/\\\/ecosupplements.be\\\/fr\\\/produit\\\/vitabiotics-wellkid-chewable-tablets-30-tablets\\\/#primaryimage\"},\"thumbnailUrl\":\"https:\\\/\\\/ecosupplements.be\\\/wp-content\\\/uploads\\\/2025\\\/08\\\/VITABIOTICS-WELLKID-CHEWABLE-TABLETS-30Tabs1.webp\",\"datePublished\":\"2025-06-24T03:01:27+00:00\",\"dateModified\":\"2025-08-28T01:00:32+00:00\",\"description\":\"Wij hebben een ruime keuze aan producten van Comprim\u00e9s \u00e0 croquer Vitabiotics Wellkid (30 comprim\u00e9s) . Winkel bij Eco Supplements altijd gratis verzending boven 100\u20ac\",\"breadcrumb\":{\"@id\":\"https:\\\/\\\/ecosupplements.be\\\/fr\\\/produit\\\/vitabiotics-wellkid-chewable-tablets-30-tablets\\\/#breadcrumb\"},\"inLanguage\":\"fr-FR\",\"potentialAction\":[{\"@type\":\"ReadAction\",\"target\":[\"https:\\\/\\\/ecosupplements.be\\\/fr\\\/produit\\\/vitabiotics-wellkid-chewable-tablets-30-tablets\\\/\"]}]},{\"@type\":\"ImageObject\",\"inLanguage\":\"fr-FR\",\"@id\":\"https:\\\/\\\/ecosupplements.be\\\/fr\\\/produit\\\/vitabiotics-wellkid-chewable-tablets-30-tablets\\\/#primaryimage\",\"url\":\"https:\\\/\\\/ecosupplements.be\\\/wp-content\\\/uploads\\\/2025\\\/08\\\/VITABIOTICS-WELLKID-CHEWABLE-TABLETS-30Tabs1.webp\",\"contentUrl\":\"https:\\\/\\\/ecosupplements.be\\\/wp-content\\\/uploads\\\/2025\\\/08\\\/VITABIOTICS-WELLKID-CHEWABLE-TABLETS-30Tabs1.webp\",\"width\":1000,\"height\":1000},{\"@type\":\"BreadcrumbList\",\"@id\":\"https:\\\/\\\/ecosupplements.be\\\/fr\\\/produit\\\/vitabiotics-wellkid-chewable-tablets-30-tablets\\\/#breadcrumb\",\"itemListElement\":[{\"@type\":\"ListItem\",\"position\":1,\"name\":\"Home\",\"item\":\"https:\\\/\\\/ecosupplements.be\\\/fr\\\/\"},{\"@type\":\"ListItem\",\"position\":2,\"name\":\"Boutique\",\"item\":\"https:\\\/\\\/ecosupplements.be\\\/fr\\\/boutique\\\/\"},{\"@type\":\"ListItem\",\"position\":3,\"name\":\"Comprim\u00e9s \u00e0 croquer Vitabiotics Wellkid (30 comprim\u00e9s)\"}]},{\"@type\":\"WebSite\",\"@id\":\"https:\\\/\\\/ecosupplements.be\\\/fr\\\/#website\",\"url\":\"https:\\\/\\\/ecosupplements.be\\\/fr\\\/\",\"name\":\"ECO Supplements\",\"description\":\"Eco Supplements - Gezonde supplementen\",\"publisher\":{\"@id\":\"https:\\\/\\\/ecosupplements.be\\\/fr\\\/#organization\"},\"potentialAction\":[{\"@type\":\"SearchAction\",\"target\":{\"@type\":\"EntryPoint\",\"urlTemplate\":\"https:\\\/\\\/ecosupplements.be\\\/fr\\\/?s={search_term_string}\"},\"query-input\":{\"@type\":\"PropertyValueSpecification\",\"valueRequired\":true,\"valueName\":\"search_term_string\"}}],\"inLanguage\":\"fr-FR\"},{\"@type\":\"Organization\",\"@id\":\"https:\\\/\\\/ecosupplements.be\\\/fr\\\/#organization\",\"name\":\"Eco Supplements\",\"url\":\"https:\\\/\\\/ecosupplements.be\\\/fr\\\/\",\"logo\":{\"@type\":\"ImageObject\",\"inLanguage\":\"fr-FR\",\"@id\":\"https:\\\/\\\/ecosupplements.be\\\/fr\\\/#\\\/schema\\\/logo\\\/image\\\/\",\"url\":\"https:\\\/\\\/ecosupplements.be\\\/wp-content\\\/uploads\\\/2022\\\/06\\\/ecosupplement-family.png\",\"contentUrl\":\"https:\\\/\\\/ecosupplements.be\\\/wp-content\\\/uploads\\\/2022\\\/06\\\/ecosupplement-family.png\",\"width\":593,\"height\":374,\"caption\":\"Eco Supplements\"},\"image\":{\"@id\":\"https:\\\/\\\/ecosupplements.be\\\/fr\\\/#\\\/schema\\\/logo\\\/image\\\/\"}}]}<\/script>\n<meta property=\"product:brand\" content=\"Vitabiotics\" \/>\n<meta property=\"product:price:amount\" content=\"9.85\" \/>\n<meta property=\"product:price:currency\" content=\"EUR\" \/>\n<meta property=\"og:availability\" content=\"instock\" \/>\n<meta property=\"product:availability\" content=\"instock\" \/>\n<meta property=\"product:retailer_item_id\" content=\"5021265223800\" \/>\n<meta property=\"product:condition\" content=\"new\" \/>\n<!-- \/ Yoast SEO Premium plugin. -->","yoast_head_json":{"title":"Comprim\u00e9s \u00e0 croquer Vitabiotics Wellkid (30 comprim\u00e9s) - ECO Supplements","description":"Wij hebben een ruime keuze aan producten van Comprim\u00e9s \u00e0 croquer Vitabiotics Wellkid (30 comprim\u00e9s) . Winkel bij Eco Supplements altijd gratis verzending boven 100\u20ac","robots":{"index":"index","follow":"follow","max-snippet":"max-snippet:-1","max-image-preview":"max-image-preview:large","max-video-preview":"max-video-preview:-1"},"canonical":"https:\/\/ecosupplements.be\/fr\/produit\/vitabiotics-wellkid-chewable-tablets-30-tablets\/","og_locale":"fr_FR","og_type":"article","og_title":"Comprim\u00e9s \u00e0 croquer Vitabiotics Wellkid (30 comprim\u00e9s)","og_description":"Wij hebben een ruime keuze aan producten van Comprim\u00e9s \u00e0 croquer Vitabiotics Wellkid (30 comprim\u00e9s) . Winkel bij Eco Supplements altijd gratis verzending boven 100\u20ac","og_url":"https:\/\/ecosupplements.be\/fr\/produit\/vitabiotics-wellkid-chewable-tablets-30-tablets\/","og_site_name":"ECO Supplements","article_modified_time":"2025-08-28T01:00:32+00:00","og_image":[{"width":1000,"height":1000,"url":"https:\/\/ecosupplements.be\/wp-content\/uploads\/2025\/08\/Vitabiotics-Vitabiotics-Wellkid-Chewable-Tablets-30-Tablets.webp","type":"image\/webp"}],"twitter_card":"summary_large_image","twitter_misc":{"Prix":"9.85&nbsp;&euro;","Disponibilit\u00e9":"En stock"},"schema":{"@context":"https:\/\/schema.org","@graph":[{"@type":["WebPage","ItemPage"],"@id":"https:\/\/ecosupplements.be\/fr\/produit\/vitabiotics-wellkid-chewable-tablets-30-tablets\/","url":"https:\/\/ecosupplements.be\/fr\/produit\/vitabiotics-wellkid-chewable-tablets-30-tablets\/","name":"Comprim\u00e9s \u00e0 croquer Vitabiotics Wellkid (30 comprim\u00e9s) - ECO Supplements","isPartOf":{"@id":"https:\/\/ecosupplements.be\/fr\/#website"},"primaryImageOfPage":{"@id":"https:\/\/ecosupplements.be\/fr\/produit\/vitabiotics-wellkid-chewable-tablets-30-tablets\/#primaryimage"},"image":{"@id":"https:\/\/ecosupplements.be\/fr\/produit\/vitabiotics-wellkid-chewable-tablets-30-tablets\/#primaryimage"},"thumbnailUrl":"https:\/\/ecosupplements.be\/wp-content\/uploads\/2025\/08\/VITABIOTICS-WELLKID-CHEWABLE-TABLETS-30Tabs1.webp","datePublished":"2025-06-24T03:01:27+00:00","dateModified":"2025-08-28T01:00:32+00:00","description":"Wij hebben een ruime keuze aan producten van Comprim\u00e9s \u00e0 croquer Vitabiotics Wellkid (30 comprim\u00e9s) . Winkel bij Eco Supplements altijd gratis verzending boven 100\u20ac","breadcrumb":{"@id":"https:\/\/ecosupplements.be\/fr\/produit\/vitabiotics-wellkid-chewable-tablets-30-tablets\/#breadcrumb"},"inLanguage":"fr-FR","potentialAction":[{"@type":"ReadAction","target":["https:\/\/ecosupplements.be\/fr\/produit\/vitabiotics-wellkid-chewable-tablets-30-tablets\/"]}]},{"@type":"ImageObject","inLanguage":"fr-FR","@id":"https:\/\/ecosupplements.be\/fr\/produit\/vitabiotics-wellkid-chewable-tablets-30-tablets\/#primaryimage","url":"https:\/\/ecosupplements.be\/wp-content\/uploads\/2025\/08\/VITABIOTICS-WELLKID-CHEWABLE-TABLETS-30Tabs1.webp","contentUrl":"https:\/\/ecosupplements.be\/wp-content\/uploads\/2025\/08\/VITABIOTICS-WELLKID-CHEWABLE-TABLETS-30Tabs1.webp","width":1000,"height":1000},{"@type":"BreadcrumbList","@id":"https:\/\/ecosupplements.be\/fr\/produit\/vitabiotics-wellkid-chewable-tablets-30-tablets\/#breadcrumb","itemListElement":[{"@type":"ListItem","position":1,"name":"Home","item":"https:\/\/ecosupplements.be\/fr\/"},{"@type":"ListItem","position":2,"name":"Boutique","item":"https:\/\/ecosupplements.be\/fr\/boutique\/"},{"@type":"ListItem","position":3,"name":"Comprim\u00e9s \u00e0 croquer Vitabiotics Wellkid (30 comprim\u00e9s)"}]},{"@type":"WebSite","@id":"https:\/\/ecosupplements.be\/fr\/#website","url":"https:\/\/ecosupplements.be\/fr\/","name":"ECO Supplements","description":"Eco Supplements - Gezonde supplementen","publisher":{"@id":"https:\/\/ecosupplements.be\/fr\/#organization"},"potentialAction":[{"@type":"SearchAction","target":{"@type":"EntryPoint","urlTemplate":"https:\/\/ecosupplements.be\/fr\/?s={search_term_string}"},"query-input":{"@type":"PropertyValueSpecification","valueRequired":true,"valueName":"search_term_string"}}],"inLanguage":"fr-FR"},{"@type":"Organization","@id":"https:\/\/ecosupplements.be\/fr\/#organization","name":"Eco Supplements","url":"https:\/\/ecosupplements.be\/fr\/","logo":{"@type":"ImageObject","inLanguage":"fr-FR","@id":"https:\/\/ecosupplements.be\/fr\/#\/schema\/logo\/image\/","url":"https:\/\/ecosupplements.be\/wp-content\/uploads\/2022\/06\/ecosupplement-family.png","contentUrl":"https:\/\/ecosupplements.be\/wp-content\/uploads\/2022\/06\/ecosupplement-family.png","width":593,"height":374,"caption":"Eco Supplements"},"image":{"@id":"https:\/\/ecosupplements.be\/fr\/#\/schema\/logo\/image\/"}}]},"product_brand":"Vitabiotics","product_price_amount":"9.85","product_price_currency":"EUR","og_availability":"instock","product_availability":"instock","product_retailer_item_id":"5021265223800","product_condition":"new"},"_links":{"self":[{"href":"https:\/\/ecosupplements.be\/fr\/wp-json\/wp\/v2\/product\/298278","targetHints":{"allow":["GET"]}}],"collection":[{"href":"https:\/\/ecosupplements.be\/fr\/wp-json\/wp\/v2\/product"}],"about":[{"href":"https:\/\/ecosupplements.be\/fr\/wp-json\/wp\/v2\/types\/product"}],"replies":[{"embeddable":true,"href":"https:\/\/ecosupplements.be\/fr\/wp-json\/wp\/v2\/comments?post=298278"}],"wp:featuredmedia":[{"embeddable":true,"href":"https:\/\/ecosupplements.be\/fr\/wp-json\/wp\/v2\/media\/271883"}],"wp:attachment":[{"href":"https:\/\/ecosupplements.be\/fr\/wp-json\/wp\/v2\/media?parent=298278"}],"wp:term":[{"taxonomy":"product_brand","embeddable":true,"href":"https:\/\/ecosupplements.be\/fr\/wp-json\/wp\/v2\/product_brand?post=298278"},{"taxonomy":"product_cat","embeddable":true,"href":"https:\/\/ecosupplements.be\/fr\/wp-json\/wp\/v2\/product_cat?post=298278"},{"taxonomy":"product_tag","embeddable":true,"href":"https:\/\/ecosupplements.be\/fr\/wp-json\/wp\/v2\/product_tag?post=298278"}],"curies":[{"name":"wp","href":"https:\/\/api.w.org\/{rel}","templated":true}]}}