{"id":298282,"date":"2025-06-24T04:15:12","date_gmt":"2025-06-24T03:15:12","guid":{"rendered":"https:\/\/ecosupplements.be\/product\/vitabiotics-wellkid-marvel-multi-vits-50-gummies-strawberry-pouch\/"},"modified":"2025-08-28T02:00:35","modified_gmt":"2025-08-28T01:00:35","slug":"vitabiotics-wellkid-marvel-multi-vits-50-gummies-strawberry-pouch","status":"publish","type":"product","link":"https:\/\/ecosupplements.be\/fr\/produit\/vitabiotics-wellkid-marvel-multi-vits-50-gummies-strawberry-pouch\/","title":{"rendered":"Vitabiotics Wellkid Multivitamines Marvel (50 bonbons g\u00e9lifi\u00e9s, sachet de fraise)"},"content":{"rendered":"<h2>Vitabiotics Wellkid Marvel Multi-Vits (50 Gummies, Strawberry Pouch)<\/h2>\n<p>D\u00e9couvrez les gommes Vitabiotics Wellkid Marvel Multi-Vits, un choix parfait pour ceux qui appr\u00e9cient les ingr\u00e9dients naturels dans un mode de vie sain. ces gommes sont formul\u00e9es avec une s\u00e9lection d&#8217;ingr\u00e9dients d&#8217;origine naturelle, offrant une exp\u00e9rience gustative agr\u00e9able gr\u00e2ce \u00e0 leur saveur fraise.<\/p>\n<p>Ce produit est pr\u00e9sent\u00e9 dans un sachet pratique contenant 50 gommes. Faciles \u00e0 consommer, elles conviennent parfaitement \u00e0 une utilisation quotidienne et se glissent ais\u00e9ment dans toute routine bien remplie.<\/p>\n<p>Les Vitabiotics Wellkid Marvel Multi-Vits sont con\u00e7ues sans all\u00e9gations m\u00e9dicales ou de sant\u00e9 sp\u00e9cifiques, mettant en avant la qualit\u00e9 et la puret\u00e9 des composants utilis\u00e9s. Elles s&#8217;int\u00e8grent harmonieusement dans le cadre d&#8217;un style de vie \u00e9quilibr\u00e9 et actif.<\/p>\n<p>Utilisation recommand\u00e9e : Suivre les indications sur l&#8217;emballage pour la dose journali\u00e8re conseill\u00e9e.<\/p>\n<p>Optez pour Vitabiotics Wellkid Marvel Multi-Vits pour un choix simple et naturel au quotidien!<\/p>\n","protected":false},"excerpt":{"rendered":"<p>Vitabiotics Wellkid Marvel Multi-Vits (50 Gummies, Strawberry Pouch) D\u00e9couvrez les gommes Vitabiotics Wellkid Marvel Multi-Vits, un choix parfait pour ceux qui appr\u00e9cient les ingr\u00e9dients naturels dans un mode de vie sain. ces gommes sont formul\u00e9es avec une s\u00e9lection d&#8217;ingr\u00e9dients d&#8217;origine naturelle, offrant une exp\u00e9rience gustative agr\u00e9able gr\u00e2ce \u00e0 leur saveur fraise. Ce produit est pr\u00e9sent\u00e9 [&#8230;]\n","protected":false},"featured_media":271886,"comment_status":"closed","ping_status":"open","template":"","meta":[],"product_brand":[5334],"product_cat":[5052],"product_tag":[],"class_list":{"0":"post-298282","1":"product","2":"type-product","3":"status-publish","4":"has-post-thumbnail","6":"product_brand-vitabiotics-2","7":"product_cat-sante-et-bien-etre","9":"first","10":"instock","11":"taxable","12":"shipping-taxable","13":"purchasable","14":"product-type-simple"},"yoast_head":"<!-- This site is optimized with the Yoast SEO Premium plugin v27.3 (Yoast SEO v27.3) - https:\/\/yoast.com\/product\/yoast-seo-premium-wordpress\/ -->\n<title>Vitabiotics Wellkid Multivitamines Marvel (50 bonbons g\u00e9lifi\u00e9s, sachet de fraise) - ECO Supplements<\/title>\n<meta name=\"description\" content=\"Wij hebben een ruime keuze aan producten van Vitabiotics Wellkid Multivitamines Marvel (50 bonbons g\u00e9lifi\u00e9s, sachet de fraise) . Winkel bij Eco Supplements altijd gratis verzending boven 100\u20ac\" \/>\n<meta name=\"robots\" content=\"index, follow, max-snippet:-1, max-image-preview:large, max-video-preview:-1\" \/>\n<link rel=\"canonical\" href=\"https:\/\/ecosupplements.be\/fr\/produit\/vitabiotics-wellkid-marvel-multi-vits-50-gummies-strawberry-pouch\/\" \/>\n<meta property=\"og:locale\" content=\"fr_FR\" \/>\n<meta property=\"og:type\" content=\"article\" \/>\n<meta property=\"og:title\" content=\"Vitabiotics Wellkid Multivitamines Marvel (50 bonbons g\u00e9lifi\u00e9s, sachet de fraise)\" \/>\n<meta property=\"og:description\" content=\"Wij hebben een ruime keuze aan producten van Vitabiotics Wellkid Multivitamines Marvel (50 bonbons g\u00e9lifi\u00e9s, sachet de fraise) . Winkel bij Eco Supplements altijd gratis verzending boven 100\u20ac\" \/>\n<meta property=\"og:url\" content=\"https:\/\/ecosupplements.be\/fr\/produit\/vitabiotics-wellkid-marvel-multi-vits-50-gummies-strawberry-pouch\/\" \/>\n<meta property=\"og:site_name\" content=\"ECO Supplements\" \/>\n<meta property=\"article:modified_time\" content=\"2025-08-28T01:00:35+00:00\" \/>\n<meta property=\"og:image\" content=\"https:\/\/ecosupplements.be\/wp-content\/uploads\/2025\/08\/Vitabiotics-Vitabiotics-Wellkid-Marvel-Multi-Vits-50-Gummies-Strawberry-Pouch.webp\" \/>\n\t<meta property=\"og:image:width\" content=\"1000\" \/>\n\t<meta property=\"og:image:height\" content=\"1000\" \/>\n\t<meta property=\"og:image:type\" content=\"image\/webp\" \/>\n<meta name=\"twitter:card\" content=\"summary_large_image\" \/>\n<meta name=\"twitter:label1\" content=\"Prix\" \/>\n\t<meta name=\"twitter:data1\" content=\"16.82&nbsp;&euro;\" \/>\n\t<meta name=\"twitter:label2\" content=\"Disponibilit\u00e9\" \/>\n\t<meta name=\"twitter:data2\" content=\"En stock\" \/>\n<script type=\"application\/ld+json\" class=\"yoast-schema-graph\">{\"@context\":\"https:\\\/\\\/schema.org\",\"@graph\":[{\"@type\":[\"WebPage\",\"ItemPage\"],\"@id\":\"https:\\\/\\\/ecosupplements.be\\\/fr\\\/produit\\\/vitabiotics-wellkid-marvel-multi-vits-50-gummies-strawberry-pouch\\\/\",\"url\":\"https:\\\/\\\/ecosupplements.be\\\/fr\\\/produit\\\/vitabiotics-wellkid-marvel-multi-vits-50-gummies-strawberry-pouch\\\/\",\"name\":\"Vitabiotics Wellkid Multivitamines Marvel (50 bonbons g\u00e9lifi\u00e9s, sachet de fraise) - ECO Supplements\",\"isPartOf\":{\"@id\":\"https:\\\/\\\/ecosupplements.be\\\/fr\\\/#website\"},\"primaryImageOfPage\":{\"@id\":\"https:\\\/\\\/ecosupplements.be\\\/fr\\\/produit\\\/vitabiotics-wellkid-marvel-multi-vits-50-gummies-strawberry-pouch\\\/#primaryimage\"},\"image\":{\"@id\":\"https:\\\/\\\/ecosupplements.be\\\/fr\\\/produit\\\/vitabiotics-wellkid-marvel-multi-vits-50-gummies-strawberry-pouch\\\/#primaryimage\"},\"thumbnailUrl\":\"https:\\\/\\\/ecosupplements.be\\\/wp-content\\\/uploads\\\/2025\\\/08\\\/VITABIOTICS-WELLKID-MULTI-VITAMINS-VEGAN-SOFT-JELLIES-7-14-YRS-MARVEL-PACK-50jellies_SUPP.webp\",\"datePublished\":\"2025-06-24T03:15:12+00:00\",\"dateModified\":\"2025-08-28T01:00:35+00:00\",\"description\":\"Wij hebben een ruime keuze aan producten van Vitabiotics Wellkid Multivitamines Marvel (50 bonbons g\u00e9lifi\u00e9s, sachet de fraise) . Winkel bij Eco Supplements altijd gratis verzending boven 100\u20ac\",\"breadcrumb\":{\"@id\":\"https:\\\/\\\/ecosupplements.be\\\/fr\\\/produit\\\/vitabiotics-wellkid-marvel-multi-vits-50-gummies-strawberry-pouch\\\/#breadcrumb\"},\"inLanguage\":\"fr-FR\",\"potentialAction\":[{\"@type\":\"ReadAction\",\"target\":[\"https:\\\/\\\/ecosupplements.be\\\/fr\\\/produit\\\/vitabiotics-wellkid-marvel-multi-vits-50-gummies-strawberry-pouch\\\/\"]}]},{\"@type\":\"ImageObject\",\"inLanguage\":\"fr-FR\",\"@id\":\"https:\\\/\\\/ecosupplements.be\\\/fr\\\/produit\\\/vitabiotics-wellkid-marvel-multi-vits-50-gummies-strawberry-pouch\\\/#primaryimage\",\"url\":\"https:\\\/\\\/ecosupplements.be\\\/wp-content\\\/uploads\\\/2025\\\/08\\\/VITABIOTICS-WELLKID-MULTI-VITAMINS-VEGAN-SOFT-JELLIES-7-14-YRS-MARVEL-PACK-50jellies_SUPP.webp\",\"contentUrl\":\"https:\\\/\\\/ecosupplements.be\\\/wp-content\\\/uploads\\\/2025\\\/08\\\/VITABIOTICS-WELLKID-MULTI-VITAMINS-VEGAN-SOFT-JELLIES-7-14-YRS-MARVEL-PACK-50jellies_SUPP.webp\",\"width\":1000,\"height\":1000},{\"@type\":\"BreadcrumbList\",\"@id\":\"https:\\\/\\\/ecosupplements.be\\\/fr\\\/produit\\\/vitabiotics-wellkid-marvel-multi-vits-50-gummies-strawberry-pouch\\\/#breadcrumb\",\"itemListElement\":[{\"@type\":\"ListItem\",\"position\":1,\"name\":\"Home\",\"item\":\"https:\\\/\\\/ecosupplements.be\\\/fr\\\/\"},{\"@type\":\"ListItem\",\"position\":2,\"name\":\"Boutique\",\"item\":\"https:\\\/\\\/ecosupplements.be\\\/fr\\\/boutique\\\/\"},{\"@type\":\"ListItem\",\"position\":3,\"name\":\"Vitabiotics Wellkid Multivitamines Marvel (50 bonbons g\u00e9lifi\u00e9s, sachet de fraise)\"}]},{\"@type\":\"WebSite\",\"@id\":\"https:\\\/\\\/ecosupplements.be\\\/fr\\\/#website\",\"url\":\"https:\\\/\\\/ecosupplements.be\\\/fr\\\/\",\"name\":\"ECO Supplements\",\"description\":\"Eco Supplements - Gezonde supplementen\",\"publisher\":{\"@id\":\"https:\\\/\\\/ecosupplements.be\\\/fr\\\/#organization\"},\"potentialAction\":[{\"@type\":\"SearchAction\",\"target\":{\"@type\":\"EntryPoint\",\"urlTemplate\":\"https:\\\/\\\/ecosupplements.be\\\/fr\\\/?s={search_term_string}\"},\"query-input\":{\"@type\":\"PropertyValueSpecification\",\"valueRequired\":true,\"valueName\":\"search_term_string\"}}],\"inLanguage\":\"fr-FR\"},{\"@type\":\"Organization\",\"@id\":\"https:\\\/\\\/ecosupplements.be\\\/fr\\\/#organization\",\"name\":\"Eco Supplements\",\"url\":\"https:\\\/\\\/ecosupplements.be\\\/fr\\\/\",\"logo\":{\"@type\":\"ImageObject\",\"inLanguage\":\"fr-FR\",\"@id\":\"https:\\\/\\\/ecosupplements.be\\\/fr\\\/#\\\/schema\\\/logo\\\/image\\\/\",\"url\":\"https:\\\/\\\/ecosupplements.be\\\/wp-content\\\/uploads\\\/2022\\\/06\\\/ecosupplement-family.png\",\"contentUrl\":\"https:\\\/\\\/ecosupplements.be\\\/wp-content\\\/uploads\\\/2022\\\/06\\\/ecosupplement-family.png\",\"width\":593,\"height\":374,\"caption\":\"Eco Supplements\"},\"image\":{\"@id\":\"https:\\\/\\\/ecosupplements.be\\\/fr\\\/#\\\/schema\\\/logo\\\/image\\\/\"}}]}<\/script>\n<meta property=\"product:brand\" content=\"Vitabiotics\" \/>\n<meta property=\"product:price:amount\" content=\"16.82\" \/>\n<meta property=\"product:price:currency\" content=\"EUR\" \/>\n<meta property=\"og:availability\" content=\"instock\" \/>\n<meta property=\"product:availability\" content=\"instock\" \/>\n<meta property=\"product:retailer_item_id\" content=\"5021265250745\" \/>\n<meta property=\"product:condition\" content=\"new\" \/>\n<!-- \/ Yoast SEO Premium plugin. -->","yoast_head_json":{"title":"Vitabiotics Wellkid Multivitamines Marvel (50 bonbons g\u00e9lifi\u00e9s, sachet de fraise) - ECO Supplements","description":"Wij hebben een ruime keuze aan producten van Vitabiotics Wellkid Multivitamines Marvel (50 bonbons g\u00e9lifi\u00e9s, sachet de fraise) . Winkel bij Eco Supplements altijd gratis verzending boven 100\u20ac","robots":{"index":"index","follow":"follow","max-snippet":"max-snippet:-1","max-image-preview":"max-image-preview:large","max-video-preview":"max-video-preview:-1"},"canonical":"https:\/\/ecosupplements.be\/fr\/produit\/vitabiotics-wellkid-marvel-multi-vits-50-gummies-strawberry-pouch\/","og_locale":"fr_FR","og_type":"article","og_title":"Vitabiotics Wellkid Multivitamines Marvel (50 bonbons g\u00e9lifi\u00e9s, sachet de fraise)","og_description":"Wij hebben een ruime keuze aan producten van Vitabiotics Wellkid Multivitamines Marvel (50 bonbons g\u00e9lifi\u00e9s, sachet de fraise) . Winkel bij Eco Supplements altijd gratis verzending boven 100\u20ac","og_url":"https:\/\/ecosupplements.be\/fr\/produit\/vitabiotics-wellkid-marvel-multi-vits-50-gummies-strawberry-pouch\/","og_site_name":"ECO Supplements","article_modified_time":"2025-08-28T01:00:35+00:00","og_image":[{"width":1000,"height":1000,"url":"https:\/\/ecosupplements.be\/wp-content\/uploads\/2025\/08\/Vitabiotics-Vitabiotics-Wellkid-Marvel-Multi-Vits-50-Gummies-Strawberry-Pouch.webp","type":"image\/webp"}],"twitter_card":"summary_large_image","twitter_misc":{"Prix":"16.82&nbsp;&euro;","Disponibilit\u00e9":"En stock"},"schema":{"@context":"https:\/\/schema.org","@graph":[{"@type":["WebPage","ItemPage"],"@id":"https:\/\/ecosupplements.be\/fr\/produit\/vitabiotics-wellkid-marvel-multi-vits-50-gummies-strawberry-pouch\/","url":"https:\/\/ecosupplements.be\/fr\/produit\/vitabiotics-wellkid-marvel-multi-vits-50-gummies-strawberry-pouch\/","name":"Vitabiotics Wellkid Multivitamines Marvel (50 bonbons g\u00e9lifi\u00e9s, sachet de fraise) - ECO Supplements","isPartOf":{"@id":"https:\/\/ecosupplements.be\/fr\/#website"},"primaryImageOfPage":{"@id":"https:\/\/ecosupplements.be\/fr\/produit\/vitabiotics-wellkid-marvel-multi-vits-50-gummies-strawberry-pouch\/#primaryimage"},"image":{"@id":"https:\/\/ecosupplements.be\/fr\/produit\/vitabiotics-wellkid-marvel-multi-vits-50-gummies-strawberry-pouch\/#primaryimage"},"thumbnailUrl":"https:\/\/ecosupplements.be\/wp-content\/uploads\/2025\/08\/VITABIOTICS-WELLKID-MULTI-VITAMINS-VEGAN-SOFT-JELLIES-7-14-YRS-MARVEL-PACK-50jellies_SUPP.webp","datePublished":"2025-06-24T03:15:12+00:00","dateModified":"2025-08-28T01:00:35+00:00","description":"Wij hebben een ruime keuze aan producten van Vitabiotics Wellkid Multivitamines Marvel (50 bonbons g\u00e9lifi\u00e9s, sachet de fraise) . Winkel bij Eco Supplements altijd gratis verzending boven 100\u20ac","breadcrumb":{"@id":"https:\/\/ecosupplements.be\/fr\/produit\/vitabiotics-wellkid-marvel-multi-vits-50-gummies-strawberry-pouch\/#breadcrumb"},"inLanguage":"fr-FR","potentialAction":[{"@type":"ReadAction","target":["https:\/\/ecosupplements.be\/fr\/produit\/vitabiotics-wellkid-marvel-multi-vits-50-gummies-strawberry-pouch\/"]}]},{"@type":"ImageObject","inLanguage":"fr-FR","@id":"https:\/\/ecosupplements.be\/fr\/produit\/vitabiotics-wellkid-marvel-multi-vits-50-gummies-strawberry-pouch\/#primaryimage","url":"https:\/\/ecosupplements.be\/wp-content\/uploads\/2025\/08\/VITABIOTICS-WELLKID-MULTI-VITAMINS-VEGAN-SOFT-JELLIES-7-14-YRS-MARVEL-PACK-50jellies_SUPP.webp","contentUrl":"https:\/\/ecosupplements.be\/wp-content\/uploads\/2025\/08\/VITABIOTICS-WELLKID-MULTI-VITAMINS-VEGAN-SOFT-JELLIES-7-14-YRS-MARVEL-PACK-50jellies_SUPP.webp","width":1000,"height":1000},{"@type":"BreadcrumbList","@id":"https:\/\/ecosupplements.be\/fr\/produit\/vitabiotics-wellkid-marvel-multi-vits-50-gummies-strawberry-pouch\/#breadcrumb","itemListElement":[{"@type":"ListItem","position":1,"name":"Home","item":"https:\/\/ecosupplements.be\/fr\/"},{"@type":"ListItem","position":2,"name":"Boutique","item":"https:\/\/ecosupplements.be\/fr\/boutique\/"},{"@type":"ListItem","position":3,"name":"Vitabiotics Wellkid Multivitamines Marvel (50 bonbons g\u00e9lifi\u00e9s, sachet de fraise)"}]},{"@type":"WebSite","@id":"https:\/\/ecosupplements.be\/fr\/#website","url":"https:\/\/ecosupplements.be\/fr\/","name":"ECO Supplements","description":"Eco Supplements - Gezonde supplementen","publisher":{"@id":"https:\/\/ecosupplements.be\/fr\/#organization"},"potentialAction":[{"@type":"SearchAction","target":{"@type":"EntryPoint","urlTemplate":"https:\/\/ecosupplements.be\/fr\/?s={search_term_string}"},"query-input":{"@type":"PropertyValueSpecification","valueRequired":true,"valueName":"search_term_string"}}],"inLanguage":"fr-FR"},{"@type":"Organization","@id":"https:\/\/ecosupplements.be\/fr\/#organization","name":"Eco Supplements","url":"https:\/\/ecosupplements.be\/fr\/","logo":{"@type":"ImageObject","inLanguage":"fr-FR","@id":"https:\/\/ecosupplements.be\/fr\/#\/schema\/logo\/image\/","url":"https:\/\/ecosupplements.be\/wp-content\/uploads\/2022\/06\/ecosupplement-family.png","contentUrl":"https:\/\/ecosupplements.be\/wp-content\/uploads\/2022\/06\/ecosupplement-family.png","width":593,"height":374,"caption":"Eco Supplements"},"image":{"@id":"https:\/\/ecosupplements.be\/fr\/#\/schema\/logo\/image\/"}}]},"product_brand":"Vitabiotics","product_price_amount":"16.82","product_price_currency":"EUR","og_availability":"instock","product_availability":"instock","product_retailer_item_id":"5021265250745","product_condition":"new"},"_links":{"self":[{"href":"https:\/\/ecosupplements.be\/fr\/wp-json\/wp\/v2\/product\/298282","targetHints":{"allow":["GET"]}}],"collection":[{"href":"https:\/\/ecosupplements.be\/fr\/wp-json\/wp\/v2\/product"}],"about":[{"href":"https:\/\/ecosupplements.be\/fr\/wp-json\/wp\/v2\/types\/product"}],"replies":[{"embeddable":true,"href":"https:\/\/ecosupplements.be\/fr\/wp-json\/wp\/v2\/comments?post=298282"}],"wp:featuredmedia":[{"embeddable":true,"href":"https:\/\/ecosupplements.be\/fr\/wp-json\/wp\/v2\/media\/271886"}],"wp:attachment":[{"href":"https:\/\/ecosupplements.be\/fr\/wp-json\/wp\/v2\/media?parent=298282"}],"wp:term":[{"taxonomy":"product_brand","embeddable":true,"href":"https:\/\/ecosupplements.be\/fr\/wp-json\/wp\/v2\/product_brand?post=298282"},{"taxonomy":"product_cat","embeddable":true,"href":"https:\/\/ecosupplements.be\/fr\/wp-json\/wp\/v2\/product_cat?post=298282"},{"taxonomy":"product_tag","embeddable":true,"href":"https:\/\/ecosupplements.be\/fr\/wp-json\/wp\/v2\/product_tag?post=298282"}],"curies":[{"name":"wp","href":"https:\/\/api.w.org\/{rel}","templated":true}]}}