{"id":298292,"date":"2025-06-25T19:31:10","date_gmt":"2025-06-25T18:31:10","guid":{"rendered":"https:\/\/ecosupplements.be\/product\/vitabiotics-wellkid-peppa-pig-omega-3-dha-30-gummies-orange\/"},"modified":"2025-08-28T02:00:44","modified_gmt":"2025-08-28T01:00:44","slug":"vitabiotics-wellkid-peppa-pig-omega-3-dha-30-gummies-orange","status":"publish","type":"product","link":"https:\/\/ecosupplements.be\/fr\/produit\/vitabiotics-wellkid-peppa-pig-omega-3-dha-30-gummies-orange\/","title":{"rendered":"Vitabiotics Wellkid Peppa Pig Omega-3 DHA (30 bonbons \u00e0 m\u00e2cher, saveur orange)"},"content":{"rendered":"<h2>Vitabiotics Wellkid Peppa Pig Omega-3 DHA (30 Gummies, Orange)<\/h2>\n<p>D\u00e9couvrez les gommes \u00e0 m\u00e2cher Vitabiotics Wellkid Peppa Pig Omega-3 DHA, con\u00e7ues pour s&#8217;int\u00e9grer harmonieusement dans le quotidien. Chaque paquet contient 30 gommes au d\u00e9licieux go\u00fbt d&#8217;orange, appr\u00e9ci\u00e9es pour leur saveur naturelle et leur texture agr\u00e9able.<\/p>\n<p>Ces gommes sont \u00e9labor\u00e9es avec des ingr\u00e9dients de haute qualit\u00e9 et d&#8217;origine naturelle. L&#8217;Omega-3 DHA utilis\u00e9 est extrait avec soin pour garantir sa puret\u00e9 et son int\u00e9grit\u00e9, offrant ainsi un produit de choix pour ceux qui valorisent les composants naturels.<\/p>\n<p>Faciles \u00e0 consommer, ces gummies peuvent \u00eatre pris quotidiennement selon la recommandation sur l&#8217;emballage. Le format pratique permet une utilisation simple et directe, id\u00e9al pour une int\u00e9gration sans effort dans la routine quotidienne.<\/p>\n<p>Les Vitabiotics Wellkid Peppa Pig omega-3 DHA sont un excellent compl\u00e9ment \u00e0 un style de vie \u00e9quilibr\u00e9 et actif. Elles se pr\u00e9sentent comme une option attrayante pour tous ceux qui cherchent \u00e0 maintenir une qualit\u00e9 constante dans leur choix de produits quotidiens.<\/p>\n","protected":false},"excerpt":{"rendered":"<p>Vitabiotics Wellkid Peppa Pig Omega-3 DHA (30 Gummies, Orange) D\u00e9couvrez les gommes \u00e0 m\u00e2cher Vitabiotics Wellkid Peppa Pig Omega-3 DHA, con\u00e7ues pour s&#8217;int\u00e9grer harmonieusement dans le quotidien. Chaque paquet contient 30 gommes au d\u00e9licieux go\u00fbt d&#8217;orange, appr\u00e9ci\u00e9es pour leur saveur naturelle et leur texture agr\u00e9able. Ces gommes sont \u00e9labor\u00e9es avec des ingr\u00e9dients de haute qualit\u00e9 [&#8230;]\n","protected":false},"featured_media":272906,"comment_status":"closed","ping_status":"open","template":"","meta":[],"product_brand":[5334],"product_cat":[5052],"product_tag":[],"class_list":{"0":"post-298292","1":"product","2":"type-product","3":"status-publish","4":"has-post-thumbnail","6":"product_brand-vitabiotics-2","7":"product_cat-sante-et-bien-etre","9":"first","10":"instock","11":"taxable","12":"shipping-taxable","13":"purchasable","14":"product-type-simple"},"yoast_head":"<!-- This site is optimized with the Yoast SEO Premium plugin v27.3 (Yoast SEO v27.3) - https:\/\/yoast.com\/product\/yoast-seo-premium-wordpress\/ -->\n<title>Vitabiotics Wellkid Peppa Pig Omega-3 DHA (30 bonbons \u00e0 m\u00e2cher, saveur orange) - ECO Supplements<\/title>\n<meta name=\"description\" content=\"Wij hebben een ruime keuze aan producten van Vitabiotics Wellkid Peppa Pig Omega-3 DHA (30 bonbons \u00e0 m\u00e2cher, saveur orange) . Winkel bij Eco Supplements altijd gratis verzending boven 100\u20ac\" \/>\n<meta name=\"robots\" content=\"index, follow, max-snippet:-1, max-image-preview:large, max-video-preview:-1\" \/>\n<link rel=\"canonical\" href=\"https:\/\/ecosupplements.be\/fr\/produit\/vitabiotics-wellkid-peppa-pig-omega-3-dha-30-gummies-orange\/\" \/>\n<meta property=\"og:locale\" content=\"fr_FR\" \/>\n<meta property=\"og:type\" content=\"article\" \/>\n<meta property=\"og:title\" content=\"Vitabiotics Wellkid Peppa Pig Omega-3 DHA (30 bonbons \u00e0 m\u00e2cher, saveur orange)\" \/>\n<meta property=\"og:description\" content=\"Wij hebben een ruime keuze aan producten van Vitabiotics Wellkid Peppa Pig Omega-3 DHA (30 bonbons \u00e0 m\u00e2cher, saveur orange) . Winkel bij Eco Supplements altijd gratis verzending boven 100\u20ac\" \/>\n<meta property=\"og:url\" content=\"https:\/\/ecosupplements.be\/fr\/produit\/vitabiotics-wellkid-peppa-pig-omega-3-dha-30-gummies-orange\/\" \/>\n<meta property=\"og:site_name\" content=\"ECO Supplements\" \/>\n<meta property=\"article:modified_time\" content=\"2025-08-28T01:00:44+00:00\" \/>\n<meta property=\"og:image\" content=\"https:\/\/ecosupplements.be\/wp-content\/uploads\/2025\/08\/VITABIOTICS-WELLKID-PEPPA-PIG-OMEGA-3-FLAXSEED-OIL-SOFT-JELLIES-3-7-YEARS-30jellies_SUPP.webp\" \/>\n\t<meta property=\"og:image:width\" content=\"1000\" \/>\n\t<meta property=\"og:image:height\" content=\"1000\" \/>\n\t<meta property=\"og:image:type\" content=\"image\/webp\" \/>\n<meta name=\"twitter:card\" content=\"summary_large_image\" \/>\n<meta name=\"twitter:label1\" content=\"Prix\" \/>\n\t<meta name=\"twitter:data1\" content=\"11.32&nbsp;&euro;\" \/>\n\t<meta name=\"twitter:label2\" content=\"Disponibilit\u00e9\" \/>\n\t<meta name=\"twitter:data2\" content=\"En stock\" \/>\n<script type=\"application\/ld+json\" class=\"yoast-schema-graph\">{\"@context\":\"https:\\\/\\\/schema.org\",\"@graph\":[{\"@type\":[\"WebPage\",\"ItemPage\"],\"@id\":\"https:\\\/\\\/ecosupplements.be\\\/fr\\\/produit\\\/vitabiotics-wellkid-peppa-pig-omega-3-dha-30-gummies-orange\\\/\",\"url\":\"https:\\\/\\\/ecosupplements.be\\\/fr\\\/produit\\\/vitabiotics-wellkid-peppa-pig-omega-3-dha-30-gummies-orange\\\/\",\"name\":\"Vitabiotics Wellkid Peppa Pig Omega-3 DHA (30 bonbons \u00e0 m\u00e2cher, saveur orange) - ECO Supplements\",\"isPartOf\":{\"@id\":\"https:\\\/\\\/ecosupplements.be\\\/fr\\\/#website\"},\"primaryImageOfPage\":{\"@id\":\"https:\\\/\\\/ecosupplements.be\\\/fr\\\/produit\\\/vitabiotics-wellkid-peppa-pig-omega-3-dha-30-gummies-orange\\\/#primaryimage\"},\"image\":{\"@id\":\"https:\\\/\\\/ecosupplements.be\\\/fr\\\/produit\\\/vitabiotics-wellkid-peppa-pig-omega-3-dha-30-gummies-orange\\\/#primaryimage\"},\"thumbnailUrl\":\"https:\\\/\\\/ecosupplements.be\\\/wp-content\\\/uploads\\\/2025\\\/08\\\/VITABIOTICS-WELLKID-PEPPA-PIG-OMEGA-3-FLAXSEED-OIL-SOFT-JELLIES-3-7-YEARS-30jellies_SUPP.webp\",\"datePublished\":\"2025-06-25T18:31:10+00:00\",\"dateModified\":\"2025-08-28T01:00:44+00:00\",\"description\":\"Wij hebben een ruime keuze aan producten van Vitabiotics Wellkid Peppa Pig Omega-3 DHA (30 bonbons \u00e0 m\u00e2cher, saveur orange) . Winkel bij Eco Supplements altijd gratis verzending boven 100\u20ac\",\"breadcrumb\":{\"@id\":\"https:\\\/\\\/ecosupplements.be\\\/fr\\\/produit\\\/vitabiotics-wellkid-peppa-pig-omega-3-dha-30-gummies-orange\\\/#breadcrumb\"},\"inLanguage\":\"fr-FR\",\"potentialAction\":[{\"@type\":\"ReadAction\",\"target\":[\"https:\\\/\\\/ecosupplements.be\\\/fr\\\/produit\\\/vitabiotics-wellkid-peppa-pig-omega-3-dha-30-gummies-orange\\\/\"]}]},{\"@type\":\"ImageObject\",\"inLanguage\":\"fr-FR\",\"@id\":\"https:\\\/\\\/ecosupplements.be\\\/fr\\\/produit\\\/vitabiotics-wellkid-peppa-pig-omega-3-dha-30-gummies-orange\\\/#primaryimage\",\"url\":\"https:\\\/\\\/ecosupplements.be\\\/wp-content\\\/uploads\\\/2025\\\/08\\\/VITABIOTICS-WELLKID-PEPPA-PIG-OMEGA-3-FLAXSEED-OIL-SOFT-JELLIES-3-7-YEARS-30jellies_SUPP.webp\",\"contentUrl\":\"https:\\\/\\\/ecosupplements.be\\\/wp-content\\\/uploads\\\/2025\\\/08\\\/VITABIOTICS-WELLKID-PEPPA-PIG-OMEGA-3-FLAXSEED-OIL-SOFT-JELLIES-3-7-YEARS-30jellies_SUPP.webp\",\"width\":1000,\"height\":1000},{\"@type\":\"BreadcrumbList\",\"@id\":\"https:\\\/\\\/ecosupplements.be\\\/fr\\\/produit\\\/vitabiotics-wellkid-peppa-pig-omega-3-dha-30-gummies-orange\\\/#breadcrumb\",\"itemListElement\":[{\"@type\":\"ListItem\",\"position\":1,\"name\":\"Home\",\"item\":\"https:\\\/\\\/ecosupplements.be\\\/fr\\\/\"},{\"@type\":\"ListItem\",\"position\":2,\"name\":\"Boutique\",\"item\":\"https:\\\/\\\/ecosupplements.be\\\/fr\\\/boutique\\\/\"},{\"@type\":\"ListItem\",\"position\":3,\"name\":\"Vitabiotics Wellkid Peppa Pig Omega-3 DHA (30 bonbons \u00e0 m\u00e2cher, saveur orange)\"}]},{\"@type\":\"WebSite\",\"@id\":\"https:\\\/\\\/ecosupplements.be\\\/fr\\\/#website\",\"url\":\"https:\\\/\\\/ecosupplements.be\\\/fr\\\/\",\"name\":\"ECO Supplements\",\"description\":\"Eco Supplements - Gezonde supplementen\",\"publisher\":{\"@id\":\"https:\\\/\\\/ecosupplements.be\\\/fr\\\/#organization\"},\"potentialAction\":[{\"@type\":\"SearchAction\",\"target\":{\"@type\":\"EntryPoint\",\"urlTemplate\":\"https:\\\/\\\/ecosupplements.be\\\/fr\\\/?s={search_term_string}\"},\"query-input\":{\"@type\":\"PropertyValueSpecification\",\"valueRequired\":true,\"valueName\":\"search_term_string\"}}],\"inLanguage\":\"fr-FR\"},{\"@type\":\"Organization\",\"@id\":\"https:\\\/\\\/ecosupplements.be\\\/fr\\\/#organization\",\"name\":\"Eco Supplements\",\"url\":\"https:\\\/\\\/ecosupplements.be\\\/fr\\\/\",\"logo\":{\"@type\":\"ImageObject\",\"inLanguage\":\"fr-FR\",\"@id\":\"https:\\\/\\\/ecosupplements.be\\\/fr\\\/#\\\/schema\\\/logo\\\/image\\\/\",\"url\":\"https:\\\/\\\/ecosupplements.be\\\/wp-content\\\/uploads\\\/2022\\\/06\\\/ecosupplement-family.png\",\"contentUrl\":\"https:\\\/\\\/ecosupplements.be\\\/wp-content\\\/uploads\\\/2022\\\/06\\\/ecosupplement-family.png\",\"width\":593,\"height\":374,\"caption\":\"Eco Supplements\"},\"image\":{\"@id\":\"https:\\\/\\\/ecosupplements.be\\\/fr\\\/#\\\/schema\\\/logo\\\/image\\\/\"}}]}<\/script>\n<meta property=\"product:brand\" content=\"Vitabiotics\" \/>\n<meta property=\"product:price:amount\" content=\"11.32\" \/>\n<meta property=\"product:price:currency\" content=\"EUR\" \/>\n<meta property=\"og:availability\" content=\"instock\" \/>\n<meta property=\"product:availability\" content=\"instock\" \/>\n<meta property=\"product:retailer_item_id\" content=\"5021265250257\" \/>\n<meta property=\"product:condition\" content=\"new\" \/>\n<!-- \/ Yoast SEO Premium plugin. -->","yoast_head_json":{"title":"Vitabiotics Wellkid Peppa Pig Omega-3 DHA (30 bonbons \u00e0 m\u00e2cher, saveur orange) - ECO Supplements","description":"Wij hebben een ruime keuze aan producten van Vitabiotics Wellkid Peppa Pig Omega-3 DHA (30 bonbons \u00e0 m\u00e2cher, saveur orange) . Winkel bij Eco Supplements altijd gratis verzending boven 100\u20ac","robots":{"index":"index","follow":"follow","max-snippet":"max-snippet:-1","max-image-preview":"max-image-preview:large","max-video-preview":"max-video-preview:-1"},"canonical":"https:\/\/ecosupplements.be\/fr\/produit\/vitabiotics-wellkid-peppa-pig-omega-3-dha-30-gummies-orange\/","og_locale":"fr_FR","og_type":"article","og_title":"Vitabiotics Wellkid Peppa Pig Omega-3 DHA (30 bonbons \u00e0 m\u00e2cher, saveur orange)","og_description":"Wij hebben een ruime keuze aan producten van Vitabiotics Wellkid Peppa Pig Omega-3 DHA (30 bonbons \u00e0 m\u00e2cher, saveur orange) . Winkel bij Eco Supplements altijd gratis verzending boven 100\u20ac","og_url":"https:\/\/ecosupplements.be\/fr\/produit\/vitabiotics-wellkid-peppa-pig-omega-3-dha-30-gummies-orange\/","og_site_name":"ECO Supplements","article_modified_time":"2025-08-28T01:00:44+00:00","og_image":[{"width":1000,"height":1000,"url":"https:\/\/ecosupplements.be\/wp-content\/uploads\/2025\/08\/VITABIOTICS-WELLKID-PEPPA-PIG-OMEGA-3-FLAXSEED-OIL-SOFT-JELLIES-3-7-YEARS-30jellies_SUPP.webp","type":"image\/webp"}],"twitter_card":"summary_large_image","twitter_misc":{"Prix":"11.32&nbsp;&euro;","Disponibilit\u00e9":"En stock"},"schema":{"@context":"https:\/\/schema.org","@graph":[{"@type":["WebPage","ItemPage"],"@id":"https:\/\/ecosupplements.be\/fr\/produit\/vitabiotics-wellkid-peppa-pig-omega-3-dha-30-gummies-orange\/","url":"https:\/\/ecosupplements.be\/fr\/produit\/vitabiotics-wellkid-peppa-pig-omega-3-dha-30-gummies-orange\/","name":"Vitabiotics Wellkid Peppa Pig Omega-3 DHA (30 bonbons \u00e0 m\u00e2cher, saveur orange) - ECO Supplements","isPartOf":{"@id":"https:\/\/ecosupplements.be\/fr\/#website"},"primaryImageOfPage":{"@id":"https:\/\/ecosupplements.be\/fr\/produit\/vitabiotics-wellkid-peppa-pig-omega-3-dha-30-gummies-orange\/#primaryimage"},"image":{"@id":"https:\/\/ecosupplements.be\/fr\/produit\/vitabiotics-wellkid-peppa-pig-omega-3-dha-30-gummies-orange\/#primaryimage"},"thumbnailUrl":"https:\/\/ecosupplements.be\/wp-content\/uploads\/2025\/08\/VITABIOTICS-WELLKID-PEPPA-PIG-OMEGA-3-FLAXSEED-OIL-SOFT-JELLIES-3-7-YEARS-30jellies_SUPP.webp","datePublished":"2025-06-25T18:31:10+00:00","dateModified":"2025-08-28T01:00:44+00:00","description":"Wij hebben een ruime keuze aan producten van Vitabiotics Wellkid Peppa Pig Omega-3 DHA (30 bonbons \u00e0 m\u00e2cher, saveur orange) . Winkel bij Eco Supplements altijd gratis verzending boven 100\u20ac","breadcrumb":{"@id":"https:\/\/ecosupplements.be\/fr\/produit\/vitabiotics-wellkid-peppa-pig-omega-3-dha-30-gummies-orange\/#breadcrumb"},"inLanguage":"fr-FR","potentialAction":[{"@type":"ReadAction","target":["https:\/\/ecosupplements.be\/fr\/produit\/vitabiotics-wellkid-peppa-pig-omega-3-dha-30-gummies-orange\/"]}]},{"@type":"ImageObject","inLanguage":"fr-FR","@id":"https:\/\/ecosupplements.be\/fr\/produit\/vitabiotics-wellkid-peppa-pig-omega-3-dha-30-gummies-orange\/#primaryimage","url":"https:\/\/ecosupplements.be\/wp-content\/uploads\/2025\/08\/VITABIOTICS-WELLKID-PEPPA-PIG-OMEGA-3-FLAXSEED-OIL-SOFT-JELLIES-3-7-YEARS-30jellies_SUPP.webp","contentUrl":"https:\/\/ecosupplements.be\/wp-content\/uploads\/2025\/08\/VITABIOTICS-WELLKID-PEPPA-PIG-OMEGA-3-FLAXSEED-OIL-SOFT-JELLIES-3-7-YEARS-30jellies_SUPP.webp","width":1000,"height":1000},{"@type":"BreadcrumbList","@id":"https:\/\/ecosupplements.be\/fr\/produit\/vitabiotics-wellkid-peppa-pig-omega-3-dha-30-gummies-orange\/#breadcrumb","itemListElement":[{"@type":"ListItem","position":1,"name":"Home","item":"https:\/\/ecosupplements.be\/fr\/"},{"@type":"ListItem","position":2,"name":"Boutique","item":"https:\/\/ecosupplements.be\/fr\/boutique\/"},{"@type":"ListItem","position":3,"name":"Vitabiotics Wellkid Peppa Pig Omega-3 DHA (30 bonbons \u00e0 m\u00e2cher, saveur orange)"}]},{"@type":"WebSite","@id":"https:\/\/ecosupplements.be\/fr\/#website","url":"https:\/\/ecosupplements.be\/fr\/","name":"ECO Supplements","description":"Eco Supplements - Gezonde supplementen","publisher":{"@id":"https:\/\/ecosupplements.be\/fr\/#organization"},"potentialAction":[{"@type":"SearchAction","target":{"@type":"EntryPoint","urlTemplate":"https:\/\/ecosupplements.be\/fr\/?s={search_term_string}"},"query-input":{"@type":"PropertyValueSpecification","valueRequired":true,"valueName":"search_term_string"}}],"inLanguage":"fr-FR"},{"@type":"Organization","@id":"https:\/\/ecosupplements.be\/fr\/#organization","name":"Eco Supplements","url":"https:\/\/ecosupplements.be\/fr\/","logo":{"@type":"ImageObject","inLanguage":"fr-FR","@id":"https:\/\/ecosupplements.be\/fr\/#\/schema\/logo\/image\/","url":"https:\/\/ecosupplements.be\/wp-content\/uploads\/2022\/06\/ecosupplement-family.png","contentUrl":"https:\/\/ecosupplements.be\/wp-content\/uploads\/2022\/06\/ecosupplement-family.png","width":593,"height":374,"caption":"Eco Supplements"},"image":{"@id":"https:\/\/ecosupplements.be\/fr\/#\/schema\/logo\/image\/"}}]},"product_brand":"Vitabiotics","product_price_amount":"11.32","product_price_currency":"EUR","og_availability":"instock","product_availability":"instock","product_retailer_item_id":"5021265250257","product_condition":"new"},"_links":{"self":[{"href":"https:\/\/ecosupplements.be\/fr\/wp-json\/wp\/v2\/product\/298292","targetHints":{"allow":["GET"]}}],"collection":[{"href":"https:\/\/ecosupplements.be\/fr\/wp-json\/wp\/v2\/product"}],"about":[{"href":"https:\/\/ecosupplements.be\/fr\/wp-json\/wp\/v2\/types\/product"}],"replies":[{"embeddable":true,"href":"https:\/\/ecosupplements.be\/fr\/wp-json\/wp\/v2\/comments?post=298292"}],"wp:featuredmedia":[{"embeddable":true,"href":"https:\/\/ecosupplements.be\/fr\/wp-json\/wp\/v2\/media\/272906"}],"wp:attachment":[{"href":"https:\/\/ecosupplements.be\/fr\/wp-json\/wp\/v2\/media?parent=298292"}],"wp:term":[{"taxonomy":"product_brand","embeddable":true,"href":"https:\/\/ecosupplements.be\/fr\/wp-json\/wp\/v2\/product_brand?post=298292"},{"taxonomy":"product_cat","embeddable":true,"href":"https:\/\/ecosupplements.be\/fr\/wp-json\/wp\/v2\/product_cat?post=298292"},{"taxonomy":"product_tag","embeddable":true,"href":"https:\/\/ecosupplements.be\/fr\/wp-json\/wp\/v2\/product_tag?post=298292"}],"curies":[{"name":"wp","href":"https:\/\/api.w.org\/{rel}","templated":true}]}}