{"id":298294,"date":"2025-06-24T04:15:12","date_gmt":"2025-06-24T03:15:12","guid":{"rendered":"https:\/\/ecosupplements.be\/product\/vitabiotics-wellkid-peppa-pig-vitamin-d-400-iu-30-gummies-strawberry-pouch\/"},"modified":"2025-08-28T02:00:45","modified_gmt":"2025-08-28T01:00:45","slug":"vitabiotics-wellkid-peppa-pig-vitamin-d-400-iu-30-gummies-strawberry-pouch","status":"publish","type":"product","link":"https:\/\/ecosupplements.be\/fr\/produit\/vitabiotics-wellkid-peppa-pig-vitamin-d-400-iu-30-gummies-strawberry-pouch\/","title":{"rendered":"Vitabiotics Wellkid Peppa Pig Vitamine D 400 UI (30 oursons, pochette \u00e0 la fraise)"},"content":{"rendered":"<h2>Vitabiotics Wellkid peppa Pig Vitamin D 400 IU (30 Gummies, Strawberry Pouch)<\/h2>\n<p>D\u00e9couvrez les gommes \u00e0 m\u00e2cher Vitabiotics Wellkid Peppa Pig, un choix parfait pour ceux qui appr\u00e9cient les ingr\u00e9dients naturels dans un mode de vie sain. Chaque sachet contient 30 gommes au d\u00e9licieux go\u00fbt de fraise, con\u00e7ues pour \u00eatre \u00e0 la fois savoureuses et pratiques.<\/p>\n<p>Ces gommes sont fabriqu\u00e9es avec une attention particuli\u00e8re \u00e0 la qualit\u00e9 et l&#8217;origine naturelle des composants. Elles offrent une exp\u00e9rience agr\u00e9able sans compromettre le style de vie actif et \u00e9quilibr\u00e9 que vous ch\u00e9rissez.<\/p>\n<p>Utilisation recommand\u00e9e : Suivez les instructions sur l&#8217;emballage pour int\u00e9grer facilement ce produit dans votre quotidien.<\/p>\n<p>Le format pratique du sachet permet une utilisation simple au quotidien, id\u00e9al pour ceux qui sont souvent en d\u00e9placement ou qui cherchent une solution facile \u00e0 administrer.<\/p>\n<p>Optez pour Vitabiotics Wellkid Peppa Pig Vitamin D 400 IU si vous recherchez un produit de haute qualit\u00e9 avec des ingr\u00e9dients soigneusement s\u00e9lectionn\u00e9s. un compl\u00e9ment simple et pratique pour tous les jours!<\/p>\n","protected":false},"excerpt":{"rendered":"<p>Vitabiotics Wellkid peppa Pig Vitamin D 400 IU (30 Gummies, Strawberry Pouch) D\u00e9couvrez les gommes \u00e0 m\u00e2cher Vitabiotics Wellkid Peppa Pig, un choix parfait pour ceux qui appr\u00e9cient les ingr\u00e9dients naturels dans un mode de vie sain. Chaque sachet contient 30 gommes au d\u00e9licieux go\u00fbt de fraise, con\u00e7ues pour \u00eatre \u00e0 la fois savoureuses et [&#8230;]\n","protected":false},"featured_media":271892,"comment_status":"closed","ping_status":"open","template":"","meta":[],"product_brand":[5334],"product_cat":[5052],"product_tag":[],"class_list":{"0":"post-298294","1":"product","2":"type-product","3":"status-publish","4":"has-post-thumbnail","6":"product_brand-vitabiotics-2","7":"product_cat-sante-et-bien-etre","9":"first","10":"instock","11":"taxable","12":"shipping-taxable","13":"purchasable","14":"product-type-simple"},"yoast_head":"<!-- This site is optimized with the Yoast SEO Premium plugin v27.3 (Yoast SEO v27.3) - https:\/\/yoast.com\/product\/yoast-seo-premium-wordpress\/ -->\n<title>Vitabiotics Wellkid Peppa Pig Vitamine D 400 UI (30 oursons, pochette \u00e0 la fraise) - ECO Supplements<\/title>\n<meta name=\"description\" content=\"Wij hebben een ruime keuze aan producten van Vitabiotics Wellkid Peppa Pig Vitamine D 400 UI (30 oursons, pochette \u00e0 la fraise) . Winkel bij Eco Supplements altijd gratis verzending boven 100\u20ac\" \/>\n<meta name=\"robots\" content=\"index, follow, max-snippet:-1, max-image-preview:large, max-video-preview:-1\" \/>\n<link rel=\"canonical\" href=\"https:\/\/ecosupplements.be\/fr\/produit\/vitabiotics-wellkid-peppa-pig-vitamin-d-400-iu-30-gummies-strawberry-pouch\/\" \/>\n<meta property=\"og:locale\" content=\"fr_FR\" \/>\n<meta property=\"og:type\" content=\"article\" \/>\n<meta property=\"og:title\" content=\"Vitabiotics Wellkid Peppa Pig Vitamine D 400 UI (30 oursons, pochette \u00e0 la fraise)\" \/>\n<meta property=\"og:description\" content=\"Wij hebben een ruime keuze aan producten van Vitabiotics Wellkid Peppa Pig Vitamine D 400 UI (30 oursons, pochette \u00e0 la fraise) . Winkel bij Eco Supplements altijd gratis verzending boven 100\u20ac\" \/>\n<meta property=\"og:url\" content=\"https:\/\/ecosupplements.be\/fr\/produit\/vitabiotics-wellkid-peppa-pig-vitamin-d-400-iu-30-gummies-strawberry-pouch\/\" \/>\n<meta property=\"og:site_name\" content=\"ECO Supplements\" \/>\n<meta property=\"article:modified_time\" content=\"2025-08-28T01:00:45+00:00\" \/>\n<meta property=\"og:image\" content=\"https:\/\/ecosupplements.be\/wp-content\/uploads\/2025\/08\/Vitabiotics-Vitabiotics-Wellkid-Peppa-Pig-Vitamin-D-400-IU-30-Gummies-Strawberry-Pouch.webp\" \/>\n\t<meta property=\"og:image:width\" content=\"1000\" \/>\n\t<meta property=\"og:image:height\" content=\"1000\" \/>\n\t<meta property=\"og:image:type\" content=\"image\/webp\" \/>\n<meta name=\"twitter:card\" content=\"summary_large_image\" \/>\n<meta name=\"twitter:label1\" content=\"Prix\" \/>\n\t<meta name=\"twitter:data1\" content=\"9.32&nbsp;&euro;\" \/>\n\t<meta name=\"twitter:label2\" content=\"Disponibilit\u00e9\" \/>\n\t<meta name=\"twitter:data2\" content=\"En stock\" \/>\n<script type=\"application\/ld+json\" class=\"yoast-schema-graph\">{\"@context\":\"https:\\\/\\\/schema.org\",\"@graph\":[{\"@type\":[\"WebPage\",\"ItemPage\"],\"@id\":\"https:\\\/\\\/ecosupplements.be\\\/fr\\\/produit\\\/vitabiotics-wellkid-peppa-pig-vitamin-d-400-iu-30-gummies-strawberry-pouch\\\/\",\"url\":\"https:\\\/\\\/ecosupplements.be\\\/fr\\\/produit\\\/vitabiotics-wellkid-peppa-pig-vitamin-d-400-iu-30-gummies-strawberry-pouch\\\/\",\"name\":\"Vitabiotics Wellkid Peppa Pig Vitamine D 400 UI (30 oursons, pochette \u00e0 la fraise) - ECO Supplements\",\"isPartOf\":{\"@id\":\"https:\\\/\\\/ecosupplements.be\\\/fr\\\/#website\"},\"primaryImageOfPage\":{\"@id\":\"https:\\\/\\\/ecosupplements.be\\\/fr\\\/produit\\\/vitabiotics-wellkid-peppa-pig-vitamin-d-400-iu-30-gummies-strawberry-pouch\\\/#primaryimage\"},\"image\":{\"@id\":\"https:\\\/\\\/ecosupplements.be\\\/fr\\\/produit\\\/vitabiotics-wellkid-peppa-pig-vitamin-d-400-iu-30-gummies-strawberry-pouch\\\/#primaryimage\"},\"thumbnailUrl\":\"https:\\\/\\\/ecosupplements.be\\\/wp-content\\\/uploads\\\/2025\\\/08\\\/VITABIOTICS-WELLKID-PEPPA-PIG-VITAMIN-D-400IU-SOFT-JELLIES-3-7-YEARS-30jellies_SUPP.webp\",\"datePublished\":\"2025-06-24T03:15:12+00:00\",\"dateModified\":\"2025-08-28T01:00:45+00:00\",\"description\":\"Wij hebben een ruime keuze aan producten van Vitabiotics Wellkid Peppa Pig Vitamine D 400 UI (30 oursons, pochette \u00e0 la fraise) . Winkel bij Eco Supplements altijd gratis verzending boven 100\u20ac\",\"breadcrumb\":{\"@id\":\"https:\\\/\\\/ecosupplements.be\\\/fr\\\/produit\\\/vitabiotics-wellkid-peppa-pig-vitamin-d-400-iu-30-gummies-strawberry-pouch\\\/#breadcrumb\"},\"inLanguage\":\"fr-FR\",\"potentialAction\":[{\"@type\":\"ReadAction\",\"target\":[\"https:\\\/\\\/ecosupplements.be\\\/fr\\\/produit\\\/vitabiotics-wellkid-peppa-pig-vitamin-d-400-iu-30-gummies-strawberry-pouch\\\/\"]}]},{\"@type\":\"ImageObject\",\"inLanguage\":\"fr-FR\",\"@id\":\"https:\\\/\\\/ecosupplements.be\\\/fr\\\/produit\\\/vitabiotics-wellkid-peppa-pig-vitamin-d-400-iu-30-gummies-strawberry-pouch\\\/#primaryimage\",\"url\":\"https:\\\/\\\/ecosupplements.be\\\/wp-content\\\/uploads\\\/2025\\\/08\\\/VITABIOTICS-WELLKID-PEPPA-PIG-VITAMIN-D-400IU-SOFT-JELLIES-3-7-YEARS-30jellies_SUPP.webp\",\"contentUrl\":\"https:\\\/\\\/ecosupplements.be\\\/wp-content\\\/uploads\\\/2025\\\/08\\\/VITABIOTICS-WELLKID-PEPPA-PIG-VITAMIN-D-400IU-SOFT-JELLIES-3-7-YEARS-30jellies_SUPP.webp\",\"width\":1000,\"height\":1000},{\"@type\":\"BreadcrumbList\",\"@id\":\"https:\\\/\\\/ecosupplements.be\\\/fr\\\/produit\\\/vitabiotics-wellkid-peppa-pig-vitamin-d-400-iu-30-gummies-strawberry-pouch\\\/#breadcrumb\",\"itemListElement\":[{\"@type\":\"ListItem\",\"position\":1,\"name\":\"Home\",\"item\":\"https:\\\/\\\/ecosupplements.be\\\/fr\\\/\"},{\"@type\":\"ListItem\",\"position\":2,\"name\":\"Boutique\",\"item\":\"https:\\\/\\\/ecosupplements.be\\\/fr\\\/boutique\\\/\"},{\"@type\":\"ListItem\",\"position\":3,\"name\":\"Vitabiotics Wellkid Peppa Pig Vitamine D 400 UI (30 oursons, pochette \u00e0 la fraise)\"}]},{\"@type\":\"WebSite\",\"@id\":\"https:\\\/\\\/ecosupplements.be\\\/fr\\\/#website\",\"url\":\"https:\\\/\\\/ecosupplements.be\\\/fr\\\/\",\"name\":\"ECO Supplements\",\"description\":\"Eco Supplements - Gezonde supplementen\",\"publisher\":{\"@id\":\"https:\\\/\\\/ecosupplements.be\\\/fr\\\/#organization\"},\"potentialAction\":[{\"@type\":\"SearchAction\",\"target\":{\"@type\":\"EntryPoint\",\"urlTemplate\":\"https:\\\/\\\/ecosupplements.be\\\/fr\\\/?s={search_term_string}\"},\"query-input\":{\"@type\":\"PropertyValueSpecification\",\"valueRequired\":true,\"valueName\":\"search_term_string\"}}],\"inLanguage\":\"fr-FR\"},{\"@type\":\"Organization\",\"@id\":\"https:\\\/\\\/ecosupplements.be\\\/fr\\\/#organization\",\"name\":\"Eco Supplements\",\"url\":\"https:\\\/\\\/ecosupplements.be\\\/fr\\\/\",\"logo\":{\"@type\":\"ImageObject\",\"inLanguage\":\"fr-FR\",\"@id\":\"https:\\\/\\\/ecosupplements.be\\\/fr\\\/#\\\/schema\\\/logo\\\/image\\\/\",\"url\":\"https:\\\/\\\/ecosupplements.be\\\/wp-content\\\/uploads\\\/2022\\\/06\\\/ecosupplement-family.png\",\"contentUrl\":\"https:\\\/\\\/ecosupplements.be\\\/wp-content\\\/uploads\\\/2022\\\/06\\\/ecosupplement-family.png\",\"width\":593,\"height\":374,\"caption\":\"Eco Supplements\"},\"image\":{\"@id\":\"https:\\\/\\\/ecosupplements.be\\\/fr\\\/#\\\/schema\\\/logo\\\/image\\\/\"}}]}<\/script>\n<meta property=\"product:brand\" content=\"Vitabiotics\" \/>\n<meta property=\"product:price:amount\" content=\"9.32\" \/>\n<meta property=\"product:price:currency\" content=\"EUR\" \/>\n<meta property=\"og:availability\" content=\"instock\" \/>\n<meta property=\"product:availability\" content=\"instock\" \/>\n<meta property=\"product:retailer_item_id\" content=\"5021265248377\" \/>\n<meta property=\"product:condition\" content=\"new\" \/>\n<!-- \/ Yoast SEO Premium plugin. -->","yoast_head_json":{"title":"Vitabiotics Wellkid Peppa Pig Vitamine D 400 UI (30 oursons, pochette \u00e0 la fraise) - ECO Supplements","description":"Wij hebben een ruime keuze aan producten van Vitabiotics Wellkid Peppa Pig Vitamine D 400 UI (30 oursons, pochette \u00e0 la fraise) . Winkel bij Eco Supplements altijd gratis verzending boven 100\u20ac","robots":{"index":"index","follow":"follow","max-snippet":"max-snippet:-1","max-image-preview":"max-image-preview:large","max-video-preview":"max-video-preview:-1"},"canonical":"https:\/\/ecosupplements.be\/fr\/produit\/vitabiotics-wellkid-peppa-pig-vitamin-d-400-iu-30-gummies-strawberry-pouch\/","og_locale":"fr_FR","og_type":"article","og_title":"Vitabiotics Wellkid Peppa Pig Vitamine D 400 UI (30 oursons, pochette \u00e0 la fraise)","og_description":"Wij hebben een ruime keuze aan producten van Vitabiotics Wellkid Peppa Pig Vitamine D 400 UI (30 oursons, pochette \u00e0 la fraise) . Winkel bij Eco Supplements altijd gratis verzending boven 100\u20ac","og_url":"https:\/\/ecosupplements.be\/fr\/produit\/vitabiotics-wellkid-peppa-pig-vitamin-d-400-iu-30-gummies-strawberry-pouch\/","og_site_name":"ECO Supplements","article_modified_time":"2025-08-28T01:00:45+00:00","og_image":[{"width":1000,"height":1000,"url":"https:\/\/ecosupplements.be\/wp-content\/uploads\/2025\/08\/Vitabiotics-Vitabiotics-Wellkid-Peppa-Pig-Vitamin-D-400-IU-30-Gummies-Strawberry-Pouch.webp","type":"image\/webp"}],"twitter_card":"summary_large_image","twitter_misc":{"Prix":"9.32&nbsp;&euro;","Disponibilit\u00e9":"En stock"},"schema":{"@context":"https:\/\/schema.org","@graph":[{"@type":["WebPage","ItemPage"],"@id":"https:\/\/ecosupplements.be\/fr\/produit\/vitabiotics-wellkid-peppa-pig-vitamin-d-400-iu-30-gummies-strawberry-pouch\/","url":"https:\/\/ecosupplements.be\/fr\/produit\/vitabiotics-wellkid-peppa-pig-vitamin-d-400-iu-30-gummies-strawberry-pouch\/","name":"Vitabiotics Wellkid Peppa Pig Vitamine D 400 UI (30 oursons, pochette \u00e0 la fraise) - ECO Supplements","isPartOf":{"@id":"https:\/\/ecosupplements.be\/fr\/#website"},"primaryImageOfPage":{"@id":"https:\/\/ecosupplements.be\/fr\/produit\/vitabiotics-wellkid-peppa-pig-vitamin-d-400-iu-30-gummies-strawberry-pouch\/#primaryimage"},"image":{"@id":"https:\/\/ecosupplements.be\/fr\/produit\/vitabiotics-wellkid-peppa-pig-vitamin-d-400-iu-30-gummies-strawberry-pouch\/#primaryimage"},"thumbnailUrl":"https:\/\/ecosupplements.be\/wp-content\/uploads\/2025\/08\/VITABIOTICS-WELLKID-PEPPA-PIG-VITAMIN-D-400IU-SOFT-JELLIES-3-7-YEARS-30jellies_SUPP.webp","datePublished":"2025-06-24T03:15:12+00:00","dateModified":"2025-08-28T01:00:45+00:00","description":"Wij hebben een ruime keuze aan producten van Vitabiotics Wellkid Peppa Pig Vitamine D 400 UI (30 oursons, pochette \u00e0 la fraise) . Winkel bij Eco Supplements altijd gratis verzending boven 100\u20ac","breadcrumb":{"@id":"https:\/\/ecosupplements.be\/fr\/produit\/vitabiotics-wellkid-peppa-pig-vitamin-d-400-iu-30-gummies-strawberry-pouch\/#breadcrumb"},"inLanguage":"fr-FR","potentialAction":[{"@type":"ReadAction","target":["https:\/\/ecosupplements.be\/fr\/produit\/vitabiotics-wellkid-peppa-pig-vitamin-d-400-iu-30-gummies-strawberry-pouch\/"]}]},{"@type":"ImageObject","inLanguage":"fr-FR","@id":"https:\/\/ecosupplements.be\/fr\/produit\/vitabiotics-wellkid-peppa-pig-vitamin-d-400-iu-30-gummies-strawberry-pouch\/#primaryimage","url":"https:\/\/ecosupplements.be\/wp-content\/uploads\/2025\/08\/VITABIOTICS-WELLKID-PEPPA-PIG-VITAMIN-D-400IU-SOFT-JELLIES-3-7-YEARS-30jellies_SUPP.webp","contentUrl":"https:\/\/ecosupplements.be\/wp-content\/uploads\/2025\/08\/VITABIOTICS-WELLKID-PEPPA-PIG-VITAMIN-D-400IU-SOFT-JELLIES-3-7-YEARS-30jellies_SUPP.webp","width":1000,"height":1000},{"@type":"BreadcrumbList","@id":"https:\/\/ecosupplements.be\/fr\/produit\/vitabiotics-wellkid-peppa-pig-vitamin-d-400-iu-30-gummies-strawberry-pouch\/#breadcrumb","itemListElement":[{"@type":"ListItem","position":1,"name":"Home","item":"https:\/\/ecosupplements.be\/fr\/"},{"@type":"ListItem","position":2,"name":"Boutique","item":"https:\/\/ecosupplements.be\/fr\/boutique\/"},{"@type":"ListItem","position":3,"name":"Vitabiotics Wellkid Peppa Pig Vitamine D 400 UI (30 oursons, pochette \u00e0 la fraise)"}]},{"@type":"WebSite","@id":"https:\/\/ecosupplements.be\/fr\/#website","url":"https:\/\/ecosupplements.be\/fr\/","name":"ECO Supplements","description":"Eco Supplements - Gezonde supplementen","publisher":{"@id":"https:\/\/ecosupplements.be\/fr\/#organization"},"potentialAction":[{"@type":"SearchAction","target":{"@type":"EntryPoint","urlTemplate":"https:\/\/ecosupplements.be\/fr\/?s={search_term_string}"},"query-input":{"@type":"PropertyValueSpecification","valueRequired":true,"valueName":"search_term_string"}}],"inLanguage":"fr-FR"},{"@type":"Organization","@id":"https:\/\/ecosupplements.be\/fr\/#organization","name":"Eco Supplements","url":"https:\/\/ecosupplements.be\/fr\/","logo":{"@type":"ImageObject","inLanguage":"fr-FR","@id":"https:\/\/ecosupplements.be\/fr\/#\/schema\/logo\/image\/","url":"https:\/\/ecosupplements.be\/wp-content\/uploads\/2022\/06\/ecosupplement-family.png","contentUrl":"https:\/\/ecosupplements.be\/wp-content\/uploads\/2022\/06\/ecosupplement-family.png","width":593,"height":374,"caption":"Eco Supplements"},"image":{"@id":"https:\/\/ecosupplements.be\/fr\/#\/schema\/logo\/image\/"}}]},"product_brand":"Vitabiotics","product_price_amount":"9.32","product_price_currency":"EUR","og_availability":"instock","product_availability":"instock","product_retailer_item_id":"5021265248377","product_condition":"new"},"_links":{"self":[{"href":"https:\/\/ecosupplements.be\/fr\/wp-json\/wp\/v2\/product\/298294","targetHints":{"allow":["GET"]}}],"collection":[{"href":"https:\/\/ecosupplements.be\/fr\/wp-json\/wp\/v2\/product"}],"about":[{"href":"https:\/\/ecosupplements.be\/fr\/wp-json\/wp\/v2\/types\/product"}],"replies":[{"embeddable":true,"href":"https:\/\/ecosupplements.be\/fr\/wp-json\/wp\/v2\/comments?post=298294"}],"wp:featuredmedia":[{"embeddable":true,"href":"https:\/\/ecosupplements.be\/fr\/wp-json\/wp\/v2\/media\/271892"}],"wp:attachment":[{"href":"https:\/\/ecosupplements.be\/fr\/wp-json\/wp\/v2\/media?parent=298294"}],"wp:term":[{"taxonomy":"product_brand","embeddable":true,"href":"https:\/\/ecosupplements.be\/fr\/wp-json\/wp\/v2\/product_brand?post=298294"},{"taxonomy":"product_cat","embeddable":true,"href":"https:\/\/ecosupplements.be\/fr\/wp-json\/wp\/v2\/product_cat?post=298294"},{"taxonomy":"product_tag","embeddable":true,"href":"https:\/\/ecosupplements.be\/fr\/wp-json\/wp\/v2\/product_tag?post=298294"}],"curies":[{"name":"wp","href":"https:\/\/api.w.org\/{rel}","templated":true}]}}