{"id":298341,"date":"2025-06-24T07:30:21","date_gmt":"2025-06-24T06:30:21","guid":{"rendered":"https:\/\/ecosupplements.be\/product\/vitabiotics-wellzyme-digestive-enzymes-60-capsules\/"},"modified":"2025-08-28T02:01:28","modified_gmt":"2025-08-28T01:01:28","slug":"vitabiotics-wellzyme-digestive-enzymes-60-capsules","status":"publish","type":"product","link":"https:\/\/ecosupplements.be\/fr\/produit\/vitabiotics-wellzyme-digestive-enzymes-60-capsules\/","title":{"rendered":"Vitabiotics Enzymes Digestives Wellzyme (60 capsules)"},"content":{"rendered":"<h2>Vitabiotics Wellzyme Digestive Enzymes (60 Capsules)<\/h2>\n<p>D\u00e9couvrez les capsules Vitabiotics Wellzyme Digestive Enzymes, un choix parfait pour ceux qui appr\u00e9cient les ingr\u00e9dients naturels dans un mode de vie sain. Chaque capsule est formul\u00e9e avec une s\u00e9lection d&#8217;ingr\u00e9dients d&#8217;origine naturelle, con\u00e7ue pour \u00eatre int\u00e9gr\u00e9e facilement \u00e0 votre routine quotidienne.<\/p>\n<p>Ce produit se pr\u00e9sente sous forme de capsules faciles \u00e0 consommer, conditionn\u00e9es dans un emballage pratique contenant 60 unit\u00e9s. La composition inclut des extraits de plantes et des composants naturels soigneusement s\u00e9lectionn\u00e9s pour leur puret\u00e9 \u00e9lev\u00e9e.<\/p>\n<p>Utilisation recommand\u00e9e : Suivre la dose journali\u00e8re indiqu\u00e9e sur l&#8217;emballage pour compl\u00e9ter votre r\u00e9gime alimentaire habituel.<\/p>\n<p>Les Vitabiotics Wellzyme Digestive Enzymes sont id\u00e9ales pour ceux qui recherchent une solution pratique et de qualit\u00e9 sup\u00e9rieure,sans compromis sur le go\u00fbt ou la texture.Int\u00e9grez-les simplement \u00e0 votre quotidien pour compl\u00e9menter votre alimentation avec des \u00e9l\u00e9ments d&#8217;excellence.<\/p>\n<p>Optez pour Vitabiotics Wellzyme Digestive Enzymes et faites le choix d&#8217;un produit respectueux de vos pr\u00e9f\u00e9rences pour un style de vie actif et \u00e9quilibr\u00e9.<\/p>\n","protected":false},"excerpt":{"rendered":"<p>Vitabiotics Wellzyme Digestive Enzymes (60 Capsules) D\u00e9couvrez les capsules Vitabiotics Wellzyme Digestive Enzymes, un choix parfait pour ceux qui appr\u00e9cient les ingr\u00e9dients naturels dans un mode de vie sain. Chaque capsule est formul\u00e9e avec une s\u00e9lection d&#8217;ingr\u00e9dients d&#8217;origine naturelle, con\u00e7ue pour \u00eatre int\u00e9gr\u00e9e facilement \u00e0 votre routine quotidienne. Ce produit se pr\u00e9sente sous forme de [&#8230;]\n","protected":false},"featured_media":0,"comment_status":"closed","ping_status":"open","template":"","meta":[],"product_brand":[5334],"product_cat":[5052],"product_tag":[],"class_list":{"0":"post-298341","1":"product","2":"type-product","3":"status-publish","5":"product_brand-vitabiotics-2","6":"product_cat-sante-et-bien-etre","8":"first","9":"instock","10":"taxable","11":"shipping-taxable","12":"purchasable","13":"product-type-simple"},"yoast_head":"<!-- This site is optimized with the Yoast SEO Premium plugin v27.3 (Yoast SEO v27.3) - https:\/\/yoast.com\/product\/yoast-seo-premium-wordpress\/ -->\n<title>Vitabiotics Enzymes Digestives Wellzyme (60 capsules) - ECO Supplements<\/title>\n<meta name=\"description\" content=\"Wij hebben een ruime keuze aan producten van Vitabiotics Enzymes Digestives Wellzyme (60 capsules) . Winkel bij Eco Supplements altijd gratis verzending boven 100\u20ac\" \/>\n<meta name=\"robots\" content=\"index, follow, max-snippet:-1, max-image-preview:large, max-video-preview:-1\" \/>\n<link rel=\"canonical\" href=\"https:\/\/ecosupplements.be\/fr\/produit\/vitabiotics-wellzyme-digestive-enzymes-60-capsules\/\" \/>\n<meta property=\"og:locale\" content=\"fr_FR\" \/>\n<meta property=\"og:type\" content=\"article\" \/>\n<meta property=\"og:title\" content=\"Vitabiotics Enzymes Digestives Wellzyme (60 capsules)\" \/>\n<meta property=\"og:description\" content=\"Wij hebben een ruime keuze aan producten van Vitabiotics Enzymes Digestives Wellzyme (60 capsules) . Winkel bij Eco Supplements altijd gratis verzending boven 100\u20ac\" \/>\n<meta property=\"og:url\" content=\"https:\/\/ecosupplements.be\/fr\/produit\/vitabiotics-wellzyme-digestive-enzymes-60-capsules\/\" \/>\n<meta property=\"og:site_name\" content=\"ECO Supplements\" \/>\n<meta property=\"article:modified_time\" content=\"2025-08-28T01:01:28+00:00\" \/>\n<meta property=\"og:image\" content=\"https:\/\/ecosupplements.be\/wp-content\/uploads\/2022\/06\/ecosupplement-family.png\" \/>\n\t<meta property=\"og:image:width\" content=\"593\" \/>\n\t<meta property=\"og:image:height\" content=\"374\" \/>\n\t<meta property=\"og:image:type\" content=\"image\/png\" \/>\n<meta name=\"twitter:card\" content=\"summary_large_image\" \/>\n<meta name=\"twitter:label1\" content=\"Prix\" \/>\n\t<meta name=\"twitter:data1\" content=\"21.68&nbsp;&euro;\" \/>\n\t<meta name=\"twitter:label2\" content=\"Disponibilit\u00e9\" \/>\n\t<meta name=\"twitter:data2\" content=\"En stock\" \/>\n<script type=\"application\/ld+json\" class=\"yoast-schema-graph\">{\"@context\":\"https:\\\/\\\/schema.org\",\"@graph\":[{\"@type\":[\"WebPage\",\"ItemPage\"],\"@id\":\"https:\\\/\\\/ecosupplements.be\\\/fr\\\/produit\\\/vitabiotics-wellzyme-digestive-enzymes-60-capsules\\\/\",\"url\":\"https:\\\/\\\/ecosupplements.be\\\/fr\\\/produit\\\/vitabiotics-wellzyme-digestive-enzymes-60-capsules\\\/\",\"name\":\"Vitabiotics Enzymes Digestives Wellzyme (60 capsules) - ECO Supplements\",\"isPartOf\":{\"@id\":\"https:\\\/\\\/ecosupplements.be\\\/fr\\\/#website\"},\"datePublished\":\"2025-06-24T06:30:21+00:00\",\"dateModified\":\"2025-08-28T01:01:28+00:00\",\"description\":\"Wij hebben een ruime keuze aan producten van Vitabiotics Enzymes Digestives Wellzyme (60 capsules) . Winkel bij Eco Supplements altijd gratis verzending boven 100\u20ac\",\"breadcrumb\":{\"@id\":\"https:\\\/\\\/ecosupplements.be\\\/fr\\\/produit\\\/vitabiotics-wellzyme-digestive-enzymes-60-capsules\\\/#breadcrumb\"},\"inLanguage\":\"fr-FR\",\"potentialAction\":[{\"@type\":\"ReadAction\",\"target\":[\"https:\\\/\\\/ecosupplements.be\\\/fr\\\/produit\\\/vitabiotics-wellzyme-digestive-enzymes-60-capsules\\\/\"]}]},{\"@type\":\"BreadcrumbList\",\"@id\":\"https:\\\/\\\/ecosupplements.be\\\/fr\\\/produit\\\/vitabiotics-wellzyme-digestive-enzymes-60-capsules\\\/#breadcrumb\",\"itemListElement\":[{\"@type\":\"ListItem\",\"position\":1,\"name\":\"Home\",\"item\":\"https:\\\/\\\/ecosupplements.be\\\/fr\\\/\"},{\"@type\":\"ListItem\",\"position\":2,\"name\":\"Boutique\",\"item\":\"https:\\\/\\\/ecosupplements.be\\\/fr\\\/boutique\\\/\"},{\"@type\":\"ListItem\",\"position\":3,\"name\":\"Vitabiotics Enzymes Digestives Wellzyme (60 capsules)\"}]},{\"@type\":\"WebSite\",\"@id\":\"https:\\\/\\\/ecosupplements.be\\\/fr\\\/#website\",\"url\":\"https:\\\/\\\/ecosupplements.be\\\/fr\\\/\",\"name\":\"ECO Supplements\",\"description\":\"Eco Supplements - Gezonde supplementen\",\"publisher\":{\"@id\":\"https:\\\/\\\/ecosupplements.be\\\/fr\\\/#organization\"},\"potentialAction\":[{\"@type\":\"SearchAction\",\"target\":{\"@type\":\"EntryPoint\",\"urlTemplate\":\"https:\\\/\\\/ecosupplements.be\\\/fr\\\/?s={search_term_string}\"},\"query-input\":{\"@type\":\"PropertyValueSpecification\",\"valueRequired\":true,\"valueName\":\"search_term_string\"}}],\"inLanguage\":\"fr-FR\"},{\"@type\":\"Organization\",\"@id\":\"https:\\\/\\\/ecosupplements.be\\\/fr\\\/#organization\",\"name\":\"Eco Supplements\",\"url\":\"https:\\\/\\\/ecosupplements.be\\\/fr\\\/\",\"logo\":{\"@type\":\"ImageObject\",\"inLanguage\":\"fr-FR\",\"@id\":\"https:\\\/\\\/ecosupplements.be\\\/fr\\\/#\\\/schema\\\/logo\\\/image\\\/\",\"url\":\"https:\\\/\\\/ecosupplements.be\\\/wp-content\\\/uploads\\\/2022\\\/06\\\/ecosupplement-family.png\",\"contentUrl\":\"https:\\\/\\\/ecosupplements.be\\\/wp-content\\\/uploads\\\/2022\\\/06\\\/ecosupplement-family.png\",\"width\":593,\"height\":374,\"caption\":\"Eco Supplements\"},\"image\":{\"@id\":\"https:\\\/\\\/ecosupplements.be\\\/fr\\\/#\\\/schema\\\/logo\\\/image\\\/\"}}]}<\/script>\n<meta property=\"product:brand\" content=\"Vitabiotics\" \/>\n<meta property=\"product:price:amount\" content=\"21.68\" \/>\n<meta property=\"product:price:currency\" content=\"EUR\" \/>\n<meta property=\"og:availability\" content=\"instock\" \/>\n<meta property=\"product:availability\" content=\"instock\" \/>\n<meta property=\"product:retailer_item_id\" content=\"5021265249527\" \/>\n<meta property=\"product:condition\" content=\"new\" \/>\n<!-- \/ Yoast SEO Premium plugin. -->","yoast_head_json":{"title":"Vitabiotics Enzymes Digestives Wellzyme (60 capsules) - ECO Supplements","description":"Wij hebben een ruime keuze aan producten van Vitabiotics Enzymes Digestives Wellzyme (60 capsules) . Winkel bij Eco Supplements altijd gratis verzending boven 100\u20ac","robots":{"index":"index","follow":"follow","max-snippet":"max-snippet:-1","max-image-preview":"max-image-preview:large","max-video-preview":"max-video-preview:-1"},"canonical":"https:\/\/ecosupplements.be\/fr\/produit\/vitabiotics-wellzyme-digestive-enzymes-60-capsules\/","og_locale":"fr_FR","og_type":"article","og_title":"Vitabiotics Enzymes Digestives Wellzyme (60 capsules)","og_description":"Wij hebben een ruime keuze aan producten van Vitabiotics Enzymes Digestives Wellzyme (60 capsules) . Winkel bij Eco Supplements altijd gratis verzending boven 100\u20ac","og_url":"https:\/\/ecosupplements.be\/fr\/produit\/vitabiotics-wellzyme-digestive-enzymes-60-capsules\/","og_site_name":"ECO Supplements","article_modified_time":"2025-08-28T01:01:28+00:00","og_image":[{"width":593,"height":374,"url":"https:\/\/ecosupplements.be\/wp-content\/uploads\/2022\/06\/ecosupplement-family.png","type":"image\/png"}],"twitter_card":"summary_large_image","twitter_misc":{"Prix":"21.68&nbsp;&euro;","Disponibilit\u00e9":"En stock"},"schema":{"@context":"https:\/\/schema.org","@graph":[{"@type":["WebPage","ItemPage"],"@id":"https:\/\/ecosupplements.be\/fr\/produit\/vitabiotics-wellzyme-digestive-enzymes-60-capsules\/","url":"https:\/\/ecosupplements.be\/fr\/produit\/vitabiotics-wellzyme-digestive-enzymes-60-capsules\/","name":"Vitabiotics Enzymes Digestives Wellzyme (60 capsules) - ECO Supplements","isPartOf":{"@id":"https:\/\/ecosupplements.be\/fr\/#website"},"datePublished":"2025-06-24T06:30:21+00:00","dateModified":"2025-08-28T01:01:28+00:00","description":"Wij hebben een ruime keuze aan producten van Vitabiotics Enzymes Digestives Wellzyme (60 capsules) . Winkel bij Eco Supplements altijd gratis verzending boven 100\u20ac","breadcrumb":{"@id":"https:\/\/ecosupplements.be\/fr\/produit\/vitabiotics-wellzyme-digestive-enzymes-60-capsules\/#breadcrumb"},"inLanguage":"fr-FR","potentialAction":[{"@type":"ReadAction","target":["https:\/\/ecosupplements.be\/fr\/produit\/vitabiotics-wellzyme-digestive-enzymes-60-capsules\/"]}]},{"@type":"BreadcrumbList","@id":"https:\/\/ecosupplements.be\/fr\/produit\/vitabiotics-wellzyme-digestive-enzymes-60-capsules\/#breadcrumb","itemListElement":[{"@type":"ListItem","position":1,"name":"Home","item":"https:\/\/ecosupplements.be\/fr\/"},{"@type":"ListItem","position":2,"name":"Boutique","item":"https:\/\/ecosupplements.be\/fr\/boutique\/"},{"@type":"ListItem","position":3,"name":"Vitabiotics Enzymes Digestives Wellzyme (60 capsules)"}]},{"@type":"WebSite","@id":"https:\/\/ecosupplements.be\/fr\/#website","url":"https:\/\/ecosupplements.be\/fr\/","name":"ECO Supplements","description":"Eco Supplements - Gezonde supplementen","publisher":{"@id":"https:\/\/ecosupplements.be\/fr\/#organization"},"potentialAction":[{"@type":"SearchAction","target":{"@type":"EntryPoint","urlTemplate":"https:\/\/ecosupplements.be\/fr\/?s={search_term_string}"},"query-input":{"@type":"PropertyValueSpecification","valueRequired":true,"valueName":"search_term_string"}}],"inLanguage":"fr-FR"},{"@type":"Organization","@id":"https:\/\/ecosupplements.be\/fr\/#organization","name":"Eco Supplements","url":"https:\/\/ecosupplements.be\/fr\/","logo":{"@type":"ImageObject","inLanguage":"fr-FR","@id":"https:\/\/ecosupplements.be\/fr\/#\/schema\/logo\/image\/","url":"https:\/\/ecosupplements.be\/wp-content\/uploads\/2022\/06\/ecosupplement-family.png","contentUrl":"https:\/\/ecosupplements.be\/wp-content\/uploads\/2022\/06\/ecosupplement-family.png","width":593,"height":374,"caption":"Eco Supplements"},"image":{"@id":"https:\/\/ecosupplements.be\/fr\/#\/schema\/logo\/image\/"}}]},"product_brand":"Vitabiotics","product_price_amount":"21.68","product_price_currency":"EUR","og_availability":"instock","product_availability":"instock","product_retailer_item_id":"5021265249527","product_condition":"new"},"_links":{"self":[{"href":"https:\/\/ecosupplements.be\/fr\/wp-json\/wp\/v2\/product\/298341","targetHints":{"allow":["GET"]}}],"collection":[{"href":"https:\/\/ecosupplements.be\/fr\/wp-json\/wp\/v2\/product"}],"about":[{"href":"https:\/\/ecosupplements.be\/fr\/wp-json\/wp\/v2\/types\/product"}],"replies":[{"embeddable":true,"href":"https:\/\/ecosupplements.be\/fr\/wp-json\/wp\/v2\/comments?post=298341"}],"wp:attachment":[{"href":"https:\/\/ecosupplements.be\/fr\/wp-json\/wp\/v2\/media?parent=298341"}],"wp:term":[{"taxonomy":"product_brand","embeddable":true,"href":"https:\/\/ecosupplements.be\/fr\/wp-json\/wp\/v2\/product_brand?post=298341"},{"taxonomy":"product_cat","embeddable":true,"href":"https:\/\/ecosupplements.be\/fr\/wp-json\/wp\/v2\/product_cat?post=298341"},{"taxonomy":"product_tag","embeddable":true,"href":"https:\/\/ecosupplements.be\/fr\/wp-json\/wp\/v2\/product_tag?post=298341"}],"curies":[{"name":"wp","href":"https:\/\/api.w.org\/{rel}","templated":true}]}}