{"id":298345,"date":"2025-06-24T05:00:34","date_gmt":"2025-06-24T04:00:34","guid":{"rendered":"https:\/\/ecosupplements.be\/product\/vitaking-100-vegan-protein-powder-400-g-chocolate-cinnamon\/"},"modified":"2025-08-28T02:01:31","modified_gmt":"2025-08-28T01:01:31","slug":"vitaking-100-vegan-protein-powder-400-g-chocolate-cinnamon","status":"publish","type":"product","link":"https:\/\/ecosupplements.be\/fr\/produit\/vitaking-100-vegan-protein-powder-400-g-chocolate-cinnamon\/","title":{"rendered":"Poudre de prot\u00e9ine v\u00e9g\u00e9talienne \u00e0 100% Vitaking (400 g, Chocolat Cannelle)"},"content":{"rendered":"<h2>Vitaking 100% Vegan Protein Powder (400 g, Chocolat Cannelle)<\/h2>\n<p>D\u00e9couvrez le plaisir d&#8217;une nutrition v\u00e9g\u00e9tale avec la poudre de prot\u00e9ine 100% vegan de Vitaking, dans une savoureuse variante chocolat Cannelle. Ce produit est con\u00e7u pour s&#8217;int\u00e9grer harmonieusement \u00e0 votre quotidien gr\u00e2ce \u00e0 son format pratique de 400 g.<\/p>\n<p>Cette poudre est compos\u00e9e exclusivement d&#8217;ingr\u00e9dients d&#8217;origine naturelle, garantissant une haute qualit\u00e9 sans compromis. Le go\u00fbt riche du chocolat combin\u00e9 \u00e0 la douceur \u00e9pic\u00e9e de la cannelle offre une exp\u00e9rience gustative unique, tout en restant un choix simple pour tous les jours.<\/p>\n<p>Utilisation : Id\u00e9al pour enrichir vos smoothies, shakes ou autres recettes v\u00e9ganes. Ajoutez simplement la quantit\u00e9 d\u00e9sir\u00e9e selon vos pr\u00e9f\u00e9rences culinaires.<\/p>\n<p>Le packaging soign\u00e9 assure non seulement une conservation optimale mais aussi une utilisation ais\u00e9e au quotidien. Un choix parfait pour ceux qui appr\u00e9cient les ingr\u00e9dients naturels dans un mode de vie actif et \u00e9quilibr\u00e9.<\/p>\n","protected":false},"excerpt":{"rendered":"<p>Vitaking 100% Vegan Protein Powder (400 g, Chocolat Cannelle) D\u00e9couvrez le plaisir d&#8217;une nutrition v\u00e9g\u00e9tale avec la poudre de prot\u00e9ine 100% vegan de Vitaking, dans une savoureuse variante chocolat Cannelle. Ce produit est con\u00e7u pour s&#8217;int\u00e9grer harmonieusement \u00e0 votre quotidien gr\u00e2ce \u00e0 son format pratique de 400 g. Cette poudre est compos\u00e9e exclusivement d&#8217;ingr\u00e9dients d&#8217;origine [&#8230;]\n","protected":false},"featured_media":271937,"comment_status":"closed","ping_status":"open","template":"","meta":[],"product_brand":[5330],"product_cat":[5052],"product_tag":[],"class_list":{"0":"post-298345","1":"product","2":"type-product","3":"status-publish","4":"has-post-thumbnail","6":"product_brand-vitaking-2","7":"product_cat-sante-et-bien-etre","9":"first","10":"instock","11":"taxable","12":"shipping-taxable","13":"purchasable","14":"product-type-simple"},"yoast_head":"<!-- This site is optimized with the Yoast SEO Premium plugin v27.3 (Yoast SEO v27.3) - https:\/\/yoast.com\/product\/yoast-seo-premium-wordpress\/ -->\n<title>Poudre de prot\u00e9ine v\u00e9g\u00e9talienne \u00e0 100% Vitaking (400 g, Chocolat Cannelle) - ECO Supplements<\/title>\n<meta name=\"description\" content=\"Wij hebben een ruime keuze aan producten van Poudre de prot\u00e9ine v\u00e9g\u00e9talienne \u00e0 100% Vitaking (400 g, Chocolat Cannelle) . Winkel bij Eco Supplements altijd gratis verzending boven 100\u20ac\" \/>\n<meta name=\"robots\" content=\"index, follow, max-snippet:-1, max-image-preview:large, max-video-preview:-1\" \/>\n<link rel=\"canonical\" href=\"https:\/\/ecosupplements.be\/fr\/produit\/vitaking-100-vegan-protein-powder-400-g-chocolate-cinnamon\/\" \/>\n<meta property=\"og:locale\" content=\"fr_FR\" \/>\n<meta property=\"og:type\" content=\"article\" \/>\n<meta property=\"og:title\" content=\"Poudre de prot\u00e9ine v\u00e9g\u00e9talienne \u00e0 100% Vitaking (400 g, Chocolat Cannelle)\" \/>\n<meta property=\"og:description\" content=\"Wij hebben een ruime keuze aan producten van Poudre de prot\u00e9ine v\u00e9g\u00e9talienne \u00e0 100% Vitaking (400 g, Chocolat Cannelle) . Winkel bij Eco Supplements altijd gratis verzending boven 100\u20ac\" \/>\n<meta property=\"og:url\" content=\"https:\/\/ecosupplements.be\/fr\/produit\/vitaking-100-vegan-protein-powder-400-g-chocolate-cinnamon\/\" \/>\n<meta property=\"og:site_name\" content=\"ECO Supplements\" \/>\n<meta property=\"article:modified_time\" content=\"2025-08-28T01:01:31+00:00\" \/>\n<meta property=\"og:image\" content=\"https:\/\/ecosupplements.be\/wp-content\/uploads\/2025\/08\/Vitaking-Vitaking-100-Vegan-Protein-powder-400-g-Chocolate-Cinnamon.webp\" \/>\n\t<meta property=\"og:image:width\" content=\"1000\" \/>\n\t<meta property=\"og:image:height\" content=\"1000\" \/>\n\t<meta property=\"og:image:type\" content=\"image\/webp\" \/>\n<meta name=\"twitter:card\" content=\"summary_large_image\" \/>\n<meta name=\"twitter:label1\" content=\"Prix\" \/>\n\t<meta name=\"twitter:data1\" content=\"13.66&nbsp;&euro;\" \/>\n\t<meta name=\"twitter:label2\" content=\"Disponibilit\u00e9\" \/>\n\t<meta name=\"twitter:data2\" content=\"En stock\" \/>\n<script type=\"application\/ld+json\" class=\"yoast-schema-graph\">{\"@context\":\"https:\\\/\\\/schema.org\",\"@graph\":[{\"@type\":[\"WebPage\",\"ItemPage\"],\"@id\":\"https:\\\/\\\/ecosupplements.be\\\/fr\\\/produit\\\/vitaking-100-vegan-protein-powder-400-g-chocolate-cinnamon\\\/\",\"url\":\"https:\\\/\\\/ecosupplements.be\\\/fr\\\/produit\\\/vitaking-100-vegan-protein-powder-400-g-chocolate-cinnamon\\\/\",\"name\":\"Poudre de prot\u00e9ine v\u00e9g\u00e9talienne \u00e0 100% Vitaking (400 g, Chocolat Cannelle) - ECO Supplements\",\"isPartOf\":{\"@id\":\"https:\\\/\\\/ecosupplements.be\\\/fr\\\/#website\"},\"primaryImageOfPage\":{\"@id\":\"https:\\\/\\\/ecosupplements.be\\\/fr\\\/produit\\\/vitaking-100-vegan-protein-powder-400-g-chocolate-cinnamon\\\/#primaryimage\"},\"image\":{\"@id\":\"https:\\\/\\\/ecosupplements.be\\\/fr\\\/produit\\\/vitaking-100-vegan-protein-powder-400-g-chocolate-cinnamon\\\/#primaryimage\"},\"thumbnailUrl\":\"https:\\\/\\\/ecosupplements.be\\\/wp-content\\\/uploads\\\/2025\\\/08\\\/11437_1.webp\",\"datePublished\":\"2025-06-24T04:00:34+00:00\",\"dateModified\":\"2025-08-28T01:01:31+00:00\",\"description\":\"Wij hebben een ruime keuze aan producten van Poudre de prot\u00e9ine v\u00e9g\u00e9talienne \u00e0 100% Vitaking (400 g, Chocolat Cannelle) . Winkel bij Eco Supplements altijd gratis verzending boven 100\u20ac\",\"breadcrumb\":{\"@id\":\"https:\\\/\\\/ecosupplements.be\\\/fr\\\/produit\\\/vitaking-100-vegan-protein-powder-400-g-chocolate-cinnamon\\\/#breadcrumb\"},\"inLanguage\":\"fr-FR\",\"potentialAction\":[{\"@type\":\"ReadAction\",\"target\":[\"https:\\\/\\\/ecosupplements.be\\\/fr\\\/produit\\\/vitaking-100-vegan-protein-powder-400-g-chocolate-cinnamon\\\/\"]}]},{\"@type\":\"ImageObject\",\"inLanguage\":\"fr-FR\",\"@id\":\"https:\\\/\\\/ecosupplements.be\\\/fr\\\/produit\\\/vitaking-100-vegan-protein-powder-400-g-chocolate-cinnamon\\\/#primaryimage\",\"url\":\"https:\\\/\\\/ecosupplements.be\\\/wp-content\\\/uploads\\\/2025\\\/08\\\/11437_1.webp\",\"contentUrl\":\"https:\\\/\\\/ecosupplements.be\\\/wp-content\\\/uploads\\\/2025\\\/08\\\/11437_1.webp\",\"width\":1000,\"height\":1000},{\"@type\":\"BreadcrumbList\",\"@id\":\"https:\\\/\\\/ecosupplements.be\\\/fr\\\/produit\\\/vitaking-100-vegan-protein-powder-400-g-chocolate-cinnamon\\\/#breadcrumb\",\"itemListElement\":[{\"@type\":\"ListItem\",\"position\":1,\"name\":\"Home\",\"item\":\"https:\\\/\\\/ecosupplements.be\\\/fr\\\/\"},{\"@type\":\"ListItem\",\"position\":2,\"name\":\"Boutique\",\"item\":\"https:\\\/\\\/ecosupplements.be\\\/fr\\\/boutique\\\/\"},{\"@type\":\"ListItem\",\"position\":3,\"name\":\"Poudre de prot\u00e9ine v\u00e9g\u00e9talienne \u00e0 100% Vitaking (400 g, Chocolat Cannelle)\"}]},{\"@type\":\"WebSite\",\"@id\":\"https:\\\/\\\/ecosupplements.be\\\/fr\\\/#website\",\"url\":\"https:\\\/\\\/ecosupplements.be\\\/fr\\\/\",\"name\":\"ECO Supplements\",\"description\":\"Eco Supplements - Gezonde supplementen\",\"publisher\":{\"@id\":\"https:\\\/\\\/ecosupplements.be\\\/fr\\\/#organization\"},\"potentialAction\":[{\"@type\":\"SearchAction\",\"target\":{\"@type\":\"EntryPoint\",\"urlTemplate\":\"https:\\\/\\\/ecosupplements.be\\\/fr\\\/?s={search_term_string}\"},\"query-input\":{\"@type\":\"PropertyValueSpecification\",\"valueRequired\":true,\"valueName\":\"search_term_string\"}}],\"inLanguage\":\"fr-FR\"},{\"@type\":\"Organization\",\"@id\":\"https:\\\/\\\/ecosupplements.be\\\/fr\\\/#organization\",\"name\":\"Eco Supplements\",\"url\":\"https:\\\/\\\/ecosupplements.be\\\/fr\\\/\",\"logo\":{\"@type\":\"ImageObject\",\"inLanguage\":\"fr-FR\",\"@id\":\"https:\\\/\\\/ecosupplements.be\\\/fr\\\/#\\\/schema\\\/logo\\\/image\\\/\",\"url\":\"https:\\\/\\\/ecosupplements.be\\\/wp-content\\\/uploads\\\/2022\\\/06\\\/ecosupplement-family.png\",\"contentUrl\":\"https:\\\/\\\/ecosupplements.be\\\/wp-content\\\/uploads\\\/2022\\\/06\\\/ecosupplement-family.png\",\"width\":593,\"height\":374,\"caption\":\"Eco Supplements\"},\"image\":{\"@id\":\"https:\\\/\\\/ecosupplements.be\\\/fr\\\/#\\\/schema\\\/logo\\\/image\\\/\"}}]}<\/script>\n<meta property=\"product:brand\" content=\"Vitaking\" \/>\n<meta property=\"product:price:amount\" content=\"13.66\" \/>\n<meta property=\"product:price:currency\" content=\"EUR\" \/>\n<meta property=\"og:availability\" content=\"instock\" \/>\n<meta property=\"product:availability\" content=\"instock\" \/>\n<meta property=\"product:retailer_item_id\" content=\"5999561257068\" \/>\n<meta property=\"product:condition\" content=\"new\" \/>\n<!-- \/ Yoast SEO Premium plugin. -->","yoast_head_json":{"title":"Poudre de prot\u00e9ine v\u00e9g\u00e9talienne \u00e0 100% Vitaking (400 g, Chocolat Cannelle) - ECO Supplements","description":"Wij hebben een ruime keuze aan producten van Poudre de prot\u00e9ine v\u00e9g\u00e9talienne \u00e0 100% Vitaking (400 g, Chocolat Cannelle) . Winkel bij Eco Supplements altijd gratis verzending boven 100\u20ac","robots":{"index":"index","follow":"follow","max-snippet":"max-snippet:-1","max-image-preview":"max-image-preview:large","max-video-preview":"max-video-preview:-1"},"canonical":"https:\/\/ecosupplements.be\/fr\/produit\/vitaking-100-vegan-protein-powder-400-g-chocolate-cinnamon\/","og_locale":"fr_FR","og_type":"article","og_title":"Poudre de prot\u00e9ine v\u00e9g\u00e9talienne \u00e0 100% Vitaking (400 g, Chocolat Cannelle)","og_description":"Wij hebben een ruime keuze aan producten van Poudre de prot\u00e9ine v\u00e9g\u00e9talienne \u00e0 100% Vitaking (400 g, Chocolat Cannelle) . Winkel bij Eco Supplements altijd gratis verzending boven 100\u20ac","og_url":"https:\/\/ecosupplements.be\/fr\/produit\/vitaking-100-vegan-protein-powder-400-g-chocolate-cinnamon\/","og_site_name":"ECO Supplements","article_modified_time":"2025-08-28T01:01:31+00:00","og_image":[{"width":1000,"height":1000,"url":"https:\/\/ecosupplements.be\/wp-content\/uploads\/2025\/08\/Vitaking-Vitaking-100-Vegan-Protein-powder-400-g-Chocolate-Cinnamon.webp","type":"image\/webp"}],"twitter_card":"summary_large_image","twitter_misc":{"Prix":"13.66&nbsp;&euro;","Disponibilit\u00e9":"En stock"},"schema":{"@context":"https:\/\/schema.org","@graph":[{"@type":["WebPage","ItemPage"],"@id":"https:\/\/ecosupplements.be\/fr\/produit\/vitaking-100-vegan-protein-powder-400-g-chocolate-cinnamon\/","url":"https:\/\/ecosupplements.be\/fr\/produit\/vitaking-100-vegan-protein-powder-400-g-chocolate-cinnamon\/","name":"Poudre de prot\u00e9ine v\u00e9g\u00e9talienne \u00e0 100% Vitaking (400 g, Chocolat Cannelle) - ECO Supplements","isPartOf":{"@id":"https:\/\/ecosupplements.be\/fr\/#website"},"primaryImageOfPage":{"@id":"https:\/\/ecosupplements.be\/fr\/produit\/vitaking-100-vegan-protein-powder-400-g-chocolate-cinnamon\/#primaryimage"},"image":{"@id":"https:\/\/ecosupplements.be\/fr\/produit\/vitaking-100-vegan-protein-powder-400-g-chocolate-cinnamon\/#primaryimage"},"thumbnailUrl":"https:\/\/ecosupplements.be\/wp-content\/uploads\/2025\/08\/11437_1.webp","datePublished":"2025-06-24T04:00:34+00:00","dateModified":"2025-08-28T01:01:31+00:00","description":"Wij hebben een ruime keuze aan producten van Poudre de prot\u00e9ine v\u00e9g\u00e9talienne \u00e0 100% Vitaking (400 g, Chocolat Cannelle) . Winkel bij Eco Supplements altijd gratis verzending boven 100\u20ac","breadcrumb":{"@id":"https:\/\/ecosupplements.be\/fr\/produit\/vitaking-100-vegan-protein-powder-400-g-chocolate-cinnamon\/#breadcrumb"},"inLanguage":"fr-FR","potentialAction":[{"@type":"ReadAction","target":["https:\/\/ecosupplements.be\/fr\/produit\/vitaking-100-vegan-protein-powder-400-g-chocolate-cinnamon\/"]}]},{"@type":"ImageObject","inLanguage":"fr-FR","@id":"https:\/\/ecosupplements.be\/fr\/produit\/vitaking-100-vegan-protein-powder-400-g-chocolate-cinnamon\/#primaryimage","url":"https:\/\/ecosupplements.be\/wp-content\/uploads\/2025\/08\/11437_1.webp","contentUrl":"https:\/\/ecosupplements.be\/wp-content\/uploads\/2025\/08\/11437_1.webp","width":1000,"height":1000},{"@type":"BreadcrumbList","@id":"https:\/\/ecosupplements.be\/fr\/produit\/vitaking-100-vegan-protein-powder-400-g-chocolate-cinnamon\/#breadcrumb","itemListElement":[{"@type":"ListItem","position":1,"name":"Home","item":"https:\/\/ecosupplements.be\/fr\/"},{"@type":"ListItem","position":2,"name":"Boutique","item":"https:\/\/ecosupplements.be\/fr\/boutique\/"},{"@type":"ListItem","position":3,"name":"Poudre de prot\u00e9ine v\u00e9g\u00e9talienne \u00e0 100% Vitaking (400 g, Chocolat Cannelle)"}]},{"@type":"WebSite","@id":"https:\/\/ecosupplements.be\/fr\/#website","url":"https:\/\/ecosupplements.be\/fr\/","name":"ECO Supplements","description":"Eco Supplements - Gezonde supplementen","publisher":{"@id":"https:\/\/ecosupplements.be\/fr\/#organization"},"potentialAction":[{"@type":"SearchAction","target":{"@type":"EntryPoint","urlTemplate":"https:\/\/ecosupplements.be\/fr\/?s={search_term_string}"},"query-input":{"@type":"PropertyValueSpecification","valueRequired":true,"valueName":"search_term_string"}}],"inLanguage":"fr-FR"},{"@type":"Organization","@id":"https:\/\/ecosupplements.be\/fr\/#organization","name":"Eco Supplements","url":"https:\/\/ecosupplements.be\/fr\/","logo":{"@type":"ImageObject","inLanguage":"fr-FR","@id":"https:\/\/ecosupplements.be\/fr\/#\/schema\/logo\/image\/","url":"https:\/\/ecosupplements.be\/wp-content\/uploads\/2022\/06\/ecosupplement-family.png","contentUrl":"https:\/\/ecosupplements.be\/wp-content\/uploads\/2022\/06\/ecosupplement-family.png","width":593,"height":374,"caption":"Eco Supplements"},"image":{"@id":"https:\/\/ecosupplements.be\/fr\/#\/schema\/logo\/image\/"}}]},"product_brand":"Vitaking","product_price_amount":"13.66","product_price_currency":"EUR","og_availability":"instock","product_availability":"instock","product_retailer_item_id":"5999561257068","product_condition":"new"},"_links":{"self":[{"href":"https:\/\/ecosupplements.be\/fr\/wp-json\/wp\/v2\/product\/298345","targetHints":{"allow":["GET"]}}],"collection":[{"href":"https:\/\/ecosupplements.be\/fr\/wp-json\/wp\/v2\/product"}],"about":[{"href":"https:\/\/ecosupplements.be\/fr\/wp-json\/wp\/v2\/types\/product"}],"replies":[{"embeddable":true,"href":"https:\/\/ecosupplements.be\/fr\/wp-json\/wp\/v2\/comments?post=298345"}],"wp:featuredmedia":[{"embeddable":true,"href":"https:\/\/ecosupplements.be\/fr\/wp-json\/wp\/v2\/media\/271937"}],"wp:attachment":[{"href":"https:\/\/ecosupplements.be\/fr\/wp-json\/wp\/v2\/media?parent=298345"}],"wp:term":[{"taxonomy":"product_brand","embeddable":true,"href":"https:\/\/ecosupplements.be\/fr\/wp-json\/wp\/v2\/product_brand?post=298345"},{"taxonomy":"product_cat","embeddable":true,"href":"https:\/\/ecosupplements.be\/fr\/wp-json\/wp\/v2\/product_cat?post=298345"},{"taxonomy":"product_tag","embeddable":true,"href":"https:\/\/ecosupplements.be\/fr\/wp-json\/wp\/v2\/product_tag?post=298345"}],"curies":[{"name":"wp","href":"https:\/\/api.w.org\/{rel}","templated":true}]}}