{"id":298400,"date":"2025-06-25T20:15:27","date_gmt":"2025-06-25T19:15:27","guid":{"rendered":"https:\/\/ecosupplements.be\/product\/vitaking-calmag-zinc-calcium-magnesium-zinc-100-tablets\/"},"modified":"2025-08-28T02:02:21","modified_gmt":"2025-08-28T01:02:21","slug":"vitaking-calmag-zinc-calcium-magnesium-zinc-100-tablets","status":"publish","type":"product","link":"https:\/\/ecosupplements.be\/fr\/produit\/vitaking-calmag-zinc-calcium-magnesium-zinc-100-tablets\/","title":{"rendered":"Vitaking CalMag-Zinc (Calcium + Magn\u00e9sium + Zinc) (100 comprim\u00e9s)"},"content":{"rendered":"<h2>Vitaking CalMag-Zinc (Calcium + Magnesium + Zinc) &#8211; 100 Comprim\u00e9s<\/h2>\n<p>D\u00e9couvrez le choix naturel pour votre quotidien avec les comprim\u00e9s Vitaking CalMag-Zinc. Ce produit combine des min\u00e9raux essentiels dans une formule simple et pratique, id\u00e9ale pour ceux qui appr\u00e9cient la qualit\u00e9 et l&#8217;origine naturelle des ingr\u00e9dients.<\/p>\n<h3>Composition de qualit\u00e9<\/h3>\n<p>Ce compl\u00e9ment alimentaire est compos\u00e9 de calcium, de magn\u00e9sium et de zinc. Ces min\u00e9raux sont reconnus pour leur puret\u00e9 et proviennent de sources soigneusement s\u00e9lectionn\u00e9es afin d&#8217;offrir une excellente qualit\u00e9.<\/p>\n<h3>Contenu et emballage<\/h3>\n<p>Chaque bo\u00eete contient 100 comprim\u00e9s faciles \u00e0 utiliser, con\u00e7us pour s&#8217;int\u00e9grer parfaitement \u00e0 votre routine quotidienne sans complication.<\/p>\n<h3>Utilisation<\/h3>\n<p>Pour une utilisation optimale,suivez les instructions sur l&#8217;emballage ou consultez un professionnel pour d\u00e9terminer la dose adapt\u00e9e \u00e0 vos besoins quotidiens.<\/p>\n<h3>Caract\u00e9ristiques pratiques<\/h3>\n<p>Avec son format pratique, ce produit est facile \u00e0 transporter et \u00e0 consommer au quotidien. Les comprim\u00e9s sont con\u00e7us pour \u00eatre simples d&#8217;utilisation, vous permettant ainsi d&#8217;int\u00e9grer facilement ces min\u00e9raux essentiels dans votre routine.<\/p>\n<p>Faites le choix d&#8217;un produit fiable avec vitaking CalMag-Zinc,parfaitement adapt\u00e9 aux amateurs d&#8217;ingr\u00e9dients naturels dans un mode de vie actif et \u00e9quilibr\u00e9.<\/p>\n","protected":false},"excerpt":{"rendered":"<p>Vitaking CalMag-Zinc (Calcium + Magnesium + Zinc) &#8211; 100 Comprim\u00e9s D\u00e9couvrez le choix naturel pour votre quotidien avec les comprim\u00e9s Vitaking CalMag-Zinc. Ce produit combine des min\u00e9raux essentiels dans une formule simple et pratique, id\u00e9ale pour ceux qui appr\u00e9cient la qualit\u00e9 et l&#8217;origine naturelle des ingr\u00e9dients. Composition de qualit\u00e9 Ce compl\u00e9ment alimentaire est compos\u00e9 de [&#8230;]\n","protected":false},"featured_media":272942,"comment_status":"closed","ping_status":"open","template":"","meta":[],"product_brand":[5330],"product_cat":[5052],"product_tag":[],"class_list":{"0":"post-298400","1":"product","2":"type-product","3":"status-publish","4":"has-post-thumbnail","6":"product_brand-vitaking-2","7":"product_cat-sante-et-bien-etre","9":"first","10":"outofstock","11":"taxable","12":"shipping-taxable","13":"purchasable","14":"product-type-simple"},"yoast_head":"<!-- This site is optimized with the Yoast SEO Premium plugin v27.3 (Yoast SEO v27.3) - https:\/\/yoast.com\/product\/yoast-seo-premium-wordpress\/ -->\n<title>Vitaking CalMag-Zinc (Calcium + Magn\u00e9sium + Zinc) (100 comprim\u00e9s) - ECO Supplements<\/title>\n<meta name=\"description\" content=\"Wij hebben een ruime keuze aan producten van Vitaking CalMag-Zinc (Calcium + Magn\u00e9sium + Zinc) (100 comprim\u00e9s) . Winkel bij Eco Supplements altijd gratis verzending boven 100\u20ac\" \/>\n<meta name=\"robots\" content=\"index, follow, max-snippet:-1, max-image-preview:large, max-video-preview:-1\" \/>\n<link rel=\"canonical\" href=\"https:\/\/ecosupplements.be\/fr\/produit\/vitaking-calmag-zinc-calcium-magnesium-zinc-100-tablets\/\" \/>\n<meta property=\"og:locale\" content=\"fr_FR\" \/>\n<meta property=\"og:type\" content=\"article\" \/>\n<meta property=\"og:title\" content=\"Vitaking CalMag-Zinc (Calcium + Magn\u00e9sium + Zinc) (100 comprim\u00e9s)\" \/>\n<meta property=\"og:description\" content=\"Wij hebben een ruime keuze aan producten van Vitaking CalMag-Zinc (Calcium + Magn\u00e9sium + Zinc) (100 comprim\u00e9s) . Winkel bij Eco Supplements altijd gratis verzending boven 100\u20ac\" \/>\n<meta property=\"og:url\" content=\"https:\/\/ecosupplements.be\/fr\/produit\/vitaking-calmag-zinc-calcium-magnesium-zinc-100-tablets\/\" \/>\n<meta property=\"og:site_name\" content=\"ECO Supplements\" \/>\n<meta property=\"article:modified_time\" content=\"2025-08-28T01:02:21+00:00\" \/>\n<meta property=\"og:image\" content=\"https:\/\/ecosupplements.be\/wp-content\/uploads\/2025\/08\/11530.webp\" \/>\n\t<meta property=\"og:image:width\" content=\"1000\" \/>\n\t<meta property=\"og:image:height\" content=\"1000\" \/>\n\t<meta property=\"og:image:type\" content=\"image\/webp\" \/>\n<meta name=\"twitter:card\" content=\"summary_large_image\" \/>\n<meta name=\"twitter:label1\" content=\"Prix\" \/>\n\t<meta name=\"twitter:data1\" content=\"6.63&nbsp;&euro;\" \/>\n\t<meta name=\"twitter:label2\" content=\"Disponibilit\u00e9\" \/>\n\t<meta name=\"twitter:data2\" content=\"Rupture de stock\" \/>\n<script type=\"application\/ld+json\" class=\"yoast-schema-graph\">{\"@context\":\"https:\\\/\\\/schema.org\",\"@graph\":[{\"@type\":[\"WebPage\",\"ItemPage\"],\"@id\":\"https:\\\/\\\/ecosupplements.be\\\/fr\\\/produit\\\/vitaking-calmag-zinc-calcium-magnesium-zinc-100-tablets\\\/\",\"url\":\"https:\\\/\\\/ecosupplements.be\\\/fr\\\/produit\\\/vitaking-calmag-zinc-calcium-magnesium-zinc-100-tablets\\\/\",\"name\":\"Vitaking CalMag-Zinc (Calcium + Magn\u00e9sium + Zinc) (100 comprim\u00e9s) - ECO Supplements\",\"isPartOf\":{\"@id\":\"https:\\\/\\\/ecosupplements.be\\\/fr\\\/#website\"},\"primaryImageOfPage\":{\"@id\":\"https:\\\/\\\/ecosupplements.be\\\/fr\\\/produit\\\/vitaking-calmag-zinc-calcium-magnesium-zinc-100-tablets\\\/#primaryimage\"},\"image\":{\"@id\":\"https:\\\/\\\/ecosupplements.be\\\/fr\\\/produit\\\/vitaking-calmag-zinc-calcium-magnesium-zinc-100-tablets\\\/#primaryimage\"},\"thumbnailUrl\":\"https:\\\/\\\/ecosupplements.be\\\/wp-content\\\/uploads\\\/2025\\\/08\\\/11530.webp\",\"datePublished\":\"2025-06-25T19:15:27+00:00\",\"dateModified\":\"2025-08-28T01:02:21+00:00\",\"description\":\"Wij hebben een ruime keuze aan producten van Vitaking CalMag-Zinc (Calcium + Magn\u00e9sium + Zinc) (100 comprim\u00e9s) . Winkel bij Eco Supplements altijd gratis verzending boven 100\u20ac\",\"breadcrumb\":{\"@id\":\"https:\\\/\\\/ecosupplements.be\\\/fr\\\/produit\\\/vitaking-calmag-zinc-calcium-magnesium-zinc-100-tablets\\\/#breadcrumb\"},\"inLanguage\":\"fr-FR\",\"potentialAction\":[{\"@type\":\"ReadAction\",\"target\":[\"https:\\\/\\\/ecosupplements.be\\\/fr\\\/produit\\\/vitaking-calmag-zinc-calcium-magnesium-zinc-100-tablets\\\/\"]}]},{\"@type\":\"ImageObject\",\"inLanguage\":\"fr-FR\",\"@id\":\"https:\\\/\\\/ecosupplements.be\\\/fr\\\/produit\\\/vitaking-calmag-zinc-calcium-magnesium-zinc-100-tablets\\\/#primaryimage\",\"url\":\"https:\\\/\\\/ecosupplements.be\\\/wp-content\\\/uploads\\\/2025\\\/08\\\/11530.webp\",\"contentUrl\":\"https:\\\/\\\/ecosupplements.be\\\/wp-content\\\/uploads\\\/2025\\\/08\\\/11530.webp\",\"width\":1000,\"height\":1000},{\"@type\":\"BreadcrumbList\",\"@id\":\"https:\\\/\\\/ecosupplements.be\\\/fr\\\/produit\\\/vitaking-calmag-zinc-calcium-magnesium-zinc-100-tablets\\\/#breadcrumb\",\"itemListElement\":[{\"@type\":\"ListItem\",\"position\":1,\"name\":\"Home\",\"item\":\"https:\\\/\\\/ecosupplements.be\\\/fr\\\/\"},{\"@type\":\"ListItem\",\"position\":2,\"name\":\"Boutique\",\"item\":\"https:\\\/\\\/ecosupplements.be\\\/fr\\\/boutique\\\/\"},{\"@type\":\"ListItem\",\"position\":3,\"name\":\"Vitaking CalMag-Zinc (Calcium + Magn\u00e9sium + Zinc) (100 comprim\u00e9s)\"}]},{\"@type\":\"WebSite\",\"@id\":\"https:\\\/\\\/ecosupplements.be\\\/fr\\\/#website\",\"url\":\"https:\\\/\\\/ecosupplements.be\\\/fr\\\/\",\"name\":\"ECO Supplements\",\"description\":\"Eco Supplements - Gezonde supplementen\",\"publisher\":{\"@id\":\"https:\\\/\\\/ecosupplements.be\\\/fr\\\/#organization\"},\"potentialAction\":[{\"@type\":\"SearchAction\",\"target\":{\"@type\":\"EntryPoint\",\"urlTemplate\":\"https:\\\/\\\/ecosupplements.be\\\/fr\\\/?s={search_term_string}\"},\"query-input\":{\"@type\":\"PropertyValueSpecification\",\"valueRequired\":true,\"valueName\":\"search_term_string\"}}],\"inLanguage\":\"fr-FR\"},{\"@type\":\"Organization\",\"@id\":\"https:\\\/\\\/ecosupplements.be\\\/fr\\\/#organization\",\"name\":\"Eco Supplements\",\"url\":\"https:\\\/\\\/ecosupplements.be\\\/fr\\\/\",\"logo\":{\"@type\":\"ImageObject\",\"inLanguage\":\"fr-FR\",\"@id\":\"https:\\\/\\\/ecosupplements.be\\\/fr\\\/#\\\/schema\\\/logo\\\/image\\\/\",\"url\":\"https:\\\/\\\/ecosupplements.be\\\/wp-content\\\/uploads\\\/2022\\\/06\\\/ecosupplement-family.png\",\"contentUrl\":\"https:\\\/\\\/ecosupplements.be\\\/wp-content\\\/uploads\\\/2022\\\/06\\\/ecosupplement-family.png\",\"width\":593,\"height\":374,\"caption\":\"Eco Supplements\"},\"image\":{\"@id\":\"https:\\\/\\\/ecosupplements.be\\\/fr\\\/#\\\/schema\\\/logo\\\/image\\\/\"}}]}<\/script>\n<meta property=\"product:brand\" content=\"Vitaking\" \/>\n<meta property=\"product:price:amount\" content=\"6.63\" \/>\n<meta property=\"product:price:currency\" content=\"EUR\" \/>\n<meta property=\"og:availability\" content=\"out of stock\" \/>\n<meta property=\"product:availability\" content=\"out of stock\" \/>\n<meta property=\"product:retailer_item_id\" content=\"5999561257617\" \/>\n<meta property=\"product:condition\" content=\"new\" \/>\n<!-- \/ Yoast SEO Premium plugin. -->","yoast_head_json":{"title":"Vitaking CalMag-Zinc (Calcium + Magn\u00e9sium + Zinc) (100 comprim\u00e9s) - ECO Supplements","description":"Wij hebben een ruime keuze aan producten van Vitaking CalMag-Zinc (Calcium + Magn\u00e9sium + Zinc) (100 comprim\u00e9s) . Winkel bij Eco Supplements altijd gratis verzending boven 100\u20ac","robots":{"index":"index","follow":"follow","max-snippet":"max-snippet:-1","max-image-preview":"max-image-preview:large","max-video-preview":"max-video-preview:-1"},"canonical":"https:\/\/ecosupplements.be\/fr\/produit\/vitaking-calmag-zinc-calcium-magnesium-zinc-100-tablets\/","og_locale":"fr_FR","og_type":"article","og_title":"Vitaking CalMag-Zinc (Calcium + Magn\u00e9sium + Zinc) (100 comprim\u00e9s)","og_description":"Wij hebben een ruime keuze aan producten van Vitaking CalMag-Zinc (Calcium + Magn\u00e9sium + Zinc) (100 comprim\u00e9s) . Winkel bij Eco Supplements altijd gratis verzending boven 100\u20ac","og_url":"https:\/\/ecosupplements.be\/fr\/produit\/vitaking-calmag-zinc-calcium-magnesium-zinc-100-tablets\/","og_site_name":"ECO Supplements","article_modified_time":"2025-08-28T01:02:21+00:00","og_image":[{"width":1000,"height":1000,"url":"https:\/\/ecosupplements.be\/wp-content\/uploads\/2025\/08\/11530.webp","type":"image\/webp"}],"twitter_card":"summary_large_image","twitter_misc":{"Prix":"6.63&nbsp;&euro;","Disponibilit\u00e9":"Rupture de stock"},"schema":{"@context":"https:\/\/schema.org","@graph":[{"@type":["WebPage","ItemPage"],"@id":"https:\/\/ecosupplements.be\/fr\/produit\/vitaking-calmag-zinc-calcium-magnesium-zinc-100-tablets\/","url":"https:\/\/ecosupplements.be\/fr\/produit\/vitaking-calmag-zinc-calcium-magnesium-zinc-100-tablets\/","name":"Vitaking CalMag-Zinc (Calcium + Magn\u00e9sium + Zinc) (100 comprim\u00e9s) - ECO Supplements","isPartOf":{"@id":"https:\/\/ecosupplements.be\/fr\/#website"},"primaryImageOfPage":{"@id":"https:\/\/ecosupplements.be\/fr\/produit\/vitaking-calmag-zinc-calcium-magnesium-zinc-100-tablets\/#primaryimage"},"image":{"@id":"https:\/\/ecosupplements.be\/fr\/produit\/vitaking-calmag-zinc-calcium-magnesium-zinc-100-tablets\/#primaryimage"},"thumbnailUrl":"https:\/\/ecosupplements.be\/wp-content\/uploads\/2025\/08\/11530.webp","datePublished":"2025-06-25T19:15:27+00:00","dateModified":"2025-08-28T01:02:21+00:00","description":"Wij hebben een ruime keuze aan producten van Vitaking CalMag-Zinc (Calcium + Magn\u00e9sium + Zinc) (100 comprim\u00e9s) . Winkel bij Eco Supplements altijd gratis verzending boven 100\u20ac","breadcrumb":{"@id":"https:\/\/ecosupplements.be\/fr\/produit\/vitaking-calmag-zinc-calcium-magnesium-zinc-100-tablets\/#breadcrumb"},"inLanguage":"fr-FR","potentialAction":[{"@type":"ReadAction","target":["https:\/\/ecosupplements.be\/fr\/produit\/vitaking-calmag-zinc-calcium-magnesium-zinc-100-tablets\/"]}]},{"@type":"ImageObject","inLanguage":"fr-FR","@id":"https:\/\/ecosupplements.be\/fr\/produit\/vitaking-calmag-zinc-calcium-magnesium-zinc-100-tablets\/#primaryimage","url":"https:\/\/ecosupplements.be\/wp-content\/uploads\/2025\/08\/11530.webp","contentUrl":"https:\/\/ecosupplements.be\/wp-content\/uploads\/2025\/08\/11530.webp","width":1000,"height":1000},{"@type":"BreadcrumbList","@id":"https:\/\/ecosupplements.be\/fr\/produit\/vitaking-calmag-zinc-calcium-magnesium-zinc-100-tablets\/#breadcrumb","itemListElement":[{"@type":"ListItem","position":1,"name":"Home","item":"https:\/\/ecosupplements.be\/fr\/"},{"@type":"ListItem","position":2,"name":"Boutique","item":"https:\/\/ecosupplements.be\/fr\/boutique\/"},{"@type":"ListItem","position":3,"name":"Vitaking CalMag-Zinc (Calcium + Magn\u00e9sium + Zinc) (100 comprim\u00e9s)"}]},{"@type":"WebSite","@id":"https:\/\/ecosupplements.be\/fr\/#website","url":"https:\/\/ecosupplements.be\/fr\/","name":"ECO Supplements","description":"Eco Supplements - Gezonde supplementen","publisher":{"@id":"https:\/\/ecosupplements.be\/fr\/#organization"},"potentialAction":[{"@type":"SearchAction","target":{"@type":"EntryPoint","urlTemplate":"https:\/\/ecosupplements.be\/fr\/?s={search_term_string}"},"query-input":{"@type":"PropertyValueSpecification","valueRequired":true,"valueName":"search_term_string"}}],"inLanguage":"fr-FR"},{"@type":"Organization","@id":"https:\/\/ecosupplements.be\/fr\/#organization","name":"Eco Supplements","url":"https:\/\/ecosupplements.be\/fr\/","logo":{"@type":"ImageObject","inLanguage":"fr-FR","@id":"https:\/\/ecosupplements.be\/fr\/#\/schema\/logo\/image\/","url":"https:\/\/ecosupplements.be\/wp-content\/uploads\/2022\/06\/ecosupplement-family.png","contentUrl":"https:\/\/ecosupplements.be\/wp-content\/uploads\/2022\/06\/ecosupplement-family.png","width":593,"height":374,"caption":"Eco Supplements"},"image":{"@id":"https:\/\/ecosupplements.be\/fr\/#\/schema\/logo\/image\/"}}]},"product_brand":"Vitaking","product_price_amount":"6.63","product_price_currency":"EUR","og_availability":"out of stock","product_availability":"out of stock","product_retailer_item_id":"5999561257617","product_condition":"new"},"_links":{"self":[{"href":"https:\/\/ecosupplements.be\/fr\/wp-json\/wp\/v2\/product\/298400","targetHints":{"allow":["GET"]}}],"collection":[{"href":"https:\/\/ecosupplements.be\/fr\/wp-json\/wp\/v2\/product"}],"about":[{"href":"https:\/\/ecosupplements.be\/fr\/wp-json\/wp\/v2\/types\/product"}],"replies":[{"embeddable":true,"href":"https:\/\/ecosupplements.be\/fr\/wp-json\/wp\/v2\/comments?post=298400"}],"wp:featuredmedia":[{"embeddable":true,"href":"https:\/\/ecosupplements.be\/fr\/wp-json\/wp\/v2\/media\/272942"}],"wp:attachment":[{"href":"https:\/\/ecosupplements.be\/fr\/wp-json\/wp\/v2\/media?parent=298400"}],"wp:term":[{"taxonomy":"product_brand","embeddable":true,"href":"https:\/\/ecosupplements.be\/fr\/wp-json\/wp\/v2\/product_brand?post=298400"},{"taxonomy":"product_cat","embeddable":true,"href":"https:\/\/ecosupplements.be\/fr\/wp-json\/wp\/v2\/product_cat?post=298400"},{"taxonomy":"product_tag","embeddable":true,"href":"https:\/\/ecosupplements.be\/fr\/wp-json\/wp\/v2\/product_tag?post=298400"}],"curies":[{"name":"wp","href":"https:\/\/api.w.org\/{rel}","templated":true}]}}