{"id":298454,"date":"2025-06-24T06:00:32","date_gmt":"2025-06-24T05:00:32","guid":{"rendered":"https:\/\/ecosupplements.be\/product\/vitaking-fin-flexigel-collagen-500-ml-black-currant\/"},"modified":"2025-08-28T02:03:07","modified_gmt":"2025-08-28T01:03:07","slug":"vitaking-fin-flexigel-collagen-500-ml-black-currant","status":"publish","type":"product","link":"https:\/\/ecosupplements.be\/fr\/produit\/vitaking-fin-flexigel-collagen-500-ml-black-currant\/","title":{"rendered":"Vitaking Fin FlexiGel &#8211; Collag\u00e8ne (500 ml, Cassis noir)"},"content":{"rendered":"<h2>Vitaking Fin FlexiGel &#8211; Collagen (500 ml, Black Currant)<\/h2>\n<p>D\u00e9couvrez le <strong>Vitaking Fin FlexiGel &#8211; Collagen<\/strong>, un choix parfait pour ceux qui appr\u00e9cient les ingr\u00e9dients naturels dans un mode de vie sain. Ce produit est pr\u00e9sent\u00e9 dans un format pratique de 500 ml avec une saveur agr\u00e9able de cassis.<\/p>\n<p>Ce gel est compos\u00e9 d&#8217;ingr\u00e9dients soigneusement s\u00e9lectionn\u00e9s pour leur qualit\u00e9 et leur origine naturelle. Profitez d&#8217;une composition riche en \u00e9l\u00e9ments issus de la nature, con\u00e7ue pour s&#8217;int\u00e9grer harmonieusement \u00e0 votre quotidien.<\/p>\n<p>Utilisation simple : Int\u00e9grez ce produit \u00e0 votre routine journali\u00e8re en suivant les indications sur l&#8217;emballage pour une utilisation optimale.<\/p>\n<p>Le packaging pratique et le go\u00fbt d\u00e9licieux de cassis rendent ce produit facile et agr\u00e9able \u00e0 consommer au quotidien.Un compl\u00e9ment simple pour un usage quotidien qui s&#8217;adapte \u00e0 votre rythme de vie actif sans pr\u00e9tendre \u00e0 des effets sp\u00e9cifiques sur la sant\u00e9 ou le bien-\u00eatre.<\/p>\n<p><em>Embrassez un style de vie \u00e9quilibr\u00e9 avec Vitaking Fin FlexiGel &#8211; Collagen,o\u00f9 qualit\u00e9 et naturalit\u00e9 se rencontrent dans chaque bouteille.<\/em><\/p>\n","protected":false},"excerpt":{"rendered":"<p>Vitaking Fin FlexiGel &#8211; Collagen (500 ml, Black Currant) D\u00e9couvrez le Vitaking Fin FlexiGel &#8211; Collagen, un choix parfait pour ceux qui appr\u00e9cient les ingr\u00e9dients naturels dans un mode de vie sain. Ce produit est pr\u00e9sent\u00e9 dans un format pratique de 500 ml avec une saveur agr\u00e9able de cassis. Ce gel est compos\u00e9 d&#8217;ingr\u00e9dients soigneusement [&#8230;]\n","protected":false},"featured_media":272030,"comment_status":"closed","ping_status":"open","template":"","meta":[],"product_brand":[5330],"product_cat":[5052],"product_tag":[],"class_list":{"0":"post-298454","1":"product","2":"type-product","3":"status-publish","4":"has-post-thumbnail","6":"product_brand-vitaking-2","7":"product_cat-sante-et-bien-etre","9":"first","10":"instock","11":"taxable","12":"shipping-taxable","13":"purchasable","14":"product-type-simple"},"yoast_head":"<!-- This site is optimized with the Yoast SEO Premium plugin v27.3 (Yoast SEO v27.3) - https:\/\/yoast.com\/product\/yoast-seo-premium-wordpress\/ -->\n<title>Vitaking Fin FlexiGel - Collag\u00e8ne (500 ml, Cassis noir) - ECO Supplements<\/title>\n<meta name=\"description\" content=\"Wij hebben een ruime keuze aan producten van Vitaking Fin FlexiGel - Collag\u00e8ne (500 ml, Cassis noir) . Winkel bij Eco Supplements altijd gratis verzending boven 100\u20ac\" \/>\n<meta name=\"robots\" content=\"index, follow, max-snippet:-1, max-image-preview:large, max-video-preview:-1\" \/>\n<link rel=\"canonical\" href=\"https:\/\/ecosupplements.be\/fr\/produit\/vitaking-fin-flexigel-collagen-500-ml-black-currant\/\" \/>\n<meta property=\"og:locale\" content=\"fr_FR\" \/>\n<meta property=\"og:type\" content=\"article\" \/>\n<meta property=\"og:title\" content=\"Vitaking Fin FlexiGel - Collag\u00e8ne (500 ml, Cassis noir)\" \/>\n<meta property=\"og:description\" content=\"Wij hebben een ruime keuze aan producten van Vitaking Fin FlexiGel - Collag\u00e8ne (500 ml, Cassis noir) . Winkel bij Eco Supplements altijd gratis verzending boven 100\u20ac\" \/>\n<meta property=\"og:url\" content=\"https:\/\/ecosupplements.be\/fr\/produit\/vitaking-fin-flexigel-collagen-500-ml-black-currant\/\" \/>\n<meta property=\"og:site_name\" content=\"ECO Supplements\" \/>\n<meta property=\"article:modified_time\" content=\"2025-08-28T01:03:07+00:00\" \/>\n<meta property=\"og:image\" content=\"https:\/\/ecosupplements.be\/wp-content\/uploads\/2025\/08\/Vitaking-Vitaking-Fin-FlexiGel-Collagen-500-ml-Black-Currant.webp\" \/>\n\t<meta property=\"og:image:width\" content=\"1000\" \/>\n\t<meta property=\"og:image:height\" content=\"1000\" \/>\n\t<meta property=\"og:image:type\" content=\"image\/webp\" \/>\n<meta name=\"twitter:card\" content=\"summary_large_image\" \/>\n<meta name=\"twitter:label1\" content=\"Prix\" \/>\n\t<meta name=\"twitter:data1\" content=\"38.36&nbsp;&euro;\" \/>\n\t<meta name=\"twitter:label2\" content=\"Disponibilit\u00e9\" \/>\n\t<meta name=\"twitter:data2\" content=\"En stock\" \/>\n<script type=\"application\/ld+json\" class=\"yoast-schema-graph\">{\"@context\":\"https:\\\/\\\/schema.org\",\"@graph\":[{\"@type\":[\"WebPage\",\"ItemPage\"],\"@id\":\"https:\\\/\\\/ecosupplements.be\\\/fr\\\/produit\\\/vitaking-fin-flexigel-collagen-500-ml-black-currant\\\/\",\"url\":\"https:\\\/\\\/ecosupplements.be\\\/fr\\\/produit\\\/vitaking-fin-flexigel-collagen-500-ml-black-currant\\\/\",\"name\":\"Vitaking Fin FlexiGel - Collag\u00e8ne (500 ml, Cassis noir) - ECO Supplements\",\"isPartOf\":{\"@id\":\"https:\\\/\\\/ecosupplements.be\\\/fr\\\/#website\"},\"primaryImageOfPage\":{\"@id\":\"https:\\\/\\\/ecosupplements.be\\\/fr\\\/produit\\\/vitaking-fin-flexigel-collagen-500-ml-black-currant\\\/#primaryimage\"},\"image\":{\"@id\":\"https:\\\/\\\/ecosupplements.be\\\/fr\\\/produit\\\/vitaking-fin-flexigel-collagen-500-ml-black-currant\\\/#primaryimage\"},\"thumbnailUrl\":\"https:\\\/\\\/ecosupplements.be\\\/wp-content\\\/uploads\\\/2025\\\/08\\\/VITAKING-FIN-FLEXIGEL-KOLLAGEN-500ML_SUPP.webp\",\"datePublished\":\"2025-06-24T05:00:32+00:00\",\"dateModified\":\"2025-08-28T01:03:07+00:00\",\"description\":\"Wij hebben een ruime keuze aan producten van Vitaking Fin FlexiGel - Collag\u00e8ne (500 ml, Cassis noir) . Winkel bij Eco Supplements altijd gratis verzending boven 100\u20ac\",\"breadcrumb\":{\"@id\":\"https:\\\/\\\/ecosupplements.be\\\/fr\\\/produit\\\/vitaking-fin-flexigel-collagen-500-ml-black-currant\\\/#breadcrumb\"},\"inLanguage\":\"fr-FR\",\"potentialAction\":[{\"@type\":\"ReadAction\",\"target\":[\"https:\\\/\\\/ecosupplements.be\\\/fr\\\/produit\\\/vitaking-fin-flexigel-collagen-500-ml-black-currant\\\/\"]}]},{\"@type\":\"ImageObject\",\"inLanguage\":\"fr-FR\",\"@id\":\"https:\\\/\\\/ecosupplements.be\\\/fr\\\/produit\\\/vitaking-fin-flexigel-collagen-500-ml-black-currant\\\/#primaryimage\",\"url\":\"https:\\\/\\\/ecosupplements.be\\\/wp-content\\\/uploads\\\/2025\\\/08\\\/VITAKING-FIN-FLEXIGEL-KOLLAGEN-500ML_SUPP.webp\",\"contentUrl\":\"https:\\\/\\\/ecosupplements.be\\\/wp-content\\\/uploads\\\/2025\\\/08\\\/VITAKING-FIN-FLEXIGEL-KOLLAGEN-500ML_SUPP.webp\",\"width\":1000,\"height\":1000},{\"@type\":\"BreadcrumbList\",\"@id\":\"https:\\\/\\\/ecosupplements.be\\\/fr\\\/produit\\\/vitaking-fin-flexigel-collagen-500-ml-black-currant\\\/#breadcrumb\",\"itemListElement\":[{\"@type\":\"ListItem\",\"position\":1,\"name\":\"Home\",\"item\":\"https:\\\/\\\/ecosupplements.be\\\/fr\\\/\"},{\"@type\":\"ListItem\",\"position\":2,\"name\":\"Boutique\",\"item\":\"https:\\\/\\\/ecosupplements.be\\\/fr\\\/boutique\\\/\"},{\"@type\":\"ListItem\",\"position\":3,\"name\":\"Vitaking Fin FlexiGel &#8211; Collag\u00e8ne (500 ml, Cassis noir)\"}]},{\"@type\":\"WebSite\",\"@id\":\"https:\\\/\\\/ecosupplements.be\\\/fr\\\/#website\",\"url\":\"https:\\\/\\\/ecosupplements.be\\\/fr\\\/\",\"name\":\"ECO Supplements\",\"description\":\"Eco Supplements - Gezonde supplementen\",\"publisher\":{\"@id\":\"https:\\\/\\\/ecosupplements.be\\\/fr\\\/#organization\"},\"potentialAction\":[{\"@type\":\"SearchAction\",\"target\":{\"@type\":\"EntryPoint\",\"urlTemplate\":\"https:\\\/\\\/ecosupplements.be\\\/fr\\\/?s={search_term_string}\"},\"query-input\":{\"@type\":\"PropertyValueSpecification\",\"valueRequired\":true,\"valueName\":\"search_term_string\"}}],\"inLanguage\":\"fr-FR\"},{\"@type\":\"Organization\",\"@id\":\"https:\\\/\\\/ecosupplements.be\\\/fr\\\/#organization\",\"name\":\"Eco Supplements\",\"url\":\"https:\\\/\\\/ecosupplements.be\\\/fr\\\/\",\"logo\":{\"@type\":\"ImageObject\",\"inLanguage\":\"fr-FR\",\"@id\":\"https:\\\/\\\/ecosupplements.be\\\/fr\\\/#\\\/schema\\\/logo\\\/image\\\/\",\"url\":\"https:\\\/\\\/ecosupplements.be\\\/wp-content\\\/uploads\\\/2022\\\/06\\\/ecosupplement-family.png\",\"contentUrl\":\"https:\\\/\\\/ecosupplements.be\\\/wp-content\\\/uploads\\\/2022\\\/06\\\/ecosupplement-family.png\",\"width\":593,\"height\":374,\"caption\":\"Eco Supplements\"},\"image\":{\"@id\":\"https:\\\/\\\/ecosupplements.be\\\/fr\\\/#\\\/schema\\\/logo\\\/image\\\/\"}}]}<\/script>\n<meta property=\"product:brand\" content=\"Vitaking\" \/>\n<meta property=\"product:price:amount\" content=\"38.36\" \/>\n<meta property=\"product:price:currency\" content=\"EUR\" \/>\n<meta property=\"og:availability\" content=\"instock\" \/>\n<meta property=\"product:availability\" content=\"instock\" \/>\n<meta property=\"product:retailer_item_id\" content=\"6428300092411\" \/>\n<meta property=\"product:condition\" content=\"new\" \/>\n<!-- \/ Yoast SEO Premium plugin. -->","yoast_head_json":{"title":"Vitaking Fin FlexiGel - Collag\u00e8ne (500 ml, Cassis noir) - ECO Supplements","description":"Wij hebben een ruime keuze aan producten van Vitaking Fin FlexiGel - Collag\u00e8ne (500 ml, Cassis noir) . Winkel bij Eco Supplements altijd gratis verzending boven 100\u20ac","robots":{"index":"index","follow":"follow","max-snippet":"max-snippet:-1","max-image-preview":"max-image-preview:large","max-video-preview":"max-video-preview:-1"},"canonical":"https:\/\/ecosupplements.be\/fr\/produit\/vitaking-fin-flexigel-collagen-500-ml-black-currant\/","og_locale":"fr_FR","og_type":"article","og_title":"Vitaking Fin FlexiGel - Collag\u00e8ne (500 ml, Cassis noir)","og_description":"Wij hebben een ruime keuze aan producten van Vitaking Fin FlexiGel - Collag\u00e8ne (500 ml, Cassis noir) . Winkel bij Eco Supplements altijd gratis verzending boven 100\u20ac","og_url":"https:\/\/ecosupplements.be\/fr\/produit\/vitaking-fin-flexigel-collagen-500-ml-black-currant\/","og_site_name":"ECO Supplements","article_modified_time":"2025-08-28T01:03:07+00:00","og_image":[{"width":1000,"height":1000,"url":"https:\/\/ecosupplements.be\/wp-content\/uploads\/2025\/08\/Vitaking-Vitaking-Fin-FlexiGel-Collagen-500-ml-Black-Currant.webp","type":"image\/webp"}],"twitter_card":"summary_large_image","twitter_misc":{"Prix":"38.36&nbsp;&euro;","Disponibilit\u00e9":"En stock"},"schema":{"@context":"https:\/\/schema.org","@graph":[{"@type":["WebPage","ItemPage"],"@id":"https:\/\/ecosupplements.be\/fr\/produit\/vitaking-fin-flexigel-collagen-500-ml-black-currant\/","url":"https:\/\/ecosupplements.be\/fr\/produit\/vitaking-fin-flexigel-collagen-500-ml-black-currant\/","name":"Vitaking Fin FlexiGel - Collag\u00e8ne (500 ml, Cassis noir) - ECO Supplements","isPartOf":{"@id":"https:\/\/ecosupplements.be\/fr\/#website"},"primaryImageOfPage":{"@id":"https:\/\/ecosupplements.be\/fr\/produit\/vitaking-fin-flexigel-collagen-500-ml-black-currant\/#primaryimage"},"image":{"@id":"https:\/\/ecosupplements.be\/fr\/produit\/vitaking-fin-flexigel-collagen-500-ml-black-currant\/#primaryimage"},"thumbnailUrl":"https:\/\/ecosupplements.be\/wp-content\/uploads\/2025\/08\/VITAKING-FIN-FLEXIGEL-KOLLAGEN-500ML_SUPP.webp","datePublished":"2025-06-24T05:00:32+00:00","dateModified":"2025-08-28T01:03:07+00:00","description":"Wij hebben een ruime keuze aan producten van Vitaking Fin FlexiGel - Collag\u00e8ne (500 ml, Cassis noir) . Winkel bij Eco Supplements altijd gratis verzending boven 100\u20ac","breadcrumb":{"@id":"https:\/\/ecosupplements.be\/fr\/produit\/vitaking-fin-flexigel-collagen-500-ml-black-currant\/#breadcrumb"},"inLanguage":"fr-FR","potentialAction":[{"@type":"ReadAction","target":["https:\/\/ecosupplements.be\/fr\/produit\/vitaking-fin-flexigel-collagen-500-ml-black-currant\/"]}]},{"@type":"ImageObject","inLanguage":"fr-FR","@id":"https:\/\/ecosupplements.be\/fr\/produit\/vitaking-fin-flexigel-collagen-500-ml-black-currant\/#primaryimage","url":"https:\/\/ecosupplements.be\/wp-content\/uploads\/2025\/08\/VITAKING-FIN-FLEXIGEL-KOLLAGEN-500ML_SUPP.webp","contentUrl":"https:\/\/ecosupplements.be\/wp-content\/uploads\/2025\/08\/VITAKING-FIN-FLEXIGEL-KOLLAGEN-500ML_SUPP.webp","width":1000,"height":1000},{"@type":"BreadcrumbList","@id":"https:\/\/ecosupplements.be\/fr\/produit\/vitaking-fin-flexigel-collagen-500-ml-black-currant\/#breadcrumb","itemListElement":[{"@type":"ListItem","position":1,"name":"Home","item":"https:\/\/ecosupplements.be\/fr\/"},{"@type":"ListItem","position":2,"name":"Boutique","item":"https:\/\/ecosupplements.be\/fr\/boutique\/"},{"@type":"ListItem","position":3,"name":"Vitaking Fin FlexiGel &#8211; Collag\u00e8ne (500 ml, Cassis noir)"}]},{"@type":"WebSite","@id":"https:\/\/ecosupplements.be\/fr\/#website","url":"https:\/\/ecosupplements.be\/fr\/","name":"ECO Supplements","description":"Eco Supplements - Gezonde supplementen","publisher":{"@id":"https:\/\/ecosupplements.be\/fr\/#organization"},"potentialAction":[{"@type":"SearchAction","target":{"@type":"EntryPoint","urlTemplate":"https:\/\/ecosupplements.be\/fr\/?s={search_term_string}"},"query-input":{"@type":"PropertyValueSpecification","valueRequired":true,"valueName":"search_term_string"}}],"inLanguage":"fr-FR"},{"@type":"Organization","@id":"https:\/\/ecosupplements.be\/fr\/#organization","name":"Eco Supplements","url":"https:\/\/ecosupplements.be\/fr\/","logo":{"@type":"ImageObject","inLanguage":"fr-FR","@id":"https:\/\/ecosupplements.be\/fr\/#\/schema\/logo\/image\/","url":"https:\/\/ecosupplements.be\/wp-content\/uploads\/2022\/06\/ecosupplement-family.png","contentUrl":"https:\/\/ecosupplements.be\/wp-content\/uploads\/2022\/06\/ecosupplement-family.png","width":593,"height":374,"caption":"Eco Supplements"},"image":{"@id":"https:\/\/ecosupplements.be\/fr\/#\/schema\/logo\/image\/"}}]},"product_brand":"Vitaking","product_price_amount":"38.36","product_price_currency":"EUR","og_availability":"instock","product_availability":"instock","product_retailer_item_id":"6428300092411","product_condition":"new"},"_links":{"self":[{"href":"https:\/\/ecosupplements.be\/fr\/wp-json\/wp\/v2\/product\/298454","targetHints":{"allow":["GET"]}}],"collection":[{"href":"https:\/\/ecosupplements.be\/fr\/wp-json\/wp\/v2\/product"}],"about":[{"href":"https:\/\/ecosupplements.be\/fr\/wp-json\/wp\/v2\/types\/product"}],"replies":[{"embeddable":true,"href":"https:\/\/ecosupplements.be\/fr\/wp-json\/wp\/v2\/comments?post=298454"}],"wp:featuredmedia":[{"embeddable":true,"href":"https:\/\/ecosupplements.be\/fr\/wp-json\/wp\/v2\/media\/272030"}],"wp:attachment":[{"href":"https:\/\/ecosupplements.be\/fr\/wp-json\/wp\/v2\/media?parent=298454"}],"wp:term":[{"taxonomy":"product_brand","embeddable":true,"href":"https:\/\/ecosupplements.be\/fr\/wp-json\/wp\/v2\/product_brand?post=298454"},{"taxonomy":"product_cat","embeddable":true,"href":"https:\/\/ecosupplements.be\/fr\/wp-json\/wp\/v2\/product_cat?post=298454"},{"taxonomy":"product_tag","embeddable":true,"href":"https:\/\/ecosupplements.be\/fr\/wp-json\/wp\/v2\/product_tag?post=298454"}],"curies":[{"name":"wp","href":"https:\/\/api.w.org\/{rel}","templated":true}]}}