{"id":298499,"date":"2025-06-24T06:16:02","date_gmt":"2025-06-24T05:16:02","guid":{"rendered":"https:\/\/ecosupplements.be\/product\/vitaking-instant-supreme-vitamin-c-powder-150-g-blackberry\/"},"modified":"2025-08-28T02:03:43","modified_gmt":"2025-08-28T01:03:43","slug":"vitaking-instant-supreme-vitamin-c-powder-150-g-blackberry","status":"publish","type":"product","link":"https:\/\/ecosupplements.be\/fr\/produit\/vitaking-instant-supreme-vitamin-c-powder-150-g-blackberry\/","title":{"rendered":"Poudre de Vitamine C Instantan\u00e9e Supr\u00eame Vitaking (150 g, M\u00fbre)"},"content":{"rendered":"<h2>Vitaking instant Supreme Vitamin C Powder (150 g, Saveur M\u00fbre)<\/h2>\n<p>D\u00e9couvrez le <strong>Vitaking Instant Supreme Vitamin C Powder<\/strong>, votre choix naturel pour int\u00e9grer une touche de qualit\u00e9 \u00e0 votre quotidien. Ce produit se pr\u00e9sente sous forme de poudre instantan\u00e9e, facile \u00e0 dissoudre, et offre un go\u00fbt agr\u00e9able de m\u00fbre.<\/p>\n<h3>Composition<\/h3>\n<p>Ce compl\u00e9ment est \u00e9labor\u00e9 \u00e0 partir d&#8217;ingr\u00e9dients de haute qualit\u00e9 et d&#8217;origine naturelle.Profitez chaque jour du go\u00fbt authentique des m\u00fbres sans additifs artificiels.<\/p>\n<h3>Contenu et emballage<\/h3>\n<p>Le produit est disponible en pot de 150 g, con\u00e7u pour \u00eatre pratique et simple d&#8217;utilisation.<\/p>\n<h3>Utilisation<\/h3>\n<p>Pour une utilisation optimale, il suffit d&#8217;ajouter la poudre dans l&#8217;eau ou dans votre boisson pr\u00e9f\u00e9r\u00e9e. Un geste rapide pour un usage quotidien sans complication.<\/p>\n<h3>Caract\u00e9ristiques Pratiques<\/h3>\n<p>Avec son format en poudre instantan\u00e9e, ce produit est parfait pour ceux qui cherchent une solution pratique tout en appr\u00e9ciant les saveurs naturelles dans leur routine alimentaire.<\/p>\n<p><em>Vitaking Instant Supreme Vitamin C Powder<\/em> est id\u00e9al pour tous ceux qui valorisent les ingr\u00e9dients purs et recherchent un compl\u00e9ment simple au quotidien. Un excellent choix pour accompagner un mode de vie actif avec facilit\u00e9 et plaisir.<\/p>\n","protected":false},"excerpt":{"rendered":"<p>Vitaking instant Supreme Vitamin C Powder (150 g, Saveur M\u00fbre) D\u00e9couvrez le Vitaking Instant Supreme Vitamin C Powder, votre choix naturel pour int\u00e9grer une touche de qualit\u00e9 \u00e0 votre quotidien. Ce produit se pr\u00e9sente sous forme de poudre instantan\u00e9e, facile \u00e0 dissoudre, et offre un go\u00fbt agr\u00e9able de m\u00fbre. Composition Ce compl\u00e9ment est \u00e9labor\u00e9 \u00e0 [&#8230;]\n","protected":false},"featured_media":272066,"comment_status":"closed","ping_status":"open","template":"","meta":[],"product_brand":[5330],"product_cat":[5052],"product_tag":[],"class_list":{"0":"post-298499","1":"product","2":"type-product","3":"status-publish","4":"has-post-thumbnail","6":"product_brand-vitaking-2","7":"product_cat-sante-et-bien-etre","9":"first","10":"instock","11":"taxable","12":"shipping-taxable","13":"purchasable","14":"product-type-simple"},"yoast_head":"<!-- This site is optimized with the Yoast SEO Premium plugin v27.3 (Yoast SEO v27.3) - https:\/\/yoast.com\/product\/yoast-seo-premium-wordpress\/ -->\n<title>Poudre de Vitamine C Instantan\u00e9e Supr\u00eame Vitaking (150 g, M\u00fbre) - ECO Supplements<\/title>\n<meta name=\"description\" content=\"Wij hebben een ruime keuze aan producten van Poudre de Vitamine C Instantan\u00e9e Supr\u00eame Vitaking (150 g, M\u00fbre) . Winkel bij Eco Supplements altijd gratis verzending boven 100\u20ac\" \/>\n<meta name=\"robots\" content=\"index, follow, max-snippet:-1, max-image-preview:large, max-video-preview:-1\" \/>\n<link rel=\"canonical\" href=\"https:\/\/ecosupplements.be\/fr\/produit\/vitaking-instant-supreme-vitamin-c-powder-150-g-blackberry\/\" \/>\n<meta property=\"og:locale\" content=\"fr_FR\" \/>\n<meta property=\"og:type\" content=\"article\" \/>\n<meta property=\"og:title\" content=\"Poudre de Vitamine C Instantan\u00e9e Supr\u00eame Vitaking (150 g, M\u00fbre)\" \/>\n<meta property=\"og:description\" content=\"Wij hebben een ruime keuze aan producten van Poudre de Vitamine C Instantan\u00e9e Supr\u00eame Vitaking (150 g, M\u00fbre) . Winkel bij Eco Supplements altijd gratis verzending boven 100\u20ac\" \/>\n<meta property=\"og:url\" content=\"https:\/\/ecosupplements.be\/fr\/produit\/vitaking-instant-supreme-vitamin-c-powder-150-g-blackberry\/\" \/>\n<meta property=\"og:site_name\" content=\"ECO Supplements\" \/>\n<meta property=\"article:modified_time\" content=\"2025-08-28T01:03:43+00:00\" \/>\n<meta property=\"og:image\" content=\"https:\/\/ecosupplements.be\/wp-content\/uploads\/2025\/08\/Vitaking-Vitaking-Instant-Supreme-Vitamin-C-Powder-150-g-Blackberry.webp\" \/>\n\t<meta property=\"og:image:width\" content=\"1000\" \/>\n\t<meta property=\"og:image:height\" content=\"1000\" \/>\n\t<meta property=\"og:image:type\" content=\"image\/webp\" \/>\n<meta name=\"twitter:card\" content=\"summary_large_image\" \/>\n<meta name=\"twitter:label1\" content=\"Prix\" \/>\n\t<meta name=\"twitter:data1\" content=\"6.90&nbsp;&euro;\" \/>\n\t<meta name=\"twitter:label2\" content=\"Disponibilit\u00e9\" \/>\n\t<meta name=\"twitter:data2\" content=\"En stock\" \/>\n<script type=\"application\/ld+json\" class=\"yoast-schema-graph\">{\"@context\":\"https:\\\/\\\/schema.org\",\"@graph\":[{\"@type\":[\"WebPage\",\"ItemPage\"],\"@id\":\"https:\\\/\\\/ecosupplements.be\\\/fr\\\/produit\\\/vitaking-instant-supreme-vitamin-c-powder-150-g-blackberry\\\/\",\"url\":\"https:\\\/\\\/ecosupplements.be\\\/fr\\\/produit\\\/vitaking-instant-supreme-vitamin-c-powder-150-g-blackberry\\\/\",\"name\":\"Poudre de Vitamine C Instantan\u00e9e Supr\u00eame Vitaking (150 g, M\u00fbre) - ECO Supplements\",\"isPartOf\":{\"@id\":\"https:\\\/\\\/ecosupplements.be\\\/fr\\\/#website\"},\"primaryImageOfPage\":{\"@id\":\"https:\\\/\\\/ecosupplements.be\\\/fr\\\/produit\\\/vitaking-instant-supreme-vitamin-c-powder-150-g-blackberry\\\/#primaryimage\"},\"image\":{\"@id\":\"https:\\\/\\\/ecosupplements.be\\\/fr\\\/produit\\\/vitaking-instant-supreme-vitamin-c-powder-150-g-blackberry\\\/#primaryimage\"},\"thumbnailUrl\":\"https:\\\/\\\/ecosupplements.be\\\/wp-content\\\/uploads\\\/2025\\\/08\\\/VITAKING-INSTANT-C-1000-ERDEI-150G_SUPP.webp\",\"datePublished\":\"2025-06-24T05:16:02+00:00\",\"dateModified\":\"2025-08-28T01:03:43+00:00\",\"description\":\"Wij hebben een ruime keuze aan producten van Poudre de Vitamine C Instantan\u00e9e Supr\u00eame Vitaking (150 g, M\u00fbre) . Winkel bij Eco Supplements altijd gratis verzending boven 100\u20ac\",\"breadcrumb\":{\"@id\":\"https:\\\/\\\/ecosupplements.be\\\/fr\\\/produit\\\/vitaking-instant-supreme-vitamin-c-powder-150-g-blackberry\\\/#breadcrumb\"},\"inLanguage\":\"fr-FR\",\"potentialAction\":[{\"@type\":\"ReadAction\",\"target\":[\"https:\\\/\\\/ecosupplements.be\\\/fr\\\/produit\\\/vitaking-instant-supreme-vitamin-c-powder-150-g-blackberry\\\/\"]}]},{\"@type\":\"ImageObject\",\"inLanguage\":\"fr-FR\",\"@id\":\"https:\\\/\\\/ecosupplements.be\\\/fr\\\/produit\\\/vitaking-instant-supreme-vitamin-c-powder-150-g-blackberry\\\/#primaryimage\",\"url\":\"https:\\\/\\\/ecosupplements.be\\\/wp-content\\\/uploads\\\/2025\\\/08\\\/VITAKING-INSTANT-C-1000-ERDEI-150G_SUPP.webp\",\"contentUrl\":\"https:\\\/\\\/ecosupplements.be\\\/wp-content\\\/uploads\\\/2025\\\/08\\\/VITAKING-INSTANT-C-1000-ERDEI-150G_SUPP.webp\",\"width\":1000,\"height\":1000},{\"@type\":\"BreadcrumbList\",\"@id\":\"https:\\\/\\\/ecosupplements.be\\\/fr\\\/produit\\\/vitaking-instant-supreme-vitamin-c-powder-150-g-blackberry\\\/#breadcrumb\",\"itemListElement\":[{\"@type\":\"ListItem\",\"position\":1,\"name\":\"Home\",\"item\":\"https:\\\/\\\/ecosupplements.be\\\/fr\\\/\"},{\"@type\":\"ListItem\",\"position\":2,\"name\":\"Boutique\",\"item\":\"https:\\\/\\\/ecosupplements.be\\\/fr\\\/boutique\\\/\"},{\"@type\":\"ListItem\",\"position\":3,\"name\":\"Poudre de Vitamine C Instantan\u00e9e Supr\u00eame Vitaking (150 g, M\u00fbre)\"}]},{\"@type\":\"WebSite\",\"@id\":\"https:\\\/\\\/ecosupplements.be\\\/fr\\\/#website\",\"url\":\"https:\\\/\\\/ecosupplements.be\\\/fr\\\/\",\"name\":\"ECO Supplements\",\"description\":\"Eco Supplements - Gezonde supplementen\",\"publisher\":{\"@id\":\"https:\\\/\\\/ecosupplements.be\\\/fr\\\/#organization\"},\"potentialAction\":[{\"@type\":\"SearchAction\",\"target\":{\"@type\":\"EntryPoint\",\"urlTemplate\":\"https:\\\/\\\/ecosupplements.be\\\/fr\\\/?s={search_term_string}\"},\"query-input\":{\"@type\":\"PropertyValueSpecification\",\"valueRequired\":true,\"valueName\":\"search_term_string\"}}],\"inLanguage\":\"fr-FR\"},{\"@type\":\"Organization\",\"@id\":\"https:\\\/\\\/ecosupplements.be\\\/fr\\\/#organization\",\"name\":\"Eco Supplements\",\"url\":\"https:\\\/\\\/ecosupplements.be\\\/fr\\\/\",\"logo\":{\"@type\":\"ImageObject\",\"inLanguage\":\"fr-FR\",\"@id\":\"https:\\\/\\\/ecosupplements.be\\\/fr\\\/#\\\/schema\\\/logo\\\/image\\\/\",\"url\":\"https:\\\/\\\/ecosupplements.be\\\/wp-content\\\/uploads\\\/2022\\\/06\\\/ecosupplement-family.png\",\"contentUrl\":\"https:\\\/\\\/ecosupplements.be\\\/wp-content\\\/uploads\\\/2022\\\/06\\\/ecosupplement-family.png\",\"width\":593,\"height\":374,\"caption\":\"Eco Supplements\"},\"image\":{\"@id\":\"https:\\\/\\\/ecosupplements.be\\\/fr\\\/#\\\/schema\\\/logo\\\/image\\\/\"}}]}<\/script>\n<meta property=\"product:brand\" content=\"Vitaking\" \/>\n<meta property=\"product:price:amount\" content=\"6.90\" \/>\n<meta property=\"product:price:currency\" content=\"EUR\" \/>\n<meta property=\"og:availability\" content=\"instock\" \/>\n<meta property=\"product:availability\" content=\"instock\" \/>\n<meta property=\"product:retailer_item_id\" content=\"5999571381951\" \/>\n<meta property=\"product:condition\" content=\"new\" \/>\n<!-- \/ Yoast SEO Premium plugin. -->","yoast_head_json":{"title":"Poudre de Vitamine C Instantan\u00e9e Supr\u00eame Vitaking (150 g, M\u00fbre) - ECO Supplements","description":"Wij hebben een ruime keuze aan producten van Poudre de Vitamine C Instantan\u00e9e Supr\u00eame Vitaking (150 g, M\u00fbre) . Winkel bij Eco Supplements altijd gratis verzending boven 100\u20ac","robots":{"index":"index","follow":"follow","max-snippet":"max-snippet:-1","max-image-preview":"max-image-preview:large","max-video-preview":"max-video-preview:-1"},"canonical":"https:\/\/ecosupplements.be\/fr\/produit\/vitaking-instant-supreme-vitamin-c-powder-150-g-blackberry\/","og_locale":"fr_FR","og_type":"article","og_title":"Poudre de Vitamine C Instantan\u00e9e Supr\u00eame Vitaking (150 g, M\u00fbre)","og_description":"Wij hebben een ruime keuze aan producten van Poudre de Vitamine C Instantan\u00e9e Supr\u00eame Vitaking (150 g, M\u00fbre) . Winkel bij Eco Supplements altijd gratis verzending boven 100\u20ac","og_url":"https:\/\/ecosupplements.be\/fr\/produit\/vitaking-instant-supreme-vitamin-c-powder-150-g-blackberry\/","og_site_name":"ECO Supplements","article_modified_time":"2025-08-28T01:03:43+00:00","og_image":[{"width":1000,"height":1000,"url":"https:\/\/ecosupplements.be\/wp-content\/uploads\/2025\/08\/Vitaking-Vitaking-Instant-Supreme-Vitamin-C-Powder-150-g-Blackberry.webp","type":"image\/webp"}],"twitter_card":"summary_large_image","twitter_misc":{"Prix":"6.90&nbsp;&euro;","Disponibilit\u00e9":"En stock"},"schema":{"@context":"https:\/\/schema.org","@graph":[{"@type":["WebPage","ItemPage"],"@id":"https:\/\/ecosupplements.be\/fr\/produit\/vitaking-instant-supreme-vitamin-c-powder-150-g-blackberry\/","url":"https:\/\/ecosupplements.be\/fr\/produit\/vitaking-instant-supreme-vitamin-c-powder-150-g-blackberry\/","name":"Poudre de Vitamine C Instantan\u00e9e Supr\u00eame Vitaking (150 g, M\u00fbre) - ECO Supplements","isPartOf":{"@id":"https:\/\/ecosupplements.be\/fr\/#website"},"primaryImageOfPage":{"@id":"https:\/\/ecosupplements.be\/fr\/produit\/vitaking-instant-supreme-vitamin-c-powder-150-g-blackberry\/#primaryimage"},"image":{"@id":"https:\/\/ecosupplements.be\/fr\/produit\/vitaking-instant-supreme-vitamin-c-powder-150-g-blackberry\/#primaryimage"},"thumbnailUrl":"https:\/\/ecosupplements.be\/wp-content\/uploads\/2025\/08\/VITAKING-INSTANT-C-1000-ERDEI-150G_SUPP.webp","datePublished":"2025-06-24T05:16:02+00:00","dateModified":"2025-08-28T01:03:43+00:00","description":"Wij hebben een ruime keuze aan producten van Poudre de Vitamine C Instantan\u00e9e Supr\u00eame Vitaking (150 g, M\u00fbre) . Winkel bij Eco Supplements altijd gratis verzending boven 100\u20ac","breadcrumb":{"@id":"https:\/\/ecosupplements.be\/fr\/produit\/vitaking-instant-supreme-vitamin-c-powder-150-g-blackberry\/#breadcrumb"},"inLanguage":"fr-FR","potentialAction":[{"@type":"ReadAction","target":["https:\/\/ecosupplements.be\/fr\/produit\/vitaking-instant-supreme-vitamin-c-powder-150-g-blackberry\/"]}]},{"@type":"ImageObject","inLanguage":"fr-FR","@id":"https:\/\/ecosupplements.be\/fr\/produit\/vitaking-instant-supreme-vitamin-c-powder-150-g-blackberry\/#primaryimage","url":"https:\/\/ecosupplements.be\/wp-content\/uploads\/2025\/08\/VITAKING-INSTANT-C-1000-ERDEI-150G_SUPP.webp","contentUrl":"https:\/\/ecosupplements.be\/wp-content\/uploads\/2025\/08\/VITAKING-INSTANT-C-1000-ERDEI-150G_SUPP.webp","width":1000,"height":1000},{"@type":"BreadcrumbList","@id":"https:\/\/ecosupplements.be\/fr\/produit\/vitaking-instant-supreme-vitamin-c-powder-150-g-blackberry\/#breadcrumb","itemListElement":[{"@type":"ListItem","position":1,"name":"Home","item":"https:\/\/ecosupplements.be\/fr\/"},{"@type":"ListItem","position":2,"name":"Boutique","item":"https:\/\/ecosupplements.be\/fr\/boutique\/"},{"@type":"ListItem","position":3,"name":"Poudre de Vitamine C Instantan\u00e9e Supr\u00eame Vitaking (150 g, M\u00fbre)"}]},{"@type":"WebSite","@id":"https:\/\/ecosupplements.be\/fr\/#website","url":"https:\/\/ecosupplements.be\/fr\/","name":"ECO Supplements","description":"Eco Supplements - Gezonde supplementen","publisher":{"@id":"https:\/\/ecosupplements.be\/fr\/#organization"},"potentialAction":[{"@type":"SearchAction","target":{"@type":"EntryPoint","urlTemplate":"https:\/\/ecosupplements.be\/fr\/?s={search_term_string}"},"query-input":{"@type":"PropertyValueSpecification","valueRequired":true,"valueName":"search_term_string"}}],"inLanguage":"fr-FR"},{"@type":"Organization","@id":"https:\/\/ecosupplements.be\/fr\/#organization","name":"Eco Supplements","url":"https:\/\/ecosupplements.be\/fr\/","logo":{"@type":"ImageObject","inLanguage":"fr-FR","@id":"https:\/\/ecosupplements.be\/fr\/#\/schema\/logo\/image\/","url":"https:\/\/ecosupplements.be\/wp-content\/uploads\/2022\/06\/ecosupplement-family.png","contentUrl":"https:\/\/ecosupplements.be\/wp-content\/uploads\/2022\/06\/ecosupplement-family.png","width":593,"height":374,"caption":"Eco Supplements"},"image":{"@id":"https:\/\/ecosupplements.be\/fr\/#\/schema\/logo\/image\/"}}]},"product_brand":"Vitaking","product_price_amount":"6.90","product_price_currency":"EUR","og_availability":"instock","product_availability":"instock","product_retailer_item_id":"5999571381951","product_condition":"new"},"_links":{"self":[{"href":"https:\/\/ecosupplements.be\/fr\/wp-json\/wp\/v2\/product\/298499","targetHints":{"allow":["GET"]}}],"collection":[{"href":"https:\/\/ecosupplements.be\/fr\/wp-json\/wp\/v2\/product"}],"about":[{"href":"https:\/\/ecosupplements.be\/fr\/wp-json\/wp\/v2\/types\/product"}],"replies":[{"embeddable":true,"href":"https:\/\/ecosupplements.be\/fr\/wp-json\/wp\/v2\/comments?post=298499"}],"wp:featuredmedia":[{"embeddable":true,"href":"https:\/\/ecosupplements.be\/fr\/wp-json\/wp\/v2\/media\/272066"}],"wp:attachment":[{"href":"https:\/\/ecosupplements.be\/fr\/wp-json\/wp\/v2\/media?parent=298499"}],"wp:term":[{"taxonomy":"product_brand","embeddable":true,"href":"https:\/\/ecosupplements.be\/fr\/wp-json\/wp\/v2\/product_brand?post=298499"},{"taxonomy":"product_cat","embeddable":true,"href":"https:\/\/ecosupplements.be\/fr\/wp-json\/wp\/v2\/product_cat?post=298499"},{"taxonomy":"product_tag","embeddable":true,"href":"https:\/\/ecosupplements.be\/fr\/wp-json\/wp\/v2\/product_tag?post=298499"}],"curies":[{"name":"wp","href":"https:\/\/api.w.org\/{rel}","templated":true}]}}