{"id":298525,"date":"2025-06-24T06:30:24","date_gmt":"2025-06-24T05:30:24","guid":{"rendered":"https:\/\/ecosupplements.be\/product\/vitaking-lemon-balm-500-mg-60-capsules\/"},"modified":"2025-08-28T02:04:06","modified_gmt":"2025-08-28T01:04:06","slug":"vitaking-lemon-balm-500-mg-60-capsules","status":"publish","type":"product","link":"https:\/\/ecosupplements.be\/fr\/produit\/vitaking-lemon-balm-500-mg-60-capsules\/","title":{"rendered":"Vitaking M\u00e9lisse 500 mg (60 capsules)"},"content":{"rendered":"<h2>Vitaking Lemon Balm 500 mg (60 Capsules)<\/h2>\n<p>D\u00e9couvrez les capsules Vitaking Lemon Balm, con\u00e7ues pour s&#8217;int\u00e9grer harmonieusement \u00e0 votre quotidien. chaque capsule contient 500 mg d&#8217;extrait de m\u00e9lisse, un ingr\u00e9dient appr\u00e9ci\u00e9 pour sa puret\u00e9 et son origine naturelle.<\/p>\n<p>Ce produit est pr\u00e9sent\u00e9 dans un emballage pratique contenant 60 capsules, facilitant ainsi son utilisation r\u00e9guli\u00e8re. la m\u00e9lisse utilis\u00e9e dans nos capsules est s\u00e9lectionn\u00e9e avec soin pour garantir une haute qualit\u00e9 \u00e0 chaque prise.<\/p>\n<p>Les capsules Vitaking Lemon Balm sont simples \u00e0 utiliser : il suffit de suivre la dose journali\u00e8re recommand\u00e9e pour int\u00e9grer ce produit naturellement dans votre routine.<\/p>\n<p>Optez pour Vitaking Lemon Balm si vous cherchez un choix naturel et de qualit\u00e9 sup\u00e9rieure qui s&#8217;adapte facilement \u00e0 un style de vie actif et \u00e9quilibr\u00e9. Un compl\u00e9ment simple pour un usage quotidien sans compromis sur la qualit\u00e9.<\/p>\n","protected":false},"excerpt":{"rendered":"<p>Vitaking Lemon Balm 500 mg (60 Capsules) D\u00e9couvrez les capsules Vitaking Lemon Balm, con\u00e7ues pour s&#8217;int\u00e9grer harmonieusement \u00e0 votre quotidien. chaque capsule contient 500 mg d&#8217;extrait de m\u00e9lisse, un ingr\u00e9dient appr\u00e9ci\u00e9 pour sa puret\u00e9 et son origine naturelle. Ce produit est pr\u00e9sent\u00e9 dans un emballage pratique contenant 60 capsules, facilitant ainsi son utilisation r\u00e9guli\u00e8re. la [&#8230;]\n","protected":false},"featured_media":272087,"comment_status":"closed","ping_status":"open","template":"","meta":[],"product_brand":[5330],"product_cat":[5052],"product_tag":[],"class_list":{"0":"post-298525","1":"product","2":"type-product","3":"status-publish","4":"has-post-thumbnail","6":"product_brand-vitaking-2","7":"product_cat-sante-et-bien-etre","9":"first","10":"instock","11":"taxable","12":"shipping-taxable","13":"purchasable","14":"product-type-simple"},"yoast_head":"<!-- This site is optimized with the Yoast SEO Premium plugin v27.3 (Yoast SEO v27.3) - https:\/\/yoast.com\/product\/yoast-seo-premium-wordpress\/ -->\n<title>Vitaking M\u00e9lisse 500 mg (60 capsules) - ECO Supplements<\/title>\n<meta name=\"description\" content=\"Wij hebben een ruime keuze aan producten van Vitaking M\u00e9lisse 500 mg (60 capsules) . Winkel bij Eco Supplements altijd gratis verzending boven 100\u20ac\" \/>\n<meta name=\"robots\" content=\"index, follow, max-snippet:-1, max-image-preview:large, max-video-preview:-1\" \/>\n<link rel=\"canonical\" href=\"https:\/\/ecosupplements.be\/fr\/produit\/vitaking-lemon-balm-500-mg-60-capsules\/\" \/>\n<meta property=\"og:locale\" content=\"fr_FR\" \/>\n<meta property=\"og:type\" content=\"article\" \/>\n<meta property=\"og:title\" content=\"Vitaking M\u00e9lisse 500 mg (60 capsules)\" \/>\n<meta property=\"og:description\" content=\"Wij hebben een ruime keuze aan producten van Vitaking M\u00e9lisse 500 mg (60 capsules) . Winkel bij Eco Supplements altijd gratis verzending boven 100\u20ac\" \/>\n<meta property=\"og:url\" content=\"https:\/\/ecosupplements.be\/fr\/produit\/vitaking-lemon-balm-500-mg-60-capsules\/\" \/>\n<meta property=\"og:site_name\" content=\"ECO Supplements\" \/>\n<meta property=\"article:modified_time\" content=\"2025-08-28T01:04:06+00:00\" \/>\n<meta property=\"og:image\" content=\"https:\/\/ecosupplements.be\/wp-content\/uploads\/2025\/08\/Vitaking-Vitaking-Lemon-Balm-500-mg-60-Capsules.webp\" \/>\n\t<meta property=\"og:image:width\" content=\"1000\" \/>\n\t<meta property=\"og:image:height\" content=\"1000\" \/>\n\t<meta property=\"og:image:type\" content=\"image\/webp\" \/>\n<meta name=\"twitter:card\" content=\"summary_large_image\" \/>\n<meta name=\"twitter:label1\" content=\"Prix\" \/>\n\t<meta name=\"twitter:data1\" content=\"7.75&nbsp;&euro;\" \/>\n\t<meta name=\"twitter:label2\" content=\"Disponibilit\u00e9\" \/>\n\t<meta name=\"twitter:data2\" content=\"En stock\" \/>\n<script type=\"application\/ld+json\" class=\"yoast-schema-graph\">{\"@context\":\"https:\\\/\\\/schema.org\",\"@graph\":[{\"@type\":[\"WebPage\",\"ItemPage\"],\"@id\":\"https:\\\/\\\/ecosupplements.be\\\/fr\\\/produit\\\/vitaking-lemon-balm-500-mg-60-capsules\\\/\",\"url\":\"https:\\\/\\\/ecosupplements.be\\\/fr\\\/produit\\\/vitaking-lemon-balm-500-mg-60-capsules\\\/\",\"name\":\"Vitaking M\u00e9lisse 500 mg (60 capsules) - ECO Supplements\",\"isPartOf\":{\"@id\":\"https:\\\/\\\/ecosupplements.be\\\/fr\\\/#website\"},\"primaryImageOfPage\":{\"@id\":\"https:\\\/\\\/ecosupplements.be\\\/fr\\\/produit\\\/vitaking-lemon-balm-500-mg-60-capsules\\\/#primaryimage\"},\"image\":{\"@id\":\"https:\\\/\\\/ecosupplements.be\\\/fr\\\/produit\\\/vitaking-lemon-balm-500-mg-60-capsules\\\/#primaryimage\"},\"thumbnailUrl\":\"https:\\\/\\\/ecosupplements.be\\\/wp-content\\\/uploads\\\/2025\\\/08\\\/11587.webp\",\"datePublished\":\"2025-06-24T05:30:24+00:00\",\"dateModified\":\"2025-08-28T01:04:06+00:00\",\"description\":\"Wij hebben een ruime keuze aan producten van Vitaking M\u00e9lisse 500 mg (60 capsules) . Winkel bij Eco Supplements altijd gratis verzending boven 100\u20ac\",\"breadcrumb\":{\"@id\":\"https:\\\/\\\/ecosupplements.be\\\/fr\\\/produit\\\/vitaking-lemon-balm-500-mg-60-capsules\\\/#breadcrumb\"},\"inLanguage\":\"fr-FR\",\"potentialAction\":[{\"@type\":\"ReadAction\",\"target\":[\"https:\\\/\\\/ecosupplements.be\\\/fr\\\/produit\\\/vitaking-lemon-balm-500-mg-60-capsules\\\/\"]}]},{\"@type\":\"ImageObject\",\"inLanguage\":\"fr-FR\",\"@id\":\"https:\\\/\\\/ecosupplements.be\\\/fr\\\/produit\\\/vitaking-lemon-balm-500-mg-60-capsules\\\/#primaryimage\",\"url\":\"https:\\\/\\\/ecosupplements.be\\\/wp-content\\\/uploads\\\/2025\\\/08\\\/11587.webp\",\"contentUrl\":\"https:\\\/\\\/ecosupplements.be\\\/wp-content\\\/uploads\\\/2025\\\/08\\\/11587.webp\",\"width\":1000,\"height\":1000},{\"@type\":\"BreadcrumbList\",\"@id\":\"https:\\\/\\\/ecosupplements.be\\\/fr\\\/produit\\\/vitaking-lemon-balm-500-mg-60-capsules\\\/#breadcrumb\",\"itemListElement\":[{\"@type\":\"ListItem\",\"position\":1,\"name\":\"Home\",\"item\":\"https:\\\/\\\/ecosupplements.be\\\/fr\\\/\"},{\"@type\":\"ListItem\",\"position\":2,\"name\":\"Boutique\",\"item\":\"https:\\\/\\\/ecosupplements.be\\\/fr\\\/boutique\\\/\"},{\"@type\":\"ListItem\",\"position\":3,\"name\":\"Vitaking M\u00e9lisse 500 mg (60 capsules)\"}]},{\"@type\":\"WebSite\",\"@id\":\"https:\\\/\\\/ecosupplements.be\\\/fr\\\/#website\",\"url\":\"https:\\\/\\\/ecosupplements.be\\\/fr\\\/\",\"name\":\"ECO Supplements\",\"description\":\"Eco Supplements - Gezonde supplementen\",\"publisher\":{\"@id\":\"https:\\\/\\\/ecosupplements.be\\\/fr\\\/#organization\"},\"potentialAction\":[{\"@type\":\"SearchAction\",\"target\":{\"@type\":\"EntryPoint\",\"urlTemplate\":\"https:\\\/\\\/ecosupplements.be\\\/fr\\\/?s={search_term_string}\"},\"query-input\":{\"@type\":\"PropertyValueSpecification\",\"valueRequired\":true,\"valueName\":\"search_term_string\"}}],\"inLanguage\":\"fr-FR\"},{\"@type\":\"Organization\",\"@id\":\"https:\\\/\\\/ecosupplements.be\\\/fr\\\/#organization\",\"name\":\"Eco Supplements\",\"url\":\"https:\\\/\\\/ecosupplements.be\\\/fr\\\/\",\"logo\":{\"@type\":\"ImageObject\",\"inLanguage\":\"fr-FR\",\"@id\":\"https:\\\/\\\/ecosupplements.be\\\/fr\\\/#\\\/schema\\\/logo\\\/image\\\/\",\"url\":\"https:\\\/\\\/ecosupplements.be\\\/wp-content\\\/uploads\\\/2022\\\/06\\\/ecosupplement-family.png\",\"contentUrl\":\"https:\\\/\\\/ecosupplements.be\\\/wp-content\\\/uploads\\\/2022\\\/06\\\/ecosupplement-family.png\",\"width\":593,\"height\":374,\"caption\":\"Eco Supplements\"},\"image\":{\"@id\":\"https:\\\/\\\/ecosupplements.be\\\/fr\\\/#\\\/schema\\\/logo\\\/image\\\/\"}}]}<\/script>\n<meta property=\"product:brand\" content=\"Vitaking\" \/>\n<meta property=\"product:price:amount\" content=\"7.75\" \/>\n<meta property=\"product:price:currency\" content=\"EUR\" \/>\n<meta property=\"og:availability\" content=\"instock\" \/>\n<meta property=\"product:availability\" content=\"instock\" \/>\n<meta property=\"product:retailer_item_id\" content=\"5999561257648\" \/>\n<meta property=\"product:condition\" content=\"new\" \/>\n<!-- \/ Yoast SEO Premium plugin. -->","yoast_head_json":{"title":"Vitaking M\u00e9lisse 500 mg (60 capsules) - ECO Supplements","description":"Wij hebben een ruime keuze aan producten van Vitaking M\u00e9lisse 500 mg (60 capsules) . Winkel bij Eco Supplements altijd gratis verzending boven 100\u20ac","robots":{"index":"index","follow":"follow","max-snippet":"max-snippet:-1","max-image-preview":"max-image-preview:large","max-video-preview":"max-video-preview:-1"},"canonical":"https:\/\/ecosupplements.be\/fr\/produit\/vitaking-lemon-balm-500-mg-60-capsules\/","og_locale":"fr_FR","og_type":"article","og_title":"Vitaking M\u00e9lisse 500 mg (60 capsules)","og_description":"Wij hebben een ruime keuze aan producten van Vitaking M\u00e9lisse 500 mg (60 capsules) . Winkel bij Eco Supplements altijd gratis verzending boven 100\u20ac","og_url":"https:\/\/ecosupplements.be\/fr\/produit\/vitaking-lemon-balm-500-mg-60-capsules\/","og_site_name":"ECO Supplements","article_modified_time":"2025-08-28T01:04:06+00:00","og_image":[{"width":1000,"height":1000,"url":"https:\/\/ecosupplements.be\/wp-content\/uploads\/2025\/08\/Vitaking-Vitaking-Lemon-Balm-500-mg-60-Capsules.webp","type":"image\/webp"}],"twitter_card":"summary_large_image","twitter_misc":{"Prix":"7.75&nbsp;&euro;","Disponibilit\u00e9":"En stock"},"schema":{"@context":"https:\/\/schema.org","@graph":[{"@type":["WebPage","ItemPage"],"@id":"https:\/\/ecosupplements.be\/fr\/produit\/vitaking-lemon-balm-500-mg-60-capsules\/","url":"https:\/\/ecosupplements.be\/fr\/produit\/vitaking-lemon-balm-500-mg-60-capsules\/","name":"Vitaking M\u00e9lisse 500 mg (60 capsules) - ECO Supplements","isPartOf":{"@id":"https:\/\/ecosupplements.be\/fr\/#website"},"primaryImageOfPage":{"@id":"https:\/\/ecosupplements.be\/fr\/produit\/vitaking-lemon-balm-500-mg-60-capsules\/#primaryimage"},"image":{"@id":"https:\/\/ecosupplements.be\/fr\/produit\/vitaking-lemon-balm-500-mg-60-capsules\/#primaryimage"},"thumbnailUrl":"https:\/\/ecosupplements.be\/wp-content\/uploads\/2025\/08\/11587.webp","datePublished":"2025-06-24T05:30:24+00:00","dateModified":"2025-08-28T01:04:06+00:00","description":"Wij hebben een ruime keuze aan producten van Vitaking M\u00e9lisse 500 mg (60 capsules) . Winkel bij Eco Supplements altijd gratis verzending boven 100\u20ac","breadcrumb":{"@id":"https:\/\/ecosupplements.be\/fr\/produit\/vitaking-lemon-balm-500-mg-60-capsules\/#breadcrumb"},"inLanguage":"fr-FR","potentialAction":[{"@type":"ReadAction","target":["https:\/\/ecosupplements.be\/fr\/produit\/vitaking-lemon-balm-500-mg-60-capsules\/"]}]},{"@type":"ImageObject","inLanguage":"fr-FR","@id":"https:\/\/ecosupplements.be\/fr\/produit\/vitaking-lemon-balm-500-mg-60-capsules\/#primaryimage","url":"https:\/\/ecosupplements.be\/wp-content\/uploads\/2025\/08\/11587.webp","contentUrl":"https:\/\/ecosupplements.be\/wp-content\/uploads\/2025\/08\/11587.webp","width":1000,"height":1000},{"@type":"BreadcrumbList","@id":"https:\/\/ecosupplements.be\/fr\/produit\/vitaking-lemon-balm-500-mg-60-capsules\/#breadcrumb","itemListElement":[{"@type":"ListItem","position":1,"name":"Home","item":"https:\/\/ecosupplements.be\/fr\/"},{"@type":"ListItem","position":2,"name":"Boutique","item":"https:\/\/ecosupplements.be\/fr\/boutique\/"},{"@type":"ListItem","position":3,"name":"Vitaking M\u00e9lisse 500 mg (60 capsules)"}]},{"@type":"WebSite","@id":"https:\/\/ecosupplements.be\/fr\/#website","url":"https:\/\/ecosupplements.be\/fr\/","name":"ECO Supplements","description":"Eco Supplements - Gezonde supplementen","publisher":{"@id":"https:\/\/ecosupplements.be\/fr\/#organization"},"potentialAction":[{"@type":"SearchAction","target":{"@type":"EntryPoint","urlTemplate":"https:\/\/ecosupplements.be\/fr\/?s={search_term_string}"},"query-input":{"@type":"PropertyValueSpecification","valueRequired":true,"valueName":"search_term_string"}}],"inLanguage":"fr-FR"},{"@type":"Organization","@id":"https:\/\/ecosupplements.be\/fr\/#organization","name":"Eco Supplements","url":"https:\/\/ecosupplements.be\/fr\/","logo":{"@type":"ImageObject","inLanguage":"fr-FR","@id":"https:\/\/ecosupplements.be\/fr\/#\/schema\/logo\/image\/","url":"https:\/\/ecosupplements.be\/wp-content\/uploads\/2022\/06\/ecosupplement-family.png","contentUrl":"https:\/\/ecosupplements.be\/wp-content\/uploads\/2022\/06\/ecosupplement-family.png","width":593,"height":374,"caption":"Eco Supplements"},"image":{"@id":"https:\/\/ecosupplements.be\/fr\/#\/schema\/logo\/image\/"}}]},"product_brand":"Vitaking","product_price_amount":"7.75","product_price_currency":"EUR","og_availability":"instock","product_availability":"instock","product_retailer_item_id":"5999561257648","product_condition":"new"},"_links":{"self":[{"href":"https:\/\/ecosupplements.be\/fr\/wp-json\/wp\/v2\/product\/298525","targetHints":{"allow":["GET"]}}],"collection":[{"href":"https:\/\/ecosupplements.be\/fr\/wp-json\/wp\/v2\/product"}],"about":[{"href":"https:\/\/ecosupplements.be\/fr\/wp-json\/wp\/v2\/types\/product"}],"replies":[{"embeddable":true,"href":"https:\/\/ecosupplements.be\/fr\/wp-json\/wp\/v2\/comments?post=298525"}],"wp:featuredmedia":[{"embeddable":true,"href":"https:\/\/ecosupplements.be\/fr\/wp-json\/wp\/v2\/media\/272087"}],"wp:attachment":[{"href":"https:\/\/ecosupplements.be\/fr\/wp-json\/wp\/v2\/media?parent=298525"}],"wp:term":[{"taxonomy":"product_brand","embeddable":true,"href":"https:\/\/ecosupplements.be\/fr\/wp-json\/wp\/v2\/product_brand?post=298525"},{"taxonomy":"product_cat","embeddable":true,"href":"https:\/\/ecosupplements.be\/fr\/wp-json\/wp\/v2\/product_cat?post=298525"},{"taxonomy":"product_tag","embeddable":true,"href":"https:\/\/ecosupplements.be\/fr\/wp-json\/wp\/v2\/product_tag?post=298525"}],"curies":[{"name":"wp","href":"https:\/\/api.w.org\/{rel}","templated":true}]}}