{"id":298541,"date":"2025-06-24T06:45:13","date_gmt":"2025-06-24T05:45:13","guid":{"rendered":"https:\/\/ecosupplements.be\/product\/vitaking-magnesium-citrate-b6-30-tablets\/"},"modified":"2025-08-28T02:04:19","modified_gmt":"2025-08-28T01:04:19","slug":"vitaking-magnesium-citrate-b6-30-tablets","status":"publish","type":"product","link":"https:\/\/ecosupplements.be\/fr\/produit\/vitaking-magnesium-citrate-b6-30-tablets\/","title":{"rendered":"Vitaking Citrate de Magn\u00e9sium + B6 (30 comprim\u00e9s)"},"content":{"rendered":"<h2>Vitaking Magnesium Citrate + B6 (30 Tablets)<\/h2>\n<p>D\u00e9couvrez le <strong>Vitaking Magnesium Citrate + B6<\/strong>, un choix parfait pour ceux qui appr\u00e9cient les ingr\u00e9dients naturels dans un mode de vie sain. Ce produit est con\u00e7u avec une attention particuli\u00e8re \u00e0 la qualit\u00e9 et \u00e0 l&#8217;origine naturelle de ses composants.<\/p>\n<p>Ce compl\u00e9ment se compose principalement de citrate de magn\u00e9sium et de vitamine B6, des ingr\u00e9dients reconnus pour leur grande puret\u00e9. Le format pratique en tablettes facilite son utilisation quotidienne, int\u00e9grant ais\u00e9ment votre routine sans complication.<\/p>\n<ul>\n<li><strong>contenu et emballage :<\/strong> Bo\u00eete contenant 30 tablettes.<\/li>\n<li><strong>Ingr\u00e9dients principaux :<\/strong> Citrate de magn\u00e9sium, vitamine B6.<\/li>\n<li><strong>Utilisation :<\/strong> Suivez les instructions sur l&#8217;emballage pour la dose journali\u00e8re recommand\u00e9e.<\/li>\n<\/ul>\n<p>Ce produit est un excellent choix pour compl\u00e9ter votre quotidien avec simplicit\u00e9 et efficacit\u00e9, sans pr\u00e9tendre \u00e0 des effets m\u00e9dicaux ou th\u00e9rapeutiques. Il s&#8217;int\u00e8gre harmonieusement dans une d\u00e9marche de maintien d&#8217;un style de vie \u00e9quilibr\u00e9 et actif.<\/p>\n<p>Avec Vitaking Magnesium Citrate + B6, optez pour une approche naturelle et pratique au quotidien!<\/p>\n","protected":false},"excerpt":{"rendered":"<p>Vitaking Magnesium Citrate + B6 (30 Tablets) D\u00e9couvrez le Vitaking Magnesium Citrate + B6, un choix parfait pour ceux qui appr\u00e9cient les ingr\u00e9dients naturels dans un mode de vie sain. Ce produit est con\u00e7u avec une attention particuli\u00e8re \u00e0 la qualit\u00e9 et \u00e0 l&#8217;origine naturelle de ses composants. Ce compl\u00e9ment se compose principalement de citrate [&#8230;]\n","protected":false},"featured_media":272102,"comment_status":"closed","ping_status":"open","template":"","meta":[],"product_brand":[5330],"product_cat":[5052],"product_tag":[],"class_list":{"0":"post-298541","1":"product","2":"type-product","3":"status-publish","4":"has-post-thumbnail","6":"product_brand-vitaking-2","7":"product_cat-sante-et-bien-etre","9":"first","10":"instock","11":"taxable","12":"shipping-taxable","13":"purchasable","14":"product-type-simple"},"yoast_head":"<!-- This site is optimized with the Yoast SEO Premium plugin v27.3 (Yoast SEO v27.3) - https:\/\/yoast.com\/product\/yoast-seo-premium-wordpress\/ -->\n<title>Vitaking Citrate de Magn\u00e9sium + B6 (30 comprim\u00e9s) - ECO Supplements<\/title>\n<meta name=\"description\" content=\"Wij hebben een ruime keuze aan producten van Vitaking Citrate de Magn\u00e9sium + B6 (30 comprim\u00e9s) . Winkel bij Eco Supplements altijd gratis verzending boven 100\u20ac\" \/>\n<meta name=\"robots\" content=\"index, follow, max-snippet:-1, max-image-preview:large, max-video-preview:-1\" \/>\n<link rel=\"canonical\" href=\"https:\/\/ecosupplements.be\/fr\/produit\/vitaking-magnesium-citrate-b6-30-tablets\/\" \/>\n<meta property=\"og:locale\" content=\"fr_FR\" \/>\n<meta property=\"og:type\" content=\"article\" \/>\n<meta property=\"og:title\" content=\"Vitaking Citrate de Magn\u00e9sium + B6 (30 comprim\u00e9s)\" \/>\n<meta property=\"og:description\" content=\"Wij hebben een ruime keuze aan producten van Vitaking Citrate de Magn\u00e9sium + B6 (30 comprim\u00e9s) . Winkel bij Eco Supplements altijd gratis verzending boven 100\u20ac\" \/>\n<meta property=\"og:url\" content=\"https:\/\/ecosupplements.be\/fr\/produit\/vitaking-magnesium-citrate-b6-30-tablets\/\" \/>\n<meta property=\"og:site_name\" content=\"ECO Supplements\" \/>\n<meta property=\"article:modified_time\" content=\"2025-08-28T01:04:19+00:00\" \/>\n<meta property=\"og:image\" content=\"https:\/\/ecosupplements.be\/wp-content\/uploads\/2025\/08\/Vitaking-Vitaking-Magnesium-Citrate-B6-30-Tablets.webp\" \/>\n\t<meta property=\"og:image:width\" content=\"1000\" \/>\n\t<meta property=\"og:image:height\" content=\"1000\" \/>\n\t<meta property=\"og:image:type\" content=\"image\/webp\" \/>\n<meta name=\"twitter:card\" content=\"summary_large_image\" \/>\n<meta name=\"twitter:label1\" content=\"Prix\" \/>\n\t<meta name=\"twitter:data1\" content=\"3.43&nbsp;&euro;\" \/>\n\t<meta name=\"twitter:label2\" content=\"Disponibilit\u00e9\" \/>\n\t<meta name=\"twitter:data2\" content=\"En stock\" \/>\n<script type=\"application\/ld+json\" class=\"yoast-schema-graph\">{\"@context\":\"https:\\\/\\\/schema.org\",\"@graph\":[{\"@type\":[\"WebPage\",\"ItemPage\"],\"@id\":\"https:\\\/\\\/ecosupplements.be\\\/fr\\\/produit\\\/vitaking-magnesium-citrate-b6-30-tablets\\\/\",\"url\":\"https:\\\/\\\/ecosupplements.be\\\/fr\\\/produit\\\/vitaking-magnesium-citrate-b6-30-tablets\\\/\",\"name\":\"Vitaking Citrate de Magn\u00e9sium + B6 (30 comprim\u00e9s) - ECO Supplements\",\"isPartOf\":{\"@id\":\"https:\\\/\\\/ecosupplements.be\\\/fr\\\/#website\"},\"primaryImageOfPage\":{\"@id\":\"https:\\\/\\\/ecosupplements.be\\\/fr\\\/produit\\\/vitaking-magnesium-citrate-b6-30-tablets\\\/#primaryimage\"},\"image\":{\"@id\":\"https:\\\/\\\/ecosupplements.be\\\/fr\\\/produit\\\/vitaking-magnesium-citrate-b6-30-tablets\\\/#primaryimage\"},\"thumbnailUrl\":\"https:\\\/\\\/ecosupplements.be\\\/wp-content\\\/uploads\\\/2025\\\/08\\\/11131.webp\",\"datePublished\":\"2025-06-24T05:45:13+00:00\",\"dateModified\":\"2025-08-28T01:04:19+00:00\",\"description\":\"Wij hebben een ruime keuze aan producten van Vitaking Citrate de Magn\u00e9sium + B6 (30 comprim\u00e9s) . Winkel bij Eco Supplements altijd gratis verzending boven 100\u20ac\",\"breadcrumb\":{\"@id\":\"https:\\\/\\\/ecosupplements.be\\\/fr\\\/produit\\\/vitaking-magnesium-citrate-b6-30-tablets\\\/#breadcrumb\"},\"inLanguage\":\"fr-FR\",\"potentialAction\":[{\"@type\":\"ReadAction\",\"target\":[\"https:\\\/\\\/ecosupplements.be\\\/fr\\\/produit\\\/vitaking-magnesium-citrate-b6-30-tablets\\\/\"]}]},{\"@type\":\"ImageObject\",\"inLanguage\":\"fr-FR\",\"@id\":\"https:\\\/\\\/ecosupplements.be\\\/fr\\\/produit\\\/vitaking-magnesium-citrate-b6-30-tablets\\\/#primaryimage\",\"url\":\"https:\\\/\\\/ecosupplements.be\\\/wp-content\\\/uploads\\\/2025\\\/08\\\/11131.webp\",\"contentUrl\":\"https:\\\/\\\/ecosupplements.be\\\/wp-content\\\/uploads\\\/2025\\\/08\\\/11131.webp\",\"width\":1000,\"height\":1000},{\"@type\":\"BreadcrumbList\",\"@id\":\"https:\\\/\\\/ecosupplements.be\\\/fr\\\/produit\\\/vitaking-magnesium-citrate-b6-30-tablets\\\/#breadcrumb\",\"itemListElement\":[{\"@type\":\"ListItem\",\"position\":1,\"name\":\"Home\",\"item\":\"https:\\\/\\\/ecosupplements.be\\\/fr\\\/\"},{\"@type\":\"ListItem\",\"position\":2,\"name\":\"Boutique\",\"item\":\"https:\\\/\\\/ecosupplements.be\\\/fr\\\/boutique\\\/\"},{\"@type\":\"ListItem\",\"position\":3,\"name\":\"Vitaking Citrate de Magn\u00e9sium + B6 (30 comprim\u00e9s)\"}]},{\"@type\":\"WebSite\",\"@id\":\"https:\\\/\\\/ecosupplements.be\\\/fr\\\/#website\",\"url\":\"https:\\\/\\\/ecosupplements.be\\\/fr\\\/\",\"name\":\"ECO Supplements\",\"description\":\"Eco Supplements - Gezonde supplementen\",\"publisher\":{\"@id\":\"https:\\\/\\\/ecosupplements.be\\\/fr\\\/#organization\"},\"potentialAction\":[{\"@type\":\"SearchAction\",\"target\":{\"@type\":\"EntryPoint\",\"urlTemplate\":\"https:\\\/\\\/ecosupplements.be\\\/fr\\\/?s={search_term_string}\"},\"query-input\":{\"@type\":\"PropertyValueSpecification\",\"valueRequired\":true,\"valueName\":\"search_term_string\"}}],\"inLanguage\":\"fr-FR\"},{\"@type\":\"Organization\",\"@id\":\"https:\\\/\\\/ecosupplements.be\\\/fr\\\/#organization\",\"name\":\"Eco Supplements\",\"url\":\"https:\\\/\\\/ecosupplements.be\\\/fr\\\/\",\"logo\":{\"@type\":\"ImageObject\",\"inLanguage\":\"fr-FR\",\"@id\":\"https:\\\/\\\/ecosupplements.be\\\/fr\\\/#\\\/schema\\\/logo\\\/image\\\/\",\"url\":\"https:\\\/\\\/ecosupplements.be\\\/wp-content\\\/uploads\\\/2022\\\/06\\\/ecosupplement-family.png\",\"contentUrl\":\"https:\\\/\\\/ecosupplements.be\\\/wp-content\\\/uploads\\\/2022\\\/06\\\/ecosupplement-family.png\",\"width\":593,\"height\":374,\"caption\":\"Eco Supplements\"},\"image\":{\"@id\":\"https:\\\/\\\/ecosupplements.be\\\/fr\\\/#\\\/schema\\\/logo\\\/image\\\/\"}}]}<\/script>\n<meta property=\"product:brand\" content=\"Vitaking\" \/>\n<meta property=\"product:price:amount\" content=\"3.43\" \/>\n<meta property=\"product:price:currency\" content=\"EUR\" \/>\n<meta property=\"og:availability\" content=\"instock\" \/>\n<meta property=\"product:availability\" content=\"instock\" \/>\n<meta property=\"product:retailer_item_id\" content=\"5999561254951\" \/>\n<meta property=\"product:condition\" content=\"new\" \/>\n<!-- \/ Yoast SEO Premium plugin. -->","yoast_head_json":{"title":"Vitaking Citrate de Magn\u00e9sium + B6 (30 comprim\u00e9s) - ECO Supplements","description":"Wij hebben een ruime keuze aan producten van Vitaking Citrate de Magn\u00e9sium + B6 (30 comprim\u00e9s) . Winkel bij Eco Supplements altijd gratis verzending boven 100\u20ac","robots":{"index":"index","follow":"follow","max-snippet":"max-snippet:-1","max-image-preview":"max-image-preview:large","max-video-preview":"max-video-preview:-1"},"canonical":"https:\/\/ecosupplements.be\/fr\/produit\/vitaking-magnesium-citrate-b6-30-tablets\/","og_locale":"fr_FR","og_type":"article","og_title":"Vitaking Citrate de Magn\u00e9sium + B6 (30 comprim\u00e9s)","og_description":"Wij hebben een ruime keuze aan producten van Vitaking Citrate de Magn\u00e9sium + B6 (30 comprim\u00e9s) . Winkel bij Eco Supplements altijd gratis verzending boven 100\u20ac","og_url":"https:\/\/ecosupplements.be\/fr\/produit\/vitaking-magnesium-citrate-b6-30-tablets\/","og_site_name":"ECO Supplements","article_modified_time":"2025-08-28T01:04:19+00:00","og_image":[{"width":1000,"height":1000,"url":"https:\/\/ecosupplements.be\/wp-content\/uploads\/2025\/08\/Vitaking-Vitaking-Magnesium-Citrate-B6-30-Tablets.webp","type":"image\/webp"}],"twitter_card":"summary_large_image","twitter_misc":{"Prix":"3.43&nbsp;&euro;","Disponibilit\u00e9":"En stock"},"schema":{"@context":"https:\/\/schema.org","@graph":[{"@type":["WebPage","ItemPage"],"@id":"https:\/\/ecosupplements.be\/fr\/produit\/vitaking-magnesium-citrate-b6-30-tablets\/","url":"https:\/\/ecosupplements.be\/fr\/produit\/vitaking-magnesium-citrate-b6-30-tablets\/","name":"Vitaking Citrate de Magn\u00e9sium + B6 (30 comprim\u00e9s) - ECO Supplements","isPartOf":{"@id":"https:\/\/ecosupplements.be\/fr\/#website"},"primaryImageOfPage":{"@id":"https:\/\/ecosupplements.be\/fr\/produit\/vitaking-magnesium-citrate-b6-30-tablets\/#primaryimage"},"image":{"@id":"https:\/\/ecosupplements.be\/fr\/produit\/vitaking-magnesium-citrate-b6-30-tablets\/#primaryimage"},"thumbnailUrl":"https:\/\/ecosupplements.be\/wp-content\/uploads\/2025\/08\/11131.webp","datePublished":"2025-06-24T05:45:13+00:00","dateModified":"2025-08-28T01:04:19+00:00","description":"Wij hebben een ruime keuze aan producten van Vitaking Citrate de Magn\u00e9sium + B6 (30 comprim\u00e9s) . Winkel bij Eco Supplements altijd gratis verzending boven 100\u20ac","breadcrumb":{"@id":"https:\/\/ecosupplements.be\/fr\/produit\/vitaking-magnesium-citrate-b6-30-tablets\/#breadcrumb"},"inLanguage":"fr-FR","potentialAction":[{"@type":"ReadAction","target":["https:\/\/ecosupplements.be\/fr\/produit\/vitaking-magnesium-citrate-b6-30-tablets\/"]}]},{"@type":"ImageObject","inLanguage":"fr-FR","@id":"https:\/\/ecosupplements.be\/fr\/produit\/vitaking-magnesium-citrate-b6-30-tablets\/#primaryimage","url":"https:\/\/ecosupplements.be\/wp-content\/uploads\/2025\/08\/11131.webp","contentUrl":"https:\/\/ecosupplements.be\/wp-content\/uploads\/2025\/08\/11131.webp","width":1000,"height":1000},{"@type":"BreadcrumbList","@id":"https:\/\/ecosupplements.be\/fr\/produit\/vitaking-magnesium-citrate-b6-30-tablets\/#breadcrumb","itemListElement":[{"@type":"ListItem","position":1,"name":"Home","item":"https:\/\/ecosupplements.be\/fr\/"},{"@type":"ListItem","position":2,"name":"Boutique","item":"https:\/\/ecosupplements.be\/fr\/boutique\/"},{"@type":"ListItem","position":3,"name":"Vitaking Citrate de Magn\u00e9sium + B6 (30 comprim\u00e9s)"}]},{"@type":"WebSite","@id":"https:\/\/ecosupplements.be\/fr\/#website","url":"https:\/\/ecosupplements.be\/fr\/","name":"ECO Supplements","description":"Eco Supplements - Gezonde supplementen","publisher":{"@id":"https:\/\/ecosupplements.be\/fr\/#organization"},"potentialAction":[{"@type":"SearchAction","target":{"@type":"EntryPoint","urlTemplate":"https:\/\/ecosupplements.be\/fr\/?s={search_term_string}"},"query-input":{"@type":"PropertyValueSpecification","valueRequired":true,"valueName":"search_term_string"}}],"inLanguage":"fr-FR"},{"@type":"Organization","@id":"https:\/\/ecosupplements.be\/fr\/#organization","name":"Eco Supplements","url":"https:\/\/ecosupplements.be\/fr\/","logo":{"@type":"ImageObject","inLanguage":"fr-FR","@id":"https:\/\/ecosupplements.be\/fr\/#\/schema\/logo\/image\/","url":"https:\/\/ecosupplements.be\/wp-content\/uploads\/2022\/06\/ecosupplement-family.png","contentUrl":"https:\/\/ecosupplements.be\/wp-content\/uploads\/2022\/06\/ecosupplement-family.png","width":593,"height":374,"caption":"Eco Supplements"},"image":{"@id":"https:\/\/ecosupplements.be\/fr\/#\/schema\/logo\/image\/"}}]},"product_brand":"Vitaking","product_price_amount":"3.43","product_price_currency":"EUR","og_availability":"instock","product_availability":"instock","product_retailer_item_id":"5999561254951","product_condition":"new"},"_links":{"self":[{"href":"https:\/\/ecosupplements.be\/fr\/wp-json\/wp\/v2\/product\/298541","targetHints":{"allow":["GET"]}}],"collection":[{"href":"https:\/\/ecosupplements.be\/fr\/wp-json\/wp\/v2\/product"}],"about":[{"href":"https:\/\/ecosupplements.be\/fr\/wp-json\/wp\/v2\/types\/product"}],"replies":[{"embeddable":true,"href":"https:\/\/ecosupplements.be\/fr\/wp-json\/wp\/v2\/comments?post=298541"}],"wp:featuredmedia":[{"embeddable":true,"href":"https:\/\/ecosupplements.be\/fr\/wp-json\/wp\/v2\/media\/272102"}],"wp:attachment":[{"href":"https:\/\/ecosupplements.be\/fr\/wp-json\/wp\/v2\/media?parent=298541"}],"wp:term":[{"taxonomy":"product_brand","embeddable":true,"href":"https:\/\/ecosupplements.be\/fr\/wp-json\/wp\/v2\/product_brand?post=298541"},{"taxonomy":"product_cat","embeddable":true,"href":"https:\/\/ecosupplements.be\/fr\/wp-json\/wp\/v2\/product_cat?post=298541"},{"taxonomy":"product_tag","embeddable":true,"href":"https:\/\/ecosupplements.be\/fr\/wp-json\/wp\/v2\/product_tag?post=298541"}],"curies":[{"name":"wp","href":"https:\/\/api.w.org\/{rel}","templated":true}]}}