{"id":298635,"date":"2025-06-24T07:45:13","date_gmt":"2025-06-24T06:45:13","guid":{"rendered":"https:\/\/ecosupplements.be\/product\/vitaking-stress-b-complex-multivitamin-60-tablets\/"},"modified":"2025-08-28T02:05:43","modified_gmt":"2025-08-28T01:05:43","slug":"vitaking-stress-b-complex-multivitamin-60-tablets","status":"publish","type":"product","link":"https:\/\/ecosupplements.be\/fr\/produit\/vitaking-stress-b-complex-multivitamin-60-tablets\/","title":{"rendered":"Compl\u00e9ment multivitamin\u00e9 Vitaking B-Complex anti-stress (60 comprim\u00e9s)"},"content":{"rendered":"<h2>Vitaking Stress B-Complex Multivitamin (60 Tablets)<\/h2>\n<p>D\u00e9couvrez le <strong>Vitaking stress B-Complex Multivitamin<\/strong>, un choix parfait pour ceux qui appr\u00e9cient les ingr\u00e9dients naturels dans un mode de vie sain. Ce produit est con\u00e7u pour \u00eatre int\u00e9gr\u00e9 facilement \u00e0 votre quotidien gr\u00e2ce \u00e0 son format pratique de 60 comprim\u00e9s.<\/p>\n<h3>Composition<\/h3>\n<p>Ce compl\u00e9ment alimentaire est compos\u00e9 d&#8217;un ensemble de vitamines du groupe B, connues pour leur origine naturelle et leur grande puret\u00e9. Chaque tablette est formul\u00e9e sans ajout inutile, respectant ainsi la qualit\u00e9 et l&#8217;int\u00e9grit\u00e9 des composants.<\/p>\n<h3>Utilisation<\/h3>\n<p>La dose journali\u00e8re recommand\u00e9e est simple : une tablette par jour avec un verre d&#8217;eau, de pr\u00e9f\u00e9rence au cours d&#8217;un repas. Cette facilit\u00e9 d&#8217;utilisation en fait un alli\u00e9 quotidien sans contraintes.<\/p>\n<h3>Caract\u00e9ristiques pratiques<\/h3>\n<p>Avec son emballage compact et s\u00e9curis\u00e9, ce produit se transporte ais\u00e9ment et s&#8217;int\u00e8gre parfaitement dans votre routine, vous permettant de le consommer o\u00f9 que vous soyez.<\/p>\n<p><em>Vitaking Stress B-Complex Multivitamin<\/em> repr\u00e9sente un choix naturel pour ceux qui recherchent des produits fiables et faciles \u00e0 utiliser au quotidien.<\/p>\n","protected":false},"excerpt":{"rendered":"<p>Vitaking Stress B-Complex Multivitamin (60 Tablets) D\u00e9couvrez le Vitaking stress B-Complex Multivitamin, un choix parfait pour ceux qui appr\u00e9cient les ingr\u00e9dients naturels dans un mode de vie sain. Ce produit est con\u00e7u pour \u00eatre int\u00e9gr\u00e9 facilement \u00e0 votre quotidien gr\u00e2ce \u00e0 son format pratique de 60 comprim\u00e9s. Composition Ce compl\u00e9ment alimentaire est compos\u00e9 d&#8217;un ensemble [&#8230;]\n","protected":false},"featured_media":272183,"comment_status":"closed","ping_status":"open","template":"","meta":[],"product_brand":[5330],"product_cat":[5052],"product_tag":[],"class_list":{"0":"post-298635","1":"product","2":"type-product","3":"status-publish","4":"has-post-thumbnail","6":"product_brand-vitaking-2","7":"product_cat-sante-et-bien-etre","9":"first","10":"instock","11":"taxable","12":"shipping-taxable","13":"purchasable","14":"product-type-simple"},"yoast_head":"<!-- This site is optimized with the Yoast SEO Premium plugin v27.3 (Yoast SEO v27.3) - https:\/\/yoast.com\/product\/yoast-seo-premium-wordpress\/ -->\n<title>Compl\u00e9ment multivitamin\u00e9 Vitaking B-Complex anti-stress (60 comprim\u00e9s) - ECO Supplements<\/title>\n<meta name=\"description\" content=\"Wij hebben een ruime keuze aan producten van Compl\u00e9ment multivitamin\u00e9 Vitaking B-Complex anti-stress (60 comprim\u00e9s) . Winkel bij Eco Supplements altijd gratis verzending boven 100\u20ac\" \/>\n<meta name=\"robots\" content=\"index, follow, max-snippet:-1, max-image-preview:large, max-video-preview:-1\" \/>\n<link rel=\"canonical\" href=\"https:\/\/ecosupplements.be\/fr\/produit\/vitaking-stress-b-complex-multivitamin-60-tablets\/\" \/>\n<meta property=\"og:locale\" content=\"fr_FR\" \/>\n<meta property=\"og:type\" content=\"article\" \/>\n<meta property=\"og:title\" content=\"Compl\u00e9ment multivitamin\u00e9 Vitaking B-Complex anti-stress (60 comprim\u00e9s)\" \/>\n<meta property=\"og:description\" content=\"Wij hebben een ruime keuze aan producten van Compl\u00e9ment multivitamin\u00e9 Vitaking B-Complex anti-stress (60 comprim\u00e9s) . Winkel bij Eco Supplements altijd gratis verzending boven 100\u20ac\" \/>\n<meta property=\"og:url\" content=\"https:\/\/ecosupplements.be\/fr\/produit\/vitaking-stress-b-complex-multivitamin-60-tablets\/\" \/>\n<meta property=\"og:site_name\" content=\"ECO Supplements\" \/>\n<meta property=\"article:modified_time\" content=\"2025-08-28T01:05:43+00:00\" \/>\n<meta property=\"og:image\" content=\"https:\/\/ecosupplements.be\/wp-content\/uploads\/2025\/08\/Vitaking-Vitaking-Stress-B-Complex-Multivitamin-60-Tablets.webp\" \/>\n\t<meta property=\"og:image:width\" content=\"1000\" \/>\n\t<meta property=\"og:image:height\" content=\"1000\" \/>\n\t<meta property=\"og:image:type\" content=\"image\/webp\" \/>\n<meta name=\"twitter:card\" content=\"summary_large_image\" \/>\n<meta name=\"twitter:label1\" content=\"Prix\" \/>\n\t<meta name=\"twitter:data1\" content=\"9.18&nbsp;&euro;\" \/>\n\t<meta name=\"twitter:label2\" content=\"Disponibilit\u00e9\" \/>\n\t<meta name=\"twitter:data2\" content=\"En stock\" \/>\n<script type=\"application\/ld+json\" class=\"yoast-schema-graph\">{\"@context\":\"https:\\\/\\\/schema.org\",\"@graph\":[{\"@type\":[\"WebPage\",\"ItemPage\"],\"@id\":\"https:\\\/\\\/ecosupplements.be\\\/fr\\\/produit\\\/vitaking-stress-b-complex-multivitamin-60-tablets\\\/\",\"url\":\"https:\\\/\\\/ecosupplements.be\\\/fr\\\/produit\\\/vitaking-stress-b-complex-multivitamin-60-tablets\\\/\",\"name\":\"Compl\u00e9ment multivitamin\u00e9 Vitaking B-Complex anti-stress (60 comprim\u00e9s) - ECO Supplements\",\"isPartOf\":{\"@id\":\"https:\\\/\\\/ecosupplements.be\\\/fr\\\/#website\"},\"primaryImageOfPage\":{\"@id\":\"https:\\\/\\\/ecosupplements.be\\\/fr\\\/produit\\\/vitaking-stress-b-complex-multivitamin-60-tablets\\\/#primaryimage\"},\"image\":{\"@id\":\"https:\\\/\\\/ecosupplements.be\\\/fr\\\/produit\\\/vitaking-stress-b-complex-multivitamin-60-tablets\\\/#primaryimage\"},\"thumbnailUrl\":\"https:\\\/\\\/ecosupplements.be\\\/wp-content\\\/uploads\\\/2025\\\/08\\\/9043.webp\",\"datePublished\":\"2025-06-24T06:45:13+00:00\",\"dateModified\":\"2025-08-28T01:05:43+00:00\",\"description\":\"Wij hebben een ruime keuze aan producten van Compl\u00e9ment multivitamin\u00e9 Vitaking B-Complex anti-stress (60 comprim\u00e9s) . Winkel bij Eco Supplements altijd gratis verzending boven 100\u20ac\",\"breadcrumb\":{\"@id\":\"https:\\\/\\\/ecosupplements.be\\\/fr\\\/produit\\\/vitaking-stress-b-complex-multivitamin-60-tablets\\\/#breadcrumb\"},\"inLanguage\":\"fr-FR\",\"potentialAction\":[{\"@type\":\"ReadAction\",\"target\":[\"https:\\\/\\\/ecosupplements.be\\\/fr\\\/produit\\\/vitaking-stress-b-complex-multivitamin-60-tablets\\\/\"]}]},{\"@type\":\"ImageObject\",\"inLanguage\":\"fr-FR\",\"@id\":\"https:\\\/\\\/ecosupplements.be\\\/fr\\\/produit\\\/vitaking-stress-b-complex-multivitamin-60-tablets\\\/#primaryimage\",\"url\":\"https:\\\/\\\/ecosupplements.be\\\/wp-content\\\/uploads\\\/2025\\\/08\\\/9043.webp\",\"contentUrl\":\"https:\\\/\\\/ecosupplements.be\\\/wp-content\\\/uploads\\\/2025\\\/08\\\/9043.webp\",\"width\":1000,\"height\":1000},{\"@type\":\"BreadcrumbList\",\"@id\":\"https:\\\/\\\/ecosupplements.be\\\/fr\\\/produit\\\/vitaking-stress-b-complex-multivitamin-60-tablets\\\/#breadcrumb\",\"itemListElement\":[{\"@type\":\"ListItem\",\"position\":1,\"name\":\"Home\",\"item\":\"https:\\\/\\\/ecosupplements.be\\\/fr\\\/\"},{\"@type\":\"ListItem\",\"position\":2,\"name\":\"Boutique\",\"item\":\"https:\\\/\\\/ecosupplements.be\\\/fr\\\/boutique\\\/\"},{\"@type\":\"ListItem\",\"position\":3,\"name\":\"Compl\u00e9ment multivitamin\u00e9 Vitaking B-Complex anti-stress (60 comprim\u00e9s)\"}]},{\"@type\":\"WebSite\",\"@id\":\"https:\\\/\\\/ecosupplements.be\\\/fr\\\/#website\",\"url\":\"https:\\\/\\\/ecosupplements.be\\\/fr\\\/\",\"name\":\"ECO Supplements\",\"description\":\"Eco Supplements - Gezonde supplementen\",\"publisher\":{\"@id\":\"https:\\\/\\\/ecosupplements.be\\\/fr\\\/#organization\"},\"potentialAction\":[{\"@type\":\"SearchAction\",\"target\":{\"@type\":\"EntryPoint\",\"urlTemplate\":\"https:\\\/\\\/ecosupplements.be\\\/fr\\\/?s={search_term_string}\"},\"query-input\":{\"@type\":\"PropertyValueSpecification\",\"valueRequired\":true,\"valueName\":\"search_term_string\"}}],\"inLanguage\":\"fr-FR\"},{\"@type\":\"Organization\",\"@id\":\"https:\\\/\\\/ecosupplements.be\\\/fr\\\/#organization\",\"name\":\"Eco Supplements\",\"url\":\"https:\\\/\\\/ecosupplements.be\\\/fr\\\/\",\"logo\":{\"@type\":\"ImageObject\",\"inLanguage\":\"fr-FR\",\"@id\":\"https:\\\/\\\/ecosupplements.be\\\/fr\\\/#\\\/schema\\\/logo\\\/image\\\/\",\"url\":\"https:\\\/\\\/ecosupplements.be\\\/wp-content\\\/uploads\\\/2022\\\/06\\\/ecosupplement-family.png\",\"contentUrl\":\"https:\\\/\\\/ecosupplements.be\\\/wp-content\\\/uploads\\\/2022\\\/06\\\/ecosupplement-family.png\",\"width\":593,\"height\":374,\"caption\":\"Eco Supplements\"},\"image\":{\"@id\":\"https:\\\/\\\/ecosupplements.be\\\/fr\\\/#\\\/schema\\\/logo\\\/image\\\/\"}}]}<\/script>\n<meta property=\"product:brand\" content=\"Vitaking\" \/>\n<meta property=\"product:price:amount\" content=\"9.18\" \/>\n<meta property=\"product:price:currency\" content=\"EUR\" \/>\n<meta property=\"og:availability\" content=\"instock\" \/>\n<meta property=\"product:availability\" content=\"instock\" \/>\n<meta property=\"product:retailer_item_id\" content=\"5999561250205\" \/>\n<meta property=\"product:condition\" content=\"new\" \/>\n<!-- \/ Yoast SEO Premium plugin. -->","yoast_head_json":{"title":"Compl\u00e9ment multivitamin\u00e9 Vitaking B-Complex anti-stress (60 comprim\u00e9s) - ECO Supplements","description":"Wij hebben een ruime keuze aan producten van Compl\u00e9ment multivitamin\u00e9 Vitaking B-Complex anti-stress (60 comprim\u00e9s) . Winkel bij Eco Supplements altijd gratis verzending boven 100\u20ac","robots":{"index":"index","follow":"follow","max-snippet":"max-snippet:-1","max-image-preview":"max-image-preview:large","max-video-preview":"max-video-preview:-1"},"canonical":"https:\/\/ecosupplements.be\/fr\/produit\/vitaking-stress-b-complex-multivitamin-60-tablets\/","og_locale":"fr_FR","og_type":"article","og_title":"Compl\u00e9ment multivitamin\u00e9 Vitaking B-Complex anti-stress (60 comprim\u00e9s)","og_description":"Wij hebben een ruime keuze aan producten van Compl\u00e9ment multivitamin\u00e9 Vitaking B-Complex anti-stress (60 comprim\u00e9s) . Winkel bij Eco Supplements altijd gratis verzending boven 100\u20ac","og_url":"https:\/\/ecosupplements.be\/fr\/produit\/vitaking-stress-b-complex-multivitamin-60-tablets\/","og_site_name":"ECO Supplements","article_modified_time":"2025-08-28T01:05:43+00:00","og_image":[{"width":1000,"height":1000,"url":"https:\/\/ecosupplements.be\/wp-content\/uploads\/2025\/08\/Vitaking-Vitaking-Stress-B-Complex-Multivitamin-60-Tablets.webp","type":"image\/webp"}],"twitter_card":"summary_large_image","twitter_misc":{"Prix":"9.18&nbsp;&euro;","Disponibilit\u00e9":"En stock"},"schema":{"@context":"https:\/\/schema.org","@graph":[{"@type":["WebPage","ItemPage"],"@id":"https:\/\/ecosupplements.be\/fr\/produit\/vitaking-stress-b-complex-multivitamin-60-tablets\/","url":"https:\/\/ecosupplements.be\/fr\/produit\/vitaking-stress-b-complex-multivitamin-60-tablets\/","name":"Compl\u00e9ment multivitamin\u00e9 Vitaking B-Complex anti-stress (60 comprim\u00e9s) - ECO Supplements","isPartOf":{"@id":"https:\/\/ecosupplements.be\/fr\/#website"},"primaryImageOfPage":{"@id":"https:\/\/ecosupplements.be\/fr\/produit\/vitaking-stress-b-complex-multivitamin-60-tablets\/#primaryimage"},"image":{"@id":"https:\/\/ecosupplements.be\/fr\/produit\/vitaking-stress-b-complex-multivitamin-60-tablets\/#primaryimage"},"thumbnailUrl":"https:\/\/ecosupplements.be\/wp-content\/uploads\/2025\/08\/9043.webp","datePublished":"2025-06-24T06:45:13+00:00","dateModified":"2025-08-28T01:05:43+00:00","description":"Wij hebben een ruime keuze aan producten van Compl\u00e9ment multivitamin\u00e9 Vitaking B-Complex anti-stress (60 comprim\u00e9s) . Winkel bij Eco Supplements altijd gratis verzending boven 100\u20ac","breadcrumb":{"@id":"https:\/\/ecosupplements.be\/fr\/produit\/vitaking-stress-b-complex-multivitamin-60-tablets\/#breadcrumb"},"inLanguage":"fr-FR","potentialAction":[{"@type":"ReadAction","target":["https:\/\/ecosupplements.be\/fr\/produit\/vitaking-stress-b-complex-multivitamin-60-tablets\/"]}]},{"@type":"ImageObject","inLanguage":"fr-FR","@id":"https:\/\/ecosupplements.be\/fr\/produit\/vitaking-stress-b-complex-multivitamin-60-tablets\/#primaryimage","url":"https:\/\/ecosupplements.be\/wp-content\/uploads\/2025\/08\/9043.webp","contentUrl":"https:\/\/ecosupplements.be\/wp-content\/uploads\/2025\/08\/9043.webp","width":1000,"height":1000},{"@type":"BreadcrumbList","@id":"https:\/\/ecosupplements.be\/fr\/produit\/vitaking-stress-b-complex-multivitamin-60-tablets\/#breadcrumb","itemListElement":[{"@type":"ListItem","position":1,"name":"Home","item":"https:\/\/ecosupplements.be\/fr\/"},{"@type":"ListItem","position":2,"name":"Boutique","item":"https:\/\/ecosupplements.be\/fr\/boutique\/"},{"@type":"ListItem","position":3,"name":"Compl\u00e9ment multivitamin\u00e9 Vitaking B-Complex anti-stress (60 comprim\u00e9s)"}]},{"@type":"WebSite","@id":"https:\/\/ecosupplements.be\/fr\/#website","url":"https:\/\/ecosupplements.be\/fr\/","name":"ECO Supplements","description":"Eco Supplements - Gezonde supplementen","publisher":{"@id":"https:\/\/ecosupplements.be\/fr\/#organization"},"potentialAction":[{"@type":"SearchAction","target":{"@type":"EntryPoint","urlTemplate":"https:\/\/ecosupplements.be\/fr\/?s={search_term_string}"},"query-input":{"@type":"PropertyValueSpecification","valueRequired":true,"valueName":"search_term_string"}}],"inLanguage":"fr-FR"},{"@type":"Organization","@id":"https:\/\/ecosupplements.be\/fr\/#organization","name":"Eco Supplements","url":"https:\/\/ecosupplements.be\/fr\/","logo":{"@type":"ImageObject","inLanguage":"fr-FR","@id":"https:\/\/ecosupplements.be\/fr\/#\/schema\/logo\/image\/","url":"https:\/\/ecosupplements.be\/wp-content\/uploads\/2022\/06\/ecosupplement-family.png","contentUrl":"https:\/\/ecosupplements.be\/wp-content\/uploads\/2022\/06\/ecosupplement-family.png","width":593,"height":374,"caption":"Eco Supplements"},"image":{"@id":"https:\/\/ecosupplements.be\/fr\/#\/schema\/logo\/image\/"}}]},"product_brand":"Vitaking","product_price_amount":"9.18","product_price_currency":"EUR","og_availability":"instock","product_availability":"instock","product_retailer_item_id":"5999561250205","product_condition":"new"},"_links":{"self":[{"href":"https:\/\/ecosupplements.be\/fr\/wp-json\/wp\/v2\/product\/298635","targetHints":{"allow":["GET"]}}],"collection":[{"href":"https:\/\/ecosupplements.be\/fr\/wp-json\/wp\/v2\/product"}],"about":[{"href":"https:\/\/ecosupplements.be\/fr\/wp-json\/wp\/v2\/types\/product"}],"replies":[{"embeddable":true,"href":"https:\/\/ecosupplements.be\/fr\/wp-json\/wp\/v2\/comments?post=298635"}],"wp:featuredmedia":[{"embeddable":true,"href":"https:\/\/ecosupplements.be\/fr\/wp-json\/wp\/v2\/media\/272183"}],"wp:attachment":[{"href":"https:\/\/ecosupplements.be\/fr\/wp-json\/wp\/v2\/media?parent=298635"}],"wp:term":[{"taxonomy":"product_brand","embeddable":true,"href":"https:\/\/ecosupplements.be\/fr\/wp-json\/wp\/v2\/product_brand?post=298635"},{"taxonomy":"product_cat","embeddable":true,"href":"https:\/\/ecosupplements.be\/fr\/wp-json\/wp\/v2\/product_cat?post=298635"},{"taxonomy":"product_tag","embeddable":true,"href":"https:\/\/ecosupplements.be\/fr\/wp-json\/wp\/v2\/product_tag?post=298635"}],"curies":[{"name":"wp","href":"https:\/\/api.w.org\/{rel}","templated":true}]}}