{"id":298716,"date":"2025-06-24T08:45:12","date_gmt":"2025-06-24T07:45:12","guid":{"rendered":"https:\/\/ecosupplements.be\/product\/vitaking-vitamin-b6-p5p-60-capsules\/"},"modified":"2025-08-28T02:06:58","modified_gmt":"2025-08-28T01:06:58","slug":"vitaking-vitamin-b6-p5p-60-capsules","status":"publish","type":"product","link":"https:\/\/ecosupplements.be\/fr\/produit\/vitaking-vitamin-b6-p5p-60-capsules\/","title":{"rendered":"Vitamine B6 (P5P) de Vitaking (60 capsules)"},"content":{"rendered":"<h2>Vitaking Vitamin B6 (P5P) &#8211; 60 Capsules<\/h2>\n<p>D\u00e9couvrez les capsules Vitaking vitamin B6 (P5P), con\u00e7ues pour s&#8217;int\u00e9grer harmonieusement \u00e0 votre quotidien. Chaque capsule est formul\u00e9e avec soin, mettant en avant des ingr\u00e9dients de grande puret\u00e9.<\/p>\n<p><strong>Ingr\u00e9dients principaux :<\/strong> Ce produit contient de la vitamine B6 sous forme de P5P,une forme naturelle et active qui est rigoureusement s\u00e9lectionn\u00e9e pour sa qualit\u00e9 sup\u00e9rieure.<\/p>\n<p><strong>Contenu et emballage :<\/strong> Le flacon contient 60 capsules, con\u00e7u pour \u00eatre simple et pratique \u00e0 utiliser au quotidien.<\/p>\n<p><strong>Utilisation :<\/strong> Pour une utilisation optimale,suivre les indications sur l&#8217;emballage ou consulter un professionnel pour adapter l&#8217;usage selon vos activit\u00e9s quotidiennes.<\/p>\n<p>Ces capsules sont un choix parfait pour ceux qui appr\u00e9cient les produits de haute qualit\u00e9 dans leur routine quotidienne. Elles sont faciles \u00e0 int\u00e9grer dans votre emploi du temps charg\u00e9, offrant une solution pratique sans compromettre la puret\u00e9 des ingr\u00e9dients.<\/p>\n<p>Avec Vitaking Vitamin B6 (P5P), optez pour un produit \u00e9l\u00e9gant et efficace qui compl\u00e8te votre mode de vie actif et \u00e9quilibr\u00e9.<\/p>\n","protected":false},"excerpt":{"rendered":"<p>Vitaking Vitamin B6 (P5P) &#8211; 60 Capsules D\u00e9couvrez les capsules Vitaking vitamin B6 (P5P), con\u00e7ues pour s&#8217;int\u00e9grer harmonieusement \u00e0 votre quotidien. Chaque capsule est formul\u00e9e avec soin, mettant en avant des ingr\u00e9dients de grande puret\u00e9. Ingr\u00e9dients principaux : Ce produit contient de la vitamine B6 sous forme de P5P,une forme naturelle et active qui est [&#8230;]\n","protected":false},"featured_media":272264,"comment_status":"closed","ping_status":"open","template":"","meta":[],"product_brand":[5330],"product_cat":[5052],"product_tag":[],"class_list":{"0":"post-298716","1":"product","2":"type-product","3":"status-publish","4":"has-post-thumbnail","6":"product_brand-vitaking-2","7":"product_cat-sante-et-bien-etre","9":"first","10":"instock","11":"taxable","12":"shipping-taxable","13":"purchasable","14":"product-type-simple"},"yoast_head":"<!-- This site is optimized with the Yoast SEO Premium plugin v27.5 (Yoast SEO v27.5) - https:\/\/yoast.com\/product\/yoast-seo-premium-wordpress\/ -->\n<title>Vitamine B6 (P5P) de Vitaking (60 capsules) - ECO Supplements<\/title>\n<meta name=\"description\" content=\"Wij hebben een ruime keuze aan producten van Vitamine B6 (P5P) de Vitaking (60 capsules) . Winkel bij Eco Supplements altijd gratis verzending boven 100\u20ac\" \/>\n<meta name=\"robots\" content=\"index, follow, max-snippet:-1, max-image-preview:large, max-video-preview:-1\" \/>\n<link rel=\"canonical\" href=\"https:\/\/ecosupplements.be\/fr\/produit\/vitaking-vitamin-b6-p5p-60-capsules\/\" \/>\n<meta property=\"og:locale\" content=\"fr_FR\" \/>\n<meta property=\"og:type\" content=\"article\" \/>\n<meta property=\"og:title\" content=\"Vitamine B6 (P5P) de Vitaking (60 capsules)\" \/>\n<meta property=\"og:description\" content=\"Wij hebben een ruime keuze aan producten van Vitamine B6 (P5P) de Vitaking (60 capsules) . Winkel bij Eco Supplements altijd gratis verzending boven 100\u20ac\" \/>\n<meta property=\"og:url\" content=\"https:\/\/ecosupplements.be\/fr\/produit\/vitaking-vitamin-b6-p5p-60-capsules\/\" \/>\n<meta property=\"og:site_name\" content=\"ECO Supplements\" \/>\n<meta property=\"article:modified_time\" content=\"2025-08-28T01:06:58+00:00\" \/>\n<meta property=\"og:image\" content=\"https:\/\/ecosupplements.be\/wp-content\/uploads\/2025\/08\/Vitaking-Vitaking-Vitamin-B6-P5P-60-Capsules.webp\" \/>\n\t<meta property=\"og:image:width\" content=\"1000\" \/>\n\t<meta property=\"og:image:height\" content=\"1000\" \/>\n\t<meta property=\"og:image:type\" content=\"image\/webp\" \/>\n<meta name=\"twitter:card\" content=\"summary_large_image\" \/>\n<meta name=\"twitter:label1\" content=\"Prix\" \/>\n\t<meta name=\"twitter:data1\" content=\"4.22&nbsp;&euro;\" \/>\n\t<meta name=\"twitter:label2\" content=\"Disponibilit\u00e9\" \/>\n\t<meta name=\"twitter:data2\" content=\"En stock\" \/>\n<script type=\"application\/ld+json\" class=\"yoast-schema-graph\">{\"@context\":\"https:\\\/\\\/schema.org\",\"@graph\":[{\"@type\":[\"WebPage\",\"ItemPage\"],\"@id\":\"https:\\\/\\\/ecosupplements.be\\\/fr\\\/produit\\\/vitaking-vitamin-b6-p5p-60-capsules\\\/\",\"url\":\"https:\\\/\\\/ecosupplements.be\\\/fr\\\/produit\\\/vitaking-vitamin-b6-p5p-60-capsules\\\/\",\"name\":\"Vitamine B6 (P5P) de Vitaking (60 capsules) - ECO Supplements\",\"isPartOf\":{\"@id\":\"https:\\\/\\\/ecosupplements.be\\\/fr\\\/#website\"},\"primaryImageOfPage\":{\"@id\":\"https:\\\/\\\/ecosupplements.be\\\/fr\\\/produit\\\/vitaking-vitamin-b6-p5p-60-capsules\\\/#primaryimage\"},\"image\":{\"@id\":\"https:\\\/\\\/ecosupplements.be\\\/fr\\\/produit\\\/vitaking-vitamin-b6-p5p-60-capsules\\\/#primaryimage\"},\"thumbnailUrl\":\"https:\\\/\\\/ecosupplements.be\\\/wp-content\\\/uploads\\\/2025\\\/08\\\/VITAKING-B-6-VITAMIN-plus-P5P-60-Caps_SUPP.webp\",\"datePublished\":\"2025-06-24T07:45:12+00:00\",\"dateModified\":\"2025-08-28T01:06:58+00:00\",\"description\":\"Wij hebben een ruime keuze aan producten van Vitamine B6 (P5P) de Vitaking (60 capsules) . Winkel bij Eco Supplements altijd gratis verzending boven 100\u20ac\",\"breadcrumb\":{\"@id\":\"https:\\\/\\\/ecosupplements.be\\\/fr\\\/produit\\\/vitaking-vitamin-b6-p5p-60-capsules\\\/#breadcrumb\"},\"inLanguage\":\"fr-FR\",\"potentialAction\":[{\"@type\":\"ReadAction\",\"target\":[\"https:\\\/\\\/ecosupplements.be\\\/fr\\\/produit\\\/vitaking-vitamin-b6-p5p-60-capsules\\\/\"]}]},{\"@type\":\"ImageObject\",\"inLanguage\":\"fr-FR\",\"@id\":\"https:\\\/\\\/ecosupplements.be\\\/fr\\\/produit\\\/vitaking-vitamin-b6-p5p-60-capsules\\\/#primaryimage\",\"url\":\"https:\\\/\\\/ecosupplements.be\\\/wp-content\\\/uploads\\\/2025\\\/08\\\/VITAKING-B-6-VITAMIN-plus-P5P-60-Caps_SUPP.webp\",\"contentUrl\":\"https:\\\/\\\/ecosupplements.be\\\/wp-content\\\/uploads\\\/2025\\\/08\\\/VITAKING-B-6-VITAMIN-plus-P5P-60-Caps_SUPP.webp\",\"width\":1000,\"height\":1000},{\"@type\":\"BreadcrumbList\",\"@id\":\"https:\\\/\\\/ecosupplements.be\\\/fr\\\/produit\\\/vitaking-vitamin-b6-p5p-60-capsules\\\/#breadcrumb\",\"itemListElement\":[{\"@type\":\"ListItem\",\"position\":1,\"name\":\"Home\",\"item\":\"https:\\\/\\\/ecosupplements.be\\\/fr\\\/\"},{\"@type\":\"ListItem\",\"position\":2,\"name\":\"Boutique\",\"item\":\"https:\\\/\\\/ecosupplements.be\\\/fr\\\/boutique\\\/\"},{\"@type\":\"ListItem\",\"position\":3,\"name\":\"Vitamine B6 (P5P) de Vitaking (60 capsules)\"}]},{\"@type\":\"WebSite\",\"@id\":\"https:\\\/\\\/ecosupplements.be\\\/fr\\\/#website\",\"url\":\"https:\\\/\\\/ecosupplements.be\\\/fr\\\/\",\"name\":\"ECO Supplements\",\"description\":\"Eco Supplements - Gezonde supplementen\",\"publisher\":{\"@id\":\"https:\\\/\\\/ecosupplements.be\\\/fr\\\/#organization\"},\"potentialAction\":[{\"@type\":\"SearchAction\",\"target\":{\"@type\":\"EntryPoint\",\"urlTemplate\":\"https:\\\/\\\/ecosupplements.be\\\/fr\\\/?s={search_term_string}\"},\"query-input\":{\"@type\":\"PropertyValueSpecification\",\"valueRequired\":true,\"valueName\":\"search_term_string\"}}],\"inLanguage\":\"fr-FR\"},{\"@type\":\"Organization\",\"@id\":\"https:\\\/\\\/ecosupplements.be\\\/fr\\\/#organization\",\"name\":\"Eco Supplements\",\"url\":\"https:\\\/\\\/ecosupplements.be\\\/fr\\\/\",\"logo\":{\"@type\":\"ImageObject\",\"inLanguage\":\"fr-FR\",\"@id\":\"https:\\\/\\\/ecosupplements.be\\\/fr\\\/#\\\/schema\\\/logo\\\/image\\\/\",\"url\":\"https:\\\/\\\/ecosupplements.be\\\/wp-content\\\/uploads\\\/2022\\\/06\\\/ecosupplement-family.png\",\"contentUrl\":\"https:\\\/\\\/ecosupplements.be\\\/wp-content\\\/uploads\\\/2022\\\/06\\\/ecosupplement-family.png\",\"width\":593,\"height\":374,\"caption\":\"Eco Supplements\"},\"image\":{\"@id\":\"https:\\\/\\\/ecosupplements.be\\\/fr\\\/#\\\/schema\\\/logo\\\/image\\\/\"}}]}<\/script>\n<meta property=\"product:brand\" content=\"Vitaking\" \/>\n<meta property=\"product:price:amount\" content=\"4.22\" \/>\n<meta property=\"product:price:currency\" content=\"EUR\" \/>\n<meta property=\"og:availability\" content=\"instock\" \/>\n<meta property=\"product:availability\" content=\"instock\" \/>\n<meta property=\"product:retailer_item_id\" content=\"5999571382446\" \/>\n<meta property=\"product:condition\" content=\"new\" \/>\n<!-- \/ Yoast SEO Premium plugin. -->","yoast_head_json":{"title":"Vitamine B6 (P5P) de Vitaking (60 capsules) - ECO Supplements","description":"Wij hebben een ruime keuze aan producten van Vitamine B6 (P5P) de Vitaking (60 capsules) . Winkel bij Eco Supplements altijd gratis verzending boven 100\u20ac","robots":{"index":"index","follow":"follow","max-snippet":"max-snippet:-1","max-image-preview":"max-image-preview:large","max-video-preview":"max-video-preview:-1"},"canonical":"https:\/\/ecosupplements.be\/fr\/produit\/vitaking-vitamin-b6-p5p-60-capsules\/","og_locale":"fr_FR","og_type":"article","og_title":"Vitamine B6 (P5P) de Vitaking (60 capsules)","og_description":"Wij hebben een ruime keuze aan producten van Vitamine B6 (P5P) de Vitaking (60 capsules) . Winkel bij Eco Supplements altijd gratis verzending boven 100\u20ac","og_url":"https:\/\/ecosupplements.be\/fr\/produit\/vitaking-vitamin-b6-p5p-60-capsules\/","og_site_name":"ECO Supplements","article_modified_time":"2025-08-28T01:06:58+00:00","og_image":[{"width":1000,"height":1000,"url":"https:\/\/ecosupplements.be\/wp-content\/uploads\/2025\/08\/Vitaking-Vitaking-Vitamin-B6-P5P-60-Capsules.webp","type":"image\/webp"}],"twitter_card":"summary_large_image","twitter_misc":{"Prix":"4.22&nbsp;&euro;","Disponibilit\u00e9":"En stock"},"schema":{"@context":"https:\/\/schema.org","@graph":[{"@type":["WebPage","ItemPage"],"@id":"https:\/\/ecosupplements.be\/fr\/produit\/vitaking-vitamin-b6-p5p-60-capsules\/","url":"https:\/\/ecosupplements.be\/fr\/produit\/vitaking-vitamin-b6-p5p-60-capsules\/","name":"Vitamine B6 (P5P) de Vitaking (60 capsules) - ECO Supplements","isPartOf":{"@id":"https:\/\/ecosupplements.be\/fr\/#website"},"primaryImageOfPage":{"@id":"https:\/\/ecosupplements.be\/fr\/produit\/vitaking-vitamin-b6-p5p-60-capsules\/#primaryimage"},"image":{"@id":"https:\/\/ecosupplements.be\/fr\/produit\/vitaking-vitamin-b6-p5p-60-capsules\/#primaryimage"},"thumbnailUrl":"https:\/\/ecosupplements.be\/wp-content\/uploads\/2025\/08\/VITAKING-B-6-VITAMIN-plus-P5P-60-Caps_SUPP.webp","datePublished":"2025-06-24T07:45:12+00:00","dateModified":"2025-08-28T01:06:58+00:00","description":"Wij hebben een ruime keuze aan producten van Vitamine B6 (P5P) de Vitaking (60 capsules) . Winkel bij Eco Supplements altijd gratis verzending boven 100\u20ac","breadcrumb":{"@id":"https:\/\/ecosupplements.be\/fr\/produit\/vitaking-vitamin-b6-p5p-60-capsules\/#breadcrumb"},"inLanguage":"fr-FR","potentialAction":[{"@type":"ReadAction","target":["https:\/\/ecosupplements.be\/fr\/produit\/vitaking-vitamin-b6-p5p-60-capsules\/"]}]},{"@type":"ImageObject","inLanguage":"fr-FR","@id":"https:\/\/ecosupplements.be\/fr\/produit\/vitaking-vitamin-b6-p5p-60-capsules\/#primaryimage","url":"https:\/\/ecosupplements.be\/wp-content\/uploads\/2025\/08\/VITAKING-B-6-VITAMIN-plus-P5P-60-Caps_SUPP.webp","contentUrl":"https:\/\/ecosupplements.be\/wp-content\/uploads\/2025\/08\/VITAKING-B-6-VITAMIN-plus-P5P-60-Caps_SUPP.webp","width":1000,"height":1000},{"@type":"BreadcrumbList","@id":"https:\/\/ecosupplements.be\/fr\/produit\/vitaking-vitamin-b6-p5p-60-capsules\/#breadcrumb","itemListElement":[{"@type":"ListItem","position":1,"name":"Home","item":"https:\/\/ecosupplements.be\/fr\/"},{"@type":"ListItem","position":2,"name":"Boutique","item":"https:\/\/ecosupplements.be\/fr\/boutique\/"},{"@type":"ListItem","position":3,"name":"Vitamine B6 (P5P) de Vitaking (60 capsules)"}]},{"@type":"WebSite","@id":"https:\/\/ecosupplements.be\/fr\/#website","url":"https:\/\/ecosupplements.be\/fr\/","name":"ECO Supplements","description":"Eco Supplements - Gezonde supplementen","publisher":{"@id":"https:\/\/ecosupplements.be\/fr\/#organization"},"potentialAction":[{"@type":"SearchAction","target":{"@type":"EntryPoint","urlTemplate":"https:\/\/ecosupplements.be\/fr\/?s={search_term_string}"},"query-input":{"@type":"PropertyValueSpecification","valueRequired":true,"valueName":"search_term_string"}}],"inLanguage":"fr-FR"},{"@type":"Organization","@id":"https:\/\/ecosupplements.be\/fr\/#organization","name":"Eco Supplements","url":"https:\/\/ecosupplements.be\/fr\/","logo":{"@type":"ImageObject","inLanguage":"fr-FR","@id":"https:\/\/ecosupplements.be\/fr\/#\/schema\/logo\/image\/","url":"https:\/\/ecosupplements.be\/wp-content\/uploads\/2022\/06\/ecosupplement-family.png","contentUrl":"https:\/\/ecosupplements.be\/wp-content\/uploads\/2022\/06\/ecosupplement-family.png","width":593,"height":374,"caption":"Eco Supplements"},"image":{"@id":"https:\/\/ecosupplements.be\/fr\/#\/schema\/logo\/image\/"}}]},"product_brand":"Vitaking","product_price_amount":"4.22","product_price_currency":"EUR","og_availability":"instock","product_availability":"instock","product_retailer_item_id":"5999571382446","product_condition":"new"},"_links":{"self":[{"href":"https:\/\/ecosupplements.be\/fr\/wp-json\/wp\/v2\/product\/298716","targetHints":{"allow":["GET"]}}],"collection":[{"href":"https:\/\/ecosupplements.be\/fr\/wp-json\/wp\/v2\/product"}],"about":[{"href":"https:\/\/ecosupplements.be\/fr\/wp-json\/wp\/v2\/types\/product"}],"replies":[{"embeddable":true,"href":"https:\/\/ecosupplements.be\/fr\/wp-json\/wp\/v2\/comments?post=298716"}],"wp:featuredmedia":[{"embeddable":true,"href":"https:\/\/ecosupplements.be\/fr\/wp-json\/wp\/v2\/media\/272264"}],"wp:attachment":[{"href":"https:\/\/ecosupplements.be\/fr\/wp-json\/wp\/v2\/media?parent=298716"}],"wp:term":[{"taxonomy":"product_brand","embeddable":true,"href":"https:\/\/ecosupplements.be\/fr\/wp-json\/wp\/v2\/product_brand?post=298716"},{"taxonomy":"product_cat","embeddable":true,"href":"https:\/\/ecosupplements.be\/fr\/wp-json\/wp\/v2\/product_cat?post=298716"},{"taxonomy":"product_tag","embeddable":true,"href":"https:\/\/ecosupplements.be\/fr\/wp-json\/wp\/v2\/product_tag?post=298716"}],"curies":[{"name":"wp","href":"https:\/\/api.w.org\/{rel}","templated":true}]}}