{"id":298740,"date":"2025-06-24T09:00:35","date_gmt":"2025-06-24T08:00:35","guid":{"rendered":"https:\/\/ecosupplements.be\/product\/vitaking-vitamin-c-1000-time-release-with-rosehips-60-tablets\/"},"modified":"2025-08-28T02:07:18","modified_gmt":"2025-08-28T01:07:18","slug":"vitaking-vitamin-c-1000-time-release-with-rosehips-60-tablets","status":"publish","type":"product","link":"https:\/\/ecosupplements.be\/fr\/produit\/vitaking-vitamin-c-1000-time-release-with-rosehips-60-tablets\/","title":{"rendered":"Vitamine C-1000 \u00e0 lib\u00e9ration prolong\u00e9e avec \u00e9glantier (60 comprim\u00e9s)"},"content":{"rendered":"<h2>Vitaking Vitamin C-1000 Time Release with Rosehips (60 Tablets)<\/h2>\n<p>D\u00e9couvrez les comprim\u00e9s <strong>Vitaking Vitamin C-1000 time Release with Rosehips<\/strong>, con\u00e7us pour s&#8217;int\u00e9grer harmonieusement \u00e0 votre quotidien. Chaque tablette est formul\u00e9e avec soin, utilisant des ingr\u00e9dients de haute qualit\u00e9 et d&#8217;origine naturelle.<\/p>\n<h3>Composition<\/h3>\n<p>Ce produit contient de la vitamine C et des extraits de cynorrhodon. Les ingr\u00e9dients sont s\u00e9lectionn\u00e9s pour leur puret\u00e9 et leur origine naturelle, offrant une exp\u00e9rience authentique sans artifices.<\/p>\n<h3>Contenu et Emballage<\/h3>\n<p>Le paquet contient 60 tablettes,con\u00e7u pour \u00eatre pratique et facile \u00e0 utiliser au quotidien.<\/p>\n<h3>Utilisation<\/h3>\n<p>Pour une utilisation optimale, suivez les instructions sur l&#8217;emballage concernant la dose journali\u00e8re recommand\u00e9e.<\/p>\n<h3>Caract\u00e9ristiques pratiques<\/h3>\n<p>Ces comprim\u00e9s sont faciles \u00e0 int\u00e9grer dans votre routine quotidienne gr\u00e2ce \u00e0 leur format pratique. Ils sont sp\u00e9cialement formul\u00e9s pour une lib\u00e9ration prolong\u00e9e, vous permettant de continuer votre journ\u00e9e sans interruption.<\/p>\n<p><em>Vitaking Vitamin C-1000 Time Release with Rosehips<\/em> est un choix parfait pour ceux qui appr\u00e9cient les produits de qualit\u00e9 sup\u00e9rieure avec des composants naturels dans un mode de vie actif et \u00e9quilibr\u00e9.<\/p>\n","protected":false},"excerpt":{"rendered":"<p>Vitaking Vitamin C-1000 Time Release with Rosehips (60 Tablets) D\u00e9couvrez les comprim\u00e9s Vitaking Vitamin C-1000 time Release with Rosehips, con\u00e7us pour s&#8217;int\u00e9grer harmonieusement \u00e0 votre quotidien. Chaque tablette est formul\u00e9e avec soin, utilisant des ingr\u00e9dients de haute qualit\u00e9 et d&#8217;origine naturelle. Composition Ce produit contient de la vitamine C et des extraits de cynorrhodon. Les [&#8230;]\n","protected":false},"featured_media":272288,"comment_status":"closed","ping_status":"open","template":"","meta":[],"product_brand":[5330],"product_cat":[5052],"product_tag":[],"class_list":{"0":"post-298740","1":"product","2":"type-product","3":"status-publish","4":"has-post-thumbnail","6":"product_brand-vitaking-2","7":"product_cat-sante-et-bien-etre","9":"first","10":"instock","11":"taxable","12":"shipping-taxable","13":"purchasable","14":"product-type-simple"},"yoast_head":"<!-- This site is optimized with the Yoast SEO Premium plugin v27.3 (Yoast SEO v27.3) - https:\/\/yoast.com\/product\/yoast-seo-premium-wordpress\/ -->\n<title>Vitamine C-1000 \u00e0 lib\u00e9ration prolong\u00e9e avec \u00e9glantier (60 comprim\u00e9s) - ECO Supplements<\/title>\n<meta name=\"description\" content=\"Wij hebben een ruime keuze aan producten van Vitamine C-1000 \u00e0 lib\u00e9ration prolong\u00e9e avec \u00e9glantier (60 comprim\u00e9s) . Winkel bij Eco Supplements altijd gratis verzending boven 100\u20ac\" \/>\n<meta name=\"robots\" content=\"index, follow, max-snippet:-1, max-image-preview:large, max-video-preview:-1\" \/>\n<link rel=\"canonical\" href=\"https:\/\/ecosupplements.be\/fr\/produit\/vitaking-vitamin-c-1000-time-release-with-rosehips-60-tablets\/\" \/>\n<meta property=\"og:locale\" content=\"fr_FR\" \/>\n<meta property=\"og:type\" content=\"article\" \/>\n<meta property=\"og:title\" content=\"Vitamine C-1000 \u00e0 lib\u00e9ration prolong\u00e9e avec \u00e9glantier (60 comprim\u00e9s)\" \/>\n<meta property=\"og:description\" content=\"Wij hebben een ruime keuze aan producten van Vitamine C-1000 \u00e0 lib\u00e9ration prolong\u00e9e avec \u00e9glantier (60 comprim\u00e9s) . Winkel bij Eco Supplements altijd gratis verzending boven 100\u20ac\" \/>\n<meta property=\"og:url\" content=\"https:\/\/ecosupplements.be\/fr\/produit\/vitaking-vitamin-c-1000-time-release-with-rosehips-60-tablets\/\" \/>\n<meta property=\"og:site_name\" content=\"ECO Supplements\" \/>\n<meta property=\"article:modified_time\" content=\"2025-08-28T01:07:18+00:00\" \/>\n<meta property=\"og:image\" content=\"https:\/\/ecosupplements.be\/wp-content\/uploads\/2025\/08\/Vitaking-Vitaking-Vitamin-C-1000-Time-Release-with-Rosehips-60-Tablets.webp\" \/>\n\t<meta property=\"og:image:width\" content=\"1000\" \/>\n\t<meta property=\"og:image:height\" content=\"1000\" \/>\n\t<meta property=\"og:image:type\" content=\"image\/webp\" \/>\n<meta name=\"twitter:card\" content=\"summary_large_image\" \/>\n<meta name=\"twitter:label1\" content=\"Prix\" \/>\n\t<meta name=\"twitter:data1\" content=\"7.22&nbsp;&euro;\" \/>\n\t<meta name=\"twitter:label2\" content=\"Disponibilit\u00e9\" \/>\n\t<meta name=\"twitter:data2\" content=\"En stock\" \/>\n<script type=\"application\/ld+json\" class=\"yoast-schema-graph\">{\"@context\":\"https:\\\/\\\/schema.org\",\"@graph\":[{\"@type\":[\"WebPage\",\"ItemPage\"],\"@id\":\"https:\\\/\\\/ecosupplements.be\\\/fr\\\/produit\\\/vitaking-vitamin-c-1000-time-release-with-rosehips-60-tablets\\\/\",\"url\":\"https:\\\/\\\/ecosupplements.be\\\/fr\\\/produit\\\/vitaking-vitamin-c-1000-time-release-with-rosehips-60-tablets\\\/\",\"name\":\"Vitamine C-1000 \u00e0 lib\u00e9ration prolong\u00e9e avec \u00e9glantier (60 comprim\u00e9s) - ECO Supplements\",\"isPartOf\":{\"@id\":\"https:\\\/\\\/ecosupplements.be\\\/fr\\\/#website\"},\"primaryImageOfPage\":{\"@id\":\"https:\\\/\\\/ecosupplements.be\\\/fr\\\/produit\\\/vitaking-vitamin-c-1000-time-release-with-rosehips-60-tablets\\\/#primaryimage\"},\"image\":{\"@id\":\"https:\\\/\\\/ecosupplements.be\\\/fr\\\/produit\\\/vitaking-vitamin-c-1000-time-release-with-rosehips-60-tablets\\\/#primaryimage\"},\"thumbnailUrl\":\"https:\\\/\\\/ecosupplements.be\\\/wp-content\\\/uploads\\\/2025\\\/08\\\/vitaking-c-1000-rose_hips_60tab_SUPP.webp\",\"datePublished\":\"2025-06-24T08:00:35+00:00\",\"dateModified\":\"2025-08-28T01:07:18+00:00\",\"description\":\"Wij hebben een ruime keuze aan producten van Vitamine C-1000 \u00e0 lib\u00e9ration prolong\u00e9e avec \u00e9glantier (60 comprim\u00e9s) . Winkel bij Eco Supplements altijd gratis verzending boven 100\u20ac\",\"breadcrumb\":{\"@id\":\"https:\\\/\\\/ecosupplements.be\\\/fr\\\/produit\\\/vitaking-vitamin-c-1000-time-release-with-rosehips-60-tablets\\\/#breadcrumb\"},\"inLanguage\":\"fr-FR\",\"potentialAction\":[{\"@type\":\"ReadAction\",\"target\":[\"https:\\\/\\\/ecosupplements.be\\\/fr\\\/produit\\\/vitaking-vitamin-c-1000-time-release-with-rosehips-60-tablets\\\/\"]}]},{\"@type\":\"ImageObject\",\"inLanguage\":\"fr-FR\",\"@id\":\"https:\\\/\\\/ecosupplements.be\\\/fr\\\/produit\\\/vitaking-vitamin-c-1000-time-release-with-rosehips-60-tablets\\\/#primaryimage\",\"url\":\"https:\\\/\\\/ecosupplements.be\\\/wp-content\\\/uploads\\\/2025\\\/08\\\/vitaking-c-1000-rose_hips_60tab_SUPP.webp\",\"contentUrl\":\"https:\\\/\\\/ecosupplements.be\\\/wp-content\\\/uploads\\\/2025\\\/08\\\/vitaking-c-1000-rose_hips_60tab_SUPP.webp\",\"width\":1000,\"height\":1000},{\"@type\":\"BreadcrumbList\",\"@id\":\"https:\\\/\\\/ecosupplements.be\\\/fr\\\/produit\\\/vitaking-vitamin-c-1000-time-release-with-rosehips-60-tablets\\\/#breadcrumb\",\"itemListElement\":[{\"@type\":\"ListItem\",\"position\":1,\"name\":\"Home\",\"item\":\"https:\\\/\\\/ecosupplements.be\\\/fr\\\/\"},{\"@type\":\"ListItem\",\"position\":2,\"name\":\"Boutique\",\"item\":\"https:\\\/\\\/ecosupplements.be\\\/fr\\\/boutique\\\/\"},{\"@type\":\"ListItem\",\"position\":3,\"name\":\"Vitamine C-1000 \u00e0 lib\u00e9ration prolong\u00e9e avec \u00e9glantier (60 comprim\u00e9s)\"}]},{\"@type\":\"WebSite\",\"@id\":\"https:\\\/\\\/ecosupplements.be\\\/fr\\\/#website\",\"url\":\"https:\\\/\\\/ecosupplements.be\\\/fr\\\/\",\"name\":\"ECO Supplements\",\"description\":\"Eco Supplements - Gezonde supplementen\",\"publisher\":{\"@id\":\"https:\\\/\\\/ecosupplements.be\\\/fr\\\/#organization\"},\"potentialAction\":[{\"@type\":\"SearchAction\",\"target\":{\"@type\":\"EntryPoint\",\"urlTemplate\":\"https:\\\/\\\/ecosupplements.be\\\/fr\\\/?s={search_term_string}\"},\"query-input\":{\"@type\":\"PropertyValueSpecification\",\"valueRequired\":true,\"valueName\":\"search_term_string\"}}],\"inLanguage\":\"fr-FR\"},{\"@type\":\"Organization\",\"@id\":\"https:\\\/\\\/ecosupplements.be\\\/fr\\\/#organization\",\"name\":\"Eco Supplements\",\"url\":\"https:\\\/\\\/ecosupplements.be\\\/fr\\\/\",\"logo\":{\"@type\":\"ImageObject\",\"inLanguage\":\"fr-FR\",\"@id\":\"https:\\\/\\\/ecosupplements.be\\\/fr\\\/#\\\/schema\\\/logo\\\/image\\\/\",\"url\":\"https:\\\/\\\/ecosupplements.be\\\/wp-content\\\/uploads\\\/2022\\\/06\\\/ecosupplement-family.png\",\"contentUrl\":\"https:\\\/\\\/ecosupplements.be\\\/wp-content\\\/uploads\\\/2022\\\/06\\\/ecosupplement-family.png\",\"width\":593,\"height\":374,\"caption\":\"Eco Supplements\"},\"image\":{\"@id\":\"https:\\\/\\\/ecosupplements.be\\\/fr\\\/#\\\/schema\\\/logo\\\/image\\\/\"}}]}<\/script>\n<meta property=\"product:brand\" content=\"Vitaking\" \/>\n<meta property=\"product:price:amount\" content=\"7.22\" \/>\n<meta property=\"product:price:currency\" content=\"EUR\" \/>\n<meta property=\"og:availability\" content=\"instock\" \/>\n<meta property=\"product:availability\" content=\"instock\" \/>\n<meta property=\"product:retailer_item_id\" content=\"5999561250687\" \/>\n<meta property=\"product:condition\" content=\"new\" \/>\n<!-- \/ Yoast SEO Premium plugin. -->","yoast_head_json":{"title":"Vitamine C-1000 \u00e0 lib\u00e9ration prolong\u00e9e avec \u00e9glantier (60 comprim\u00e9s) - ECO Supplements","description":"Wij hebben een ruime keuze aan producten van Vitamine C-1000 \u00e0 lib\u00e9ration prolong\u00e9e avec \u00e9glantier (60 comprim\u00e9s) . Winkel bij Eco Supplements altijd gratis verzending boven 100\u20ac","robots":{"index":"index","follow":"follow","max-snippet":"max-snippet:-1","max-image-preview":"max-image-preview:large","max-video-preview":"max-video-preview:-1"},"canonical":"https:\/\/ecosupplements.be\/fr\/produit\/vitaking-vitamin-c-1000-time-release-with-rosehips-60-tablets\/","og_locale":"fr_FR","og_type":"article","og_title":"Vitamine C-1000 \u00e0 lib\u00e9ration prolong\u00e9e avec \u00e9glantier (60 comprim\u00e9s)","og_description":"Wij hebben een ruime keuze aan producten van Vitamine C-1000 \u00e0 lib\u00e9ration prolong\u00e9e avec \u00e9glantier (60 comprim\u00e9s) . Winkel bij Eco Supplements altijd gratis verzending boven 100\u20ac","og_url":"https:\/\/ecosupplements.be\/fr\/produit\/vitaking-vitamin-c-1000-time-release-with-rosehips-60-tablets\/","og_site_name":"ECO Supplements","article_modified_time":"2025-08-28T01:07:18+00:00","og_image":[{"width":1000,"height":1000,"url":"https:\/\/ecosupplements.be\/wp-content\/uploads\/2025\/08\/Vitaking-Vitaking-Vitamin-C-1000-Time-Release-with-Rosehips-60-Tablets.webp","type":"image\/webp"}],"twitter_card":"summary_large_image","twitter_misc":{"Prix":"7.22&nbsp;&euro;","Disponibilit\u00e9":"En stock"},"schema":{"@context":"https:\/\/schema.org","@graph":[{"@type":["WebPage","ItemPage"],"@id":"https:\/\/ecosupplements.be\/fr\/produit\/vitaking-vitamin-c-1000-time-release-with-rosehips-60-tablets\/","url":"https:\/\/ecosupplements.be\/fr\/produit\/vitaking-vitamin-c-1000-time-release-with-rosehips-60-tablets\/","name":"Vitamine C-1000 \u00e0 lib\u00e9ration prolong\u00e9e avec \u00e9glantier (60 comprim\u00e9s) - ECO Supplements","isPartOf":{"@id":"https:\/\/ecosupplements.be\/fr\/#website"},"primaryImageOfPage":{"@id":"https:\/\/ecosupplements.be\/fr\/produit\/vitaking-vitamin-c-1000-time-release-with-rosehips-60-tablets\/#primaryimage"},"image":{"@id":"https:\/\/ecosupplements.be\/fr\/produit\/vitaking-vitamin-c-1000-time-release-with-rosehips-60-tablets\/#primaryimage"},"thumbnailUrl":"https:\/\/ecosupplements.be\/wp-content\/uploads\/2025\/08\/vitaking-c-1000-rose_hips_60tab_SUPP.webp","datePublished":"2025-06-24T08:00:35+00:00","dateModified":"2025-08-28T01:07:18+00:00","description":"Wij hebben een ruime keuze aan producten van Vitamine C-1000 \u00e0 lib\u00e9ration prolong\u00e9e avec \u00e9glantier (60 comprim\u00e9s) . Winkel bij Eco Supplements altijd gratis verzending boven 100\u20ac","breadcrumb":{"@id":"https:\/\/ecosupplements.be\/fr\/produit\/vitaking-vitamin-c-1000-time-release-with-rosehips-60-tablets\/#breadcrumb"},"inLanguage":"fr-FR","potentialAction":[{"@type":"ReadAction","target":["https:\/\/ecosupplements.be\/fr\/produit\/vitaking-vitamin-c-1000-time-release-with-rosehips-60-tablets\/"]}]},{"@type":"ImageObject","inLanguage":"fr-FR","@id":"https:\/\/ecosupplements.be\/fr\/produit\/vitaking-vitamin-c-1000-time-release-with-rosehips-60-tablets\/#primaryimage","url":"https:\/\/ecosupplements.be\/wp-content\/uploads\/2025\/08\/vitaking-c-1000-rose_hips_60tab_SUPP.webp","contentUrl":"https:\/\/ecosupplements.be\/wp-content\/uploads\/2025\/08\/vitaking-c-1000-rose_hips_60tab_SUPP.webp","width":1000,"height":1000},{"@type":"BreadcrumbList","@id":"https:\/\/ecosupplements.be\/fr\/produit\/vitaking-vitamin-c-1000-time-release-with-rosehips-60-tablets\/#breadcrumb","itemListElement":[{"@type":"ListItem","position":1,"name":"Home","item":"https:\/\/ecosupplements.be\/fr\/"},{"@type":"ListItem","position":2,"name":"Boutique","item":"https:\/\/ecosupplements.be\/fr\/boutique\/"},{"@type":"ListItem","position":3,"name":"Vitamine C-1000 \u00e0 lib\u00e9ration prolong\u00e9e avec \u00e9glantier (60 comprim\u00e9s)"}]},{"@type":"WebSite","@id":"https:\/\/ecosupplements.be\/fr\/#website","url":"https:\/\/ecosupplements.be\/fr\/","name":"ECO Supplements","description":"Eco Supplements - Gezonde supplementen","publisher":{"@id":"https:\/\/ecosupplements.be\/fr\/#organization"},"potentialAction":[{"@type":"SearchAction","target":{"@type":"EntryPoint","urlTemplate":"https:\/\/ecosupplements.be\/fr\/?s={search_term_string}"},"query-input":{"@type":"PropertyValueSpecification","valueRequired":true,"valueName":"search_term_string"}}],"inLanguage":"fr-FR"},{"@type":"Organization","@id":"https:\/\/ecosupplements.be\/fr\/#organization","name":"Eco Supplements","url":"https:\/\/ecosupplements.be\/fr\/","logo":{"@type":"ImageObject","inLanguage":"fr-FR","@id":"https:\/\/ecosupplements.be\/fr\/#\/schema\/logo\/image\/","url":"https:\/\/ecosupplements.be\/wp-content\/uploads\/2022\/06\/ecosupplement-family.png","contentUrl":"https:\/\/ecosupplements.be\/wp-content\/uploads\/2022\/06\/ecosupplement-family.png","width":593,"height":374,"caption":"Eco Supplements"},"image":{"@id":"https:\/\/ecosupplements.be\/fr\/#\/schema\/logo\/image\/"}}]},"product_brand":"Vitaking","product_price_amount":"7.22","product_price_currency":"EUR","og_availability":"instock","product_availability":"instock","product_retailer_item_id":"5999561250687","product_condition":"new"},"_links":{"self":[{"href":"https:\/\/ecosupplements.be\/fr\/wp-json\/wp\/v2\/product\/298740","targetHints":{"allow":["GET"]}}],"collection":[{"href":"https:\/\/ecosupplements.be\/fr\/wp-json\/wp\/v2\/product"}],"about":[{"href":"https:\/\/ecosupplements.be\/fr\/wp-json\/wp\/v2\/types\/product"}],"replies":[{"embeddable":true,"href":"https:\/\/ecosupplements.be\/fr\/wp-json\/wp\/v2\/comments?post=298740"}],"wp:featuredmedia":[{"embeddable":true,"href":"https:\/\/ecosupplements.be\/fr\/wp-json\/wp\/v2\/media\/272288"}],"wp:attachment":[{"href":"https:\/\/ecosupplements.be\/fr\/wp-json\/wp\/v2\/media?parent=298740"}],"wp:term":[{"taxonomy":"product_brand","embeddable":true,"href":"https:\/\/ecosupplements.be\/fr\/wp-json\/wp\/v2\/product_brand?post=298740"},{"taxonomy":"product_cat","embeddable":true,"href":"https:\/\/ecosupplements.be\/fr\/wp-json\/wp\/v2\/product_cat?post=298740"},{"taxonomy":"product_tag","embeddable":true,"href":"https:\/\/ecosupplements.be\/fr\/wp-json\/wp\/v2\/product_tag?post=298740"}],"curies":[{"name":"wp","href":"https:\/\/api.w.org\/{rel}","templated":true}]}}