{"id":298807,"date":"2025-06-24T09:45:47","date_gmt":"2025-06-24T08:45:47","guid":{"rendered":"https:\/\/ecosupplements.be\/product\/natures-way-chlorofresh-liquid-chlorophyll-480-ml-unflavored\/"},"modified":"2025-08-28T02:08:24","modified_gmt":"2025-08-28T01:08:24","slug":"natures-way-chlorofresh-liquid-chlorophyll-480-ml-unflavored","status":"publish","type":"product","link":"https:\/\/ecosupplements.be\/fr\/produit\/natures-way-chlorofresh-liquid-chlorophyll-480-ml-unflavored\/","title":{"rendered":"Chlorophylle liquide Chlorofresh\u00ae de Natures Way (480 ml, non aromatis\u00e9)"},"content":{"rendered":"<h2>Natures Way Chlorofresh\u00ae Liquid Chlorophyll (480 ml,Unflavored)<\/h2>\n<p>D\u00e9couvrez la simplicit\u00e9 et la puret\u00e9 de <strong>Natures Way Chlorofresh\u00ae Liquid Chlorophyll<\/strong>,une option id\u00e9ale pour ceux qui appr\u00e9cient les produits issus de sources naturelles dans leur quotidien. Ce produit est pr\u00e9sent\u00e9 dans un format liquide pratique de 480 ml, sans saveur ajout\u00e9e, ce qui le rend facile \u00e0 int\u00e9grer \u00e0 votre routine journali\u00e8re.<\/p>\n<p>Ce chlorophylle liquide est extrait avec soin pour garantir une grande puret\u00e9 et maintenir l&#8217;int\u00e9grit\u00e9 des composants naturels. Il s&#8217;agit d&#8217;un choix parfait pour ceux qui recherchent des ingr\u00e9dients purs et simples.<\/p>\n<p><strong>Utilisation :<\/strong> Suivez les instructions sur l&#8217;emballage pour une utilisation adapt\u00e9e au quotidien. Le format liquide permet une mesure ais\u00e9e et une incorporation facile \u00e0 diverses pr\u00e9parations.<\/p>\n<p><em>un choix naturel pour les amateurs de qualit\u00e9, Natures Way Chlorofresh\u00ae Liquid Chlorophyll est un compl\u00e9ment simple pour un usage quotidien.<\/em><\/p>\n","protected":false},"excerpt":{"rendered":"<p>Natures Way Chlorofresh\u00ae Liquid Chlorophyll (480 ml,Unflavored) D\u00e9couvrez la simplicit\u00e9 et la puret\u00e9 de Natures Way Chlorofresh\u00ae Liquid Chlorophyll,une option id\u00e9ale pour ceux qui appr\u00e9cient les produits issus de sources naturelles dans leur quotidien. Ce produit est pr\u00e9sent\u00e9 dans un format liquide pratique de 480 ml, sans saveur ajout\u00e9e, ce qui le rend facile \u00e0 [&#8230;]\n","protected":false},"featured_media":272354,"comment_status":"closed","ping_status":"open","template":"","meta":[],"product_brand":[5306],"product_cat":[5052],"product_tag":[],"class_list":{"0":"post-298807","1":"product","2":"type-product","3":"status-publish","4":"has-post-thumbnail","6":"product_brand-natures-way-2","7":"product_cat-sante-et-bien-etre","9":"first","10":"instock","11":"taxable","12":"shipping-taxable","13":"purchasable","14":"product-type-simple"},"yoast_head":"<!-- This site is optimized with the Yoast SEO Premium plugin v27.3 (Yoast SEO v27.3) - https:\/\/yoast.com\/product\/yoast-seo-premium-wordpress\/ -->\n<title>Chlorophylle liquide Chlorofresh\u00ae de Natures Way (480 ml, non aromatis\u00e9) - ECO Supplements<\/title>\n<meta name=\"description\" content=\"Wij hebben een ruime keuze aan producten van Chlorophylle liquide Chlorofresh\u00ae de Natures Way (480 ml, non aromatis\u00e9) . Winkel bij Eco Supplements altijd gratis verzending boven 100\u20ac\" \/>\n<meta name=\"robots\" content=\"index, follow, max-snippet:-1, max-image-preview:large, max-video-preview:-1\" \/>\n<link rel=\"canonical\" href=\"https:\/\/ecosupplements.be\/fr\/produit\/natures-way-chlorofresh-liquid-chlorophyll-480-ml-unflavored\/\" \/>\n<meta property=\"og:locale\" content=\"fr_FR\" \/>\n<meta property=\"og:type\" content=\"article\" \/>\n<meta property=\"og:title\" content=\"Chlorophylle liquide Chlorofresh\u00ae de Natures Way (480 ml, non aromatis\u00e9)\" \/>\n<meta property=\"og:description\" content=\"Wij hebben een ruime keuze aan producten van Chlorophylle liquide Chlorofresh\u00ae de Natures Way (480 ml, non aromatis\u00e9) . Winkel bij Eco Supplements altijd gratis verzending boven 100\u20ac\" \/>\n<meta property=\"og:url\" content=\"https:\/\/ecosupplements.be\/fr\/produit\/natures-way-chlorofresh-liquid-chlorophyll-480-ml-unflavored\/\" \/>\n<meta property=\"og:site_name\" content=\"ECO Supplements\" \/>\n<meta property=\"article:modified_time\" content=\"2025-08-28T01:08:24+00:00\" \/>\n<meta property=\"og:image\" content=\"https:\/\/ecosupplements.be\/wp-content\/uploads\/2025\/08\/Natures-Way-Natures-Way-Chlorofresh\u00ae-Liquid-Chlorophyll-480-ml-Unflavored.webp\" \/>\n\t<meta property=\"og:image:width\" content=\"1000\" \/>\n\t<meta property=\"og:image:height\" content=\"1000\" \/>\n\t<meta property=\"og:image:type\" content=\"image\/webp\" \/>\n<meta name=\"twitter:card\" content=\"summary_large_image\" \/>\n<meta name=\"twitter:label1\" content=\"Prix\" \/>\n\t<meta name=\"twitter:data1\" content=\"15.40&nbsp;&euro;\" \/>\n\t<meta name=\"twitter:label2\" content=\"Disponibilit\u00e9\" \/>\n\t<meta name=\"twitter:data2\" content=\"En stock\" \/>\n<script type=\"application\/ld+json\" class=\"yoast-schema-graph\">{\"@context\":\"https:\\\/\\\/schema.org\",\"@graph\":[{\"@type\":[\"WebPage\",\"ItemPage\"],\"@id\":\"https:\\\/\\\/ecosupplements.be\\\/fr\\\/produit\\\/natures-way-chlorofresh-liquid-chlorophyll-480-ml-unflavored\\\/\",\"url\":\"https:\\\/\\\/ecosupplements.be\\\/fr\\\/produit\\\/natures-way-chlorofresh-liquid-chlorophyll-480-ml-unflavored\\\/\",\"name\":\"Chlorophylle liquide Chlorofresh\u00ae de Natures Way (480 ml, non aromatis\u00e9) - ECO Supplements\",\"isPartOf\":{\"@id\":\"https:\\\/\\\/ecosupplements.be\\\/fr\\\/#website\"},\"primaryImageOfPage\":{\"@id\":\"https:\\\/\\\/ecosupplements.be\\\/fr\\\/produit\\\/natures-way-chlorofresh-liquid-chlorophyll-480-ml-unflavored\\\/#primaryimage\"},\"image\":{\"@id\":\"https:\\\/\\\/ecosupplements.be\\\/fr\\\/produit\\\/natures-way-chlorofresh-liquid-chlorophyll-480-ml-unflavored\\\/#primaryimage\"},\"thumbnailUrl\":\"https:\\\/\\\/ecosupplements.be\\\/wp-content\\\/uploads\\\/2025\\\/08\\\/NW-CHLOROFRESH-LIQUID-480ml_SUPP-1.webp\",\"datePublished\":\"2025-06-24T08:45:47+00:00\",\"dateModified\":\"2025-08-28T01:08:24+00:00\",\"description\":\"Wij hebben een ruime keuze aan producten van Chlorophylle liquide Chlorofresh\u00ae de Natures Way (480 ml, non aromatis\u00e9) . Winkel bij Eco Supplements altijd gratis verzending boven 100\u20ac\",\"breadcrumb\":{\"@id\":\"https:\\\/\\\/ecosupplements.be\\\/fr\\\/produit\\\/natures-way-chlorofresh-liquid-chlorophyll-480-ml-unflavored\\\/#breadcrumb\"},\"inLanguage\":\"fr-FR\",\"potentialAction\":[{\"@type\":\"ReadAction\",\"target\":[\"https:\\\/\\\/ecosupplements.be\\\/fr\\\/produit\\\/natures-way-chlorofresh-liquid-chlorophyll-480-ml-unflavored\\\/\"]}]},{\"@type\":\"ImageObject\",\"inLanguage\":\"fr-FR\",\"@id\":\"https:\\\/\\\/ecosupplements.be\\\/fr\\\/produit\\\/natures-way-chlorofresh-liquid-chlorophyll-480-ml-unflavored\\\/#primaryimage\",\"url\":\"https:\\\/\\\/ecosupplements.be\\\/wp-content\\\/uploads\\\/2025\\\/08\\\/NW-CHLOROFRESH-LIQUID-480ml_SUPP-1.webp\",\"contentUrl\":\"https:\\\/\\\/ecosupplements.be\\\/wp-content\\\/uploads\\\/2025\\\/08\\\/NW-CHLOROFRESH-LIQUID-480ml_SUPP-1.webp\",\"width\":1000,\"height\":1000},{\"@type\":\"BreadcrumbList\",\"@id\":\"https:\\\/\\\/ecosupplements.be\\\/fr\\\/produit\\\/natures-way-chlorofresh-liquid-chlorophyll-480-ml-unflavored\\\/#breadcrumb\",\"itemListElement\":[{\"@type\":\"ListItem\",\"position\":1,\"name\":\"Home\",\"item\":\"https:\\\/\\\/ecosupplements.be\\\/fr\\\/\"},{\"@type\":\"ListItem\",\"position\":2,\"name\":\"Boutique\",\"item\":\"https:\\\/\\\/ecosupplements.be\\\/fr\\\/boutique\\\/\"},{\"@type\":\"ListItem\",\"position\":3,\"name\":\"Chlorophylle liquide Chlorofresh\u00ae de Natures Way (480 ml, non aromatis\u00e9)\"}]},{\"@type\":\"WebSite\",\"@id\":\"https:\\\/\\\/ecosupplements.be\\\/fr\\\/#website\",\"url\":\"https:\\\/\\\/ecosupplements.be\\\/fr\\\/\",\"name\":\"ECO Supplements\",\"description\":\"Eco Supplements - Gezonde supplementen\",\"publisher\":{\"@id\":\"https:\\\/\\\/ecosupplements.be\\\/fr\\\/#organization\"},\"potentialAction\":[{\"@type\":\"SearchAction\",\"target\":{\"@type\":\"EntryPoint\",\"urlTemplate\":\"https:\\\/\\\/ecosupplements.be\\\/fr\\\/?s={search_term_string}\"},\"query-input\":{\"@type\":\"PropertyValueSpecification\",\"valueRequired\":true,\"valueName\":\"search_term_string\"}}],\"inLanguage\":\"fr-FR\"},{\"@type\":\"Organization\",\"@id\":\"https:\\\/\\\/ecosupplements.be\\\/fr\\\/#organization\",\"name\":\"Eco Supplements\",\"url\":\"https:\\\/\\\/ecosupplements.be\\\/fr\\\/\",\"logo\":{\"@type\":\"ImageObject\",\"inLanguage\":\"fr-FR\",\"@id\":\"https:\\\/\\\/ecosupplements.be\\\/fr\\\/#\\\/schema\\\/logo\\\/image\\\/\",\"url\":\"https:\\\/\\\/ecosupplements.be\\\/wp-content\\\/uploads\\\/2022\\\/06\\\/ecosupplement-family.png\",\"contentUrl\":\"https:\\\/\\\/ecosupplements.be\\\/wp-content\\\/uploads\\\/2022\\\/06\\\/ecosupplement-family.png\",\"width\":593,\"height\":374,\"caption\":\"Eco Supplements\"},\"image\":{\"@id\":\"https:\\\/\\\/ecosupplements.be\\\/fr\\\/#\\\/schema\\\/logo\\\/image\\\/\"}}]}<\/script>\n<meta property=\"product:brand\" content=\"Natures Way\" \/>\n<meta property=\"product:price:amount\" content=\"15.40\" \/>\n<meta property=\"product:price:currency\" content=\"EUR\" \/>\n<meta property=\"og:availability\" content=\"instock\" \/>\n<meta property=\"product:availability\" content=\"instock\" \/>\n<meta property=\"product:retailer_item_id\" content=\"358008035020\" \/>\n<meta property=\"product:condition\" content=\"new\" \/>\n<!-- \/ Yoast SEO Premium plugin. -->","yoast_head_json":{"title":"Chlorophylle liquide Chlorofresh\u00ae de Natures Way (480 ml, non aromatis\u00e9) - ECO Supplements","description":"Wij hebben een ruime keuze aan producten van Chlorophylle liquide Chlorofresh\u00ae de Natures Way (480 ml, non aromatis\u00e9) . Winkel bij Eco Supplements altijd gratis verzending boven 100\u20ac","robots":{"index":"index","follow":"follow","max-snippet":"max-snippet:-1","max-image-preview":"max-image-preview:large","max-video-preview":"max-video-preview:-1"},"canonical":"https:\/\/ecosupplements.be\/fr\/produit\/natures-way-chlorofresh-liquid-chlorophyll-480-ml-unflavored\/","og_locale":"fr_FR","og_type":"article","og_title":"Chlorophylle liquide Chlorofresh\u00ae de Natures Way (480 ml, non aromatis\u00e9)","og_description":"Wij hebben een ruime keuze aan producten van Chlorophylle liquide Chlorofresh\u00ae de Natures Way (480 ml, non aromatis\u00e9) . Winkel bij Eco Supplements altijd gratis verzending boven 100\u20ac","og_url":"https:\/\/ecosupplements.be\/fr\/produit\/natures-way-chlorofresh-liquid-chlorophyll-480-ml-unflavored\/","og_site_name":"ECO Supplements","article_modified_time":"2025-08-28T01:08:24+00:00","og_image":[{"width":1000,"height":1000,"url":"https:\/\/ecosupplements.be\/wp-content\/uploads\/2025\/08\/Natures-Way-Natures-Way-Chlorofresh\u00ae-Liquid-Chlorophyll-480-ml-Unflavored.webp","type":"image\/webp"}],"twitter_card":"summary_large_image","twitter_misc":{"Prix":"15.40&nbsp;&euro;","Disponibilit\u00e9":"En stock"},"schema":{"@context":"https:\/\/schema.org","@graph":[{"@type":["WebPage","ItemPage"],"@id":"https:\/\/ecosupplements.be\/fr\/produit\/natures-way-chlorofresh-liquid-chlorophyll-480-ml-unflavored\/","url":"https:\/\/ecosupplements.be\/fr\/produit\/natures-way-chlorofresh-liquid-chlorophyll-480-ml-unflavored\/","name":"Chlorophylle liquide Chlorofresh\u00ae de Natures Way (480 ml, non aromatis\u00e9) - ECO Supplements","isPartOf":{"@id":"https:\/\/ecosupplements.be\/fr\/#website"},"primaryImageOfPage":{"@id":"https:\/\/ecosupplements.be\/fr\/produit\/natures-way-chlorofresh-liquid-chlorophyll-480-ml-unflavored\/#primaryimage"},"image":{"@id":"https:\/\/ecosupplements.be\/fr\/produit\/natures-way-chlorofresh-liquid-chlorophyll-480-ml-unflavored\/#primaryimage"},"thumbnailUrl":"https:\/\/ecosupplements.be\/wp-content\/uploads\/2025\/08\/NW-CHLOROFRESH-LIQUID-480ml_SUPP-1.webp","datePublished":"2025-06-24T08:45:47+00:00","dateModified":"2025-08-28T01:08:24+00:00","description":"Wij hebben een ruime keuze aan producten van Chlorophylle liquide Chlorofresh\u00ae de Natures Way (480 ml, non aromatis\u00e9) . Winkel bij Eco Supplements altijd gratis verzending boven 100\u20ac","breadcrumb":{"@id":"https:\/\/ecosupplements.be\/fr\/produit\/natures-way-chlorofresh-liquid-chlorophyll-480-ml-unflavored\/#breadcrumb"},"inLanguage":"fr-FR","potentialAction":[{"@type":"ReadAction","target":["https:\/\/ecosupplements.be\/fr\/produit\/natures-way-chlorofresh-liquid-chlorophyll-480-ml-unflavored\/"]}]},{"@type":"ImageObject","inLanguage":"fr-FR","@id":"https:\/\/ecosupplements.be\/fr\/produit\/natures-way-chlorofresh-liquid-chlorophyll-480-ml-unflavored\/#primaryimage","url":"https:\/\/ecosupplements.be\/wp-content\/uploads\/2025\/08\/NW-CHLOROFRESH-LIQUID-480ml_SUPP-1.webp","contentUrl":"https:\/\/ecosupplements.be\/wp-content\/uploads\/2025\/08\/NW-CHLOROFRESH-LIQUID-480ml_SUPP-1.webp","width":1000,"height":1000},{"@type":"BreadcrumbList","@id":"https:\/\/ecosupplements.be\/fr\/produit\/natures-way-chlorofresh-liquid-chlorophyll-480-ml-unflavored\/#breadcrumb","itemListElement":[{"@type":"ListItem","position":1,"name":"Home","item":"https:\/\/ecosupplements.be\/fr\/"},{"@type":"ListItem","position":2,"name":"Boutique","item":"https:\/\/ecosupplements.be\/fr\/boutique\/"},{"@type":"ListItem","position":3,"name":"Chlorophylle liquide Chlorofresh\u00ae de Natures Way (480 ml, non aromatis\u00e9)"}]},{"@type":"WebSite","@id":"https:\/\/ecosupplements.be\/fr\/#website","url":"https:\/\/ecosupplements.be\/fr\/","name":"ECO Supplements","description":"Eco Supplements - Gezonde supplementen","publisher":{"@id":"https:\/\/ecosupplements.be\/fr\/#organization"},"potentialAction":[{"@type":"SearchAction","target":{"@type":"EntryPoint","urlTemplate":"https:\/\/ecosupplements.be\/fr\/?s={search_term_string}"},"query-input":{"@type":"PropertyValueSpecification","valueRequired":true,"valueName":"search_term_string"}}],"inLanguage":"fr-FR"},{"@type":"Organization","@id":"https:\/\/ecosupplements.be\/fr\/#organization","name":"Eco Supplements","url":"https:\/\/ecosupplements.be\/fr\/","logo":{"@type":"ImageObject","inLanguage":"fr-FR","@id":"https:\/\/ecosupplements.be\/fr\/#\/schema\/logo\/image\/","url":"https:\/\/ecosupplements.be\/wp-content\/uploads\/2022\/06\/ecosupplement-family.png","contentUrl":"https:\/\/ecosupplements.be\/wp-content\/uploads\/2022\/06\/ecosupplement-family.png","width":593,"height":374,"caption":"Eco Supplements"},"image":{"@id":"https:\/\/ecosupplements.be\/fr\/#\/schema\/logo\/image\/"}}]},"product_brand":"Natures Way","product_price_amount":"15.40","product_price_currency":"EUR","og_availability":"instock","product_availability":"instock","product_retailer_item_id":"358008035020","product_condition":"new"},"_links":{"self":[{"href":"https:\/\/ecosupplements.be\/fr\/wp-json\/wp\/v2\/product\/298807","targetHints":{"allow":["GET"]}}],"collection":[{"href":"https:\/\/ecosupplements.be\/fr\/wp-json\/wp\/v2\/product"}],"about":[{"href":"https:\/\/ecosupplements.be\/fr\/wp-json\/wp\/v2\/types\/product"}],"replies":[{"embeddable":true,"href":"https:\/\/ecosupplements.be\/fr\/wp-json\/wp\/v2\/comments?post=298807"}],"wp:featuredmedia":[{"embeddable":true,"href":"https:\/\/ecosupplements.be\/fr\/wp-json\/wp\/v2\/media\/272354"}],"wp:attachment":[{"href":"https:\/\/ecosupplements.be\/fr\/wp-json\/wp\/v2\/media?parent=298807"}],"wp:term":[{"taxonomy":"product_brand","embeddable":true,"href":"https:\/\/ecosupplements.be\/fr\/wp-json\/wp\/v2\/product_brand?post=298807"},{"taxonomy":"product_cat","embeddable":true,"href":"https:\/\/ecosupplements.be\/fr\/wp-json\/wp\/v2\/product_cat?post=298807"},{"taxonomy":"product_tag","embeddable":true,"href":"https:\/\/ecosupplements.be\/fr\/wp-json\/wp\/v2\/product_tag?post=298807"}],"curies":[{"name":"wp","href":"https:\/\/api.w.org\/{rel}","templated":true}]}}