{"id":298891,"date":"2025-06-24T10:46:08","date_gmt":"2025-06-24T09:46:08","guid":{"rendered":"https:\/\/ecosupplements.be\/product\/natures-way-resveratrol-forte-60-softgels\/"},"modified":"2025-08-28T02:09:43","modified_gmt":"2025-08-28T01:09:43","slug":"natures-way-resveratrol-forte-60-softgels","status":"publish","type":"product","link":"https:\/\/ecosupplements.be\/fr\/produit\/natures-way-resveratrol-forte-60-softgels\/","title":{"rendered":"Resv\u00e9ratrol-Forte\u00ae de Nature&#8217;s Way (60 capsules molles)"},"content":{"rendered":"<h2>Natures Way Resveratrol-Forte\u00ae (60 Softgels)<\/h2>\n<p>D\u00e9couvrez le choix naturel pour votre quotidien avec les softgels Natures Way Resveratrol-Forte\u00ae. Ce produit de haute qualit\u00e9 est con\u00e7u pour s&#8217;int\u00e9grer harmonieusement \u00e0 un mode de vie actif et \u00e9quilibr\u00e9, sans pr\u00e9tendre \u00e0 des effets sur la sant\u00e9.<\/p>\n<h3>Composition<\/h3>\n<p>Ces softgels sont formul\u00e9s \u00e0 partir d&#8217;ingr\u00e9dients d&#8217;origine naturelle, s\u00e9lectionn\u00e9s pour leur puret\u00e9 et leur qualit\u00e9.Le resv\u00e9ratrol, un composant bien connu trouv\u00e9 dans certaines plantes, est au c\u0153ur de cette formulation.<\/p>\n<h3>Contenu et Emballage<\/h3>\n<p>Le produit est pr\u00e9sent\u00e9 dans un emballage contenant 60 softgels, con\u00e7u pour \u00eatre pratique et facile \u00e0 utiliser au quotidien.<\/p>\n<h3>Utilisation<\/h3>\n<p>Pour une utilisation optimale, suivre les indications sur l&#8217;emballage ou consulter les recommandations d&#8217;un professionnel. Ces softgels sont faciles \u00e0 int\u00e9grer dans votre routine journali\u00e8re.<\/p>\n<h3>Caract\u00e9ristiques Pratiques<\/h3>\n<p>Avec leur format softgel facile \u00e0 avaler, ces compl\u00e9ments sont parfaits pour ceux qui recherchent une solution pratique sans compromis sur la qualit\u00e9. Ils s&#8217;int\u00e8grent ais\u00e9ment dans toute routine bien-\u00eatre quotidienne.<\/p>\n<p>Natures Way Resveratrol-Forte\u00ae est id\u00e9al pour ceux qui appr\u00e9cient les produits issus de sources naturelles et qui souhaitent maintenir un style de vie dynamique et \u00e9quilibr\u00e9.<\/p>\n","protected":false},"excerpt":{"rendered":"<p>Natures Way Resveratrol-Forte\u00ae (60 Softgels) D\u00e9couvrez le choix naturel pour votre quotidien avec les softgels Natures Way Resveratrol-Forte\u00ae. Ce produit de haute qualit\u00e9 est con\u00e7u pour s&#8217;int\u00e9grer harmonieusement \u00e0 un mode de vie actif et \u00e9quilibr\u00e9, sans pr\u00e9tendre \u00e0 des effets sur la sant\u00e9. Composition Ces softgels sont formul\u00e9s \u00e0 partir d&#8217;ingr\u00e9dients d&#8217;origine naturelle, s\u00e9lectionn\u00e9s [&#8230;]\n","protected":false},"featured_media":298892,"comment_status":"closed","ping_status":"open","template":"","meta":[],"product_brand":[5306],"product_cat":[5052],"product_tag":[],"class_list":{"0":"post-298891","1":"product","2":"type-product","3":"status-publish","4":"has-post-thumbnail","6":"product_brand-natures-way-2","7":"product_cat-sante-et-bien-etre","9":"first","10":"instock","11":"taxable","12":"shipping-taxable","13":"purchasable","14":"product-type-simple"},"yoast_head":"<!-- This site is optimized with the Yoast SEO Premium plugin v27.3 (Yoast SEO v27.3) - https:\/\/yoast.com\/product\/yoast-seo-premium-wordpress\/ -->\n<title>Resv\u00e9ratrol-Forte\u00ae de Nature&#039;s Way (60 capsules molles) - ECO Supplements<\/title>\n<meta name=\"description\" content=\"Wij hebben een ruime keuze aan producten van Resv\u00e9ratrol-Forte\u00ae de Nature&#039;s Way (60 capsules molles) . Winkel bij Eco Supplements altijd gratis verzending boven 100\u20ac\" \/>\n<meta name=\"robots\" content=\"index, follow, max-snippet:-1, max-image-preview:large, max-video-preview:-1\" \/>\n<link rel=\"canonical\" href=\"https:\/\/ecosupplements.be\/fr\/produit\/natures-way-resveratrol-forte-60-softgels\/\" \/>\n<meta property=\"og:locale\" content=\"fr_FR\" \/>\n<meta property=\"og:type\" content=\"article\" \/>\n<meta property=\"og:title\" content=\"Resv\u00e9ratrol-Forte\u00ae de Nature&#039;s Way (60 capsules molles)\" \/>\n<meta property=\"og:description\" content=\"Wij hebben een ruime keuze aan producten van Resv\u00e9ratrol-Forte\u00ae de Nature&#039;s Way (60 capsules molles) . Winkel bij Eco Supplements altijd gratis verzending boven 100\u20ac\" \/>\n<meta property=\"og:url\" content=\"https:\/\/ecosupplements.be\/fr\/produit\/natures-way-resveratrol-forte-60-softgels\/\" \/>\n<meta property=\"og:site_name\" content=\"ECO Supplements\" \/>\n<meta property=\"article:modified_time\" content=\"2025-08-28T01:09:43+00:00\" \/>\n<meta property=\"og:image\" content=\"https:\/\/ecosupplements.be\/wp-content\/uploads\/2025\/08\/Natures-Way-Natures-Way-Resveratrol-Forte\u00ae-60-Softgels.webp\" \/>\n\t<meta property=\"og:image:width\" content=\"1000\" \/>\n\t<meta property=\"og:image:height\" content=\"1000\" \/>\n\t<meta property=\"og:image:type\" content=\"image\/webp\" \/>\n<meta name=\"twitter:card\" content=\"summary_large_image\" \/>\n<meta name=\"twitter:label1\" content=\"Prix\" \/>\n\t<meta name=\"twitter:data1\" content=\"43.26&nbsp;&euro;\" \/>\n\t<meta name=\"twitter:label2\" content=\"Disponibilit\u00e9\" \/>\n\t<meta name=\"twitter:data2\" content=\"En stock\" \/>\n<script type=\"application\/ld+json\" class=\"yoast-schema-graph\">{\"@context\":\"https:\\\/\\\/schema.org\",\"@graph\":[{\"@type\":[\"WebPage\",\"ItemPage\"],\"@id\":\"https:\\\/\\\/ecosupplements.be\\\/fr\\\/produit\\\/natures-way-resveratrol-forte-60-softgels\\\/\",\"url\":\"https:\\\/\\\/ecosupplements.be\\\/fr\\\/produit\\\/natures-way-resveratrol-forte-60-softgels\\\/\",\"name\":\"Resv\u00e9ratrol-Forte\u00ae de Nature's Way (60 capsules molles) - ECO Supplements\",\"isPartOf\":{\"@id\":\"https:\\\/\\\/ecosupplements.be\\\/fr\\\/#website\"},\"primaryImageOfPage\":{\"@id\":\"https:\\\/\\\/ecosupplements.be\\\/fr\\\/produit\\\/natures-way-resveratrol-forte-60-softgels\\\/#primaryimage\"},\"image\":{\"@id\":\"https:\\\/\\\/ecosupplements.be\\\/fr\\\/produit\\\/natures-way-resveratrol-forte-60-softgels\\\/#primaryimage\"},\"thumbnailUrl\":\"https:\\\/\\\/ecosupplements.be\\\/wp-content\\\/uploads\\\/2025\\\/08\\\/Natures-Way-Natures-Way-Resveratrol-Forte\u00ae-60-Softgels.webp\",\"datePublished\":\"2025-06-24T09:46:08+00:00\",\"dateModified\":\"2025-08-28T01:09:43+00:00\",\"description\":\"Wij hebben een ruime keuze aan producten van Resv\u00e9ratrol-Forte\u00ae de Nature's Way (60 capsules molles) . Winkel bij Eco Supplements altijd gratis verzending boven 100\u20ac\",\"breadcrumb\":{\"@id\":\"https:\\\/\\\/ecosupplements.be\\\/fr\\\/produit\\\/natures-way-resveratrol-forte-60-softgels\\\/#breadcrumb\"},\"inLanguage\":\"fr-FR\",\"potentialAction\":[{\"@type\":\"ReadAction\",\"target\":[\"https:\\\/\\\/ecosupplements.be\\\/fr\\\/produit\\\/natures-way-resveratrol-forte-60-softgels\\\/\"]}]},{\"@type\":\"ImageObject\",\"inLanguage\":\"fr-FR\",\"@id\":\"https:\\\/\\\/ecosupplements.be\\\/fr\\\/produit\\\/natures-way-resveratrol-forte-60-softgels\\\/#primaryimage\",\"url\":\"https:\\\/\\\/ecosupplements.be\\\/wp-content\\\/uploads\\\/2025\\\/08\\\/Natures-Way-Natures-Way-Resveratrol-Forte\u00ae-60-Softgels.webp\",\"contentUrl\":\"https:\\\/\\\/ecosupplements.be\\\/wp-content\\\/uploads\\\/2025\\\/08\\\/Natures-Way-Natures-Way-Resveratrol-Forte\u00ae-60-Softgels.webp\",\"width\":1000,\"height\":1000},{\"@type\":\"BreadcrumbList\",\"@id\":\"https:\\\/\\\/ecosupplements.be\\\/fr\\\/produit\\\/natures-way-resveratrol-forte-60-softgels\\\/#breadcrumb\",\"itemListElement\":[{\"@type\":\"ListItem\",\"position\":1,\"name\":\"Home\",\"item\":\"https:\\\/\\\/ecosupplements.be\\\/fr\\\/\"},{\"@type\":\"ListItem\",\"position\":2,\"name\":\"Boutique\",\"item\":\"https:\\\/\\\/ecosupplements.be\\\/fr\\\/boutique\\\/\"},{\"@type\":\"ListItem\",\"position\":3,\"name\":\"Resv\u00e9ratrol-Forte\u00ae de Nature&#8217;s Way (60 capsules molles)\"}]},{\"@type\":\"WebSite\",\"@id\":\"https:\\\/\\\/ecosupplements.be\\\/fr\\\/#website\",\"url\":\"https:\\\/\\\/ecosupplements.be\\\/fr\\\/\",\"name\":\"ECO Supplements\",\"description\":\"Eco Supplements - Gezonde supplementen\",\"publisher\":{\"@id\":\"https:\\\/\\\/ecosupplements.be\\\/fr\\\/#organization\"},\"potentialAction\":[{\"@type\":\"SearchAction\",\"target\":{\"@type\":\"EntryPoint\",\"urlTemplate\":\"https:\\\/\\\/ecosupplements.be\\\/fr\\\/?s={search_term_string}\"},\"query-input\":{\"@type\":\"PropertyValueSpecification\",\"valueRequired\":true,\"valueName\":\"search_term_string\"}}],\"inLanguage\":\"fr-FR\"},{\"@type\":\"Organization\",\"@id\":\"https:\\\/\\\/ecosupplements.be\\\/fr\\\/#organization\",\"name\":\"Eco Supplements\",\"url\":\"https:\\\/\\\/ecosupplements.be\\\/fr\\\/\",\"logo\":{\"@type\":\"ImageObject\",\"inLanguage\":\"fr-FR\",\"@id\":\"https:\\\/\\\/ecosupplements.be\\\/fr\\\/#\\\/schema\\\/logo\\\/image\\\/\",\"url\":\"https:\\\/\\\/ecosupplements.be\\\/wp-content\\\/uploads\\\/2022\\\/06\\\/ecosupplement-family.png\",\"contentUrl\":\"https:\\\/\\\/ecosupplements.be\\\/wp-content\\\/uploads\\\/2022\\\/06\\\/ecosupplement-family.png\",\"width\":593,\"height\":374,\"caption\":\"Eco Supplements\"},\"image\":{\"@id\":\"https:\\\/\\\/ecosupplements.be\\\/fr\\\/#\\\/schema\\\/logo\\\/image\\\/\"}}]}<\/script>\n<meta property=\"product:brand\" content=\"Natures Way\" \/>\n<meta property=\"product:price:amount\" content=\"43.26\" \/>\n<meta property=\"product:price:currency\" content=\"EUR\" \/>\n<meta property=\"og:availability\" content=\"instock\" \/>\n<meta property=\"product:availability\" content=\"instock\" \/>\n<meta property=\"product:retailer_item_id\" content=\"763948058365\" \/>\n<meta property=\"product:condition\" content=\"new\" \/>\n<!-- \/ Yoast SEO Premium plugin. -->","yoast_head_json":{"title":"Resv\u00e9ratrol-Forte\u00ae de Nature's Way (60 capsules molles) - ECO Supplements","description":"Wij hebben een ruime keuze aan producten van Resv\u00e9ratrol-Forte\u00ae de Nature's Way (60 capsules molles) . Winkel bij Eco Supplements altijd gratis verzending boven 100\u20ac","robots":{"index":"index","follow":"follow","max-snippet":"max-snippet:-1","max-image-preview":"max-image-preview:large","max-video-preview":"max-video-preview:-1"},"canonical":"https:\/\/ecosupplements.be\/fr\/produit\/natures-way-resveratrol-forte-60-softgels\/","og_locale":"fr_FR","og_type":"article","og_title":"Resv\u00e9ratrol-Forte\u00ae de Nature's Way (60 capsules molles)","og_description":"Wij hebben een ruime keuze aan producten van Resv\u00e9ratrol-Forte\u00ae de Nature's Way (60 capsules molles) . Winkel bij Eco Supplements altijd gratis verzending boven 100\u20ac","og_url":"https:\/\/ecosupplements.be\/fr\/produit\/natures-way-resveratrol-forte-60-softgels\/","og_site_name":"ECO Supplements","article_modified_time":"2025-08-28T01:09:43+00:00","og_image":[{"width":1000,"height":1000,"url":"https:\/\/ecosupplements.be\/wp-content\/uploads\/2025\/08\/Natures-Way-Natures-Way-Resveratrol-Forte\u00ae-60-Softgels.webp","type":"image\/webp"}],"twitter_card":"summary_large_image","twitter_misc":{"Prix":"43.26&nbsp;&euro;","Disponibilit\u00e9":"En stock"},"schema":{"@context":"https:\/\/schema.org","@graph":[{"@type":["WebPage","ItemPage"],"@id":"https:\/\/ecosupplements.be\/fr\/produit\/natures-way-resveratrol-forte-60-softgels\/","url":"https:\/\/ecosupplements.be\/fr\/produit\/natures-way-resveratrol-forte-60-softgels\/","name":"Resv\u00e9ratrol-Forte\u00ae de Nature's Way (60 capsules molles) - ECO Supplements","isPartOf":{"@id":"https:\/\/ecosupplements.be\/fr\/#website"},"primaryImageOfPage":{"@id":"https:\/\/ecosupplements.be\/fr\/produit\/natures-way-resveratrol-forte-60-softgels\/#primaryimage"},"image":{"@id":"https:\/\/ecosupplements.be\/fr\/produit\/natures-way-resveratrol-forte-60-softgels\/#primaryimage"},"thumbnailUrl":"https:\/\/ecosupplements.be\/wp-content\/uploads\/2025\/08\/Natures-Way-Natures-Way-Resveratrol-Forte\u00ae-60-Softgels.webp","datePublished":"2025-06-24T09:46:08+00:00","dateModified":"2025-08-28T01:09:43+00:00","description":"Wij hebben een ruime keuze aan producten van Resv\u00e9ratrol-Forte\u00ae de Nature's Way (60 capsules molles) . Winkel bij Eco Supplements altijd gratis verzending boven 100\u20ac","breadcrumb":{"@id":"https:\/\/ecosupplements.be\/fr\/produit\/natures-way-resveratrol-forte-60-softgels\/#breadcrumb"},"inLanguage":"fr-FR","potentialAction":[{"@type":"ReadAction","target":["https:\/\/ecosupplements.be\/fr\/produit\/natures-way-resveratrol-forte-60-softgels\/"]}]},{"@type":"ImageObject","inLanguage":"fr-FR","@id":"https:\/\/ecosupplements.be\/fr\/produit\/natures-way-resveratrol-forte-60-softgels\/#primaryimage","url":"https:\/\/ecosupplements.be\/wp-content\/uploads\/2025\/08\/Natures-Way-Natures-Way-Resveratrol-Forte\u00ae-60-Softgels.webp","contentUrl":"https:\/\/ecosupplements.be\/wp-content\/uploads\/2025\/08\/Natures-Way-Natures-Way-Resveratrol-Forte\u00ae-60-Softgels.webp","width":1000,"height":1000},{"@type":"BreadcrumbList","@id":"https:\/\/ecosupplements.be\/fr\/produit\/natures-way-resveratrol-forte-60-softgels\/#breadcrumb","itemListElement":[{"@type":"ListItem","position":1,"name":"Home","item":"https:\/\/ecosupplements.be\/fr\/"},{"@type":"ListItem","position":2,"name":"Boutique","item":"https:\/\/ecosupplements.be\/fr\/boutique\/"},{"@type":"ListItem","position":3,"name":"Resv\u00e9ratrol-Forte\u00ae de Nature&#8217;s Way (60 capsules molles)"}]},{"@type":"WebSite","@id":"https:\/\/ecosupplements.be\/fr\/#website","url":"https:\/\/ecosupplements.be\/fr\/","name":"ECO Supplements","description":"Eco Supplements - Gezonde supplementen","publisher":{"@id":"https:\/\/ecosupplements.be\/fr\/#organization"},"potentialAction":[{"@type":"SearchAction","target":{"@type":"EntryPoint","urlTemplate":"https:\/\/ecosupplements.be\/fr\/?s={search_term_string}"},"query-input":{"@type":"PropertyValueSpecification","valueRequired":true,"valueName":"search_term_string"}}],"inLanguage":"fr-FR"},{"@type":"Organization","@id":"https:\/\/ecosupplements.be\/fr\/#organization","name":"Eco Supplements","url":"https:\/\/ecosupplements.be\/fr\/","logo":{"@type":"ImageObject","inLanguage":"fr-FR","@id":"https:\/\/ecosupplements.be\/fr\/#\/schema\/logo\/image\/","url":"https:\/\/ecosupplements.be\/wp-content\/uploads\/2022\/06\/ecosupplement-family.png","contentUrl":"https:\/\/ecosupplements.be\/wp-content\/uploads\/2022\/06\/ecosupplement-family.png","width":593,"height":374,"caption":"Eco Supplements"},"image":{"@id":"https:\/\/ecosupplements.be\/fr\/#\/schema\/logo\/image\/"}}]},"product_brand":"Natures Way","product_price_amount":"43.26","product_price_currency":"EUR","og_availability":"instock","product_availability":"instock","product_retailer_item_id":"763948058365","product_condition":"new"},"_links":{"self":[{"href":"https:\/\/ecosupplements.be\/fr\/wp-json\/wp\/v2\/product\/298891","targetHints":{"allow":["GET"]}}],"collection":[{"href":"https:\/\/ecosupplements.be\/fr\/wp-json\/wp\/v2\/product"}],"about":[{"href":"https:\/\/ecosupplements.be\/fr\/wp-json\/wp\/v2\/types\/product"}],"replies":[{"embeddable":true,"href":"https:\/\/ecosupplements.be\/fr\/wp-json\/wp\/v2\/comments?post=298891"}],"wp:featuredmedia":[{"embeddable":true,"href":"https:\/\/ecosupplements.be\/fr\/wp-json\/wp\/v2\/media\/298892"}],"wp:attachment":[{"href":"https:\/\/ecosupplements.be\/fr\/wp-json\/wp\/v2\/media?parent=298891"}],"wp:term":[{"taxonomy":"product_brand","embeddable":true,"href":"https:\/\/ecosupplements.be\/fr\/wp-json\/wp\/v2\/product_brand?post=298891"},{"taxonomy":"product_cat","embeddable":true,"href":"https:\/\/ecosupplements.be\/fr\/wp-json\/wp\/v2\/product_cat?post=298891"},{"taxonomy":"product_tag","embeddable":true,"href":"https:\/\/ecosupplements.be\/fr\/wp-json\/wp\/v2\/product_tag?post=298891"}],"curies":[{"name":"wp","href":"https:\/\/api.w.org\/{rel}","templated":true}]}}