{"id":298911,"date":"2025-06-25T22:31:04","date_gmt":"2025-06-25T21:31:04","guid":{"rendered":"https:\/\/ecosupplements.be\/product\/natures-way-sambucus-kids-immune-chewable-40-chewables\/"},"modified":"2025-08-28T02:10:02","modified_gmt":"2025-08-28T01:10:02","slug":"natures-way-sambucus-kids-immune-chewable-40-chewables","status":"publish","type":"product","link":"https:\/\/ecosupplements.be\/fr\/produit\/natures-way-sambucus-kids-immune-chewable-40-chewables\/","title":{"rendered":"Comprim\u00e9s \u00e0 m\u00e2cher pour renforcer l&#8217;immunit\u00e9 des enfants Sambucus de Nature&#8217;s Way (40 comprim\u00e9s \u00e0 m\u00e2cher)"},"content":{"rendered":"<h2>Description du Produit<\/h2>\n<p><strong>Nom du produit :<\/strong> Natures Way Sambucus Kids Immune Chewable (40 Chewables)<\/p>\n<p>Ce compl\u00e9ment est con\u00e7u pour s&#8217;int\u00e9grer harmonieusement dans le quotidien.Chaque comprim\u00e9 \u00e0 croquer offre une exp\u00e9rience agr\u00e9able gr\u00e2ce \u00e0 son go\u00fbt naturellement doux, rendant leur utilisation quotidienne simple et plaisante.<\/p>\n<h3>Ingr\u00e9dients principaux<\/h3>\n<p>Les comprim\u00e9s contiennent des extraits de plantes soigneusement s\u00e9lectionn\u00e9s pour leur puret\u00e9 et leur origine naturelle. Bien que nous ne faisions aucune all\u00e9gation sur les effets de ces ingr\u00e9dients, nous nous engageons \u00e0 fournir des produits de haute qualit\u00e9.<\/p>\n<h3>Contenu et emballage<\/h3>\n<p>Cette bo\u00eete contient 40 comprim\u00e9s \u00e0 croquer, emball\u00e9s pour maintenir la fra\u00eecheur et la qualit\u00e9 du produit.<\/p>\n<h3>Utilisation<\/h3>\n<p>Suivez les instructions sur l&#8217;emballage pour une utilisation optimale. Les comprim\u00e9s sont faciles \u00e0 prendre, sans n\u00e9cessit\u00e9 de pr\u00e9paration suppl\u00e9mentaire.<\/p>\n<h3>Caract\u00e9ristiques pratiques<\/h3>\n<p>avec un format pratique et un go\u00fbt appr\u00e9ci\u00e9,ces comprim\u00e9s sont un choix id\u00e9al pour ceux qui cherchent une option simple et naturelle dans leur routine quotidienne.<\/p>\n<p>Ce produit est un excellent choix pour ceux qui valorisent les ingr\u00e9dients d&#8217;origine naturelle dans un mode de vie actif et \u00e9quilibr\u00e9.<\/p>\n","protected":false},"excerpt":{"rendered":"<p>Description du Produit Nom du produit : Natures Way Sambucus Kids Immune Chewable (40 Chewables) Ce compl\u00e9ment est con\u00e7u pour s&#8217;int\u00e9grer harmonieusement dans le quotidien.Chaque comprim\u00e9 \u00e0 croquer offre une exp\u00e9rience agr\u00e9able gr\u00e2ce \u00e0 son go\u00fbt naturellement doux, rendant leur utilisation quotidienne simple et plaisante. Ingr\u00e9dients principaux Les comprim\u00e9s contiennent des extraits de plantes soigneusement [&#8230;]\n","protected":false},"featured_media":273074,"comment_status":"closed","ping_status":"open","template":"","meta":[],"product_brand":[5306],"product_cat":[5052],"product_tag":[],"class_list":{"0":"post-298911","1":"product","2":"type-product","3":"status-publish","4":"has-post-thumbnail","6":"product_brand-natures-way-2","7":"product_cat-sante-et-bien-etre","9":"first","10":"instock","11":"taxable","12":"shipping-taxable","13":"purchasable","14":"product-type-simple"},"yoast_head":"<!-- This site is optimized with the Yoast SEO Premium plugin v27.3 (Yoast SEO v27.3) - https:\/\/yoast.com\/product\/yoast-seo-premium-wordpress\/ -->\n<title>Comprim\u00e9s \u00e0 m\u00e2cher pour renforcer l&#039;immunit\u00e9 des enfants Sambucus de Nature&#039;s Way (40 comprim\u00e9s \u00e0 m\u00e2cher) - ECO Supplements<\/title>\n<meta name=\"description\" content=\"Wij hebben een ruime keuze aan producten van Comprim\u00e9s \u00e0 m\u00e2cher pour renforcer l&#039;immunit\u00e9 des enfants Sambucus de Nature&#039;s Way (40 comprim\u00e9s \u00e0 m\u00e2cher) . Winkel bij Eco Supplements altijd gratis verzending boven 100\u20ac\" \/>\n<meta name=\"robots\" content=\"index, follow, max-snippet:-1, max-image-preview:large, max-video-preview:-1\" \/>\n<link rel=\"canonical\" href=\"https:\/\/ecosupplements.be\/fr\/produit\/natures-way-sambucus-kids-immune-chewable-40-chewables\/\" \/>\n<meta property=\"og:locale\" content=\"fr_FR\" \/>\n<meta property=\"og:type\" content=\"article\" \/>\n<meta property=\"og:title\" content=\"Comprim\u00e9s \u00e0 m\u00e2cher pour renforcer l&#039;immunit\u00e9 des enfants Sambucus de Nature&#039;s Way (40 comprim\u00e9s \u00e0 m\u00e2cher)\" \/>\n<meta property=\"og:description\" content=\"Wij hebben een ruime keuze aan producten van Comprim\u00e9s \u00e0 m\u00e2cher pour renforcer l&#039;immunit\u00e9 des enfants Sambucus de Nature&#039;s Way (40 comprim\u00e9s \u00e0 m\u00e2cher) . Winkel bij Eco Supplements altijd gratis verzending boven 100\u20ac\" \/>\n<meta property=\"og:url\" content=\"https:\/\/ecosupplements.be\/fr\/produit\/natures-way-sambucus-kids-immune-chewable-40-chewables\/\" \/>\n<meta property=\"og:site_name\" content=\"ECO Supplements\" \/>\n<meta property=\"article:modified_time\" content=\"2025-08-28T01:10:02+00:00\" \/>\n<meta property=\"og:image\" content=\"https:\/\/ecosupplements.be\/wp-content\/uploads\/2025\/08\/NW-SAMBUCUS-KIDS-CHEWABLE-40tab_SUPP.webp\" \/>\n\t<meta property=\"og:image:width\" content=\"1000\" \/>\n\t<meta property=\"og:image:height\" content=\"1000\" \/>\n\t<meta property=\"og:image:type\" content=\"image\/webp\" \/>\n<meta name=\"twitter:card\" content=\"summary_large_image\" \/>\n<meta name=\"twitter:label1\" content=\"Prix\" \/>\n\t<meta name=\"twitter:data1\" content=\"17.10&nbsp;&euro;\" \/>\n\t<meta name=\"twitter:label2\" content=\"Disponibilit\u00e9\" \/>\n\t<meta name=\"twitter:data2\" content=\"En stock\" \/>\n<script type=\"application\/ld+json\" class=\"yoast-schema-graph\">{\"@context\":\"https:\\\/\\\/schema.org\",\"@graph\":[{\"@type\":[\"WebPage\",\"ItemPage\"],\"@id\":\"https:\\\/\\\/ecosupplements.be\\\/fr\\\/produit\\\/natures-way-sambucus-kids-immune-chewable-40-chewables\\\/\",\"url\":\"https:\\\/\\\/ecosupplements.be\\\/fr\\\/produit\\\/natures-way-sambucus-kids-immune-chewable-40-chewables\\\/\",\"name\":\"Comprim\u00e9s \u00e0 m\u00e2cher pour renforcer l'immunit\u00e9 des enfants Sambucus de Nature's Way (40 comprim\u00e9s \u00e0 m\u00e2cher) - ECO Supplements\",\"isPartOf\":{\"@id\":\"https:\\\/\\\/ecosupplements.be\\\/fr\\\/#website\"},\"primaryImageOfPage\":{\"@id\":\"https:\\\/\\\/ecosupplements.be\\\/fr\\\/produit\\\/natures-way-sambucus-kids-immune-chewable-40-chewables\\\/#primaryimage\"},\"image\":{\"@id\":\"https:\\\/\\\/ecosupplements.be\\\/fr\\\/produit\\\/natures-way-sambucus-kids-immune-chewable-40-chewables\\\/#primaryimage\"},\"thumbnailUrl\":\"https:\\\/\\\/ecosupplements.be\\\/wp-content\\\/uploads\\\/2025\\\/08\\\/NW-SAMBUCUS-KIDS-CHEWABLE-40tab_SUPP.webp\",\"datePublished\":\"2025-06-25T21:31:04+00:00\",\"dateModified\":\"2025-08-28T01:10:02+00:00\",\"description\":\"Wij hebben een ruime keuze aan producten van Comprim\u00e9s \u00e0 m\u00e2cher pour renforcer l'immunit\u00e9 des enfants Sambucus de Nature's Way (40 comprim\u00e9s \u00e0 m\u00e2cher) . Winkel bij Eco Supplements altijd gratis verzending boven 100\u20ac\",\"breadcrumb\":{\"@id\":\"https:\\\/\\\/ecosupplements.be\\\/fr\\\/produit\\\/natures-way-sambucus-kids-immune-chewable-40-chewables\\\/#breadcrumb\"},\"inLanguage\":\"fr-FR\",\"potentialAction\":[{\"@type\":\"ReadAction\",\"target\":[\"https:\\\/\\\/ecosupplements.be\\\/fr\\\/produit\\\/natures-way-sambucus-kids-immune-chewable-40-chewables\\\/\"]}]},{\"@type\":\"ImageObject\",\"inLanguage\":\"fr-FR\",\"@id\":\"https:\\\/\\\/ecosupplements.be\\\/fr\\\/produit\\\/natures-way-sambucus-kids-immune-chewable-40-chewables\\\/#primaryimage\",\"url\":\"https:\\\/\\\/ecosupplements.be\\\/wp-content\\\/uploads\\\/2025\\\/08\\\/NW-SAMBUCUS-KIDS-CHEWABLE-40tab_SUPP.webp\",\"contentUrl\":\"https:\\\/\\\/ecosupplements.be\\\/wp-content\\\/uploads\\\/2025\\\/08\\\/NW-SAMBUCUS-KIDS-CHEWABLE-40tab_SUPP.webp\",\"width\":1000,\"height\":1000},{\"@type\":\"BreadcrumbList\",\"@id\":\"https:\\\/\\\/ecosupplements.be\\\/fr\\\/produit\\\/natures-way-sambucus-kids-immune-chewable-40-chewables\\\/#breadcrumb\",\"itemListElement\":[{\"@type\":\"ListItem\",\"position\":1,\"name\":\"Home\",\"item\":\"https:\\\/\\\/ecosupplements.be\\\/fr\\\/\"},{\"@type\":\"ListItem\",\"position\":2,\"name\":\"Boutique\",\"item\":\"https:\\\/\\\/ecosupplements.be\\\/fr\\\/boutique\\\/\"},{\"@type\":\"ListItem\",\"position\":3,\"name\":\"Comprim\u00e9s \u00e0 m\u00e2cher pour renforcer l&#8217;immunit\u00e9 des enfants Sambucus de Nature&#8217;s Way (40 comprim\u00e9s \u00e0 m\u00e2cher)\"}]},{\"@type\":\"WebSite\",\"@id\":\"https:\\\/\\\/ecosupplements.be\\\/fr\\\/#website\",\"url\":\"https:\\\/\\\/ecosupplements.be\\\/fr\\\/\",\"name\":\"ECO Supplements\",\"description\":\"Eco Supplements - Gezonde supplementen\",\"publisher\":{\"@id\":\"https:\\\/\\\/ecosupplements.be\\\/fr\\\/#organization\"},\"potentialAction\":[{\"@type\":\"SearchAction\",\"target\":{\"@type\":\"EntryPoint\",\"urlTemplate\":\"https:\\\/\\\/ecosupplements.be\\\/fr\\\/?s={search_term_string}\"},\"query-input\":{\"@type\":\"PropertyValueSpecification\",\"valueRequired\":true,\"valueName\":\"search_term_string\"}}],\"inLanguage\":\"fr-FR\"},{\"@type\":\"Organization\",\"@id\":\"https:\\\/\\\/ecosupplements.be\\\/fr\\\/#organization\",\"name\":\"Eco Supplements\",\"url\":\"https:\\\/\\\/ecosupplements.be\\\/fr\\\/\",\"logo\":{\"@type\":\"ImageObject\",\"inLanguage\":\"fr-FR\",\"@id\":\"https:\\\/\\\/ecosupplements.be\\\/fr\\\/#\\\/schema\\\/logo\\\/image\\\/\",\"url\":\"https:\\\/\\\/ecosupplements.be\\\/wp-content\\\/uploads\\\/2022\\\/06\\\/ecosupplement-family.png\",\"contentUrl\":\"https:\\\/\\\/ecosupplements.be\\\/wp-content\\\/uploads\\\/2022\\\/06\\\/ecosupplement-family.png\",\"width\":593,\"height\":374,\"caption\":\"Eco Supplements\"},\"image\":{\"@id\":\"https:\\\/\\\/ecosupplements.be\\\/fr\\\/#\\\/schema\\\/logo\\\/image\\\/\"}}]}<\/script>\n<meta property=\"product:brand\" content=\"Natures Way\" \/>\n<meta property=\"product:price:amount\" content=\"17.10\" \/>\n<meta property=\"product:price:currency\" content=\"EUR\" \/>\n<meta property=\"og:availability\" content=\"instock\" \/>\n<meta property=\"product:availability\" content=\"instock\" \/>\n<meta property=\"product:retailer_item_id\" content=\"033674129616\" \/>\n<meta property=\"product:condition\" content=\"new\" \/>\n<!-- \/ Yoast SEO Premium plugin. -->","yoast_head_json":{"title":"Comprim\u00e9s \u00e0 m\u00e2cher pour renforcer l'immunit\u00e9 des enfants Sambucus de Nature's Way (40 comprim\u00e9s \u00e0 m\u00e2cher) - ECO Supplements","description":"Wij hebben een ruime keuze aan producten van Comprim\u00e9s \u00e0 m\u00e2cher pour renforcer l'immunit\u00e9 des enfants Sambucus de Nature's Way (40 comprim\u00e9s \u00e0 m\u00e2cher) . Winkel bij Eco Supplements altijd gratis verzending boven 100\u20ac","robots":{"index":"index","follow":"follow","max-snippet":"max-snippet:-1","max-image-preview":"max-image-preview:large","max-video-preview":"max-video-preview:-1"},"canonical":"https:\/\/ecosupplements.be\/fr\/produit\/natures-way-sambucus-kids-immune-chewable-40-chewables\/","og_locale":"fr_FR","og_type":"article","og_title":"Comprim\u00e9s \u00e0 m\u00e2cher pour renforcer l'immunit\u00e9 des enfants Sambucus de Nature's Way (40 comprim\u00e9s \u00e0 m\u00e2cher)","og_description":"Wij hebben een ruime keuze aan producten van Comprim\u00e9s \u00e0 m\u00e2cher pour renforcer l'immunit\u00e9 des enfants Sambucus de Nature's Way (40 comprim\u00e9s \u00e0 m\u00e2cher) . Winkel bij Eco Supplements altijd gratis verzending boven 100\u20ac","og_url":"https:\/\/ecosupplements.be\/fr\/produit\/natures-way-sambucus-kids-immune-chewable-40-chewables\/","og_site_name":"ECO Supplements","article_modified_time":"2025-08-28T01:10:02+00:00","og_image":[{"width":1000,"height":1000,"url":"https:\/\/ecosupplements.be\/wp-content\/uploads\/2025\/08\/NW-SAMBUCUS-KIDS-CHEWABLE-40tab_SUPP.webp","type":"image\/webp"}],"twitter_card":"summary_large_image","twitter_misc":{"Prix":"17.10&nbsp;&euro;","Disponibilit\u00e9":"En stock"},"schema":{"@context":"https:\/\/schema.org","@graph":[{"@type":["WebPage","ItemPage"],"@id":"https:\/\/ecosupplements.be\/fr\/produit\/natures-way-sambucus-kids-immune-chewable-40-chewables\/","url":"https:\/\/ecosupplements.be\/fr\/produit\/natures-way-sambucus-kids-immune-chewable-40-chewables\/","name":"Comprim\u00e9s \u00e0 m\u00e2cher pour renforcer l'immunit\u00e9 des enfants Sambucus de Nature's Way (40 comprim\u00e9s \u00e0 m\u00e2cher) - ECO Supplements","isPartOf":{"@id":"https:\/\/ecosupplements.be\/fr\/#website"},"primaryImageOfPage":{"@id":"https:\/\/ecosupplements.be\/fr\/produit\/natures-way-sambucus-kids-immune-chewable-40-chewables\/#primaryimage"},"image":{"@id":"https:\/\/ecosupplements.be\/fr\/produit\/natures-way-sambucus-kids-immune-chewable-40-chewables\/#primaryimage"},"thumbnailUrl":"https:\/\/ecosupplements.be\/wp-content\/uploads\/2025\/08\/NW-SAMBUCUS-KIDS-CHEWABLE-40tab_SUPP.webp","datePublished":"2025-06-25T21:31:04+00:00","dateModified":"2025-08-28T01:10:02+00:00","description":"Wij hebben een ruime keuze aan producten van Comprim\u00e9s \u00e0 m\u00e2cher pour renforcer l'immunit\u00e9 des enfants Sambucus de Nature's Way (40 comprim\u00e9s \u00e0 m\u00e2cher) . Winkel bij Eco Supplements altijd gratis verzending boven 100\u20ac","breadcrumb":{"@id":"https:\/\/ecosupplements.be\/fr\/produit\/natures-way-sambucus-kids-immune-chewable-40-chewables\/#breadcrumb"},"inLanguage":"fr-FR","potentialAction":[{"@type":"ReadAction","target":["https:\/\/ecosupplements.be\/fr\/produit\/natures-way-sambucus-kids-immune-chewable-40-chewables\/"]}]},{"@type":"ImageObject","inLanguage":"fr-FR","@id":"https:\/\/ecosupplements.be\/fr\/produit\/natures-way-sambucus-kids-immune-chewable-40-chewables\/#primaryimage","url":"https:\/\/ecosupplements.be\/wp-content\/uploads\/2025\/08\/NW-SAMBUCUS-KIDS-CHEWABLE-40tab_SUPP.webp","contentUrl":"https:\/\/ecosupplements.be\/wp-content\/uploads\/2025\/08\/NW-SAMBUCUS-KIDS-CHEWABLE-40tab_SUPP.webp","width":1000,"height":1000},{"@type":"BreadcrumbList","@id":"https:\/\/ecosupplements.be\/fr\/produit\/natures-way-sambucus-kids-immune-chewable-40-chewables\/#breadcrumb","itemListElement":[{"@type":"ListItem","position":1,"name":"Home","item":"https:\/\/ecosupplements.be\/fr\/"},{"@type":"ListItem","position":2,"name":"Boutique","item":"https:\/\/ecosupplements.be\/fr\/boutique\/"},{"@type":"ListItem","position":3,"name":"Comprim\u00e9s \u00e0 m\u00e2cher pour renforcer l&#8217;immunit\u00e9 des enfants Sambucus de Nature&#8217;s Way (40 comprim\u00e9s \u00e0 m\u00e2cher)"}]},{"@type":"WebSite","@id":"https:\/\/ecosupplements.be\/fr\/#website","url":"https:\/\/ecosupplements.be\/fr\/","name":"ECO Supplements","description":"Eco Supplements - Gezonde supplementen","publisher":{"@id":"https:\/\/ecosupplements.be\/fr\/#organization"},"potentialAction":[{"@type":"SearchAction","target":{"@type":"EntryPoint","urlTemplate":"https:\/\/ecosupplements.be\/fr\/?s={search_term_string}"},"query-input":{"@type":"PropertyValueSpecification","valueRequired":true,"valueName":"search_term_string"}}],"inLanguage":"fr-FR"},{"@type":"Organization","@id":"https:\/\/ecosupplements.be\/fr\/#organization","name":"Eco Supplements","url":"https:\/\/ecosupplements.be\/fr\/","logo":{"@type":"ImageObject","inLanguage":"fr-FR","@id":"https:\/\/ecosupplements.be\/fr\/#\/schema\/logo\/image\/","url":"https:\/\/ecosupplements.be\/wp-content\/uploads\/2022\/06\/ecosupplement-family.png","contentUrl":"https:\/\/ecosupplements.be\/wp-content\/uploads\/2022\/06\/ecosupplement-family.png","width":593,"height":374,"caption":"Eco Supplements"},"image":{"@id":"https:\/\/ecosupplements.be\/fr\/#\/schema\/logo\/image\/"}}]},"product_brand":"Natures Way","product_price_amount":"17.10","product_price_currency":"EUR","og_availability":"instock","product_availability":"instock","product_retailer_item_id":"033674129616","product_condition":"new"},"_links":{"self":[{"href":"https:\/\/ecosupplements.be\/fr\/wp-json\/wp\/v2\/product\/298911","targetHints":{"allow":["GET"]}}],"collection":[{"href":"https:\/\/ecosupplements.be\/fr\/wp-json\/wp\/v2\/product"}],"about":[{"href":"https:\/\/ecosupplements.be\/fr\/wp-json\/wp\/v2\/types\/product"}],"replies":[{"embeddable":true,"href":"https:\/\/ecosupplements.be\/fr\/wp-json\/wp\/v2\/comments?post=298911"}],"wp:featuredmedia":[{"embeddable":true,"href":"https:\/\/ecosupplements.be\/fr\/wp-json\/wp\/v2\/media\/273074"}],"wp:attachment":[{"href":"https:\/\/ecosupplements.be\/fr\/wp-json\/wp\/v2\/media?parent=298911"}],"wp:term":[{"taxonomy":"product_brand","embeddable":true,"href":"https:\/\/ecosupplements.be\/fr\/wp-json\/wp\/v2\/product_brand?post=298911"},{"taxonomy":"product_cat","embeddable":true,"href":"https:\/\/ecosupplements.be\/fr\/wp-json\/wp\/v2\/product_cat?post=298911"},{"taxonomy":"product_tag","embeddable":true,"href":"https:\/\/ecosupplements.be\/fr\/wp-json\/wp\/v2\/product_tag?post=298911"}],"curies":[{"name":"wp","href":"https:\/\/api.w.org\/{rel}","templated":true}]}}