{"id":298974,"date":"2025-06-25T23:01:27","date_gmt":"2025-06-25T22:01:27","guid":{"rendered":"https:\/\/ecosupplements.be\/product\/natures-way-vitamin-c-with-rose-hips-100-capsules-2\/"},"modified":"2025-08-28T02:11:04","modified_gmt":"2025-08-28T01:11:04","slug":"natures-way-vitamin-c-with-rose-hips-100-capsules-2","status":"publish","type":"product","link":"https:\/\/ecosupplements.be\/fr\/produit\/natures-way-vitamin-c-with-rose-hips-100-capsules-2\/","title":{"rendered":"Vitamine C de Natures Way avec \u00e9glantier (100 capsules)"},"content":{"rendered":"<h2>description du produit<\/h2>\n<p><strong>Nom du produit :<\/strong> Natures Way Vitamin C with Rose Hips (100 Capsules)<\/p>\n<p>Ce compl\u00e9ment alimentaire de <em>Natures Way<\/em> est con\u00e7u pour s&#8217;int\u00e9grer harmonieusement \u00e0 votre quotidien. Chaque capsule contient de la vitamine C associ\u00e9e \u00e0 des extraits naturels de cynorrhodon,une combinaison choisie pour sa haute qualit\u00e9 et son origine naturelle.<\/p>\n<p><strong>Ingr\u00e9dients principaux :<\/strong> Vitamine C, extraits de cynorrhodon.<\/p>\n<p><strong>Contenu et emballage :<\/strong> Ce produit est pr\u00e9sent\u00e9 dans un emballage contenant 100 capsules faciles \u00e0 utiliser.<\/p>\n<p><strong>Utilisation :<\/strong> Pour une incorporation simple dans votre routine quotidienne, il est recommand\u00e9 de suivre les instructions sur l&#8217;emballage concernant la dose journali\u00e8re.<\/p>\n<p>Ces capsules sont con\u00e7ues pour \u00eatre pratiques et faciles \u00e0 int\u00e9grer dans votre emploi du temps charg\u00e9. Elles sont id\u00e9ales pour ceux qui appr\u00e9cient les produits issus d&#8217;ingr\u00e9dients naturels et purs. Le format capsule permet une utilisation discr\u00e8te et rapide, adapt\u00e9e \u00e0 tous les styles de vie actifs.<\/p>\n<p>D\u00e9couvrez un choix parfait pour enrichir votre quotidien avec des \u00e9l\u00e9ments issus de la nature sans promesses li\u00e9es au bien-\u00eatre ou \u00e0 la sant\u00e9 sp\u00e9cifique.Un compl\u00e9ment simple pour un usage quotidien qui s&#8217;aligne avec un mode de vie \u00e9quilibr\u00e9.<\/p>\n","protected":false},"excerpt":{"rendered":"<p>description du produit Nom du produit : Natures Way Vitamin C with Rose Hips (100 Capsules) Ce compl\u00e9ment alimentaire de Natures Way est con\u00e7u pour s&#8217;int\u00e9grer harmonieusement \u00e0 votre quotidien. Chaque capsule contient de la vitamine C associ\u00e9e \u00e0 des extraits naturels de cynorrhodon,une combinaison choisie pour sa haute qualit\u00e9 et son origine naturelle. Ingr\u00e9dients [&#8230;]\n","protected":false},"featured_media":273110,"comment_status":"closed","ping_status":"open","template":"","meta":[],"product_brand":[5306],"product_cat":[5052],"product_tag":[],"class_list":{"0":"post-298974","1":"product","2":"type-product","3":"status-publish","4":"has-post-thumbnail","6":"product_brand-natures-way-2","7":"product_cat-sante-et-bien-etre","9":"first","10":"instock","11":"taxable","12":"shipping-taxable","13":"purchasable","14":"product-type-simple"},"yoast_head":"<!-- This site is optimized with the Yoast SEO Premium plugin v27.3 (Yoast SEO v27.3) - https:\/\/yoast.com\/product\/yoast-seo-premium-wordpress\/ -->\n<title>Vitamine C de Natures Way avec \u00e9glantier (100 capsules) - ECO Supplements<\/title>\n<meta name=\"description\" content=\"Wij hebben een ruime keuze aan producten van Vitamine C de Natures Way avec \u00e9glantier (100 capsules) . Winkel bij Eco Supplements altijd gratis verzending boven 100\u20ac\" \/>\n<meta name=\"robots\" content=\"index, follow, max-snippet:-1, max-image-preview:large, max-video-preview:-1\" \/>\n<link rel=\"canonical\" href=\"https:\/\/ecosupplements.be\/fr\/produit\/natures-way-vitamin-c-with-rose-hips-100-capsules-2\/\" \/>\n<meta property=\"og:locale\" content=\"fr_FR\" \/>\n<meta property=\"og:type\" content=\"article\" \/>\n<meta property=\"og:title\" content=\"Vitamine C de Natures Way avec \u00e9glantier (100 capsules)\" \/>\n<meta property=\"og:description\" content=\"Wij hebben een ruime keuze aan producten van Vitamine C de Natures Way avec \u00e9glantier (100 capsules) . Winkel bij Eco Supplements altijd gratis verzending boven 100\u20ac\" \/>\n<meta property=\"og:url\" content=\"https:\/\/ecosupplements.be\/fr\/produit\/natures-way-vitamin-c-with-rose-hips-100-capsules-2\/\" \/>\n<meta property=\"og:site_name\" content=\"ECO Supplements\" \/>\n<meta property=\"article:modified_time\" content=\"2025-08-28T01:11:04+00:00\" \/>\n<meta property=\"og:image\" content=\"https:\/\/ecosupplements.be\/wp-content\/uploads\/2025\/08\/NW-VITAMIN-C-ROSE-HIPS-CAPS-100caps_SUPP.webp\" \/>\n\t<meta property=\"og:image:width\" content=\"1000\" \/>\n\t<meta property=\"og:image:height\" content=\"1000\" \/>\n\t<meta property=\"og:image:type\" content=\"image\/webp\" \/>\n<meta name=\"twitter:card\" content=\"summary_large_image\" \/>\n<meta name=\"twitter:label1\" content=\"Prix\" \/>\n\t<meta name=\"twitter:data1\" content=\"15.60&nbsp;&euro;\" \/>\n\t<meta name=\"twitter:label2\" content=\"Disponibilit\u00e9\" \/>\n\t<meta name=\"twitter:data2\" content=\"En stock\" \/>\n<script type=\"application\/ld+json\" class=\"yoast-schema-graph\">{\"@context\":\"https:\\\/\\\/schema.org\",\"@graph\":[{\"@type\":[\"WebPage\",\"ItemPage\"],\"@id\":\"https:\\\/\\\/ecosupplements.be\\\/fr\\\/produit\\\/natures-way-vitamin-c-with-rose-hips-100-capsules-2\\\/\",\"url\":\"https:\\\/\\\/ecosupplements.be\\\/fr\\\/produit\\\/natures-way-vitamin-c-with-rose-hips-100-capsules-2\\\/\",\"name\":\"Vitamine C de Natures Way avec \u00e9glantier (100 capsules) - ECO Supplements\",\"isPartOf\":{\"@id\":\"https:\\\/\\\/ecosupplements.be\\\/fr\\\/#website\"},\"primaryImageOfPage\":{\"@id\":\"https:\\\/\\\/ecosupplements.be\\\/fr\\\/produit\\\/natures-way-vitamin-c-with-rose-hips-100-capsules-2\\\/#primaryimage\"},\"image\":{\"@id\":\"https:\\\/\\\/ecosupplements.be\\\/fr\\\/produit\\\/natures-way-vitamin-c-with-rose-hips-100-capsules-2\\\/#primaryimage\"},\"thumbnailUrl\":\"https:\\\/\\\/ecosupplements.be\\\/wp-content\\\/uploads\\\/2025\\\/08\\\/NW-VITAMIN-C-ROSE-HIPS-CAPS-100caps_SUPP.webp\",\"datePublished\":\"2025-06-25T22:01:27+00:00\",\"dateModified\":\"2025-08-28T01:11:04+00:00\",\"description\":\"Wij hebben een ruime keuze aan producten van Vitamine C de Natures Way avec \u00e9glantier (100 capsules) . Winkel bij Eco Supplements altijd gratis verzending boven 100\u20ac\",\"breadcrumb\":{\"@id\":\"https:\\\/\\\/ecosupplements.be\\\/fr\\\/produit\\\/natures-way-vitamin-c-with-rose-hips-100-capsules-2\\\/#breadcrumb\"},\"inLanguage\":\"fr-FR\",\"potentialAction\":[{\"@type\":\"ReadAction\",\"target\":[\"https:\\\/\\\/ecosupplements.be\\\/fr\\\/produit\\\/natures-way-vitamin-c-with-rose-hips-100-capsules-2\\\/\"]}]},{\"@type\":\"ImageObject\",\"inLanguage\":\"fr-FR\",\"@id\":\"https:\\\/\\\/ecosupplements.be\\\/fr\\\/produit\\\/natures-way-vitamin-c-with-rose-hips-100-capsules-2\\\/#primaryimage\",\"url\":\"https:\\\/\\\/ecosupplements.be\\\/wp-content\\\/uploads\\\/2025\\\/08\\\/NW-VITAMIN-C-ROSE-HIPS-CAPS-100caps_SUPP.webp\",\"contentUrl\":\"https:\\\/\\\/ecosupplements.be\\\/wp-content\\\/uploads\\\/2025\\\/08\\\/NW-VITAMIN-C-ROSE-HIPS-CAPS-100caps_SUPP.webp\",\"width\":1000,\"height\":1000},{\"@type\":\"BreadcrumbList\",\"@id\":\"https:\\\/\\\/ecosupplements.be\\\/fr\\\/produit\\\/natures-way-vitamin-c-with-rose-hips-100-capsules-2\\\/#breadcrumb\",\"itemListElement\":[{\"@type\":\"ListItem\",\"position\":1,\"name\":\"Home\",\"item\":\"https:\\\/\\\/ecosupplements.be\\\/fr\\\/\"},{\"@type\":\"ListItem\",\"position\":2,\"name\":\"Boutique\",\"item\":\"https:\\\/\\\/ecosupplements.be\\\/fr\\\/boutique\\\/\"},{\"@type\":\"ListItem\",\"position\":3,\"name\":\"Vitamine C de Natures Way avec \u00e9glantier (100 capsules)\"}]},{\"@type\":\"WebSite\",\"@id\":\"https:\\\/\\\/ecosupplements.be\\\/fr\\\/#website\",\"url\":\"https:\\\/\\\/ecosupplements.be\\\/fr\\\/\",\"name\":\"ECO Supplements\",\"description\":\"Eco Supplements - Gezonde supplementen\",\"publisher\":{\"@id\":\"https:\\\/\\\/ecosupplements.be\\\/fr\\\/#organization\"},\"potentialAction\":[{\"@type\":\"SearchAction\",\"target\":{\"@type\":\"EntryPoint\",\"urlTemplate\":\"https:\\\/\\\/ecosupplements.be\\\/fr\\\/?s={search_term_string}\"},\"query-input\":{\"@type\":\"PropertyValueSpecification\",\"valueRequired\":true,\"valueName\":\"search_term_string\"}}],\"inLanguage\":\"fr-FR\"},{\"@type\":\"Organization\",\"@id\":\"https:\\\/\\\/ecosupplements.be\\\/fr\\\/#organization\",\"name\":\"Eco Supplements\",\"url\":\"https:\\\/\\\/ecosupplements.be\\\/fr\\\/\",\"logo\":{\"@type\":\"ImageObject\",\"inLanguage\":\"fr-FR\",\"@id\":\"https:\\\/\\\/ecosupplements.be\\\/fr\\\/#\\\/schema\\\/logo\\\/image\\\/\",\"url\":\"https:\\\/\\\/ecosupplements.be\\\/wp-content\\\/uploads\\\/2022\\\/06\\\/ecosupplement-family.png\",\"contentUrl\":\"https:\\\/\\\/ecosupplements.be\\\/wp-content\\\/uploads\\\/2022\\\/06\\\/ecosupplement-family.png\",\"width\":593,\"height\":374,\"caption\":\"Eco Supplements\"},\"image\":{\"@id\":\"https:\\\/\\\/ecosupplements.be\\\/fr\\\/#\\\/schema\\\/logo\\\/image\\\/\"}}]}<\/script>\n<meta property=\"product:brand\" content=\"Natures Way\" \/>\n<meta property=\"product:price:amount\" content=\"15.60\" \/>\n<meta property=\"product:price:currency\" content=\"EUR\" \/>\n<meta property=\"og:availability\" content=\"instock\" \/>\n<meta property=\"product:availability\" content=\"instock\" \/>\n<meta property=\"product:retailer_item_id\" content=\"033674403129\" \/>\n<meta property=\"product:condition\" content=\"new\" \/>\n<!-- \/ Yoast SEO Premium plugin. -->","yoast_head_json":{"title":"Vitamine C de Natures Way avec \u00e9glantier (100 capsules) - ECO Supplements","description":"Wij hebben een ruime keuze aan producten van Vitamine C de Natures Way avec \u00e9glantier (100 capsules) . Winkel bij Eco Supplements altijd gratis verzending boven 100\u20ac","robots":{"index":"index","follow":"follow","max-snippet":"max-snippet:-1","max-image-preview":"max-image-preview:large","max-video-preview":"max-video-preview:-1"},"canonical":"https:\/\/ecosupplements.be\/fr\/produit\/natures-way-vitamin-c-with-rose-hips-100-capsules-2\/","og_locale":"fr_FR","og_type":"article","og_title":"Vitamine C de Natures Way avec \u00e9glantier (100 capsules)","og_description":"Wij hebben een ruime keuze aan producten van Vitamine C de Natures Way avec \u00e9glantier (100 capsules) . Winkel bij Eco Supplements altijd gratis verzending boven 100\u20ac","og_url":"https:\/\/ecosupplements.be\/fr\/produit\/natures-way-vitamin-c-with-rose-hips-100-capsules-2\/","og_site_name":"ECO Supplements","article_modified_time":"2025-08-28T01:11:04+00:00","og_image":[{"width":1000,"height":1000,"url":"https:\/\/ecosupplements.be\/wp-content\/uploads\/2025\/08\/NW-VITAMIN-C-ROSE-HIPS-CAPS-100caps_SUPP.webp","type":"image\/webp"}],"twitter_card":"summary_large_image","twitter_misc":{"Prix":"15.60&nbsp;&euro;","Disponibilit\u00e9":"En stock"},"schema":{"@context":"https:\/\/schema.org","@graph":[{"@type":["WebPage","ItemPage"],"@id":"https:\/\/ecosupplements.be\/fr\/produit\/natures-way-vitamin-c-with-rose-hips-100-capsules-2\/","url":"https:\/\/ecosupplements.be\/fr\/produit\/natures-way-vitamin-c-with-rose-hips-100-capsules-2\/","name":"Vitamine C de Natures Way avec \u00e9glantier (100 capsules) - ECO Supplements","isPartOf":{"@id":"https:\/\/ecosupplements.be\/fr\/#website"},"primaryImageOfPage":{"@id":"https:\/\/ecosupplements.be\/fr\/produit\/natures-way-vitamin-c-with-rose-hips-100-capsules-2\/#primaryimage"},"image":{"@id":"https:\/\/ecosupplements.be\/fr\/produit\/natures-way-vitamin-c-with-rose-hips-100-capsules-2\/#primaryimage"},"thumbnailUrl":"https:\/\/ecosupplements.be\/wp-content\/uploads\/2025\/08\/NW-VITAMIN-C-ROSE-HIPS-CAPS-100caps_SUPP.webp","datePublished":"2025-06-25T22:01:27+00:00","dateModified":"2025-08-28T01:11:04+00:00","description":"Wij hebben een ruime keuze aan producten van Vitamine C de Natures Way avec \u00e9glantier (100 capsules) . Winkel bij Eco Supplements altijd gratis verzending boven 100\u20ac","breadcrumb":{"@id":"https:\/\/ecosupplements.be\/fr\/produit\/natures-way-vitamin-c-with-rose-hips-100-capsules-2\/#breadcrumb"},"inLanguage":"fr-FR","potentialAction":[{"@type":"ReadAction","target":["https:\/\/ecosupplements.be\/fr\/produit\/natures-way-vitamin-c-with-rose-hips-100-capsules-2\/"]}]},{"@type":"ImageObject","inLanguage":"fr-FR","@id":"https:\/\/ecosupplements.be\/fr\/produit\/natures-way-vitamin-c-with-rose-hips-100-capsules-2\/#primaryimage","url":"https:\/\/ecosupplements.be\/wp-content\/uploads\/2025\/08\/NW-VITAMIN-C-ROSE-HIPS-CAPS-100caps_SUPP.webp","contentUrl":"https:\/\/ecosupplements.be\/wp-content\/uploads\/2025\/08\/NW-VITAMIN-C-ROSE-HIPS-CAPS-100caps_SUPP.webp","width":1000,"height":1000},{"@type":"BreadcrumbList","@id":"https:\/\/ecosupplements.be\/fr\/produit\/natures-way-vitamin-c-with-rose-hips-100-capsules-2\/#breadcrumb","itemListElement":[{"@type":"ListItem","position":1,"name":"Home","item":"https:\/\/ecosupplements.be\/fr\/"},{"@type":"ListItem","position":2,"name":"Boutique","item":"https:\/\/ecosupplements.be\/fr\/boutique\/"},{"@type":"ListItem","position":3,"name":"Vitamine C de Natures Way avec \u00e9glantier (100 capsules)"}]},{"@type":"WebSite","@id":"https:\/\/ecosupplements.be\/fr\/#website","url":"https:\/\/ecosupplements.be\/fr\/","name":"ECO Supplements","description":"Eco Supplements - Gezonde supplementen","publisher":{"@id":"https:\/\/ecosupplements.be\/fr\/#organization"},"potentialAction":[{"@type":"SearchAction","target":{"@type":"EntryPoint","urlTemplate":"https:\/\/ecosupplements.be\/fr\/?s={search_term_string}"},"query-input":{"@type":"PropertyValueSpecification","valueRequired":true,"valueName":"search_term_string"}}],"inLanguage":"fr-FR"},{"@type":"Organization","@id":"https:\/\/ecosupplements.be\/fr\/#organization","name":"Eco Supplements","url":"https:\/\/ecosupplements.be\/fr\/","logo":{"@type":"ImageObject","inLanguage":"fr-FR","@id":"https:\/\/ecosupplements.be\/fr\/#\/schema\/logo\/image\/","url":"https:\/\/ecosupplements.be\/wp-content\/uploads\/2022\/06\/ecosupplement-family.png","contentUrl":"https:\/\/ecosupplements.be\/wp-content\/uploads\/2022\/06\/ecosupplement-family.png","width":593,"height":374,"caption":"Eco Supplements"},"image":{"@id":"https:\/\/ecosupplements.be\/fr\/#\/schema\/logo\/image\/"}}]},"product_brand":"Natures Way","product_price_amount":"15.60","product_price_currency":"EUR","og_availability":"instock","product_availability":"instock","product_retailer_item_id":"033674403129","product_condition":"new"},"_links":{"self":[{"href":"https:\/\/ecosupplements.be\/fr\/wp-json\/wp\/v2\/product\/298974","targetHints":{"allow":["GET"]}}],"collection":[{"href":"https:\/\/ecosupplements.be\/fr\/wp-json\/wp\/v2\/product"}],"about":[{"href":"https:\/\/ecosupplements.be\/fr\/wp-json\/wp\/v2\/types\/product"}],"replies":[{"embeddable":true,"href":"https:\/\/ecosupplements.be\/fr\/wp-json\/wp\/v2\/comments?post=298974"}],"wp:featuredmedia":[{"embeddable":true,"href":"https:\/\/ecosupplements.be\/fr\/wp-json\/wp\/v2\/media\/273110"}],"wp:attachment":[{"href":"https:\/\/ecosupplements.be\/fr\/wp-json\/wp\/v2\/media?parent=298974"}],"wp:term":[{"taxonomy":"product_brand","embeddable":true,"href":"https:\/\/ecosupplements.be\/fr\/wp-json\/wp\/v2\/product_brand?post=298974"},{"taxonomy":"product_cat","embeddable":true,"href":"https:\/\/ecosupplements.be\/fr\/wp-json\/wp\/v2\/product_cat?post=298974"},{"taxonomy":"product_tag","embeddable":true,"href":"https:\/\/ecosupplements.be\/fr\/wp-json\/wp\/v2\/product_tag?post=298974"}],"curies":[{"name":"wp","href":"https:\/\/api.w.org\/{rel}","templated":true}]}}