{"id":299007,"date":"2025-06-25T23:16:04","date_gmt":"2025-06-25T22:16:04","guid":{"rendered":"https:\/\/ecosupplements.be\/product\/swanson-american-ginseng-550mg-100kaps-2\/"},"modified":"2025-08-28T02:11:38","modified_gmt":"2025-08-28T01:11:38","slug":"swanson-american-ginseng-550mg-100kaps-2","status":"publish","type":"product","link":"https:\/\/ecosupplements.be\/fr\/produit\/swanson-american-ginseng-550mg-100kaps-2\/","title":{"rendered":"Ginseng am\u00e9ricain Swanson 550mg 100 capsules"},"content":{"rendered":"<h2>SWANSON American Ginseng 550mg 100 capsules<\/h2>\n<p>D\u00e9couvrez le <strong>SWANSON American Ginseng<\/strong>, un choix parfait pour ceux qui appr\u00e9cient les ingr\u00e9dients naturels dans leur quotidien. Chaque capsule contient 550 mg de ginseng am\u00e9ricain,reconnu pour sa grande puret\u00e9 et son origine naturelle.<\/p>\n<p>Ce produit est conditionn\u00e9 en flacon de 100 capsules, offrant une utilisation pratique et facile \u00e0 int\u00e9grer dans votre routine journali\u00e8re. Le format des capsules permet une consommation ais\u00e9e et discr\u00e8te,id\u00e9ale pour les personnes actives.<\/p>\n<p>Le ginseng utilis\u00e9 dans nos capsules provient de sources contr\u00f4l\u00e9es, assurant ainsi une qualit\u00e9 constante et fiable. Sans ajout inutile, ce produit se distingue par sa composition claire et son engagement vers la naturalit\u00e9.<\/p>\n<p><em>Utilisation recommand\u00e9e :<\/em> Suivre la posologie indiqu\u00e9e sur l&#8217;emballage ou consulter un professionnel pour une utilisation adapt\u00e9e \u00e0 vos besoins quotidiens.<\/p>\n<p>Faites le choix d&#8217;un produit simple mais \u00e9l\u00e9gant avec le <strong>SWANSON American Ginseng<\/strong>, un compl\u00e9ment pratique pour tous les jours.<\/p>\n","protected":false},"excerpt":{"rendered":"<p>SWANSON American Ginseng 550mg 100 capsules D\u00e9couvrez le SWANSON American Ginseng, un choix parfait pour ceux qui appr\u00e9cient les ingr\u00e9dients naturels dans leur quotidien. Chaque capsule contient 550 mg de ginseng am\u00e9ricain,reconnu pour sa grande puret\u00e9 et son origine naturelle. Ce produit est conditionn\u00e9 en flacon de 100 capsules, offrant une utilisation pratique et facile [&#8230;]\n","protected":false},"featured_media":273137,"comment_status":"closed","ping_status":"open","template":"","meta":[],"product_brand":[4761],"product_cat":[5052,5094,5053],"product_tag":[],"class_list":{"0":"post-299007","1":"product","2":"type-product","3":"status-publish","4":"has-post-thumbnail","6":"product_brand-swanson-2","7":"product_cat-sante-et-bien-etre","8":"product_cat-supplements-a-base-de-plantes","9":"product_cat-vitamines-et-mineraux","11":"first","12":"instock","13":"taxable","14":"shipping-taxable","15":"purchasable","16":"product-type-simple"},"yoast_head":"<!-- This site is optimized with the Yoast SEO Premium plugin v27.3 (Yoast SEO v27.3) - https:\/\/yoast.com\/product\/yoast-seo-premium-wordpress\/ -->\n<title>Ginseng am\u00e9ricain Swanson 550mg 100 capsules - ECO Supplements<\/title>\n<meta name=\"description\" content=\"Wij hebben een ruime keuze aan producten van Ginseng am\u00e9ricain Swanson 550mg 100 capsules . Winkel bij Eco Supplements altijd gratis verzending boven 100\u20ac\" \/>\n<meta name=\"robots\" content=\"index, follow, max-snippet:-1, max-image-preview:large, max-video-preview:-1\" \/>\n<link rel=\"canonical\" href=\"https:\/\/ecosupplements.be\/fr\/produit\/swanson-american-ginseng-550mg-100kaps-2\/\" \/>\n<meta property=\"og:locale\" content=\"fr_FR\" \/>\n<meta property=\"og:type\" content=\"article\" \/>\n<meta property=\"og:title\" content=\"Ginseng am\u00e9ricain Swanson 550mg 100 capsules\" \/>\n<meta property=\"og:description\" content=\"Wij hebben een ruime keuze aan producten van Ginseng am\u00e9ricain Swanson 550mg 100 capsules . Winkel bij Eco Supplements altijd gratis verzending boven 100\u20ac\" \/>\n<meta property=\"og:url\" content=\"https:\/\/ecosupplements.be\/fr\/produit\/swanson-american-ginseng-550mg-100kaps-2\/\" \/>\n<meta property=\"og:site_name\" content=\"ECO Supplements\" \/>\n<meta property=\"article:modified_time\" content=\"2025-08-28T01:11:38+00:00\" \/>\n<meta property=\"og:image\" content=\"https:\/\/ecosupplements.be\/wp-content\/uploads\/2025\/08\/SANSON-AMERICAN-GINSENG-1.jpg\" \/>\n\t<meta property=\"og:image:width\" content=\"1200\" \/>\n\t<meta property=\"og:image:height\" content=\"1200\" \/>\n\t<meta property=\"og:image:type\" content=\"image\/jpeg\" \/>\n<meta name=\"twitter:card\" content=\"summary_large_image\" \/>\n<meta name=\"twitter:label1\" content=\"Prix\" \/>\n\t<meta name=\"twitter:data1\" content=\"36.94&nbsp;&euro;\" \/>\n\t<meta name=\"twitter:label2\" content=\"Disponibilit\u00e9\" \/>\n\t<meta name=\"twitter:data2\" content=\"En stock\" \/>\n<script type=\"application\/ld+json\" class=\"yoast-schema-graph\">{\"@context\":\"https:\\\/\\\/schema.org\",\"@graph\":[{\"@type\":[\"WebPage\",\"ItemPage\"],\"@id\":\"https:\\\/\\\/ecosupplements.be\\\/fr\\\/produit\\\/swanson-american-ginseng-550mg-100kaps-2\\\/\",\"url\":\"https:\\\/\\\/ecosupplements.be\\\/fr\\\/produit\\\/swanson-american-ginseng-550mg-100kaps-2\\\/\",\"name\":\"Ginseng am\u00e9ricain Swanson 550mg 100 capsules - ECO Supplements\",\"isPartOf\":{\"@id\":\"https:\\\/\\\/ecosupplements.be\\\/fr\\\/#website\"},\"primaryImageOfPage\":{\"@id\":\"https:\\\/\\\/ecosupplements.be\\\/fr\\\/produit\\\/swanson-american-ginseng-550mg-100kaps-2\\\/#primaryimage\"},\"image\":{\"@id\":\"https:\\\/\\\/ecosupplements.be\\\/fr\\\/produit\\\/swanson-american-ginseng-550mg-100kaps-2\\\/#primaryimage\"},\"thumbnailUrl\":\"https:\\\/\\\/ecosupplements.be\\\/wp-content\\\/uploads\\\/2025\\\/08\\\/SANSON-AMERICAN-GINSENG-1.jpg\",\"datePublished\":\"2025-06-25T22:16:04+00:00\",\"dateModified\":\"2025-08-28T01:11:38+00:00\",\"description\":\"Wij hebben een ruime keuze aan producten van Ginseng am\u00e9ricain Swanson 550mg 100 capsules . Winkel bij Eco Supplements altijd gratis verzending boven 100\u20ac\",\"breadcrumb\":{\"@id\":\"https:\\\/\\\/ecosupplements.be\\\/fr\\\/produit\\\/swanson-american-ginseng-550mg-100kaps-2\\\/#breadcrumb\"},\"inLanguage\":\"fr-FR\",\"potentialAction\":[{\"@type\":\"ReadAction\",\"target\":[\"https:\\\/\\\/ecosupplements.be\\\/fr\\\/produit\\\/swanson-american-ginseng-550mg-100kaps-2\\\/\"]}]},{\"@type\":\"ImageObject\",\"inLanguage\":\"fr-FR\",\"@id\":\"https:\\\/\\\/ecosupplements.be\\\/fr\\\/produit\\\/swanson-american-ginseng-550mg-100kaps-2\\\/#primaryimage\",\"url\":\"https:\\\/\\\/ecosupplements.be\\\/wp-content\\\/uploads\\\/2025\\\/08\\\/SANSON-AMERICAN-GINSENG-1.jpg\",\"contentUrl\":\"https:\\\/\\\/ecosupplements.be\\\/wp-content\\\/uploads\\\/2025\\\/08\\\/SANSON-AMERICAN-GINSENG-1.jpg\",\"width\":1200,\"height\":1200},{\"@type\":\"BreadcrumbList\",\"@id\":\"https:\\\/\\\/ecosupplements.be\\\/fr\\\/produit\\\/swanson-american-ginseng-550mg-100kaps-2\\\/#breadcrumb\",\"itemListElement\":[{\"@type\":\"ListItem\",\"position\":1,\"name\":\"Home\",\"item\":\"https:\\\/\\\/ecosupplements.be\\\/fr\\\/\"},{\"@type\":\"ListItem\",\"position\":2,\"name\":\"Boutique\",\"item\":\"https:\\\/\\\/ecosupplements.be\\\/fr\\\/boutique\\\/\"},{\"@type\":\"ListItem\",\"position\":3,\"name\":\"Ginseng am\u00e9ricain Swanson 550mg 100 capsules\"}]},{\"@type\":\"WebSite\",\"@id\":\"https:\\\/\\\/ecosupplements.be\\\/fr\\\/#website\",\"url\":\"https:\\\/\\\/ecosupplements.be\\\/fr\\\/\",\"name\":\"ECO Supplements\",\"description\":\"Eco Supplements - Gezonde supplementen\",\"publisher\":{\"@id\":\"https:\\\/\\\/ecosupplements.be\\\/fr\\\/#organization\"},\"potentialAction\":[{\"@type\":\"SearchAction\",\"target\":{\"@type\":\"EntryPoint\",\"urlTemplate\":\"https:\\\/\\\/ecosupplements.be\\\/fr\\\/?s={search_term_string}\"},\"query-input\":{\"@type\":\"PropertyValueSpecification\",\"valueRequired\":true,\"valueName\":\"search_term_string\"}}],\"inLanguage\":\"fr-FR\"},{\"@type\":\"Organization\",\"@id\":\"https:\\\/\\\/ecosupplements.be\\\/fr\\\/#organization\",\"name\":\"Eco Supplements\",\"url\":\"https:\\\/\\\/ecosupplements.be\\\/fr\\\/\",\"logo\":{\"@type\":\"ImageObject\",\"inLanguage\":\"fr-FR\",\"@id\":\"https:\\\/\\\/ecosupplements.be\\\/fr\\\/#\\\/schema\\\/logo\\\/image\\\/\",\"url\":\"https:\\\/\\\/ecosupplements.be\\\/wp-content\\\/uploads\\\/2022\\\/06\\\/ecosupplement-family.png\",\"contentUrl\":\"https:\\\/\\\/ecosupplements.be\\\/wp-content\\\/uploads\\\/2022\\\/06\\\/ecosupplement-family.png\",\"width\":593,\"height\":374,\"caption\":\"Eco Supplements\"},\"image\":{\"@id\":\"https:\\\/\\\/ecosupplements.be\\\/fr\\\/#\\\/schema\\\/logo\\\/image\\\/\"}}]}<\/script>\n<meta property=\"product:brand\" content=\"Swanson\" \/>\n<meta property=\"product:price:amount\" content=\"36.94\" \/>\n<meta property=\"product:price:currency\" content=\"EUR\" \/>\n<meta property=\"og:availability\" content=\"instock\" \/>\n<meta property=\"product:availability\" content=\"instock\" \/>\n<meta property=\"product:retailer_item_id\" content=\"087614015125\" \/>\n<meta property=\"product:condition\" content=\"new\" \/>\n<!-- \/ Yoast SEO Premium plugin. -->","yoast_head_json":{"title":"Ginseng am\u00e9ricain Swanson 550mg 100 capsules - ECO Supplements","description":"Wij hebben een ruime keuze aan producten van Ginseng am\u00e9ricain Swanson 550mg 100 capsules . Winkel bij Eco Supplements altijd gratis verzending boven 100\u20ac","robots":{"index":"index","follow":"follow","max-snippet":"max-snippet:-1","max-image-preview":"max-image-preview:large","max-video-preview":"max-video-preview:-1"},"canonical":"https:\/\/ecosupplements.be\/fr\/produit\/swanson-american-ginseng-550mg-100kaps-2\/","og_locale":"fr_FR","og_type":"article","og_title":"Ginseng am\u00e9ricain Swanson 550mg 100 capsules","og_description":"Wij hebben een ruime keuze aan producten van Ginseng am\u00e9ricain Swanson 550mg 100 capsules . Winkel bij Eco Supplements altijd gratis verzending boven 100\u20ac","og_url":"https:\/\/ecosupplements.be\/fr\/produit\/swanson-american-ginseng-550mg-100kaps-2\/","og_site_name":"ECO Supplements","article_modified_time":"2025-08-28T01:11:38+00:00","og_image":[{"width":1200,"height":1200,"url":"https:\/\/ecosupplements.be\/wp-content\/uploads\/2025\/08\/SANSON-AMERICAN-GINSENG-1.jpg","type":"image\/jpeg"}],"twitter_card":"summary_large_image","twitter_misc":{"Prix":"36.94&nbsp;&euro;","Disponibilit\u00e9":"En stock"},"schema":{"@context":"https:\/\/schema.org","@graph":[{"@type":["WebPage","ItemPage"],"@id":"https:\/\/ecosupplements.be\/fr\/produit\/swanson-american-ginseng-550mg-100kaps-2\/","url":"https:\/\/ecosupplements.be\/fr\/produit\/swanson-american-ginseng-550mg-100kaps-2\/","name":"Ginseng am\u00e9ricain Swanson 550mg 100 capsules - ECO Supplements","isPartOf":{"@id":"https:\/\/ecosupplements.be\/fr\/#website"},"primaryImageOfPage":{"@id":"https:\/\/ecosupplements.be\/fr\/produit\/swanson-american-ginseng-550mg-100kaps-2\/#primaryimage"},"image":{"@id":"https:\/\/ecosupplements.be\/fr\/produit\/swanson-american-ginseng-550mg-100kaps-2\/#primaryimage"},"thumbnailUrl":"https:\/\/ecosupplements.be\/wp-content\/uploads\/2025\/08\/SANSON-AMERICAN-GINSENG-1.jpg","datePublished":"2025-06-25T22:16:04+00:00","dateModified":"2025-08-28T01:11:38+00:00","description":"Wij hebben een ruime keuze aan producten van Ginseng am\u00e9ricain Swanson 550mg 100 capsules . Winkel bij Eco Supplements altijd gratis verzending boven 100\u20ac","breadcrumb":{"@id":"https:\/\/ecosupplements.be\/fr\/produit\/swanson-american-ginseng-550mg-100kaps-2\/#breadcrumb"},"inLanguage":"fr-FR","potentialAction":[{"@type":"ReadAction","target":["https:\/\/ecosupplements.be\/fr\/produit\/swanson-american-ginseng-550mg-100kaps-2\/"]}]},{"@type":"ImageObject","inLanguage":"fr-FR","@id":"https:\/\/ecosupplements.be\/fr\/produit\/swanson-american-ginseng-550mg-100kaps-2\/#primaryimage","url":"https:\/\/ecosupplements.be\/wp-content\/uploads\/2025\/08\/SANSON-AMERICAN-GINSENG-1.jpg","contentUrl":"https:\/\/ecosupplements.be\/wp-content\/uploads\/2025\/08\/SANSON-AMERICAN-GINSENG-1.jpg","width":1200,"height":1200},{"@type":"BreadcrumbList","@id":"https:\/\/ecosupplements.be\/fr\/produit\/swanson-american-ginseng-550mg-100kaps-2\/#breadcrumb","itemListElement":[{"@type":"ListItem","position":1,"name":"Home","item":"https:\/\/ecosupplements.be\/fr\/"},{"@type":"ListItem","position":2,"name":"Boutique","item":"https:\/\/ecosupplements.be\/fr\/boutique\/"},{"@type":"ListItem","position":3,"name":"Ginseng am\u00e9ricain Swanson 550mg 100 capsules"}]},{"@type":"WebSite","@id":"https:\/\/ecosupplements.be\/fr\/#website","url":"https:\/\/ecosupplements.be\/fr\/","name":"ECO Supplements","description":"Eco Supplements - Gezonde supplementen","publisher":{"@id":"https:\/\/ecosupplements.be\/fr\/#organization"},"potentialAction":[{"@type":"SearchAction","target":{"@type":"EntryPoint","urlTemplate":"https:\/\/ecosupplements.be\/fr\/?s={search_term_string}"},"query-input":{"@type":"PropertyValueSpecification","valueRequired":true,"valueName":"search_term_string"}}],"inLanguage":"fr-FR"},{"@type":"Organization","@id":"https:\/\/ecosupplements.be\/fr\/#organization","name":"Eco Supplements","url":"https:\/\/ecosupplements.be\/fr\/","logo":{"@type":"ImageObject","inLanguage":"fr-FR","@id":"https:\/\/ecosupplements.be\/fr\/#\/schema\/logo\/image\/","url":"https:\/\/ecosupplements.be\/wp-content\/uploads\/2022\/06\/ecosupplement-family.png","contentUrl":"https:\/\/ecosupplements.be\/wp-content\/uploads\/2022\/06\/ecosupplement-family.png","width":593,"height":374,"caption":"Eco Supplements"},"image":{"@id":"https:\/\/ecosupplements.be\/fr\/#\/schema\/logo\/image\/"}}]},"product_brand":"Swanson","product_price_amount":"36.94","product_price_currency":"EUR","og_availability":"instock","product_availability":"instock","product_retailer_item_id":"087614015125","product_condition":"new"},"_links":{"self":[{"href":"https:\/\/ecosupplements.be\/fr\/wp-json\/wp\/v2\/product\/299007","targetHints":{"allow":["GET"]}}],"collection":[{"href":"https:\/\/ecosupplements.be\/fr\/wp-json\/wp\/v2\/product"}],"about":[{"href":"https:\/\/ecosupplements.be\/fr\/wp-json\/wp\/v2\/types\/product"}],"replies":[{"embeddable":true,"href":"https:\/\/ecosupplements.be\/fr\/wp-json\/wp\/v2\/comments?post=299007"}],"wp:featuredmedia":[{"embeddable":true,"href":"https:\/\/ecosupplements.be\/fr\/wp-json\/wp\/v2\/media\/273137"}],"wp:attachment":[{"href":"https:\/\/ecosupplements.be\/fr\/wp-json\/wp\/v2\/media?parent=299007"}],"wp:term":[{"taxonomy":"product_brand","embeddable":true,"href":"https:\/\/ecosupplements.be\/fr\/wp-json\/wp\/v2\/product_brand?post=299007"},{"taxonomy":"product_cat","embeddable":true,"href":"https:\/\/ecosupplements.be\/fr\/wp-json\/wp\/v2\/product_cat?post=299007"},{"taxonomy":"product_tag","embeddable":true,"href":"https:\/\/ecosupplements.be\/fr\/wp-json\/wp\/v2\/product_tag?post=299007"}],"curies":[{"name":"wp","href":"https:\/\/api.w.org\/{rel}","templated":true}]}}