{"id":299017,"date":"2025-06-25T23:45:13","date_gmt":"2025-06-25T22:45:13","guid":{"rendered":"https:\/\/ecosupplements.be\/product\/swanson-womens-daily-probiotic-prebiotic-60vcap-2\/"},"modified":"2025-08-28T02:11:49","modified_gmt":"2025-08-28T01:11:49","slug":"swanson-womens-daily-probiotic-prebiotic-60vcap-2","status":"publish","type":"product","link":"https:\/\/ecosupplements.be\/fr\/produit\/swanson-womens-daily-probiotic-prebiotic-60vcap-2\/","title":{"rendered":"SWANSON Probiotique F\u00e9minin Quotidien + Pr\u00e9biotique 60 g\u00e9lules"},"content":{"rendered":"<h2>SWANSON Women&#8217;s Daily Probiotic + prebiotic 60vcap<\/h2>\n<p>D\u00e9couvrez le choix naturel pour votre quotidien avec SWANSON Women&#8217;s Daily Probiotic + Prebiotic. Ce produit est con\u00e7u pour s&#8217;int\u00e9grer harmonieusement \u00e0 un mode de vie actif,mettant en avant des ingr\u00e9dients d&#8217;origine naturelle.<\/p>\n<h3>Composition<\/h3>\n<p>Ce compl\u00e9ment alimentaire contient une s\u00e9lection rigoureuse de probiotiques et de pr\u00e9biotiques. Les ingr\u00e9dients sont choisis pour leur grande puret\u00e9 et leur origine naturelle, garantissant une qualit\u00e9 sup\u00e9rieure sans all\u00e9gations sant\u00e9 sp\u00e9cifiques.<\/p>\n<h3>Contenu et Emballage<\/h3>\n<p>Le produit est pr\u00e9sent\u00e9 sous forme de capsules v\u00e9g\u00e9tariennes, dans un emballage contenant 60 unit\u00e9s, pratique \u00e0 utiliser au quotidien.<\/p>\n<h3>Utilisation<\/h3>\n<p>Pour une utilisation optimale, il est recommand\u00e9 de suivre la dose journali\u00e8re indiqu\u00e9e sur l&#8217;emballage. Ce format pratique facilite l&#8217;int\u00e9gration du produit dans votre routine quotidienne.<\/p>\n<h3>Caract\u00e9ristiques Pratiques<\/h3>\n<p>Avec son format capsule facile \u00e0 prendre, SWANSON Women&#8217;s Daily Probiotic + Prebiotic convient parfaitement aux personnes actives cherchant \u00e0 int\u00e9grer des \u00e9l\u00e9ments naturels dans leur r\u00e9gime quotidien sans complication suppl\u00e9mentaire.<\/p>\n<p>Faites le choix d&#8217;un produit simple et pratique pour tous les jours avec SWANSON Women&#8217;s Daily Probiotic + Prebiotic!<\/p>\n","protected":false},"excerpt":{"rendered":"<p>SWANSON Women&#8217;s Daily Probiotic + prebiotic 60vcap D\u00e9couvrez le choix naturel pour votre quotidien avec SWANSON Women&#8217;s Daily Probiotic + Prebiotic. Ce produit est con\u00e7u pour s&#8217;int\u00e9grer harmonieusement \u00e0 un mode de vie actif,mettant en avant des ingr\u00e9dients d&#8217;origine naturelle. Composition Ce compl\u00e9ment alimentaire contient une s\u00e9lection rigoureuse de probiotiques et de pr\u00e9biotiques. Les ingr\u00e9dients [&#8230;]\n","protected":false},"featured_media":273164,"comment_status":"closed","ping_status":"open","template":"","meta":[],"product_brand":[4761],"product_cat":[5053],"product_tag":[],"class_list":{"0":"post-299017","1":"product","2":"type-product","3":"status-publish","4":"has-post-thumbnail","6":"product_brand-swanson-2","7":"product_cat-vitamines-et-mineraux","9":"first","10":"instock","11":"taxable","12":"shipping-taxable","13":"purchasable","14":"product-type-simple"},"yoast_head":"<!-- This site is optimized with the Yoast SEO Premium plugin v27.3 (Yoast SEO v27.3) - https:\/\/yoast.com\/product\/yoast-seo-premium-wordpress\/ -->\n<title>SWANSON Probiotique F\u00e9minin Quotidien + Pr\u00e9biotique 60 g\u00e9lules - ECO Supplements<\/title>\n<meta name=\"description\" content=\"Wij hebben een ruime keuze aan producten van SWANSON Probiotique F\u00e9minin Quotidien + Pr\u00e9biotique 60 g\u00e9lules . Winkel bij Eco Supplements altijd gratis verzending boven 100\u20ac\" \/>\n<meta name=\"robots\" content=\"index, follow, max-snippet:-1, max-image-preview:large, max-video-preview:-1\" \/>\n<link rel=\"canonical\" href=\"https:\/\/ecosupplements.be\/fr\/produit\/swanson-womens-daily-probiotic-prebiotic-60vcap-2\/\" \/>\n<meta property=\"og:locale\" content=\"fr_FR\" \/>\n<meta property=\"og:type\" content=\"article\" \/>\n<meta property=\"og:title\" content=\"SWANSON Probiotique F\u00e9minin Quotidien + Pr\u00e9biotique 60 g\u00e9lules\" \/>\n<meta property=\"og:description\" content=\"Wij hebben een ruime keuze aan producten van SWANSON Probiotique F\u00e9minin Quotidien + Pr\u00e9biotique 60 g\u00e9lules . Winkel bij Eco Supplements altijd gratis verzending boven 100\u20ac\" \/>\n<meta property=\"og:url\" content=\"https:\/\/ecosupplements.be\/fr\/produit\/swanson-womens-daily-probiotic-prebiotic-60vcap-2\/\" \/>\n<meta property=\"og:site_name\" content=\"ECO Supplements\" \/>\n<meta property=\"article:modified_time\" content=\"2025-08-28T01:11:49+00:00\" \/>\n<meta property=\"og:image\" content=\"https:\/\/ecosupplements.be\/wp-content\/uploads\/2025\/08\/Swanson-SWANSON-Womens-Daily-Probiotic-Prebiotic-60vcap.jpg\" \/>\n\t<meta property=\"og:image:width\" content=\"650\" \/>\n\t<meta property=\"og:image:height\" content=\"650\" \/>\n\t<meta property=\"og:image:type\" content=\"image\/jpeg\" \/>\n<meta name=\"twitter:card\" content=\"summary_large_image\" \/>\n<meta name=\"twitter:label1\" content=\"Prix\" \/>\n\t<meta name=\"twitter:data1\" content=\"34.94&nbsp;&euro;\" \/>\n\t<meta name=\"twitter:label2\" content=\"Disponibilit\u00e9\" \/>\n\t<meta name=\"twitter:data2\" content=\"En stock\" \/>\n<script type=\"application\/ld+json\" class=\"yoast-schema-graph\">{\"@context\":\"https:\\\/\\\/schema.org\",\"@graph\":[{\"@type\":[\"WebPage\",\"ItemPage\"],\"@id\":\"https:\\\/\\\/ecosupplements.be\\\/fr\\\/produit\\\/swanson-womens-daily-probiotic-prebiotic-60vcap-2\\\/\",\"url\":\"https:\\\/\\\/ecosupplements.be\\\/fr\\\/produit\\\/swanson-womens-daily-probiotic-prebiotic-60vcap-2\\\/\",\"name\":\"SWANSON Probiotique F\u00e9minin Quotidien + Pr\u00e9biotique 60 g\u00e9lules - ECO Supplements\",\"isPartOf\":{\"@id\":\"https:\\\/\\\/ecosupplements.be\\\/fr\\\/#website\"},\"primaryImageOfPage\":{\"@id\":\"https:\\\/\\\/ecosupplements.be\\\/fr\\\/produit\\\/swanson-womens-daily-probiotic-prebiotic-60vcap-2\\\/#primaryimage\"},\"image\":{\"@id\":\"https:\\\/\\\/ecosupplements.be\\\/fr\\\/produit\\\/swanson-womens-daily-probiotic-prebiotic-60vcap-2\\\/#primaryimage\"},\"thumbnailUrl\":\"https:\\\/\\\/ecosupplements.be\\\/wp-content\\\/uploads\\\/2025\\\/08\\\/Swanson-Womens-Daily-Probiotic-with-Prebiotic-Fos-1.jpg\",\"datePublished\":\"2025-06-25T22:45:13+00:00\",\"dateModified\":\"2025-08-28T01:11:49+00:00\",\"description\":\"Wij hebben een ruime keuze aan producten van SWANSON Probiotique F\u00e9minin Quotidien + Pr\u00e9biotique 60 g\u00e9lules . Winkel bij Eco Supplements altijd gratis verzending boven 100\u20ac\",\"breadcrumb\":{\"@id\":\"https:\\\/\\\/ecosupplements.be\\\/fr\\\/produit\\\/swanson-womens-daily-probiotic-prebiotic-60vcap-2\\\/#breadcrumb\"},\"inLanguage\":\"fr-FR\",\"potentialAction\":[{\"@type\":\"ReadAction\",\"target\":[\"https:\\\/\\\/ecosupplements.be\\\/fr\\\/produit\\\/swanson-womens-daily-probiotic-prebiotic-60vcap-2\\\/\"]}]},{\"@type\":\"ImageObject\",\"inLanguage\":\"fr-FR\",\"@id\":\"https:\\\/\\\/ecosupplements.be\\\/fr\\\/produit\\\/swanson-womens-daily-probiotic-prebiotic-60vcap-2\\\/#primaryimage\",\"url\":\"https:\\\/\\\/ecosupplements.be\\\/wp-content\\\/uploads\\\/2025\\\/08\\\/Swanson-Womens-Daily-Probiotic-with-Prebiotic-Fos-1.jpg\",\"contentUrl\":\"https:\\\/\\\/ecosupplements.be\\\/wp-content\\\/uploads\\\/2025\\\/08\\\/Swanson-Womens-Daily-Probiotic-with-Prebiotic-Fos-1.jpg\",\"width\":650,\"height\":650},{\"@type\":\"BreadcrumbList\",\"@id\":\"https:\\\/\\\/ecosupplements.be\\\/fr\\\/produit\\\/swanson-womens-daily-probiotic-prebiotic-60vcap-2\\\/#breadcrumb\",\"itemListElement\":[{\"@type\":\"ListItem\",\"position\":1,\"name\":\"Home\",\"item\":\"https:\\\/\\\/ecosupplements.be\\\/fr\\\/\"},{\"@type\":\"ListItem\",\"position\":2,\"name\":\"Boutique\",\"item\":\"https:\\\/\\\/ecosupplements.be\\\/fr\\\/boutique\\\/\"},{\"@type\":\"ListItem\",\"position\":3,\"name\":\"SWANSON Probiotique F\u00e9minin Quotidien + Pr\u00e9biotique 60 g\u00e9lules\"}]},{\"@type\":\"WebSite\",\"@id\":\"https:\\\/\\\/ecosupplements.be\\\/fr\\\/#website\",\"url\":\"https:\\\/\\\/ecosupplements.be\\\/fr\\\/\",\"name\":\"ECO Supplements\",\"description\":\"Eco Supplements - Gezonde supplementen\",\"publisher\":{\"@id\":\"https:\\\/\\\/ecosupplements.be\\\/fr\\\/#organization\"},\"potentialAction\":[{\"@type\":\"SearchAction\",\"target\":{\"@type\":\"EntryPoint\",\"urlTemplate\":\"https:\\\/\\\/ecosupplements.be\\\/fr\\\/?s={search_term_string}\"},\"query-input\":{\"@type\":\"PropertyValueSpecification\",\"valueRequired\":true,\"valueName\":\"search_term_string\"}}],\"inLanguage\":\"fr-FR\"},{\"@type\":\"Organization\",\"@id\":\"https:\\\/\\\/ecosupplements.be\\\/fr\\\/#organization\",\"name\":\"Eco Supplements\",\"url\":\"https:\\\/\\\/ecosupplements.be\\\/fr\\\/\",\"logo\":{\"@type\":\"ImageObject\",\"inLanguage\":\"fr-FR\",\"@id\":\"https:\\\/\\\/ecosupplements.be\\\/fr\\\/#\\\/schema\\\/logo\\\/image\\\/\",\"url\":\"https:\\\/\\\/ecosupplements.be\\\/wp-content\\\/uploads\\\/2022\\\/06\\\/ecosupplement-family.png\",\"contentUrl\":\"https:\\\/\\\/ecosupplements.be\\\/wp-content\\\/uploads\\\/2022\\\/06\\\/ecosupplement-family.png\",\"width\":593,\"height\":374,\"caption\":\"Eco Supplements\"},\"image\":{\"@id\":\"https:\\\/\\\/ecosupplements.be\\\/fr\\\/#\\\/schema\\\/logo\\\/image\\\/\"}}]}<\/script>\n<meta property=\"product:brand\" content=\"Swanson\" \/>\n<meta property=\"product:price:amount\" content=\"34.94\" \/>\n<meta property=\"product:price:currency\" content=\"EUR\" \/>\n<meta property=\"og:availability\" content=\"instock\" \/>\n<meta property=\"product:availability\" content=\"instock\" \/>\n<meta property=\"product:retailer_item_id\" content=\"087614119373\" \/>\n<meta property=\"product:condition\" content=\"new\" \/>\n<!-- \/ Yoast SEO Premium plugin. -->","yoast_head_json":{"title":"SWANSON Probiotique F\u00e9minin Quotidien + Pr\u00e9biotique 60 g\u00e9lules - ECO Supplements","description":"Wij hebben een ruime keuze aan producten van SWANSON Probiotique F\u00e9minin Quotidien + Pr\u00e9biotique 60 g\u00e9lules . Winkel bij Eco Supplements altijd gratis verzending boven 100\u20ac","robots":{"index":"index","follow":"follow","max-snippet":"max-snippet:-1","max-image-preview":"max-image-preview:large","max-video-preview":"max-video-preview:-1"},"canonical":"https:\/\/ecosupplements.be\/fr\/produit\/swanson-womens-daily-probiotic-prebiotic-60vcap-2\/","og_locale":"fr_FR","og_type":"article","og_title":"SWANSON Probiotique F\u00e9minin Quotidien + Pr\u00e9biotique 60 g\u00e9lules","og_description":"Wij hebben een ruime keuze aan producten van SWANSON Probiotique F\u00e9minin Quotidien + Pr\u00e9biotique 60 g\u00e9lules . Winkel bij Eco Supplements altijd gratis verzending boven 100\u20ac","og_url":"https:\/\/ecosupplements.be\/fr\/produit\/swanson-womens-daily-probiotic-prebiotic-60vcap-2\/","og_site_name":"ECO Supplements","article_modified_time":"2025-08-28T01:11:49+00:00","og_image":[{"width":650,"height":650,"url":"https:\/\/ecosupplements.be\/wp-content\/uploads\/2025\/08\/Swanson-SWANSON-Womens-Daily-Probiotic-Prebiotic-60vcap.jpg","type":"image\/jpeg"}],"twitter_card":"summary_large_image","twitter_misc":{"Prix":"34.94&nbsp;&euro;","Disponibilit\u00e9":"En stock"},"schema":{"@context":"https:\/\/schema.org","@graph":[{"@type":["WebPage","ItemPage"],"@id":"https:\/\/ecosupplements.be\/fr\/produit\/swanson-womens-daily-probiotic-prebiotic-60vcap-2\/","url":"https:\/\/ecosupplements.be\/fr\/produit\/swanson-womens-daily-probiotic-prebiotic-60vcap-2\/","name":"SWANSON Probiotique F\u00e9minin Quotidien + Pr\u00e9biotique 60 g\u00e9lules - ECO Supplements","isPartOf":{"@id":"https:\/\/ecosupplements.be\/fr\/#website"},"primaryImageOfPage":{"@id":"https:\/\/ecosupplements.be\/fr\/produit\/swanson-womens-daily-probiotic-prebiotic-60vcap-2\/#primaryimage"},"image":{"@id":"https:\/\/ecosupplements.be\/fr\/produit\/swanson-womens-daily-probiotic-prebiotic-60vcap-2\/#primaryimage"},"thumbnailUrl":"https:\/\/ecosupplements.be\/wp-content\/uploads\/2025\/08\/Swanson-Womens-Daily-Probiotic-with-Prebiotic-Fos-1.jpg","datePublished":"2025-06-25T22:45:13+00:00","dateModified":"2025-08-28T01:11:49+00:00","description":"Wij hebben een ruime keuze aan producten van SWANSON Probiotique F\u00e9minin Quotidien + Pr\u00e9biotique 60 g\u00e9lules . Winkel bij Eco Supplements altijd gratis verzending boven 100\u20ac","breadcrumb":{"@id":"https:\/\/ecosupplements.be\/fr\/produit\/swanson-womens-daily-probiotic-prebiotic-60vcap-2\/#breadcrumb"},"inLanguage":"fr-FR","potentialAction":[{"@type":"ReadAction","target":["https:\/\/ecosupplements.be\/fr\/produit\/swanson-womens-daily-probiotic-prebiotic-60vcap-2\/"]}]},{"@type":"ImageObject","inLanguage":"fr-FR","@id":"https:\/\/ecosupplements.be\/fr\/produit\/swanson-womens-daily-probiotic-prebiotic-60vcap-2\/#primaryimage","url":"https:\/\/ecosupplements.be\/wp-content\/uploads\/2025\/08\/Swanson-Womens-Daily-Probiotic-with-Prebiotic-Fos-1.jpg","contentUrl":"https:\/\/ecosupplements.be\/wp-content\/uploads\/2025\/08\/Swanson-Womens-Daily-Probiotic-with-Prebiotic-Fos-1.jpg","width":650,"height":650},{"@type":"BreadcrumbList","@id":"https:\/\/ecosupplements.be\/fr\/produit\/swanson-womens-daily-probiotic-prebiotic-60vcap-2\/#breadcrumb","itemListElement":[{"@type":"ListItem","position":1,"name":"Home","item":"https:\/\/ecosupplements.be\/fr\/"},{"@type":"ListItem","position":2,"name":"Boutique","item":"https:\/\/ecosupplements.be\/fr\/boutique\/"},{"@type":"ListItem","position":3,"name":"SWANSON Probiotique F\u00e9minin Quotidien + Pr\u00e9biotique 60 g\u00e9lules"}]},{"@type":"WebSite","@id":"https:\/\/ecosupplements.be\/fr\/#website","url":"https:\/\/ecosupplements.be\/fr\/","name":"ECO Supplements","description":"Eco Supplements - Gezonde supplementen","publisher":{"@id":"https:\/\/ecosupplements.be\/fr\/#organization"},"potentialAction":[{"@type":"SearchAction","target":{"@type":"EntryPoint","urlTemplate":"https:\/\/ecosupplements.be\/fr\/?s={search_term_string}"},"query-input":{"@type":"PropertyValueSpecification","valueRequired":true,"valueName":"search_term_string"}}],"inLanguage":"fr-FR"},{"@type":"Organization","@id":"https:\/\/ecosupplements.be\/fr\/#organization","name":"Eco Supplements","url":"https:\/\/ecosupplements.be\/fr\/","logo":{"@type":"ImageObject","inLanguage":"fr-FR","@id":"https:\/\/ecosupplements.be\/fr\/#\/schema\/logo\/image\/","url":"https:\/\/ecosupplements.be\/wp-content\/uploads\/2022\/06\/ecosupplement-family.png","contentUrl":"https:\/\/ecosupplements.be\/wp-content\/uploads\/2022\/06\/ecosupplement-family.png","width":593,"height":374,"caption":"Eco Supplements"},"image":{"@id":"https:\/\/ecosupplements.be\/fr\/#\/schema\/logo\/image\/"}}]},"product_brand":"Swanson","product_price_amount":"34.94","product_price_currency":"EUR","og_availability":"instock","product_availability":"instock","product_retailer_item_id":"087614119373","product_condition":"new"},"_links":{"self":[{"href":"https:\/\/ecosupplements.be\/fr\/wp-json\/wp\/v2\/product\/299017","targetHints":{"allow":["GET"]}}],"collection":[{"href":"https:\/\/ecosupplements.be\/fr\/wp-json\/wp\/v2\/product"}],"about":[{"href":"https:\/\/ecosupplements.be\/fr\/wp-json\/wp\/v2\/types\/product"}],"replies":[{"embeddable":true,"href":"https:\/\/ecosupplements.be\/fr\/wp-json\/wp\/v2\/comments?post=299017"}],"wp:featuredmedia":[{"embeddable":true,"href":"https:\/\/ecosupplements.be\/fr\/wp-json\/wp\/v2\/media\/273164"}],"wp:attachment":[{"href":"https:\/\/ecosupplements.be\/fr\/wp-json\/wp\/v2\/media?parent=299017"}],"wp:term":[{"taxonomy":"product_brand","embeddable":true,"href":"https:\/\/ecosupplements.be\/fr\/wp-json\/wp\/v2\/product_brand?post=299017"},{"taxonomy":"product_cat","embeddable":true,"href":"https:\/\/ecosupplements.be\/fr\/wp-json\/wp\/v2\/product_cat?post=299017"},{"taxonomy":"product_tag","embeddable":true,"href":"https:\/\/ecosupplements.be\/fr\/wp-json\/wp\/v2\/product_tag?post=299017"}],"curies":[{"name":"wp","href":"https:\/\/api.w.org\/{rel}","templated":true}]}}