{"id":299020,"date":"2025-07-24T03:30:41","date_gmt":"2025-07-24T02:30:41","guid":{"rendered":"https:\/\/ecosupplements.be\/product\/whitening-antiplaque-toothpaste-curcuma-coconut-oil-mint-75ml\/"},"modified":"2025-08-28T02:11:52","modified_gmt":"2025-08-28T01:11:52","slug":"whitening-antiplaque-toothpaste-curcuma-coconut-oil-mint-75ml","status":"publish","type":"product","link":"https:\/\/ecosupplements.be\/fr\/produit\/whitening-antiplaque-toothpaste-curcuma-coconut-oil-mint-75ml\/","title":{"rendered":"Dentifrice antiplaque blanchissant Curcuma + Huile de Noix de Coco, Menthe &#8211; 75ml"},"content":{"rendered":"<h2>Whitening Antiplaque Toothpaste Curcuma + Coconut Oil, mint &#8211; 75ml<\/h2>\n<p>D\u00e9couvrez la fra\u00eecheur et la puret\u00e9 avec le dentifrice Whitening Antiplaque Curcuma + Coconut Oil, aromatis\u00e9 \u00e0 la menthe. Ce produit de qualit\u00e9 sup\u00e9rieure est con\u00e7u pour ceux qui appr\u00e9cient les ingr\u00e9dients naturels dans leur routine quotidienne.<\/p>\n<p><strong>Ingr\u00e9dients principaux :<\/strong> Profitez des bienfaits du curcuma et de l&#8217;huile de coco, connus pour leur haute qualit\u00e9 et leur origine naturelle. La touche finale de menthe offre une sensation rafra\u00eechissante agr\u00e9able.<\/p>\n<p><strong>Contenu et emballage :<\/strong> Ce produit est pr\u00e9sent\u00e9 dans un tube pratique de 75ml, id\u00e9al pour une utilisation r\u00e9guli\u00e8re.<\/p>\n<p><strong>Utilisation :<\/strong> Appliquez une petite quantit\u00e9 sur votre brosse \u00e0 dents et brossez comme \u00e0 votre habitude.<\/p>\n<p>Ce dentifrice combine praticit\u00e9 et naturalit\u00e9, s&#8217;int\u00e9grant parfaitement dans un mode de vie actif sans compromettre la qualit\u00e9.Un choix parfait pour ceux qui cherchent \u00e0 int\u00e9grer des produits respectueux dans leur quotidien.<\/p>\n<p>Fabriqu\u00e9 en Inde, ce dentifrice est un exemple \u00e9clatant du savoir-faire d&#8217;Himalaya en mati\u00e8re de soins personnels naturels.<\/p>\n","protected":false},"excerpt":{"rendered":"<p>Whitening Antiplaque Toothpaste Curcuma + Coconut Oil, mint &#8211; 75ml D\u00e9couvrez la fra\u00eecheur et la puret\u00e9 avec le dentifrice Whitening Antiplaque Curcuma + Coconut Oil, aromatis\u00e9 \u00e0 la menthe. Ce produit de qualit\u00e9 sup\u00e9rieure est con\u00e7u pour ceux qui appr\u00e9cient les ingr\u00e9dients naturels dans leur routine quotidienne. Ingr\u00e9dients principaux : Profitez des bienfaits du curcuma [&#8230;]\n","protected":false},"featured_media":273167,"comment_status":"closed","ping_status":"open","template":"","meta":[],"product_brand":[4715],"product_cat":[5155,5181,5052],"product_tag":[],"class_list":{"0":"post-299020","1":"product","2":"type-product","3":"status-publish","4":"has-post-thumbnail","6":"product_brand-himalaya-2","7":"product_cat-cosmetiques","8":"product_cat-dentifrice","9":"product_cat-sante-et-bien-etre","11":"first","12":"instock","13":"taxable","14":"shipping-taxable","15":"purchasable","16":"product-type-simple"},"yoast_head":"<!-- This site is optimized with the Yoast SEO Premium plugin v27.3 (Yoast SEO v27.3) - https:\/\/yoast.com\/product\/yoast-seo-premium-wordpress\/ -->\n<title>Dentifrice antiplaque blanchissant Curcuma + Huile de Noix de Coco, Menthe - 75ml - ECO Supplements<\/title>\n<meta name=\"description\" content=\"Wij hebben een ruime keuze aan producten van Dentifrice antiplaque blanchissant Curcuma + Huile de Noix de Coco, Menthe - 75ml . Winkel bij Eco Supplements altijd gratis verzending boven 100\u20ac\" \/>\n<meta name=\"robots\" content=\"index, follow, max-snippet:-1, max-image-preview:large, max-video-preview:-1\" \/>\n<link rel=\"canonical\" href=\"https:\/\/ecosupplements.be\/fr\/produit\/whitening-antiplaque-toothpaste-curcuma-coconut-oil-mint-75ml\/\" \/>\n<meta property=\"og:locale\" content=\"fr_FR\" \/>\n<meta property=\"og:type\" content=\"article\" \/>\n<meta property=\"og:title\" content=\"Dentifrice antiplaque blanchissant Curcuma + Huile de Noix de Coco, Menthe - 75ml\" \/>\n<meta property=\"og:description\" content=\"Wij hebben een ruime keuze aan producten van Dentifrice antiplaque blanchissant Curcuma + Huile de Noix de Coco, Menthe - 75ml . Winkel bij Eco Supplements altijd gratis verzending boven 100\u20ac\" \/>\n<meta property=\"og:url\" content=\"https:\/\/ecosupplements.be\/fr\/produit\/whitening-antiplaque-toothpaste-curcuma-coconut-oil-mint-75ml\/\" \/>\n<meta property=\"og:site_name\" content=\"ECO Supplements\" \/>\n<meta property=\"article:modified_time\" content=\"2025-08-28T01:11:52+00:00\" \/>\n<meta property=\"og:image\" content=\"https:\/\/ecosupplements.be\/wp-content\/uploads\/2025\/08\/Himalaya-Whitening-Antiplaque-Toothpaste-Curcuma-Coconut-Oil-Mint-75ml.jpg\" \/>\n\t<meta property=\"og:image:width\" content=\"430\" \/>\n\t<meta property=\"og:image:height\" content=\"700\" \/>\n\t<meta property=\"og:image:type\" content=\"image\/jpeg\" \/>\n<meta name=\"twitter:card\" content=\"summary_large_image\" \/>\n<meta name=\"twitter:label1\" content=\"Prix\" \/>\n\t<meta name=\"twitter:data1\" content=\"6.17&nbsp;&euro;\" \/>\n\t<meta name=\"twitter:label2\" content=\"Disponibilit\u00e9\" \/>\n\t<meta name=\"twitter:data2\" content=\"En stock\" \/>\n<script type=\"application\/ld+json\" class=\"yoast-schema-graph\">{\"@context\":\"https:\\\/\\\/schema.org\",\"@graph\":[{\"@type\":[\"WebPage\",\"ItemPage\"],\"@id\":\"https:\\\/\\\/ecosupplements.be\\\/fr\\\/produit\\\/whitening-antiplaque-toothpaste-curcuma-coconut-oil-mint-75ml\\\/\",\"url\":\"https:\\\/\\\/ecosupplements.be\\\/fr\\\/produit\\\/whitening-antiplaque-toothpaste-curcuma-coconut-oil-mint-75ml\\\/\",\"name\":\"Dentifrice antiplaque blanchissant Curcuma + Huile de Noix de Coco, Menthe - 75ml - ECO Supplements\",\"isPartOf\":{\"@id\":\"https:\\\/\\\/ecosupplements.be\\\/fr\\\/#website\"},\"primaryImageOfPage\":{\"@id\":\"https:\\\/\\\/ecosupplements.be\\\/fr\\\/produit\\\/whitening-antiplaque-toothpaste-curcuma-coconut-oil-mint-75ml\\\/#primaryimage\"},\"image\":{\"@id\":\"https:\\\/\\\/ecosupplements.be\\\/fr\\\/produit\\\/whitening-antiplaque-toothpaste-curcuma-coconut-oil-mint-75ml\\\/#primaryimage\"},\"thumbnailUrl\":\"https:\\\/\\\/ecosupplements.be\\\/wp-content\\\/uploads\\\/2025\\\/08\\\/Himalaya-httpswww.powerbody.eumediacatalogproductimimage_2024-11-14_6735d2480cbd8.jpg\",\"datePublished\":\"2025-07-24T02:30:41+00:00\",\"dateModified\":\"2025-08-28T01:11:52+00:00\",\"description\":\"Wij hebben een ruime keuze aan producten van Dentifrice antiplaque blanchissant Curcuma + Huile de Noix de Coco, Menthe - 75ml . Winkel bij Eco Supplements altijd gratis verzending boven 100\u20ac\",\"breadcrumb\":{\"@id\":\"https:\\\/\\\/ecosupplements.be\\\/fr\\\/produit\\\/whitening-antiplaque-toothpaste-curcuma-coconut-oil-mint-75ml\\\/#breadcrumb\"},\"inLanguage\":\"fr-FR\",\"potentialAction\":[{\"@type\":\"ReadAction\",\"target\":[\"https:\\\/\\\/ecosupplements.be\\\/fr\\\/produit\\\/whitening-antiplaque-toothpaste-curcuma-coconut-oil-mint-75ml\\\/\"]}]},{\"@type\":\"ImageObject\",\"inLanguage\":\"fr-FR\",\"@id\":\"https:\\\/\\\/ecosupplements.be\\\/fr\\\/produit\\\/whitening-antiplaque-toothpaste-curcuma-coconut-oil-mint-75ml\\\/#primaryimage\",\"url\":\"https:\\\/\\\/ecosupplements.be\\\/wp-content\\\/uploads\\\/2025\\\/08\\\/Himalaya-httpswww.powerbody.eumediacatalogproductimimage_2024-11-14_6735d2480cbd8.jpg\",\"contentUrl\":\"https:\\\/\\\/ecosupplements.be\\\/wp-content\\\/uploads\\\/2025\\\/08\\\/Himalaya-httpswww.powerbody.eumediacatalogproductimimage_2024-11-14_6735d2480cbd8.jpg\",\"width\":430,\"height\":700},{\"@type\":\"BreadcrumbList\",\"@id\":\"https:\\\/\\\/ecosupplements.be\\\/fr\\\/produit\\\/whitening-antiplaque-toothpaste-curcuma-coconut-oil-mint-75ml\\\/#breadcrumb\",\"itemListElement\":[{\"@type\":\"ListItem\",\"position\":1,\"name\":\"Home\",\"item\":\"https:\\\/\\\/ecosupplements.be\\\/fr\\\/\"},{\"@type\":\"ListItem\",\"position\":2,\"name\":\"Boutique\",\"item\":\"https:\\\/\\\/ecosupplements.be\\\/fr\\\/boutique\\\/\"},{\"@type\":\"ListItem\",\"position\":3,\"name\":\"Dentifrice antiplaque blanchissant Curcuma + Huile de Noix de Coco, Menthe &#8211; 75ml\"}]},{\"@type\":\"WebSite\",\"@id\":\"https:\\\/\\\/ecosupplements.be\\\/fr\\\/#website\",\"url\":\"https:\\\/\\\/ecosupplements.be\\\/fr\\\/\",\"name\":\"ECO Supplements\",\"description\":\"Eco Supplements - Gezonde supplementen\",\"publisher\":{\"@id\":\"https:\\\/\\\/ecosupplements.be\\\/fr\\\/#organization\"},\"potentialAction\":[{\"@type\":\"SearchAction\",\"target\":{\"@type\":\"EntryPoint\",\"urlTemplate\":\"https:\\\/\\\/ecosupplements.be\\\/fr\\\/?s={search_term_string}\"},\"query-input\":{\"@type\":\"PropertyValueSpecification\",\"valueRequired\":true,\"valueName\":\"search_term_string\"}}],\"inLanguage\":\"fr-FR\"},{\"@type\":\"Organization\",\"@id\":\"https:\\\/\\\/ecosupplements.be\\\/fr\\\/#organization\",\"name\":\"Eco Supplements\",\"url\":\"https:\\\/\\\/ecosupplements.be\\\/fr\\\/\",\"logo\":{\"@type\":\"ImageObject\",\"inLanguage\":\"fr-FR\",\"@id\":\"https:\\\/\\\/ecosupplements.be\\\/fr\\\/#\\\/schema\\\/logo\\\/image\\\/\",\"url\":\"https:\\\/\\\/ecosupplements.be\\\/wp-content\\\/uploads\\\/2022\\\/06\\\/ecosupplement-family.png\",\"contentUrl\":\"https:\\\/\\\/ecosupplements.be\\\/wp-content\\\/uploads\\\/2022\\\/06\\\/ecosupplement-family.png\",\"width\":593,\"height\":374,\"caption\":\"Eco Supplements\"},\"image\":{\"@id\":\"https:\\\/\\\/ecosupplements.be\\\/fr\\\/#\\\/schema\\\/logo\\\/image\\\/\"}}]}<\/script>\n<meta property=\"product:brand\" content=\"Himalaya\" \/>\n<meta property=\"product:price:amount\" content=\"6.17\" \/>\n<meta property=\"product:price:currency\" content=\"EUR\" \/>\n<meta property=\"og:availability\" content=\"instock\" \/>\n<meta property=\"product:availability\" content=\"instock\" \/>\n<meta property=\"product:retailer_item_id\" content=\"4751015929904\" \/>\n<meta property=\"product:condition\" content=\"new\" \/>\n<!-- \/ Yoast SEO Premium plugin. -->","yoast_head_json":{"title":"Dentifrice antiplaque blanchissant Curcuma + Huile de Noix de Coco, Menthe - 75ml - ECO Supplements","description":"Wij hebben een ruime keuze aan producten van Dentifrice antiplaque blanchissant Curcuma + Huile de Noix de Coco, Menthe - 75ml . Winkel bij Eco Supplements altijd gratis verzending boven 100\u20ac","robots":{"index":"index","follow":"follow","max-snippet":"max-snippet:-1","max-image-preview":"max-image-preview:large","max-video-preview":"max-video-preview:-1"},"canonical":"https:\/\/ecosupplements.be\/fr\/produit\/whitening-antiplaque-toothpaste-curcuma-coconut-oil-mint-75ml\/","og_locale":"fr_FR","og_type":"article","og_title":"Dentifrice antiplaque blanchissant Curcuma + Huile de Noix de Coco, Menthe - 75ml","og_description":"Wij hebben een ruime keuze aan producten van Dentifrice antiplaque blanchissant Curcuma + Huile de Noix de Coco, Menthe - 75ml . Winkel bij Eco Supplements altijd gratis verzending boven 100\u20ac","og_url":"https:\/\/ecosupplements.be\/fr\/produit\/whitening-antiplaque-toothpaste-curcuma-coconut-oil-mint-75ml\/","og_site_name":"ECO Supplements","article_modified_time":"2025-08-28T01:11:52+00:00","og_image":[{"width":430,"height":700,"url":"https:\/\/ecosupplements.be\/wp-content\/uploads\/2025\/08\/Himalaya-Whitening-Antiplaque-Toothpaste-Curcuma-Coconut-Oil-Mint-75ml.jpg","type":"image\/jpeg"}],"twitter_card":"summary_large_image","twitter_misc":{"Prix":"6.17&nbsp;&euro;","Disponibilit\u00e9":"En stock"},"schema":{"@context":"https:\/\/schema.org","@graph":[{"@type":["WebPage","ItemPage"],"@id":"https:\/\/ecosupplements.be\/fr\/produit\/whitening-antiplaque-toothpaste-curcuma-coconut-oil-mint-75ml\/","url":"https:\/\/ecosupplements.be\/fr\/produit\/whitening-antiplaque-toothpaste-curcuma-coconut-oil-mint-75ml\/","name":"Dentifrice antiplaque blanchissant Curcuma + Huile de Noix de Coco, Menthe - 75ml - ECO Supplements","isPartOf":{"@id":"https:\/\/ecosupplements.be\/fr\/#website"},"primaryImageOfPage":{"@id":"https:\/\/ecosupplements.be\/fr\/produit\/whitening-antiplaque-toothpaste-curcuma-coconut-oil-mint-75ml\/#primaryimage"},"image":{"@id":"https:\/\/ecosupplements.be\/fr\/produit\/whitening-antiplaque-toothpaste-curcuma-coconut-oil-mint-75ml\/#primaryimage"},"thumbnailUrl":"https:\/\/ecosupplements.be\/wp-content\/uploads\/2025\/08\/Himalaya-httpswww.powerbody.eumediacatalogproductimimage_2024-11-14_6735d2480cbd8.jpg","datePublished":"2025-07-24T02:30:41+00:00","dateModified":"2025-08-28T01:11:52+00:00","description":"Wij hebben een ruime keuze aan producten van Dentifrice antiplaque blanchissant Curcuma + Huile de Noix de Coco, Menthe - 75ml . Winkel bij Eco Supplements altijd gratis verzending boven 100\u20ac","breadcrumb":{"@id":"https:\/\/ecosupplements.be\/fr\/produit\/whitening-antiplaque-toothpaste-curcuma-coconut-oil-mint-75ml\/#breadcrumb"},"inLanguage":"fr-FR","potentialAction":[{"@type":"ReadAction","target":["https:\/\/ecosupplements.be\/fr\/produit\/whitening-antiplaque-toothpaste-curcuma-coconut-oil-mint-75ml\/"]}]},{"@type":"ImageObject","inLanguage":"fr-FR","@id":"https:\/\/ecosupplements.be\/fr\/produit\/whitening-antiplaque-toothpaste-curcuma-coconut-oil-mint-75ml\/#primaryimage","url":"https:\/\/ecosupplements.be\/wp-content\/uploads\/2025\/08\/Himalaya-httpswww.powerbody.eumediacatalogproductimimage_2024-11-14_6735d2480cbd8.jpg","contentUrl":"https:\/\/ecosupplements.be\/wp-content\/uploads\/2025\/08\/Himalaya-httpswww.powerbody.eumediacatalogproductimimage_2024-11-14_6735d2480cbd8.jpg","width":430,"height":700},{"@type":"BreadcrumbList","@id":"https:\/\/ecosupplements.be\/fr\/produit\/whitening-antiplaque-toothpaste-curcuma-coconut-oil-mint-75ml\/#breadcrumb","itemListElement":[{"@type":"ListItem","position":1,"name":"Home","item":"https:\/\/ecosupplements.be\/fr\/"},{"@type":"ListItem","position":2,"name":"Boutique","item":"https:\/\/ecosupplements.be\/fr\/boutique\/"},{"@type":"ListItem","position":3,"name":"Dentifrice antiplaque blanchissant Curcuma + Huile de Noix de Coco, Menthe &#8211; 75ml"}]},{"@type":"WebSite","@id":"https:\/\/ecosupplements.be\/fr\/#website","url":"https:\/\/ecosupplements.be\/fr\/","name":"ECO Supplements","description":"Eco Supplements - Gezonde supplementen","publisher":{"@id":"https:\/\/ecosupplements.be\/fr\/#organization"},"potentialAction":[{"@type":"SearchAction","target":{"@type":"EntryPoint","urlTemplate":"https:\/\/ecosupplements.be\/fr\/?s={search_term_string}"},"query-input":{"@type":"PropertyValueSpecification","valueRequired":true,"valueName":"search_term_string"}}],"inLanguage":"fr-FR"},{"@type":"Organization","@id":"https:\/\/ecosupplements.be\/fr\/#organization","name":"Eco Supplements","url":"https:\/\/ecosupplements.be\/fr\/","logo":{"@type":"ImageObject","inLanguage":"fr-FR","@id":"https:\/\/ecosupplements.be\/fr\/#\/schema\/logo\/image\/","url":"https:\/\/ecosupplements.be\/wp-content\/uploads\/2022\/06\/ecosupplement-family.png","contentUrl":"https:\/\/ecosupplements.be\/wp-content\/uploads\/2022\/06\/ecosupplement-family.png","width":593,"height":374,"caption":"Eco Supplements"},"image":{"@id":"https:\/\/ecosupplements.be\/fr\/#\/schema\/logo\/image\/"}}]},"product_brand":"Himalaya","product_price_amount":"6.17","product_price_currency":"EUR","og_availability":"instock","product_availability":"instock","product_retailer_item_id":"4751015929904","product_condition":"new"},"_links":{"self":[{"href":"https:\/\/ecosupplements.be\/fr\/wp-json\/wp\/v2\/product\/299020","targetHints":{"allow":["GET"]}}],"collection":[{"href":"https:\/\/ecosupplements.be\/fr\/wp-json\/wp\/v2\/product"}],"about":[{"href":"https:\/\/ecosupplements.be\/fr\/wp-json\/wp\/v2\/types\/product"}],"replies":[{"embeddable":true,"href":"https:\/\/ecosupplements.be\/fr\/wp-json\/wp\/v2\/comments?post=299020"}],"wp:featuredmedia":[{"embeddable":true,"href":"https:\/\/ecosupplements.be\/fr\/wp-json\/wp\/v2\/media\/273167"}],"wp:attachment":[{"href":"https:\/\/ecosupplements.be\/fr\/wp-json\/wp\/v2\/media?parent=299020"}],"wp:term":[{"taxonomy":"product_brand","embeddable":true,"href":"https:\/\/ecosupplements.be\/fr\/wp-json\/wp\/v2\/product_brand?post=299020"},{"taxonomy":"product_cat","embeddable":true,"href":"https:\/\/ecosupplements.be\/fr\/wp-json\/wp\/v2\/product_cat?post=299020"},{"taxonomy":"product_tag","embeddable":true,"href":"https:\/\/ecosupplements.be\/fr\/wp-json\/wp\/v2\/product_tag?post=299020"}],"curies":[{"name":"wp","href":"https:\/\/api.w.org\/{rel}","templated":true}]}}