{"id":299023,"date":"2025-07-24T06:45:22","date_gmt":"2025-07-24T05:45:22","guid":{"rendered":"https:\/\/ecosupplements.be\/product\/apple-cider-vinegar-gummies\/"},"modified":"2025-08-28T02:11:56","modified_gmt":"2025-08-28T01:11:56","slug":"apple-cider-vinegar-gummies","status":"publish","type":"product","link":"https:\/\/ecosupplements.be\/fr\/produit\/apple-cider-vinegar-gummies\/","title":{"rendered":"Gommes au vinaigre de cidre de pomme"},"content":{"rendered":"<h2>Description du Produit<\/h2>\n<p><strong>Nom du produit :<\/strong> Goli Apple Cider Vinegar Gummies<\/p>\n<p><strong>Ingr\u00e9dients principaux :<\/strong> Vinaigre de cidre de pomme, betterave bio, grenade bio, acide folique, vitamine B12. Les g\u00e9lifi\u00e9s contiennent \u00e9galement un \u00e9dulcorant (sirop de tapioca bio, sucre de canne bio), eau, \u00e9paississant (pectine), r\u00e9gulateurs d&#8217;acidit\u00e9 (citrate de sodium, acide citrique), acide malique et ar\u00f4mes naturels (carotte bio, pomme bio et cassis bio pour la couleur et le go\u00fbt).<\/p>\n<p><strong>Contenu et emballage :<\/strong> Chaque paquet contient une quantit\u00e9 pratique pour int\u00e9grer facilement ces g\u00e9lifi\u00e9s \u00e0 votre routine quotidienne.<\/p>\n<p><strong>Utilisation :<\/strong> Consommez selon les indications sur l&#8217;emballage pour une incorporation simple dans votre quotidien.<\/p>\n<p><strong>Caract\u00e9ristiques pratiques :<\/strong> Ces g\u00e9lifi\u00e9s offrent une mani\u00e8re agr\u00e9able et pratique d&#8217;int\u00e9grer le vinaigre de cidre dans votre alimentation sans avoir \u00e0 supporter le go\u00fbt prononc\u00e9 du vinaigre liquide. Leur saveur naturelle de pomme en fait un choix id\u00e9al pour ceux qui cherchent \u00e0 enrichir leur alimentation avec des ingr\u00e9dients naturels.<\/p>\n<p>Ces g\u00e9lifi\u00e9s sont con\u00e7us pour s&#8217;adapter parfaitement \u00e0 un mode de vie actif gr\u00e2ce \u00e0 leur format pratique qui permet une consommation facile n&#8217;importe o\u00f9. Un choix parfait pour ceux qui appr\u00e9cient les ingr\u00e9dients naturels dans un mode de vie sain.<\/p>\n","protected":false},"excerpt":{"rendered":"<p>Description du Produit Nom du produit : Goli Apple Cider Vinegar Gummies Ingr\u00e9dients principaux : Vinaigre de cidre de pomme, betterave bio, grenade bio, acide folique, vitamine B12. Les g\u00e9lifi\u00e9s contiennent \u00e9galement un \u00e9dulcorant (sirop de tapioca bio, sucre de canne bio), eau, \u00e9paississant (pectine), r\u00e9gulateurs d&#8217;acidit\u00e9 (citrate de sodium, acide citrique), acide malique et [&#8230;]\n","protected":false},"featured_media":273170,"comment_status":"closed","ping_status":"open","template":"","meta":[],"product_brand":[5335],"product_cat":[5052,5094,5053],"product_tag":[],"class_list":{"0":"post-299023","1":"product","2":"type-product","3":"status-publish","4":"has-post-thumbnail","6":"product_brand-goli-nutrition-2","7":"product_cat-sante-et-bien-etre","8":"product_cat-supplements-a-base-de-plantes","9":"product_cat-vitamines-et-mineraux","11":"first","12":"instock","13":"taxable","14":"shipping-taxable","15":"purchasable","16":"product-type-simple"},"yoast_head":"<!-- This site is optimized with the Yoast SEO Premium plugin v27.3 (Yoast SEO v27.3) - https:\/\/yoast.com\/product\/yoast-seo-premium-wordpress\/ -->\n<title>Gommes au vinaigre de cidre de pomme - ECO Supplements<\/title>\n<meta name=\"description\" content=\"Wij hebben een ruime keuze aan producten van Gommes au vinaigre de cidre de pomme . Winkel bij Eco Supplements altijd gratis verzending boven 100\u20ac\" \/>\n<meta name=\"robots\" content=\"index, follow, max-snippet:-1, max-image-preview:large, max-video-preview:-1\" \/>\n<link rel=\"canonical\" href=\"https:\/\/ecosupplements.be\/fr\/produit\/apple-cider-vinegar-gummies\/\" \/>\n<meta property=\"og:locale\" content=\"fr_FR\" \/>\n<meta property=\"og:type\" content=\"article\" \/>\n<meta property=\"og:title\" content=\"Gommes au vinaigre de cidre de pomme\" \/>\n<meta property=\"og:description\" content=\"Wij hebben een ruime keuze aan producten van Gommes au vinaigre de cidre de pomme . Winkel bij Eco Supplements altijd gratis verzending boven 100\u20ac\" \/>\n<meta property=\"og:url\" content=\"https:\/\/ecosupplements.be\/fr\/produit\/apple-cider-vinegar-gummies\/\" \/>\n<meta property=\"og:site_name\" content=\"ECO Supplements\" \/>\n<meta property=\"article:modified_time\" content=\"2025-08-28T01:11:56+00:00\" \/>\n<meta property=\"og:image\" content=\"https:\/\/ecosupplements.be\/wp-content\/uploads\/2025\/08\/Goli-Nutrition-Apple-Cider-Vinegar-gummies.webp\" \/>\n\t<meta property=\"og:image:width\" content=\"1024\" \/>\n\t<meta property=\"og:image:height\" content=\"1024\" \/>\n\t<meta property=\"og:image:type\" content=\"image\/webp\" \/>\n<meta name=\"twitter:card\" content=\"summary_large_image\" \/>\n<meta name=\"twitter:label1\" content=\"Prix\" \/>\n\t<meta name=\"twitter:data1\" content=\"12.23&nbsp;&euro;\" \/>\n\t<meta name=\"twitter:label2\" content=\"Disponibilit\u00e9\" \/>\n\t<meta name=\"twitter:data2\" content=\"En stock\" \/>\n<script type=\"application\/ld+json\" class=\"yoast-schema-graph\">{\"@context\":\"https:\\\/\\\/schema.org\",\"@graph\":[{\"@type\":[\"WebPage\",\"ItemPage\"],\"@id\":\"https:\\\/\\\/ecosupplements.be\\\/fr\\\/produit\\\/apple-cider-vinegar-gummies\\\/\",\"url\":\"https:\\\/\\\/ecosupplements.be\\\/fr\\\/produit\\\/apple-cider-vinegar-gummies\\\/\",\"name\":\"Gommes au vinaigre de cidre de pomme - ECO Supplements\",\"isPartOf\":{\"@id\":\"https:\\\/\\\/ecosupplements.be\\\/fr\\\/#website\"},\"primaryImageOfPage\":{\"@id\":\"https:\\\/\\\/ecosupplements.be\\\/fr\\\/produit\\\/apple-cider-vinegar-gummies\\\/#primaryimage\"},\"image\":{\"@id\":\"https:\\\/\\\/ecosupplements.be\\\/fr\\\/produit\\\/apple-cider-vinegar-gummies\\\/#primaryimage\"},\"thumbnailUrl\":\"https:\\\/\\\/ecosupplements.be\\\/wp-content\\\/uploads\\\/2025\\\/08\\\/Apple-Cider-Vinegar-gummies.webp\",\"datePublished\":\"2025-07-24T05:45:22+00:00\",\"dateModified\":\"2025-08-28T01:11:56+00:00\",\"description\":\"Wij hebben een ruime keuze aan producten van Gommes au vinaigre de cidre de pomme . Winkel bij Eco Supplements altijd gratis verzending boven 100\u20ac\",\"breadcrumb\":{\"@id\":\"https:\\\/\\\/ecosupplements.be\\\/fr\\\/produit\\\/apple-cider-vinegar-gummies\\\/#breadcrumb\"},\"inLanguage\":\"fr-FR\",\"potentialAction\":[{\"@type\":\"ReadAction\",\"target\":[\"https:\\\/\\\/ecosupplements.be\\\/fr\\\/produit\\\/apple-cider-vinegar-gummies\\\/\"]}]},{\"@type\":\"ImageObject\",\"inLanguage\":\"fr-FR\",\"@id\":\"https:\\\/\\\/ecosupplements.be\\\/fr\\\/produit\\\/apple-cider-vinegar-gummies\\\/#primaryimage\",\"url\":\"https:\\\/\\\/ecosupplements.be\\\/wp-content\\\/uploads\\\/2025\\\/08\\\/Apple-Cider-Vinegar-gummies.webp\",\"contentUrl\":\"https:\\\/\\\/ecosupplements.be\\\/wp-content\\\/uploads\\\/2025\\\/08\\\/Apple-Cider-Vinegar-gummies.webp\",\"width\":1024,\"height\":1024},{\"@type\":\"BreadcrumbList\",\"@id\":\"https:\\\/\\\/ecosupplements.be\\\/fr\\\/produit\\\/apple-cider-vinegar-gummies\\\/#breadcrumb\",\"itemListElement\":[{\"@type\":\"ListItem\",\"position\":1,\"name\":\"Home\",\"item\":\"https:\\\/\\\/ecosupplements.be\\\/fr\\\/\"},{\"@type\":\"ListItem\",\"position\":2,\"name\":\"Boutique\",\"item\":\"https:\\\/\\\/ecosupplements.be\\\/fr\\\/boutique\\\/\"},{\"@type\":\"ListItem\",\"position\":3,\"name\":\"Gommes au vinaigre de cidre de pomme\"}]},{\"@type\":\"WebSite\",\"@id\":\"https:\\\/\\\/ecosupplements.be\\\/fr\\\/#website\",\"url\":\"https:\\\/\\\/ecosupplements.be\\\/fr\\\/\",\"name\":\"ECO Supplements\",\"description\":\"Eco Supplements - Gezonde supplementen\",\"publisher\":{\"@id\":\"https:\\\/\\\/ecosupplements.be\\\/fr\\\/#organization\"},\"potentialAction\":[{\"@type\":\"SearchAction\",\"target\":{\"@type\":\"EntryPoint\",\"urlTemplate\":\"https:\\\/\\\/ecosupplements.be\\\/fr\\\/?s={search_term_string}\"},\"query-input\":{\"@type\":\"PropertyValueSpecification\",\"valueRequired\":true,\"valueName\":\"search_term_string\"}}],\"inLanguage\":\"fr-FR\"},{\"@type\":\"Organization\",\"@id\":\"https:\\\/\\\/ecosupplements.be\\\/fr\\\/#organization\",\"name\":\"Eco Supplements\",\"url\":\"https:\\\/\\\/ecosupplements.be\\\/fr\\\/\",\"logo\":{\"@type\":\"ImageObject\",\"inLanguage\":\"fr-FR\",\"@id\":\"https:\\\/\\\/ecosupplements.be\\\/fr\\\/#\\\/schema\\\/logo\\\/image\\\/\",\"url\":\"https:\\\/\\\/ecosupplements.be\\\/wp-content\\\/uploads\\\/2022\\\/06\\\/ecosupplement-family.png\",\"contentUrl\":\"https:\\\/\\\/ecosupplements.be\\\/wp-content\\\/uploads\\\/2022\\\/06\\\/ecosupplement-family.png\",\"width\":593,\"height\":374,\"caption\":\"Eco Supplements\"},\"image\":{\"@id\":\"https:\\\/\\\/ecosupplements.be\\\/fr\\\/#\\\/schema\\\/logo\\\/image\\\/\"}}]}<\/script>\n<meta property=\"product:brand\" content=\"Goli Nutrition\" \/>\n<meta property=\"product:price:amount\" content=\"12.23\" \/>\n<meta property=\"product:price:currency\" content=\"EUR\" \/>\n<meta property=\"og:availability\" content=\"instock\" \/>\n<meta property=\"product:availability\" content=\"instock\" \/>\n<meta property=\"product:retailer_item_id\" content=\"628176357850\" \/>\n<meta property=\"product:condition\" content=\"new\" \/>\n<!-- \/ Yoast SEO Premium plugin. -->","yoast_head_json":{"title":"Gommes au vinaigre de cidre de pomme - ECO Supplements","description":"Wij hebben een ruime keuze aan producten van Gommes au vinaigre de cidre de pomme . Winkel bij Eco Supplements altijd gratis verzending boven 100\u20ac","robots":{"index":"index","follow":"follow","max-snippet":"max-snippet:-1","max-image-preview":"max-image-preview:large","max-video-preview":"max-video-preview:-1"},"canonical":"https:\/\/ecosupplements.be\/fr\/produit\/apple-cider-vinegar-gummies\/","og_locale":"fr_FR","og_type":"article","og_title":"Gommes au vinaigre de cidre de pomme","og_description":"Wij hebben een ruime keuze aan producten van Gommes au vinaigre de cidre de pomme . Winkel bij Eco Supplements altijd gratis verzending boven 100\u20ac","og_url":"https:\/\/ecosupplements.be\/fr\/produit\/apple-cider-vinegar-gummies\/","og_site_name":"ECO Supplements","article_modified_time":"2025-08-28T01:11:56+00:00","og_image":[{"width":1024,"height":1024,"url":"https:\/\/ecosupplements.be\/wp-content\/uploads\/2025\/08\/Goli-Nutrition-Apple-Cider-Vinegar-gummies.webp","type":"image\/webp"}],"twitter_card":"summary_large_image","twitter_misc":{"Prix":"12.23&nbsp;&euro;","Disponibilit\u00e9":"En stock"},"schema":{"@context":"https:\/\/schema.org","@graph":[{"@type":["WebPage","ItemPage"],"@id":"https:\/\/ecosupplements.be\/fr\/produit\/apple-cider-vinegar-gummies\/","url":"https:\/\/ecosupplements.be\/fr\/produit\/apple-cider-vinegar-gummies\/","name":"Gommes au vinaigre de cidre de pomme - ECO Supplements","isPartOf":{"@id":"https:\/\/ecosupplements.be\/fr\/#website"},"primaryImageOfPage":{"@id":"https:\/\/ecosupplements.be\/fr\/produit\/apple-cider-vinegar-gummies\/#primaryimage"},"image":{"@id":"https:\/\/ecosupplements.be\/fr\/produit\/apple-cider-vinegar-gummies\/#primaryimage"},"thumbnailUrl":"https:\/\/ecosupplements.be\/wp-content\/uploads\/2025\/08\/Apple-Cider-Vinegar-gummies.webp","datePublished":"2025-07-24T05:45:22+00:00","dateModified":"2025-08-28T01:11:56+00:00","description":"Wij hebben een ruime keuze aan producten van Gommes au vinaigre de cidre de pomme . Winkel bij Eco Supplements altijd gratis verzending boven 100\u20ac","breadcrumb":{"@id":"https:\/\/ecosupplements.be\/fr\/produit\/apple-cider-vinegar-gummies\/#breadcrumb"},"inLanguage":"fr-FR","potentialAction":[{"@type":"ReadAction","target":["https:\/\/ecosupplements.be\/fr\/produit\/apple-cider-vinegar-gummies\/"]}]},{"@type":"ImageObject","inLanguage":"fr-FR","@id":"https:\/\/ecosupplements.be\/fr\/produit\/apple-cider-vinegar-gummies\/#primaryimage","url":"https:\/\/ecosupplements.be\/wp-content\/uploads\/2025\/08\/Apple-Cider-Vinegar-gummies.webp","contentUrl":"https:\/\/ecosupplements.be\/wp-content\/uploads\/2025\/08\/Apple-Cider-Vinegar-gummies.webp","width":1024,"height":1024},{"@type":"BreadcrumbList","@id":"https:\/\/ecosupplements.be\/fr\/produit\/apple-cider-vinegar-gummies\/#breadcrumb","itemListElement":[{"@type":"ListItem","position":1,"name":"Home","item":"https:\/\/ecosupplements.be\/fr\/"},{"@type":"ListItem","position":2,"name":"Boutique","item":"https:\/\/ecosupplements.be\/fr\/boutique\/"},{"@type":"ListItem","position":3,"name":"Gommes au vinaigre de cidre de pomme"}]},{"@type":"WebSite","@id":"https:\/\/ecosupplements.be\/fr\/#website","url":"https:\/\/ecosupplements.be\/fr\/","name":"ECO Supplements","description":"Eco Supplements - Gezonde supplementen","publisher":{"@id":"https:\/\/ecosupplements.be\/fr\/#organization"},"potentialAction":[{"@type":"SearchAction","target":{"@type":"EntryPoint","urlTemplate":"https:\/\/ecosupplements.be\/fr\/?s={search_term_string}"},"query-input":{"@type":"PropertyValueSpecification","valueRequired":true,"valueName":"search_term_string"}}],"inLanguage":"fr-FR"},{"@type":"Organization","@id":"https:\/\/ecosupplements.be\/fr\/#organization","name":"Eco Supplements","url":"https:\/\/ecosupplements.be\/fr\/","logo":{"@type":"ImageObject","inLanguage":"fr-FR","@id":"https:\/\/ecosupplements.be\/fr\/#\/schema\/logo\/image\/","url":"https:\/\/ecosupplements.be\/wp-content\/uploads\/2022\/06\/ecosupplement-family.png","contentUrl":"https:\/\/ecosupplements.be\/wp-content\/uploads\/2022\/06\/ecosupplement-family.png","width":593,"height":374,"caption":"Eco Supplements"},"image":{"@id":"https:\/\/ecosupplements.be\/fr\/#\/schema\/logo\/image\/"}}]},"product_brand":"Goli Nutrition","product_price_amount":"12.23","product_price_currency":"EUR","og_availability":"instock","product_availability":"instock","product_retailer_item_id":"628176357850","product_condition":"new"},"_links":{"self":[{"href":"https:\/\/ecosupplements.be\/fr\/wp-json\/wp\/v2\/product\/299023","targetHints":{"allow":["GET"]}}],"collection":[{"href":"https:\/\/ecosupplements.be\/fr\/wp-json\/wp\/v2\/product"}],"about":[{"href":"https:\/\/ecosupplements.be\/fr\/wp-json\/wp\/v2\/types\/product"}],"replies":[{"embeddable":true,"href":"https:\/\/ecosupplements.be\/fr\/wp-json\/wp\/v2\/comments?post=299023"}],"wp:featuredmedia":[{"embeddable":true,"href":"https:\/\/ecosupplements.be\/fr\/wp-json\/wp\/v2\/media\/273170"}],"wp:attachment":[{"href":"https:\/\/ecosupplements.be\/fr\/wp-json\/wp\/v2\/media?parent=299023"}],"wp:term":[{"taxonomy":"product_brand","embeddable":true,"href":"https:\/\/ecosupplements.be\/fr\/wp-json\/wp\/v2\/product_brand?post=299023"},{"taxonomy":"product_cat","embeddable":true,"href":"https:\/\/ecosupplements.be\/fr\/wp-json\/wp\/v2\/product_cat?post=299023"},{"taxonomy":"product_tag","embeddable":true,"href":"https:\/\/ecosupplements.be\/fr\/wp-json\/wp\/v2\/product_tag?post=299023"}],"curies":[{"name":"wp","href":"https:\/\/api.w.org\/{rel}","templated":true}]}}