{"id":299131,"date":"2025-07-24T07:30:22","date_gmt":"2025-07-24T06:30:22","guid":{"rendered":"https:\/\/ecosupplements.be\/product\/gamma-e-mixed-tocopherols\/"},"modified":"2025-08-28T02:13:31","modified_gmt":"2025-08-28T01:13:31","slug":"gamma-e-mixed-tocopherols","status":"publish","type":"product","link":"https:\/\/ecosupplements.be\/fr\/produit\/gamma-e-mixed-tocopherols\/","title":{"rendered":"M\u00e9lange de tocoph\u00e9rols Gamma E"},"content":{"rendered":"<h2>Life Extension Gamma E Mixed Tocopherols<\/h2>\n<p>D\u00e9couvrez les <strong>Gamma E Mixed Tocopherols<\/strong>, un compl\u00e9ment de haute qualit\u00e9 pr\u00e9sent\u00e9 sous forme de 60 softgels. Ce produit est con\u00e7u pour s&#8217;int\u00e9grer harmonieusement \u00e0 votre quotidien, sans pr\u00e9tention m\u00e9dicale.<\/p>\n<h3>Ingr\u00e9dients principaux<\/h3>\n<ul>\n<li>Tocoph\u00e9rols mixtes (vitamine E)<\/li>\n<li>G\u00e9lifiant (g\u00e9latine bovine)<\/li>\n<li>Humectant (glyc\u00e9rol)<\/li>\n<li>D-alpha-tocoph\u00e9rol (vitamine E)<\/li>\n<li>Extrait de lignan de graines de s\u00e9same (<em>Sesamum indicum L.<\/em>)<\/li>\n<li>Eau purifi\u00e9e et huile de tournesol<\/li>\n<li>Anti-agglom\u00e9rant (dioxyde de silicium [nano])<\/li>\n<li>Colorant (gomme de caroube)&lt;\/lIi\n<li>&lt;\/lIi\n<ul>\n<h3>Description du produit et utilisation recommand\u00e9e<\/h3>\n<p>Ce compl\u00e9ment se pr\u00e9sente en capsules faciles \u00e0 avaler, con\u00e7ues pour \u00eatre prises une fois par jour avec un repas. Les ingr\u00e9dients sont d&#8217;origine naturelle, s\u00e9lectionn\u00e9s pour leur puret\u00e9 et int\u00e9gr\u00e9s dans une formule sans pr\u00e9tentions superflues.<\/p>\n<h3>Pourquoi choisir gamma E Mixed Tocopherols?<\/h3>\n<p>C&#8217;est un choix parfait pour ceux qui appr\u00e9cient les ingr\u00e9dients naturels dans un mode vie actif. Le format pratique des softgels facilite l&#8217;int\u00e9gration du produit \u00e0 votre routine quotidienne, vous permettant ainsi d&#8217;adopter une approche simple et directe envers votre bien-\u00eatre g\u00e9n\u00e9ral.<\/p>\n<p>Avec son emballage discret et efficace, ce produit est id\u00e9al pour \u00eatre emport\u00e9 partout, assurant ainsi que vous ne manquiez jamais votre prise quotidienne.&lt;\/p<\/p>\n","protected":false},"excerpt":{"rendered":"<p>Life Extension Gamma E Mixed Tocopherols D\u00e9couvrez les Gamma E Mixed Tocopherols, un compl\u00e9ment de haute qualit\u00e9 pr\u00e9sent\u00e9 sous forme de 60 softgels. Ce produit est con\u00e7u pour s&#8217;int\u00e9grer harmonieusement \u00e0 votre quotidien, sans pr\u00e9tention m\u00e9dicale. Ingr\u00e9dients principaux Tocoph\u00e9rols mixtes (vitamine E) G\u00e9lifiant (g\u00e9latine bovine) Humectant (glyc\u00e9rol) D-alpha-tocoph\u00e9rol (vitamine E) Extrait de lignan de graines [&#8230;]\n","protected":false},"featured_media":273277,"comment_status":"closed","ping_status":"open","template":"","meta":[],"product_brand":[4723],"product_cat":[5053,5059],"product_tag":[],"class_list":{"0":"post-299131","1":"product","2":"type-product","3":"status-publish","4":"has-post-thumbnail","6":"product_brand-life-extension-2","7":"product_cat-vitamines-et-mineraux","8":"product_cat-vitamines-simples","10":"first","11":"instock","12":"taxable","13":"shipping-taxable","14":"purchasable","15":"product-type-simple"},"yoast_head":"<!-- This site is optimized with the Yoast SEO Premium plugin v27.3 (Yoast SEO v27.3) - https:\/\/yoast.com\/product\/yoast-seo-premium-wordpress\/ -->\n<title>M\u00e9lange de tocoph\u00e9rols Gamma E - ECO Supplements<\/title>\n<meta name=\"description\" content=\"Wij hebben een ruime keuze aan producten van M\u00e9lange de tocoph\u00e9rols Gamma E . Winkel bij Eco Supplements altijd gratis verzending boven 100\u20ac\" \/>\n<meta name=\"robots\" content=\"index, follow, max-snippet:-1, max-image-preview:large, max-video-preview:-1\" \/>\n<link rel=\"canonical\" href=\"https:\/\/ecosupplements.be\/fr\/produit\/gamma-e-mixed-tocopherols\/\" \/>\n<meta property=\"og:locale\" content=\"fr_FR\" \/>\n<meta property=\"og:type\" content=\"article\" \/>\n<meta property=\"og:title\" content=\"M\u00e9lange de tocoph\u00e9rols Gamma E\" \/>\n<meta property=\"og:description\" content=\"Wij hebben een ruime keuze aan producten van M\u00e9lange de tocoph\u00e9rols Gamma E . Winkel bij Eco Supplements altijd gratis verzending boven 100\u20ac\" \/>\n<meta property=\"og:url\" content=\"https:\/\/ecosupplements.be\/fr\/produit\/gamma-e-mixed-tocopherols\/\" \/>\n<meta property=\"og:site_name\" content=\"ECO Supplements\" \/>\n<meta property=\"article:modified_time\" content=\"2025-08-28T01:13:31+00:00\" \/>\n<meta property=\"og:image\" content=\"https:\/\/ecosupplements.be\/wp-content\/uploads\/2025\/08\/Life-Extension-Gamma-E-mixed-tocopherols.webp\" \/>\n\t<meta property=\"og:image:width\" content=\"1024\" \/>\n\t<meta property=\"og:image:height\" content=\"1024\" \/>\n\t<meta property=\"og:image:type\" content=\"image\/webp\" \/>\n<meta name=\"twitter:card\" content=\"summary_large_image\" \/>\n<meta name=\"twitter:label1\" content=\"Prix\" \/>\n\t<meta name=\"twitter:data1\" content=\"34.79&nbsp;&euro;\" \/>\n\t<meta name=\"twitter:label2\" content=\"Disponibilit\u00e9\" \/>\n\t<meta name=\"twitter:data2\" content=\"En stock\" \/>\n<script type=\"application\/ld+json\" class=\"yoast-schema-graph\">{\"@context\":\"https:\\\/\\\/schema.org\",\"@graph\":[{\"@type\":[\"WebPage\",\"ItemPage\"],\"@id\":\"https:\\\/\\\/ecosupplements.be\\\/fr\\\/produit\\\/gamma-e-mixed-tocopherols\\\/\",\"url\":\"https:\\\/\\\/ecosupplements.be\\\/fr\\\/produit\\\/gamma-e-mixed-tocopherols\\\/\",\"name\":\"M\u00e9lange de tocoph\u00e9rols Gamma E - ECO Supplements\",\"isPartOf\":{\"@id\":\"https:\\\/\\\/ecosupplements.be\\\/fr\\\/#website\"},\"primaryImageOfPage\":{\"@id\":\"https:\\\/\\\/ecosupplements.be\\\/fr\\\/produit\\\/gamma-e-mixed-tocopherols\\\/#primaryimage\"},\"image\":{\"@id\":\"https:\\\/\\\/ecosupplements.be\\\/fr\\\/produit\\\/gamma-e-mixed-tocopherols\\\/#primaryimage\"},\"thumbnailUrl\":\"https:\\\/\\\/ecosupplements.be\\\/wp-content\\\/uploads\\\/2025\\\/08\\\/Gamma-E-mixed-tocopherols.webp\",\"datePublished\":\"2025-07-24T06:30:22+00:00\",\"dateModified\":\"2025-08-28T01:13:31+00:00\",\"description\":\"Wij hebben een ruime keuze aan producten van M\u00e9lange de tocoph\u00e9rols Gamma E . Winkel bij Eco Supplements altijd gratis verzending boven 100\u20ac\",\"breadcrumb\":{\"@id\":\"https:\\\/\\\/ecosupplements.be\\\/fr\\\/produit\\\/gamma-e-mixed-tocopherols\\\/#breadcrumb\"},\"inLanguage\":\"fr-FR\",\"potentialAction\":[{\"@type\":\"ReadAction\",\"target\":[\"https:\\\/\\\/ecosupplements.be\\\/fr\\\/produit\\\/gamma-e-mixed-tocopherols\\\/\"]}]},{\"@type\":\"ImageObject\",\"inLanguage\":\"fr-FR\",\"@id\":\"https:\\\/\\\/ecosupplements.be\\\/fr\\\/produit\\\/gamma-e-mixed-tocopherols\\\/#primaryimage\",\"url\":\"https:\\\/\\\/ecosupplements.be\\\/wp-content\\\/uploads\\\/2025\\\/08\\\/Gamma-E-mixed-tocopherols.webp\",\"contentUrl\":\"https:\\\/\\\/ecosupplements.be\\\/wp-content\\\/uploads\\\/2025\\\/08\\\/Gamma-E-mixed-tocopherols.webp\",\"width\":1024,\"height\":1024},{\"@type\":\"BreadcrumbList\",\"@id\":\"https:\\\/\\\/ecosupplements.be\\\/fr\\\/produit\\\/gamma-e-mixed-tocopherols\\\/#breadcrumb\",\"itemListElement\":[{\"@type\":\"ListItem\",\"position\":1,\"name\":\"Home\",\"item\":\"https:\\\/\\\/ecosupplements.be\\\/fr\\\/\"},{\"@type\":\"ListItem\",\"position\":2,\"name\":\"Boutique\",\"item\":\"https:\\\/\\\/ecosupplements.be\\\/fr\\\/boutique\\\/\"},{\"@type\":\"ListItem\",\"position\":3,\"name\":\"M\u00e9lange de tocoph\u00e9rols Gamma E\"}]},{\"@type\":\"WebSite\",\"@id\":\"https:\\\/\\\/ecosupplements.be\\\/fr\\\/#website\",\"url\":\"https:\\\/\\\/ecosupplements.be\\\/fr\\\/\",\"name\":\"ECO Supplements\",\"description\":\"Eco Supplements - Gezonde supplementen\",\"publisher\":{\"@id\":\"https:\\\/\\\/ecosupplements.be\\\/fr\\\/#organization\"},\"potentialAction\":[{\"@type\":\"SearchAction\",\"target\":{\"@type\":\"EntryPoint\",\"urlTemplate\":\"https:\\\/\\\/ecosupplements.be\\\/fr\\\/?s={search_term_string}\"},\"query-input\":{\"@type\":\"PropertyValueSpecification\",\"valueRequired\":true,\"valueName\":\"search_term_string\"}}],\"inLanguage\":\"fr-FR\"},{\"@type\":\"Organization\",\"@id\":\"https:\\\/\\\/ecosupplements.be\\\/fr\\\/#organization\",\"name\":\"Eco Supplements\",\"url\":\"https:\\\/\\\/ecosupplements.be\\\/fr\\\/\",\"logo\":{\"@type\":\"ImageObject\",\"inLanguage\":\"fr-FR\",\"@id\":\"https:\\\/\\\/ecosupplements.be\\\/fr\\\/#\\\/schema\\\/logo\\\/image\\\/\",\"url\":\"https:\\\/\\\/ecosupplements.be\\\/wp-content\\\/uploads\\\/2022\\\/06\\\/ecosupplement-family.png\",\"contentUrl\":\"https:\\\/\\\/ecosupplements.be\\\/wp-content\\\/uploads\\\/2022\\\/06\\\/ecosupplement-family.png\",\"width\":593,\"height\":374,\"caption\":\"Eco Supplements\"},\"image\":{\"@id\":\"https:\\\/\\\/ecosupplements.be\\\/fr\\\/#\\\/schema\\\/logo\\\/image\\\/\"}}]}<\/script>\n<meta property=\"product:brand\" content=\"Life Extension\" \/>\n<meta property=\"product:price:amount\" content=\"34.79\" \/>\n<meta property=\"product:price:currency\" content=\"EUR\" \/>\n<meta property=\"og:availability\" content=\"instock\" \/>\n<meta property=\"product:availability\" content=\"instock\" \/>\n<meta property=\"product:retailer_item_id\" content=\"8719327044759\" \/>\n<meta property=\"product:condition\" content=\"new\" \/>\n<!-- \/ Yoast SEO Premium plugin. -->","yoast_head_json":{"title":"M\u00e9lange de tocoph\u00e9rols Gamma E - ECO Supplements","description":"Wij hebben een ruime keuze aan producten van M\u00e9lange de tocoph\u00e9rols Gamma E . Winkel bij Eco Supplements altijd gratis verzending boven 100\u20ac","robots":{"index":"index","follow":"follow","max-snippet":"max-snippet:-1","max-image-preview":"max-image-preview:large","max-video-preview":"max-video-preview:-1"},"canonical":"https:\/\/ecosupplements.be\/fr\/produit\/gamma-e-mixed-tocopherols\/","og_locale":"fr_FR","og_type":"article","og_title":"M\u00e9lange de tocoph\u00e9rols Gamma E","og_description":"Wij hebben een ruime keuze aan producten van M\u00e9lange de tocoph\u00e9rols Gamma E . Winkel bij Eco Supplements altijd gratis verzending boven 100\u20ac","og_url":"https:\/\/ecosupplements.be\/fr\/produit\/gamma-e-mixed-tocopherols\/","og_site_name":"ECO Supplements","article_modified_time":"2025-08-28T01:13:31+00:00","og_image":[{"width":1024,"height":1024,"url":"https:\/\/ecosupplements.be\/wp-content\/uploads\/2025\/08\/Life-Extension-Gamma-E-mixed-tocopherols.webp","type":"image\/webp"}],"twitter_card":"summary_large_image","twitter_misc":{"Prix":"34.79&nbsp;&euro;","Disponibilit\u00e9":"En stock"},"schema":{"@context":"https:\/\/schema.org","@graph":[{"@type":["WebPage","ItemPage"],"@id":"https:\/\/ecosupplements.be\/fr\/produit\/gamma-e-mixed-tocopherols\/","url":"https:\/\/ecosupplements.be\/fr\/produit\/gamma-e-mixed-tocopherols\/","name":"M\u00e9lange de tocoph\u00e9rols Gamma E - ECO Supplements","isPartOf":{"@id":"https:\/\/ecosupplements.be\/fr\/#website"},"primaryImageOfPage":{"@id":"https:\/\/ecosupplements.be\/fr\/produit\/gamma-e-mixed-tocopherols\/#primaryimage"},"image":{"@id":"https:\/\/ecosupplements.be\/fr\/produit\/gamma-e-mixed-tocopherols\/#primaryimage"},"thumbnailUrl":"https:\/\/ecosupplements.be\/wp-content\/uploads\/2025\/08\/Gamma-E-mixed-tocopherols.webp","datePublished":"2025-07-24T06:30:22+00:00","dateModified":"2025-08-28T01:13:31+00:00","description":"Wij hebben een ruime keuze aan producten van M\u00e9lange de tocoph\u00e9rols Gamma E . Winkel bij Eco Supplements altijd gratis verzending boven 100\u20ac","breadcrumb":{"@id":"https:\/\/ecosupplements.be\/fr\/produit\/gamma-e-mixed-tocopherols\/#breadcrumb"},"inLanguage":"fr-FR","potentialAction":[{"@type":"ReadAction","target":["https:\/\/ecosupplements.be\/fr\/produit\/gamma-e-mixed-tocopherols\/"]}]},{"@type":"ImageObject","inLanguage":"fr-FR","@id":"https:\/\/ecosupplements.be\/fr\/produit\/gamma-e-mixed-tocopherols\/#primaryimage","url":"https:\/\/ecosupplements.be\/wp-content\/uploads\/2025\/08\/Gamma-E-mixed-tocopherols.webp","contentUrl":"https:\/\/ecosupplements.be\/wp-content\/uploads\/2025\/08\/Gamma-E-mixed-tocopherols.webp","width":1024,"height":1024},{"@type":"BreadcrumbList","@id":"https:\/\/ecosupplements.be\/fr\/produit\/gamma-e-mixed-tocopherols\/#breadcrumb","itemListElement":[{"@type":"ListItem","position":1,"name":"Home","item":"https:\/\/ecosupplements.be\/fr\/"},{"@type":"ListItem","position":2,"name":"Boutique","item":"https:\/\/ecosupplements.be\/fr\/boutique\/"},{"@type":"ListItem","position":3,"name":"M\u00e9lange de tocoph\u00e9rols Gamma E"}]},{"@type":"WebSite","@id":"https:\/\/ecosupplements.be\/fr\/#website","url":"https:\/\/ecosupplements.be\/fr\/","name":"ECO Supplements","description":"Eco Supplements - Gezonde supplementen","publisher":{"@id":"https:\/\/ecosupplements.be\/fr\/#organization"},"potentialAction":[{"@type":"SearchAction","target":{"@type":"EntryPoint","urlTemplate":"https:\/\/ecosupplements.be\/fr\/?s={search_term_string}"},"query-input":{"@type":"PropertyValueSpecification","valueRequired":true,"valueName":"search_term_string"}}],"inLanguage":"fr-FR"},{"@type":"Organization","@id":"https:\/\/ecosupplements.be\/fr\/#organization","name":"Eco Supplements","url":"https:\/\/ecosupplements.be\/fr\/","logo":{"@type":"ImageObject","inLanguage":"fr-FR","@id":"https:\/\/ecosupplements.be\/fr\/#\/schema\/logo\/image\/","url":"https:\/\/ecosupplements.be\/wp-content\/uploads\/2022\/06\/ecosupplement-family.png","contentUrl":"https:\/\/ecosupplements.be\/wp-content\/uploads\/2022\/06\/ecosupplement-family.png","width":593,"height":374,"caption":"Eco Supplements"},"image":{"@id":"https:\/\/ecosupplements.be\/fr\/#\/schema\/logo\/image\/"}}]},"product_brand":"Life Extension","product_price_amount":"34.79","product_price_currency":"EUR","og_availability":"instock","product_availability":"instock","product_retailer_item_id":"8719327044759","product_condition":"new"},"_links":{"self":[{"href":"https:\/\/ecosupplements.be\/fr\/wp-json\/wp\/v2\/product\/299131","targetHints":{"allow":["GET"]}}],"collection":[{"href":"https:\/\/ecosupplements.be\/fr\/wp-json\/wp\/v2\/product"}],"about":[{"href":"https:\/\/ecosupplements.be\/fr\/wp-json\/wp\/v2\/types\/product"}],"replies":[{"embeddable":true,"href":"https:\/\/ecosupplements.be\/fr\/wp-json\/wp\/v2\/comments?post=299131"}],"wp:featuredmedia":[{"embeddable":true,"href":"https:\/\/ecosupplements.be\/fr\/wp-json\/wp\/v2\/media\/273277"}],"wp:attachment":[{"href":"https:\/\/ecosupplements.be\/fr\/wp-json\/wp\/v2\/media?parent=299131"}],"wp:term":[{"taxonomy":"product_brand","embeddable":true,"href":"https:\/\/ecosupplements.be\/fr\/wp-json\/wp\/v2\/product_brand?post=299131"},{"taxonomy":"product_cat","embeddable":true,"href":"https:\/\/ecosupplements.be\/fr\/wp-json\/wp\/v2\/product_cat?post=299131"},{"taxonomy":"product_tag","embeddable":true,"href":"https:\/\/ecosupplements.be\/fr\/wp-json\/wp\/v2\/product_tag?post=299131"}],"curies":[{"name":"wp","href":"https:\/\/api.w.org\/{rel}","templated":true}]}}